{"id":40326,"date":"2023-02-22T21:04:12","date_gmt":"2023-02-22T20:04:12","guid":{"rendered":"http:\/\/preprod-dev.sh1.hidora.com\/webshop\/produit\/gummi-fahrerhausmatte-fuer-fiat-ducato-citroen-jumper-peugoet-boxer-230-244-ab-3-1994-6-2006\/"},"modified":"2026-05-10T20:55:55","modified_gmt":"2026-05-10T18:55:55","slug":"gummi-fahrerhausmatte-fuer-fiat-ducato-citroen-jumper-peugoet-boxer-230-244-ab-3-1994-6-2006","status":"publish","type":"product","link":"https:\/\/shop.bantam.ch\/de\/produkt\/gummi-fahrerhausmatte-fuer-fiat-ducato-citroen-jumper-peugoet-boxer-230-244-ab-3-1994-6-2006\/","title":{"rendered":"Fu\u00dfmatte Gummi Fiat Ducato Chassis 230 \/ 244  ab 3 \/ 1994 &#8211; 6 \/ 2006"},"content":{"rendered":"<p>Autoteppiche f\u00fcr das Fahrerhaus verhindern Verschmutzungen und<br \/>Verschlei\u00df der Originalb\u00f6den aus PVC oder wertvollen Veloursteppichen.<br \/>Die Autoteppiche sind leicht herausnehmbar, lassen sich aussch\u00fctteln, absaugen und sogar mit dem Hochdruckreiniger s\u00e4ubern. Bei textilen Fu\u00dfraummatten h\u00e4lt eine rutschfeste, wasserundurchl\u00e4ssige R\u00fcckenbeschichtung Feuchtigkeit und N\u00e4sse fern vom Originalbelag.<\/p>\n<ul>\n<li>Universal Zuschnitt<\/li>\n<li>F\u00fcr B\u00fcrstner Alkoven und Teilintegrierte<\/li>\n<li>F\u00fcr B\u00fcrstner Integrierte ohne Fahrert\u00fcr<\/li>\n<li>F\u00fcr Dethleffs Alkoven und Teilintegrierte<\/li>\n<li>F\u00fcr Dethleffs integrierte Mobile<\/li>\n<li>F\u00fcr Dethleffs Premium Class<\/li>\n<li>F\u00fcr Hymer Alkoven und Teilintegrierte<\/li>\n<li>F\u00fcr Hymer integrierte Mobile<\/li>\n<\/ul>\n<p>\u00a0<\/p>\n","protected":false},"excerpt":{"rendered":"<p>Autoteppiche f\u00fcr das Fahrerhaus verhindern Verschmutzungen undVerschlei\u00df der Originalb\u00f6den aus PVC oder wertvollen Veloursteppichen.Die Autoteppiche sind leicht herausnehmbar, lassen sich aussch\u00fctteln, absaugen und sogar mit dem Hochdruckreiniger s\u00e4ubern. Bei textilen Fu\u00dfraummatten h\u00e4lt eine rutschfeste, wasserundurchl\u00e4ssige R\u00fcckenbeschichtung Feuchtigkeit und N\u00e4sse fern vom Originalbelag. Universal Zuschnitt F\u00fcr B\u00fcrstner Alkoven und Teilintegrierte F\u00fcr B\u00fcrstner Integrierte ohne Fahrert\u00fcr F\u00fcr [&hellip;]<\/p>\n","protected":false},"featured_media":40322,"template":"","meta":{"_acf_changed":false},"product_featured_cat":[],"product_brand":[3317],"product_cat":[4686],"product_tag":[],"class_list":{"0":"post-40326","1":"product","2":"type-product","3":"status-publish","4":"has-post-thumbnail","6":"product_brand-art-de","7":"product_cat-fahrerhausteppiche","9":"first","10":"instock","11":"taxable","12":"shipping-taxable","13":"purchasable","14":"product-type-simple"},"acf":[],"yoast_head":"<!-- This site is optimized with the Yoast SEO plugin v27.5 - https:\/\/yoast.com\/product\/yoast-seo-wordpress\/ -->\n<title>Fu\u00dfmatte Gummi Fiat Ducato Chassis 230 \/ 244 ab 3 \/ 1994 - 6 \/ 2006 - Bantam<\/title>\n<meta name=\"robots\" content=\"index, follow, max-snippet:-1, max-image-preview:large, max-video-preview:-1\" \/>\n<link rel=\"canonical\" href=\"https:\/\/shop.bantam.ch\/de\/produkt\/gummi-fahrerhausmatte-fuer-fiat-ducato-citroen-jumper-peugoet-boxer-230-244-ab-3-1994-6-2006\/\" \/>\n<meta property=\"og:locale\" content=\"de_DE\" \/>\n<meta property=\"og:type\" content=\"article\" \/>\n<meta property=\"og:title\" content=\"Fu\u00dfmatte Gummi Fiat Ducato Chassis 230 \/ 244 ab 3 \/ 1994 - 6 \/ 2006 - Bantam\" \/>\n<meta property=\"og:description\" content=\"Autoteppiche f\u00fcr das Fahrerhaus verhindern Verschmutzungen undVerschlei\u00df der Originalb\u00f6den aus PVC oder wertvollen Veloursteppichen.Die Autoteppiche sind leicht herausnehmbar, lassen sich aussch\u00fctteln, absaugen und sogar mit dem Hochdruckreiniger s\u00e4ubern. Bei textilen Fu\u00dfraummatten h\u00e4lt eine rutschfeste, wasserundurchl\u00e4ssige R\u00fcckenbeschichtung Feuchtigkeit und N\u00e4sse fern vom Originalbelag. Universal Zuschnitt F\u00fcr B\u00fcrstner Alkoven und Teilintegrierte F\u00fcr B\u00fcrstner Integrierte ohne Fahrert\u00fcr F\u00fcr [&hellip;]\" \/>\n<meta property=\"og:url\" content=\"https:\/\/shop.bantam.ch\/de\/produkt\/gummi-fahrerhausmatte-fuer-fiat-ducato-citroen-jumper-peugoet-boxer-230-244-ab-3-1994-6-2006\/\" \/>\n<meta property=\"og:site_name\" content=\"Bantam\" \/>\n<meta property=\"article:modified_time\" content=\"2026-05-10T18:55:55+00:00\" \/>\n<meta property=\"og:image\" content=\"https:\/\/shop.bantam.ch\/wp-content\/uploads\/2023\/02\/99146504031-1.jpg\" \/>\n\t<meta property=\"og:image:width\" content=\"500\" \/>\n\t<meta property=\"og:image:height\" content=\"318\" \/>\n\t<meta property=\"og:image:type\" content=\"image\/jpeg\" \/>\n<meta name=\"twitter:card\" content=\"summary_large_image\" \/>\n<script type=\"application\/ld+json\" class=\"yoast-schema-graph\">{\"@context\":\"https:\\\/\\\/schema.org\",\"@graph\":[{\"@type\":\"WebPage\",\"@id\":\"https:\\\/\\\/shop.bantam.ch\\\/de\\\/produkt\\\/gummi-fahrerhausmatte-fuer-fiat-ducato-citroen-jumper-peugoet-boxer-230-244-ab-3-1994-6-2006\\\/\",\"url\":\"https:\\\/\\\/shop.bantam.ch\\\/de\\\/produkt\\\/gummi-fahrerhausmatte-fuer-fiat-ducato-citroen-jumper-peugoet-boxer-230-244-ab-3-1994-6-2006\\\/\",\"name\":\"Fu\u00dfmatte Gummi Fiat Ducato Chassis 230 \\\/ 244 ab 3 \\\/ 1994 - 6 \\\/ 2006 - Bantam\",\"isPartOf\":{\"@id\":\"https:\\\/\\\/shop.bantam.ch\\\/de\\\/#website\"},\"primaryImageOfPage\":{\"@id\":\"https:\\\/\\\/shop.bantam.ch\\\/de\\\/produkt\\\/gummi-fahrerhausmatte-fuer-fiat-ducato-citroen-jumper-peugoet-boxer-230-244-ab-3-1994-6-2006\\\/#primaryimage\"},\"image\":{\"@id\":\"https:\\\/\\\/shop.bantam.ch\\\/de\\\/produkt\\\/gummi-fahrerhausmatte-fuer-fiat-ducato-citroen-jumper-peugoet-boxer-230-244-ab-3-1994-6-2006\\\/#primaryimage\"},\"thumbnailUrl\":\"https:\\\/\\\/shop.bantam.ch\\\/wp-content\\\/uploads\\\/2023\\\/02\\\/99146504031-1.jpg\",\"datePublished\":\"2023-02-22T20:04:12+00:00\",\"dateModified\":\"2026-05-10T18:55:55+00:00\",\"breadcrumb\":{\"@id\":\"https:\\\/\\\/shop.bantam.ch\\\/de\\\/produkt\\\/gummi-fahrerhausmatte-fuer-fiat-ducato-citroen-jumper-peugoet-boxer-230-244-ab-3-1994-6-2006\\\/#breadcrumb\"},\"inLanguage\":\"de\",\"potentialAction\":[{\"@type\":\"ReadAction\",\"target\":[\"https:\\\/\\\/shop.bantam.ch\\\/de\\\/produkt\\\/gummi-fahrerhausmatte-fuer-fiat-ducato-citroen-jumper-peugoet-boxer-230-244-ab-3-1994-6-2006\\\/\"]}]},{\"@type\":\"ImageObject\",\"inLanguage\":\"de\",\"@id\":\"https:\\\/\\\/shop.bantam.ch\\\/de\\\/produkt\\\/gummi-fahrerhausmatte-fuer-fiat-ducato-citroen-jumper-peugoet-boxer-230-244-ab-3-1994-6-2006\\\/#primaryimage\",\"url\":\"https:\\\/\\\/shop.bantam.ch\\\/wp-content\\\/uploads\\\/2023\\\/02\\\/99146504031-1.jpg\",\"contentUrl\":\"https:\\\/\\\/shop.bantam.ch\\\/wp-content\\\/uploads\\\/2023\\\/02\\\/99146504031-1.jpg\",\"width\":500,\"height\":318},{\"@type\":\"BreadcrumbList\",\"@id\":\"https:\\\/\\\/shop.bantam.ch\\\/de\\\/produkt\\\/gummi-fahrerhausmatte-fuer-fiat-ducato-citroen-jumper-peugoet-boxer-230-244-ab-3-1994-6-2006\\\/#breadcrumb\",\"itemListElement\":[{\"@type\":\"ListItem\",\"position\":1,\"name\":\"Accueil\",\"item\":\"https:\\\/\\\/shop.bantam.ch\\\/de\\\/\"},{\"@type\":\"ListItem\",\"position\":2,\"name\":\"Shop\",\"item\":\"https:\\\/\\\/shop.bantam.ch\\\/de\\\/shop\\\/\"},{\"@type\":\"ListItem\",\"position\":3,\"name\":\"Fu\u00dfmatte Gummi Fiat Ducato Chassis 230 \\\/ 244 ab 3 \\\/ 1994 &#8211; 6 \\\/ 2006\"}]},{\"@type\":\"WebSite\",\"@id\":\"https:\\\/\\\/shop.bantam.ch\\\/de\\\/#website\",\"url\":\"https:\\\/\\\/shop.bantam.ch\\\/de\\\/\",\"name\":\"Bantam\",\"description\":\"\",\"publisher\":{\"@id\":\"https:\\\/\\\/shop.bantam.ch\\\/de\\\/#organization\"},\"inLanguage\":\"de\"},{\"@type\":\"Organization\",\"@id\":\"https:\\\/\\\/shop.bantam.ch\\\/de\\\/#organization\",\"name\":\"Bantam\",\"url\":\"https:\\\/\\\/shop.bantam.ch\\\/de\\\/\",\"logo\":{\"@type\":\"ImageObject\",\"inLanguage\":\"de\",\"@id\":\"https:\\\/\\\/shop.bantam.ch\\\/de\\\/#\\\/schema\\\/logo\\\/image\\\/\",\"url\":\"https:\\\/\\\/shop.bantam.ch\\\/wp-content\\\/uploads\\\/2022\\\/12\\\/bantam-logo.png\",\"contentUrl\":\"https:\\\/\\\/shop.bantam.ch\\\/wp-content\\\/uploads\\\/2022\\\/12\\\/bantam-logo.png\",\"width\":320,\"height\":71,\"caption\":\"Bantam\"},\"image\":{\"@id\":\"https:\\\/\\\/shop.bantam.ch\\\/de\\\/#\\\/schema\\\/logo\\\/image\\\/\"}}]}<\/script>\n<!-- \/ Yoast SEO plugin. -->","yoast_head_json":{"title":"Fu\u00dfmatte Gummi Fiat Ducato Chassis 230 \/ 244 ab 3 \/ 1994 - 6 \/ 2006 - Bantam","robots":{"index":"index","follow":"follow","max-snippet":"max-snippet:-1","max-image-preview":"max-image-preview:large","max-video-preview":"max-video-preview:-1"},"canonical":"https:\/\/shop.bantam.ch\/de\/produkt\/gummi-fahrerhausmatte-fuer-fiat-ducato-citroen-jumper-peugoet-boxer-230-244-ab-3-1994-6-2006\/","og_locale":"de_DE","og_type":"article","og_title":"Fu\u00dfmatte Gummi Fiat Ducato Chassis 230 \/ 244 ab 3 \/ 1994 - 6 \/ 2006 - Bantam","og_description":"Autoteppiche f\u00fcr das Fahrerhaus verhindern Verschmutzungen undVerschlei\u00df der Originalb\u00f6den aus PVC oder wertvollen Veloursteppichen.Die Autoteppiche sind leicht herausnehmbar, lassen sich aussch\u00fctteln, absaugen und sogar mit dem Hochdruckreiniger s\u00e4ubern. Bei textilen Fu\u00dfraummatten h\u00e4lt eine rutschfeste, wasserundurchl\u00e4ssige R\u00fcckenbeschichtung Feuchtigkeit und N\u00e4sse fern vom Originalbelag. Universal Zuschnitt F\u00fcr B\u00fcrstner Alkoven und Teilintegrierte F\u00fcr B\u00fcrstner Integrierte ohne Fahrert\u00fcr F\u00fcr [&hellip;]","og_url":"https:\/\/shop.bantam.ch\/de\/produkt\/gummi-fahrerhausmatte-fuer-fiat-ducato-citroen-jumper-peugoet-boxer-230-244-ab-3-1994-6-2006\/","og_site_name":"Bantam","article_modified_time":"2026-05-10T18:55:55+00:00","og_image":[{"width":500,"height":318,"url":"https:\/\/shop.bantam.ch\/wp-content\/uploads\/2023\/02\/99146504031-1.jpg","type":"image\/jpeg"}],"twitter_card":"summary_large_image","schema":{"@context":"https:\/\/schema.org","@graph":[{"@type":"WebPage","@id":"https:\/\/shop.bantam.ch\/de\/produkt\/gummi-fahrerhausmatte-fuer-fiat-ducato-citroen-jumper-peugoet-boxer-230-244-ab-3-1994-6-2006\/","url":"https:\/\/shop.bantam.ch\/de\/produkt\/gummi-fahrerhausmatte-fuer-fiat-ducato-citroen-jumper-peugoet-boxer-230-244-ab-3-1994-6-2006\/","name":"Fu\u00dfmatte Gummi Fiat Ducato Chassis 230 \/ 244 ab 3 \/ 1994 - 6 \/ 2006 - Bantam","isPartOf":{"@id":"https:\/\/shop.bantam.ch\/de\/#website"},"primaryImageOfPage":{"@id":"https:\/\/shop.bantam.ch\/de\/produkt\/gummi-fahrerhausmatte-fuer-fiat-ducato-citroen-jumper-peugoet-boxer-230-244-ab-3-1994-6-2006\/#primaryimage"},"image":{"@id":"https:\/\/shop.bantam.ch\/de\/produkt\/gummi-fahrerhausmatte-fuer-fiat-ducato-citroen-jumper-peugoet-boxer-230-244-ab-3-1994-6-2006\/#primaryimage"},"thumbnailUrl":"https:\/\/shop.bantam.ch\/wp-content\/uploads\/2023\/02\/99146504031-1.jpg","datePublished":"2023-02-22T20:04:12+00:00","dateModified":"2026-05-10T18:55:55+00:00","breadcrumb":{"@id":"https:\/\/shop.bantam.ch\/de\/produkt\/gummi-fahrerhausmatte-fuer-fiat-ducato-citroen-jumper-peugoet-boxer-230-244-ab-3-1994-6-2006\/#breadcrumb"},"inLanguage":"de","potentialAction":[{"@type":"ReadAction","target":["https:\/\/shop.bantam.ch\/de\/produkt\/gummi-fahrerhausmatte-fuer-fiat-ducato-citroen-jumper-peugoet-boxer-230-244-ab-3-1994-6-2006\/"]}]},{"@type":"ImageObject","inLanguage":"de","@id":"https:\/\/shop.bantam.ch\/de\/produkt\/gummi-fahrerhausmatte-fuer-fiat-ducato-citroen-jumper-peugoet-boxer-230-244-ab-3-1994-6-2006\/#primaryimage","url":"https:\/\/shop.bantam.ch\/wp-content\/uploads\/2023\/02\/99146504031-1.jpg","contentUrl":"https:\/\/shop.bantam.ch\/wp-content\/uploads\/2023\/02\/99146504031-1.jpg","width":500,"height":318},{"@type":"BreadcrumbList","@id":"https:\/\/shop.bantam.ch\/de\/produkt\/gummi-fahrerhausmatte-fuer-fiat-ducato-citroen-jumper-peugoet-boxer-230-244-ab-3-1994-6-2006\/#breadcrumb","itemListElement":[{"@type":"ListItem","position":1,"name":"Accueil","item":"https:\/\/shop.bantam.ch\/de\/"},{"@type":"ListItem","position":2,"name":"Shop","item":"https:\/\/shop.bantam.ch\/de\/shop\/"},{"@type":"ListItem","position":3,"name":"Fu\u00dfmatte Gummi Fiat Ducato Chassis 230 \/ 244 ab 3 \/ 1994 &#8211; 6 \/ 2006"}]},{"@type":"WebSite","@id":"https:\/\/shop.bantam.ch\/de\/#website","url":"https:\/\/shop.bantam.ch\/de\/","name":"Bantam","description":"","publisher":{"@id":"https:\/\/shop.bantam.ch\/de\/#organization"},"inLanguage":"de"},{"@type":"Organization","@id":"https:\/\/shop.bantam.ch\/de\/#organization","name":"Bantam","url":"https:\/\/shop.bantam.ch\/de\/","logo":{"@type":"ImageObject","inLanguage":"de","@id":"https:\/\/shop.bantam.ch\/de\/#\/schema\/logo\/image\/","url":"https:\/\/shop.bantam.ch\/wp-content\/uploads\/2022\/12\/bantam-logo.png","contentUrl":"https:\/\/shop.bantam.ch\/wp-content\/uploads\/2022\/12\/bantam-logo.png","width":320,"height":71,"caption":"Bantam"},"image":{"@id":"https:\/\/shop.bantam.ch\/de\/#\/schema\/logo\/image\/"}}]}},"_links":{"self":[{"href":"https:\/\/shop.bantam.ch\/de\/wp-json\/wp\/v2\/product\/40326","targetHints":{"allow":["GET"]}}],"collection":[{"href":"https:\/\/shop.bantam.ch\/de\/wp-json\/wp\/v2\/product"}],"about":[{"href":"https:\/\/shop.bantam.ch\/de\/wp-json\/wp\/v2\/types\/product"}],"wp:featuredmedia":[{"embeddable":true,"href":"https:\/\/shop.bantam.ch\/de\/wp-json\/wp\/v2\/media\/40322"}],"wp:attachment":[{"href":"https:\/\/shop.bantam.ch\/de\/wp-json\/wp\/v2\/media?parent=40326"}],"wp:term":[{"taxonomy":"product_featured_cat","embeddable":true,"href":"https:\/\/shop.bantam.ch\/de\/wp-json\/wp\/v2\/product_featured_cat?post=40326"},{"taxonomy":"product_brand","embeddable":true,"href":"https:\/\/shop.bantam.ch\/de\/wp-json\/wp\/v2\/product_brand?post=40326"},{"taxonomy":"product_cat","embeddable":true,"href":"https:\/\/shop.bantam.ch\/de\/wp-json\/wp\/v2\/product_cat?post=40326"},{"taxonomy":"product_tag","embeddable":true,"href":"https:\/\/shop.bantam.ch\/de\/wp-json\/wp\/v2\/product_tag?post=40326"}],"curies":[{"name":"wp","href":"https:\/\/api.w.org\/{rel}","templated":true}]}}