{"id":40222,"date":"2023-02-22T21:02:19","date_gmt":"2023-02-22T20:02:19","guid":{"rendered":"http:\/\/preprod-dev.sh1.hidora.com\/webshop\/produit\/fahrradtraeger-caravan-superb-std\/"},"modified":"2026-05-12T20:55:24","modified_gmt":"2026-05-12T18:55:24","slug":"fahrradtraeger-caravan-superb-std","status":"publish","type":"product","link":"https:\/\/shop.bantam.ch\/de\/produkt\/fahrradtraeger-caravan-superb-std\/","title":{"rendered":"Fahrradtr\u00e4ger Thule Caravan Superb &#8211; Std 2 R\u00e4der Traglast 60 kg"},"content":{"rendered":"<p>Der\u00a0Thule Caravan Deichselfahrradtr\u00e4ger in elegantem Design. Entwickelt, um an allen Arten von Caravandeichseln, auch abgedeckten Caravandeichseln, montiert werden zu k\u00f6nnen. Komplett klappbar mit Fahrr\u00e4dern, um an den Bugstauraum zu kommen. Neue innovative Plattformverriegelung. Niedrige Plattform gibt einen besseren Schwerpunkt.\u00a0<\/p>\n<p>Lieferumfang:<br \/>Inklusive zwei abschlie\u00dfbaren Abstandhaltern<\/p>\n<ul>\n<li>F\u00fcr 2 R\u00e4der<\/li>\n<li>Erweiterbar auf 3 R\u00e4der<\/li>\n<li>Traglast pro Schiene 30 kg<\/li>\n<li>F\u00fcr 2 E-Bikes geeignet<\/li>\n<li>Deichselfahrradtr\u00e4ger<\/li>\n<\/ul>\n","protected":false},"excerpt":{"rendered":"<p>Der\u00a0Thule Caravan Deichselfahrradtr\u00e4ger in elegantem Design. Entwickelt, um an allen Arten von Caravandeichseln, auch abgedeckten Caravandeichseln, montiert werden zu k\u00f6nnen. Komplett klappbar mit Fahrr\u00e4dern, um an den Bugstauraum zu kommen. Neue innovative Plattformverriegelung. Niedrige Plattform gibt einen besseren Schwerpunkt.\u00a0 Lieferumfang:Inklusive zwei abschlie\u00dfbaren Abstandhaltern F\u00fcr 2 R\u00e4der Erweiterbar auf 3 R\u00e4der Traglast pro Schiene 30 kg [&hellip;]<\/p>\n","protected":false},"featured_media":40194,"template":"","meta":{"_acf_changed":false},"product_featured_cat":[],"product_brand":[3047],"product_cat":[5138],"product_tag":[],"class_list":{"0":"post-40222","1":"product","2":"type-product","3":"status-publish","4":"has-post-thumbnail","6":"product_brand-thule-de","7":"product_cat-heck-fahrradtraeger","9":"first","10":"instock","11":"taxable","12":"shipping-taxable","13":"purchasable","14":"product-type-simple"},"acf":[],"yoast_head":"<!-- This site is optimized with the Yoast SEO plugin v27.5 - https:\/\/yoast.com\/product\/yoast-seo-wordpress\/ -->\n<title>Fahrradtr\u00e4ger Thule Caravan Superb - Std 2 R\u00e4der Traglast 60 kg - Bantam<\/title>\n<meta name=\"robots\" content=\"index, follow, max-snippet:-1, max-image-preview:large, max-video-preview:-1\" \/>\n<link rel=\"canonical\" href=\"https:\/\/shop.bantam.ch\/de\/produkt\/fahrradtraeger-caravan-superb-std\/\" \/>\n<meta property=\"og:locale\" content=\"de_DE\" \/>\n<meta property=\"og:type\" content=\"article\" \/>\n<meta property=\"og:title\" content=\"Fahrradtr\u00e4ger Thule Caravan Superb - Std 2 R\u00e4der Traglast 60 kg - Bantam\" \/>\n<meta property=\"og:description\" content=\"Der\u00a0Thule Caravan Deichselfahrradtr\u00e4ger in elegantem Design. Entwickelt, um an allen Arten von Caravandeichseln, auch abgedeckten Caravandeichseln, montiert werden zu k\u00f6nnen. Komplett klappbar mit Fahrr\u00e4dern, um an den Bugstauraum zu kommen. Neue innovative Plattformverriegelung. Niedrige Plattform gibt einen besseren Schwerpunkt.\u00a0 Lieferumfang:Inklusive zwei abschlie\u00dfbaren Abstandhaltern F\u00fcr 2 R\u00e4der Erweiterbar auf 3 R\u00e4der Traglast pro Schiene 30 kg [&hellip;]\" \/>\n<meta property=\"og:url\" content=\"https:\/\/shop.bantam.ch\/de\/produkt\/fahrradtraeger-caravan-superb-std\/\" \/>\n<meta property=\"og:site_name\" content=\"Bantam\" \/>\n<meta property=\"article:modified_time\" content=\"2026-05-12T18:55:24+00:00\" \/>\n<meta property=\"og:image\" content=\"https:\/\/shop.bantam.ch\/wp-content\/uploads\/2023\/02\/9913355-Fahrradtraeger_Caravan_Superb-Standard-01-1.jpg\" \/>\n\t<meta property=\"og:image:width\" content=\"1000\" \/>\n\t<meta property=\"og:image:height\" content=\"667\" \/>\n\t<meta property=\"og:image:type\" content=\"image\/jpeg\" \/>\n<meta name=\"twitter:card\" content=\"summary_large_image\" \/>\n<script type=\"application\/ld+json\" class=\"yoast-schema-graph\">{\"@context\":\"https:\\\/\\\/schema.org\",\"@graph\":[{\"@type\":\"WebPage\",\"@id\":\"https:\\\/\\\/shop.bantam.ch\\\/de\\\/produkt\\\/fahrradtraeger-caravan-superb-std\\\/\",\"url\":\"https:\\\/\\\/shop.bantam.ch\\\/de\\\/produkt\\\/fahrradtraeger-caravan-superb-std\\\/\",\"name\":\"Fahrradtr\u00e4ger Thule Caravan Superb - Std 2 R\u00e4der Traglast 60 kg - Bantam\",\"isPartOf\":{\"@id\":\"https:\\\/\\\/shop.bantam.ch\\\/de\\\/#website\"},\"primaryImageOfPage\":{\"@id\":\"https:\\\/\\\/shop.bantam.ch\\\/de\\\/produkt\\\/fahrradtraeger-caravan-superb-std\\\/#primaryimage\"},\"image\":{\"@id\":\"https:\\\/\\\/shop.bantam.ch\\\/de\\\/produkt\\\/fahrradtraeger-caravan-superb-std\\\/#primaryimage\"},\"thumbnailUrl\":\"https:\\\/\\\/shop.bantam.ch\\\/wp-content\\\/uploads\\\/2023\\\/02\\\/9913355-Fahrradtraeger_Caravan_Superb-Standard-01-1.jpg\",\"datePublished\":\"2023-02-22T20:02:19+00:00\",\"dateModified\":\"2026-05-12T18:55:24+00:00\",\"breadcrumb\":{\"@id\":\"https:\\\/\\\/shop.bantam.ch\\\/de\\\/produkt\\\/fahrradtraeger-caravan-superb-std\\\/#breadcrumb\"},\"inLanguage\":\"de\",\"potentialAction\":[{\"@type\":\"ReadAction\",\"target\":[\"https:\\\/\\\/shop.bantam.ch\\\/de\\\/produkt\\\/fahrradtraeger-caravan-superb-std\\\/\"]}]},{\"@type\":\"ImageObject\",\"inLanguage\":\"de\",\"@id\":\"https:\\\/\\\/shop.bantam.ch\\\/de\\\/produkt\\\/fahrradtraeger-caravan-superb-std\\\/#primaryimage\",\"url\":\"https:\\\/\\\/shop.bantam.ch\\\/wp-content\\\/uploads\\\/2023\\\/02\\\/9913355-Fahrradtraeger_Caravan_Superb-Standard-01-1.jpg\",\"contentUrl\":\"https:\\\/\\\/shop.bantam.ch\\\/wp-content\\\/uploads\\\/2023\\\/02\\\/9913355-Fahrradtraeger_Caravan_Superb-Standard-01-1.jpg\",\"width\":1000,\"height\":667},{\"@type\":\"BreadcrumbList\",\"@id\":\"https:\\\/\\\/shop.bantam.ch\\\/de\\\/produkt\\\/fahrradtraeger-caravan-superb-std\\\/#breadcrumb\",\"itemListElement\":[{\"@type\":\"ListItem\",\"position\":1,\"name\":\"Accueil\",\"item\":\"https:\\\/\\\/shop.bantam.ch\\\/de\\\/\"},{\"@type\":\"ListItem\",\"position\":2,\"name\":\"Shop\",\"item\":\"https:\\\/\\\/shop.bantam.ch\\\/de\\\/shop\\\/\"},{\"@type\":\"ListItem\",\"position\":3,\"name\":\"Fahrradtr\u00e4ger Thule Caravan Superb &#8211; Std 2 R\u00e4der Traglast 60 kg\"}]},{\"@type\":\"WebSite\",\"@id\":\"https:\\\/\\\/shop.bantam.ch\\\/de\\\/#website\",\"url\":\"https:\\\/\\\/shop.bantam.ch\\\/de\\\/\",\"name\":\"Bantam\",\"description\":\"\",\"publisher\":{\"@id\":\"https:\\\/\\\/shop.bantam.ch\\\/de\\\/#organization\"},\"inLanguage\":\"de\"},{\"@type\":\"Organization\",\"@id\":\"https:\\\/\\\/shop.bantam.ch\\\/de\\\/#organization\",\"name\":\"Bantam\",\"url\":\"https:\\\/\\\/shop.bantam.ch\\\/de\\\/\",\"logo\":{\"@type\":\"ImageObject\",\"inLanguage\":\"de\",\"@id\":\"https:\\\/\\\/shop.bantam.ch\\\/de\\\/#\\\/schema\\\/logo\\\/image\\\/\",\"url\":\"https:\\\/\\\/shop.bantam.ch\\\/wp-content\\\/uploads\\\/2022\\\/12\\\/bantam-logo.png\",\"contentUrl\":\"https:\\\/\\\/shop.bantam.ch\\\/wp-content\\\/uploads\\\/2022\\\/12\\\/bantam-logo.png\",\"width\":320,\"height\":71,\"caption\":\"Bantam\"},\"image\":{\"@id\":\"https:\\\/\\\/shop.bantam.ch\\\/de\\\/#\\\/schema\\\/logo\\\/image\\\/\"}}]}<\/script>\n<!-- \/ Yoast SEO plugin. -->","yoast_head_json":{"title":"Fahrradtr\u00e4ger Thule Caravan Superb - Std 2 R\u00e4der Traglast 60 kg - Bantam","robots":{"index":"index","follow":"follow","max-snippet":"max-snippet:-1","max-image-preview":"max-image-preview:large","max-video-preview":"max-video-preview:-1"},"canonical":"https:\/\/shop.bantam.ch\/de\/produkt\/fahrradtraeger-caravan-superb-std\/","og_locale":"de_DE","og_type":"article","og_title":"Fahrradtr\u00e4ger Thule Caravan Superb - Std 2 R\u00e4der Traglast 60 kg - Bantam","og_description":"Der\u00a0Thule Caravan Deichselfahrradtr\u00e4ger in elegantem Design. Entwickelt, um an allen Arten von Caravandeichseln, auch abgedeckten Caravandeichseln, montiert werden zu k\u00f6nnen. Komplett klappbar mit Fahrr\u00e4dern, um an den Bugstauraum zu kommen. Neue innovative Plattformverriegelung. Niedrige Plattform gibt einen besseren Schwerpunkt.\u00a0 Lieferumfang:Inklusive zwei abschlie\u00dfbaren Abstandhaltern F\u00fcr 2 R\u00e4der Erweiterbar auf 3 R\u00e4der Traglast pro Schiene 30 kg [&hellip;]","og_url":"https:\/\/shop.bantam.ch\/de\/produkt\/fahrradtraeger-caravan-superb-std\/","og_site_name":"Bantam","article_modified_time":"2026-05-12T18:55:24+00:00","og_image":[{"width":1000,"height":667,"url":"https:\/\/shop.bantam.ch\/wp-content\/uploads\/2023\/02\/9913355-Fahrradtraeger_Caravan_Superb-Standard-01-1.jpg","type":"image\/jpeg"}],"twitter_card":"summary_large_image","schema":{"@context":"https:\/\/schema.org","@graph":[{"@type":"WebPage","@id":"https:\/\/shop.bantam.ch\/de\/produkt\/fahrradtraeger-caravan-superb-std\/","url":"https:\/\/shop.bantam.ch\/de\/produkt\/fahrradtraeger-caravan-superb-std\/","name":"Fahrradtr\u00e4ger Thule Caravan Superb - Std 2 R\u00e4der Traglast 60 kg - Bantam","isPartOf":{"@id":"https:\/\/shop.bantam.ch\/de\/#website"},"primaryImageOfPage":{"@id":"https:\/\/shop.bantam.ch\/de\/produkt\/fahrradtraeger-caravan-superb-std\/#primaryimage"},"image":{"@id":"https:\/\/shop.bantam.ch\/de\/produkt\/fahrradtraeger-caravan-superb-std\/#primaryimage"},"thumbnailUrl":"https:\/\/shop.bantam.ch\/wp-content\/uploads\/2023\/02\/9913355-Fahrradtraeger_Caravan_Superb-Standard-01-1.jpg","datePublished":"2023-02-22T20:02:19+00:00","dateModified":"2026-05-12T18:55:24+00:00","breadcrumb":{"@id":"https:\/\/shop.bantam.ch\/de\/produkt\/fahrradtraeger-caravan-superb-std\/#breadcrumb"},"inLanguage":"de","potentialAction":[{"@type":"ReadAction","target":["https:\/\/shop.bantam.ch\/de\/produkt\/fahrradtraeger-caravan-superb-std\/"]}]},{"@type":"ImageObject","inLanguage":"de","@id":"https:\/\/shop.bantam.ch\/de\/produkt\/fahrradtraeger-caravan-superb-std\/#primaryimage","url":"https:\/\/shop.bantam.ch\/wp-content\/uploads\/2023\/02\/9913355-Fahrradtraeger_Caravan_Superb-Standard-01-1.jpg","contentUrl":"https:\/\/shop.bantam.ch\/wp-content\/uploads\/2023\/02\/9913355-Fahrradtraeger_Caravan_Superb-Standard-01-1.jpg","width":1000,"height":667},{"@type":"BreadcrumbList","@id":"https:\/\/shop.bantam.ch\/de\/produkt\/fahrradtraeger-caravan-superb-std\/#breadcrumb","itemListElement":[{"@type":"ListItem","position":1,"name":"Accueil","item":"https:\/\/shop.bantam.ch\/de\/"},{"@type":"ListItem","position":2,"name":"Shop","item":"https:\/\/shop.bantam.ch\/de\/shop\/"},{"@type":"ListItem","position":3,"name":"Fahrradtr\u00e4ger Thule Caravan Superb &#8211; Std 2 R\u00e4der Traglast 60 kg"}]},{"@type":"WebSite","@id":"https:\/\/shop.bantam.ch\/de\/#website","url":"https:\/\/shop.bantam.ch\/de\/","name":"Bantam","description":"","publisher":{"@id":"https:\/\/shop.bantam.ch\/de\/#organization"},"inLanguage":"de"},{"@type":"Organization","@id":"https:\/\/shop.bantam.ch\/de\/#organization","name":"Bantam","url":"https:\/\/shop.bantam.ch\/de\/","logo":{"@type":"ImageObject","inLanguage":"de","@id":"https:\/\/shop.bantam.ch\/de\/#\/schema\/logo\/image\/","url":"https:\/\/shop.bantam.ch\/wp-content\/uploads\/2022\/12\/bantam-logo.png","contentUrl":"https:\/\/shop.bantam.ch\/wp-content\/uploads\/2022\/12\/bantam-logo.png","width":320,"height":71,"caption":"Bantam"},"image":{"@id":"https:\/\/shop.bantam.ch\/de\/#\/schema\/logo\/image\/"}}]}},"_links":{"self":[{"href":"https:\/\/shop.bantam.ch\/de\/wp-json\/wp\/v2\/product\/40222","targetHints":{"allow":["GET"]}}],"collection":[{"href":"https:\/\/shop.bantam.ch\/de\/wp-json\/wp\/v2\/product"}],"about":[{"href":"https:\/\/shop.bantam.ch\/de\/wp-json\/wp\/v2\/types\/product"}],"wp:featuredmedia":[{"embeddable":true,"href":"https:\/\/shop.bantam.ch\/de\/wp-json\/wp\/v2\/media\/40194"}],"wp:attachment":[{"href":"https:\/\/shop.bantam.ch\/de\/wp-json\/wp\/v2\/media?parent=40222"}],"wp:term":[{"taxonomy":"product_featured_cat","embeddable":true,"href":"https:\/\/shop.bantam.ch\/de\/wp-json\/wp\/v2\/product_featured_cat?post=40222"},{"taxonomy":"product_brand","embeddable":true,"href":"https:\/\/shop.bantam.ch\/de\/wp-json\/wp\/v2\/product_brand?post=40222"},{"taxonomy":"product_cat","embeddable":true,"href":"https:\/\/shop.bantam.ch\/de\/wp-json\/wp\/v2\/product_cat?post=40222"},{"taxonomy":"product_tag","embeddable":true,"href":"https:\/\/shop.bantam.ch\/de\/wp-json\/wp\/v2\/product_tag?post=40222"}],"curies":[{"name":"wp","href":"https:\/\/api.w.org\/{rel}","templated":true}]}}