{"id":40152,"date":"2023-02-22T21:01:20","date_gmt":"2023-02-22T20:01:20","guid":{"rendered":"http:\/\/preprod-dev.sh1.hidora.com\/webshop\/produit\/universalspiegel-universa-iii-light\/"},"modified":"2026-04-18T20:55:50","modified_gmt":"2026-04-18T18:55:50","slug":"universalspiegel-universa-iii-light","status":"publish","type":"product","link":"https:\/\/shop.bantam.ch\/de\/produkt\/universalspiegel-universa-iii-light\/","title":{"rendered":"Universalspiegel Emuk Universa III Light"},"content":{"rendered":"<p>Der Wohnwagenspiegel wird mit zwei Schrauben ohne Werkzeug montiert.<\/p>\n<ul>\n<li>Sehr stabiler Grundk\u00f6rper aus Hochleistungskunststoff<\/li>\n<li>Edelstahlklemmschrauben mit R\u00e4ndelgriff, die in Messingmuttern laufen<\/li>\n<li>2 schwenkbare, mit speziellem Gummi beschichteten (anti-rutsch) Klemmst\u00fccke<\/li>\n<li>2 mm starkes, rostfreies Federedelstahlblech als Gegenlager, ebenfalls mit Spezialgummi beschichtet<\/li>\n<li>aerodynamisches, nach allen Richtungen verstellbarer Spiegelkopf mit gew\u00f6lbten Sicherheits-Spiegelglas<\/li>\n<li>Gerades Aluminiumrohr (dadurch erh\u00f6hte Spiegelkopfposition)<\/li>\n<li>Aluminiumrohr ohne Pulverbeschichtung<\/li>\n<\/ul>\n<p>Lieferumfang:<br \/>Halter rechts und links<br \/>2 Spiegel \u00a0<br \/>Druckst\u00fccke N und NT f\u00fcr Fahrzeuge mit Geh\u00e4usenut<br \/>Montageanleitung<\/p>\n","protected":false},"excerpt":{"rendered":"<p>Der Wohnwagenspiegel wird mit zwei Schrauben ohne Werkzeug montiert. Sehr stabiler Grundk\u00f6rper aus Hochleistungskunststoff Edelstahlklemmschrauben mit R\u00e4ndelgriff, die in Messingmuttern laufen 2 schwenkbare, mit speziellem Gummi beschichteten (anti-rutsch) Klemmst\u00fccke 2 mm starkes, rostfreies Federedelstahlblech als Gegenlager, ebenfalls mit Spezialgummi beschichtet aerodynamisches, nach allen Richtungen verstellbarer Spiegelkopf mit gew\u00f6lbten Sicherheits-Spiegelglas Gerades Aluminiumrohr (dadurch erh\u00f6hte Spiegelkopfposition) Aluminiumrohr [&hellip;]<\/p>\n","protected":false},"featured_media":40150,"template":"","meta":{"_acf_changed":false},"product_featured_cat":[],"product_brand":[3145],"product_cat":[4832],"product_tag":[],"class_list":{"0":"post-40152","1":"product","2":"type-product","3":"status-publish","4":"has-post-thumbnail","6":"product_brand-emuk-de","7":"product_cat-wohnwagenspiegel","9":"first","10":"instock","11":"taxable","12":"shipping-taxable","13":"purchasable","14":"product-type-simple"},"acf":[],"yoast_head":"<!-- This site is optimized with the Yoast SEO plugin v27.4 - https:\/\/yoast.com\/product\/yoast-seo-wordpress\/ -->\n<title>Universalspiegel Emuk Universa III Light - Bantam Camping AG<\/title>\n<meta name=\"robots\" content=\"index, follow, max-snippet:-1, max-image-preview:large, max-video-preview:-1\" \/>\n<link rel=\"canonical\" href=\"https:\/\/shop.bantam.ch\/de\/produkt\/universalspiegel-universa-iii-light\/\" \/>\n<meta property=\"og:locale\" content=\"de_DE\" \/>\n<meta property=\"og:type\" content=\"article\" \/>\n<meta property=\"og:title\" content=\"Universalspiegel Emuk Universa III Light - Bantam Camping AG\" \/>\n<meta property=\"og:description\" content=\"Der Wohnwagenspiegel wird mit zwei Schrauben ohne Werkzeug montiert. Sehr stabiler Grundk\u00f6rper aus Hochleistungskunststoff Edelstahlklemmschrauben mit R\u00e4ndelgriff, die in Messingmuttern laufen 2 schwenkbare, mit speziellem Gummi beschichteten (anti-rutsch) Klemmst\u00fccke 2 mm starkes, rostfreies Federedelstahlblech als Gegenlager, ebenfalls mit Spezialgummi beschichtet aerodynamisches, nach allen Richtungen verstellbarer Spiegelkopf mit gew\u00f6lbten Sicherheits-Spiegelglas Gerades Aluminiumrohr (dadurch erh\u00f6hte Spiegelkopfposition) Aluminiumrohr [&hellip;]\" \/>\n<meta property=\"og:url\" content=\"https:\/\/shop.bantam.ch\/de\/produkt\/universalspiegel-universa-iii-light\/\" \/>\n<meta property=\"og:site_name\" content=\"Bantam Camping AG\" \/>\n<meta property=\"article:modified_time\" content=\"2026-04-18T18:55:50+00:00\" \/>\n<meta property=\"og:image\" content=\"https:\/\/shop.bantam.ch\/wp-content\/uploads\/2023\/02\/9912635-Universalspiegel_III_Light_-_passend_fr_fast_alle_Fahrzeug-_Aussenspiegel-Standard-01-1.jpg\" \/>\n\t<meta property=\"og:image:width\" content=\"1000\" \/>\n\t<meta property=\"og:image:height\" content=\"667\" \/>\n\t<meta property=\"og:image:type\" content=\"image\/jpeg\" \/>\n<meta name=\"twitter:card\" content=\"summary_large_image\" \/>\n<script type=\"application\/ld+json\" class=\"yoast-schema-graph\">{\"@context\":\"https:\\\/\\\/schema.org\",\"@graph\":[{\"@type\":\"WebPage\",\"@id\":\"https:\\\/\\\/shop.bantam.ch\\\/de\\\/produkt\\\/universalspiegel-universa-iii-light\\\/\",\"url\":\"https:\\\/\\\/shop.bantam.ch\\\/de\\\/produkt\\\/universalspiegel-universa-iii-light\\\/\",\"name\":\"Universalspiegel Emuk Universa III Light - Bantam Camping AG\",\"isPartOf\":{\"@id\":\"https:\\\/\\\/shop.bantam.ch\\\/de\\\/#website\"},\"primaryImageOfPage\":{\"@id\":\"https:\\\/\\\/shop.bantam.ch\\\/de\\\/produkt\\\/universalspiegel-universa-iii-light\\\/#primaryimage\"},\"image\":{\"@id\":\"https:\\\/\\\/shop.bantam.ch\\\/de\\\/produkt\\\/universalspiegel-universa-iii-light\\\/#primaryimage\"},\"thumbnailUrl\":\"https:\\\/\\\/shop.bantam.ch\\\/wp-content\\\/uploads\\\/2023\\\/02\\\/9912635-Universalspiegel_III_Light_-_passend_fr_fast_alle_Fahrzeug-_Aussenspiegel-Standard-01-1.jpg\",\"datePublished\":\"2023-02-22T20:01:20+00:00\",\"dateModified\":\"2026-04-18T18:55:50+00:00\",\"breadcrumb\":{\"@id\":\"https:\\\/\\\/shop.bantam.ch\\\/de\\\/produkt\\\/universalspiegel-universa-iii-light\\\/#breadcrumb\"},\"inLanguage\":\"de\",\"potentialAction\":[{\"@type\":\"ReadAction\",\"target\":[\"https:\\\/\\\/shop.bantam.ch\\\/de\\\/produkt\\\/universalspiegel-universa-iii-light\\\/\"]}]},{\"@type\":\"ImageObject\",\"inLanguage\":\"de\",\"@id\":\"https:\\\/\\\/shop.bantam.ch\\\/de\\\/produkt\\\/universalspiegel-universa-iii-light\\\/#primaryimage\",\"url\":\"https:\\\/\\\/shop.bantam.ch\\\/wp-content\\\/uploads\\\/2023\\\/02\\\/9912635-Universalspiegel_III_Light_-_passend_fr_fast_alle_Fahrzeug-_Aussenspiegel-Standard-01-1.jpg\",\"contentUrl\":\"https:\\\/\\\/shop.bantam.ch\\\/wp-content\\\/uploads\\\/2023\\\/02\\\/9912635-Universalspiegel_III_Light_-_passend_fr_fast_alle_Fahrzeug-_Aussenspiegel-Standard-01-1.jpg\",\"width\":1000,\"height\":667},{\"@type\":\"BreadcrumbList\",\"@id\":\"https:\\\/\\\/shop.bantam.ch\\\/de\\\/produkt\\\/universalspiegel-universa-iii-light\\\/#breadcrumb\",\"itemListElement\":[{\"@type\":\"ListItem\",\"position\":1,\"name\":\"Accueil\",\"item\":\"https:\\\/\\\/shop.bantam.ch\\\/de\\\/\"},{\"@type\":\"ListItem\",\"position\":2,\"name\":\"Shop\",\"item\":\"https:\\\/\\\/shop.bantam.ch\\\/de\\\/shop\\\/\"},{\"@type\":\"ListItem\",\"position\":3,\"name\":\"Universalspiegel Emuk Universa III Light\"}]},{\"@type\":\"WebSite\",\"@id\":\"https:\\\/\\\/shop.bantam.ch\\\/de\\\/#website\",\"url\":\"https:\\\/\\\/shop.bantam.ch\\\/de\\\/\",\"name\":\"Bantam Camping AG\",\"description\":\"\",\"publisher\":{\"@id\":\"https:\\\/\\\/shop.bantam.ch\\\/de\\\/#organization\"},\"inLanguage\":\"de\"},{\"@type\":\"Organization\",\"@id\":\"https:\\\/\\\/shop.bantam.ch\\\/de\\\/#organization\",\"name\":\"Bantam Camping AG\",\"url\":\"https:\\\/\\\/shop.bantam.ch\\\/de\\\/\",\"logo\":{\"@type\":\"ImageObject\",\"inLanguage\":\"de\",\"@id\":\"https:\\\/\\\/shop.bantam.ch\\\/de\\\/#\\\/schema\\\/logo\\\/image\\\/\",\"url\":\"https:\\\/\\\/shop.bantam.ch\\\/wp-content\\\/uploads\\\/2022\\\/12\\\/bantam-logo.png\",\"contentUrl\":\"https:\\\/\\\/shop.bantam.ch\\\/wp-content\\\/uploads\\\/2022\\\/12\\\/bantam-logo.png\",\"width\":320,\"height\":71,\"caption\":\"Bantam Camping AG\"},\"image\":{\"@id\":\"https:\\\/\\\/shop.bantam.ch\\\/de\\\/#\\\/schema\\\/logo\\\/image\\\/\"}}]}<\/script>\n<!-- \/ Yoast SEO plugin. -->","yoast_head_json":{"title":"Universalspiegel Emuk Universa III Light - Bantam Camping AG","robots":{"index":"index","follow":"follow","max-snippet":"max-snippet:-1","max-image-preview":"max-image-preview:large","max-video-preview":"max-video-preview:-1"},"canonical":"https:\/\/shop.bantam.ch\/de\/produkt\/universalspiegel-universa-iii-light\/","og_locale":"de_DE","og_type":"article","og_title":"Universalspiegel Emuk Universa III Light - Bantam Camping AG","og_description":"Der Wohnwagenspiegel wird mit zwei Schrauben ohne Werkzeug montiert. Sehr stabiler Grundk\u00f6rper aus Hochleistungskunststoff Edelstahlklemmschrauben mit R\u00e4ndelgriff, die in Messingmuttern laufen 2 schwenkbare, mit speziellem Gummi beschichteten (anti-rutsch) Klemmst\u00fccke 2 mm starkes, rostfreies Federedelstahlblech als Gegenlager, ebenfalls mit Spezialgummi beschichtet aerodynamisches, nach allen Richtungen verstellbarer Spiegelkopf mit gew\u00f6lbten Sicherheits-Spiegelglas Gerades Aluminiumrohr (dadurch erh\u00f6hte Spiegelkopfposition) Aluminiumrohr [&hellip;]","og_url":"https:\/\/shop.bantam.ch\/de\/produkt\/universalspiegel-universa-iii-light\/","og_site_name":"Bantam Camping AG","article_modified_time":"2026-04-18T18:55:50+00:00","og_image":[{"width":1000,"height":667,"url":"https:\/\/shop.bantam.ch\/wp-content\/uploads\/2023\/02\/9912635-Universalspiegel_III_Light_-_passend_fr_fast_alle_Fahrzeug-_Aussenspiegel-Standard-01-1.jpg","type":"image\/jpeg"}],"twitter_card":"summary_large_image","schema":{"@context":"https:\/\/schema.org","@graph":[{"@type":"WebPage","@id":"https:\/\/shop.bantam.ch\/de\/produkt\/universalspiegel-universa-iii-light\/","url":"https:\/\/shop.bantam.ch\/de\/produkt\/universalspiegel-universa-iii-light\/","name":"Universalspiegel Emuk Universa III Light - Bantam Camping AG","isPartOf":{"@id":"https:\/\/shop.bantam.ch\/de\/#website"},"primaryImageOfPage":{"@id":"https:\/\/shop.bantam.ch\/de\/produkt\/universalspiegel-universa-iii-light\/#primaryimage"},"image":{"@id":"https:\/\/shop.bantam.ch\/de\/produkt\/universalspiegel-universa-iii-light\/#primaryimage"},"thumbnailUrl":"https:\/\/shop.bantam.ch\/wp-content\/uploads\/2023\/02\/9912635-Universalspiegel_III_Light_-_passend_fr_fast_alle_Fahrzeug-_Aussenspiegel-Standard-01-1.jpg","datePublished":"2023-02-22T20:01:20+00:00","dateModified":"2026-04-18T18:55:50+00:00","breadcrumb":{"@id":"https:\/\/shop.bantam.ch\/de\/produkt\/universalspiegel-universa-iii-light\/#breadcrumb"},"inLanguage":"de","potentialAction":[{"@type":"ReadAction","target":["https:\/\/shop.bantam.ch\/de\/produkt\/universalspiegel-universa-iii-light\/"]}]},{"@type":"ImageObject","inLanguage":"de","@id":"https:\/\/shop.bantam.ch\/de\/produkt\/universalspiegel-universa-iii-light\/#primaryimage","url":"https:\/\/shop.bantam.ch\/wp-content\/uploads\/2023\/02\/9912635-Universalspiegel_III_Light_-_passend_fr_fast_alle_Fahrzeug-_Aussenspiegel-Standard-01-1.jpg","contentUrl":"https:\/\/shop.bantam.ch\/wp-content\/uploads\/2023\/02\/9912635-Universalspiegel_III_Light_-_passend_fr_fast_alle_Fahrzeug-_Aussenspiegel-Standard-01-1.jpg","width":1000,"height":667},{"@type":"BreadcrumbList","@id":"https:\/\/shop.bantam.ch\/de\/produkt\/universalspiegel-universa-iii-light\/#breadcrumb","itemListElement":[{"@type":"ListItem","position":1,"name":"Accueil","item":"https:\/\/shop.bantam.ch\/de\/"},{"@type":"ListItem","position":2,"name":"Shop","item":"https:\/\/shop.bantam.ch\/de\/shop\/"},{"@type":"ListItem","position":3,"name":"Universalspiegel Emuk Universa III Light"}]},{"@type":"WebSite","@id":"https:\/\/shop.bantam.ch\/de\/#website","url":"https:\/\/shop.bantam.ch\/de\/","name":"Bantam Camping AG","description":"","publisher":{"@id":"https:\/\/shop.bantam.ch\/de\/#organization"},"inLanguage":"de"},{"@type":"Organization","@id":"https:\/\/shop.bantam.ch\/de\/#organization","name":"Bantam Camping AG","url":"https:\/\/shop.bantam.ch\/de\/","logo":{"@type":"ImageObject","inLanguage":"de","@id":"https:\/\/shop.bantam.ch\/de\/#\/schema\/logo\/image\/","url":"https:\/\/shop.bantam.ch\/wp-content\/uploads\/2022\/12\/bantam-logo.png","contentUrl":"https:\/\/shop.bantam.ch\/wp-content\/uploads\/2022\/12\/bantam-logo.png","width":320,"height":71,"caption":"Bantam Camping AG"},"image":{"@id":"https:\/\/shop.bantam.ch\/de\/#\/schema\/logo\/image\/"}}]}},"_links":{"self":[{"href":"https:\/\/shop.bantam.ch\/de\/wp-json\/wp\/v2\/product\/40152","targetHints":{"allow":["GET"]}}],"collection":[{"href":"https:\/\/shop.bantam.ch\/de\/wp-json\/wp\/v2\/product"}],"about":[{"href":"https:\/\/shop.bantam.ch\/de\/wp-json\/wp\/v2\/types\/product"}],"wp:featuredmedia":[{"embeddable":true,"href":"https:\/\/shop.bantam.ch\/de\/wp-json\/wp\/v2\/media\/40150"}],"wp:attachment":[{"href":"https:\/\/shop.bantam.ch\/de\/wp-json\/wp\/v2\/media?parent=40152"}],"wp:term":[{"taxonomy":"product_featured_cat","embeddable":true,"href":"https:\/\/shop.bantam.ch\/de\/wp-json\/wp\/v2\/product_featured_cat?post=40152"},{"taxonomy":"product_brand","embeddable":true,"href":"https:\/\/shop.bantam.ch\/de\/wp-json\/wp\/v2\/product_brand?post=40152"},{"taxonomy":"product_cat","embeddable":true,"href":"https:\/\/shop.bantam.ch\/de\/wp-json\/wp\/v2\/product_cat?post=40152"},{"taxonomy":"product_tag","embeddable":true,"href":"https:\/\/shop.bantam.ch\/de\/wp-json\/wp\/v2\/product_tag?post=40152"}],"curies":[{"name":"wp","href":"https:\/\/api.w.org\/{rel}","templated":true}]}}