{"id":39874,"date":"2023-02-22T20:56:34","date_gmt":"2023-02-22T19:56:34","guid":{"rendered":"http:\/\/preprod-dev.sh1.hidora.com\/webshop\/produit\/smartphone-tasche\/"},"modified":"2026-04-21T20:55:37","modified_gmt":"2026-04-21T18:55:37","slug":"smartphone-tasche","status":"publish","type":"product","link":"https:\/\/shop.bantam.ch\/de\/produkt\/smartphone-tasche\/","title":{"rendered":"Smartphone Tasche Easy Camp wasserdicht"},"content":{"rendered":"<p>Sch\u00fctzt das Smartphone vor Wasser und Staub. Der Touchscreen l\u00e4sst sich auch bedienen, wenn das Ger\u00e4t in der Tasche steckt. Das Smartphone muss zum Telefonieren nicht herausgenommen werden. Die Tasche ist wasserdicht bis 1 Meter.<\/p>\n","protected":false},"excerpt":{"rendered":"<p>Sch\u00fctzt das Smartphone vor Wasser und Staub. Der Touchscreen l\u00e4sst sich auch bedienen, wenn das Ger\u00e4t in der Tasche steckt. Das Smartphone muss zum Telefonieren nicht herausgenommen werden. Die Tasche ist wasserdicht bis 1 Meter.<\/p>\n","protected":false},"featured_media":39872,"template":"","meta":{"_acf_changed":false},"product_featured_cat":[],"product_brand":[3309],"product_cat":[4450],"product_tag":[],"class_list":{"0":"post-39874","1":"product","2":"type-product","3":"status-publish","4":"has-post-thumbnail","6":"product_brand-easy-camp-de","7":"product_cat-zubehoer-fuer-rucksaecke-taschen","9":"first","10":"instock","11":"taxable","12":"shipping-taxable","13":"purchasable","14":"product-type-simple"},"acf":[],"yoast_head":"<!-- This site is optimized with the Yoast SEO plugin v27.4 - https:\/\/yoast.com\/product\/yoast-seo-wordpress\/ -->\n<title>Smartphone Tasche Easy Camp wasserdicht - Bantam Camping AG<\/title>\n<meta name=\"robots\" content=\"index, follow, max-snippet:-1, max-image-preview:large, max-video-preview:-1\" \/>\n<link rel=\"canonical\" href=\"https:\/\/shop.bantam.ch\/de\/produkt\/smartphone-tasche\/\" \/>\n<meta property=\"og:locale\" content=\"de_DE\" \/>\n<meta property=\"og:type\" content=\"article\" \/>\n<meta property=\"og:title\" content=\"Smartphone Tasche Easy Camp wasserdicht - Bantam Camping AG\" \/>\n<meta property=\"og:description\" content=\"Sch\u00fctzt das Smartphone vor Wasser und Staub. Der Touchscreen l\u00e4sst sich auch bedienen, wenn das Ger\u00e4t in der Tasche steckt. Das Smartphone muss zum Telefonieren nicht herausgenommen werden. Die Tasche ist wasserdicht bis 1 Meter.\" \/>\n<meta property=\"og:url\" content=\"https:\/\/shop.bantam.ch\/de\/produkt\/smartphone-tasche\/\" \/>\n<meta property=\"og:site_name\" content=\"Bantam Camping AG\" \/>\n<meta property=\"article:modified_time\" content=\"2026-04-21T18:55:37+00:00\" \/>\n<meta property=\"og:image\" content=\"https:\/\/shop.bantam.ch\/wp-content\/uploads\/2023\/02\/9916561-Easy_Camp_Smartphone_Case_wasserdichte_Smartphone-_tasche-Standard-01-1.jpg\" \/>\n\t<meta property=\"og:image:width\" content=\"1000\" \/>\n\t<meta property=\"og:image:height\" content=\"563\" \/>\n\t<meta property=\"og:image:type\" content=\"image\/jpeg\" \/>\n<meta name=\"twitter:card\" content=\"summary_large_image\" \/>\n<script type=\"application\/ld+json\" class=\"yoast-schema-graph\">{\"@context\":\"https:\\\/\\\/schema.org\",\"@graph\":[{\"@type\":\"WebPage\",\"@id\":\"https:\\\/\\\/shop.bantam.ch\\\/de\\\/produkt\\\/smartphone-tasche\\\/\",\"url\":\"https:\\\/\\\/shop.bantam.ch\\\/de\\\/produkt\\\/smartphone-tasche\\\/\",\"name\":\"Smartphone Tasche Easy Camp wasserdicht - Bantam Camping AG\",\"isPartOf\":{\"@id\":\"https:\\\/\\\/shop.bantam.ch\\\/de\\\/#website\"},\"primaryImageOfPage\":{\"@id\":\"https:\\\/\\\/shop.bantam.ch\\\/de\\\/produkt\\\/smartphone-tasche\\\/#primaryimage\"},\"image\":{\"@id\":\"https:\\\/\\\/shop.bantam.ch\\\/de\\\/produkt\\\/smartphone-tasche\\\/#primaryimage\"},\"thumbnailUrl\":\"https:\\\/\\\/shop.bantam.ch\\\/wp-content\\\/uploads\\\/2023\\\/02\\\/9916561-Easy_Camp_Smartphone_Case_wasserdichte_Smartphone-_tasche-Standard-01-1.jpg\",\"datePublished\":\"2023-02-22T19:56:34+00:00\",\"dateModified\":\"2026-04-21T18:55:37+00:00\",\"breadcrumb\":{\"@id\":\"https:\\\/\\\/shop.bantam.ch\\\/de\\\/produkt\\\/smartphone-tasche\\\/#breadcrumb\"},\"inLanguage\":\"de\",\"potentialAction\":[{\"@type\":\"ReadAction\",\"target\":[\"https:\\\/\\\/shop.bantam.ch\\\/de\\\/produkt\\\/smartphone-tasche\\\/\"]}]},{\"@type\":\"ImageObject\",\"inLanguage\":\"de\",\"@id\":\"https:\\\/\\\/shop.bantam.ch\\\/de\\\/produkt\\\/smartphone-tasche\\\/#primaryimage\",\"url\":\"https:\\\/\\\/shop.bantam.ch\\\/wp-content\\\/uploads\\\/2023\\\/02\\\/9916561-Easy_Camp_Smartphone_Case_wasserdichte_Smartphone-_tasche-Standard-01-1.jpg\",\"contentUrl\":\"https:\\\/\\\/shop.bantam.ch\\\/wp-content\\\/uploads\\\/2023\\\/02\\\/9916561-Easy_Camp_Smartphone_Case_wasserdichte_Smartphone-_tasche-Standard-01-1.jpg\",\"width\":1000,\"height\":563},{\"@type\":\"BreadcrumbList\",\"@id\":\"https:\\\/\\\/shop.bantam.ch\\\/de\\\/produkt\\\/smartphone-tasche\\\/#breadcrumb\",\"itemListElement\":[{\"@type\":\"ListItem\",\"position\":1,\"name\":\"Accueil\",\"item\":\"https:\\\/\\\/shop.bantam.ch\\\/de\\\/\"},{\"@type\":\"ListItem\",\"position\":2,\"name\":\"Shop\",\"item\":\"https:\\\/\\\/shop.bantam.ch\\\/de\\\/shop\\\/\"},{\"@type\":\"ListItem\",\"position\":3,\"name\":\"Smartphone Tasche Easy Camp wasserdicht\"}]},{\"@type\":\"WebSite\",\"@id\":\"https:\\\/\\\/shop.bantam.ch\\\/de\\\/#website\",\"url\":\"https:\\\/\\\/shop.bantam.ch\\\/de\\\/\",\"name\":\"Bantam Camping AG\",\"description\":\"\",\"publisher\":{\"@id\":\"https:\\\/\\\/shop.bantam.ch\\\/de\\\/#organization\"},\"inLanguage\":\"de\"},{\"@type\":\"Organization\",\"@id\":\"https:\\\/\\\/shop.bantam.ch\\\/de\\\/#organization\",\"name\":\"Bantam Camping AG\",\"url\":\"https:\\\/\\\/shop.bantam.ch\\\/de\\\/\",\"logo\":{\"@type\":\"ImageObject\",\"inLanguage\":\"de\",\"@id\":\"https:\\\/\\\/shop.bantam.ch\\\/de\\\/#\\\/schema\\\/logo\\\/image\\\/\",\"url\":\"https:\\\/\\\/shop.bantam.ch\\\/wp-content\\\/uploads\\\/2022\\\/12\\\/bantam-logo.png\",\"contentUrl\":\"https:\\\/\\\/shop.bantam.ch\\\/wp-content\\\/uploads\\\/2022\\\/12\\\/bantam-logo.png\",\"width\":320,\"height\":71,\"caption\":\"Bantam Camping AG\"},\"image\":{\"@id\":\"https:\\\/\\\/shop.bantam.ch\\\/de\\\/#\\\/schema\\\/logo\\\/image\\\/\"}}]}<\/script>\n<!-- \/ Yoast SEO plugin. -->","yoast_head_json":{"title":"Smartphone Tasche Easy Camp wasserdicht - Bantam Camping AG","robots":{"index":"index","follow":"follow","max-snippet":"max-snippet:-1","max-image-preview":"max-image-preview:large","max-video-preview":"max-video-preview:-1"},"canonical":"https:\/\/shop.bantam.ch\/de\/produkt\/smartphone-tasche\/","og_locale":"de_DE","og_type":"article","og_title":"Smartphone Tasche Easy Camp wasserdicht - Bantam Camping AG","og_description":"Sch\u00fctzt das Smartphone vor Wasser und Staub. Der Touchscreen l\u00e4sst sich auch bedienen, wenn das Ger\u00e4t in der Tasche steckt. Das Smartphone muss zum Telefonieren nicht herausgenommen werden. Die Tasche ist wasserdicht bis 1 Meter.","og_url":"https:\/\/shop.bantam.ch\/de\/produkt\/smartphone-tasche\/","og_site_name":"Bantam Camping AG","article_modified_time":"2026-04-21T18:55:37+00:00","og_image":[{"width":1000,"height":563,"url":"https:\/\/shop.bantam.ch\/wp-content\/uploads\/2023\/02\/9916561-Easy_Camp_Smartphone_Case_wasserdichte_Smartphone-_tasche-Standard-01-1.jpg","type":"image\/jpeg"}],"twitter_card":"summary_large_image","schema":{"@context":"https:\/\/schema.org","@graph":[{"@type":"WebPage","@id":"https:\/\/shop.bantam.ch\/de\/produkt\/smartphone-tasche\/","url":"https:\/\/shop.bantam.ch\/de\/produkt\/smartphone-tasche\/","name":"Smartphone Tasche Easy Camp wasserdicht - Bantam Camping AG","isPartOf":{"@id":"https:\/\/shop.bantam.ch\/de\/#website"},"primaryImageOfPage":{"@id":"https:\/\/shop.bantam.ch\/de\/produkt\/smartphone-tasche\/#primaryimage"},"image":{"@id":"https:\/\/shop.bantam.ch\/de\/produkt\/smartphone-tasche\/#primaryimage"},"thumbnailUrl":"https:\/\/shop.bantam.ch\/wp-content\/uploads\/2023\/02\/9916561-Easy_Camp_Smartphone_Case_wasserdichte_Smartphone-_tasche-Standard-01-1.jpg","datePublished":"2023-02-22T19:56:34+00:00","dateModified":"2026-04-21T18:55:37+00:00","breadcrumb":{"@id":"https:\/\/shop.bantam.ch\/de\/produkt\/smartphone-tasche\/#breadcrumb"},"inLanguage":"de","potentialAction":[{"@type":"ReadAction","target":["https:\/\/shop.bantam.ch\/de\/produkt\/smartphone-tasche\/"]}]},{"@type":"ImageObject","inLanguage":"de","@id":"https:\/\/shop.bantam.ch\/de\/produkt\/smartphone-tasche\/#primaryimage","url":"https:\/\/shop.bantam.ch\/wp-content\/uploads\/2023\/02\/9916561-Easy_Camp_Smartphone_Case_wasserdichte_Smartphone-_tasche-Standard-01-1.jpg","contentUrl":"https:\/\/shop.bantam.ch\/wp-content\/uploads\/2023\/02\/9916561-Easy_Camp_Smartphone_Case_wasserdichte_Smartphone-_tasche-Standard-01-1.jpg","width":1000,"height":563},{"@type":"BreadcrumbList","@id":"https:\/\/shop.bantam.ch\/de\/produkt\/smartphone-tasche\/#breadcrumb","itemListElement":[{"@type":"ListItem","position":1,"name":"Accueil","item":"https:\/\/shop.bantam.ch\/de\/"},{"@type":"ListItem","position":2,"name":"Shop","item":"https:\/\/shop.bantam.ch\/de\/shop\/"},{"@type":"ListItem","position":3,"name":"Smartphone Tasche Easy Camp wasserdicht"}]},{"@type":"WebSite","@id":"https:\/\/shop.bantam.ch\/de\/#website","url":"https:\/\/shop.bantam.ch\/de\/","name":"Bantam Camping AG","description":"","publisher":{"@id":"https:\/\/shop.bantam.ch\/de\/#organization"},"inLanguage":"de"},{"@type":"Organization","@id":"https:\/\/shop.bantam.ch\/de\/#organization","name":"Bantam Camping AG","url":"https:\/\/shop.bantam.ch\/de\/","logo":{"@type":"ImageObject","inLanguage":"de","@id":"https:\/\/shop.bantam.ch\/de\/#\/schema\/logo\/image\/","url":"https:\/\/shop.bantam.ch\/wp-content\/uploads\/2022\/12\/bantam-logo.png","contentUrl":"https:\/\/shop.bantam.ch\/wp-content\/uploads\/2022\/12\/bantam-logo.png","width":320,"height":71,"caption":"Bantam Camping AG"},"image":{"@id":"https:\/\/shop.bantam.ch\/de\/#\/schema\/logo\/image\/"}}]}},"_links":{"self":[{"href":"https:\/\/shop.bantam.ch\/de\/wp-json\/wp\/v2\/product\/39874","targetHints":{"allow":["GET"]}}],"collection":[{"href":"https:\/\/shop.bantam.ch\/de\/wp-json\/wp\/v2\/product"}],"about":[{"href":"https:\/\/shop.bantam.ch\/de\/wp-json\/wp\/v2\/types\/product"}],"wp:featuredmedia":[{"embeddable":true,"href":"https:\/\/shop.bantam.ch\/de\/wp-json\/wp\/v2\/media\/39872"}],"wp:attachment":[{"href":"https:\/\/shop.bantam.ch\/de\/wp-json\/wp\/v2\/media?parent=39874"}],"wp:term":[{"taxonomy":"product_featured_cat","embeddable":true,"href":"https:\/\/shop.bantam.ch\/de\/wp-json\/wp\/v2\/product_featured_cat?post=39874"},{"taxonomy":"product_brand","embeddable":true,"href":"https:\/\/shop.bantam.ch\/de\/wp-json\/wp\/v2\/product_brand?post=39874"},{"taxonomy":"product_cat","embeddable":true,"href":"https:\/\/shop.bantam.ch\/de\/wp-json\/wp\/v2\/product_cat?post=39874"},{"taxonomy":"product_tag","embeddable":true,"href":"https:\/\/shop.bantam.ch\/de\/wp-json\/wp\/v2\/product_tag?post=39874"}],"curies":[{"name":"wp","href":"https:\/\/api.w.org\/{rel}","templated":true}]}}