{"id":39796,"date":"2023-02-22T20:55:17","date_gmt":"2023-02-22T19:55:17","guid":{"rendered":"http:\/\/preprod-dev.sh1.hidora.com\/webshop\/produit\/bambustisch-kimberly\/"},"modified":"2026-05-05T20:54:38","modified_gmt":"2026-05-05T18:54:38","slug":"bambustisch-kimberly","status":"publish","type":"product","link":"https:\/\/shop.bantam.ch\/de\/produkt\/bambustisch-kimberly\/","title":{"rendered":"Bambustisch Outwell Kimberly Alu Farbe braun"},"content":{"rendered":"<p>Kimberley ist ein strapazierf\u00e4higer, sch\u00f6ner und umweltfreundlicher Tisch aus Bambus. Kimberley ist ideal f\u00fcr Camper, die einen stilvollen Tisch mit modernem Design und Komfort, gefertigt aus langlebigen Materialien, wollen.<\/p>\n<ul>\n<li>Sekundenschneller Auf- und Abbau<\/li>\n<li>Praktische Griffe erm\u00f6glichen bequemen Transport<\/li>\n<li>F\u00fcr kurze Dauer wetterbest\u00e4ndig<\/li>\n<\/ul>\n<p>Material:<br \/>Bambus-Tischplatte<br \/>Aluminium-Untergestell<\/p>\n","protected":false},"excerpt":{"rendered":"<p>Kimberley ist ein strapazierf\u00e4higer, sch\u00f6ner und umweltfreundlicher Tisch aus Bambus. Kimberley ist ideal f\u00fcr Camper, die einen stilvollen Tisch mit modernem Design und Komfort, gefertigt aus langlebigen Materialien, wollen. Sekundenschneller Auf- und Abbau Praktische Griffe erm\u00f6glichen bequemen Transport F\u00fcr kurze Dauer wetterbest\u00e4ndig Material:Bambus-TischplatteAluminium-Untergestell<\/p>\n","protected":false},"featured_media":39792,"template":"","meta":{"_acf_changed":false},"product_featured_cat":[],"product_brand":[3297],"product_cat":[4054],"product_tag":[],"class_list":{"0":"post-39796","1":"product","2":"type-product","3":"status-publish","4":"has-post-thumbnail","6":"product_brand-outwell-de","7":"product_cat-campingtische","9":"first","10":"instock","11":"taxable","12":"shipping-taxable","13":"purchasable","14":"product-type-simple"},"acf":[],"yoast_head":"<!-- This site is optimized with the Yoast SEO plugin v27.5 - https:\/\/yoast.com\/product\/yoast-seo-wordpress\/ -->\n<title>Bambustisch Outwell Kimberly Alu Farbe braun - Bantam<\/title>\n<meta name=\"robots\" content=\"index, follow, max-snippet:-1, max-image-preview:large, max-video-preview:-1\" \/>\n<link rel=\"canonical\" href=\"https:\/\/shop.bantam.ch\/de\/produkt\/bambustisch-kimberly\/\" \/>\n<meta property=\"og:locale\" content=\"de_DE\" \/>\n<meta property=\"og:type\" content=\"article\" \/>\n<meta property=\"og:title\" content=\"Bambustisch Outwell Kimberly Alu Farbe braun - Bantam\" \/>\n<meta property=\"og:description\" content=\"Kimberley ist ein strapazierf\u00e4higer, sch\u00f6ner und umweltfreundlicher Tisch aus Bambus. Kimberley ist ideal f\u00fcr Camper, die einen stilvollen Tisch mit modernem Design und Komfort, gefertigt aus langlebigen Materialien, wollen. Sekundenschneller Auf- und Abbau Praktische Griffe erm\u00f6glichen bequemen Transport F\u00fcr kurze Dauer wetterbest\u00e4ndig Material:Bambus-TischplatteAluminium-Untergestell\" \/>\n<meta property=\"og:url\" content=\"https:\/\/shop.bantam.ch\/de\/produkt\/bambustisch-kimberly\/\" \/>\n<meta property=\"og:site_name\" content=\"Bantam\" \/>\n<meta property=\"article:modified_time\" content=\"2026-05-05T18:54:38+00:00\" \/>\n<meta property=\"og:image\" content=\"https:\/\/shop.bantam.ch\/wp-content\/uploads\/2023\/02\/9916534-Bambustisch_Kimberly_65_x_65_x_40_cm_open_size_Farbe_braun-Standard-01-1.jpg\" \/>\n\t<meta property=\"og:image:width\" content=\"1000\" \/>\n\t<meta property=\"og:image:height\" content=\"564\" \/>\n\t<meta property=\"og:image:type\" content=\"image\/jpeg\" \/>\n<meta name=\"twitter:card\" content=\"summary_large_image\" \/>\n<script type=\"application\/ld+json\" class=\"yoast-schema-graph\">{\"@context\":\"https:\\\/\\\/schema.org\",\"@graph\":[{\"@type\":\"WebPage\",\"@id\":\"https:\\\/\\\/shop.bantam.ch\\\/de\\\/produkt\\\/bambustisch-kimberly\\\/\",\"url\":\"https:\\\/\\\/shop.bantam.ch\\\/de\\\/produkt\\\/bambustisch-kimberly\\\/\",\"name\":\"Bambustisch Outwell Kimberly Alu Farbe braun - Bantam\",\"isPartOf\":{\"@id\":\"https:\\\/\\\/shop.bantam.ch\\\/de\\\/#website\"},\"primaryImageOfPage\":{\"@id\":\"https:\\\/\\\/shop.bantam.ch\\\/de\\\/produkt\\\/bambustisch-kimberly\\\/#primaryimage\"},\"image\":{\"@id\":\"https:\\\/\\\/shop.bantam.ch\\\/de\\\/produkt\\\/bambustisch-kimberly\\\/#primaryimage\"},\"thumbnailUrl\":\"https:\\\/\\\/shop.bantam.ch\\\/wp-content\\\/uploads\\\/2023\\\/02\\\/9916534-Bambustisch_Kimberly_65_x_65_x_40_cm_open_size_Farbe_braun-Standard-01-1.jpg\",\"datePublished\":\"2023-02-22T19:55:17+00:00\",\"dateModified\":\"2026-05-05T18:54:38+00:00\",\"breadcrumb\":{\"@id\":\"https:\\\/\\\/shop.bantam.ch\\\/de\\\/produkt\\\/bambustisch-kimberly\\\/#breadcrumb\"},\"inLanguage\":\"de\",\"potentialAction\":[{\"@type\":\"ReadAction\",\"target\":[\"https:\\\/\\\/shop.bantam.ch\\\/de\\\/produkt\\\/bambustisch-kimberly\\\/\"]}]},{\"@type\":\"ImageObject\",\"inLanguage\":\"de\",\"@id\":\"https:\\\/\\\/shop.bantam.ch\\\/de\\\/produkt\\\/bambustisch-kimberly\\\/#primaryimage\",\"url\":\"https:\\\/\\\/shop.bantam.ch\\\/wp-content\\\/uploads\\\/2023\\\/02\\\/9916534-Bambustisch_Kimberly_65_x_65_x_40_cm_open_size_Farbe_braun-Standard-01-1.jpg\",\"contentUrl\":\"https:\\\/\\\/shop.bantam.ch\\\/wp-content\\\/uploads\\\/2023\\\/02\\\/9916534-Bambustisch_Kimberly_65_x_65_x_40_cm_open_size_Farbe_braun-Standard-01-1.jpg\",\"width\":1000,\"height\":564},{\"@type\":\"BreadcrumbList\",\"@id\":\"https:\\\/\\\/shop.bantam.ch\\\/de\\\/produkt\\\/bambustisch-kimberly\\\/#breadcrumb\",\"itemListElement\":[{\"@type\":\"ListItem\",\"position\":1,\"name\":\"Accueil\",\"item\":\"https:\\\/\\\/shop.bantam.ch\\\/de\\\/\"},{\"@type\":\"ListItem\",\"position\":2,\"name\":\"Shop\",\"item\":\"https:\\\/\\\/shop.bantam.ch\\\/de\\\/shop\\\/\"},{\"@type\":\"ListItem\",\"position\":3,\"name\":\"Bambustisch Outwell Kimberly Alu Farbe braun\"}]},{\"@type\":\"WebSite\",\"@id\":\"https:\\\/\\\/shop.bantam.ch\\\/de\\\/#website\",\"url\":\"https:\\\/\\\/shop.bantam.ch\\\/de\\\/\",\"name\":\"Bantam\",\"description\":\"\",\"publisher\":{\"@id\":\"https:\\\/\\\/shop.bantam.ch\\\/de\\\/#organization\"},\"inLanguage\":\"de\"},{\"@type\":\"Organization\",\"@id\":\"https:\\\/\\\/shop.bantam.ch\\\/de\\\/#organization\",\"name\":\"Bantam\",\"url\":\"https:\\\/\\\/shop.bantam.ch\\\/de\\\/\",\"logo\":{\"@type\":\"ImageObject\",\"inLanguage\":\"de\",\"@id\":\"https:\\\/\\\/shop.bantam.ch\\\/de\\\/#\\\/schema\\\/logo\\\/image\\\/\",\"url\":\"https:\\\/\\\/shop.bantam.ch\\\/wp-content\\\/uploads\\\/2022\\\/12\\\/bantam-logo.png\",\"contentUrl\":\"https:\\\/\\\/shop.bantam.ch\\\/wp-content\\\/uploads\\\/2022\\\/12\\\/bantam-logo.png\",\"width\":320,\"height\":71,\"caption\":\"Bantam\"},\"image\":{\"@id\":\"https:\\\/\\\/shop.bantam.ch\\\/de\\\/#\\\/schema\\\/logo\\\/image\\\/\"}}]}<\/script>\n<!-- \/ Yoast SEO plugin. -->","yoast_head_json":{"title":"Bambustisch Outwell Kimberly Alu Farbe braun - Bantam","robots":{"index":"index","follow":"follow","max-snippet":"max-snippet:-1","max-image-preview":"max-image-preview:large","max-video-preview":"max-video-preview:-1"},"canonical":"https:\/\/shop.bantam.ch\/de\/produkt\/bambustisch-kimberly\/","og_locale":"de_DE","og_type":"article","og_title":"Bambustisch Outwell Kimberly Alu Farbe braun - Bantam","og_description":"Kimberley ist ein strapazierf\u00e4higer, sch\u00f6ner und umweltfreundlicher Tisch aus Bambus. Kimberley ist ideal f\u00fcr Camper, die einen stilvollen Tisch mit modernem Design und Komfort, gefertigt aus langlebigen Materialien, wollen. Sekundenschneller Auf- und Abbau Praktische Griffe erm\u00f6glichen bequemen Transport F\u00fcr kurze Dauer wetterbest\u00e4ndig Material:Bambus-TischplatteAluminium-Untergestell","og_url":"https:\/\/shop.bantam.ch\/de\/produkt\/bambustisch-kimberly\/","og_site_name":"Bantam","article_modified_time":"2026-05-05T18:54:38+00:00","og_image":[{"width":1000,"height":564,"url":"https:\/\/shop.bantam.ch\/wp-content\/uploads\/2023\/02\/9916534-Bambustisch_Kimberly_65_x_65_x_40_cm_open_size_Farbe_braun-Standard-01-1.jpg","type":"image\/jpeg"}],"twitter_card":"summary_large_image","schema":{"@context":"https:\/\/schema.org","@graph":[{"@type":"WebPage","@id":"https:\/\/shop.bantam.ch\/de\/produkt\/bambustisch-kimberly\/","url":"https:\/\/shop.bantam.ch\/de\/produkt\/bambustisch-kimberly\/","name":"Bambustisch Outwell Kimberly Alu Farbe braun - Bantam","isPartOf":{"@id":"https:\/\/shop.bantam.ch\/de\/#website"},"primaryImageOfPage":{"@id":"https:\/\/shop.bantam.ch\/de\/produkt\/bambustisch-kimberly\/#primaryimage"},"image":{"@id":"https:\/\/shop.bantam.ch\/de\/produkt\/bambustisch-kimberly\/#primaryimage"},"thumbnailUrl":"https:\/\/shop.bantam.ch\/wp-content\/uploads\/2023\/02\/9916534-Bambustisch_Kimberly_65_x_65_x_40_cm_open_size_Farbe_braun-Standard-01-1.jpg","datePublished":"2023-02-22T19:55:17+00:00","dateModified":"2026-05-05T18:54:38+00:00","breadcrumb":{"@id":"https:\/\/shop.bantam.ch\/de\/produkt\/bambustisch-kimberly\/#breadcrumb"},"inLanguage":"de","potentialAction":[{"@type":"ReadAction","target":["https:\/\/shop.bantam.ch\/de\/produkt\/bambustisch-kimberly\/"]}]},{"@type":"ImageObject","inLanguage":"de","@id":"https:\/\/shop.bantam.ch\/de\/produkt\/bambustisch-kimberly\/#primaryimage","url":"https:\/\/shop.bantam.ch\/wp-content\/uploads\/2023\/02\/9916534-Bambustisch_Kimberly_65_x_65_x_40_cm_open_size_Farbe_braun-Standard-01-1.jpg","contentUrl":"https:\/\/shop.bantam.ch\/wp-content\/uploads\/2023\/02\/9916534-Bambustisch_Kimberly_65_x_65_x_40_cm_open_size_Farbe_braun-Standard-01-1.jpg","width":1000,"height":564},{"@type":"BreadcrumbList","@id":"https:\/\/shop.bantam.ch\/de\/produkt\/bambustisch-kimberly\/#breadcrumb","itemListElement":[{"@type":"ListItem","position":1,"name":"Accueil","item":"https:\/\/shop.bantam.ch\/de\/"},{"@type":"ListItem","position":2,"name":"Shop","item":"https:\/\/shop.bantam.ch\/de\/shop\/"},{"@type":"ListItem","position":3,"name":"Bambustisch Outwell Kimberly Alu Farbe braun"}]},{"@type":"WebSite","@id":"https:\/\/shop.bantam.ch\/de\/#website","url":"https:\/\/shop.bantam.ch\/de\/","name":"Bantam","description":"","publisher":{"@id":"https:\/\/shop.bantam.ch\/de\/#organization"},"inLanguage":"de"},{"@type":"Organization","@id":"https:\/\/shop.bantam.ch\/de\/#organization","name":"Bantam","url":"https:\/\/shop.bantam.ch\/de\/","logo":{"@type":"ImageObject","inLanguage":"de","@id":"https:\/\/shop.bantam.ch\/de\/#\/schema\/logo\/image\/","url":"https:\/\/shop.bantam.ch\/wp-content\/uploads\/2022\/12\/bantam-logo.png","contentUrl":"https:\/\/shop.bantam.ch\/wp-content\/uploads\/2022\/12\/bantam-logo.png","width":320,"height":71,"caption":"Bantam"},"image":{"@id":"https:\/\/shop.bantam.ch\/de\/#\/schema\/logo\/image\/"}}]}},"_links":{"self":[{"href":"https:\/\/shop.bantam.ch\/de\/wp-json\/wp\/v2\/product\/39796","targetHints":{"allow":["GET"]}}],"collection":[{"href":"https:\/\/shop.bantam.ch\/de\/wp-json\/wp\/v2\/product"}],"about":[{"href":"https:\/\/shop.bantam.ch\/de\/wp-json\/wp\/v2\/types\/product"}],"wp:featuredmedia":[{"embeddable":true,"href":"https:\/\/shop.bantam.ch\/de\/wp-json\/wp\/v2\/media\/39792"}],"wp:attachment":[{"href":"https:\/\/shop.bantam.ch\/de\/wp-json\/wp\/v2\/media?parent=39796"}],"wp:term":[{"taxonomy":"product_featured_cat","embeddable":true,"href":"https:\/\/shop.bantam.ch\/de\/wp-json\/wp\/v2\/product_featured_cat?post=39796"},{"taxonomy":"product_brand","embeddable":true,"href":"https:\/\/shop.bantam.ch\/de\/wp-json\/wp\/v2\/product_brand?post=39796"},{"taxonomy":"product_cat","embeddable":true,"href":"https:\/\/shop.bantam.ch\/de\/wp-json\/wp\/v2\/product_cat?post=39796"},{"taxonomy":"product_tag","embeddable":true,"href":"https:\/\/shop.bantam.ch\/de\/wp-json\/wp\/v2\/product_tag?post=39796"}],"curies":[{"name":"wp","href":"https:\/\/api.w.org\/{rel}","templated":true}]}}