{"id":39790,"date":"2023-02-22T20:55:11","date_gmt":"2023-02-22T19:55:11","guid":{"rendered":"http:\/\/preprod-dev.sh1.hidora.com\/webshop\/produit\/bambustisch-kamloops\/"},"modified":"2026-04-18T20:55:21","modified_gmt":"2026-04-18T18:55:21","slug":"bambustisch-kamloops","status":"publish","type":"product","link":"https:\/\/shop.bantam.ch\/de\/produkt\/bambustisch-kamloops\/","title":{"rendered":"Bambustisch Outwell Kamloops Alu Farbe braun"},"content":{"rendered":"<p>Kamloops ist ein strapazierf\u00e4higer, sch\u00f6ner und umweltfreundlicher Tisch aus Bambus. Kamloops ist ideal f\u00fcr Camper, die einen stilvollen Tisch mit modernem Design und Komfort, gefertigt aus langlebigen Materialien, wollen.<\/p>\n<ul>\n<li>Sekundenschneller Auf- und Abbau<\/li>\n<li>Praktische Griffe erm\u00f6glichen bequemen Transport<\/li>\n<li>Verstellbare F\u00fc\u00dfe<\/li>\n<li>F\u00fcr kurze Dauer wetterbest\u00e4ndig<\/li>\n<\/ul>\n<p>Material:<br \/>Bambus-Tischplatte<br \/>Aluminium-Untergestell<\/p>\n","protected":false},"excerpt":{"rendered":"<p>Kamloops ist ein strapazierf\u00e4higer, sch\u00f6ner und umweltfreundlicher Tisch aus Bambus. Kamloops ist ideal f\u00fcr Camper, die einen stilvollen Tisch mit modernem Design und Komfort, gefertigt aus langlebigen Materialien, wollen. Sekundenschneller Auf- und Abbau Praktische Griffe erm\u00f6glichen bequemen Transport Verstellbare F\u00fc\u00dfe F\u00fcr kurze Dauer wetterbest\u00e4ndig Material:Bambus-TischplatteAluminium-Untergestell<\/p>\n","protected":false},"featured_media":39784,"template":"","meta":{"_acf_changed":false},"product_featured_cat":[],"product_brand":[3297],"product_cat":[4054],"product_tag":[],"class_list":{"0":"post-39790","1":"product","2":"type-product","3":"status-publish","4":"has-post-thumbnail","6":"product_brand-outwell-de","7":"product_cat-campingtische","9":"first","10":"instock","11":"taxable","12":"shipping-taxable","13":"purchasable","14":"product-type-simple"},"acf":[],"yoast_head":"<!-- This site is optimized with the Yoast SEO plugin v27.4 - https:\/\/yoast.com\/product\/yoast-seo-wordpress\/ -->\n<title>Bambustisch Outwell Kamloops Alu Farbe braun - Bantam Camping AG<\/title>\n<meta name=\"robots\" content=\"index, follow, max-snippet:-1, max-image-preview:large, max-video-preview:-1\" \/>\n<link rel=\"canonical\" href=\"https:\/\/shop.bantam.ch\/de\/produkt\/bambustisch-kamloops\/\" \/>\n<meta property=\"og:locale\" content=\"de_DE\" \/>\n<meta property=\"og:type\" content=\"article\" \/>\n<meta property=\"og:title\" content=\"Bambustisch Outwell Kamloops Alu Farbe braun - Bantam Camping AG\" \/>\n<meta property=\"og:description\" content=\"Kamloops ist ein strapazierf\u00e4higer, sch\u00f6ner und umweltfreundlicher Tisch aus Bambus. Kamloops ist ideal f\u00fcr Camper, die einen stilvollen Tisch mit modernem Design und Komfort, gefertigt aus langlebigen Materialien, wollen. Sekundenschneller Auf- und Abbau Praktische Griffe erm\u00f6glichen bequemen Transport Verstellbare F\u00fc\u00dfe F\u00fcr kurze Dauer wetterbest\u00e4ndig Material:Bambus-TischplatteAluminium-Untergestell\" \/>\n<meta property=\"og:url\" content=\"https:\/\/shop.bantam.ch\/de\/produkt\/bambustisch-kamloops\/\" \/>\n<meta property=\"og:site_name\" content=\"Bantam Camping AG\" \/>\n<meta property=\"article:modified_time\" content=\"2026-04-18T18:55:21+00:00\" \/>\n<meta property=\"og:image\" content=\"https:\/\/shop.bantam.ch\/wp-content\/uploads\/2023\/02\/9916532-Bambustisch_Kamloops_72_x_100_x_70_cm_open_size_Farbe_braun-Standard-01-2.jpg\" \/>\n\t<meta property=\"og:image:width\" content=\"1000\" \/>\n\t<meta property=\"og:image:height\" content=\"664\" \/>\n\t<meta property=\"og:image:type\" content=\"image\/jpeg\" \/>\n<meta name=\"twitter:card\" content=\"summary_large_image\" \/>\n<script type=\"application\/ld+json\" class=\"yoast-schema-graph\">{\"@context\":\"https:\\\/\\\/schema.org\",\"@graph\":[{\"@type\":\"WebPage\",\"@id\":\"https:\\\/\\\/shop.bantam.ch\\\/de\\\/produkt\\\/bambustisch-kamloops\\\/\",\"url\":\"https:\\\/\\\/shop.bantam.ch\\\/de\\\/produkt\\\/bambustisch-kamloops\\\/\",\"name\":\"Bambustisch Outwell Kamloops Alu Farbe braun - Bantam Camping AG\",\"isPartOf\":{\"@id\":\"https:\\\/\\\/shop.bantam.ch\\\/de\\\/#website\"},\"primaryImageOfPage\":{\"@id\":\"https:\\\/\\\/shop.bantam.ch\\\/de\\\/produkt\\\/bambustisch-kamloops\\\/#primaryimage\"},\"image\":{\"@id\":\"https:\\\/\\\/shop.bantam.ch\\\/de\\\/produkt\\\/bambustisch-kamloops\\\/#primaryimage\"},\"thumbnailUrl\":\"https:\\\/\\\/shop.bantam.ch\\\/wp-content\\\/uploads\\\/2023\\\/02\\\/9916532-Bambustisch_Kamloops_72_x_100_x_70_cm_open_size_Farbe_braun-Standard-01-2.jpg\",\"datePublished\":\"2023-02-22T19:55:11+00:00\",\"dateModified\":\"2026-04-18T18:55:21+00:00\",\"breadcrumb\":{\"@id\":\"https:\\\/\\\/shop.bantam.ch\\\/de\\\/produkt\\\/bambustisch-kamloops\\\/#breadcrumb\"},\"inLanguage\":\"de\",\"potentialAction\":[{\"@type\":\"ReadAction\",\"target\":[\"https:\\\/\\\/shop.bantam.ch\\\/de\\\/produkt\\\/bambustisch-kamloops\\\/\"]}]},{\"@type\":\"ImageObject\",\"inLanguage\":\"de\",\"@id\":\"https:\\\/\\\/shop.bantam.ch\\\/de\\\/produkt\\\/bambustisch-kamloops\\\/#primaryimage\",\"url\":\"https:\\\/\\\/shop.bantam.ch\\\/wp-content\\\/uploads\\\/2023\\\/02\\\/9916532-Bambustisch_Kamloops_72_x_100_x_70_cm_open_size_Farbe_braun-Standard-01-2.jpg\",\"contentUrl\":\"https:\\\/\\\/shop.bantam.ch\\\/wp-content\\\/uploads\\\/2023\\\/02\\\/9916532-Bambustisch_Kamloops_72_x_100_x_70_cm_open_size_Farbe_braun-Standard-01-2.jpg\",\"width\":1000,\"height\":664},{\"@type\":\"BreadcrumbList\",\"@id\":\"https:\\\/\\\/shop.bantam.ch\\\/de\\\/produkt\\\/bambustisch-kamloops\\\/#breadcrumb\",\"itemListElement\":[{\"@type\":\"ListItem\",\"position\":1,\"name\":\"Accueil\",\"item\":\"https:\\\/\\\/shop.bantam.ch\\\/de\\\/\"},{\"@type\":\"ListItem\",\"position\":2,\"name\":\"Shop\",\"item\":\"https:\\\/\\\/shop.bantam.ch\\\/de\\\/shop\\\/\"},{\"@type\":\"ListItem\",\"position\":3,\"name\":\"Bambustisch Outwell Kamloops Alu Farbe braun\"}]},{\"@type\":\"WebSite\",\"@id\":\"https:\\\/\\\/shop.bantam.ch\\\/de\\\/#website\",\"url\":\"https:\\\/\\\/shop.bantam.ch\\\/de\\\/\",\"name\":\"Bantam Camping AG\",\"description\":\"\",\"publisher\":{\"@id\":\"https:\\\/\\\/shop.bantam.ch\\\/de\\\/#organization\"},\"inLanguage\":\"de\"},{\"@type\":\"Organization\",\"@id\":\"https:\\\/\\\/shop.bantam.ch\\\/de\\\/#organization\",\"name\":\"Bantam Camping AG\",\"url\":\"https:\\\/\\\/shop.bantam.ch\\\/de\\\/\",\"logo\":{\"@type\":\"ImageObject\",\"inLanguage\":\"de\",\"@id\":\"https:\\\/\\\/shop.bantam.ch\\\/de\\\/#\\\/schema\\\/logo\\\/image\\\/\",\"url\":\"https:\\\/\\\/shop.bantam.ch\\\/wp-content\\\/uploads\\\/2022\\\/12\\\/bantam-logo.png\",\"contentUrl\":\"https:\\\/\\\/shop.bantam.ch\\\/wp-content\\\/uploads\\\/2022\\\/12\\\/bantam-logo.png\",\"width\":320,\"height\":71,\"caption\":\"Bantam Camping AG\"},\"image\":{\"@id\":\"https:\\\/\\\/shop.bantam.ch\\\/de\\\/#\\\/schema\\\/logo\\\/image\\\/\"}}]}<\/script>\n<!-- \/ Yoast SEO plugin. -->","yoast_head_json":{"title":"Bambustisch Outwell Kamloops Alu Farbe braun - Bantam Camping AG","robots":{"index":"index","follow":"follow","max-snippet":"max-snippet:-1","max-image-preview":"max-image-preview:large","max-video-preview":"max-video-preview:-1"},"canonical":"https:\/\/shop.bantam.ch\/de\/produkt\/bambustisch-kamloops\/","og_locale":"de_DE","og_type":"article","og_title":"Bambustisch Outwell Kamloops Alu Farbe braun - Bantam Camping AG","og_description":"Kamloops ist ein strapazierf\u00e4higer, sch\u00f6ner und umweltfreundlicher Tisch aus Bambus. Kamloops ist ideal f\u00fcr Camper, die einen stilvollen Tisch mit modernem Design und Komfort, gefertigt aus langlebigen Materialien, wollen. Sekundenschneller Auf- und Abbau Praktische Griffe erm\u00f6glichen bequemen Transport Verstellbare F\u00fc\u00dfe F\u00fcr kurze Dauer wetterbest\u00e4ndig Material:Bambus-TischplatteAluminium-Untergestell","og_url":"https:\/\/shop.bantam.ch\/de\/produkt\/bambustisch-kamloops\/","og_site_name":"Bantam Camping AG","article_modified_time":"2026-04-18T18:55:21+00:00","og_image":[{"width":1000,"height":664,"url":"https:\/\/shop.bantam.ch\/wp-content\/uploads\/2023\/02\/9916532-Bambustisch_Kamloops_72_x_100_x_70_cm_open_size_Farbe_braun-Standard-01-2.jpg","type":"image\/jpeg"}],"twitter_card":"summary_large_image","schema":{"@context":"https:\/\/schema.org","@graph":[{"@type":"WebPage","@id":"https:\/\/shop.bantam.ch\/de\/produkt\/bambustisch-kamloops\/","url":"https:\/\/shop.bantam.ch\/de\/produkt\/bambustisch-kamloops\/","name":"Bambustisch Outwell Kamloops Alu Farbe braun - Bantam Camping AG","isPartOf":{"@id":"https:\/\/shop.bantam.ch\/de\/#website"},"primaryImageOfPage":{"@id":"https:\/\/shop.bantam.ch\/de\/produkt\/bambustisch-kamloops\/#primaryimage"},"image":{"@id":"https:\/\/shop.bantam.ch\/de\/produkt\/bambustisch-kamloops\/#primaryimage"},"thumbnailUrl":"https:\/\/shop.bantam.ch\/wp-content\/uploads\/2023\/02\/9916532-Bambustisch_Kamloops_72_x_100_x_70_cm_open_size_Farbe_braun-Standard-01-2.jpg","datePublished":"2023-02-22T19:55:11+00:00","dateModified":"2026-04-18T18:55:21+00:00","breadcrumb":{"@id":"https:\/\/shop.bantam.ch\/de\/produkt\/bambustisch-kamloops\/#breadcrumb"},"inLanguage":"de","potentialAction":[{"@type":"ReadAction","target":["https:\/\/shop.bantam.ch\/de\/produkt\/bambustisch-kamloops\/"]}]},{"@type":"ImageObject","inLanguage":"de","@id":"https:\/\/shop.bantam.ch\/de\/produkt\/bambustisch-kamloops\/#primaryimage","url":"https:\/\/shop.bantam.ch\/wp-content\/uploads\/2023\/02\/9916532-Bambustisch_Kamloops_72_x_100_x_70_cm_open_size_Farbe_braun-Standard-01-2.jpg","contentUrl":"https:\/\/shop.bantam.ch\/wp-content\/uploads\/2023\/02\/9916532-Bambustisch_Kamloops_72_x_100_x_70_cm_open_size_Farbe_braun-Standard-01-2.jpg","width":1000,"height":664},{"@type":"BreadcrumbList","@id":"https:\/\/shop.bantam.ch\/de\/produkt\/bambustisch-kamloops\/#breadcrumb","itemListElement":[{"@type":"ListItem","position":1,"name":"Accueil","item":"https:\/\/shop.bantam.ch\/de\/"},{"@type":"ListItem","position":2,"name":"Shop","item":"https:\/\/shop.bantam.ch\/de\/shop\/"},{"@type":"ListItem","position":3,"name":"Bambustisch Outwell Kamloops Alu Farbe braun"}]},{"@type":"WebSite","@id":"https:\/\/shop.bantam.ch\/de\/#website","url":"https:\/\/shop.bantam.ch\/de\/","name":"Bantam Camping AG","description":"","publisher":{"@id":"https:\/\/shop.bantam.ch\/de\/#organization"},"inLanguage":"de"},{"@type":"Organization","@id":"https:\/\/shop.bantam.ch\/de\/#organization","name":"Bantam Camping AG","url":"https:\/\/shop.bantam.ch\/de\/","logo":{"@type":"ImageObject","inLanguage":"de","@id":"https:\/\/shop.bantam.ch\/de\/#\/schema\/logo\/image\/","url":"https:\/\/shop.bantam.ch\/wp-content\/uploads\/2022\/12\/bantam-logo.png","contentUrl":"https:\/\/shop.bantam.ch\/wp-content\/uploads\/2022\/12\/bantam-logo.png","width":320,"height":71,"caption":"Bantam Camping AG"},"image":{"@id":"https:\/\/shop.bantam.ch\/de\/#\/schema\/logo\/image\/"}}]}},"_links":{"self":[{"href":"https:\/\/shop.bantam.ch\/de\/wp-json\/wp\/v2\/product\/39790","targetHints":{"allow":["GET"]}}],"collection":[{"href":"https:\/\/shop.bantam.ch\/de\/wp-json\/wp\/v2\/product"}],"about":[{"href":"https:\/\/shop.bantam.ch\/de\/wp-json\/wp\/v2\/types\/product"}],"wp:featuredmedia":[{"embeddable":true,"href":"https:\/\/shop.bantam.ch\/de\/wp-json\/wp\/v2\/media\/39784"}],"wp:attachment":[{"href":"https:\/\/shop.bantam.ch\/de\/wp-json\/wp\/v2\/media?parent=39790"}],"wp:term":[{"taxonomy":"product_featured_cat","embeddable":true,"href":"https:\/\/shop.bantam.ch\/de\/wp-json\/wp\/v2\/product_featured_cat?post=39790"},{"taxonomy":"product_brand","embeddable":true,"href":"https:\/\/shop.bantam.ch\/de\/wp-json\/wp\/v2\/product_brand?post=39790"},{"taxonomy":"product_cat","embeddable":true,"href":"https:\/\/shop.bantam.ch\/de\/wp-json\/wp\/v2\/product_cat?post=39790"},{"taxonomy":"product_tag","embeddable":true,"href":"https:\/\/shop.bantam.ch\/de\/wp-json\/wp\/v2\/product_tag?post=39790"}],"curies":[{"name":"wp","href":"https:\/\/api.w.org\/{rel}","templated":true}]}}