{"id":39490,"date":"2023-02-22T20:49:16","date_gmt":"2023-02-22T19:49:16","guid":{"rendered":"http:\/\/preprod-dev.sh1.hidora.com\/webshop\/produit\/sturmsicherung-fuer-vorzelte\/"},"modified":"2026-04-17T20:53:53","modified_gmt":"2026-04-17T18:53:53","slug":"sturmsicherung-fuer-vorzelte","status":"publish","type":"product","link":"https:\/\/shop.bantam.ch\/de\/produkt\/sturmsicherung-fuer-vorzelte\/","title":{"rendered":"Sturmsicherung Isabella"},"content":{"rendered":"<p>Die Isabella Sturmsicherung wird innen direkt am Gest\u00e4nge befestigt. Hierdurch erhalten Sie zus\u00e4tzlichen Halt, wo dieser gebraucht wird, ohne das Dachmaterial zu besch\u00e4digen. Befestigt von innen am Gest\u00e4ngewinkel (links und rechts) wird sie einfach nach unten, mittels stabilen Hering, gespannt. Geeignet f\u00fcr alle Vorzelte, Zelte und Sonnend\u00e4cher.<\/p>\n<p>Material: <br \/>100 % Polypropylen<\/p>\n<p>Lieferumfang:<br \/>Polyestergewebeband mit vorbefestigter Technik, wie Haken und Feststeller, sowie Hering mit 40 cm L\u00e4nge und O-Ring<\/p>\n","protected":false},"excerpt":{"rendered":"<p>Die Isabella Sturmsicherung wird innen direkt am Gest\u00e4nge befestigt. Hierdurch erhalten Sie zus\u00e4tzlichen Halt, wo dieser gebraucht wird, ohne das Dachmaterial zu besch\u00e4digen. Befestigt von innen am Gest\u00e4ngewinkel (links und rechts) wird sie einfach nach unten, mittels stabilen Hering, gespannt. Geeignet f\u00fcr alle Vorzelte, Zelte und Sonnend\u00e4cher. Material: 100 % Polypropylen Lieferumfang:Polyestergewebeband mit vorbefestigter Technik, [&hellip;]<\/p>\n","protected":false},"featured_media":39486,"template":"","meta":{"_acf_changed":false},"product_featured_cat":[],"product_brand":[3091],"product_cat":[4228],"product_tag":[],"class_list":{"0":"post-39490","1":"product","2":"type-product","3":"status-publish","4":"has-post-thumbnail","6":"product_brand-isabella-de","7":"product_cat-markisen-befestigung","9":"first","10":"instock","11":"taxable","12":"shipping-taxable","13":"purchasable","14":"product-type-simple"},"acf":[],"yoast_head":"<!-- This site is optimized with the Yoast SEO plugin v27.4 - https:\/\/yoast.com\/product\/yoast-seo-wordpress\/ -->\n<title>Sturmsicherung Isabella - Bantam Camping AG<\/title>\n<meta name=\"robots\" content=\"index, follow, max-snippet:-1, max-image-preview:large, max-video-preview:-1\" \/>\n<link rel=\"canonical\" href=\"https:\/\/shop.bantam.ch\/de\/produkt\/sturmsicherung-fuer-vorzelte\/\" \/>\n<meta property=\"og:locale\" content=\"de_DE\" \/>\n<meta property=\"og:type\" content=\"article\" \/>\n<meta property=\"og:title\" content=\"Sturmsicherung Isabella - Bantam Camping AG\" \/>\n<meta property=\"og:description\" content=\"Die Isabella Sturmsicherung wird innen direkt am Gest\u00e4nge befestigt. Hierdurch erhalten Sie zus\u00e4tzlichen Halt, wo dieser gebraucht wird, ohne das Dachmaterial zu besch\u00e4digen. Befestigt von innen am Gest\u00e4ngewinkel (links und rechts) wird sie einfach nach unten, mittels stabilen Hering, gespannt. Geeignet f\u00fcr alle Vorzelte, Zelte und Sonnend\u00e4cher. Material: 100 % Polypropylen Lieferumfang:Polyestergewebeband mit vorbefestigter Technik, [&hellip;]\" \/>\n<meta property=\"og:url\" content=\"https:\/\/shop.bantam.ch\/de\/produkt\/sturmsicherung-fuer-vorzelte\/\" \/>\n<meta property=\"og:site_name\" content=\"Bantam Camping AG\" \/>\n<meta property=\"article:modified_time\" content=\"2026-04-17T18:53:53+00:00\" \/>\n<meta property=\"og:image\" content=\"https:\/\/shop.bantam.ch\/wp-content\/uploads\/2023\/02\/9916280-Spannband_fuer_Vorzelte-Standard-01-1.jpg\" \/>\n\t<meta property=\"og:image:width\" content=\"1000\" \/>\n\t<meta property=\"og:image:height\" content=\"571\" \/>\n\t<meta property=\"og:image:type\" content=\"image\/jpeg\" \/>\n<meta name=\"twitter:card\" content=\"summary_large_image\" \/>\n<script type=\"application\/ld+json\" class=\"yoast-schema-graph\">{\"@context\":\"https:\\\/\\\/schema.org\",\"@graph\":[{\"@type\":\"WebPage\",\"@id\":\"https:\\\/\\\/shop.bantam.ch\\\/de\\\/produkt\\\/sturmsicherung-fuer-vorzelte\\\/\",\"url\":\"https:\\\/\\\/shop.bantam.ch\\\/de\\\/produkt\\\/sturmsicherung-fuer-vorzelte\\\/\",\"name\":\"Sturmsicherung Isabella - Bantam Camping AG\",\"isPartOf\":{\"@id\":\"https:\\\/\\\/shop.bantam.ch\\\/de\\\/#website\"},\"primaryImageOfPage\":{\"@id\":\"https:\\\/\\\/shop.bantam.ch\\\/de\\\/produkt\\\/sturmsicherung-fuer-vorzelte\\\/#primaryimage\"},\"image\":{\"@id\":\"https:\\\/\\\/shop.bantam.ch\\\/de\\\/produkt\\\/sturmsicherung-fuer-vorzelte\\\/#primaryimage\"},\"thumbnailUrl\":\"https:\\\/\\\/shop.bantam.ch\\\/wp-content\\\/uploads\\\/2023\\\/02\\\/9916280-Spannband_fuer_Vorzelte-Standard-01-1.jpg\",\"datePublished\":\"2023-02-22T19:49:16+00:00\",\"dateModified\":\"2026-04-17T18:53:53+00:00\",\"breadcrumb\":{\"@id\":\"https:\\\/\\\/shop.bantam.ch\\\/de\\\/produkt\\\/sturmsicherung-fuer-vorzelte\\\/#breadcrumb\"},\"inLanguage\":\"de\",\"potentialAction\":[{\"@type\":\"ReadAction\",\"target\":[\"https:\\\/\\\/shop.bantam.ch\\\/de\\\/produkt\\\/sturmsicherung-fuer-vorzelte\\\/\"]}]},{\"@type\":\"ImageObject\",\"inLanguage\":\"de\",\"@id\":\"https:\\\/\\\/shop.bantam.ch\\\/de\\\/produkt\\\/sturmsicherung-fuer-vorzelte\\\/#primaryimage\",\"url\":\"https:\\\/\\\/shop.bantam.ch\\\/wp-content\\\/uploads\\\/2023\\\/02\\\/9916280-Spannband_fuer_Vorzelte-Standard-01-1.jpg\",\"contentUrl\":\"https:\\\/\\\/shop.bantam.ch\\\/wp-content\\\/uploads\\\/2023\\\/02\\\/9916280-Spannband_fuer_Vorzelte-Standard-01-1.jpg\",\"width\":1000,\"height\":571},{\"@type\":\"BreadcrumbList\",\"@id\":\"https:\\\/\\\/shop.bantam.ch\\\/de\\\/produkt\\\/sturmsicherung-fuer-vorzelte\\\/#breadcrumb\",\"itemListElement\":[{\"@type\":\"ListItem\",\"position\":1,\"name\":\"Accueil\",\"item\":\"https:\\\/\\\/shop.bantam.ch\\\/de\\\/\"},{\"@type\":\"ListItem\",\"position\":2,\"name\":\"Shop\",\"item\":\"https:\\\/\\\/shop.bantam.ch\\\/de\\\/shop\\\/\"},{\"@type\":\"ListItem\",\"position\":3,\"name\":\"Sturmsicherung Isabella\"}]},{\"@type\":\"WebSite\",\"@id\":\"https:\\\/\\\/shop.bantam.ch\\\/de\\\/#website\",\"url\":\"https:\\\/\\\/shop.bantam.ch\\\/de\\\/\",\"name\":\"Bantam Camping AG\",\"description\":\"\",\"publisher\":{\"@id\":\"https:\\\/\\\/shop.bantam.ch\\\/de\\\/#organization\"},\"inLanguage\":\"de\"},{\"@type\":\"Organization\",\"@id\":\"https:\\\/\\\/shop.bantam.ch\\\/de\\\/#organization\",\"name\":\"Bantam Camping AG\",\"url\":\"https:\\\/\\\/shop.bantam.ch\\\/de\\\/\",\"logo\":{\"@type\":\"ImageObject\",\"inLanguage\":\"de\",\"@id\":\"https:\\\/\\\/shop.bantam.ch\\\/de\\\/#\\\/schema\\\/logo\\\/image\\\/\",\"url\":\"https:\\\/\\\/shop.bantam.ch\\\/wp-content\\\/uploads\\\/2022\\\/12\\\/bantam-logo.png\",\"contentUrl\":\"https:\\\/\\\/shop.bantam.ch\\\/wp-content\\\/uploads\\\/2022\\\/12\\\/bantam-logo.png\",\"width\":320,\"height\":71,\"caption\":\"Bantam Camping AG\"},\"image\":{\"@id\":\"https:\\\/\\\/shop.bantam.ch\\\/de\\\/#\\\/schema\\\/logo\\\/image\\\/\"}}]}<\/script>\n<!-- \/ Yoast SEO plugin. -->","yoast_head_json":{"title":"Sturmsicherung Isabella - Bantam Camping AG","robots":{"index":"index","follow":"follow","max-snippet":"max-snippet:-1","max-image-preview":"max-image-preview:large","max-video-preview":"max-video-preview:-1"},"canonical":"https:\/\/shop.bantam.ch\/de\/produkt\/sturmsicherung-fuer-vorzelte\/","og_locale":"de_DE","og_type":"article","og_title":"Sturmsicherung Isabella - Bantam Camping AG","og_description":"Die Isabella Sturmsicherung wird innen direkt am Gest\u00e4nge befestigt. Hierdurch erhalten Sie zus\u00e4tzlichen Halt, wo dieser gebraucht wird, ohne das Dachmaterial zu besch\u00e4digen. Befestigt von innen am Gest\u00e4ngewinkel (links und rechts) wird sie einfach nach unten, mittels stabilen Hering, gespannt. Geeignet f\u00fcr alle Vorzelte, Zelte und Sonnend\u00e4cher. Material: 100 % Polypropylen Lieferumfang:Polyestergewebeband mit vorbefestigter Technik, [&hellip;]","og_url":"https:\/\/shop.bantam.ch\/de\/produkt\/sturmsicherung-fuer-vorzelte\/","og_site_name":"Bantam Camping AG","article_modified_time":"2026-04-17T18:53:53+00:00","og_image":[{"width":1000,"height":571,"url":"https:\/\/shop.bantam.ch\/wp-content\/uploads\/2023\/02\/9916280-Spannband_fuer_Vorzelte-Standard-01-1.jpg","type":"image\/jpeg"}],"twitter_card":"summary_large_image","schema":{"@context":"https:\/\/schema.org","@graph":[{"@type":"WebPage","@id":"https:\/\/shop.bantam.ch\/de\/produkt\/sturmsicherung-fuer-vorzelte\/","url":"https:\/\/shop.bantam.ch\/de\/produkt\/sturmsicherung-fuer-vorzelte\/","name":"Sturmsicherung Isabella - Bantam Camping AG","isPartOf":{"@id":"https:\/\/shop.bantam.ch\/de\/#website"},"primaryImageOfPage":{"@id":"https:\/\/shop.bantam.ch\/de\/produkt\/sturmsicherung-fuer-vorzelte\/#primaryimage"},"image":{"@id":"https:\/\/shop.bantam.ch\/de\/produkt\/sturmsicherung-fuer-vorzelte\/#primaryimage"},"thumbnailUrl":"https:\/\/shop.bantam.ch\/wp-content\/uploads\/2023\/02\/9916280-Spannband_fuer_Vorzelte-Standard-01-1.jpg","datePublished":"2023-02-22T19:49:16+00:00","dateModified":"2026-04-17T18:53:53+00:00","breadcrumb":{"@id":"https:\/\/shop.bantam.ch\/de\/produkt\/sturmsicherung-fuer-vorzelte\/#breadcrumb"},"inLanguage":"de","potentialAction":[{"@type":"ReadAction","target":["https:\/\/shop.bantam.ch\/de\/produkt\/sturmsicherung-fuer-vorzelte\/"]}]},{"@type":"ImageObject","inLanguage":"de","@id":"https:\/\/shop.bantam.ch\/de\/produkt\/sturmsicherung-fuer-vorzelte\/#primaryimage","url":"https:\/\/shop.bantam.ch\/wp-content\/uploads\/2023\/02\/9916280-Spannband_fuer_Vorzelte-Standard-01-1.jpg","contentUrl":"https:\/\/shop.bantam.ch\/wp-content\/uploads\/2023\/02\/9916280-Spannband_fuer_Vorzelte-Standard-01-1.jpg","width":1000,"height":571},{"@type":"BreadcrumbList","@id":"https:\/\/shop.bantam.ch\/de\/produkt\/sturmsicherung-fuer-vorzelte\/#breadcrumb","itemListElement":[{"@type":"ListItem","position":1,"name":"Accueil","item":"https:\/\/shop.bantam.ch\/de\/"},{"@type":"ListItem","position":2,"name":"Shop","item":"https:\/\/shop.bantam.ch\/de\/shop\/"},{"@type":"ListItem","position":3,"name":"Sturmsicherung Isabella"}]},{"@type":"WebSite","@id":"https:\/\/shop.bantam.ch\/de\/#website","url":"https:\/\/shop.bantam.ch\/de\/","name":"Bantam Camping AG","description":"","publisher":{"@id":"https:\/\/shop.bantam.ch\/de\/#organization"},"inLanguage":"de"},{"@type":"Organization","@id":"https:\/\/shop.bantam.ch\/de\/#organization","name":"Bantam Camping AG","url":"https:\/\/shop.bantam.ch\/de\/","logo":{"@type":"ImageObject","inLanguage":"de","@id":"https:\/\/shop.bantam.ch\/de\/#\/schema\/logo\/image\/","url":"https:\/\/shop.bantam.ch\/wp-content\/uploads\/2022\/12\/bantam-logo.png","contentUrl":"https:\/\/shop.bantam.ch\/wp-content\/uploads\/2022\/12\/bantam-logo.png","width":320,"height":71,"caption":"Bantam Camping AG"},"image":{"@id":"https:\/\/shop.bantam.ch\/de\/#\/schema\/logo\/image\/"}}]}},"_links":{"self":[{"href":"https:\/\/shop.bantam.ch\/de\/wp-json\/wp\/v2\/product\/39490","targetHints":{"allow":["GET"]}}],"collection":[{"href":"https:\/\/shop.bantam.ch\/de\/wp-json\/wp\/v2\/product"}],"about":[{"href":"https:\/\/shop.bantam.ch\/de\/wp-json\/wp\/v2\/types\/product"}],"wp:featuredmedia":[{"embeddable":true,"href":"https:\/\/shop.bantam.ch\/de\/wp-json\/wp\/v2\/media\/39486"}],"wp:attachment":[{"href":"https:\/\/shop.bantam.ch\/de\/wp-json\/wp\/v2\/media?parent=39490"}],"wp:term":[{"taxonomy":"product_featured_cat","embeddable":true,"href":"https:\/\/shop.bantam.ch\/de\/wp-json\/wp\/v2\/product_featured_cat?post=39490"},{"taxonomy":"product_brand","embeddable":true,"href":"https:\/\/shop.bantam.ch\/de\/wp-json\/wp\/v2\/product_brand?post=39490"},{"taxonomy":"product_cat","embeddable":true,"href":"https:\/\/shop.bantam.ch\/de\/wp-json\/wp\/v2\/product_cat?post=39490"},{"taxonomy":"product_tag","embeddable":true,"href":"https:\/\/shop.bantam.ch\/de\/wp-json\/wp\/v2\/product_tag?post=39490"}],"curies":[{"name":"wp","href":"https:\/\/api.w.org\/{rel}","templated":true}]}}