{"id":39306,"date":"2023-02-22T20:45:34","date_gmt":"2023-02-22T19:45:34","guid":{"rendered":"http:\/\/preprod-dev.sh1.hidora.com\/webshop\/produit\/schraubhering-small-12-tlg\/"},"modified":"2026-05-11T20:53:22","modified_gmt":"2026-05-11T18:53:22","slug":"schraubhering-small-12-tlg","status":"publish","type":"product","link":"https:\/\/shop.bantam.ch\/de\/produkt\/schraubhering-small-12-tlg\/","title":{"rendered":"Schraubhering Peggy Peg Small"},"content":{"rendered":"<p>F\u00fcr Trekkingzelte und Zeltsch\u00fcrzen, Uni Platte, Anker Platte. Ideal f\u00fcr weiche, sandige B\u00f6den durch komprimierendes Gewinde mit h\u00f6henverstellbaren Haken. Sehr robust, da aus glasfaserverst\u00e4rktem, UV-best\u00e4ndigem Polyamid.<\/p>\n<p>Inhalt:<br \/>12 Peggys S 12 cm lang<\/p>\n<ul>\n<li>Schl\u00fcsselweite 17 mm<\/li>\n<li>Drehmoment max. 5 Nm<\/li>\n<\/ul>\n","protected":false},"excerpt":{"rendered":"<p>F\u00fcr Trekkingzelte und Zeltsch\u00fcrzen, Uni Platte, Anker Platte. Ideal f\u00fcr weiche, sandige B\u00f6den durch komprimierendes Gewinde mit h\u00f6henverstellbaren Haken. Sehr robust, da aus glasfaserverst\u00e4rktem, UV-best\u00e4ndigem Polyamid. Inhalt:12 Peggys S 12 cm lang Schl\u00fcsselweite 17 mm Drehmoment max. 5 Nm<\/p>\n","protected":false},"featured_media":39302,"template":"","meta":{"_acf_changed":false},"product_featured_cat":[],"product_brand":[3117],"product_cat":[4254],"product_tag":[],"class_list":{"0":"post-39306","1":"product","2":"type-product","3":"status-publish","4":"has-post-thumbnail","6":"product_brand-peggy-peg-de","7":"product_cat-aufbau-zubehoer","9":"first","10":"instock","11":"taxable","12":"shipping-taxable","13":"purchasable","14":"product-type-simple"},"acf":[],"yoast_head":"<!-- This site is optimized with the Yoast SEO plugin v27.5 - https:\/\/yoast.com\/product\/yoast-seo-wordpress\/ -->\n<title>Schraubhering Peggy Peg Small - Bantam<\/title>\n<meta name=\"robots\" content=\"index, follow, max-snippet:-1, max-image-preview:large, max-video-preview:-1\" \/>\n<link rel=\"canonical\" href=\"https:\/\/shop.bantam.ch\/de\/produkt\/schraubhering-small-12-tlg\/\" \/>\n<meta property=\"og:locale\" content=\"de_DE\" \/>\n<meta property=\"og:type\" content=\"article\" \/>\n<meta property=\"og:title\" content=\"Schraubhering Peggy Peg Small - Bantam\" \/>\n<meta property=\"og:description\" content=\"F\u00fcr Trekkingzelte und Zeltsch\u00fcrzen, Uni Platte, Anker Platte. Ideal f\u00fcr weiche, sandige B\u00f6den durch komprimierendes Gewinde mit h\u00f6henverstellbaren Haken. Sehr robust, da aus glasfaserverst\u00e4rktem, UV-best\u00e4ndigem Polyamid. Inhalt:12 Peggys S 12 cm lang Schl\u00fcsselweite 17 mm Drehmoment max. 5 Nm\" \/>\n<meta property=\"og:url\" content=\"https:\/\/shop.bantam.ch\/de\/produkt\/schraubhering-small-12-tlg\/\" \/>\n<meta property=\"og:site_name\" content=\"Bantam\" \/>\n<meta property=\"article:modified_time\" content=\"2026-05-11T18:53:22+00:00\" \/>\n<meta property=\"og:image\" content=\"https:\/\/shop.bantam.ch\/wp-content\/uploads\/2023\/02\/9916174-PP_Schraubhering_S_12er_Set_orange-Standard-01-1.jpg\" \/>\n\t<meta property=\"og:image:width\" content=\"1000\" \/>\n\t<meta property=\"og:image:height\" content=\"887\" \/>\n\t<meta property=\"og:image:type\" content=\"image\/jpeg\" \/>\n<meta name=\"twitter:card\" content=\"summary_large_image\" \/>\n<script type=\"application\/ld+json\" class=\"yoast-schema-graph\">{\"@context\":\"https:\\\/\\\/schema.org\",\"@graph\":[{\"@type\":\"WebPage\",\"@id\":\"https:\\\/\\\/shop.bantam.ch\\\/de\\\/produkt\\\/schraubhering-small-12-tlg\\\/\",\"url\":\"https:\\\/\\\/shop.bantam.ch\\\/de\\\/produkt\\\/schraubhering-small-12-tlg\\\/\",\"name\":\"Schraubhering Peggy Peg Small - Bantam\",\"isPartOf\":{\"@id\":\"https:\\\/\\\/shop.bantam.ch\\\/de\\\/#website\"},\"primaryImageOfPage\":{\"@id\":\"https:\\\/\\\/shop.bantam.ch\\\/de\\\/produkt\\\/schraubhering-small-12-tlg\\\/#primaryimage\"},\"image\":{\"@id\":\"https:\\\/\\\/shop.bantam.ch\\\/de\\\/produkt\\\/schraubhering-small-12-tlg\\\/#primaryimage\"},\"thumbnailUrl\":\"https:\\\/\\\/shop.bantam.ch\\\/wp-content\\\/uploads\\\/2023\\\/02\\\/9916174-PP_Schraubhering_S_12er_Set_orange-Standard-01-1.jpg\",\"datePublished\":\"2023-02-22T19:45:34+00:00\",\"dateModified\":\"2026-05-11T18:53:22+00:00\",\"breadcrumb\":{\"@id\":\"https:\\\/\\\/shop.bantam.ch\\\/de\\\/produkt\\\/schraubhering-small-12-tlg\\\/#breadcrumb\"},\"inLanguage\":\"de\",\"potentialAction\":[{\"@type\":\"ReadAction\",\"target\":[\"https:\\\/\\\/shop.bantam.ch\\\/de\\\/produkt\\\/schraubhering-small-12-tlg\\\/\"]}]},{\"@type\":\"ImageObject\",\"inLanguage\":\"de\",\"@id\":\"https:\\\/\\\/shop.bantam.ch\\\/de\\\/produkt\\\/schraubhering-small-12-tlg\\\/#primaryimage\",\"url\":\"https:\\\/\\\/shop.bantam.ch\\\/wp-content\\\/uploads\\\/2023\\\/02\\\/9916174-PP_Schraubhering_S_12er_Set_orange-Standard-01-1.jpg\",\"contentUrl\":\"https:\\\/\\\/shop.bantam.ch\\\/wp-content\\\/uploads\\\/2023\\\/02\\\/9916174-PP_Schraubhering_S_12er_Set_orange-Standard-01-1.jpg\",\"width\":1000,\"height\":887},{\"@type\":\"BreadcrumbList\",\"@id\":\"https:\\\/\\\/shop.bantam.ch\\\/de\\\/produkt\\\/schraubhering-small-12-tlg\\\/#breadcrumb\",\"itemListElement\":[{\"@type\":\"ListItem\",\"position\":1,\"name\":\"Accueil\",\"item\":\"https:\\\/\\\/shop.bantam.ch\\\/de\\\/\"},{\"@type\":\"ListItem\",\"position\":2,\"name\":\"Shop\",\"item\":\"https:\\\/\\\/shop.bantam.ch\\\/de\\\/shop\\\/\"},{\"@type\":\"ListItem\",\"position\":3,\"name\":\"Schraubhering Peggy Peg Small\"}]},{\"@type\":\"WebSite\",\"@id\":\"https:\\\/\\\/shop.bantam.ch\\\/de\\\/#website\",\"url\":\"https:\\\/\\\/shop.bantam.ch\\\/de\\\/\",\"name\":\"Bantam\",\"description\":\"\",\"publisher\":{\"@id\":\"https:\\\/\\\/shop.bantam.ch\\\/de\\\/#organization\"},\"inLanguage\":\"de\"},{\"@type\":\"Organization\",\"@id\":\"https:\\\/\\\/shop.bantam.ch\\\/de\\\/#organization\",\"name\":\"Bantam\",\"url\":\"https:\\\/\\\/shop.bantam.ch\\\/de\\\/\",\"logo\":{\"@type\":\"ImageObject\",\"inLanguage\":\"de\",\"@id\":\"https:\\\/\\\/shop.bantam.ch\\\/de\\\/#\\\/schema\\\/logo\\\/image\\\/\",\"url\":\"https:\\\/\\\/shop.bantam.ch\\\/wp-content\\\/uploads\\\/2022\\\/12\\\/bantam-logo.png\",\"contentUrl\":\"https:\\\/\\\/shop.bantam.ch\\\/wp-content\\\/uploads\\\/2022\\\/12\\\/bantam-logo.png\",\"width\":320,\"height\":71,\"caption\":\"Bantam\"},\"image\":{\"@id\":\"https:\\\/\\\/shop.bantam.ch\\\/de\\\/#\\\/schema\\\/logo\\\/image\\\/\"}}]}<\/script>\n<!-- \/ Yoast SEO plugin. -->","yoast_head_json":{"title":"Schraubhering Peggy Peg Small - Bantam","robots":{"index":"index","follow":"follow","max-snippet":"max-snippet:-1","max-image-preview":"max-image-preview:large","max-video-preview":"max-video-preview:-1"},"canonical":"https:\/\/shop.bantam.ch\/de\/produkt\/schraubhering-small-12-tlg\/","og_locale":"de_DE","og_type":"article","og_title":"Schraubhering Peggy Peg Small - Bantam","og_description":"F\u00fcr Trekkingzelte und Zeltsch\u00fcrzen, Uni Platte, Anker Platte. Ideal f\u00fcr weiche, sandige B\u00f6den durch komprimierendes Gewinde mit h\u00f6henverstellbaren Haken. Sehr robust, da aus glasfaserverst\u00e4rktem, UV-best\u00e4ndigem Polyamid. Inhalt:12 Peggys S 12 cm lang Schl\u00fcsselweite 17 mm Drehmoment max. 5 Nm","og_url":"https:\/\/shop.bantam.ch\/de\/produkt\/schraubhering-small-12-tlg\/","og_site_name":"Bantam","article_modified_time":"2026-05-11T18:53:22+00:00","og_image":[{"width":1000,"height":887,"url":"https:\/\/shop.bantam.ch\/wp-content\/uploads\/2023\/02\/9916174-PP_Schraubhering_S_12er_Set_orange-Standard-01-1.jpg","type":"image\/jpeg"}],"twitter_card":"summary_large_image","schema":{"@context":"https:\/\/schema.org","@graph":[{"@type":"WebPage","@id":"https:\/\/shop.bantam.ch\/de\/produkt\/schraubhering-small-12-tlg\/","url":"https:\/\/shop.bantam.ch\/de\/produkt\/schraubhering-small-12-tlg\/","name":"Schraubhering Peggy Peg Small - Bantam","isPartOf":{"@id":"https:\/\/shop.bantam.ch\/de\/#website"},"primaryImageOfPage":{"@id":"https:\/\/shop.bantam.ch\/de\/produkt\/schraubhering-small-12-tlg\/#primaryimage"},"image":{"@id":"https:\/\/shop.bantam.ch\/de\/produkt\/schraubhering-small-12-tlg\/#primaryimage"},"thumbnailUrl":"https:\/\/shop.bantam.ch\/wp-content\/uploads\/2023\/02\/9916174-PP_Schraubhering_S_12er_Set_orange-Standard-01-1.jpg","datePublished":"2023-02-22T19:45:34+00:00","dateModified":"2026-05-11T18:53:22+00:00","breadcrumb":{"@id":"https:\/\/shop.bantam.ch\/de\/produkt\/schraubhering-small-12-tlg\/#breadcrumb"},"inLanguage":"de","potentialAction":[{"@type":"ReadAction","target":["https:\/\/shop.bantam.ch\/de\/produkt\/schraubhering-small-12-tlg\/"]}]},{"@type":"ImageObject","inLanguage":"de","@id":"https:\/\/shop.bantam.ch\/de\/produkt\/schraubhering-small-12-tlg\/#primaryimage","url":"https:\/\/shop.bantam.ch\/wp-content\/uploads\/2023\/02\/9916174-PP_Schraubhering_S_12er_Set_orange-Standard-01-1.jpg","contentUrl":"https:\/\/shop.bantam.ch\/wp-content\/uploads\/2023\/02\/9916174-PP_Schraubhering_S_12er_Set_orange-Standard-01-1.jpg","width":1000,"height":887},{"@type":"BreadcrumbList","@id":"https:\/\/shop.bantam.ch\/de\/produkt\/schraubhering-small-12-tlg\/#breadcrumb","itemListElement":[{"@type":"ListItem","position":1,"name":"Accueil","item":"https:\/\/shop.bantam.ch\/de\/"},{"@type":"ListItem","position":2,"name":"Shop","item":"https:\/\/shop.bantam.ch\/de\/shop\/"},{"@type":"ListItem","position":3,"name":"Schraubhering Peggy Peg Small"}]},{"@type":"WebSite","@id":"https:\/\/shop.bantam.ch\/de\/#website","url":"https:\/\/shop.bantam.ch\/de\/","name":"Bantam","description":"","publisher":{"@id":"https:\/\/shop.bantam.ch\/de\/#organization"},"inLanguage":"de"},{"@type":"Organization","@id":"https:\/\/shop.bantam.ch\/de\/#organization","name":"Bantam","url":"https:\/\/shop.bantam.ch\/de\/","logo":{"@type":"ImageObject","inLanguage":"de","@id":"https:\/\/shop.bantam.ch\/de\/#\/schema\/logo\/image\/","url":"https:\/\/shop.bantam.ch\/wp-content\/uploads\/2022\/12\/bantam-logo.png","contentUrl":"https:\/\/shop.bantam.ch\/wp-content\/uploads\/2022\/12\/bantam-logo.png","width":320,"height":71,"caption":"Bantam"},"image":{"@id":"https:\/\/shop.bantam.ch\/de\/#\/schema\/logo\/image\/"}}]}},"_links":{"self":[{"href":"https:\/\/shop.bantam.ch\/de\/wp-json\/wp\/v2\/product\/39306","targetHints":{"allow":["GET"]}}],"collection":[{"href":"https:\/\/shop.bantam.ch\/de\/wp-json\/wp\/v2\/product"}],"about":[{"href":"https:\/\/shop.bantam.ch\/de\/wp-json\/wp\/v2\/types\/product"}],"wp:featuredmedia":[{"embeddable":true,"href":"https:\/\/shop.bantam.ch\/de\/wp-json\/wp\/v2\/media\/39302"}],"wp:attachment":[{"href":"https:\/\/shop.bantam.ch\/de\/wp-json\/wp\/v2\/media?parent=39306"}],"wp:term":[{"taxonomy":"product_featured_cat","embeddable":true,"href":"https:\/\/shop.bantam.ch\/de\/wp-json\/wp\/v2\/product_featured_cat?post=39306"},{"taxonomy":"product_brand","embeddable":true,"href":"https:\/\/shop.bantam.ch\/de\/wp-json\/wp\/v2\/product_brand?post=39306"},{"taxonomy":"product_cat","embeddable":true,"href":"https:\/\/shop.bantam.ch\/de\/wp-json\/wp\/v2\/product_cat?post=39306"},{"taxonomy":"product_tag","embeddable":true,"href":"https:\/\/shop.bantam.ch\/de\/wp-json\/wp\/v2\/product_tag?post=39306"}],"curies":[{"name":"wp","href":"https:\/\/api.w.org\/{rel}","templated":true}]}}