{"id":39156,"date":"2023-02-22T20:42:31","date_gmt":"2023-02-22T19:42:31","guid":{"rendered":"http:\/\/preprod-dev.sh1.hidora.com\/webshop\/produit\/lastentraeger-slideport-fuer-ducato-x250-ab-07-2006-langer-ueberhang\/"},"modified":"2026-04-17T20:52:41","modified_gmt":"2026-04-17T18:52:41","slug":"lastentraeger-slideport-fuer-ducato-x250-ab-07-2006-langer-ueberhang","status":"publish","type":"product","link":"https:\/\/shop.bantam.ch\/de\/produkt\/lastentraeger-slideport-fuer-ducato-x250-ab-07-2006-langer-ueberhang\/","title":{"rendered":"Lastentr\u00e4ger SlidePort f\u00fcr Fiat Ducato X250 langer \u00dcberhang"},"content":{"rendered":"<p>Speziell f\u00fcr die Verwendung am Fiat Ducato Kastenwagen ab 07\/2006 konzipiertes, \u00fcberwiegend aus Aluminium gefertigtes Lastentr\u00e4gersystem. Dank eines rollengelagerten Schiebemechanismus kann die Plattform auf im beladenen Zustand leicht und ohne gro\u00dfen Kraftaufwand nach links geschoben werden. Sie gibt so den Zugang zu den Heckt\u00fcren frei, um Gasflaschen, Kassettentoilette und Stauraum zu erreichen k\u00f6nnen. Durch die Befestigung mit Lenkerspanngurt und Zusatzgurten am bew\u00e4hrten Linnepe-Nutensystem steht das Zweirad ganz ohne Halteb\u00fcgel sicher auf der Plattform. Die Auffahrschiene verschwindet in einer Schublade unter dem Tr\u00e4ger, der sich werkzeuglos abnehmen l\u00e4sst.<\/p>\n<p>Lieferumfang:<br \/>Inklusive 4 Zurr\u00f6sen, Lenkerspanngurt, 2 Spanngurten L\u00e4nge 2 m, 2 Spanngurten zur Radfixierung und 1 Auffahrschiene.<\/p>\n<ul>\n<li>\u00dcberhang: 138 cm<\/li>\n<\/ul>\n","protected":false},"excerpt":{"rendered":"<p>Speziell f\u00fcr die Verwendung am Fiat Ducato Kastenwagen ab 07\/2006 konzipiertes, \u00fcberwiegend aus Aluminium gefertigtes Lastentr\u00e4gersystem. Dank eines rollengelagerten Schiebemechanismus kann die Plattform auf im beladenen Zustand leicht und ohne gro\u00dfen Kraftaufwand nach links geschoben werden. Sie gibt so den Zugang zu den Heckt\u00fcren frei, um Gasflaschen, Kassettentoilette und Stauraum zu erreichen k\u00f6nnen. Durch die [&hellip;]<\/p>\n","protected":false},"featured_media":39148,"template":"","meta":{"_acf_changed":false},"product_featured_cat":[],"product_brand":[3147],"product_cat":[5138],"product_tag":[],"class_list":{"0":"post-39156","1":"product","2":"type-product","3":"status-publish","4":"has-post-thumbnail","6":"product_brand-linnepe-de","7":"product_cat-heck-fahrradtraeger","9":"first","10":"instock","11":"taxable","12":"shipping-taxable","13":"purchasable","14":"product-type-simple"},"acf":[],"yoast_head":"<!-- This site is optimized with the Yoast SEO plugin v27.4 - https:\/\/yoast.com\/product\/yoast-seo-wordpress\/ -->\n<title>Lastentr\u00e4ger SlidePort f\u00fcr Fiat Ducato X250 langer \u00dcberhang - Bantam Camping AG<\/title>\n<meta name=\"robots\" content=\"index, follow, max-snippet:-1, max-image-preview:large, max-video-preview:-1\" \/>\n<link rel=\"canonical\" href=\"https:\/\/shop.bantam.ch\/de\/produkt\/lastentraeger-slideport-fuer-ducato-x250-ab-07-2006-langer-ueberhang\/\" \/>\n<meta property=\"og:locale\" content=\"de_DE\" \/>\n<meta property=\"og:type\" content=\"article\" \/>\n<meta property=\"og:title\" content=\"Lastentr\u00e4ger SlidePort f\u00fcr Fiat Ducato X250 langer \u00dcberhang - Bantam Camping AG\" \/>\n<meta property=\"og:description\" content=\"Speziell f\u00fcr die Verwendung am Fiat Ducato Kastenwagen ab 07\/2006 konzipiertes, \u00fcberwiegend aus Aluminium gefertigtes Lastentr\u00e4gersystem. Dank eines rollengelagerten Schiebemechanismus kann die Plattform auf im beladenen Zustand leicht und ohne gro\u00dfen Kraftaufwand nach links geschoben werden. Sie gibt so den Zugang zu den Heckt\u00fcren frei, um Gasflaschen, Kassettentoilette und Stauraum zu erreichen k\u00f6nnen. Durch die [&hellip;]\" \/>\n<meta property=\"og:url\" content=\"https:\/\/shop.bantam.ch\/de\/produkt\/lastentraeger-slideport-fuer-ducato-x250-ab-07-2006-langer-ueberhang\/\" \/>\n<meta property=\"og:site_name\" content=\"Bantam Camping AG\" \/>\n<meta property=\"article:modified_time\" content=\"2026-04-17T18:52:41+00:00\" \/>\n<meta property=\"og:image\" content=\"https:\/\/shop.bantam.ch\/wp-content\/uploads\/2023\/02\/9919544-Lastentraeger_SlidePort_fuer_Fiat_Ducato_X250_langer_Ueberhang-Standard-01-1.jpg\" \/>\n\t<meta property=\"og:image:width\" content=\"1000\" \/>\n\t<meta property=\"og:image:height\" content=\"750\" \/>\n\t<meta property=\"og:image:type\" content=\"image\/jpeg\" \/>\n<meta name=\"twitter:card\" content=\"summary_large_image\" \/>\n<meta name=\"twitter:label1\" content=\"Gesch\u00e4tzte Lesezeit\" \/>\n\t<meta name=\"twitter:data1\" content=\"1\u00a0Minute\" \/>\n<script type=\"application\/ld+json\" class=\"yoast-schema-graph\">{\"@context\":\"https:\\\/\\\/schema.org\",\"@graph\":[{\"@type\":\"WebPage\",\"@id\":\"https:\\\/\\\/shop.bantam.ch\\\/de\\\/produkt\\\/lastentraeger-slideport-fuer-ducato-x250-ab-07-2006-langer-ueberhang\\\/\",\"url\":\"https:\\\/\\\/shop.bantam.ch\\\/de\\\/produkt\\\/lastentraeger-slideport-fuer-ducato-x250-ab-07-2006-langer-ueberhang\\\/\",\"name\":\"Lastentr\u00e4ger SlidePort f\u00fcr Fiat Ducato X250 langer \u00dcberhang - Bantam Camping AG\",\"isPartOf\":{\"@id\":\"https:\\\/\\\/shop.bantam.ch\\\/de\\\/#website\"},\"primaryImageOfPage\":{\"@id\":\"https:\\\/\\\/shop.bantam.ch\\\/de\\\/produkt\\\/lastentraeger-slideport-fuer-ducato-x250-ab-07-2006-langer-ueberhang\\\/#primaryimage\"},\"image\":{\"@id\":\"https:\\\/\\\/shop.bantam.ch\\\/de\\\/produkt\\\/lastentraeger-slideport-fuer-ducato-x250-ab-07-2006-langer-ueberhang\\\/#primaryimage\"},\"thumbnailUrl\":\"https:\\\/\\\/shop.bantam.ch\\\/wp-content\\\/uploads\\\/2023\\\/02\\\/9919544-Lastentraeger_SlidePort_fuer_Fiat_Ducato_X250_langer_Ueberhang-Standard-01-1.jpg\",\"datePublished\":\"2023-02-22T19:42:31+00:00\",\"dateModified\":\"2026-04-17T18:52:41+00:00\",\"breadcrumb\":{\"@id\":\"https:\\\/\\\/shop.bantam.ch\\\/de\\\/produkt\\\/lastentraeger-slideport-fuer-ducato-x250-ab-07-2006-langer-ueberhang\\\/#breadcrumb\"},\"inLanguage\":\"de\",\"potentialAction\":[{\"@type\":\"ReadAction\",\"target\":[\"https:\\\/\\\/shop.bantam.ch\\\/de\\\/produkt\\\/lastentraeger-slideport-fuer-ducato-x250-ab-07-2006-langer-ueberhang\\\/\"]}]},{\"@type\":\"ImageObject\",\"inLanguage\":\"de\",\"@id\":\"https:\\\/\\\/shop.bantam.ch\\\/de\\\/produkt\\\/lastentraeger-slideport-fuer-ducato-x250-ab-07-2006-langer-ueberhang\\\/#primaryimage\",\"url\":\"https:\\\/\\\/shop.bantam.ch\\\/wp-content\\\/uploads\\\/2023\\\/02\\\/9919544-Lastentraeger_SlidePort_fuer_Fiat_Ducato_X250_langer_Ueberhang-Standard-01-1.jpg\",\"contentUrl\":\"https:\\\/\\\/shop.bantam.ch\\\/wp-content\\\/uploads\\\/2023\\\/02\\\/9919544-Lastentraeger_SlidePort_fuer_Fiat_Ducato_X250_langer_Ueberhang-Standard-01-1.jpg\",\"width\":1000,\"height\":750},{\"@type\":\"BreadcrumbList\",\"@id\":\"https:\\\/\\\/shop.bantam.ch\\\/de\\\/produkt\\\/lastentraeger-slideport-fuer-ducato-x250-ab-07-2006-langer-ueberhang\\\/#breadcrumb\",\"itemListElement\":[{\"@type\":\"ListItem\",\"position\":1,\"name\":\"Accueil\",\"item\":\"https:\\\/\\\/shop.bantam.ch\\\/de\\\/\"},{\"@type\":\"ListItem\",\"position\":2,\"name\":\"Shop\",\"item\":\"https:\\\/\\\/shop.bantam.ch\\\/de\\\/shop\\\/\"},{\"@type\":\"ListItem\",\"position\":3,\"name\":\"Lastentr\u00e4ger SlidePort f\u00fcr Fiat Ducato X250 langer \u00dcberhang\"}]},{\"@type\":\"WebSite\",\"@id\":\"https:\\\/\\\/shop.bantam.ch\\\/de\\\/#website\",\"url\":\"https:\\\/\\\/shop.bantam.ch\\\/de\\\/\",\"name\":\"Bantam Camping AG\",\"description\":\"\",\"publisher\":{\"@id\":\"https:\\\/\\\/shop.bantam.ch\\\/de\\\/#organization\"},\"inLanguage\":\"de\"},{\"@type\":\"Organization\",\"@id\":\"https:\\\/\\\/shop.bantam.ch\\\/de\\\/#organization\",\"name\":\"Bantam Camping AG\",\"url\":\"https:\\\/\\\/shop.bantam.ch\\\/de\\\/\",\"logo\":{\"@type\":\"ImageObject\",\"inLanguage\":\"de\",\"@id\":\"https:\\\/\\\/shop.bantam.ch\\\/de\\\/#\\\/schema\\\/logo\\\/image\\\/\",\"url\":\"https:\\\/\\\/shop.bantam.ch\\\/wp-content\\\/uploads\\\/2022\\\/12\\\/bantam-logo.png\",\"contentUrl\":\"https:\\\/\\\/shop.bantam.ch\\\/wp-content\\\/uploads\\\/2022\\\/12\\\/bantam-logo.png\",\"width\":320,\"height\":71,\"caption\":\"Bantam Camping AG\"},\"image\":{\"@id\":\"https:\\\/\\\/shop.bantam.ch\\\/de\\\/#\\\/schema\\\/logo\\\/image\\\/\"}}]}<\/script>\n<!-- \/ Yoast SEO plugin. -->","yoast_head_json":{"title":"Lastentr\u00e4ger SlidePort f\u00fcr Fiat Ducato X250 langer \u00dcberhang - Bantam Camping AG","robots":{"index":"index","follow":"follow","max-snippet":"max-snippet:-1","max-image-preview":"max-image-preview:large","max-video-preview":"max-video-preview:-1"},"canonical":"https:\/\/shop.bantam.ch\/de\/produkt\/lastentraeger-slideport-fuer-ducato-x250-ab-07-2006-langer-ueberhang\/","og_locale":"de_DE","og_type":"article","og_title":"Lastentr\u00e4ger SlidePort f\u00fcr Fiat Ducato X250 langer \u00dcberhang - Bantam Camping AG","og_description":"Speziell f\u00fcr die Verwendung am Fiat Ducato Kastenwagen ab 07\/2006 konzipiertes, \u00fcberwiegend aus Aluminium gefertigtes Lastentr\u00e4gersystem. Dank eines rollengelagerten Schiebemechanismus kann die Plattform auf im beladenen Zustand leicht und ohne gro\u00dfen Kraftaufwand nach links geschoben werden. Sie gibt so den Zugang zu den Heckt\u00fcren frei, um Gasflaschen, Kassettentoilette und Stauraum zu erreichen k\u00f6nnen. Durch die [&hellip;]","og_url":"https:\/\/shop.bantam.ch\/de\/produkt\/lastentraeger-slideport-fuer-ducato-x250-ab-07-2006-langer-ueberhang\/","og_site_name":"Bantam Camping AG","article_modified_time":"2026-04-17T18:52:41+00:00","og_image":[{"width":1000,"height":750,"url":"https:\/\/shop.bantam.ch\/wp-content\/uploads\/2023\/02\/9919544-Lastentraeger_SlidePort_fuer_Fiat_Ducato_X250_langer_Ueberhang-Standard-01-1.jpg","type":"image\/jpeg"}],"twitter_card":"summary_large_image","twitter_misc":{"Gesch\u00e4tzte Lesezeit":"1\u00a0Minute"},"schema":{"@context":"https:\/\/schema.org","@graph":[{"@type":"WebPage","@id":"https:\/\/shop.bantam.ch\/de\/produkt\/lastentraeger-slideport-fuer-ducato-x250-ab-07-2006-langer-ueberhang\/","url":"https:\/\/shop.bantam.ch\/de\/produkt\/lastentraeger-slideport-fuer-ducato-x250-ab-07-2006-langer-ueberhang\/","name":"Lastentr\u00e4ger SlidePort f\u00fcr Fiat Ducato X250 langer \u00dcberhang - Bantam Camping AG","isPartOf":{"@id":"https:\/\/shop.bantam.ch\/de\/#website"},"primaryImageOfPage":{"@id":"https:\/\/shop.bantam.ch\/de\/produkt\/lastentraeger-slideport-fuer-ducato-x250-ab-07-2006-langer-ueberhang\/#primaryimage"},"image":{"@id":"https:\/\/shop.bantam.ch\/de\/produkt\/lastentraeger-slideport-fuer-ducato-x250-ab-07-2006-langer-ueberhang\/#primaryimage"},"thumbnailUrl":"https:\/\/shop.bantam.ch\/wp-content\/uploads\/2023\/02\/9919544-Lastentraeger_SlidePort_fuer_Fiat_Ducato_X250_langer_Ueberhang-Standard-01-1.jpg","datePublished":"2023-02-22T19:42:31+00:00","dateModified":"2026-04-17T18:52:41+00:00","breadcrumb":{"@id":"https:\/\/shop.bantam.ch\/de\/produkt\/lastentraeger-slideport-fuer-ducato-x250-ab-07-2006-langer-ueberhang\/#breadcrumb"},"inLanguage":"de","potentialAction":[{"@type":"ReadAction","target":["https:\/\/shop.bantam.ch\/de\/produkt\/lastentraeger-slideport-fuer-ducato-x250-ab-07-2006-langer-ueberhang\/"]}]},{"@type":"ImageObject","inLanguage":"de","@id":"https:\/\/shop.bantam.ch\/de\/produkt\/lastentraeger-slideport-fuer-ducato-x250-ab-07-2006-langer-ueberhang\/#primaryimage","url":"https:\/\/shop.bantam.ch\/wp-content\/uploads\/2023\/02\/9919544-Lastentraeger_SlidePort_fuer_Fiat_Ducato_X250_langer_Ueberhang-Standard-01-1.jpg","contentUrl":"https:\/\/shop.bantam.ch\/wp-content\/uploads\/2023\/02\/9919544-Lastentraeger_SlidePort_fuer_Fiat_Ducato_X250_langer_Ueberhang-Standard-01-1.jpg","width":1000,"height":750},{"@type":"BreadcrumbList","@id":"https:\/\/shop.bantam.ch\/de\/produkt\/lastentraeger-slideport-fuer-ducato-x250-ab-07-2006-langer-ueberhang\/#breadcrumb","itemListElement":[{"@type":"ListItem","position":1,"name":"Accueil","item":"https:\/\/shop.bantam.ch\/de\/"},{"@type":"ListItem","position":2,"name":"Shop","item":"https:\/\/shop.bantam.ch\/de\/shop\/"},{"@type":"ListItem","position":3,"name":"Lastentr\u00e4ger SlidePort f\u00fcr Fiat Ducato X250 langer \u00dcberhang"}]},{"@type":"WebSite","@id":"https:\/\/shop.bantam.ch\/de\/#website","url":"https:\/\/shop.bantam.ch\/de\/","name":"Bantam Camping AG","description":"","publisher":{"@id":"https:\/\/shop.bantam.ch\/de\/#organization"},"inLanguage":"de"},{"@type":"Organization","@id":"https:\/\/shop.bantam.ch\/de\/#organization","name":"Bantam Camping AG","url":"https:\/\/shop.bantam.ch\/de\/","logo":{"@type":"ImageObject","inLanguage":"de","@id":"https:\/\/shop.bantam.ch\/de\/#\/schema\/logo\/image\/","url":"https:\/\/shop.bantam.ch\/wp-content\/uploads\/2022\/12\/bantam-logo.png","contentUrl":"https:\/\/shop.bantam.ch\/wp-content\/uploads\/2022\/12\/bantam-logo.png","width":320,"height":71,"caption":"Bantam Camping AG"},"image":{"@id":"https:\/\/shop.bantam.ch\/de\/#\/schema\/logo\/image\/"}}]}},"_links":{"self":[{"href":"https:\/\/shop.bantam.ch\/de\/wp-json\/wp\/v2\/product\/39156","targetHints":{"allow":["GET"]}}],"collection":[{"href":"https:\/\/shop.bantam.ch\/de\/wp-json\/wp\/v2\/product"}],"about":[{"href":"https:\/\/shop.bantam.ch\/de\/wp-json\/wp\/v2\/types\/product"}],"wp:featuredmedia":[{"embeddable":true,"href":"https:\/\/shop.bantam.ch\/de\/wp-json\/wp\/v2\/media\/39148"}],"wp:attachment":[{"href":"https:\/\/shop.bantam.ch\/de\/wp-json\/wp\/v2\/media?parent=39156"}],"wp:term":[{"taxonomy":"product_featured_cat","embeddable":true,"href":"https:\/\/shop.bantam.ch\/de\/wp-json\/wp\/v2\/product_featured_cat?post=39156"},{"taxonomy":"product_brand","embeddable":true,"href":"https:\/\/shop.bantam.ch\/de\/wp-json\/wp\/v2\/product_brand?post=39156"},{"taxonomy":"product_cat","embeddable":true,"href":"https:\/\/shop.bantam.ch\/de\/wp-json\/wp\/v2\/product_cat?post=39156"},{"taxonomy":"product_tag","embeddable":true,"href":"https:\/\/shop.bantam.ch\/de\/wp-json\/wp\/v2\/product_tag?post=39156"}],"curies":[{"name":"wp","href":"https:\/\/api.w.org\/{rel}","templated":true}]}}