{"id":38802,"date":"2023-02-22T20:35:51","date_gmt":"2023-02-22T19:35:51","guid":{"rendered":"http:\/\/preprod-dev.sh1.hidora.com\/webshop\/produit\/schraubhering-mit-kontermutter-peg-stop-n-4-stueck\/"},"modified":"2026-04-18T20:52:54","modified_gmt":"2026-04-18T18:52:54","slug":"schraubhering-mit-kontermutter-peg-stop-n-4-stueck","status":"publish","type":"product","link":"https:\/\/shop.bantam.ch\/de\/produkt\/schraubhering-mit-kontermutter-peg-stop-n-4-stueck\/","title":{"rendered":"Schraubheringe Peggy Peg mit Kontermutter Peg &amp; Stop N Inhalt 4 St\u00fcck"},"content":{"rendered":"<p>Peg&amp;Stop ist der glasfaserverst\u00e4rkte, stufenlos h\u00f6henverstellbare Schraubhering mit Kontermutter passend zur Fix&amp;Go Ankerplatte 2.0. Der neu entwickelte Peg&amp;Stop wird via Akkuschrauber oder Handschl\u00fcssel eingeschraubt, nur so lange bis ausreichend Halt vorhanden ist und die Schraube keinen Vortrieb mehr hat. Um ein \u00dcberdrehen der Schraube zu vermeiden gen\u00fcgen bereits ein bis zwei Rechtsdrehungen der Kontermutter, um die Ankerplatte durch den Gegendruck unverz\u00fcglich und stufenlos zu fixieren. (Vorbohren kann hilfreich sein, vor allem im Winter).<\/p>\n<p>Inhalt:<br \/>4er Set<\/p>\n","protected":false},"excerpt":{"rendered":"<p>Peg&amp;Stop ist der glasfaserverst\u00e4rkte, stufenlos h\u00f6henverstellbare Schraubhering mit Kontermutter passend zur Fix&amp;Go Ankerplatte 2.0. Der neu entwickelte Peg&amp;Stop wird via Akkuschrauber oder Handschl\u00fcssel eingeschraubt, nur so lange bis ausreichend Halt vorhanden ist und die Schraube keinen Vortrieb mehr hat. Um ein \u00dcberdrehen der Schraube zu vermeiden gen\u00fcgen bereits ein bis zwei Rechtsdrehungen der Kontermutter, um [&hellip;]<\/p>\n","protected":false},"featured_media":38798,"template":"","meta":{"_acf_changed":false},"product_featured_cat":[],"product_brand":[3117],"product_cat":[4254],"product_tag":[],"class_list":{"0":"post-38802","1":"product","2":"type-product","3":"status-publish","4":"has-post-thumbnail","6":"product_brand-peggy-peg-de","7":"product_cat-aufbau-zubehoer","9":"first","10":"instock","11":"taxable","12":"shipping-taxable","13":"purchasable","14":"product-type-simple"},"acf":[],"yoast_head":"<!-- This site is optimized with the Yoast SEO plugin v27.4 - https:\/\/yoast.com\/product\/yoast-seo-wordpress\/ -->\n<title>Schraubheringe Peggy Peg mit Kontermutter Peg &amp; Stop N Inhalt 4 St\u00fcck - Bantam Camping AG<\/title>\n<meta name=\"robots\" content=\"index, follow, max-snippet:-1, max-image-preview:large, max-video-preview:-1\" \/>\n<link rel=\"canonical\" href=\"https:\/\/shop.bantam.ch\/de\/produkt\/schraubhering-mit-kontermutter-peg-stop-n-4-stueck\/\" \/>\n<meta property=\"og:locale\" content=\"de_DE\" \/>\n<meta property=\"og:type\" content=\"article\" \/>\n<meta property=\"og:title\" content=\"Schraubheringe Peggy Peg mit Kontermutter Peg &amp; Stop N Inhalt 4 St\u00fcck - Bantam Camping AG\" \/>\n<meta property=\"og:description\" content=\"Peg&amp;Stop ist der glasfaserverst\u00e4rkte, stufenlos h\u00f6henverstellbare Schraubhering mit Kontermutter passend zur Fix&amp;Go Ankerplatte 2.0. Der neu entwickelte Peg&amp;Stop wird via Akkuschrauber oder Handschl\u00fcssel eingeschraubt, nur so lange bis ausreichend Halt vorhanden ist und die Schraube keinen Vortrieb mehr hat. Um ein \u00dcberdrehen der Schraube zu vermeiden gen\u00fcgen bereits ein bis zwei Rechtsdrehungen der Kontermutter, um [&hellip;]\" \/>\n<meta property=\"og:url\" content=\"https:\/\/shop.bantam.ch\/de\/produkt\/schraubhering-mit-kontermutter-peg-stop-n-4-stueck\/\" \/>\n<meta property=\"og:site_name\" content=\"Bantam Camping AG\" \/>\n<meta property=\"article:modified_time\" content=\"2026-04-18T18:52:54+00:00\" \/>\n<meta property=\"og:image\" content=\"https:\/\/shop.bantam.ch\/wp-content\/uploads\/2023\/02\/9916198100-1.jpg\" \/>\n\t<meta property=\"og:image:width\" content=\"1000\" \/>\n\t<meta property=\"og:image:height\" content=\"750\" \/>\n\t<meta property=\"og:image:type\" content=\"image\/jpeg\" \/>\n<meta name=\"twitter:card\" content=\"summary_large_image\" \/>\n<script type=\"application\/ld+json\" class=\"yoast-schema-graph\">{\"@context\":\"https:\\\/\\\/schema.org\",\"@graph\":[{\"@type\":\"WebPage\",\"@id\":\"https:\\\/\\\/shop.bantam.ch\\\/de\\\/produkt\\\/schraubhering-mit-kontermutter-peg-stop-n-4-stueck\\\/\",\"url\":\"https:\\\/\\\/shop.bantam.ch\\\/de\\\/produkt\\\/schraubhering-mit-kontermutter-peg-stop-n-4-stueck\\\/\",\"name\":\"Schraubheringe Peggy Peg mit Kontermutter Peg &amp; Stop N Inhalt 4 St\u00fcck - Bantam Camping AG\",\"isPartOf\":{\"@id\":\"https:\\\/\\\/shop.bantam.ch\\\/de\\\/#website\"},\"primaryImageOfPage\":{\"@id\":\"https:\\\/\\\/shop.bantam.ch\\\/de\\\/produkt\\\/schraubhering-mit-kontermutter-peg-stop-n-4-stueck\\\/#primaryimage\"},\"image\":{\"@id\":\"https:\\\/\\\/shop.bantam.ch\\\/de\\\/produkt\\\/schraubhering-mit-kontermutter-peg-stop-n-4-stueck\\\/#primaryimage\"},\"thumbnailUrl\":\"https:\\\/\\\/shop.bantam.ch\\\/wp-content\\\/uploads\\\/2023\\\/02\\\/9916198100-1.jpg\",\"datePublished\":\"2023-02-22T19:35:51+00:00\",\"dateModified\":\"2026-04-18T18:52:54+00:00\",\"breadcrumb\":{\"@id\":\"https:\\\/\\\/shop.bantam.ch\\\/de\\\/produkt\\\/schraubhering-mit-kontermutter-peg-stop-n-4-stueck\\\/#breadcrumb\"},\"inLanguage\":\"de\",\"potentialAction\":[{\"@type\":\"ReadAction\",\"target\":[\"https:\\\/\\\/shop.bantam.ch\\\/de\\\/produkt\\\/schraubhering-mit-kontermutter-peg-stop-n-4-stueck\\\/\"]}]},{\"@type\":\"ImageObject\",\"inLanguage\":\"de\",\"@id\":\"https:\\\/\\\/shop.bantam.ch\\\/de\\\/produkt\\\/schraubhering-mit-kontermutter-peg-stop-n-4-stueck\\\/#primaryimage\",\"url\":\"https:\\\/\\\/shop.bantam.ch\\\/wp-content\\\/uploads\\\/2023\\\/02\\\/9916198100-1.jpg\",\"contentUrl\":\"https:\\\/\\\/shop.bantam.ch\\\/wp-content\\\/uploads\\\/2023\\\/02\\\/9916198100-1.jpg\",\"width\":1000,\"height\":750},{\"@type\":\"BreadcrumbList\",\"@id\":\"https:\\\/\\\/shop.bantam.ch\\\/de\\\/produkt\\\/schraubhering-mit-kontermutter-peg-stop-n-4-stueck\\\/#breadcrumb\",\"itemListElement\":[{\"@type\":\"ListItem\",\"position\":1,\"name\":\"Accueil\",\"item\":\"https:\\\/\\\/shop.bantam.ch\\\/de\\\/\"},{\"@type\":\"ListItem\",\"position\":2,\"name\":\"Shop\",\"item\":\"https:\\\/\\\/shop.bantam.ch\\\/de\\\/shop\\\/\"},{\"@type\":\"ListItem\",\"position\":3,\"name\":\"Schraubheringe Peggy Peg mit Kontermutter Peg &amp; Stop N Inhalt 4 St\u00fcck\"}]},{\"@type\":\"WebSite\",\"@id\":\"https:\\\/\\\/shop.bantam.ch\\\/de\\\/#website\",\"url\":\"https:\\\/\\\/shop.bantam.ch\\\/de\\\/\",\"name\":\"Bantam Camping AG\",\"description\":\"\",\"publisher\":{\"@id\":\"https:\\\/\\\/shop.bantam.ch\\\/de\\\/#organization\"},\"inLanguage\":\"de\"},{\"@type\":\"Organization\",\"@id\":\"https:\\\/\\\/shop.bantam.ch\\\/de\\\/#organization\",\"name\":\"Bantam Camping AG\",\"url\":\"https:\\\/\\\/shop.bantam.ch\\\/de\\\/\",\"logo\":{\"@type\":\"ImageObject\",\"inLanguage\":\"de\",\"@id\":\"https:\\\/\\\/shop.bantam.ch\\\/de\\\/#\\\/schema\\\/logo\\\/image\\\/\",\"url\":\"https:\\\/\\\/shop.bantam.ch\\\/wp-content\\\/uploads\\\/2022\\\/12\\\/bantam-logo.png\",\"contentUrl\":\"https:\\\/\\\/shop.bantam.ch\\\/wp-content\\\/uploads\\\/2022\\\/12\\\/bantam-logo.png\",\"width\":320,\"height\":71,\"caption\":\"Bantam Camping AG\"},\"image\":{\"@id\":\"https:\\\/\\\/shop.bantam.ch\\\/de\\\/#\\\/schema\\\/logo\\\/image\\\/\"}}]}<\/script>\n<!-- \/ Yoast SEO plugin. -->","yoast_head_json":{"title":"Schraubheringe Peggy Peg mit Kontermutter Peg &amp; Stop N Inhalt 4 St\u00fcck - Bantam Camping AG","robots":{"index":"index","follow":"follow","max-snippet":"max-snippet:-1","max-image-preview":"max-image-preview:large","max-video-preview":"max-video-preview:-1"},"canonical":"https:\/\/shop.bantam.ch\/de\/produkt\/schraubhering-mit-kontermutter-peg-stop-n-4-stueck\/","og_locale":"de_DE","og_type":"article","og_title":"Schraubheringe Peggy Peg mit Kontermutter Peg &amp; Stop N Inhalt 4 St\u00fcck - Bantam Camping AG","og_description":"Peg&amp;Stop ist der glasfaserverst\u00e4rkte, stufenlos h\u00f6henverstellbare Schraubhering mit Kontermutter passend zur Fix&amp;Go Ankerplatte 2.0. Der neu entwickelte Peg&amp;Stop wird via Akkuschrauber oder Handschl\u00fcssel eingeschraubt, nur so lange bis ausreichend Halt vorhanden ist und die Schraube keinen Vortrieb mehr hat. Um ein \u00dcberdrehen der Schraube zu vermeiden gen\u00fcgen bereits ein bis zwei Rechtsdrehungen der Kontermutter, um [&hellip;]","og_url":"https:\/\/shop.bantam.ch\/de\/produkt\/schraubhering-mit-kontermutter-peg-stop-n-4-stueck\/","og_site_name":"Bantam Camping AG","article_modified_time":"2026-04-18T18:52:54+00:00","og_image":[{"width":1000,"height":750,"url":"https:\/\/shop.bantam.ch\/wp-content\/uploads\/2023\/02\/9916198100-1.jpg","type":"image\/jpeg"}],"twitter_card":"summary_large_image","schema":{"@context":"https:\/\/schema.org","@graph":[{"@type":"WebPage","@id":"https:\/\/shop.bantam.ch\/de\/produkt\/schraubhering-mit-kontermutter-peg-stop-n-4-stueck\/","url":"https:\/\/shop.bantam.ch\/de\/produkt\/schraubhering-mit-kontermutter-peg-stop-n-4-stueck\/","name":"Schraubheringe Peggy Peg mit Kontermutter Peg &amp; Stop N Inhalt 4 St\u00fcck - Bantam Camping AG","isPartOf":{"@id":"https:\/\/shop.bantam.ch\/de\/#website"},"primaryImageOfPage":{"@id":"https:\/\/shop.bantam.ch\/de\/produkt\/schraubhering-mit-kontermutter-peg-stop-n-4-stueck\/#primaryimage"},"image":{"@id":"https:\/\/shop.bantam.ch\/de\/produkt\/schraubhering-mit-kontermutter-peg-stop-n-4-stueck\/#primaryimage"},"thumbnailUrl":"https:\/\/shop.bantam.ch\/wp-content\/uploads\/2023\/02\/9916198100-1.jpg","datePublished":"2023-02-22T19:35:51+00:00","dateModified":"2026-04-18T18:52:54+00:00","breadcrumb":{"@id":"https:\/\/shop.bantam.ch\/de\/produkt\/schraubhering-mit-kontermutter-peg-stop-n-4-stueck\/#breadcrumb"},"inLanguage":"de","potentialAction":[{"@type":"ReadAction","target":["https:\/\/shop.bantam.ch\/de\/produkt\/schraubhering-mit-kontermutter-peg-stop-n-4-stueck\/"]}]},{"@type":"ImageObject","inLanguage":"de","@id":"https:\/\/shop.bantam.ch\/de\/produkt\/schraubhering-mit-kontermutter-peg-stop-n-4-stueck\/#primaryimage","url":"https:\/\/shop.bantam.ch\/wp-content\/uploads\/2023\/02\/9916198100-1.jpg","contentUrl":"https:\/\/shop.bantam.ch\/wp-content\/uploads\/2023\/02\/9916198100-1.jpg","width":1000,"height":750},{"@type":"BreadcrumbList","@id":"https:\/\/shop.bantam.ch\/de\/produkt\/schraubhering-mit-kontermutter-peg-stop-n-4-stueck\/#breadcrumb","itemListElement":[{"@type":"ListItem","position":1,"name":"Accueil","item":"https:\/\/shop.bantam.ch\/de\/"},{"@type":"ListItem","position":2,"name":"Shop","item":"https:\/\/shop.bantam.ch\/de\/shop\/"},{"@type":"ListItem","position":3,"name":"Schraubheringe Peggy Peg mit Kontermutter Peg &amp; Stop N Inhalt 4 St\u00fcck"}]},{"@type":"WebSite","@id":"https:\/\/shop.bantam.ch\/de\/#website","url":"https:\/\/shop.bantam.ch\/de\/","name":"Bantam Camping AG","description":"","publisher":{"@id":"https:\/\/shop.bantam.ch\/de\/#organization"},"inLanguage":"de"},{"@type":"Organization","@id":"https:\/\/shop.bantam.ch\/de\/#organization","name":"Bantam Camping AG","url":"https:\/\/shop.bantam.ch\/de\/","logo":{"@type":"ImageObject","inLanguage":"de","@id":"https:\/\/shop.bantam.ch\/de\/#\/schema\/logo\/image\/","url":"https:\/\/shop.bantam.ch\/wp-content\/uploads\/2022\/12\/bantam-logo.png","contentUrl":"https:\/\/shop.bantam.ch\/wp-content\/uploads\/2022\/12\/bantam-logo.png","width":320,"height":71,"caption":"Bantam Camping AG"},"image":{"@id":"https:\/\/shop.bantam.ch\/de\/#\/schema\/logo\/image\/"}}]}},"_links":{"self":[{"href":"https:\/\/shop.bantam.ch\/de\/wp-json\/wp\/v2\/product\/38802","targetHints":{"allow":["GET"]}}],"collection":[{"href":"https:\/\/shop.bantam.ch\/de\/wp-json\/wp\/v2\/product"}],"about":[{"href":"https:\/\/shop.bantam.ch\/de\/wp-json\/wp\/v2\/types\/product"}],"wp:featuredmedia":[{"embeddable":true,"href":"https:\/\/shop.bantam.ch\/de\/wp-json\/wp\/v2\/media\/38798"}],"wp:attachment":[{"href":"https:\/\/shop.bantam.ch\/de\/wp-json\/wp\/v2\/media?parent=38802"}],"wp:term":[{"taxonomy":"product_featured_cat","embeddable":true,"href":"https:\/\/shop.bantam.ch\/de\/wp-json\/wp\/v2\/product_featured_cat?post=38802"},{"taxonomy":"product_brand","embeddable":true,"href":"https:\/\/shop.bantam.ch\/de\/wp-json\/wp\/v2\/product_brand?post=38802"},{"taxonomy":"product_cat","embeddable":true,"href":"https:\/\/shop.bantam.ch\/de\/wp-json\/wp\/v2\/product_cat?post=38802"},{"taxonomy":"product_tag","embeddable":true,"href":"https:\/\/shop.bantam.ch\/de\/wp-json\/wp\/v2\/product_tag?post=38802"}],"curies":[{"name":"wp","href":"https:\/\/api.w.org\/{rel}","templated":true}]}}