{"id":38624,"date":"2023-02-22T20:29:54","date_gmt":"2023-02-22T19:29:54","guid":{"rendered":"http:\/\/preprod-dev.sh1.hidora.com\/webshop\/produit\/bettsystem-zona-mobil\/"},"modified":"2026-04-22T20:46:42","modified_gmt":"2026-04-22T18:46:42","slug":"bettsystem-zona-mobil","status":"publish","type":"product","link":"https:\/\/shop.bantam.ch\/de\/produkt\/bettsystem-zona-mobil\/","title":{"rendered":"Bettsystem Zona Mobil"},"content":{"rendered":"<p>Froli Zona Mobil ist ein Nachr\u00fcst-Schlafsystem und bietet idealen Schlafkomfort auch f\u00fcr schwergewichtige Schl\u00e4fer. Die hohen elastischen Federelemente passen sich den individuellen K\u00f6rperzonen an und unterst\u00fctzen die Wirbels\u00e4ule orthop\u00e4disch korrekt. Verspannungen oder Druckempfinden st\u00f6ren dank dem Froli Zona Mobil Schlafsystem Ihre Nachtruhe nicht mehr. Die Elemente werden zu einer Matte verclipst, die eine gesunde und komfortable Liegefl\u00e4che bildet und als Nachr\u00fcstsatz auf jeder festen Unterlage in Wohnwagen, Reisemobilen oder Booten als Lattenrost bzw. Unterfederung fungiert. Froli Zona bietet besonders schwergewichtigen Menschen die M\u00f6glichkeit, das Bettsystem individuell an den K\u00f6rper anzupassen: Bei st\u00e4rkerer Belastung werden die Federelemente eng bzw. bei geringerer Belastung mit gr\u00f6\u00dferem Abstand aneinander geclipst. Es kann zwischen 3 Lochabst\u00e4nden gew\u00e4hlt werden. In der Schulterzone lassen sich weiche Federelemente einsetzen. Die Federelemente k\u00f6nnen durch den Einschub von bis zu 2 Lordosenst\u00fctzen um 2 weitere H\u00e4rtegrade verst\u00e4rkt werden.<\/p>\n<ul>\n<li>Aufbauh\u00f6he: 6 cm<\/li>\n<li>Gewicht pro St\u00fcck: 130 g<\/li>\n<li>Gewicht pro qm: 4 kg<\/li>\n<\/ul>\n<p>Lieferumfang:<\/p>\n<p>Paketinhalt f\u00fcr die Bettgr\u00f6\u00dfen: 70\/80 x 200 cm<\/p>\n<p>36 Federn Standard, 8 Federn Soft, 44 Fu\u00dfkreuze, 8 Lordoseneinsch\u00fcbe<\/p>\n","protected":false},"excerpt":{"rendered":"<p>Froli Zona Mobil ist ein Nachr\u00fcst-Schlafsystem und bietet idealen Schlafkomfort auch f\u00fcr schwergewichtige Schl\u00e4fer. Die hohen elastischen Federelemente passen sich den individuellen K\u00f6rperzonen an und unterst\u00fctzen die Wirbels\u00e4ule orthop\u00e4disch korrekt. Verspannungen oder Druckempfinden st\u00f6ren dank dem Froli Zona Mobil Schlafsystem Ihre Nachtruhe nicht mehr. Die Elemente werden zu einer Matte verclipst, die eine gesunde und [&hellip;]<\/p>\n","protected":false},"featured_media":38586,"template":"","meta":{"_acf_changed":false},"product_featured_cat":[],"product_brand":[3059],"product_cat":[5058],"product_tag":[],"class_list":{"0":"post-38624","1":"product","2":"type-product","3":"status-publish","4":"has-post-thumbnail","6":"product_brand-froli-de","7":"product_cat-lattenroste","9":"first","10":"instock","11":"taxable","12":"shipping-taxable","13":"purchasable","14":"product-type-variable"},"acf":[],"yoast_head":"<!-- This site is optimized with the Yoast SEO plugin v27.4 - https:\/\/yoast.com\/product\/yoast-seo-wordpress\/ -->\n<title>Bettsystem Zona Mobil - Bantam Camping AG<\/title>\n<meta name=\"robots\" content=\"index, follow, max-snippet:-1, max-image-preview:large, max-video-preview:-1\" \/>\n<link rel=\"canonical\" href=\"https:\/\/shop.bantam.ch\/de\/produkt\/bettsystem-zona-mobil\/\" \/>\n<meta property=\"og:locale\" content=\"de_DE\" \/>\n<meta property=\"og:type\" content=\"article\" \/>\n<meta property=\"og:title\" content=\"Bettsystem Zona Mobil - Bantam Camping AG\" \/>\n<meta property=\"og:description\" content=\"Froli Zona Mobil ist ein Nachr\u00fcst-Schlafsystem und bietet idealen Schlafkomfort auch f\u00fcr schwergewichtige Schl\u00e4fer. Die hohen elastischen Federelemente passen sich den individuellen K\u00f6rperzonen an und unterst\u00fctzen die Wirbels\u00e4ule orthop\u00e4disch korrekt. Verspannungen oder Druckempfinden st\u00f6ren dank dem Froli Zona Mobil Schlafsystem Ihre Nachtruhe nicht mehr. Die Elemente werden zu einer Matte verclipst, die eine gesunde und [&hellip;]\" \/>\n<meta property=\"og:url\" content=\"https:\/\/shop.bantam.ch\/de\/produkt\/bettsystem-zona-mobil\/\" \/>\n<meta property=\"og:site_name\" content=\"Bantam Camping AG\" \/>\n<meta property=\"article:modified_time\" content=\"2026-04-22T18:46:42+00:00\" \/>\n<meta property=\"og:image\" content=\"https:\/\/shop.bantam.ch\/wp-content\/uploads\/2023\/02\/999767311-4.jpg\" \/>\n\t<meta property=\"og:image:width\" content=\"745\" \/>\n\t<meta property=\"og:image:height\" content=\"1000\" \/>\n\t<meta property=\"og:image:type\" content=\"image\/jpeg\" \/>\n<meta name=\"twitter:card\" content=\"summary_large_image\" \/>\n<meta name=\"twitter:label1\" content=\"Gesch\u00e4tzte Lesezeit\" \/>\n\t<meta name=\"twitter:data1\" content=\"1\u00a0Minute\" \/>\n<script type=\"application\/ld+json\" class=\"yoast-schema-graph\">{\"@context\":\"https:\\\/\\\/schema.org\",\"@graph\":[{\"@type\":\"WebPage\",\"@id\":\"https:\\\/\\\/shop.bantam.ch\\\/de\\\/produkt\\\/bettsystem-zona-mobil\\\/\",\"url\":\"https:\\\/\\\/shop.bantam.ch\\\/de\\\/produkt\\\/bettsystem-zona-mobil\\\/\",\"name\":\"Bettsystem Zona Mobil - Bantam Camping AG\",\"isPartOf\":{\"@id\":\"https:\\\/\\\/shop.bantam.ch\\\/de\\\/#website\"},\"primaryImageOfPage\":{\"@id\":\"https:\\\/\\\/shop.bantam.ch\\\/de\\\/produkt\\\/bettsystem-zona-mobil\\\/#primaryimage\"},\"image\":{\"@id\":\"https:\\\/\\\/shop.bantam.ch\\\/de\\\/produkt\\\/bettsystem-zona-mobil\\\/#primaryimage\"},\"thumbnailUrl\":\"https:\\\/\\\/shop.bantam.ch\\\/wp-content\\\/uploads\\\/2023\\\/02\\\/999767311-4.jpg\",\"datePublished\":\"2023-02-22T19:29:54+00:00\",\"dateModified\":\"2026-04-22T18:46:42+00:00\",\"breadcrumb\":{\"@id\":\"https:\\\/\\\/shop.bantam.ch\\\/de\\\/produkt\\\/bettsystem-zona-mobil\\\/#breadcrumb\"},\"inLanguage\":\"de\",\"potentialAction\":[{\"@type\":\"ReadAction\",\"target\":[\"https:\\\/\\\/shop.bantam.ch\\\/de\\\/produkt\\\/bettsystem-zona-mobil\\\/\"]}]},{\"@type\":\"ImageObject\",\"inLanguage\":\"de\",\"@id\":\"https:\\\/\\\/shop.bantam.ch\\\/de\\\/produkt\\\/bettsystem-zona-mobil\\\/#primaryimage\",\"url\":\"https:\\\/\\\/shop.bantam.ch\\\/wp-content\\\/uploads\\\/2023\\\/02\\\/999767311-4.jpg\",\"contentUrl\":\"https:\\\/\\\/shop.bantam.ch\\\/wp-content\\\/uploads\\\/2023\\\/02\\\/999767311-4.jpg\",\"width\":745,\"height\":1000},{\"@type\":\"BreadcrumbList\",\"@id\":\"https:\\\/\\\/shop.bantam.ch\\\/de\\\/produkt\\\/bettsystem-zona-mobil\\\/#breadcrumb\",\"itemListElement\":[{\"@type\":\"ListItem\",\"position\":1,\"name\":\"Accueil\",\"item\":\"https:\\\/\\\/shop.bantam.ch\\\/de\\\/\"},{\"@type\":\"ListItem\",\"position\":2,\"name\":\"Shop\",\"item\":\"https:\\\/\\\/shop.bantam.ch\\\/de\\\/shop\\\/\"},{\"@type\":\"ListItem\",\"position\":3,\"name\":\"Bettsystem Zona Mobil\"}]},{\"@type\":\"WebSite\",\"@id\":\"https:\\\/\\\/shop.bantam.ch\\\/de\\\/#website\",\"url\":\"https:\\\/\\\/shop.bantam.ch\\\/de\\\/\",\"name\":\"Bantam Camping AG\",\"description\":\"\",\"publisher\":{\"@id\":\"https:\\\/\\\/shop.bantam.ch\\\/de\\\/#organization\"},\"inLanguage\":\"de\"},{\"@type\":\"Organization\",\"@id\":\"https:\\\/\\\/shop.bantam.ch\\\/de\\\/#organization\",\"name\":\"Bantam Camping AG\",\"url\":\"https:\\\/\\\/shop.bantam.ch\\\/de\\\/\",\"logo\":{\"@type\":\"ImageObject\",\"inLanguage\":\"de\",\"@id\":\"https:\\\/\\\/shop.bantam.ch\\\/de\\\/#\\\/schema\\\/logo\\\/image\\\/\",\"url\":\"https:\\\/\\\/shop.bantam.ch\\\/wp-content\\\/uploads\\\/2022\\\/12\\\/bantam-logo.png\",\"contentUrl\":\"https:\\\/\\\/shop.bantam.ch\\\/wp-content\\\/uploads\\\/2022\\\/12\\\/bantam-logo.png\",\"width\":320,\"height\":71,\"caption\":\"Bantam Camping AG\"},\"image\":{\"@id\":\"https:\\\/\\\/shop.bantam.ch\\\/de\\\/#\\\/schema\\\/logo\\\/image\\\/\"}}]}<\/script>\n<!-- \/ Yoast SEO plugin. -->","yoast_head_json":{"title":"Bettsystem Zona Mobil - Bantam Camping AG","robots":{"index":"index","follow":"follow","max-snippet":"max-snippet:-1","max-image-preview":"max-image-preview:large","max-video-preview":"max-video-preview:-1"},"canonical":"https:\/\/shop.bantam.ch\/de\/produkt\/bettsystem-zona-mobil\/","og_locale":"de_DE","og_type":"article","og_title":"Bettsystem Zona Mobil - Bantam Camping AG","og_description":"Froli Zona Mobil ist ein Nachr\u00fcst-Schlafsystem und bietet idealen Schlafkomfort auch f\u00fcr schwergewichtige Schl\u00e4fer. Die hohen elastischen Federelemente passen sich den individuellen K\u00f6rperzonen an und unterst\u00fctzen die Wirbels\u00e4ule orthop\u00e4disch korrekt. Verspannungen oder Druckempfinden st\u00f6ren dank dem Froli Zona Mobil Schlafsystem Ihre Nachtruhe nicht mehr. Die Elemente werden zu einer Matte verclipst, die eine gesunde und [&hellip;]","og_url":"https:\/\/shop.bantam.ch\/de\/produkt\/bettsystem-zona-mobil\/","og_site_name":"Bantam Camping AG","article_modified_time":"2026-04-22T18:46:42+00:00","og_image":[{"width":745,"height":1000,"url":"https:\/\/shop.bantam.ch\/wp-content\/uploads\/2023\/02\/999767311-4.jpg","type":"image\/jpeg"}],"twitter_card":"summary_large_image","twitter_misc":{"Gesch\u00e4tzte Lesezeit":"1\u00a0Minute"},"schema":{"@context":"https:\/\/schema.org","@graph":[{"@type":"WebPage","@id":"https:\/\/shop.bantam.ch\/de\/produkt\/bettsystem-zona-mobil\/","url":"https:\/\/shop.bantam.ch\/de\/produkt\/bettsystem-zona-mobil\/","name":"Bettsystem Zona Mobil - Bantam Camping AG","isPartOf":{"@id":"https:\/\/shop.bantam.ch\/de\/#website"},"primaryImageOfPage":{"@id":"https:\/\/shop.bantam.ch\/de\/produkt\/bettsystem-zona-mobil\/#primaryimage"},"image":{"@id":"https:\/\/shop.bantam.ch\/de\/produkt\/bettsystem-zona-mobil\/#primaryimage"},"thumbnailUrl":"https:\/\/shop.bantam.ch\/wp-content\/uploads\/2023\/02\/999767311-4.jpg","datePublished":"2023-02-22T19:29:54+00:00","dateModified":"2026-04-22T18:46:42+00:00","breadcrumb":{"@id":"https:\/\/shop.bantam.ch\/de\/produkt\/bettsystem-zona-mobil\/#breadcrumb"},"inLanguage":"de","potentialAction":[{"@type":"ReadAction","target":["https:\/\/shop.bantam.ch\/de\/produkt\/bettsystem-zona-mobil\/"]}]},{"@type":"ImageObject","inLanguage":"de","@id":"https:\/\/shop.bantam.ch\/de\/produkt\/bettsystem-zona-mobil\/#primaryimage","url":"https:\/\/shop.bantam.ch\/wp-content\/uploads\/2023\/02\/999767311-4.jpg","contentUrl":"https:\/\/shop.bantam.ch\/wp-content\/uploads\/2023\/02\/999767311-4.jpg","width":745,"height":1000},{"@type":"BreadcrumbList","@id":"https:\/\/shop.bantam.ch\/de\/produkt\/bettsystem-zona-mobil\/#breadcrumb","itemListElement":[{"@type":"ListItem","position":1,"name":"Accueil","item":"https:\/\/shop.bantam.ch\/de\/"},{"@type":"ListItem","position":2,"name":"Shop","item":"https:\/\/shop.bantam.ch\/de\/shop\/"},{"@type":"ListItem","position":3,"name":"Bettsystem Zona Mobil"}]},{"@type":"WebSite","@id":"https:\/\/shop.bantam.ch\/de\/#website","url":"https:\/\/shop.bantam.ch\/de\/","name":"Bantam Camping AG","description":"","publisher":{"@id":"https:\/\/shop.bantam.ch\/de\/#organization"},"inLanguage":"de"},{"@type":"Organization","@id":"https:\/\/shop.bantam.ch\/de\/#organization","name":"Bantam Camping AG","url":"https:\/\/shop.bantam.ch\/de\/","logo":{"@type":"ImageObject","inLanguage":"de","@id":"https:\/\/shop.bantam.ch\/de\/#\/schema\/logo\/image\/","url":"https:\/\/shop.bantam.ch\/wp-content\/uploads\/2022\/12\/bantam-logo.png","contentUrl":"https:\/\/shop.bantam.ch\/wp-content\/uploads\/2022\/12\/bantam-logo.png","width":320,"height":71,"caption":"Bantam Camping AG"},"image":{"@id":"https:\/\/shop.bantam.ch\/de\/#\/schema\/logo\/image\/"}}]}},"_links":{"self":[{"href":"https:\/\/shop.bantam.ch\/de\/wp-json\/wp\/v2\/product\/38624","targetHints":{"allow":["GET"]}}],"collection":[{"href":"https:\/\/shop.bantam.ch\/de\/wp-json\/wp\/v2\/product"}],"about":[{"href":"https:\/\/shop.bantam.ch\/de\/wp-json\/wp\/v2\/types\/product"}],"wp:featuredmedia":[{"embeddable":true,"href":"https:\/\/shop.bantam.ch\/de\/wp-json\/wp\/v2\/media\/38586"}],"wp:attachment":[{"href":"https:\/\/shop.bantam.ch\/de\/wp-json\/wp\/v2\/media?parent=38624"}],"wp:term":[{"taxonomy":"product_featured_cat","embeddable":true,"href":"https:\/\/shop.bantam.ch\/de\/wp-json\/wp\/v2\/product_featured_cat?post=38624"},{"taxonomy":"product_brand","embeddable":true,"href":"https:\/\/shop.bantam.ch\/de\/wp-json\/wp\/v2\/product_brand?post=38624"},{"taxonomy":"product_cat","embeddable":true,"href":"https:\/\/shop.bantam.ch\/de\/wp-json\/wp\/v2\/product_cat?post=38624"},{"taxonomy":"product_tag","embeddable":true,"href":"https:\/\/shop.bantam.ch\/de\/wp-json\/wp\/v2\/product_tag?post=38624"}],"curies":[{"name":"wp","href":"https:\/\/api.w.org\/{rel}","templated":true}]}}