{"id":38152,"date":"2023-02-22T20:20:48","date_gmt":"2023-02-22T19:20:48","guid":{"rendered":"http:\/\/preprod-dev.sh1.hidora.com\/webshop\/produit\/cover-top-schutzhuelle\/"},"modified":"2026-04-17T20:51:28","modified_gmt":"2026-04-17T18:51:28","slug":"cover-top-schutzhuelle","status":"publish","type":"product","link":"https:\/\/shop.bantam.ch\/de\/produkt\/cover-top-schutzhuelle\/","title":{"rendered":"Cover Top Schutzh\u00fclle"},"content":{"rendered":"<p>Solide, starke Schutzh\u00fclle aus UV-best\u00e4ndigem Leinenvinyl mit reflektierender Verarbeitung zum Schutz vor Schmutz und Sonne.<br \/>Einfach \u00fcber das Fahrzeug legen und mit Spannseile abspannen (nicht im Lieferumfang enthalten).<br \/>Komplett mit verst\u00e4rkten Ecken und robuste \u00d6sen.<\/p>\n<p>Geeignet f\u00fcr Reisemobile, Wohnwagen und Kastenwagen<\/p>\n","protected":false},"excerpt":{"rendered":"<p>Solide, starke Schutzh\u00fclle aus UV-best\u00e4ndigem Leinenvinyl mit reflektierender Verarbeitung zum Schutz vor Schmutz und Sonne.Einfach \u00fcber das Fahrzeug legen und mit Spannseile abspannen (nicht im Lieferumfang enthalten).Komplett mit verst\u00e4rkten Ecken und robuste \u00d6sen. Geeignet f\u00fcr Reisemobile, Wohnwagen und Kastenwagen<\/p>\n","protected":false},"featured_media":38150,"template":"","meta":{"_acf_changed":false},"product_featured_cat":[],"product_brand":[3035],"product_cat":[4644],"product_tag":[],"class_list":{"0":"post-38152","1":"product","2":"type-product","3":"status-publish","4":"has-post-thumbnail","6":"product_brand-fiamma-de","7":"product_cat-schutzhuellen","9":"first","10":"instock","11":"taxable","12":"shipping-taxable","13":"purchasable","14":"product-type-simple"},"acf":[],"yoast_head":"<!-- This site is optimized with the Yoast SEO plugin v27.4 - https:\/\/yoast.com\/product\/yoast-seo-wordpress\/ -->\n<title>Cover Top Schutzh\u00fclle - Bantam Camping AG<\/title>\n<meta name=\"robots\" content=\"index, follow, max-snippet:-1, max-image-preview:large, max-video-preview:-1\" \/>\n<link rel=\"canonical\" href=\"https:\/\/shop.bantam.ch\/de\/produkt\/cover-top-schutzhuelle\/\" \/>\n<meta property=\"og:locale\" content=\"de_DE\" \/>\n<meta property=\"og:type\" content=\"article\" \/>\n<meta property=\"og:title\" content=\"Cover Top Schutzh\u00fclle - Bantam Camping AG\" \/>\n<meta property=\"og:description\" content=\"Solide, starke Schutzh\u00fclle aus UV-best\u00e4ndigem Leinenvinyl mit reflektierender Verarbeitung zum Schutz vor Schmutz und Sonne.Einfach \u00fcber das Fahrzeug legen und mit Spannseile abspannen (nicht im Lieferumfang enthalten).Komplett mit verst\u00e4rkten Ecken und robuste \u00d6sen. Geeignet f\u00fcr Reisemobile, Wohnwagen und Kastenwagen\" \/>\n<meta property=\"og:url\" content=\"https:\/\/shop.bantam.ch\/de\/produkt\/cover-top-schutzhuelle\/\" \/>\n<meta property=\"og:site_name\" content=\"Bantam Camping AG\" \/>\n<meta property=\"article:modified_time\" content=\"2026-04-17T18:51:28+00:00\" \/>\n<meta property=\"og:image\" content=\"https:\/\/shop.bantam.ch\/wp-content\/uploads\/2023\/02\/9990345-Cover_Top_Schutzhuelle_-Standard-01-1.jpg\" \/>\n\t<meta property=\"og:image:width\" content=\"1000\" \/>\n\t<meta property=\"og:image:height\" content=\"667\" \/>\n\t<meta property=\"og:image:type\" content=\"image\/jpeg\" \/>\n<meta name=\"twitter:card\" content=\"summary_large_image\" \/>\n<script type=\"application\/ld+json\" class=\"yoast-schema-graph\">{\"@context\":\"https:\\\/\\\/schema.org\",\"@graph\":[{\"@type\":\"WebPage\",\"@id\":\"https:\\\/\\\/shop.bantam.ch\\\/de\\\/produkt\\\/cover-top-schutzhuelle\\\/\",\"url\":\"https:\\\/\\\/shop.bantam.ch\\\/de\\\/produkt\\\/cover-top-schutzhuelle\\\/\",\"name\":\"Cover Top Schutzh\u00fclle - Bantam Camping AG\",\"isPartOf\":{\"@id\":\"https:\\\/\\\/shop.bantam.ch\\\/de\\\/#website\"},\"primaryImageOfPage\":{\"@id\":\"https:\\\/\\\/shop.bantam.ch\\\/de\\\/produkt\\\/cover-top-schutzhuelle\\\/#primaryimage\"},\"image\":{\"@id\":\"https:\\\/\\\/shop.bantam.ch\\\/de\\\/produkt\\\/cover-top-schutzhuelle\\\/#primaryimage\"},\"thumbnailUrl\":\"https:\\\/\\\/shop.bantam.ch\\\/wp-content\\\/uploads\\\/2023\\\/02\\\/9990345-Cover_Top_Schutzhuelle_-Standard-01-1.jpg\",\"datePublished\":\"2023-02-22T19:20:48+00:00\",\"dateModified\":\"2026-04-17T18:51:28+00:00\",\"breadcrumb\":{\"@id\":\"https:\\\/\\\/shop.bantam.ch\\\/de\\\/produkt\\\/cover-top-schutzhuelle\\\/#breadcrumb\"},\"inLanguage\":\"de\",\"potentialAction\":[{\"@type\":\"ReadAction\",\"target\":[\"https:\\\/\\\/shop.bantam.ch\\\/de\\\/produkt\\\/cover-top-schutzhuelle\\\/\"]}]},{\"@type\":\"ImageObject\",\"inLanguage\":\"de\",\"@id\":\"https:\\\/\\\/shop.bantam.ch\\\/de\\\/produkt\\\/cover-top-schutzhuelle\\\/#primaryimage\",\"url\":\"https:\\\/\\\/shop.bantam.ch\\\/wp-content\\\/uploads\\\/2023\\\/02\\\/9990345-Cover_Top_Schutzhuelle_-Standard-01-1.jpg\",\"contentUrl\":\"https:\\\/\\\/shop.bantam.ch\\\/wp-content\\\/uploads\\\/2023\\\/02\\\/9990345-Cover_Top_Schutzhuelle_-Standard-01-1.jpg\",\"width\":1000,\"height\":667},{\"@type\":\"BreadcrumbList\",\"@id\":\"https:\\\/\\\/shop.bantam.ch\\\/de\\\/produkt\\\/cover-top-schutzhuelle\\\/#breadcrumb\",\"itemListElement\":[{\"@type\":\"ListItem\",\"position\":1,\"name\":\"Accueil\",\"item\":\"https:\\\/\\\/shop.bantam.ch\\\/de\\\/\"},{\"@type\":\"ListItem\",\"position\":2,\"name\":\"Shop\",\"item\":\"https:\\\/\\\/shop.bantam.ch\\\/de\\\/shop\\\/\"},{\"@type\":\"ListItem\",\"position\":3,\"name\":\"Cover Top Schutzh\u00fclle\"}]},{\"@type\":\"WebSite\",\"@id\":\"https:\\\/\\\/shop.bantam.ch\\\/de\\\/#website\",\"url\":\"https:\\\/\\\/shop.bantam.ch\\\/de\\\/\",\"name\":\"Bantam Camping AG\",\"description\":\"\",\"publisher\":{\"@id\":\"https:\\\/\\\/shop.bantam.ch\\\/de\\\/#organization\"},\"inLanguage\":\"de\"},{\"@type\":\"Organization\",\"@id\":\"https:\\\/\\\/shop.bantam.ch\\\/de\\\/#organization\",\"name\":\"Bantam Camping AG\",\"url\":\"https:\\\/\\\/shop.bantam.ch\\\/de\\\/\",\"logo\":{\"@type\":\"ImageObject\",\"inLanguage\":\"de\",\"@id\":\"https:\\\/\\\/shop.bantam.ch\\\/de\\\/#\\\/schema\\\/logo\\\/image\\\/\",\"url\":\"https:\\\/\\\/shop.bantam.ch\\\/wp-content\\\/uploads\\\/2022\\\/12\\\/bantam-logo.png\",\"contentUrl\":\"https:\\\/\\\/shop.bantam.ch\\\/wp-content\\\/uploads\\\/2022\\\/12\\\/bantam-logo.png\",\"width\":320,\"height\":71,\"caption\":\"Bantam Camping AG\"},\"image\":{\"@id\":\"https:\\\/\\\/shop.bantam.ch\\\/de\\\/#\\\/schema\\\/logo\\\/image\\\/\"}}]}<\/script>\n<!-- \/ Yoast SEO plugin. -->","yoast_head_json":{"title":"Cover Top Schutzh\u00fclle - Bantam Camping AG","robots":{"index":"index","follow":"follow","max-snippet":"max-snippet:-1","max-image-preview":"max-image-preview:large","max-video-preview":"max-video-preview:-1"},"canonical":"https:\/\/shop.bantam.ch\/de\/produkt\/cover-top-schutzhuelle\/","og_locale":"de_DE","og_type":"article","og_title":"Cover Top Schutzh\u00fclle - Bantam Camping AG","og_description":"Solide, starke Schutzh\u00fclle aus UV-best\u00e4ndigem Leinenvinyl mit reflektierender Verarbeitung zum Schutz vor Schmutz und Sonne.Einfach \u00fcber das Fahrzeug legen und mit Spannseile abspannen (nicht im Lieferumfang enthalten).Komplett mit verst\u00e4rkten Ecken und robuste \u00d6sen. Geeignet f\u00fcr Reisemobile, Wohnwagen und Kastenwagen","og_url":"https:\/\/shop.bantam.ch\/de\/produkt\/cover-top-schutzhuelle\/","og_site_name":"Bantam Camping AG","article_modified_time":"2026-04-17T18:51:28+00:00","og_image":[{"width":1000,"height":667,"url":"https:\/\/shop.bantam.ch\/wp-content\/uploads\/2023\/02\/9990345-Cover_Top_Schutzhuelle_-Standard-01-1.jpg","type":"image\/jpeg"}],"twitter_card":"summary_large_image","schema":{"@context":"https:\/\/schema.org","@graph":[{"@type":"WebPage","@id":"https:\/\/shop.bantam.ch\/de\/produkt\/cover-top-schutzhuelle\/","url":"https:\/\/shop.bantam.ch\/de\/produkt\/cover-top-schutzhuelle\/","name":"Cover Top Schutzh\u00fclle - Bantam Camping AG","isPartOf":{"@id":"https:\/\/shop.bantam.ch\/de\/#website"},"primaryImageOfPage":{"@id":"https:\/\/shop.bantam.ch\/de\/produkt\/cover-top-schutzhuelle\/#primaryimage"},"image":{"@id":"https:\/\/shop.bantam.ch\/de\/produkt\/cover-top-schutzhuelle\/#primaryimage"},"thumbnailUrl":"https:\/\/shop.bantam.ch\/wp-content\/uploads\/2023\/02\/9990345-Cover_Top_Schutzhuelle_-Standard-01-1.jpg","datePublished":"2023-02-22T19:20:48+00:00","dateModified":"2026-04-17T18:51:28+00:00","breadcrumb":{"@id":"https:\/\/shop.bantam.ch\/de\/produkt\/cover-top-schutzhuelle\/#breadcrumb"},"inLanguage":"de","potentialAction":[{"@type":"ReadAction","target":["https:\/\/shop.bantam.ch\/de\/produkt\/cover-top-schutzhuelle\/"]}]},{"@type":"ImageObject","inLanguage":"de","@id":"https:\/\/shop.bantam.ch\/de\/produkt\/cover-top-schutzhuelle\/#primaryimage","url":"https:\/\/shop.bantam.ch\/wp-content\/uploads\/2023\/02\/9990345-Cover_Top_Schutzhuelle_-Standard-01-1.jpg","contentUrl":"https:\/\/shop.bantam.ch\/wp-content\/uploads\/2023\/02\/9990345-Cover_Top_Schutzhuelle_-Standard-01-1.jpg","width":1000,"height":667},{"@type":"BreadcrumbList","@id":"https:\/\/shop.bantam.ch\/de\/produkt\/cover-top-schutzhuelle\/#breadcrumb","itemListElement":[{"@type":"ListItem","position":1,"name":"Accueil","item":"https:\/\/shop.bantam.ch\/de\/"},{"@type":"ListItem","position":2,"name":"Shop","item":"https:\/\/shop.bantam.ch\/de\/shop\/"},{"@type":"ListItem","position":3,"name":"Cover Top Schutzh\u00fclle"}]},{"@type":"WebSite","@id":"https:\/\/shop.bantam.ch\/de\/#website","url":"https:\/\/shop.bantam.ch\/de\/","name":"Bantam Camping AG","description":"","publisher":{"@id":"https:\/\/shop.bantam.ch\/de\/#organization"},"inLanguage":"de"},{"@type":"Organization","@id":"https:\/\/shop.bantam.ch\/de\/#organization","name":"Bantam Camping AG","url":"https:\/\/shop.bantam.ch\/de\/","logo":{"@type":"ImageObject","inLanguage":"de","@id":"https:\/\/shop.bantam.ch\/de\/#\/schema\/logo\/image\/","url":"https:\/\/shop.bantam.ch\/wp-content\/uploads\/2022\/12\/bantam-logo.png","contentUrl":"https:\/\/shop.bantam.ch\/wp-content\/uploads\/2022\/12\/bantam-logo.png","width":320,"height":71,"caption":"Bantam Camping AG"},"image":{"@id":"https:\/\/shop.bantam.ch\/de\/#\/schema\/logo\/image\/"}}]}},"_links":{"self":[{"href":"https:\/\/shop.bantam.ch\/de\/wp-json\/wp\/v2\/product\/38152","targetHints":{"allow":["GET"]}}],"collection":[{"href":"https:\/\/shop.bantam.ch\/de\/wp-json\/wp\/v2\/product"}],"about":[{"href":"https:\/\/shop.bantam.ch\/de\/wp-json\/wp\/v2\/types\/product"}],"wp:featuredmedia":[{"embeddable":true,"href":"https:\/\/shop.bantam.ch\/de\/wp-json\/wp\/v2\/media\/38150"}],"wp:attachment":[{"href":"https:\/\/shop.bantam.ch\/de\/wp-json\/wp\/v2\/media?parent=38152"}],"wp:term":[{"taxonomy":"product_featured_cat","embeddable":true,"href":"https:\/\/shop.bantam.ch\/de\/wp-json\/wp\/v2\/product_featured_cat?post=38152"},{"taxonomy":"product_brand","embeddable":true,"href":"https:\/\/shop.bantam.ch\/de\/wp-json\/wp\/v2\/product_brand?post=38152"},{"taxonomy":"product_cat","embeddable":true,"href":"https:\/\/shop.bantam.ch\/de\/wp-json\/wp\/v2\/product_cat?post=38152"},{"taxonomy":"product_tag","embeddable":true,"href":"https:\/\/shop.bantam.ch\/de\/wp-json\/wp\/v2\/product_tag?post=38152"}],"curies":[{"name":"wp","href":"https:\/\/api.w.org\/{rel}","templated":true}]}}