{"id":38040,"date":"2023-02-22T20:18:21","date_gmt":"2023-02-22T19:18:21","guid":{"rendered":"http:\/\/preprod-dev.sh1.hidora.com\/webshop\/produit\/service-fluid-fuer-brennstoffzelle-comfort-100-ml\/"},"modified":"2026-04-19T20:52:03","modified_gmt":"2026-04-19T18:52:03","slug":"service-fluid-fuer-brennstoffzelle-comfort-100-ml","status":"publish","type":"product","link":"https:\/\/shop.bantam.ch\/de\/produkt\/service-fluid-fuer-brennstoffzelle-comfort-100-ml\/","title":{"rendered":"Service Fluid Efoy f\u00fcr Brennstoffzelle &#8211; 100 ml"},"content":{"rendered":"<p>Service Fluid f\u00fcr Brennstoffzelle Comfort.<\/p>\n<p>Und hier noch eine Beschreibung was das Service Fluid ist und wann es gebraucht wird: <br \/>Das Service Fluid befindet sich bei Auslieferung des Ger\u00e4tes bereits in der EFOY. Durch die von SFC patentierte Wasserr\u00fcckgewinnung, wird das Fluid in einem geschlossenen Kreislauf zur\u00fcckgewonnen. Bei l\u00e4ngerem Betrieb in hohen Au\u00dfentemperaturen kann es vorkommen, dass ein Teil davon verdampft und das Ger\u00e4t nach Service Fluid fragt. Es wird empfohlen immer eine Flasche dabei zu haben. Nie mehr als eine Flasche einf\u00fcllen, und nur wenn das Ger\u00e4t (\u00fcber das Bedienpanel) ausdr\u00fccklich danach fragt.<\/p>\n","protected":false},"excerpt":{"rendered":"<p>Service Fluid f\u00fcr Brennstoffzelle Comfort. Und hier noch eine Beschreibung was das Service Fluid ist und wann es gebraucht wird: Das Service Fluid befindet sich bei Auslieferung des Ger\u00e4tes bereits in der EFOY. Durch die von SFC patentierte Wasserr\u00fcckgewinnung, wird das Fluid in einem geschlossenen Kreislauf zur\u00fcckgewonnen. Bei l\u00e4ngerem Betrieb in hohen Au\u00dfentemperaturen kann es [&hellip;]<\/p>\n","protected":false},"featured_media":38038,"template":"","meta":{"_acf_changed":false},"product_featured_cat":[3944],"product_brand":[3289],"product_cat":[4862],"product_tag":[],"class_list":{"0":"post-38040","1":"product","2":"type-product","3":"status-publish","4":"has-post-thumbnail","6":"product_featured_cat-passend-zu-deinen-vorlieben","7":"product_brand-efoy-de","8":"product_cat-brennstoffzellen","10":"first","11":"instock","12":"taxable","13":"shipping-taxable","14":"purchasable","15":"product-type-simple"},"acf":[],"yoast_head":"<!-- This site is optimized with the Yoast SEO plugin v27.4 - https:\/\/yoast.com\/product\/yoast-seo-wordpress\/ -->\n<title>Service Fluid Efoy f\u00fcr Brennstoffzelle - 100 ml - Bantam Camping AG<\/title>\n<meta name=\"robots\" content=\"index, follow, max-snippet:-1, max-image-preview:large, max-video-preview:-1\" \/>\n<link rel=\"canonical\" href=\"https:\/\/shop.bantam.ch\/de\/produkt\/service-fluid-fuer-brennstoffzelle-comfort-100-ml\/\" \/>\n<meta property=\"og:locale\" content=\"de_DE\" \/>\n<meta property=\"og:type\" content=\"article\" \/>\n<meta property=\"og:title\" content=\"Service Fluid Efoy f\u00fcr Brennstoffzelle - 100 ml - Bantam Camping AG\" \/>\n<meta property=\"og:description\" content=\"Service Fluid f\u00fcr Brennstoffzelle Comfort. Und hier noch eine Beschreibung was das Service Fluid ist und wann es gebraucht wird: Das Service Fluid befindet sich bei Auslieferung des Ger\u00e4tes bereits in der EFOY. Durch die von SFC patentierte Wasserr\u00fcckgewinnung, wird das Fluid in einem geschlossenen Kreislauf zur\u00fcckgewonnen. Bei l\u00e4ngerem Betrieb in hohen Au\u00dfentemperaturen kann es [&hellip;]\" \/>\n<meta property=\"og:url\" content=\"https:\/\/shop.bantam.ch\/de\/produkt\/service-fluid-fuer-brennstoffzelle-comfort-100-ml\/\" \/>\n<meta property=\"og:site_name\" content=\"Bantam Camping AG\" \/>\n<meta property=\"article:modified_time\" content=\"2026-04-19T18:52:03+00:00\" \/>\n<meta property=\"og:image\" content=\"https:\/\/shop.bantam.ch\/wp-content\/uploads\/2023\/02\/9991703-Service-Fluid_Brennstoffzelle_Best_aus_1_x_Service-Fluid-Standard-01-1.jpg\" \/>\n\t<meta property=\"og:image:width\" content=\"321\" \/>\n\t<meta property=\"og:image:height\" content=\"1000\" \/>\n\t<meta property=\"og:image:type\" content=\"image\/jpeg\" \/>\n<meta name=\"twitter:card\" content=\"summary_large_image\" \/>\n<meta name=\"twitter:label1\" content=\"Gesch\u00e4tzte Lesezeit\" \/>\n\t<meta name=\"twitter:data1\" content=\"1\u00a0Minute\" \/>\n<script type=\"application\/ld+json\" class=\"yoast-schema-graph\">{\"@context\":\"https:\\\/\\\/schema.org\",\"@graph\":[{\"@type\":\"WebPage\",\"@id\":\"https:\\\/\\\/shop.bantam.ch\\\/de\\\/produkt\\\/service-fluid-fuer-brennstoffzelle-comfort-100-ml\\\/\",\"url\":\"https:\\\/\\\/shop.bantam.ch\\\/de\\\/produkt\\\/service-fluid-fuer-brennstoffzelle-comfort-100-ml\\\/\",\"name\":\"Service Fluid Efoy f\u00fcr Brennstoffzelle - 100 ml - Bantam Camping AG\",\"isPartOf\":{\"@id\":\"https:\\\/\\\/shop.bantam.ch\\\/de\\\/#website\"},\"primaryImageOfPage\":{\"@id\":\"https:\\\/\\\/shop.bantam.ch\\\/de\\\/produkt\\\/service-fluid-fuer-brennstoffzelle-comfort-100-ml\\\/#primaryimage\"},\"image\":{\"@id\":\"https:\\\/\\\/shop.bantam.ch\\\/de\\\/produkt\\\/service-fluid-fuer-brennstoffzelle-comfort-100-ml\\\/#primaryimage\"},\"thumbnailUrl\":\"https:\\\/\\\/shop.bantam.ch\\\/wp-content\\\/uploads\\\/2023\\\/02\\\/9991703-Service-Fluid_Brennstoffzelle_Best_aus_1_x_Service-Fluid-Standard-01-1.jpg\",\"datePublished\":\"2023-02-22T19:18:21+00:00\",\"dateModified\":\"2026-04-19T18:52:03+00:00\",\"breadcrumb\":{\"@id\":\"https:\\\/\\\/shop.bantam.ch\\\/de\\\/produkt\\\/service-fluid-fuer-brennstoffzelle-comfort-100-ml\\\/#breadcrumb\"},\"inLanguage\":\"de\",\"potentialAction\":[{\"@type\":\"ReadAction\",\"target\":[\"https:\\\/\\\/shop.bantam.ch\\\/de\\\/produkt\\\/service-fluid-fuer-brennstoffzelle-comfort-100-ml\\\/\"]}]},{\"@type\":\"ImageObject\",\"inLanguage\":\"de\",\"@id\":\"https:\\\/\\\/shop.bantam.ch\\\/de\\\/produkt\\\/service-fluid-fuer-brennstoffzelle-comfort-100-ml\\\/#primaryimage\",\"url\":\"https:\\\/\\\/shop.bantam.ch\\\/wp-content\\\/uploads\\\/2023\\\/02\\\/9991703-Service-Fluid_Brennstoffzelle_Best_aus_1_x_Service-Fluid-Standard-01-1.jpg\",\"contentUrl\":\"https:\\\/\\\/shop.bantam.ch\\\/wp-content\\\/uploads\\\/2023\\\/02\\\/9991703-Service-Fluid_Brennstoffzelle_Best_aus_1_x_Service-Fluid-Standard-01-1.jpg\",\"width\":321,\"height\":1000},{\"@type\":\"BreadcrumbList\",\"@id\":\"https:\\\/\\\/shop.bantam.ch\\\/de\\\/produkt\\\/service-fluid-fuer-brennstoffzelle-comfort-100-ml\\\/#breadcrumb\",\"itemListElement\":[{\"@type\":\"ListItem\",\"position\":1,\"name\":\"Accueil\",\"item\":\"https:\\\/\\\/shop.bantam.ch\\\/de\\\/\"},{\"@type\":\"ListItem\",\"position\":2,\"name\":\"Shop\",\"item\":\"https:\\\/\\\/shop.bantam.ch\\\/de\\\/shop\\\/\"},{\"@type\":\"ListItem\",\"position\":3,\"name\":\"Service Fluid Efoy f\u00fcr Brennstoffzelle &#8211; 100 ml\"}]},{\"@type\":\"WebSite\",\"@id\":\"https:\\\/\\\/shop.bantam.ch\\\/de\\\/#website\",\"url\":\"https:\\\/\\\/shop.bantam.ch\\\/de\\\/\",\"name\":\"Bantam Camping AG\",\"description\":\"\",\"publisher\":{\"@id\":\"https:\\\/\\\/shop.bantam.ch\\\/de\\\/#organization\"},\"inLanguage\":\"de\"},{\"@type\":\"Organization\",\"@id\":\"https:\\\/\\\/shop.bantam.ch\\\/de\\\/#organization\",\"name\":\"Bantam Camping AG\",\"url\":\"https:\\\/\\\/shop.bantam.ch\\\/de\\\/\",\"logo\":{\"@type\":\"ImageObject\",\"inLanguage\":\"de\",\"@id\":\"https:\\\/\\\/shop.bantam.ch\\\/de\\\/#\\\/schema\\\/logo\\\/image\\\/\",\"url\":\"https:\\\/\\\/shop.bantam.ch\\\/wp-content\\\/uploads\\\/2022\\\/12\\\/bantam-logo.png\",\"contentUrl\":\"https:\\\/\\\/shop.bantam.ch\\\/wp-content\\\/uploads\\\/2022\\\/12\\\/bantam-logo.png\",\"width\":320,\"height\":71,\"caption\":\"Bantam Camping AG\"},\"image\":{\"@id\":\"https:\\\/\\\/shop.bantam.ch\\\/de\\\/#\\\/schema\\\/logo\\\/image\\\/\"}}]}<\/script>\n<!-- \/ Yoast SEO plugin. -->","yoast_head_json":{"title":"Service Fluid Efoy f\u00fcr Brennstoffzelle - 100 ml - Bantam Camping AG","robots":{"index":"index","follow":"follow","max-snippet":"max-snippet:-1","max-image-preview":"max-image-preview:large","max-video-preview":"max-video-preview:-1"},"canonical":"https:\/\/shop.bantam.ch\/de\/produkt\/service-fluid-fuer-brennstoffzelle-comfort-100-ml\/","og_locale":"de_DE","og_type":"article","og_title":"Service Fluid Efoy f\u00fcr Brennstoffzelle - 100 ml - Bantam Camping AG","og_description":"Service Fluid f\u00fcr Brennstoffzelle Comfort. Und hier noch eine Beschreibung was das Service Fluid ist und wann es gebraucht wird: Das Service Fluid befindet sich bei Auslieferung des Ger\u00e4tes bereits in der EFOY. Durch die von SFC patentierte Wasserr\u00fcckgewinnung, wird das Fluid in einem geschlossenen Kreislauf zur\u00fcckgewonnen. Bei l\u00e4ngerem Betrieb in hohen Au\u00dfentemperaturen kann es [&hellip;]","og_url":"https:\/\/shop.bantam.ch\/de\/produkt\/service-fluid-fuer-brennstoffzelle-comfort-100-ml\/","og_site_name":"Bantam Camping AG","article_modified_time":"2026-04-19T18:52:03+00:00","og_image":[{"width":321,"height":1000,"url":"https:\/\/shop.bantam.ch\/wp-content\/uploads\/2023\/02\/9991703-Service-Fluid_Brennstoffzelle_Best_aus_1_x_Service-Fluid-Standard-01-1.jpg","type":"image\/jpeg"}],"twitter_card":"summary_large_image","twitter_misc":{"Gesch\u00e4tzte Lesezeit":"1\u00a0Minute"},"schema":{"@context":"https:\/\/schema.org","@graph":[{"@type":"WebPage","@id":"https:\/\/shop.bantam.ch\/de\/produkt\/service-fluid-fuer-brennstoffzelle-comfort-100-ml\/","url":"https:\/\/shop.bantam.ch\/de\/produkt\/service-fluid-fuer-brennstoffzelle-comfort-100-ml\/","name":"Service Fluid Efoy f\u00fcr Brennstoffzelle - 100 ml - Bantam Camping AG","isPartOf":{"@id":"https:\/\/shop.bantam.ch\/de\/#website"},"primaryImageOfPage":{"@id":"https:\/\/shop.bantam.ch\/de\/produkt\/service-fluid-fuer-brennstoffzelle-comfort-100-ml\/#primaryimage"},"image":{"@id":"https:\/\/shop.bantam.ch\/de\/produkt\/service-fluid-fuer-brennstoffzelle-comfort-100-ml\/#primaryimage"},"thumbnailUrl":"https:\/\/shop.bantam.ch\/wp-content\/uploads\/2023\/02\/9991703-Service-Fluid_Brennstoffzelle_Best_aus_1_x_Service-Fluid-Standard-01-1.jpg","datePublished":"2023-02-22T19:18:21+00:00","dateModified":"2026-04-19T18:52:03+00:00","breadcrumb":{"@id":"https:\/\/shop.bantam.ch\/de\/produkt\/service-fluid-fuer-brennstoffzelle-comfort-100-ml\/#breadcrumb"},"inLanguage":"de","potentialAction":[{"@type":"ReadAction","target":["https:\/\/shop.bantam.ch\/de\/produkt\/service-fluid-fuer-brennstoffzelle-comfort-100-ml\/"]}]},{"@type":"ImageObject","inLanguage":"de","@id":"https:\/\/shop.bantam.ch\/de\/produkt\/service-fluid-fuer-brennstoffzelle-comfort-100-ml\/#primaryimage","url":"https:\/\/shop.bantam.ch\/wp-content\/uploads\/2023\/02\/9991703-Service-Fluid_Brennstoffzelle_Best_aus_1_x_Service-Fluid-Standard-01-1.jpg","contentUrl":"https:\/\/shop.bantam.ch\/wp-content\/uploads\/2023\/02\/9991703-Service-Fluid_Brennstoffzelle_Best_aus_1_x_Service-Fluid-Standard-01-1.jpg","width":321,"height":1000},{"@type":"BreadcrumbList","@id":"https:\/\/shop.bantam.ch\/de\/produkt\/service-fluid-fuer-brennstoffzelle-comfort-100-ml\/#breadcrumb","itemListElement":[{"@type":"ListItem","position":1,"name":"Accueil","item":"https:\/\/shop.bantam.ch\/de\/"},{"@type":"ListItem","position":2,"name":"Shop","item":"https:\/\/shop.bantam.ch\/de\/shop\/"},{"@type":"ListItem","position":3,"name":"Service Fluid Efoy f\u00fcr Brennstoffzelle &#8211; 100 ml"}]},{"@type":"WebSite","@id":"https:\/\/shop.bantam.ch\/de\/#website","url":"https:\/\/shop.bantam.ch\/de\/","name":"Bantam Camping AG","description":"","publisher":{"@id":"https:\/\/shop.bantam.ch\/de\/#organization"},"inLanguage":"de"},{"@type":"Organization","@id":"https:\/\/shop.bantam.ch\/de\/#organization","name":"Bantam Camping AG","url":"https:\/\/shop.bantam.ch\/de\/","logo":{"@type":"ImageObject","inLanguage":"de","@id":"https:\/\/shop.bantam.ch\/de\/#\/schema\/logo\/image\/","url":"https:\/\/shop.bantam.ch\/wp-content\/uploads\/2022\/12\/bantam-logo.png","contentUrl":"https:\/\/shop.bantam.ch\/wp-content\/uploads\/2022\/12\/bantam-logo.png","width":320,"height":71,"caption":"Bantam Camping AG"},"image":{"@id":"https:\/\/shop.bantam.ch\/de\/#\/schema\/logo\/image\/"}}]}},"_links":{"self":[{"href":"https:\/\/shop.bantam.ch\/de\/wp-json\/wp\/v2\/product\/38040","targetHints":{"allow":["GET"]}}],"collection":[{"href":"https:\/\/shop.bantam.ch\/de\/wp-json\/wp\/v2\/product"}],"about":[{"href":"https:\/\/shop.bantam.ch\/de\/wp-json\/wp\/v2\/types\/product"}],"wp:featuredmedia":[{"embeddable":true,"href":"https:\/\/shop.bantam.ch\/de\/wp-json\/wp\/v2\/media\/38038"}],"wp:attachment":[{"href":"https:\/\/shop.bantam.ch\/de\/wp-json\/wp\/v2\/media?parent=38040"}],"wp:term":[{"taxonomy":"product_featured_cat","embeddable":true,"href":"https:\/\/shop.bantam.ch\/de\/wp-json\/wp\/v2\/product_featured_cat?post=38040"},{"taxonomy":"product_brand","embeddable":true,"href":"https:\/\/shop.bantam.ch\/de\/wp-json\/wp\/v2\/product_brand?post=38040"},{"taxonomy":"product_cat","embeddable":true,"href":"https:\/\/shop.bantam.ch\/de\/wp-json\/wp\/v2\/product_cat?post=38040"},{"taxonomy":"product_tag","embeddable":true,"href":"https:\/\/shop.bantam.ch\/de\/wp-json\/wp\/v2\/product_tag?post=38040"}],"curies":[{"name":"wp","href":"https:\/\/api.w.org\/{rel}","templated":true}]}}