{"id":37790,"date":"2023-02-22T20:13:23","date_gmt":"2023-02-22T19:13:23","guid":{"rendered":"http:\/\/preprod-dev.sh1.hidora.com\/webshop\/produit\/naviceiver-z-e4626\/"},"modified":"2026-04-18T20:50:57","modified_gmt":"2026-04-18T18:50:57","slug":"naviceiver-z-e4626","status":"publish","type":"product","link":"https:\/\/shop.bantam.ch\/de\/produkt\/naviceiver-z-e4626\/","title":{"rendered":"Naviceiver Z-E4626"},"content":{"rendered":"<p>Innovatives Multimedia und fortschrittlichste Navigation f\u00fcr Ihren Mercedes-Benz &#8211; der Z-E4626 aus der E&gt;GO-Reihe ist gezielt entwickelt f\u00fcr<br \/>den Sprinter II, Vito und Viano. Der Z-E4626 passt sich perfekt in die Original-Optik Ihres Fahrzeugs ein und l\u00e4sst sich bequem \u00fcber das gro\u00dfe,<br \/>hochaufl\u00f6sende 8&#8243;\/20,3 cm Touchscreendisplay bedienen.<br \/>Erleben Sie ZENECs faszinierende Entertainmentwelt in Ihrem Fahrzeug. Der Z-E4626 bietet Ihnen die ganze Programmvielfalt des neuen digitalen<br \/>\u00dcbertragungsstandards DAB+ &#8211; dank seines Multitunersystems mit glasklarem Empfang. Das integrierte CD\/DVD-Laufwerk und ein USB-Port an<br \/>der Ger\u00e4ter\u00fcckseite (mit 80 cm Kabelverl\u00e4ngerung) \u00fcbernehmen die Wiedergabe der aktuellsten Audio- und Videoformate. Zur Klangoptimierung steht<br \/>Ihnen ein 4 x 50 Watt Verst\u00e4rker mitsamt DSP-Suite (Laufzeitkorrektur\/Equalizer mit Voreinstellungen) zur Verf\u00fcgung.<br \/>Die datenbankgest\u00fctzte, leistungsstarke Bluetootheinheit von Parrot erm\u00f6glicht Ihnen ein stressfreies Telefonieren und ein komfortables Musikstreaming<br \/>w\u00e4hrend der Fahrt.<br \/>Mit seinem EU-Kartenpaket (47 L\u00e4nder), der integrierten CampingSchaf P.O.I. Datenbank und mehr als 6 Millionen Premium P.O.I. f\u00fchrt Sie<br \/>ZENECs Reisemobilspezialist zuverl\u00e4ssig und sicher an jedes Ziel. Durch die Auswahl eines Fahrzeugprofils mit Ein gabe der fahrzeugspezifischen<br \/>Daten k\u00f6nnen Sie jede Route noch effektiver planen.<\/p>\n<p><strong>Hauptmerkmale<\/strong><\/p>\n<ul>\n<li>Fahrzeugspezifischer Naviceiver f\u00fcr Mercedes-Benz<\/li>\n<li>Ber\u00fchrungsempfindlicher 8&#8243;\/20,3 cm Bildschirm<\/li>\n<li>Orange (Amber) Tastenbeleuchtung<\/li>\n<li>Men\u00fcf\u00fchrung in 28 Sprachen<\/li>\n<li>Diebstahlsicherung mit Passwort<\/li>\n<\/ul>\n<p><strong>Navigation<\/strong><\/p>\n<ul>\n<li>Motor-Caravan Navigationssystem, vorinstalliert auf einer 8 GB microSD-Karte<\/li>\n<li>Kartenabdeckung f\u00fcr 47 EU-L\u00e4nder<\/li>\n<li>TTS Sprachf\u00fchrung in 29 Sprachen<\/li>\n<li>Men\u00fcf\u00fchrung in 29 Sprachen<\/li>\n<li>EU Camping und Premium P.O.I. Paket (Points of Interest)<\/li>\n<li>Direktwahl per Mobiltelefon aus P.O.I.-Datensatz<\/li>\n<li>Realistische 3-Darstellung von Gel\u00e4nde, Sehensw\u00fcrdigkeiten, Innenst\u00e4dten und Abbiegungen<\/li>\n<li>Fahrspurassistent und Anzeige von Verkehrsschildern<\/li>\n<li>Tunnel Modus<\/li>\n<li>Externer GPS-Empf\u00e4nger<\/li>\n<li>TMC-Empf\u00e4nger<\/li>\n<li>Kostenlose Kartenaktualisierung f\u00fcr 1 Jahr<\/li>\n<\/ul>\n<p><strong>Bluetooth<\/strong><\/p>\n<ul>\n<li>Parrot Bluetooth-Modul<\/li>\n<li>Koppeln von 3 Mobiltelefonen m\u00f6glich<\/li>\n<li>Nutzung von 2 Mobiltelefonen gleichzeitig (Dual-Modus)<\/li>\n<li>Synchronisation von jeweils 1000 Telefonbuchkontakten und 5 Rufnummern pro gekoppeltem Mobilfunktelefon<\/li>\n<li>Erstellen von Kontaktfavoriten<\/li>\n<li>Suchfunktion f\u00fcr Telefonbuchkontakte<\/li>\n<li>DSP Signalverarbeitung mit St\u00f6rger\u00e4uschunterdr\u00fcckung<\/li>\n<li>Internes oder externes Mikrofon<\/li>\n<li>Aktualisierbare Firmware<\/li>\n<\/ul>\n<p><strong>Multimedia<\/strong><\/p>\n<ul>\n<li>CD\/DVD-Laufwerk, DVD Regionalcode 2<\/li>\n<li>USB mit datenbankgest\u00fctzter Suchfunktion<\/li>\n<li>Made for iPod\/iPhone<\/li>\n<li>Multitunersystem mit DAB+: 2 x UKW\/MW-Tuner, 2 x DAB-Tuner, separater TMC-Empf\u00e4nger, 18 Stationsspeicher<\/li>\n<li>Musikstreaming via Bluetooth, A2DP und AVRCP 1.4<\/li>\n<li>Gracenote basierte Medienverwaltung, More like this und Mood Funktionalit\u00e4t<\/li>\n<li>Leistungsf\u00e4higer DSP mit fahrzeugoptimierten Voreinstellungen, parametrischer 11-Band Equalizer, Laufzeitkorrektur (0 bis 8,9 ms)<\/li>\n<\/ul>\n<p><strong>Konnektivit\u00e4t<\/strong><\/p>\n<ul>\n<li>4.2\/5.1 Vorverst\u00e4rkerausg\u00e4nge (3 V)<\/li>\n<li>RCA A\/V-Eingang<\/li>\n<li>ZENEC Smartlink Anbindung (HDMI\/Miracast)<\/li>\n<li>R\u00fcckfahrkameraeingang mit anpassbaren Hilfslinien und Mikrofonanschluss<\/li>\n<li>Multi-Zone Funktion mit 2 x Videoausg\u00e4ngen und 2.0 Vorverst\u00e4rkerausg\u00e4nge (Vorverst\u00e4rkerausg\u00e4nge mit unver\u00e4nderbarer Lautst\u00e4rke)<\/li>\n<li>4 x 50 Watt Verst\u00e4rker<\/li>\n<li>USB 2.0 Anschluss auf der Ger\u00e4ter\u00fcckseite, Anschlussm\u00f6glichkeit f\u00fcr USB-Hub<\/li>\n<li>Apple iPod\/iPhone Unterst\u00fctzung, made for iPhone 6 Plus, iPhone 6, iPhone 5s, iPhone 5c, iPod Touch (5th generation)<\/li>\n<li>Vorbereitung f\u00fcr CAN\/Stalk-Interface<\/li>\n<li>Um eine korrekte Installation zu gew\u00e4hrleisten, m\u00fcssen die Abmessungen von Werksradio und ZENEC-Ger\u00e4t \u00fcbereinstimmen<\/li>\n<li>F\u00fcr optimalen DAB+ und UKW Radioempfang muss ein geeignetes aktives Antennensystem im Fahrzeug ab Werk vorhanden sein oder nachger\u00fcstet werden.<\/li>\n<\/ul>\n<p><strong>Fahrzeugkompatibilit\u00e4t<\/strong><br \/>Entwickelt f\u00fcr Fahrzeuge mit Radiovorbereitung (ISO). F\u00fcr die Anbindung an die Lenkradfernbedienung (bei Radiovorbereitung) wird ein optional erh\u00e4ltliches Interface (Art.-Nr. 9951087) ben\u00f6tigt, zudem muss eine CAN Bus Leitung in den Radioschacht verlegt werden. Ggfls. muss die Freischaltung von einem autorisierten Mercedes Service vorgenommen werden, damit die komplette Funktionalit\u00e4t der Lenkradfernbedienung gegeben ist. F\u00fcr den Austausch bei werkseitig verbauten OE Radios &amp; Navis sind verschiedene optional erh\u00e4ltliche CAN\/Stalk Interfaces erforderlich (nicht im Lieferumfang). Je nach Fahrzeugausstattung wird ggfls. ein zus\u00e4tzlicher Einbaurahmen ben\u00f6tigt. (MB original Ersatzteil &#8211; z.B. MB Sprinter NCV3 &#8211; A906 689 19 31) Keine Unterst\u00fctzung des Fahrerinformationsdisplays durch das Zenec Z-E4626. F\u00fcr einen optimalen DAB+ und UKW Radioempfang wird ein geeignetes aktives Antennensystem im Fahrzeug ab Werk vorausgesetzt oder sollte nachger\u00fcstet werden.<\/p>\n","protected":false},"excerpt":{"rendered":"<p>Innovatives Multimedia und fortschrittlichste Navigation f\u00fcr Ihren Mercedes-Benz &#8211; der Z-E4626 aus der E&gt;GO-Reihe ist gezielt entwickelt f\u00fcrden Sprinter II, Vito und Viano. Der Z-E4626 passt sich perfekt in die Original-Optik Ihres Fahrzeugs ein und l\u00e4sst sich bequem \u00fcber das gro\u00dfe,hochaufl\u00f6sende 8&#8243;\/20,3 cm Touchscreendisplay bedienen.Erleben Sie ZENECs faszinierende Entertainmentwelt in Ihrem Fahrzeug. Der Z-E4626 bietet [&hellip;]<\/p>\n","protected":false},"featured_media":37782,"template":"","meta":{"_acf_changed":false},"product_featured_cat":[],"product_brand":[3213],"product_cat":[4512],"product_tag":[],"class_list":{"0":"post-37790","1":"product","2":"type-product","3":"status-publish","4":"has-post-thumbnail","6":"product_brand-zenec-de","7":"product_cat-navigationsgeraete","9":"first","10":"instock","11":"taxable","12":"shipping-taxable","13":"purchasable","14":"product-type-simple"},"acf":[],"yoast_head":"<!-- This site is optimized with the Yoast SEO plugin v27.4 - https:\/\/yoast.com\/product\/yoast-seo-wordpress\/ -->\n<title>Naviceiver Z-E4626 - Bantam Camping AG<\/title>\n<meta name=\"robots\" content=\"index, follow, max-snippet:-1, max-image-preview:large, max-video-preview:-1\" \/>\n<link rel=\"canonical\" href=\"https:\/\/shop.bantam.ch\/de\/produkt\/naviceiver-z-e4626\/\" \/>\n<meta property=\"og:locale\" content=\"de_DE\" \/>\n<meta property=\"og:type\" content=\"article\" \/>\n<meta property=\"og:title\" content=\"Naviceiver Z-E4626 - Bantam Camping AG\" \/>\n<meta property=\"og:description\" content=\"Innovatives Multimedia und fortschrittlichste Navigation f\u00fcr Ihren Mercedes-Benz &#8211; der Z-E4626 aus der E&gt;GO-Reihe ist gezielt entwickelt f\u00fcrden Sprinter II, Vito und Viano. Der Z-E4626 passt sich perfekt in die Original-Optik Ihres Fahrzeugs ein und l\u00e4sst sich bequem \u00fcber das gro\u00dfe,hochaufl\u00f6sende 8&#8243;\/20,3 cm Touchscreendisplay bedienen.Erleben Sie ZENECs faszinierende Entertainmentwelt in Ihrem Fahrzeug. Der Z-E4626 bietet [&hellip;]\" \/>\n<meta property=\"og:url\" content=\"https:\/\/shop.bantam.ch\/de\/produkt\/naviceiver-z-e4626\/\" \/>\n<meta property=\"og:site_name\" content=\"Bantam Camping AG\" \/>\n<meta property=\"article:modified_time\" content=\"2026-04-18T18:50:57+00:00\" \/>\n<meta property=\"og:image\" content=\"https:\/\/shop.bantam.ch\/wp-content\/uploads\/2023\/02\/9938389-Naviceiver_Zenec_Z-E4626-Standard-01-1.jpg\" \/>\n\t<meta property=\"og:image:width\" content=\"1000\" \/>\n\t<meta property=\"og:image:height\" content=\"657\" \/>\n\t<meta property=\"og:image:type\" content=\"image\/jpeg\" \/>\n<meta name=\"twitter:card\" content=\"summary_large_image\" \/>\n<meta name=\"twitter:label1\" content=\"Gesch\u00e4tzte Lesezeit\" \/>\n\t<meta name=\"twitter:data1\" content=\"3\u00a0Minuten\" \/>\n<script type=\"application\/ld+json\" class=\"yoast-schema-graph\">{\"@context\":\"https:\\\/\\\/schema.org\",\"@graph\":[{\"@type\":\"WebPage\",\"@id\":\"https:\\\/\\\/shop.bantam.ch\\\/de\\\/produkt\\\/naviceiver-z-e4626\\\/\",\"url\":\"https:\\\/\\\/shop.bantam.ch\\\/de\\\/produkt\\\/naviceiver-z-e4626\\\/\",\"name\":\"Naviceiver Z-E4626 - Bantam Camping AG\",\"isPartOf\":{\"@id\":\"https:\\\/\\\/shop.bantam.ch\\\/de\\\/#website\"},\"primaryImageOfPage\":{\"@id\":\"https:\\\/\\\/shop.bantam.ch\\\/de\\\/produkt\\\/naviceiver-z-e4626\\\/#primaryimage\"},\"image\":{\"@id\":\"https:\\\/\\\/shop.bantam.ch\\\/de\\\/produkt\\\/naviceiver-z-e4626\\\/#primaryimage\"},\"thumbnailUrl\":\"https:\\\/\\\/shop.bantam.ch\\\/wp-content\\\/uploads\\\/2023\\\/02\\\/9938389-Naviceiver_Zenec_Z-E4626-Standard-01-1.jpg\",\"datePublished\":\"2023-02-22T19:13:23+00:00\",\"dateModified\":\"2026-04-18T18:50:57+00:00\",\"breadcrumb\":{\"@id\":\"https:\\\/\\\/shop.bantam.ch\\\/de\\\/produkt\\\/naviceiver-z-e4626\\\/#breadcrumb\"},\"inLanguage\":\"de\",\"potentialAction\":[{\"@type\":\"ReadAction\",\"target\":[\"https:\\\/\\\/shop.bantam.ch\\\/de\\\/produkt\\\/naviceiver-z-e4626\\\/\"]}]},{\"@type\":\"ImageObject\",\"inLanguage\":\"de\",\"@id\":\"https:\\\/\\\/shop.bantam.ch\\\/de\\\/produkt\\\/naviceiver-z-e4626\\\/#primaryimage\",\"url\":\"https:\\\/\\\/shop.bantam.ch\\\/wp-content\\\/uploads\\\/2023\\\/02\\\/9938389-Naviceiver_Zenec_Z-E4626-Standard-01-1.jpg\",\"contentUrl\":\"https:\\\/\\\/shop.bantam.ch\\\/wp-content\\\/uploads\\\/2023\\\/02\\\/9938389-Naviceiver_Zenec_Z-E4626-Standard-01-1.jpg\",\"width\":1000,\"height\":657},{\"@type\":\"BreadcrumbList\",\"@id\":\"https:\\\/\\\/shop.bantam.ch\\\/de\\\/produkt\\\/naviceiver-z-e4626\\\/#breadcrumb\",\"itemListElement\":[{\"@type\":\"ListItem\",\"position\":1,\"name\":\"Accueil\",\"item\":\"https:\\\/\\\/shop.bantam.ch\\\/de\\\/\"},{\"@type\":\"ListItem\",\"position\":2,\"name\":\"Shop\",\"item\":\"https:\\\/\\\/shop.bantam.ch\\\/de\\\/shop\\\/\"},{\"@type\":\"ListItem\",\"position\":3,\"name\":\"Naviceiver Z-E4626\"}]},{\"@type\":\"WebSite\",\"@id\":\"https:\\\/\\\/shop.bantam.ch\\\/de\\\/#website\",\"url\":\"https:\\\/\\\/shop.bantam.ch\\\/de\\\/\",\"name\":\"Bantam Camping AG\",\"description\":\"\",\"publisher\":{\"@id\":\"https:\\\/\\\/shop.bantam.ch\\\/de\\\/#organization\"},\"inLanguage\":\"de\"},{\"@type\":\"Organization\",\"@id\":\"https:\\\/\\\/shop.bantam.ch\\\/de\\\/#organization\",\"name\":\"Bantam Camping AG\",\"url\":\"https:\\\/\\\/shop.bantam.ch\\\/de\\\/\",\"logo\":{\"@type\":\"ImageObject\",\"inLanguage\":\"de\",\"@id\":\"https:\\\/\\\/shop.bantam.ch\\\/de\\\/#\\\/schema\\\/logo\\\/image\\\/\",\"url\":\"https:\\\/\\\/shop.bantam.ch\\\/wp-content\\\/uploads\\\/2022\\\/12\\\/bantam-logo.png\",\"contentUrl\":\"https:\\\/\\\/shop.bantam.ch\\\/wp-content\\\/uploads\\\/2022\\\/12\\\/bantam-logo.png\",\"width\":320,\"height\":71,\"caption\":\"Bantam Camping AG\"},\"image\":{\"@id\":\"https:\\\/\\\/shop.bantam.ch\\\/de\\\/#\\\/schema\\\/logo\\\/image\\\/\"}}]}<\/script>\n<!-- \/ Yoast SEO plugin. -->","yoast_head_json":{"title":"Naviceiver Z-E4626 - Bantam Camping AG","robots":{"index":"index","follow":"follow","max-snippet":"max-snippet:-1","max-image-preview":"max-image-preview:large","max-video-preview":"max-video-preview:-1"},"canonical":"https:\/\/shop.bantam.ch\/de\/produkt\/naviceiver-z-e4626\/","og_locale":"de_DE","og_type":"article","og_title":"Naviceiver Z-E4626 - Bantam Camping AG","og_description":"Innovatives Multimedia und fortschrittlichste Navigation f\u00fcr Ihren Mercedes-Benz &#8211; der Z-E4626 aus der E&gt;GO-Reihe ist gezielt entwickelt f\u00fcrden Sprinter II, Vito und Viano. Der Z-E4626 passt sich perfekt in die Original-Optik Ihres Fahrzeugs ein und l\u00e4sst sich bequem \u00fcber das gro\u00dfe,hochaufl\u00f6sende 8&#8243;\/20,3 cm Touchscreendisplay bedienen.Erleben Sie ZENECs faszinierende Entertainmentwelt in Ihrem Fahrzeug. Der Z-E4626 bietet [&hellip;]","og_url":"https:\/\/shop.bantam.ch\/de\/produkt\/naviceiver-z-e4626\/","og_site_name":"Bantam Camping AG","article_modified_time":"2026-04-18T18:50:57+00:00","og_image":[{"width":1000,"height":657,"url":"https:\/\/shop.bantam.ch\/wp-content\/uploads\/2023\/02\/9938389-Naviceiver_Zenec_Z-E4626-Standard-01-1.jpg","type":"image\/jpeg"}],"twitter_card":"summary_large_image","twitter_misc":{"Gesch\u00e4tzte Lesezeit":"3\u00a0Minuten"},"schema":{"@context":"https:\/\/schema.org","@graph":[{"@type":"WebPage","@id":"https:\/\/shop.bantam.ch\/de\/produkt\/naviceiver-z-e4626\/","url":"https:\/\/shop.bantam.ch\/de\/produkt\/naviceiver-z-e4626\/","name":"Naviceiver Z-E4626 - Bantam Camping AG","isPartOf":{"@id":"https:\/\/shop.bantam.ch\/de\/#website"},"primaryImageOfPage":{"@id":"https:\/\/shop.bantam.ch\/de\/produkt\/naviceiver-z-e4626\/#primaryimage"},"image":{"@id":"https:\/\/shop.bantam.ch\/de\/produkt\/naviceiver-z-e4626\/#primaryimage"},"thumbnailUrl":"https:\/\/shop.bantam.ch\/wp-content\/uploads\/2023\/02\/9938389-Naviceiver_Zenec_Z-E4626-Standard-01-1.jpg","datePublished":"2023-02-22T19:13:23+00:00","dateModified":"2026-04-18T18:50:57+00:00","breadcrumb":{"@id":"https:\/\/shop.bantam.ch\/de\/produkt\/naviceiver-z-e4626\/#breadcrumb"},"inLanguage":"de","potentialAction":[{"@type":"ReadAction","target":["https:\/\/shop.bantam.ch\/de\/produkt\/naviceiver-z-e4626\/"]}]},{"@type":"ImageObject","inLanguage":"de","@id":"https:\/\/shop.bantam.ch\/de\/produkt\/naviceiver-z-e4626\/#primaryimage","url":"https:\/\/shop.bantam.ch\/wp-content\/uploads\/2023\/02\/9938389-Naviceiver_Zenec_Z-E4626-Standard-01-1.jpg","contentUrl":"https:\/\/shop.bantam.ch\/wp-content\/uploads\/2023\/02\/9938389-Naviceiver_Zenec_Z-E4626-Standard-01-1.jpg","width":1000,"height":657},{"@type":"BreadcrumbList","@id":"https:\/\/shop.bantam.ch\/de\/produkt\/naviceiver-z-e4626\/#breadcrumb","itemListElement":[{"@type":"ListItem","position":1,"name":"Accueil","item":"https:\/\/shop.bantam.ch\/de\/"},{"@type":"ListItem","position":2,"name":"Shop","item":"https:\/\/shop.bantam.ch\/de\/shop\/"},{"@type":"ListItem","position":3,"name":"Naviceiver Z-E4626"}]},{"@type":"WebSite","@id":"https:\/\/shop.bantam.ch\/de\/#website","url":"https:\/\/shop.bantam.ch\/de\/","name":"Bantam Camping AG","description":"","publisher":{"@id":"https:\/\/shop.bantam.ch\/de\/#organization"},"inLanguage":"de"},{"@type":"Organization","@id":"https:\/\/shop.bantam.ch\/de\/#organization","name":"Bantam Camping AG","url":"https:\/\/shop.bantam.ch\/de\/","logo":{"@type":"ImageObject","inLanguage":"de","@id":"https:\/\/shop.bantam.ch\/de\/#\/schema\/logo\/image\/","url":"https:\/\/shop.bantam.ch\/wp-content\/uploads\/2022\/12\/bantam-logo.png","contentUrl":"https:\/\/shop.bantam.ch\/wp-content\/uploads\/2022\/12\/bantam-logo.png","width":320,"height":71,"caption":"Bantam Camping AG"},"image":{"@id":"https:\/\/shop.bantam.ch\/de\/#\/schema\/logo\/image\/"}}]}},"_links":{"self":[{"href":"https:\/\/shop.bantam.ch\/de\/wp-json\/wp\/v2\/product\/37790","targetHints":{"allow":["GET"]}}],"collection":[{"href":"https:\/\/shop.bantam.ch\/de\/wp-json\/wp\/v2\/product"}],"about":[{"href":"https:\/\/shop.bantam.ch\/de\/wp-json\/wp\/v2\/types\/product"}],"wp:featuredmedia":[{"embeddable":true,"href":"https:\/\/shop.bantam.ch\/de\/wp-json\/wp\/v2\/media\/37782"}],"wp:attachment":[{"href":"https:\/\/shop.bantam.ch\/de\/wp-json\/wp\/v2\/media?parent=37790"}],"wp:term":[{"taxonomy":"product_featured_cat","embeddable":true,"href":"https:\/\/shop.bantam.ch\/de\/wp-json\/wp\/v2\/product_featured_cat?post=37790"},{"taxonomy":"product_brand","embeddable":true,"href":"https:\/\/shop.bantam.ch\/de\/wp-json\/wp\/v2\/product_brand?post=37790"},{"taxonomy":"product_cat","embeddable":true,"href":"https:\/\/shop.bantam.ch\/de\/wp-json\/wp\/v2\/product_cat?post=37790"},{"taxonomy":"product_tag","embeddable":true,"href":"https:\/\/shop.bantam.ch\/de\/wp-json\/wp\/v2\/product_tag?post=37790"}],"curies":[{"name":"wp","href":"https:\/\/api.w.org\/{rel}","templated":true}]}}