{"id":37670,"date":"2023-02-22T20:11:05","date_gmt":"2023-02-22T19:11:05","guid":{"rendered":"http:\/\/preprod-dev.sh1.hidora.com\/webshop\/produit\/kochtopfset-keravis-click-cook-6-tlg\/"},"modified":"2026-04-18T20:50:30","modified_gmt":"2026-04-18T18:50:30","slug":"kochtopfset-keravis-click-cook-6-tlg","status":"publish","type":"product","link":"https:\/\/shop.bantam.ch\/de\/produkt\/kochtopfset-keravis-click-cook-6-tlg\/","title":{"rendered":"Kochtopfset Ballarini Keravis Click &amp; Cook 6-tlg."},"content":{"rendered":"<p>Eine revolution\u00e4re L\u00f6sung, die Platz in der K\u00fcche spart. Abklappbare Griffe, eineinander stapelbares Kochgeschirr. Die Produktlinie Click &amp; Cook von Ballarini ist vielseitig einsetzbar und platz sparend. Die Griffe k\u00f6nnen mit einer einfachen Bewegung eingeklappt und ausgeklappt werden. So haben Sie immer einen Platz im K\u00fcchenschrank, K\u00fchlschrank oder in der Geschirrsp\u00fcle. F\u00fcr Gas-, Ceran- und Elektroherde geeignet.<\/p>\n<p>6-teiliges Set bestehend aus:<br \/>1 Topf (\u00d8 16 cm)<br \/>1 Topf (\u00d8 20 cm)<br \/>1 Topf (\u00d8 24 cm)<br \/>1 Deckel (\u00d8 16 cm)<br \/>1 Deckel (\u00d8 20 cm)<br \/>1 Deckel (\u00d8 24 cm)<\/p>\n","protected":false},"excerpt":{"rendered":"<p>Eine revolution\u00e4re L\u00f6sung, die Platz in der K\u00fcche spart. Abklappbare Griffe, eineinander stapelbares Kochgeschirr. Die Produktlinie Click &amp; Cook von Ballarini ist vielseitig einsetzbar und platz sparend. Die Griffe k\u00f6nnen mit einer einfachen Bewegung eingeklappt und ausgeklappt werden. So haben Sie immer einen Platz im K\u00fcchenschrank, K\u00fchlschrank oder in der Geschirrsp\u00fcle. F\u00fcr Gas-, Ceran- und [&hellip;]<\/p>\n","protected":false},"featured_media":37664,"template":"","meta":{"_acf_changed":false},"product_featured_cat":[],"product_brand":[3279],"product_cat":[4266],"product_tag":[],"class_list":{"0":"post-37670","1":"product","2":"type-product","3":"status-publish","4":"has-post-thumbnail","6":"product_brand-ballarini-de","7":"product_cat-kochtoepfe-pfannen-sets","9":"first","10":"instock","11":"taxable","12":"shipping-taxable","13":"purchasable","14":"product-type-simple"},"acf":[],"yoast_head":"<!-- This site is optimized with the Yoast SEO plugin v27.4 - https:\/\/yoast.com\/product\/yoast-seo-wordpress\/ -->\n<title>Kochtopfset Ballarini Keravis Click &amp; Cook 6-tlg. - Bantam Camping AG<\/title>\n<meta name=\"robots\" content=\"index, follow, max-snippet:-1, max-image-preview:large, max-video-preview:-1\" \/>\n<link rel=\"canonical\" href=\"https:\/\/shop.bantam.ch\/de\/produkt\/kochtopfset-keravis-click-cook-6-tlg\/\" \/>\n<meta property=\"og:locale\" content=\"de_DE\" \/>\n<meta property=\"og:type\" content=\"article\" \/>\n<meta property=\"og:title\" content=\"Kochtopfset Ballarini Keravis Click &amp; Cook 6-tlg. - Bantam Camping AG\" \/>\n<meta property=\"og:description\" content=\"Eine revolution\u00e4re L\u00f6sung, die Platz in der K\u00fcche spart. Abklappbare Griffe, eineinander stapelbares Kochgeschirr. Die Produktlinie Click &amp; Cook von Ballarini ist vielseitig einsetzbar und platz sparend. Die Griffe k\u00f6nnen mit einer einfachen Bewegung eingeklappt und ausgeklappt werden. So haben Sie immer einen Platz im K\u00fcchenschrank, K\u00fchlschrank oder in der Geschirrsp\u00fcle. F\u00fcr Gas-, Ceran- und [&hellip;]\" \/>\n<meta property=\"og:url\" content=\"https:\/\/shop.bantam.ch\/de\/produkt\/kochtopfset-keravis-click-cook-6-tlg\/\" \/>\n<meta property=\"og:site_name\" content=\"Bantam Camping AG\" \/>\n<meta property=\"article:modified_time\" content=\"2026-04-18T18:50:30+00:00\" \/>\n<meta property=\"og:image\" content=\"https:\/\/shop.bantam.ch\/wp-content\/uploads\/2023\/02\/9931410-Click_u_Cook_Topfset_6tlg_je_3_Toepfe_u_3_Deckel_Aluminium_schwarz_Bodenstaerke_2_5_mm-Standard-01-1.jpg\" \/>\n\t<meta property=\"og:image:width\" content=\"1000\" \/>\n\t<meta property=\"og:image:height\" content=\"989\" \/>\n\t<meta property=\"og:image:type\" content=\"image\/jpeg\" \/>\n<meta name=\"twitter:card\" content=\"summary_large_image\" \/>\n<script type=\"application\/ld+json\" class=\"yoast-schema-graph\">{\"@context\":\"https:\\\/\\\/schema.org\",\"@graph\":[{\"@type\":\"WebPage\",\"@id\":\"https:\\\/\\\/shop.bantam.ch\\\/de\\\/produkt\\\/kochtopfset-keravis-click-cook-6-tlg\\\/\",\"url\":\"https:\\\/\\\/shop.bantam.ch\\\/de\\\/produkt\\\/kochtopfset-keravis-click-cook-6-tlg\\\/\",\"name\":\"Kochtopfset Ballarini Keravis Click &amp; Cook 6-tlg. - Bantam Camping AG\",\"isPartOf\":{\"@id\":\"https:\\\/\\\/shop.bantam.ch\\\/de\\\/#website\"},\"primaryImageOfPage\":{\"@id\":\"https:\\\/\\\/shop.bantam.ch\\\/de\\\/produkt\\\/kochtopfset-keravis-click-cook-6-tlg\\\/#primaryimage\"},\"image\":{\"@id\":\"https:\\\/\\\/shop.bantam.ch\\\/de\\\/produkt\\\/kochtopfset-keravis-click-cook-6-tlg\\\/#primaryimage\"},\"thumbnailUrl\":\"https:\\\/\\\/shop.bantam.ch\\\/wp-content\\\/uploads\\\/2023\\\/02\\\/9931410-Click_u_Cook_Topfset_6tlg_je_3_Toepfe_u_3_Deckel_Aluminium_schwarz_Bodenstaerke_2_5_mm-Standard-01-1.jpg\",\"datePublished\":\"2023-02-22T19:11:05+00:00\",\"dateModified\":\"2026-04-18T18:50:30+00:00\",\"breadcrumb\":{\"@id\":\"https:\\\/\\\/shop.bantam.ch\\\/de\\\/produkt\\\/kochtopfset-keravis-click-cook-6-tlg\\\/#breadcrumb\"},\"inLanguage\":\"de\",\"potentialAction\":[{\"@type\":\"ReadAction\",\"target\":[\"https:\\\/\\\/shop.bantam.ch\\\/de\\\/produkt\\\/kochtopfset-keravis-click-cook-6-tlg\\\/\"]}]},{\"@type\":\"ImageObject\",\"inLanguage\":\"de\",\"@id\":\"https:\\\/\\\/shop.bantam.ch\\\/de\\\/produkt\\\/kochtopfset-keravis-click-cook-6-tlg\\\/#primaryimage\",\"url\":\"https:\\\/\\\/shop.bantam.ch\\\/wp-content\\\/uploads\\\/2023\\\/02\\\/9931410-Click_u_Cook_Topfset_6tlg_je_3_Toepfe_u_3_Deckel_Aluminium_schwarz_Bodenstaerke_2_5_mm-Standard-01-1.jpg\",\"contentUrl\":\"https:\\\/\\\/shop.bantam.ch\\\/wp-content\\\/uploads\\\/2023\\\/02\\\/9931410-Click_u_Cook_Topfset_6tlg_je_3_Toepfe_u_3_Deckel_Aluminium_schwarz_Bodenstaerke_2_5_mm-Standard-01-1.jpg\",\"width\":1000,\"height\":989},{\"@type\":\"BreadcrumbList\",\"@id\":\"https:\\\/\\\/shop.bantam.ch\\\/de\\\/produkt\\\/kochtopfset-keravis-click-cook-6-tlg\\\/#breadcrumb\",\"itemListElement\":[{\"@type\":\"ListItem\",\"position\":1,\"name\":\"Accueil\",\"item\":\"https:\\\/\\\/shop.bantam.ch\\\/de\\\/\"},{\"@type\":\"ListItem\",\"position\":2,\"name\":\"Shop\",\"item\":\"https:\\\/\\\/shop.bantam.ch\\\/de\\\/shop\\\/\"},{\"@type\":\"ListItem\",\"position\":3,\"name\":\"Kochtopfset Ballarini Keravis Click &amp; Cook 6-tlg.\"}]},{\"@type\":\"WebSite\",\"@id\":\"https:\\\/\\\/shop.bantam.ch\\\/de\\\/#website\",\"url\":\"https:\\\/\\\/shop.bantam.ch\\\/de\\\/\",\"name\":\"Bantam Camping AG\",\"description\":\"\",\"publisher\":{\"@id\":\"https:\\\/\\\/shop.bantam.ch\\\/de\\\/#organization\"},\"inLanguage\":\"de\"},{\"@type\":\"Organization\",\"@id\":\"https:\\\/\\\/shop.bantam.ch\\\/de\\\/#organization\",\"name\":\"Bantam Camping AG\",\"url\":\"https:\\\/\\\/shop.bantam.ch\\\/de\\\/\",\"logo\":{\"@type\":\"ImageObject\",\"inLanguage\":\"de\",\"@id\":\"https:\\\/\\\/shop.bantam.ch\\\/de\\\/#\\\/schema\\\/logo\\\/image\\\/\",\"url\":\"https:\\\/\\\/shop.bantam.ch\\\/wp-content\\\/uploads\\\/2022\\\/12\\\/bantam-logo.png\",\"contentUrl\":\"https:\\\/\\\/shop.bantam.ch\\\/wp-content\\\/uploads\\\/2022\\\/12\\\/bantam-logo.png\",\"width\":320,\"height\":71,\"caption\":\"Bantam Camping AG\"},\"image\":{\"@id\":\"https:\\\/\\\/shop.bantam.ch\\\/de\\\/#\\\/schema\\\/logo\\\/image\\\/\"}}]}<\/script>\n<!-- \/ Yoast SEO plugin. -->","yoast_head_json":{"title":"Kochtopfset Ballarini Keravis Click &amp; Cook 6-tlg. - Bantam Camping AG","robots":{"index":"index","follow":"follow","max-snippet":"max-snippet:-1","max-image-preview":"max-image-preview:large","max-video-preview":"max-video-preview:-1"},"canonical":"https:\/\/shop.bantam.ch\/de\/produkt\/kochtopfset-keravis-click-cook-6-tlg\/","og_locale":"de_DE","og_type":"article","og_title":"Kochtopfset Ballarini Keravis Click &amp; Cook 6-tlg. - Bantam Camping AG","og_description":"Eine revolution\u00e4re L\u00f6sung, die Platz in der K\u00fcche spart. Abklappbare Griffe, eineinander stapelbares Kochgeschirr. Die Produktlinie Click &amp; Cook von Ballarini ist vielseitig einsetzbar und platz sparend. Die Griffe k\u00f6nnen mit einer einfachen Bewegung eingeklappt und ausgeklappt werden. So haben Sie immer einen Platz im K\u00fcchenschrank, K\u00fchlschrank oder in der Geschirrsp\u00fcle. F\u00fcr Gas-, Ceran- und [&hellip;]","og_url":"https:\/\/shop.bantam.ch\/de\/produkt\/kochtopfset-keravis-click-cook-6-tlg\/","og_site_name":"Bantam Camping AG","article_modified_time":"2026-04-18T18:50:30+00:00","og_image":[{"width":1000,"height":989,"url":"https:\/\/shop.bantam.ch\/wp-content\/uploads\/2023\/02\/9931410-Click_u_Cook_Topfset_6tlg_je_3_Toepfe_u_3_Deckel_Aluminium_schwarz_Bodenstaerke_2_5_mm-Standard-01-1.jpg","type":"image\/jpeg"}],"twitter_card":"summary_large_image","schema":{"@context":"https:\/\/schema.org","@graph":[{"@type":"WebPage","@id":"https:\/\/shop.bantam.ch\/de\/produkt\/kochtopfset-keravis-click-cook-6-tlg\/","url":"https:\/\/shop.bantam.ch\/de\/produkt\/kochtopfset-keravis-click-cook-6-tlg\/","name":"Kochtopfset Ballarini Keravis Click &amp; Cook 6-tlg. - Bantam Camping AG","isPartOf":{"@id":"https:\/\/shop.bantam.ch\/de\/#website"},"primaryImageOfPage":{"@id":"https:\/\/shop.bantam.ch\/de\/produkt\/kochtopfset-keravis-click-cook-6-tlg\/#primaryimage"},"image":{"@id":"https:\/\/shop.bantam.ch\/de\/produkt\/kochtopfset-keravis-click-cook-6-tlg\/#primaryimage"},"thumbnailUrl":"https:\/\/shop.bantam.ch\/wp-content\/uploads\/2023\/02\/9931410-Click_u_Cook_Topfset_6tlg_je_3_Toepfe_u_3_Deckel_Aluminium_schwarz_Bodenstaerke_2_5_mm-Standard-01-1.jpg","datePublished":"2023-02-22T19:11:05+00:00","dateModified":"2026-04-18T18:50:30+00:00","breadcrumb":{"@id":"https:\/\/shop.bantam.ch\/de\/produkt\/kochtopfset-keravis-click-cook-6-tlg\/#breadcrumb"},"inLanguage":"de","potentialAction":[{"@type":"ReadAction","target":["https:\/\/shop.bantam.ch\/de\/produkt\/kochtopfset-keravis-click-cook-6-tlg\/"]}]},{"@type":"ImageObject","inLanguage":"de","@id":"https:\/\/shop.bantam.ch\/de\/produkt\/kochtopfset-keravis-click-cook-6-tlg\/#primaryimage","url":"https:\/\/shop.bantam.ch\/wp-content\/uploads\/2023\/02\/9931410-Click_u_Cook_Topfset_6tlg_je_3_Toepfe_u_3_Deckel_Aluminium_schwarz_Bodenstaerke_2_5_mm-Standard-01-1.jpg","contentUrl":"https:\/\/shop.bantam.ch\/wp-content\/uploads\/2023\/02\/9931410-Click_u_Cook_Topfset_6tlg_je_3_Toepfe_u_3_Deckel_Aluminium_schwarz_Bodenstaerke_2_5_mm-Standard-01-1.jpg","width":1000,"height":989},{"@type":"BreadcrumbList","@id":"https:\/\/shop.bantam.ch\/de\/produkt\/kochtopfset-keravis-click-cook-6-tlg\/#breadcrumb","itemListElement":[{"@type":"ListItem","position":1,"name":"Accueil","item":"https:\/\/shop.bantam.ch\/de\/"},{"@type":"ListItem","position":2,"name":"Shop","item":"https:\/\/shop.bantam.ch\/de\/shop\/"},{"@type":"ListItem","position":3,"name":"Kochtopfset Ballarini Keravis Click &amp; Cook 6-tlg."}]},{"@type":"WebSite","@id":"https:\/\/shop.bantam.ch\/de\/#website","url":"https:\/\/shop.bantam.ch\/de\/","name":"Bantam Camping AG","description":"","publisher":{"@id":"https:\/\/shop.bantam.ch\/de\/#organization"},"inLanguage":"de"},{"@type":"Organization","@id":"https:\/\/shop.bantam.ch\/de\/#organization","name":"Bantam Camping AG","url":"https:\/\/shop.bantam.ch\/de\/","logo":{"@type":"ImageObject","inLanguage":"de","@id":"https:\/\/shop.bantam.ch\/de\/#\/schema\/logo\/image\/","url":"https:\/\/shop.bantam.ch\/wp-content\/uploads\/2022\/12\/bantam-logo.png","contentUrl":"https:\/\/shop.bantam.ch\/wp-content\/uploads\/2022\/12\/bantam-logo.png","width":320,"height":71,"caption":"Bantam Camping AG"},"image":{"@id":"https:\/\/shop.bantam.ch\/de\/#\/schema\/logo\/image\/"}}]}},"_links":{"self":[{"href":"https:\/\/shop.bantam.ch\/de\/wp-json\/wp\/v2\/product\/37670","targetHints":{"allow":["GET"]}}],"collection":[{"href":"https:\/\/shop.bantam.ch\/de\/wp-json\/wp\/v2\/product"}],"about":[{"href":"https:\/\/shop.bantam.ch\/de\/wp-json\/wp\/v2\/types\/product"}],"wp:featuredmedia":[{"embeddable":true,"href":"https:\/\/shop.bantam.ch\/de\/wp-json\/wp\/v2\/media\/37664"}],"wp:attachment":[{"href":"https:\/\/shop.bantam.ch\/de\/wp-json\/wp\/v2\/media?parent=37670"}],"wp:term":[{"taxonomy":"product_featured_cat","embeddable":true,"href":"https:\/\/shop.bantam.ch\/de\/wp-json\/wp\/v2\/product_featured_cat?post=37670"},{"taxonomy":"product_brand","embeddable":true,"href":"https:\/\/shop.bantam.ch\/de\/wp-json\/wp\/v2\/product_brand?post=37670"},{"taxonomy":"product_cat","embeddable":true,"href":"https:\/\/shop.bantam.ch\/de\/wp-json\/wp\/v2\/product_cat?post=37670"},{"taxonomy":"product_tag","embeddable":true,"href":"https:\/\/shop.bantam.ch\/de\/wp-json\/wp\/v2\/product_tag?post=37670"}],"curies":[{"name":"wp","href":"https:\/\/api.w.org\/{rel}","templated":true}]}}