{"id":37306,"date":"2023-02-22T20:04:57","date_gmt":"2023-02-22T19:04:57","guid":{"rendered":"http:\/\/preprod-dev.sh1.hidora.com\/webshop\/produit\/fahrradtraeger-caravan-superb-short-version-2016\/"},"modified":"2026-05-10T20:49:16","modified_gmt":"2026-05-10T18:49:16","slug":"fahrradtraeger-caravan-superb-short-version-2016","status":"publish","type":"product","link":"https:\/\/shop.bantam.ch\/de\/produkt\/fahrradtraeger-caravan-superb-short-version-2016\/","title":{"rendered":"Fahrradtr\u00e4ger Thule Caravan Superb Short Version 2016 Deichsel  2 R\u00e4der Traglast 60 kg"},"content":{"rendered":"<p>Perfekt f\u00fcr kurze Deichseln. Komplett klappbar mit Fahrr\u00e4dern, um an den Bugstauraum zu kommen. Neue innovative Plattformverriegelung. Niedrige Plattform gibt einen besseren Schwerpunkt.<\/p>\n<p>Die neuen Thule Caravan Deichselfahrradtr\u00e4ger in elegantem Design. Entwickelt, um an allen Arten von Caravandeichseln, auch abgedeckten Caravandeichseln, montiert werden zu k\u00f6nnen.<\/p>\n<p>Lieferumfang:<br \/>Inklusive mit zwei abschlie\u00dfbaren Abstandhaltern<\/p>\n<ul>\n<li>F\u00fcr 2 R\u00e4der<\/li>\n<li>F\u00fcr 2 E-Bikes geeignet<\/li>\n<li>Nicht erweiterbar<\/li>\n<li>Traglast pro Schiene 30 kg<\/li>\n<li>Schienenabstand 20 cm<\/li>\n<li>Deichselfahrradtr\u00e4ger<\/li>\n<\/ul>\n","protected":false},"excerpt":{"rendered":"<p>Perfekt f\u00fcr kurze Deichseln. Komplett klappbar mit Fahrr\u00e4dern, um an den Bugstauraum zu kommen. Neue innovative Plattformverriegelung. Niedrige Plattform gibt einen besseren Schwerpunkt. Die neuen Thule Caravan Deichselfahrradtr\u00e4ger in elegantem Design. Entwickelt, um an allen Arten von Caravandeichseln, auch abgedeckten Caravandeichseln, montiert werden zu k\u00f6nnen. Lieferumfang:Inklusive mit zwei abschlie\u00dfbaren Abstandhaltern F\u00fcr 2 R\u00e4der F\u00fcr 2 [&hellip;]<\/p>\n","protected":false},"featured_media":37298,"template":"","meta":{"_acf_changed":false},"product_featured_cat":[],"product_brand":[3047],"product_cat":[5136],"product_tag":[],"class_list":{"0":"post-37306","1":"product","2":"type-product","3":"status-publish","4":"has-post-thumbnail","6":"product_brand-thule-de","7":"product_cat-deichsel-fahrradtraeger","9":"first","10":"instock","11":"taxable","12":"shipping-taxable","13":"purchasable","14":"product-type-simple"},"acf":[],"yoast_head":"<!-- This site is optimized with the Yoast SEO plugin v27.5 - https:\/\/yoast.com\/product\/yoast-seo-wordpress\/ -->\n<title>Fahrradtr\u00e4ger Thule Caravan Superb Short Version 2016 Deichsel 2 R\u00e4der Traglast 60 kg - Bantam<\/title>\n<meta name=\"robots\" content=\"index, follow, max-snippet:-1, max-image-preview:large, max-video-preview:-1\" \/>\n<link rel=\"canonical\" href=\"https:\/\/shop.bantam.ch\/de\/produkt\/fahrradtraeger-caravan-superb-short-version-2016\/\" \/>\n<meta property=\"og:locale\" content=\"de_DE\" \/>\n<meta property=\"og:type\" content=\"article\" \/>\n<meta property=\"og:title\" content=\"Fahrradtr\u00e4ger Thule Caravan Superb Short Version 2016 Deichsel 2 R\u00e4der Traglast 60 kg - Bantam\" \/>\n<meta property=\"og:description\" content=\"Perfekt f\u00fcr kurze Deichseln. Komplett klappbar mit Fahrr\u00e4dern, um an den Bugstauraum zu kommen. Neue innovative Plattformverriegelung. Niedrige Plattform gibt einen besseren Schwerpunkt. Die neuen Thule Caravan Deichselfahrradtr\u00e4ger in elegantem Design. Entwickelt, um an allen Arten von Caravandeichseln, auch abgedeckten Caravandeichseln, montiert werden zu k\u00f6nnen. Lieferumfang:Inklusive mit zwei abschlie\u00dfbaren Abstandhaltern F\u00fcr 2 R\u00e4der F\u00fcr 2 [&hellip;]\" \/>\n<meta property=\"og:url\" content=\"https:\/\/shop.bantam.ch\/de\/produkt\/fahrradtraeger-caravan-superb-short-version-2016\/\" \/>\n<meta property=\"og:site_name\" content=\"Bantam\" \/>\n<meta property=\"article:modified_time\" content=\"2026-05-10T18:49:16+00:00\" \/>\n<meta property=\"og:image\" content=\"https:\/\/shop.bantam.ch\/wp-content\/uploads\/2023\/02\/9930329-Fahrradtraeger_Caravan_Superb_Short_Version_2016-Standard-02-1.jpg\" \/>\n\t<meta property=\"og:image:width\" content=\"1000\" \/>\n\t<meta property=\"og:image:height\" content=\"669\" \/>\n\t<meta property=\"og:image:type\" content=\"image\/jpeg\" \/>\n<meta name=\"twitter:card\" content=\"summary_large_image\" \/>\n<script type=\"application\/ld+json\" class=\"yoast-schema-graph\">{\"@context\":\"https:\\\/\\\/schema.org\",\"@graph\":[{\"@type\":\"WebPage\",\"@id\":\"https:\\\/\\\/shop.bantam.ch\\\/de\\\/produkt\\\/fahrradtraeger-caravan-superb-short-version-2016\\\/\",\"url\":\"https:\\\/\\\/shop.bantam.ch\\\/de\\\/produkt\\\/fahrradtraeger-caravan-superb-short-version-2016\\\/\",\"name\":\"Fahrradtr\u00e4ger Thule Caravan Superb Short Version 2016 Deichsel 2 R\u00e4der Traglast 60 kg - Bantam\",\"isPartOf\":{\"@id\":\"https:\\\/\\\/shop.bantam.ch\\\/de\\\/#website\"},\"primaryImageOfPage\":{\"@id\":\"https:\\\/\\\/shop.bantam.ch\\\/de\\\/produkt\\\/fahrradtraeger-caravan-superb-short-version-2016\\\/#primaryimage\"},\"image\":{\"@id\":\"https:\\\/\\\/shop.bantam.ch\\\/de\\\/produkt\\\/fahrradtraeger-caravan-superb-short-version-2016\\\/#primaryimage\"},\"thumbnailUrl\":\"https:\\\/\\\/shop.bantam.ch\\\/wp-content\\\/uploads\\\/2023\\\/02\\\/9930329-Fahrradtraeger_Caravan_Superb_Short_Version_2016-Standard-02-1.jpg\",\"datePublished\":\"2023-02-22T19:04:57+00:00\",\"dateModified\":\"2026-05-10T18:49:16+00:00\",\"breadcrumb\":{\"@id\":\"https:\\\/\\\/shop.bantam.ch\\\/de\\\/produkt\\\/fahrradtraeger-caravan-superb-short-version-2016\\\/#breadcrumb\"},\"inLanguage\":\"de\",\"potentialAction\":[{\"@type\":\"ReadAction\",\"target\":[\"https:\\\/\\\/shop.bantam.ch\\\/de\\\/produkt\\\/fahrradtraeger-caravan-superb-short-version-2016\\\/\"]}]},{\"@type\":\"ImageObject\",\"inLanguage\":\"de\",\"@id\":\"https:\\\/\\\/shop.bantam.ch\\\/de\\\/produkt\\\/fahrradtraeger-caravan-superb-short-version-2016\\\/#primaryimage\",\"url\":\"https:\\\/\\\/shop.bantam.ch\\\/wp-content\\\/uploads\\\/2023\\\/02\\\/9930329-Fahrradtraeger_Caravan_Superb_Short_Version_2016-Standard-02-1.jpg\",\"contentUrl\":\"https:\\\/\\\/shop.bantam.ch\\\/wp-content\\\/uploads\\\/2023\\\/02\\\/9930329-Fahrradtraeger_Caravan_Superb_Short_Version_2016-Standard-02-1.jpg\",\"width\":1000,\"height\":669},{\"@type\":\"BreadcrumbList\",\"@id\":\"https:\\\/\\\/shop.bantam.ch\\\/de\\\/produkt\\\/fahrradtraeger-caravan-superb-short-version-2016\\\/#breadcrumb\",\"itemListElement\":[{\"@type\":\"ListItem\",\"position\":1,\"name\":\"Accueil\",\"item\":\"https:\\\/\\\/shop.bantam.ch\\\/de\\\/\"},{\"@type\":\"ListItem\",\"position\":2,\"name\":\"Shop\",\"item\":\"https:\\\/\\\/shop.bantam.ch\\\/de\\\/shop\\\/\"},{\"@type\":\"ListItem\",\"position\":3,\"name\":\"Fahrradtr\u00e4ger Thule Caravan Superb Short Version 2016 Deichsel 2 R\u00e4der Traglast 60 kg\"}]},{\"@type\":\"WebSite\",\"@id\":\"https:\\\/\\\/shop.bantam.ch\\\/de\\\/#website\",\"url\":\"https:\\\/\\\/shop.bantam.ch\\\/de\\\/\",\"name\":\"Bantam\",\"description\":\"\",\"publisher\":{\"@id\":\"https:\\\/\\\/shop.bantam.ch\\\/de\\\/#organization\"},\"inLanguage\":\"de\"},{\"@type\":\"Organization\",\"@id\":\"https:\\\/\\\/shop.bantam.ch\\\/de\\\/#organization\",\"name\":\"Bantam\",\"url\":\"https:\\\/\\\/shop.bantam.ch\\\/de\\\/\",\"logo\":{\"@type\":\"ImageObject\",\"inLanguage\":\"de\",\"@id\":\"https:\\\/\\\/shop.bantam.ch\\\/de\\\/#\\\/schema\\\/logo\\\/image\\\/\",\"url\":\"https:\\\/\\\/shop.bantam.ch\\\/wp-content\\\/uploads\\\/2022\\\/12\\\/bantam-logo.png\",\"contentUrl\":\"https:\\\/\\\/shop.bantam.ch\\\/wp-content\\\/uploads\\\/2022\\\/12\\\/bantam-logo.png\",\"width\":320,\"height\":71,\"caption\":\"Bantam\"},\"image\":{\"@id\":\"https:\\\/\\\/shop.bantam.ch\\\/de\\\/#\\\/schema\\\/logo\\\/image\\\/\"}}]}<\/script>\n<!-- \/ Yoast SEO plugin. -->","yoast_head_json":{"title":"Fahrradtr\u00e4ger Thule Caravan Superb Short Version 2016 Deichsel 2 R\u00e4der Traglast 60 kg - Bantam","robots":{"index":"index","follow":"follow","max-snippet":"max-snippet:-1","max-image-preview":"max-image-preview:large","max-video-preview":"max-video-preview:-1"},"canonical":"https:\/\/shop.bantam.ch\/de\/produkt\/fahrradtraeger-caravan-superb-short-version-2016\/","og_locale":"de_DE","og_type":"article","og_title":"Fahrradtr\u00e4ger Thule Caravan Superb Short Version 2016 Deichsel 2 R\u00e4der Traglast 60 kg - Bantam","og_description":"Perfekt f\u00fcr kurze Deichseln. Komplett klappbar mit Fahrr\u00e4dern, um an den Bugstauraum zu kommen. Neue innovative Plattformverriegelung. Niedrige Plattform gibt einen besseren Schwerpunkt. Die neuen Thule Caravan Deichselfahrradtr\u00e4ger in elegantem Design. Entwickelt, um an allen Arten von Caravandeichseln, auch abgedeckten Caravandeichseln, montiert werden zu k\u00f6nnen. Lieferumfang:Inklusive mit zwei abschlie\u00dfbaren Abstandhaltern F\u00fcr 2 R\u00e4der F\u00fcr 2 [&hellip;]","og_url":"https:\/\/shop.bantam.ch\/de\/produkt\/fahrradtraeger-caravan-superb-short-version-2016\/","og_site_name":"Bantam","article_modified_time":"2026-05-10T18:49:16+00:00","og_image":[{"width":1000,"height":669,"url":"https:\/\/shop.bantam.ch\/wp-content\/uploads\/2023\/02\/9930329-Fahrradtraeger_Caravan_Superb_Short_Version_2016-Standard-02-1.jpg","type":"image\/jpeg"}],"twitter_card":"summary_large_image","schema":{"@context":"https:\/\/schema.org","@graph":[{"@type":"WebPage","@id":"https:\/\/shop.bantam.ch\/de\/produkt\/fahrradtraeger-caravan-superb-short-version-2016\/","url":"https:\/\/shop.bantam.ch\/de\/produkt\/fahrradtraeger-caravan-superb-short-version-2016\/","name":"Fahrradtr\u00e4ger Thule Caravan Superb Short Version 2016 Deichsel 2 R\u00e4der Traglast 60 kg - Bantam","isPartOf":{"@id":"https:\/\/shop.bantam.ch\/de\/#website"},"primaryImageOfPage":{"@id":"https:\/\/shop.bantam.ch\/de\/produkt\/fahrradtraeger-caravan-superb-short-version-2016\/#primaryimage"},"image":{"@id":"https:\/\/shop.bantam.ch\/de\/produkt\/fahrradtraeger-caravan-superb-short-version-2016\/#primaryimage"},"thumbnailUrl":"https:\/\/shop.bantam.ch\/wp-content\/uploads\/2023\/02\/9930329-Fahrradtraeger_Caravan_Superb_Short_Version_2016-Standard-02-1.jpg","datePublished":"2023-02-22T19:04:57+00:00","dateModified":"2026-05-10T18:49:16+00:00","breadcrumb":{"@id":"https:\/\/shop.bantam.ch\/de\/produkt\/fahrradtraeger-caravan-superb-short-version-2016\/#breadcrumb"},"inLanguage":"de","potentialAction":[{"@type":"ReadAction","target":["https:\/\/shop.bantam.ch\/de\/produkt\/fahrradtraeger-caravan-superb-short-version-2016\/"]}]},{"@type":"ImageObject","inLanguage":"de","@id":"https:\/\/shop.bantam.ch\/de\/produkt\/fahrradtraeger-caravan-superb-short-version-2016\/#primaryimage","url":"https:\/\/shop.bantam.ch\/wp-content\/uploads\/2023\/02\/9930329-Fahrradtraeger_Caravan_Superb_Short_Version_2016-Standard-02-1.jpg","contentUrl":"https:\/\/shop.bantam.ch\/wp-content\/uploads\/2023\/02\/9930329-Fahrradtraeger_Caravan_Superb_Short_Version_2016-Standard-02-1.jpg","width":1000,"height":669},{"@type":"BreadcrumbList","@id":"https:\/\/shop.bantam.ch\/de\/produkt\/fahrradtraeger-caravan-superb-short-version-2016\/#breadcrumb","itemListElement":[{"@type":"ListItem","position":1,"name":"Accueil","item":"https:\/\/shop.bantam.ch\/de\/"},{"@type":"ListItem","position":2,"name":"Shop","item":"https:\/\/shop.bantam.ch\/de\/shop\/"},{"@type":"ListItem","position":3,"name":"Fahrradtr\u00e4ger Thule Caravan Superb Short Version 2016 Deichsel 2 R\u00e4der Traglast 60 kg"}]},{"@type":"WebSite","@id":"https:\/\/shop.bantam.ch\/de\/#website","url":"https:\/\/shop.bantam.ch\/de\/","name":"Bantam","description":"","publisher":{"@id":"https:\/\/shop.bantam.ch\/de\/#organization"},"inLanguage":"de"},{"@type":"Organization","@id":"https:\/\/shop.bantam.ch\/de\/#organization","name":"Bantam","url":"https:\/\/shop.bantam.ch\/de\/","logo":{"@type":"ImageObject","inLanguage":"de","@id":"https:\/\/shop.bantam.ch\/de\/#\/schema\/logo\/image\/","url":"https:\/\/shop.bantam.ch\/wp-content\/uploads\/2022\/12\/bantam-logo.png","contentUrl":"https:\/\/shop.bantam.ch\/wp-content\/uploads\/2022\/12\/bantam-logo.png","width":320,"height":71,"caption":"Bantam"},"image":{"@id":"https:\/\/shop.bantam.ch\/de\/#\/schema\/logo\/image\/"}}]}},"_links":{"self":[{"href":"https:\/\/shop.bantam.ch\/de\/wp-json\/wp\/v2\/product\/37306","targetHints":{"allow":["GET"]}}],"collection":[{"href":"https:\/\/shop.bantam.ch\/de\/wp-json\/wp\/v2\/product"}],"about":[{"href":"https:\/\/shop.bantam.ch\/de\/wp-json\/wp\/v2\/types\/product"}],"wp:featuredmedia":[{"embeddable":true,"href":"https:\/\/shop.bantam.ch\/de\/wp-json\/wp\/v2\/media\/37298"}],"wp:attachment":[{"href":"https:\/\/shop.bantam.ch\/de\/wp-json\/wp\/v2\/media?parent=37306"}],"wp:term":[{"taxonomy":"product_featured_cat","embeddable":true,"href":"https:\/\/shop.bantam.ch\/de\/wp-json\/wp\/v2\/product_featured_cat?post=37306"},{"taxonomy":"product_brand","embeddable":true,"href":"https:\/\/shop.bantam.ch\/de\/wp-json\/wp\/v2\/product_brand?post=37306"},{"taxonomy":"product_cat","embeddable":true,"href":"https:\/\/shop.bantam.ch\/de\/wp-json\/wp\/v2\/product_cat?post=37306"},{"taxonomy":"product_tag","embeddable":true,"href":"https:\/\/shop.bantam.ch\/de\/wp-json\/wp\/v2\/product_tag?post=37306"}],"curies":[{"name":"wp","href":"https:\/\/api.w.org\/{rel}","templated":true}]}}