{"id":36976,"date":"2023-02-22T19:59:20","date_gmt":"2023-02-22T18:59:20","guid":{"rendered":"http:\/\/preprod-dev.sh1.hidora.com\/webshop\/produit\/faltstuhl-raptor-enduro-grau-schwarz\/"},"modified":"2026-04-18T20:48:43","modified_gmt":"2026-04-18T18:48:43","slug":"faltstuhl-raptor-enduro-grau-schwarz","status":"publish","type":"product","link":"https:\/\/shop.bantam.ch\/de\/produkt\/faltstuhl-raptor-enduro-grau-schwarz\/","title":{"rendered":"Faltstuhl Brunner Raptor Enduro Alu \/ Stahl Farbe grau \/ schwarz"},"content":{"rendered":"<p>Der neue Raptor NG besticht optisch durch ein aufgefrischtes Design und funktionell durch ein h\u00f6heres Komfortniveau dank neu entwickelter, seitlicher Polstereinlagen. Unver\u00e4ndert bleibt hingegen der hervorragende Bedienungskomfort und die hohe Qualit\u00e4t der verwendeten Materialien.<\/p>\n<p>Lieferumfang:<br \/>Inklusive Transportsack<\/p>\n<p>Material:<br \/>Bezug: 100 % Polyester<\/p>\n<ul>\n<li>H\u00f6here Sitzposition<\/li>\n<li>Einfaches Aufstehen<\/li>\n<li>Breitere Sitzfl\u00e4che<\/li>\n<li>Gepolsterte Armlehnen<\/li>\n<li>Faltbares, pulverbeschichtetes Faltgestell<\/li>\n<li>Standf\u00fc\u00dfe mit breiter Auflage<\/li>\n<li>Strapazierf\u00e4higer Polyesterbezug<\/li>\n<li>Seitliche Polstereinlagen<\/li>\n<\/ul>\n","protected":false},"excerpt":{"rendered":"<p>Der neue Raptor NG besticht optisch durch ein aufgefrischtes Design und funktionell durch ein h\u00f6heres Komfortniveau dank neu entwickelter, seitlicher Polstereinlagen. Unver\u00e4ndert bleibt hingegen der hervorragende Bedienungskomfort und die hohe Qualit\u00e4t der verwendeten Materialien. Lieferumfang:Inklusive Transportsack Material:Bezug: 100 % Polyester H\u00f6here Sitzposition Einfaches Aufstehen Breitere Sitzfl\u00e4che Gepolsterte Armlehnen Faltbares, pulverbeschichtetes Faltgestell Standf\u00fc\u00dfe mit breiter Auflage [&hellip;]<\/p>\n","protected":false},"featured_media":36974,"template":"","meta":{"_acf_changed":false},"product_featured_cat":[],"product_brand":[3081],"product_cat":[4972],"product_tag":[],"class_list":{"0":"post-36976","1":"product","2":"type-product","3":"status-publish","4":"has-post-thumbnail","6":"product_brand-brunner-de","7":"product_cat-campingstuehle","9":"first","10":"instock","11":"taxable","12":"shipping-taxable","13":"purchasable","14":"product-type-simple"},"acf":[],"yoast_head":"<!-- This site is optimized with the Yoast SEO plugin v27.4 - https:\/\/yoast.com\/product\/yoast-seo-wordpress\/ -->\n<title>Faltstuhl Brunner Raptor Enduro Alu \/ Stahl Farbe grau \/ schwarz - Bantam Camping AG<\/title>\n<meta name=\"robots\" content=\"index, follow, max-snippet:-1, max-image-preview:large, max-video-preview:-1\" \/>\n<link rel=\"canonical\" href=\"https:\/\/shop.bantam.ch\/de\/produkt\/faltstuhl-raptor-enduro-grau-schwarz\/\" \/>\n<meta property=\"og:locale\" content=\"de_DE\" \/>\n<meta property=\"og:type\" content=\"article\" \/>\n<meta property=\"og:title\" content=\"Faltstuhl Brunner Raptor Enduro Alu \/ Stahl Farbe grau \/ schwarz - Bantam Camping AG\" \/>\n<meta property=\"og:description\" content=\"Der neue Raptor NG besticht optisch durch ein aufgefrischtes Design und funktionell durch ein h\u00f6heres Komfortniveau dank neu entwickelter, seitlicher Polstereinlagen. Unver\u00e4ndert bleibt hingegen der hervorragende Bedienungskomfort und die hohe Qualit\u00e4t der verwendeten Materialien. Lieferumfang:Inklusive Transportsack Material:Bezug: 100 % Polyester H\u00f6here Sitzposition Einfaches Aufstehen Breitere Sitzfl\u00e4che Gepolsterte Armlehnen Faltbares, pulverbeschichtetes Faltgestell Standf\u00fc\u00dfe mit breiter Auflage [&hellip;]\" \/>\n<meta property=\"og:url\" content=\"https:\/\/shop.bantam.ch\/de\/produkt\/faltstuhl-raptor-enduro-grau-schwarz\/\" \/>\n<meta property=\"og:site_name\" content=\"Bantam Camping AG\" \/>\n<meta property=\"article:modified_time\" content=\"2026-04-18T18:48:43+00:00\" \/>\n<meta property=\"og:image\" content=\"https:\/\/shop.bantam.ch\/wp-content\/uploads\/2023\/02\/9930068-Faltstuhl_Raptor_Enduro-Standard-01-1.jpg\" \/>\n\t<meta property=\"og:image:width\" content=\"768\" \/>\n\t<meta property=\"og:image:height\" content=\"1000\" \/>\n\t<meta property=\"og:image:type\" content=\"image\/jpeg\" \/>\n<meta name=\"twitter:card\" content=\"summary_large_image\" \/>\n<script type=\"application\/ld+json\" class=\"yoast-schema-graph\">{\"@context\":\"https:\\\/\\\/schema.org\",\"@graph\":[{\"@type\":\"WebPage\",\"@id\":\"https:\\\/\\\/shop.bantam.ch\\\/de\\\/produkt\\\/faltstuhl-raptor-enduro-grau-schwarz\\\/\",\"url\":\"https:\\\/\\\/shop.bantam.ch\\\/de\\\/produkt\\\/faltstuhl-raptor-enduro-grau-schwarz\\\/\",\"name\":\"Faltstuhl Brunner Raptor Enduro Alu \\\/ Stahl Farbe grau \\\/ schwarz - Bantam Camping AG\",\"isPartOf\":{\"@id\":\"https:\\\/\\\/shop.bantam.ch\\\/de\\\/#website\"},\"primaryImageOfPage\":{\"@id\":\"https:\\\/\\\/shop.bantam.ch\\\/de\\\/produkt\\\/faltstuhl-raptor-enduro-grau-schwarz\\\/#primaryimage\"},\"image\":{\"@id\":\"https:\\\/\\\/shop.bantam.ch\\\/de\\\/produkt\\\/faltstuhl-raptor-enduro-grau-schwarz\\\/#primaryimage\"},\"thumbnailUrl\":\"https:\\\/\\\/shop.bantam.ch\\\/wp-content\\\/uploads\\\/2023\\\/02\\\/9930068-Faltstuhl_Raptor_Enduro-Standard-01-1.jpg\",\"datePublished\":\"2023-02-22T18:59:20+00:00\",\"dateModified\":\"2026-04-18T18:48:43+00:00\",\"breadcrumb\":{\"@id\":\"https:\\\/\\\/shop.bantam.ch\\\/de\\\/produkt\\\/faltstuhl-raptor-enduro-grau-schwarz\\\/#breadcrumb\"},\"inLanguage\":\"de\",\"potentialAction\":[{\"@type\":\"ReadAction\",\"target\":[\"https:\\\/\\\/shop.bantam.ch\\\/de\\\/produkt\\\/faltstuhl-raptor-enduro-grau-schwarz\\\/\"]}]},{\"@type\":\"ImageObject\",\"inLanguage\":\"de\",\"@id\":\"https:\\\/\\\/shop.bantam.ch\\\/de\\\/produkt\\\/faltstuhl-raptor-enduro-grau-schwarz\\\/#primaryimage\",\"url\":\"https:\\\/\\\/shop.bantam.ch\\\/wp-content\\\/uploads\\\/2023\\\/02\\\/9930068-Faltstuhl_Raptor_Enduro-Standard-01-1.jpg\",\"contentUrl\":\"https:\\\/\\\/shop.bantam.ch\\\/wp-content\\\/uploads\\\/2023\\\/02\\\/9930068-Faltstuhl_Raptor_Enduro-Standard-01-1.jpg\",\"width\":768,\"height\":1000},{\"@type\":\"BreadcrumbList\",\"@id\":\"https:\\\/\\\/shop.bantam.ch\\\/de\\\/produkt\\\/faltstuhl-raptor-enduro-grau-schwarz\\\/#breadcrumb\",\"itemListElement\":[{\"@type\":\"ListItem\",\"position\":1,\"name\":\"Accueil\",\"item\":\"https:\\\/\\\/shop.bantam.ch\\\/de\\\/\"},{\"@type\":\"ListItem\",\"position\":2,\"name\":\"Shop\",\"item\":\"https:\\\/\\\/shop.bantam.ch\\\/de\\\/shop\\\/\"},{\"@type\":\"ListItem\",\"position\":3,\"name\":\"Faltstuhl Brunner Raptor Enduro Alu \\\/ Stahl Farbe grau \\\/ schwarz\"}]},{\"@type\":\"WebSite\",\"@id\":\"https:\\\/\\\/shop.bantam.ch\\\/de\\\/#website\",\"url\":\"https:\\\/\\\/shop.bantam.ch\\\/de\\\/\",\"name\":\"Bantam Camping AG\",\"description\":\"\",\"publisher\":{\"@id\":\"https:\\\/\\\/shop.bantam.ch\\\/de\\\/#organization\"},\"inLanguage\":\"de\"},{\"@type\":\"Organization\",\"@id\":\"https:\\\/\\\/shop.bantam.ch\\\/de\\\/#organization\",\"name\":\"Bantam Camping AG\",\"url\":\"https:\\\/\\\/shop.bantam.ch\\\/de\\\/\",\"logo\":{\"@type\":\"ImageObject\",\"inLanguage\":\"de\",\"@id\":\"https:\\\/\\\/shop.bantam.ch\\\/de\\\/#\\\/schema\\\/logo\\\/image\\\/\",\"url\":\"https:\\\/\\\/shop.bantam.ch\\\/wp-content\\\/uploads\\\/2022\\\/12\\\/bantam-logo.png\",\"contentUrl\":\"https:\\\/\\\/shop.bantam.ch\\\/wp-content\\\/uploads\\\/2022\\\/12\\\/bantam-logo.png\",\"width\":320,\"height\":71,\"caption\":\"Bantam Camping AG\"},\"image\":{\"@id\":\"https:\\\/\\\/shop.bantam.ch\\\/de\\\/#\\\/schema\\\/logo\\\/image\\\/\"}}]}<\/script>\n<!-- \/ Yoast SEO plugin. -->","yoast_head_json":{"title":"Faltstuhl Brunner Raptor Enduro Alu \/ Stahl Farbe grau \/ schwarz - Bantam Camping AG","robots":{"index":"index","follow":"follow","max-snippet":"max-snippet:-1","max-image-preview":"max-image-preview:large","max-video-preview":"max-video-preview:-1"},"canonical":"https:\/\/shop.bantam.ch\/de\/produkt\/faltstuhl-raptor-enduro-grau-schwarz\/","og_locale":"de_DE","og_type":"article","og_title":"Faltstuhl Brunner Raptor Enduro Alu \/ Stahl Farbe grau \/ schwarz - Bantam Camping AG","og_description":"Der neue Raptor NG besticht optisch durch ein aufgefrischtes Design und funktionell durch ein h\u00f6heres Komfortniveau dank neu entwickelter, seitlicher Polstereinlagen. Unver\u00e4ndert bleibt hingegen der hervorragende Bedienungskomfort und die hohe Qualit\u00e4t der verwendeten Materialien. Lieferumfang:Inklusive Transportsack Material:Bezug: 100 % Polyester H\u00f6here Sitzposition Einfaches Aufstehen Breitere Sitzfl\u00e4che Gepolsterte Armlehnen Faltbares, pulverbeschichtetes Faltgestell Standf\u00fc\u00dfe mit breiter Auflage [&hellip;]","og_url":"https:\/\/shop.bantam.ch\/de\/produkt\/faltstuhl-raptor-enduro-grau-schwarz\/","og_site_name":"Bantam Camping AG","article_modified_time":"2026-04-18T18:48:43+00:00","og_image":[{"width":768,"height":1000,"url":"https:\/\/shop.bantam.ch\/wp-content\/uploads\/2023\/02\/9930068-Faltstuhl_Raptor_Enduro-Standard-01-1.jpg","type":"image\/jpeg"}],"twitter_card":"summary_large_image","schema":{"@context":"https:\/\/schema.org","@graph":[{"@type":"WebPage","@id":"https:\/\/shop.bantam.ch\/de\/produkt\/faltstuhl-raptor-enduro-grau-schwarz\/","url":"https:\/\/shop.bantam.ch\/de\/produkt\/faltstuhl-raptor-enduro-grau-schwarz\/","name":"Faltstuhl Brunner Raptor Enduro Alu \/ Stahl Farbe grau \/ schwarz - Bantam Camping AG","isPartOf":{"@id":"https:\/\/shop.bantam.ch\/de\/#website"},"primaryImageOfPage":{"@id":"https:\/\/shop.bantam.ch\/de\/produkt\/faltstuhl-raptor-enduro-grau-schwarz\/#primaryimage"},"image":{"@id":"https:\/\/shop.bantam.ch\/de\/produkt\/faltstuhl-raptor-enduro-grau-schwarz\/#primaryimage"},"thumbnailUrl":"https:\/\/shop.bantam.ch\/wp-content\/uploads\/2023\/02\/9930068-Faltstuhl_Raptor_Enduro-Standard-01-1.jpg","datePublished":"2023-02-22T18:59:20+00:00","dateModified":"2026-04-18T18:48:43+00:00","breadcrumb":{"@id":"https:\/\/shop.bantam.ch\/de\/produkt\/faltstuhl-raptor-enduro-grau-schwarz\/#breadcrumb"},"inLanguage":"de","potentialAction":[{"@type":"ReadAction","target":["https:\/\/shop.bantam.ch\/de\/produkt\/faltstuhl-raptor-enduro-grau-schwarz\/"]}]},{"@type":"ImageObject","inLanguage":"de","@id":"https:\/\/shop.bantam.ch\/de\/produkt\/faltstuhl-raptor-enduro-grau-schwarz\/#primaryimage","url":"https:\/\/shop.bantam.ch\/wp-content\/uploads\/2023\/02\/9930068-Faltstuhl_Raptor_Enduro-Standard-01-1.jpg","contentUrl":"https:\/\/shop.bantam.ch\/wp-content\/uploads\/2023\/02\/9930068-Faltstuhl_Raptor_Enduro-Standard-01-1.jpg","width":768,"height":1000},{"@type":"BreadcrumbList","@id":"https:\/\/shop.bantam.ch\/de\/produkt\/faltstuhl-raptor-enduro-grau-schwarz\/#breadcrumb","itemListElement":[{"@type":"ListItem","position":1,"name":"Accueil","item":"https:\/\/shop.bantam.ch\/de\/"},{"@type":"ListItem","position":2,"name":"Shop","item":"https:\/\/shop.bantam.ch\/de\/shop\/"},{"@type":"ListItem","position":3,"name":"Faltstuhl Brunner Raptor Enduro Alu \/ Stahl Farbe grau \/ schwarz"}]},{"@type":"WebSite","@id":"https:\/\/shop.bantam.ch\/de\/#website","url":"https:\/\/shop.bantam.ch\/de\/","name":"Bantam Camping AG","description":"","publisher":{"@id":"https:\/\/shop.bantam.ch\/de\/#organization"},"inLanguage":"de"},{"@type":"Organization","@id":"https:\/\/shop.bantam.ch\/de\/#organization","name":"Bantam Camping AG","url":"https:\/\/shop.bantam.ch\/de\/","logo":{"@type":"ImageObject","inLanguage":"de","@id":"https:\/\/shop.bantam.ch\/de\/#\/schema\/logo\/image\/","url":"https:\/\/shop.bantam.ch\/wp-content\/uploads\/2022\/12\/bantam-logo.png","contentUrl":"https:\/\/shop.bantam.ch\/wp-content\/uploads\/2022\/12\/bantam-logo.png","width":320,"height":71,"caption":"Bantam Camping AG"},"image":{"@id":"https:\/\/shop.bantam.ch\/de\/#\/schema\/logo\/image\/"}}]}},"_links":{"self":[{"href":"https:\/\/shop.bantam.ch\/de\/wp-json\/wp\/v2\/product\/36976","targetHints":{"allow":["GET"]}}],"collection":[{"href":"https:\/\/shop.bantam.ch\/de\/wp-json\/wp\/v2\/product"}],"about":[{"href":"https:\/\/shop.bantam.ch\/de\/wp-json\/wp\/v2\/types\/product"}],"wp:featuredmedia":[{"embeddable":true,"href":"https:\/\/shop.bantam.ch\/de\/wp-json\/wp\/v2\/media\/36974"}],"wp:attachment":[{"href":"https:\/\/shop.bantam.ch\/de\/wp-json\/wp\/v2\/media?parent=36976"}],"wp:term":[{"taxonomy":"product_featured_cat","embeddable":true,"href":"https:\/\/shop.bantam.ch\/de\/wp-json\/wp\/v2\/product_featured_cat?post=36976"},{"taxonomy":"product_brand","embeddable":true,"href":"https:\/\/shop.bantam.ch\/de\/wp-json\/wp\/v2\/product_brand?post=36976"},{"taxonomy":"product_cat","embeddable":true,"href":"https:\/\/shop.bantam.ch\/de\/wp-json\/wp\/v2\/product_cat?post=36976"},{"taxonomy":"product_tag","embeddable":true,"href":"https:\/\/shop.bantam.ch\/de\/wp-json\/wp\/v2\/product_tag?post=36976"}],"curies":[{"name":"wp","href":"https:\/\/api.w.org\/{rel}","templated":true}]}}