{"id":36926,"date":"2023-02-22T19:58:16","date_gmt":"2023-02-22T18:58:16","guid":{"rendered":"http:\/\/preprod-dev.sh1.hidora.com\/webshop\/produit\/isolierbox-classic\/"},"modified":"2026-04-23T20:48:07","modified_gmt":"2026-04-23T18:48:07","slug":"isolierbox-classic","status":"publish","type":"product","link":"https:\/\/shop.bantam.ch\/de\/produkt\/isolierbox-classic\/","title":{"rendered":"Flip-Box Classic Line 23 l Farbe wei\u00df \/ schwarz"},"content":{"rendered":"<p>Flip Box &#8211; die clevere faltbare Isolierbox:<br \/>Sicher und stressfrei transportieren Sie gek\u00fchlte Getr\u00e4nke, gefrorene Lebensmittel, Salate, Kuchen und Reiseproviant mit den innovativen klappbaren Isolierboxen. Ganz ohne Strom oder K\u00fchlakkus bleibt der Inhalt \u00fcber Stunden frisch. Durch die stabile Konstruktion aus 100 % EPP (kein spr\u00f6des Styropor) und die integrierten Griffe, tragen die Boxen bis zu 25 kg und zusammengeklpatt sparen sie wertvollen Platz in jedem Kofferaum.<\/p>\n<ul>\n<li>Isolierwerte:<\/li>\n<li>18 \u00b0 C bis &#8211; 12 \u00b0 C: 115 Minuten<\/li>\n<\/ul>\n<p>+ 10 \u00b0 C bis + 15 \u00b0 C: 420 Minuten+ 55 \u00b0 C bis + 83 \u00b0 C: 62 Minuten<\/p>\n<ul>\n<li>Ma\u00dfe aufgeklappt: 42 cm x 22 cm x 40 cm (B x H x T)<\/li>\n<li>Ma\u00dfe zugeklappt: 40 cm x 8,5 cm x 40 cm (B x H x T)<\/li>\n<li>Gewicht: 0,48 kg<\/li>\n<\/ul>\n","protected":false},"excerpt":{"rendered":"<p>Flip Box &#8211; die clevere faltbare Isolierbox:Sicher und stressfrei transportieren Sie gek\u00fchlte Getr\u00e4nke, gefrorene Lebensmittel, Salate, Kuchen und Reiseproviant mit den innovativen klappbaren Isolierboxen. Ganz ohne Strom oder K\u00fchlakkus bleibt der Inhalt \u00fcber Stunden frisch. Durch die stabile Konstruktion aus 100 % EPP (kein spr\u00f6des Styropor) und die integrierten Griffe, tragen die Boxen bis zu [&hellip;]<\/p>\n","protected":false},"featured_media":36912,"template":"","meta":{"_acf_changed":false},"product_featured_cat":[],"product_brand":[3259],"product_cat":[4086],"product_tag":[],"class_list":{"0":"post-36926","1":"product","2":"type-product","3":"status-publish","4":"has-post-thumbnail","6":"product_brand-flip-box-de","7":"product_cat-passiv-kuehlboxen-taschen","9":"first","10":"instock","11":"taxable","12":"shipping-taxable","13":"purchasable","14":"product-type-simple"},"acf":[],"yoast_head":"<!-- This site is optimized with the Yoast SEO plugin v27.4 - https:\/\/yoast.com\/product\/yoast-seo-wordpress\/ -->\n<title>Flip-Box Classic Line 23 l Farbe wei\u00df \/ schwarz - Bantam Camping AG<\/title>\n<meta name=\"robots\" content=\"index, follow, max-snippet:-1, max-image-preview:large, max-video-preview:-1\" \/>\n<link rel=\"canonical\" href=\"https:\/\/shop.bantam.ch\/de\/produkt\/isolierbox-classic\/\" \/>\n<meta property=\"og:locale\" content=\"de_DE\" \/>\n<meta property=\"og:type\" content=\"article\" \/>\n<meta property=\"og:title\" content=\"Flip-Box Classic Line 23 l Farbe wei\u00df \/ schwarz - Bantam Camping AG\" \/>\n<meta property=\"og:description\" content=\"Flip Box &#8211; die clevere faltbare Isolierbox:Sicher und stressfrei transportieren Sie gek\u00fchlte Getr\u00e4nke, gefrorene Lebensmittel, Salate, Kuchen und Reiseproviant mit den innovativen klappbaren Isolierboxen. Ganz ohne Strom oder K\u00fchlakkus bleibt der Inhalt \u00fcber Stunden frisch. Durch die stabile Konstruktion aus 100 % EPP (kein spr\u00f6des Styropor) und die integrierten Griffe, tragen die Boxen bis zu [&hellip;]\" \/>\n<meta property=\"og:url\" content=\"https:\/\/shop.bantam.ch\/de\/produkt\/isolierbox-classic\/\" \/>\n<meta property=\"og:site_name\" content=\"Bantam Camping AG\" \/>\n<meta property=\"article:modified_time\" content=\"2026-04-23T18:48:07+00:00\" \/>\n<meta property=\"og:image\" content=\"https:\/\/shop.bantam.ch\/wp-content\/uploads\/2023\/02\/9936753-Flip-Box_Classic_Line_weiss_grau_40x40x85_cm-Standard-01-2.jpg\" \/>\n\t<meta property=\"og:image:width\" content=\"1000\" \/>\n\t<meta property=\"og:image:height\" content=\"812\" \/>\n\t<meta property=\"og:image:type\" content=\"image\/jpeg\" \/>\n<meta name=\"twitter:card\" content=\"summary_large_image\" \/>\n<meta name=\"twitter:label1\" content=\"Gesch\u00e4tzte Lesezeit\" \/>\n\t<meta name=\"twitter:data1\" content=\"1\u00a0Minute\" \/>\n<script type=\"application\/ld+json\" class=\"yoast-schema-graph\">{\"@context\":\"https:\\\/\\\/schema.org\",\"@graph\":[{\"@type\":\"WebPage\",\"@id\":\"https:\\\/\\\/shop.bantam.ch\\\/de\\\/produkt\\\/isolierbox-classic\\\/\",\"url\":\"https:\\\/\\\/shop.bantam.ch\\\/de\\\/produkt\\\/isolierbox-classic\\\/\",\"name\":\"Flip-Box Classic Line 23 l Farbe wei\u00df \\\/ schwarz - Bantam Camping AG\",\"isPartOf\":{\"@id\":\"https:\\\/\\\/shop.bantam.ch\\\/de\\\/#website\"},\"primaryImageOfPage\":{\"@id\":\"https:\\\/\\\/shop.bantam.ch\\\/de\\\/produkt\\\/isolierbox-classic\\\/#primaryimage\"},\"image\":{\"@id\":\"https:\\\/\\\/shop.bantam.ch\\\/de\\\/produkt\\\/isolierbox-classic\\\/#primaryimage\"},\"thumbnailUrl\":\"https:\\\/\\\/shop.bantam.ch\\\/wp-content\\\/uploads\\\/2023\\\/02\\\/9936753-Flip-Box_Classic_Line_weiss_grau_40x40x85_cm-Standard-01-2.jpg\",\"datePublished\":\"2023-02-22T18:58:16+00:00\",\"dateModified\":\"2026-04-23T18:48:07+00:00\",\"breadcrumb\":{\"@id\":\"https:\\\/\\\/shop.bantam.ch\\\/de\\\/produkt\\\/isolierbox-classic\\\/#breadcrumb\"},\"inLanguage\":\"de\",\"potentialAction\":[{\"@type\":\"ReadAction\",\"target\":[\"https:\\\/\\\/shop.bantam.ch\\\/de\\\/produkt\\\/isolierbox-classic\\\/\"]}]},{\"@type\":\"ImageObject\",\"inLanguage\":\"de\",\"@id\":\"https:\\\/\\\/shop.bantam.ch\\\/de\\\/produkt\\\/isolierbox-classic\\\/#primaryimage\",\"url\":\"https:\\\/\\\/shop.bantam.ch\\\/wp-content\\\/uploads\\\/2023\\\/02\\\/9936753-Flip-Box_Classic_Line_weiss_grau_40x40x85_cm-Standard-01-2.jpg\",\"contentUrl\":\"https:\\\/\\\/shop.bantam.ch\\\/wp-content\\\/uploads\\\/2023\\\/02\\\/9936753-Flip-Box_Classic_Line_weiss_grau_40x40x85_cm-Standard-01-2.jpg\",\"width\":1000,\"height\":812},{\"@type\":\"BreadcrumbList\",\"@id\":\"https:\\\/\\\/shop.bantam.ch\\\/de\\\/produkt\\\/isolierbox-classic\\\/#breadcrumb\",\"itemListElement\":[{\"@type\":\"ListItem\",\"position\":1,\"name\":\"Accueil\",\"item\":\"https:\\\/\\\/shop.bantam.ch\\\/de\\\/\"},{\"@type\":\"ListItem\",\"position\":2,\"name\":\"Shop\",\"item\":\"https:\\\/\\\/shop.bantam.ch\\\/de\\\/shop\\\/\"},{\"@type\":\"ListItem\",\"position\":3,\"name\":\"Flip-Box Classic Line 23 l Farbe wei\u00df \\\/ schwarz\"}]},{\"@type\":\"WebSite\",\"@id\":\"https:\\\/\\\/shop.bantam.ch\\\/de\\\/#website\",\"url\":\"https:\\\/\\\/shop.bantam.ch\\\/de\\\/\",\"name\":\"Bantam Camping AG\",\"description\":\"\",\"publisher\":{\"@id\":\"https:\\\/\\\/shop.bantam.ch\\\/de\\\/#organization\"},\"inLanguage\":\"de\"},{\"@type\":\"Organization\",\"@id\":\"https:\\\/\\\/shop.bantam.ch\\\/de\\\/#organization\",\"name\":\"Bantam Camping AG\",\"url\":\"https:\\\/\\\/shop.bantam.ch\\\/de\\\/\",\"logo\":{\"@type\":\"ImageObject\",\"inLanguage\":\"de\",\"@id\":\"https:\\\/\\\/shop.bantam.ch\\\/de\\\/#\\\/schema\\\/logo\\\/image\\\/\",\"url\":\"https:\\\/\\\/shop.bantam.ch\\\/wp-content\\\/uploads\\\/2022\\\/12\\\/bantam-logo.png\",\"contentUrl\":\"https:\\\/\\\/shop.bantam.ch\\\/wp-content\\\/uploads\\\/2022\\\/12\\\/bantam-logo.png\",\"width\":320,\"height\":71,\"caption\":\"Bantam Camping AG\"},\"image\":{\"@id\":\"https:\\\/\\\/shop.bantam.ch\\\/de\\\/#\\\/schema\\\/logo\\\/image\\\/\"}}]}<\/script>\n<!-- \/ Yoast SEO plugin. -->","yoast_head_json":{"title":"Flip-Box Classic Line 23 l Farbe wei\u00df \/ schwarz - Bantam Camping AG","robots":{"index":"index","follow":"follow","max-snippet":"max-snippet:-1","max-image-preview":"max-image-preview:large","max-video-preview":"max-video-preview:-1"},"canonical":"https:\/\/shop.bantam.ch\/de\/produkt\/isolierbox-classic\/","og_locale":"de_DE","og_type":"article","og_title":"Flip-Box Classic Line 23 l Farbe wei\u00df \/ schwarz - Bantam Camping AG","og_description":"Flip Box &#8211; die clevere faltbare Isolierbox:Sicher und stressfrei transportieren Sie gek\u00fchlte Getr\u00e4nke, gefrorene Lebensmittel, Salate, Kuchen und Reiseproviant mit den innovativen klappbaren Isolierboxen. Ganz ohne Strom oder K\u00fchlakkus bleibt der Inhalt \u00fcber Stunden frisch. Durch die stabile Konstruktion aus 100 % EPP (kein spr\u00f6des Styropor) und die integrierten Griffe, tragen die Boxen bis zu [&hellip;]","og_url":"https:\/\/shop.bantam.ch\/de\/produkt\/isolierbox-classic\/","og_site_name":"Bantam Camping AG","article_modified_time":"2026-04-23T18:48:07+00:00","og_image":[{"width":1000,"height":812,"url":"https:\/\/shop.bantam.ch\/wp-content\/uploads\/2023\/02\/9936753-Flip-Box_Classic_Line_weiss_grau_40x40x85_cm-Standard-01-2.jpg","type":"image\/jpeg"}],"twitter_card":"summary_large_image","twitter_misc":{"Gesch\u00e4tzte Lesezeit":"1\u00a0Minute"},"schema":{"@context":"https:\/\/schema.org","@graph":[{"@type":"WebPage","@id":"https:\/\/shop.bantam.ch\/de\/produkt\/isolierbox-classic\/","url":"https:\/\/shop.bantam.ch\/de\/produkt\/isolierbox-classic\/","name":"Flip-Box Classic Line 23 l Farbe wei\u00df \/ schwarz - Bantam Camping AG","isPartOf":{"@id":"https:\/\/shop.bantam.ch\/de\/#website"},"primaryImageOfPage":{"@id":"https:\/\/shop.bantam.ch\/de\/produkt\/isolierbox-classic\/#primaryimage"},"image":{"@id":"https:\/\/shop.bantam.ch\/de\/produkt\/isolierbox-classic\/#primaryimage"},"thumbnailUrl":"https:\/\/shop.bantam.ch\/wp-content\/uploads\/2023\/02\/9936753-Flip-Box_Classic_Line_weiss_grau_40x40x85_cm-Standard-01-2.jpg","datePublished":"2023-02-22T18:58:16+00:00","dateModified":"2026-04-23T18:48:07+00:00","breadcrumb":{"@id":"https:\/\/shop.bantam.ch\/de\/produkt\/isolierbox-classic\/#breadcrumb"},"inLanguage":"de","potentialAction":[{"@type":"ReadAction","target":["https:\/\/shop.bantam.ch\/de\/produkt\/isolierbox-classic\/"]}]},{"@type":"ImageObject","inLanguage":"de","@id":"https:\/\/shop.bantam.ch\/de\/produkt\/isolierbox-classic\/#primaryimage","url":"https:\/\/shop.bantam.ch\/wp-content\/uploads\/2023\/02\/9936753-Flip-Box_Classic_Line_weiss_grau_40x40x85_cm-Standard-01-2.jpg","contentUrl":"https:\/\/shop.bantam.ch\/wp-content\/uploads\/2023\/02\/9936753-Flip-Box_Classic_Line_weiss_grau_40x40x85_cm-Standard-01-2.jpg","width":1000,"height":812},{"@type":"BreadcrumbList","@id":"https:\/\/shop.bantam.ch\/de\/produkt\/isolierbox-classic\/#breadcrumb","itemListElement":[{"@type":"ListItem","position":1,"name":"Accueil","item":"https:\/\/shop.bantam.ch\/de\/"},{"@type":"ListItem","position":2,"name":"Shop","item":"https:\/\/shop.bantam.ch\/de\/shop\/"},{"@type":"ListItem","position":3,"name":"Flip-Box Classic Line 23 l Farbe wei\u00df \/ schwarz"}]},{"@type":"WebSite","@id":"https:\/\/shop.bantam.ch\/de\/#website","url":"https:\/\/shop.bantam.ch\/de\/","name":"Bantam Camping AG","description":"","publisher":{"@id":"https:\/\/shop.bantam.ch\/de\/#organization"},"inLanguage":"de"},{"@type":"Organization","@id":"https:\/\/shop.bantam.ch\/de\/#organization","name":"Bantam Camping AG","url":"https:\/\/shop.bantam.ch\/de\/","logo":{"@type":"ImageObject","inLanguage":"de","@id":"https:\/\/shop.bantam.ch\/de\/#\/schema\/logo\/image\/","url":"https:\/\/shop.bantam.ch\/wp-content\/uploads\/2022\/12\/bantam-logo.png","contentUrl":"https:\/\/shop.bantam.ch\/wp-content\/uploads\/2022\/12\/bantam-logo.png","width":320,"height":71,"caption":"Bantam Camping AG"},"image":{"@id":"https:\/\/shop.bantam.ch\/de\/#\/schema\/logo\/image\/"}}]}},"_links":{"self":[{"href":"https:\/\/shop.bantam.ch\/de\/wp-json\/wp\/v2\/product\/36926","targetHints":{"allow":["GET"]}}],"collection":[{"href":"https:\/\/shop.bantam.ch\/de\/wp-json\/wp\/v2\/product"}],"about":[{"href":"https:\/\/shop.bantam.ch\/de\/wp-json\/wp\/v2\/types\/product"}],"wp:featuredmedia":[{"embeddable":true,"href":"https:\/\/shop.bantam.ch\/de\/wp-json\/wp\/v2\/media\/36912"}],"wp:attachment":[{"href":"https:\/\/shop.bantam.ch\/de\/wp-json\/wp\/v2\/media?parent=36926"}],"wp:term":[{"taxonomy":"product_featured_cat","embeddable":true,"href":"https:\/\/shop.bantam.ch\/de\/wp-json\/wp\/v2\/product_featured_cat?post=36926"},{"taxonomy":"product_brand","embeddable":true,"href":"https:\/\/shop.bantam.ch\/de\/wp-json\/wp\/v2\/product_brand?post=36926"},{"taxonomy":"product_cat","embeddable":true,"href":"https:\/\/shop.bantam.ch\/de\/wp-json\/wp\/v2\/product_cat?post=36926"},{"taxonomy":"product_tag","embeddable":true,"href":"https:\/\/shop.bantam.ch\/de\/wp-json\/wp\/v2\/product_tag?post=36926"}],"curies":[{"name":"wp","href":"https:\/\/api.w.org\/{rel}","templated":true}]}}