{"id":36466,"date":"2023-02-22T19:40:05","date_gmt":"2023-02-22T18:40:05","guid":{"rendered":"http:\/\/preprod-dev.sh1.hidora.com\/webshop\/produit\/toilettenentlueftung-bodenvariante-fuer-thetford-c-400\/"},"modified":"2026-04-17T20:47:02","modified_gmt":"2026-04-17T18:47:02","slug":"toilettenentlueftung-bodenvariante-fuer-thetford-c-400","status":"publish","type":"product","link":"https:\/\/shop.bantam.ch\/de\/produkt\/toilettenentlueftung-bodenvariante-fuer-thetford-c-400\/","title":{"rendered":"Toilettenentl\u00fcftung SOG Typ D &#8211; Thetford C400 Bodenvariante"},"content":{"rendered":"<p>Arbeitet mit einem speziell entwickelten leistungsstarken Absaugl\u00fcfter. Erzeugt durch hohe Drehzahl effektive Absaugung! Auch alle Ger\u00fcche bei der Benutzung werden abgesaugt. Die vermehrte Sauerstoffzufuhr gew\u00e4hrleistet die Zersetzung, L\u00fcfter schaltet nur bei der Benutzung ein &#8211; geringer Stromverbrauch. Vorteile: keine chemischen Zus\u00e4tze, handels\u00fcbliches Toilettenpapier, problemlose Entsorgung, h\u00f6herer Komfort! Farbangaben beziehen sich immer auf das Filtergeh\u00e4use.<\/p>\n<p>Lieferumfang:<br \/>L\u00fcfter, Adapterteile, Filtergeh\u00e4use, Filter, Kabelsatz mit Schalter zur Stromversorgung des L\u00fcfters, Montageteile und differenzierte Montageanleitung<\/p>\n<ul>\n<li>Typ: D &#8211; Thetford Toilette C400<\/li>\n<li>Ausf\u00fchrung: Bodenvariante<\/li>\n<\/ul>\n","protected":false},"excerpt":{"rendered":"<p>Arbeitet mit einem speziell entwickelten leistungsstarken Absaugl\u00fcfter. Erzeugt durch hohe Drehzahl effektive Absaugung! Auch alle Ger\u00fcche bei der Benutzung werden abgesaugt. Die vermehrte Sauerstoffzufuhr gew\u00e4hrleistet die Zersetzung, L\u00fcfter schaltet nur bei der Benutzung ein &#8211; geringer Stromverbrauch. Vorteile: keine chemischen Zus\u00e4tze, handels\u00fcbliches Toilettenpapier, problemlose Entsorgung, h\u00f6herer Komfort! Farbangaben beziehen sich immer auf das Filtergeh\u00e4use. Lieferumfang:L\u00fcfter, [&hellip;]<\/p>\n","protected":false},"featured_media":36464,"template":"","meta":{"_acf_changed":false},"product_featured_cat":[],"product_brand":[3251],"product_cat":[4602],"product_tag":[],"class_list":{"0":"post-36466","1":"product","2":"type-product","3":"status-publish","4":"has-post-thumbnail","6":"product_brand-sog-de","7":"product_cat-toilettenentlueftungen","9":"first","10":"instock","11":"taxable","12":"shipping-taxable","13":"purchasable","14":"product-type-simple"},"acf":[],"yoast_head":"<!-- This site is optimized with the Yoast SEO plugin v27.4 - https:\/\/yoast.com\/product\/yoast-seo-wordpress\/ -->\n<title>Toilettenentl\u00fcftung SOG Typ D - Thetford C400 Bodenvariante - Bantam Camping AG<\/title>\n<meta name=\"robots\" content=\"index, follow, max-snippet:-1, max-image-preview:large, max-video-preview:-1\" \/>\n<link rel=\"canonical\" href=\"https:\/\/shop.bantam.ch\/de\/produkt\/toilettenentlueftung-bodenvariante-fuer-thetford-c-400\/\" \/>\n<meta property=\"og:locale\" content=\"de_DE\" \/>\n<meta property=\"og:type\" content=\"article\" \/>\n<meta property=\"og:title\" content=\"Toilettenentl\u00fcftung SOG Typ D - Thetford C400 Bodenvariante - Bantam Camping AG\" \/>\n<meta property=\"og:description\" content=\"Arbeitet mit einem speziell entwickelten leistungsstarken Absaugl\u00fcfter. Erzeugt durch hohe Drehzahl effektive Absaugung! Auch alle Ger\u00fcche bei der Benutzung werden abgesaugt. Die vermehrte Sauerstoffzufuhr gew\u00e4hrleistet die Zersetzung, L\u00fcfter schaltet nur bei der Benutzung ein &#8211; geringer Stromverbrauch. Vorteile: keine chemischen Zus\u00e4tze, handels\u00fcbliches Toilettenpapier, problemlose Entsorgung, h\u00f6herer Komfort! Farbangaben beziehen sich immer auf das Filtergeh\u00e4use. Lieferumfang:L\u00fcfter, [&hellip;]\" \/>\n<meta property=\"og:url\" content=\"https:\/\/shop.bantam.ch\/de\/produkt\/toilettenentlueftung-bodenvariante-fuer-thetford-c-400\/\" \/>\n<meta property=\"og:site_name\" content=\"Bantam Camping AG\" \/>\n<meta property=\"article:modified_time\" content=\"2026-04-17T18:47:02+00:00\" \/>\n<meta property=\"og:image\" content=\"https:\/\/shop.bantam.ch\/wp-content\/uploads\/2023\/02\/9976548-SOG-II_Typ_D_fuer_alle_Thetford_C400_Toiletten_Entlueftung_ueber_Bod_Farbe_schwarz_gruen-Standard-01-1.jpg\" \/>\n\t<meta property=\"og:image:width\" content=\"664\" \/>\n\t<meta property=\"og:image:height\" content=\"1000\" \/>\n\t<meta property=\"og:image:type\" content=\"image\/jpeg\" \/>\n<meta name=\"twitter:card\" content=\"summary_large_image\" \/>\n<script type=\"application\/ld+json\" class=\"yoast-schema-graph\">{\"@context\":\"https:\\\/\\\/schema.org\",\"@graph\":[{\"@type\":\"WebPage\",\"@id\":\"https:\\\/\\\/shop.bantam.ch\\\/de\\\/produkt\\\/toilettenentlueftung-bodenvariante-fuer-thetford-c-400\\\/\",\"url\":\"https:\\\/\\\/shop.bantam.ch\\\/de\\\/produkt\\\/toilettenentlueftung-bodenvariante-fuer-thetford-c-400\\\/\",\"name\":\"Toilettenentl\u00fcftung SOG Typ D - Thetford C400 Bodenvariante - Bantam Camping AG\",\"isPartOf\":{\"@id\":\"https:\\\/\\\/shop.bantam.ch\\\/de\\\/#website\"},\"primaryImageOfPage\":{\"@id\":\"https:\\\/\\\/shop.bantam.ch\\\/de\\\/produkt\\\/toilettenentlueftung-bodenvariante-fuer-thetford-c-400\\\/#primaryimage\"},\"image\":{\"@id\":\"https:\\\/\\\/shop.bantam.ch\\\/de\\\/produkt\\\/toilettenentlueftung-bodenvariante-fuer-thetford-c-400\\\/#primaryimage\"},\"thumbnailUrl\":\"https:\\\/\\\/shop.bantam.ch\\\/wp-content\\\/uploads\\\/2023\\\/02\\\/9976548-SOG-II_Typ_D_fuer_alle_Thetford_C400_Toiletten_Entlueftung_ueber_Bod_Farbe_schwarz_gruen-Standard-01-1.jpg\",\"datePublished\":\"2023-02-22T18:40:05+00:00\",\"dateModified\":\"2026-04-17T18:47:02+00:00\",\"breadcrumb\":{\"@id\":\"https:\\\/\\\/shop.bantam.ch\\\/de\\\/produkt\\\/toilettenentlueftung-bodenvariante-fuer-thetford-c-400\\\/#breadcrumb\"},\"inLanguage\":\"de\",\"potentialAction\":[{\"@type\":\"ReadAction\",\"target\":[\"https:\\\/\\\/shop.bantam.ch\\\/de\\\/produkt\\\/toilettenentlueftung-bodenvariante-fuer-thetford-c-400\\\/\"]}]},{\"@type\":\"ImageObject\",\"inLanguage\":\"de\",\"@id\":\"https:\\\/\\\/shop.bantam.ch\\\/de\\\/produkt\\\/toilettenentlueftung-bodenvariante-fuer-thetford-c-400\\\/#primaryimage\",\"url\":\"https:\\\/\\\/shop.bantam.ch\\\/wp-content\\\/uploads\\\/2023\\\/02\\\/9976548-SOG-II_Typ_D_fuer_alle_Thetford_C400_Toiletten_Entlueftung_ueber_Bod_Farbe_schwarz_gruen-Standard-01-1.jpg\",\"contentUrl\":\"https:\\\/\\\/shop.bantam.ch\\\/wp-content\\\/uploads\\\/2023\\\/02\\\/9976548-SOG-II_Typ_D_fuer_alle_Thetford_C400_Toiletten_Entlueftung_ueber_Bod_Farbe_schwarz_gruen-Standard-01-1.jpg\",\"width\":664,\"height\":1000},{\"@type\":\"BreadcrumbList\",\"@id\":\"https:\\\/\\\/shop.bantam.ch\\\/de\\\/produkt\\\/toilettenentlueftung-bodenvariante-fuer-thetford-c-400\\\/#breadcrumb\",\"itemListElement\":[{\"@type\":\"ListItem\",\"position\":1,\"name\":\"Accueil\",\"item\":\"https:\\\/\\\/shop.bantam.ch\\\/de\\\/\"},{\"@type\":\"ListItem\",\"position\":2,\"name\":\"Shop\",\"item\":\"https:\\\/\\\/shop.bantam.ch\\\/de\\\/shop\\\/\"},{\"@type\":\"ListItem\",\"position\":3,\"name\":\"Toilettenentl\u00fcftung SOG Typ D &#8211; Thetford C400 Bodenvariante\"}]},{\"@type\":\"WebSite\",\"@id\":\"https:\\\/\\\/shop.bantam.ch\\\/de\\\/#website\",\"url\":\"https:\\\/\\\/shop.bantam.ch\\\/de\\\/\",\"name\":\"Bantam Camping AG\",\"description\":\"\",\"publisher\":{\"@id\":\"https:\\\/\\\/shop.bantam.ch\\\/de\\\/#organization\"},\"inLanguage\":\"de\"},{\"@type\":\"Organization\",\"@id\":\"https:\\\/\\\/shop.bantam.ch\\\/de\\\/#organization\",\"name\":\"Bantam Camping AG\",\"url\":\"https:\\\/\\\/shop.bantam.ch\\\/de\\\/\",\"logo\":{\"@type\":\"ImageObject\",\"inLanguage\":\"de\",\"@id\":\"https:\\\/\\\/shop.bantam.ch\\\/de\\\/#\\\/schema\\\/logo\\\/image\\\/\",\"url\":\"https:\\\/\\\/shop.bantam.ch\\\/wp-content\\\/uploads\\\/2022\\\/12\\\/bantam-logo.png\",\"contentUrl\":\"https:\\\/\\\/shop.bantam.ch\\\/wp-content\\\/uploads\\\/2022\\\/12\\\/bantam-logo.png\",\"width\":320,\"height\":71,\"caption\":\"Bantam Camping AG\"},\"image\":{\"@id\":\"https:\\\/\\\/shop.bantam.ch\\\/de\\\/#\\\/schema\\\/logo\\\/image\\\/\"}}]}<\/script>\n<!-- \/ Yoast SEO plugin. -->","yoast_head_json":{"title":"Toilettenentl\u00fcftung SOG Typ D - Thetford C400 Bodenvariante - Bantam Camping AG","robots":{"index":"index","follow":"follow","max-snippet":"max-snippet:-1","max-image-preview":"max-image-preview:large","max-video-preview":"max-video-preview:-1"},"canonical":"https:\/\/shop.bantam.ch\/de\/produkt\/toilettenentlueftung-bodenvariante-fuer-thetford-c-400\/","og_locale":"de_DE","og_type":"article","og_title":"Toilettenentl\u00fcftung SOG Typ D - Thetford C400 Bodenvariante - Bantam Camping AG","og_description":"Arbeitet mit einem speziell entwickelten leistungsstarken Absaugl\u00fcfter. Erzeugt durch hohe Drehzahl effektive Absaugung! Auch alle Ger\u00fcche bei der Benutzung werden abgesaugt. Die vermehrte Sauerstoffzufuhr gew\u00e4hrleistet die Zersetzung, L\u00fcfter schaltet nur bei der Benutzung ein &#8211; geringer Stromverbrauch. Vorteile: keine chemischen Zus\u00e4tze, handels\u00fcbliches Toilettenpapier, problemlose Entsorgung, h\u00f6herer Komfort! Farbangaben beziehen sich immer auf das Filtergeh\u00e4use. Lieferumfang:L\u00fcfter, [&hellip;]","og_url":"https:\/\/shop.bantam.ch\/de\/produkt\/toilettenentlueftung-bodenvariante-fuer-thetford-c-400\/","og_site_name":"Bantam Camping AG","article_modified_time":"2026-04-17T18:47:02+00:00","og_image":[{"width":664,"height":1000,"url":"https:\/\/shop.bantam.ch\/wp-content\/uploads\/2023\/02\/9976548-SOG-II_Typ_D_fuer_alle_Thetford_C400_Toiletten_Entlueftung_ueber_Bod_Farbe_schwarz_gruen-Standard-01-1.jpg","type":"image\/jpeg"}],"twitter_card":"summary_large_image","schema":{"@context":"https:\/\/schema.org","@graph":[{"@type":"WebPage","@id":"https:\/\/shop.bantam.ch\/de\/produkt\/toilettenentlueftung-bodenvariante-fuer-thetford-c-400\/","url":"https:\/\/shop.bantam.ch\/de\/produkt\/toilettenentlueftung-bodenvariante-fuer-thetford-c-400\/","name":"Toilettenentl\u00fcftung SOG Typ D - Thetford C400 Bodenvariante - Bantam Camping AG","isPartOf":{"@id":"https:\/\/shop.bantam.ch\/de\/#website"},"primaryImageOfPage":{"@id":"https:\/\/shop.bantam.ch\/de\/produkt\/toilettenentlueftung-bodenvariante-fuer-thetford-c-400\/#primaryimage"},"image":{"@id":"https:\/\/shop.bantam.ch\/de\/produkt\/toilettenentlueftung-bodenvariante-fuer-thetford-c-400\/#primaryimage"},"thumbnailUrl":"https:\/\/shop.bantam.ch\/wp-content\/uploads\/2023\/02\/9976548-SOG-II_Typ_D_fuer_alle_Thetford_C400_Toiletten_Entlueftung_ueber_Bod_Farbe_schwarz_gruen-Standard-01-1.jpg","datePublished":"2023-02-22T18:40:05+00:00","dateModified":"2026-04-17T18:47:02+00:00","breadcrumb":{"@id":"https:\/\/shop.bantam.ch\/de\/produkt\/toilettenentlueftung-bodenvariante-fuer-thetford-c-400\/#breadcrumb"},"inLanguage":"de","potentialAction":[{"@type":"ReadAction","target":["https:\/\/shop.bantam.ch\/de\/produkt\/toilettenentlueftung-bodenvariante-fuer-thetford-c-400\/"]}]},{"@type":"ImageObject","inLanguage":"de","@id":"https:\/\/shop.bantam.ch\/de\/produkt\/toilettenentlueftung-bodenvariante-fuer-thetford-c-400\/#primaryimage","url":"https:\/\/shop.bantam.ch\/wp-content\/uploads\/2023\/02\/9976548-SOG-II_Typ_D_fuer_alle_Thetford_C400_Toiletten_Entlueftung_ueber_Bod_Farbe_schwarz_gruen-Standard-01-1.jpg","contentUrl":"https:\/\/shop.bantam.ch\/wp-content\/uploads\/2023\/02\/9976548-SOG-II_Typ_D_fuer_alle_Thetford_C400_Toiletten_Entlueftung_ueber_Bod_Farbe_schwarz_gruen-Standard-01-1.jpg","width":664,"height":1000},{"@type":"BreadcrumbList","@id":"https:\/\/shop.bantam.ch\/de\/produkt\/toilettenentlueftung-bodenvariante-fuer-thetford-c-400\/#breadcrumb","itemListElement":[{"@type":"ListItem","position":1,"name":"Accueil","item":"https:\/\/shop.bantam.ch\/de\/"},{"@type":"ListItem","position":2,"name":"Shop","item":"https:\/\/shop.bantam.ch\/de\/shop\/"},{"@type":"ListItem","position":3,"name":"Toilettenentl\u00fcftung SOG Typ D &#8211; Thetford C400 Bodenvariante"}]},{"@type":"WebSite","@id":"https:\/\/shop.bantam.ch\/de\/#website","url":"https:\/\/shop.bantam.ch\/de\/","name":"Bantam Camping AG","description":"","publisher":{"@id":"https:\/\/shop.bantam.ch\/de\/#organization"},"inLanguage":"de"},{"@type":"Organization","@id":"https:\/\/shop.bantam.ch\/de\/#organization","name":"Bantam Camping AG","url":"https:\/\/shop.bantam.ch\/de\/","logo":{"@type":"ImageObject","inLanguage":"de","@id":"https:\/\/shop.bantam.ch\/de\/#\/schema\/logo\/image\/","url":"https:\/\/shop.bantam.ch\/wp-content\/uploads\/2022\/12\/bantam-logo.png","contentUrl":"https:\/\/shop.bantam.ch\/wp-content\/uploads\/2022\/12\/bantam-logo.png","width":320,"height":71,"caption":"Bantam Camping AG"},"image":{"@id":"https:\/\/shop.bantam.ch\/de\/#\/schema\/logo\/image\/"}}]}},"_links":{"self":[{"href":"https:\/\/shop.bantam.ch\/de\/wp-json\/wp\/v2\/product\/36466","targetHints":{"allow":["GET"]}}],"collection":[{"href":"https:\/\/shop.bantam.ch\/de\/wp-json\/wp\/v2\/product"}],"about":[{"href":"https:\/\/shop.bantam.ch\/de\/wp-json\/wp\/v2\/types\/product"}],"wp:featuredmedia":[{"embeddable":true,"href":"https:\/\/shop.bantam.ch\/de\/wp-json\/wp\/v2\/media\/36464"}],"wp:attachment":[{"href":"https:\/\/shop.bantam.ch\/de\/wp-json\/wp\/v2\/media?parent=36466"}],"wp:term":[{"taxonomy":"product_featured_cat","embeddable":true,"href":"https:\/\/shop.bantam.ch\/de\/wp-json\/wp\/v2\/product_featured_cat?post=36466"},{"taxonomy":"product_brand","embeddable":true,"href":"https:\/\/shop.bantam.ch\/de\/wp-json\/wp\/v2\/product_brand?post=36466"},{"taxonomy":"product_cat","embeddable":true,"href":"https:\/\/shop.bantam.ch\/de\/wp-json\/wp\/v2\/product_cat?post=36466"},{"taxonomy":"product_tag","embeddable":true,"href":"https:\/\/shop.bantam.ch\/de\/wp-json\/wp\/v2\/product_tag?post=36466"}],"curies":[{"name":"wp","href":"https:\/\/api.w.org\/{rel}","templated":true}]}}