{"id":36358,"date":"2023-02-22T19:37:41","date_gmt":"2023-02-22T18:37:41","guid":{"rendered":"http:\/\/preprod-dev.sh1.hidora.com\/webshop\/produit\/uebergangsstueck-duschwanne\/"},"modified":"2026-04-18T20:47:05","modified_gmt":"2026-04-18T18:47:05","slug":"uebergangsstueck-duschwanne","status":"publish","type":"product","link":"https:\/\/shop.bantam.ch\/de\/produkt\/uebergangsstueck-duschwanne\/","title":{"rendered":"\u00dcbergangsst\u00fcck Duschwanne zu AW-Rohrsystem"},"content":{"rendered":"<p>Durch das neue Stecksystem ist eine kosteng\u00fcnstige und sichere Montage des Abwasserrohres m\u00f6glich. Kein Schrauben, Kleben oder Schwei\u00dfen, man steckt die Teile einfach ineinander. Das Rohr mit einer Wandst\u00e4rke von 1,5 mm ist schlag- und sto\u00dfunempfindlich, sowie frostsicher und entspricht heutigen hygienischen Anforderungen. Temperaturbest\u00e4ndig von -40 \u00b0C bis +80 \u00b0C.<\/p>\n<ul>\n<li>Ausf\u00fchrung: \u00dcbergangsst\u00fcck Duschwanne<\/li>\n<\/ul>\n","protected":false},"excerpt":{"rendered":"<p>Durch das neue Stecksystem ist eine kosteng\u00fcnstige und sichere Montage des Abwasserrohres m\u00f6glich. Kein Schrauben, Kleben oder Schwei\u00dfen, man steckt die Teile einfach ineinander. Das Rohr mit einer Wandst\u00e4rke von 1,5 mm ist schlag- und sto\u00dfunempfindlich, sowie frostsicher und entspricht heutigen hygienischen Anforderungen. Temperaturbest\u00e4ndig von -40 \u00b0C bis +80 \u00b0C. Ausf\u00fchrung: \u00dcbergangsst\u00fcck Duschwanne<\/p>\n","protected":false},"featured_media":36356,"template":"","meta":{"_acf_changed":false},"product_featured_cat":[],"product_brand":[3113],"product_cat":[4124],"product_tag":[],"class_list":{"0":"post-36358","1":"product","2":"type-product","3":"status-publish","4":"has-post-thumbnail","6":"product_brand-reich-de","7":"product_cat-wasser-sanitaer-zubehoer","9":"first","10":"instock","11":"taxable","12":"shipping-taxable","13":"purchasable","14":"product-type-simple"},"acf":[],"yoast_head":"<!-- This site is optimized with the Yoast SEO plugin v27.4 - https:\/\/yoast.com\/product\/yoast-seo-wordpress\/ -->\n<title>\u00dcbergangsst\u00fcck Duschwanne zu AW-Rohrsystem - Bantam Camping AG<\/title>\n<meta name=\"robots\" content=\"index, follow, max-snippet:-1, max-image-preview:large, max-video-preview:-1\" \/>\n<link rel=\"canonical\" href=\"https:\/\/shop.bantam.ch\/de\/produkt\/uebergangsstueck-duschwanne\/\" \/>\n<meta property=\"og:locale\" content=\"de_DE\" \/>\n<meta property=\"og:type\" content=\"article\" \/>\n<meta property=\"og:title\" content=\"\u00dcbergangsst\u00fcck Duschwanne zu AW-Rohrsystem - Bantam Camping AG\" \/>\n<meta property=\"og:description\" content=\"Durch das neue Stecksystem ist eine kosteng\u00fcnstige und sichere Montage des Abwasserrohres m\u00f6glich. Kein Schrauben, Kleben oder Schwei\u00dfen, man steckt die Teile einfach ineinander. Das Rohr mit einer Wandst\u00e4rke von 1,5 mm ist schlag- und sto\u00dfunempfindlich, sowie frostsicher und entspricht heutigen hygienischen Anforderungen. Temperaturbest\u00e4ndig von -40 \u00b0C bis +80 \u00b0C. Ausf\u00fchrung: \u00dcbergangsst\u00fcck Duschwanne\" \/>\n<meta property=\"og:url\" content=\"https:\/\/shop.bantam.ch\/de\/produkt\/uebergangsstueck-duschwanne\/\" \/>\n<meta property=\"og:site_name\" content=\"Bantam Camping AG\" \/>\n<meta property=\"article:modified_time\" content=\"2026-04-18T18:47:05+00:00\" \/>\n<meta property=\"og:image\" content=\"https:\/\/shop.bantam.ch\/wp-content\/uploads\/2023\/02\/997263011-1.png\" \/>\n\t<meta property=\"og:image:width\" content=\"1217\" \/>\n\t<meta property=\"og:image:height\" content=\"811\" \/>\n\t<meta property=\"og:image:type\" content=\"image\/png\" \/>\n<meta name=\"twitter:card\" content=\"summary_large_image\" \/>\n<script type=\"application\/ld+json\" class=\"yoast-schema-graph\">{\"@context\":\"https:\\\/\\\/schema.org\",\"@graph\":[{\"@type\":\"WebPage\",\"@id\":\"https:\\\/\\\/shop.bantam.ch\\\/de\\\/produkt\\\/uebergangsstueck-duschwanne\\\/\",\"url\":\"https:\\\/\\\/shop.bantam.ch\\\/de\\\/produkt\\\/uebergangsstueck-duschwanne\\\/\",\"name\":\"\u00dcbergangsst\u00fcck Duschwanne zu AW-Rohrsystem - Bantam Camping AG\",\"isPartOf\":{\"@id\":\"https:\\\/\\\/shop.bantam.ch\\\/de\\\/#website\"},\"primaryImageOfPage\":{\"@id\":\"https:\\\/\\\/shop.bantam.ch\\\/de\\\/produkt\\\/uebergangsstueck-duschwanne\\\/#primaryimage\"},\"image\":{\"@id\":\"https:\\\/\\\/shop.bantam.ch\\\/de\\\/produkt\\\/uebergangsstueck-duschwanne\\\/#primaryimage\"},\"thumbnailUrl\":\"https:\\\/\\\/shop.bantam.ch\\\/wp-content\\\/uploads\\\/2023\\\/02\\\/997263011-1.png\",\"datePublished\":\"2023-02-22T18:37:41+00:00\",\"dateModified\":\"2026-04-18T18:47:05+00:00\",\"breadcrumb\":{\"@id\":\"https:\\\/\\\/shop.bantam.ch\\\/de\\\/produkt\\\/uebergangsstueck-duschwanne\\\/#breadcrumb\"},\"inLanguage\":\"de\",\"potentialAction\":[{\"@type\":\"ReadAction\",\"target\":[\"https:\\\/\\\/shop.bantam.ch\\\/de\\\/produkt\\\/uebergangsstueck-duschwanne\\\/\"]}]},{\"@type\":\"ImageObject\",\"inLanguage\":\"de\",\"@id\":\"https:\\\/\\\/shop.bantam.ch\\\/de\\\/produkt\\\/uebergangsstueck-duschwanne\\\/#primaryimage\",\"url\":\"https:\\\/\\\/shop.bantam.ch\\\/wp-content\\\/uploads\\\/2023\\\/02\\\/997263011-1.png\",\"contentUrl\":\"https:\\\/\\\/shop.bantam.ch\\\/wp-content\\\/uploads\\\/2023\\\/02\\\/997263011-1.png\",\"width\":1217,\"height\":811},{\"@type\":\"BreadcrumbList\",\"@id\":\"https:\\\/\\\/shop.bantam.ch\\\/de\\\/produkt\\\/uebergangsstueck-duschwanne\\\/#breadcrumb\",\"itemListElement\":[{\"@type\":\"ListItem\",\"position\":1,\"name\":\"Accueil\",\"item\":\"https:\\\/\\\/shop.bantam.ch\\\/de\\\/\"},{\"@type\":\"ListItem\",\"position\":2,\"name\":\"Shop\",\"item\":\"https:\\\/\\\/shop.bantam.ch\\\/de\\\/shop\\\/\"},{\"@type\":\"ListItem\",\"position\":3,\"name\":\"\u00dcbergangsst\u00fcck Duschwanne zu AW-Rohrsystem\"}]},{\"@type\":\"WebSite\",\"@id\":\"https:\\\/\\\/shop.bantam.ch\\\/de\\\/#website\",\"url\":\"https:\\\/\\\/shop.bantam.ch\\\/de\\\/\",\"name\":\"Bantam Camping AG\",\"description\":\"\",\"publisher\":{\"@id\":\"https:\\\/\\\/shop.bantam.ch\\\/de\\\/#organization\"},\"inLanguage\":\"de\"},{\"@type\":\"Organization\",\"@id\":\"https:\\\/\\\/shop.bantam.ch\\\/de\\\/#organization\",\"name\":\"Bantam Camping AG\",\"url\":\"https:\\\/\\\/shop.bantam.ch\\\/de\\\/\",\"logo\":{\"@type\":\"ImageObject\",\"inLanguage\":\"de\",\"@id\":\"https:\\\/\\\/shop.bantam.ch\\\/de\\\/#\\\/schema\\\/logo\\\/image\\\/\",\"url\":\"https:\\\/\\\/shop.bantam.ch\\\/wp-content\\\/uploads\\\/2022\\\/12\\\/bantam-logo.png\",\"contentUrl\":\"https:\\\/\\\/shop.bantam.ch\\\/wp-content\\\/uploads\\\/2022\\\/12\\\/bantam-logo.png\",\"width\":320,\"height\":71,\"caption\":\"Bantam Camping AG\"},\"image\":{\"@id\":\"https:\\\/\\\/shop.bantam.ch\\\/de\\\/#\\\/schema\\\/logo\\\/image\\\/\"}}]}<\/script>\n<!-- \/ Yoast SEO plugin. -->","yoast_head_json":{"title":"\u00dcbergangsst\u00fcck Duschwanne zu AW-Rohrsystem - Bantam Camping AG","robots":{"index":"index","follow":"follow","max-snippet":"max-snippet:-1","max-image-preview":"max-image-preview:large","max-video-preview":"max-video-preview:-1"},"canonical":"https:\/\/shop.bantam.ch\/de\/produkt\/uebergangsstueck-duschwanne\/","og_locale":"de_DE","og_type":"article","og_title":"\u00dcbergangsst\u00fcck Duschwanne zu AW-Rohrsystem - Bantam Camping AG","og_description":"Durch das neue Stecksystem ist eine kosteng\u00fcnstige und sichere Montage des Abwasserrohres m\u00f6glich. Kein Schrauben, Kleben oder Schwei\u00dfen, man steckt die Teile einfach ineinander. Das Rohr mit einer Wandst\u00e4rke von 1,5 mm ist schlag- und sto\u00dfunempfindlich, sowie frostsicher und entspricht heutigen hygienischen Anforderungen. Temperaturbest\u00e4ndig von -40 \u00b0C bis +80 \u00b0C. Ausf\u00fchrung: \u00dcbergangsst\u00fcck Duschwanne","og_url":"https:\/\/shop.bantam.ch\/de\/produkt\/uebergangsstueck-duschwanne\/","og_site_name":"Bantam Camping AG","article_modified_time":"2026-04-18T18:47:05+00:00","og_image":[{"width":1217,"height":811,"url":"https:\/\/shop.bantam.ch\/wp-content\/uploads\/2023\/02\/997263011-1.png","type":"image\/png"}],"twitter_card":"summary_large_image","schema":{"@context":"https:\/\/schema.org","@graph":[{"@type":"WebPage","@id":"https:\/\/shop.bantam.ch\/de\/produkt\/uebergangsstueck-duschwanne\/","url":"https:\/\/shop.bantam.ch\/de\/produkt\/uebergangsstueck-duschwanne\/","name":"\u00dcbergangsst\u00fcck Duschwanne zu AW-Rohrsystem - Bantam Camping AG","isPartOf":{"@id":"https:\/\/shop.bantam.ch\/de\/#website"},"primaryImageOfPage":{"@id":"https:\/\/shop.bantam.ch\/de\/produkt\/uebergangsstueck-duschwanne\/#primaryimage"},"image":{"@id":"https:\/\/shop.bantam.ch\/de\/produkt\/uebergangsstueck-duschwanne\/#primaryimage"},"thumbnailUrl":"https:\/\/shop.bantam.ch\/wp-content\/uploads\/2023\/02\/997263011-1.png","datePublished":"2023-02-22T18:37:41+00:00","dateModified":"2026-04-18T18:47:05+00:00","breadcrumb":{"@id":"https:\/\/shop.bantam.ch\/de\/produkt\/uebergangsstueck-duschwanne\/#breadcrumb"},"inLanguage":"de","potentialAction":[{"@type":"ReadAction","target":["https:\/\/shop.bantam.ch\/de\/produkt\/uebergangsstueck-duschwanne\/"]}]},{"@type":"ImageObject","inLanguage":"de","@id":"https:\/\/shop.bantam.ch\/de\/produkt\/uebergangsstueck-duschwanne\/#primaryimage","url":"https:\/\/shop.bantam.ch\/wp-content\/uploads\/2023\/02\/997263011-1.png","contentUrl":"https:\/\/shop.bantam.ch\/wp-content\/uploads\/2023\/02\/997263011-1.png","width":1217,"height":811},{"@type":"BreadcrumbList","@id":"https:\/\/shop.bantam.ch\/de\/produkt\/uebergangsstueck-duschwanne\/#breadcrumb","itemListElement":[{"@type":"ListItem","position":1,"name":"Accueil","item":"https:\/\/shop.bantam.ch\/de\/"},{"@type":"ListItem","position":2,"name":"Shop","item":"https:\/\/shop.bantam.ch\/de\/shop\/"},{"@type":"ListItem","position":3,"name":"\u00dcbergangsst\u00fcck Duschwanne zu AW-Rohrsystem"}]},{"@type":"WebSite","@id":"https:\/\/shop.bantam.ch\/de\/#website","url":"https:\/\/shop.bantam.ch\/de\/","name":"Bantam Camping AG","description":"","publisher":{"@id":"https:\/\/shop.bantam.ch\/de\/#organization"},"inLanguage":"de"},{"@type":"Organization","@id":"https:\/\/shop.bantam.ch\/de\/#organization","name":"Bantam Camping AG","url":"https:\/\/shop.bantam.ch\/de\/","logo":{"@type":"ImageObject","inLanguage":"de","@id":"https:\/\/shop.bantam.ch\/de\/#\/schema\/logo\/image\/","url":"https:\/\/shop.bantam.ch\/wp-content\/uploads\/2022\/12\/bantam-logo.png","contentUrl":"https:\/\/shop.bantam.ch\/wp-content\/uploads\/2022\/12\/bantam-logo.png","width":320,"height":71,"caption":"Bantam Camping AG"},"image":{"@id":"https:\/\/shop.bantam.ch\/de\/#\/schema\/logo\/image\/"}}]}},"_links":{"self":[{"href":"https:\/\/shop.bantam.ch\/de\/wp-json\/wp\/v2\/product\/36358","targetHints":{"allow":["GET"]}}],"collection":[{"href":"https:\/\/shop.bantam.ch\/de\/wp-json\/wp\/v2\/product"}],"about":[{"href":"https:\/\/shop.bantam.ch\/de\/wp-json\/wp\/v2\/types\/product"}],"wp:featuredmedia":[{"embeddable":true,"href":"https:\/\/shop.bantam.ch\/de\/wp-json\/wp\/v2\/media\/36356"}],"wp:attachment":[{"href":"https:\/\/shop.bantam.ch\/de\/wp-json\/wp\/v2\/media?parent=36358"}],"wp:term":[{"taxonomy":"product_featured_cat","embeddable":true,"href":"https:\/\/shop.bantam.ch\/de\/wp-json\/wp\/v2\/product_featured_cat?post=36358"},{"taxonomy":"product_brand","embeddable":true,"href":"https:\/\/shop.bantam.ch\/de\/wp-json\/wp\/v2\/product_brand?post=36358"},{"taxonomy":"product_cat","embeddable":true,"href":"https:\/\/shop.bantam.ch\/de\/wp-json\/wp\/v2\/product_cat?post=36358"},{"taxonomy":"product_tag","embeddable":true,"href":"https:\/\/shop.bantam.ch\/de\/wp-json\/wp\/v2\/product_tag?post=36358"}],"curies":[{"name":"wp","href":"https:\/\/api.w.org\/{rel}","templated":true}]}}