{"id":36354,"date":"2023-02-22T19:37:36","date_gmt":"2023-02-22T18:37:36","guid":{"rendered":"http:\/\/preprod-dev.sh1.hidora.com\/webshop\/produit\/uebergangsstueck-o-20-mm\/"},"modified":"2026-05-02T20:46:29","modified_gmt":"2026-05-02T18:46:29","slug":"uebergangsstueck-o-20-mm","status":"publish","type":"product","link":"https:\/\/shop.bantam.ch\/de\/produkt\/uebergangsstueck-o-20-mm\/","title":{"rendered":"\u00dcbergangsst\u00fcck zu AW-Rohrsystem , \u00d8 20 mm"},"content":{"rendered":"<p>Durch das neue Stecksystem ist eine kosteng\u00fcnstige und sichere Montage des Abwasserrohres m\u00f6glich. Kein Schrauben, Kleben oder Schwei\u00dfen, man steckt die Teile einfach ineinander. Das Rohr mit einer Wandst\u00e4rke von 1,5 mm ist schlag- und sto\u00dfunempfindlich, sowie frostsicher und entspricht heutigen hygienischen Anforderungen. Temperaturbest\u00e4ndig von -40 \u00b0C bis +80 \u00b0C.<\/p>\n<ul>\n<li>Ausf\u00fchrung: \u00dcbergangsst\u00fcck 28 mm auf 20 mm<\/li>\n<\/ul>\n","protected":false},"excerpt":{"rendered":"<p>Durch das neue Stecksystem ist eine kosteng\u00fcnstige und sichere Montage des Abwasserrohres m\u00f6glich. Kein Schrauben, Kleben oder Schwei\u00dfen, man steckt die Teile einfach ineinander. Das Rohr mit einer Wandst\u00e4rke von 1,5 mm ist schlag- und sto\u00dfunempfindlich, sowie frostsicher und entspricht heutigen hygienischen Anforderungen. Temperaturbest\u00e4ndig von -40 \u00b0C bis +80 \u00b0C. Ausf\u00fchrung: \u00dcbergangsst\u00fcck 28 mm auf [&hellip;]<\/p>\n","protected":false},"featured_media":36352,"template":"","meta":{"_acf_changed":false},"product_featured_cat":[],"product_brand":[3113],"product_cat":[4570],"product_tag":[],"class_list":{"0":"post-36354","1":"product","2":"type-product","3":"status-publish","4":"has-post-thumbnail","6":"product_brand-reich-de","7":"product_cat-abwasserrohrsysteme","9":"first","10":"instock","11":"taxable","12":"shipping-taxable","13":"purchasable","14":"product-type-simple"},"acf":[],"yoast_head":"<!-- This site is optimized with the Yoast SEO plugin v27.5 - https:\/\/yoast.com\/product\/yoast-seo-wordpress\/ -->\n<title>\u00dcbergangsst\u00fcck zu AW-Rohrsystem , \u00d8 20 mm - Bantam<\/title>\n<meta name=\"robots\" content=\"index, follow, max-snippet:-1, max-image-preview:large, max-video-preview:-1\" \/>\n<link rel=\"canonical\" href=\"https:\/\/shop.bantam.ch\/de\/produkt\/uebergangsstueck-o-20-mm\/\" \/>\n<meta property=\"og:locale\" content=\"de_DE\" \/>\n<meta property=\"og:type\" content=\"article\" \/>\n<meta property=\"og:title\" content=\"\u00dcbergangsst\u00fcck zu AW-Rohrsystem , \u00d8 20 mm - Bantam\" \/>\n<meta property=\"og:description\" content=\"Durch das neue Stecksystem ist eine kosteng\u00fcnstige und sichere Montage des Abwasserrohres m\u00f6glich. Kein Schrauben, Kleben oder Schwei\u00dfen, man steckt die Teile einfach ineinander. Das Rohr mit einer Wandst\u00e4rke von 1,5 mm ist schlag- und sto\u00dfunempfindlich, sowie frostsicher und entspricht heutigen hygienischen Anforderungen. Temperaturbest\u00e4ndig von -40 \u00b0C bis +80 \u00b0C. Ausf\u00fchrung: \u00dcbergangsst\u00fcck 28 mm auf [&hellip;]\" \/>\n<meta property=\"og:url\" content=\"https:\/\/shop.bantam.ch\/de\/produkt\/uebergangsstueck-o-20-mm\/\" \/>\n<meta property=\"og:site_name\" content=\"Bantam\" \/>\n<meta property=\"article:modified_time\" content=\"2026-05-02T18:46:29+00:00\" \/>\n<meta property=\"og:image\" content=\"https:\/\/shop.bantam.ch\/wp-content\/uploads\/2023\/02\/997262011-1.jpg\" \/>\n\t<meta property=\"og:image:width\" content=\"3100\" \/>\n\t<meta property=\"og:image:height\" content=\"2075\" \/>\n\t<meta property=\"og:image:type\" content=\"image\/jpeg\" \/>\n<meta name=\"twitter:card\" content=\"summary_large_image\" \/>\n<script type=\"application\/ld+json\" class=\"yoast-schema-graph\">{\"@context\":\"https:\\\/\\\/schema.org\",\"@graph\":[{\"@type\":\"WebPage\",\"@id\":\"https:\\\/\\\/shop.bantam.ch\\\/de\\\/produkt\\\/uebergangsstueck-o-20-mm\\\/\",\"url\":\"https:\\\/\\\/shop.bantam.ch\\\/de\\\/produkt\\\/uebergangsstueck-o-20-mm\\\/\",\"name\":\"\u00dcbergangsst\u00fcck zu AW-Rohrsystem , \u00d8 20 mm - Bantam\",\"isPartOf\":{\"@id\":\"https:\\\/\\\/shop.bantam.ch\\\/de\\\/#website\"},\"primaryImageOfPage\":{\"@id\":\"https:\\\/\\\/shop.bantam.ch\\\/de\\\/produkt\\\/uebergangsstueck-o-20-mm\\\/#primaryimage\"},\"image\":{\"@id\":\"https:\\\/\\\/shop.bantam.ch\\\/de\\\/produkt\\\/uebergangsstueck-o-20-mm\\\/#primaryimage\"},\"thumbnailUrl\":\"https:\\\/\\\/shop.bantam.ch\\\/wp-content\\\/uploads\\\/2023\\\/02\\\/997262011-1-scaled.jpg\",\"datePublished\":\"2023-02-22T18:37:36+00:00\",\"dateModified\":\"2026-05-02T18:46:29+00:00\",\"breadcrumb\":{\"@id\":\"https:\\\/\\\/shop.bantam.ch\\\/de\\\/produkt\\\/uebergangsstueck-o-20-mm\\\/#breadcrumb\"},\"inLanguage\":\"de\",\"potentialAction\":[{\"@type\":\"ReadAction\",\"target\":[\"https:\\\/\\\/shop.bantam.ch\\\/de\\\/produkt\\\/uebergangsstueck-o-20-mm\\\/\"]}]},{\"@type\":\"ImageObject\",\"inLanguage\":\"de\",\"@id\":\"https:\\\/\\\/shop.bantam.ch\\\/de\\\/produkt\\\/uebergangsstueck-o-20-mm\\\/#primaryimage\",\"url\":\"https:\\\/\\\/shop.bantam.ch\\\/wp-content\\\/uploads\\\/2023\\\/02\\\/997262011-1-scaled.jpg\",\"contentUrl\":\"https:\\\/\\\/shop.bantam.ch\\\/wp-content\\\/uploads\\\/2023\\\/02\\\/997262011-1-scaled.jpg\",\"width\":2048,\"height\":1371},{\"@type\":\"BreadcrumbList\",\"@id\":\"https:\\\/\\\/shop.bantam.ch\\\/de\\\/produkt\\\/uebergangsstueck-o-20-mm\\\/#breadcrumb\",\"itemListElement\":[{\"@type\":\"ListItem\",\"position\":1,\"name\":\"Accueil\",\"item\":\"https:\\\/\\\/shop.bantam.ch\\\/de\\\/\"},{\"@type\":\"ListItem\",\"position\":2,\"name\":\"Shop\",\"item\":\"https:\\\/\\\/shop.bantam.ch\\\/de\\\/shop\\\/\"},{\"@type\":\"ListItem\",\"position\":3,\"name\":\"\u00dcbergangsst\u00fcck zu AW-Rohrsystem , \u00d8 20 mm\"}]},{\"@type\":\"WebSite\",\"@id\":\"https:\\\/\\\/shop.bantam.ch\\\/de\\\/#website\",\"url\":\"https:\\\/\\\/shop.bantam.ch\\\/de\\\/\",\"name\":\"Bantam\",\"description\":\"\",\"publisher\":{\"@id\":\"https:\\\/\\\/shop.bantam.ch\\\/de\\\/#organization\"},\"inLanguage\":\"de\"},{\"@type\":\"Organization\",\"@id\":\"https:\\\/\\\/shop.bantam.ch\\\/de\\\/#organization\",\"name\":\"Bantam\",\"url\":\"https:\\\/\\\/shop.bantam.ch\\\/de\\\/\",\"logo\":{\"@type\":\"ImageObject\",\"inLanguage\":\"de\",\"@id\":\"https:\\\/\\\/shop.bantam.ch\\\/de\\\/#\\\/schema\\\/logo\\\/image\\\/\",\"url\":\"https:\\\/\\\/shop.bantam.ch\\\/wp-content\\\/uploads\\\/2022\\\/12\\\/bantam-logo.png\",\"contentUrl\":\"https:\\\/\\\/shop.bantam.ch\\\/wp-content\\\/uploads\\\/2022\\\/12\\\/bantam-logo.png\",\"width\":320,\"height\":71,\"caption\":\"Bantam\"},\"image\":{\"@id\":\"https:\\\/\\\/shop.bantam.ch\\\/de\\\/#\\\/schema\\\/logo\\\/image\\\/\"}}]}<\/script>\n<!-- \/ Yoast SEO plugin. -->","yoast_head_json":{"title":"\u00dcbergangsst\u00fcck zu AW-Rohrsystem , \u00d8 20 mm - Bantam","robots":{"index":"index","follow":"follow","max-snippet":"max-snippet:-1","max-image-preview":"max-image-preview:large","max-video-preview":"max-video-preview:-1"},"canonical":"https:\/\/shop.bantam.ch\/de\/produkt\/uebergangsstueck-o-20-mm\/","og_locale":"de_DE","og_type":"article","og_title":"\u00dcbergangsst\u00fcck zu AW-Rohrsystem , \u00d8 20 mm - Bantam","og_description":"Durch das neue Stecksystem ist eine kosteng\u00fcnstige und sichere Montage des Abwasserrohres m\u00f6glich. Kein Schrauben, Kleben oder Schwei\u00dfen, man steckt die Teile einfach ineinander. Das Rohr mit einer Wandst\u00e4rke von 1,5 mm ist schlag- und sto\u00dfunempfindlich, sowie frostsicher und entspricht heutigen hygienischen Anforderungen. Temperaturbest\u00e4ndig von -40 \u00b0C bis +80 \u00b0C. Ausf\u00fchrung: \u00dcbergangsst\u00fcck 28 mm auf [&hellip;]","og_url":"https:\/\/shop.bantam.ch\/de\/produkt\/uebergangsstueck-o-20-mm\/","og_site_name":"Bantam","article_modified_time":"2026-05-02T18:46:29+00:00","og_image":[{"width":3100,"height":2075,"url":"https:\/\/shop.bantam.ch\/wp-content\/uploads\/2023\/02\/997262011-1.jpg","type":"image\/jpeg"}],"twitter_card":"summary_large_image","schema":{"@context":"https:\/\/schema.org","@graph":[{"@type":"WebPage","@id":"https:\/\/shop.bantam.ch\/de\/produkt\/uebergangsstueck-o-20-mm\/","url":"https:\/\/shop.bantam.ch\/de\/produkt\/uebergangsstueck-o-20-mm\/","name":"\u00dcbergangsst\u00fcck zu AW-Rohrsystem , \u00d8 20 mm - Bantam","isPartOf":{"@id":"https:\/\/shop.bantam.ch\/de\/#website"},"primaryImageOfPage":{"@id":"https:\/\/shop.bantam.ch\/de\/produkt\/uebergangsstueck-o-20-mm\/#primaryimage"},"image":{"@id":"https:\/\/shop.bantam.ch\/de\/produkt\/uebergangsstueck-o-20-mm\/#primaryimage"},"thumbnailUrl":"https:\/\/shop.bantam.ch\/wp-content\/uploads\/2023\/02\/997262011-1-scaled.jpg","datePublished":"2023-02-22T18:37:36+00:00","dateModified":"2026-05-02T18:46:29+00:00","breadcrumb":{"@id":"https:\/\/shop.bantam.ch\/de\/produkt\/uebergangsstueck-o-20-mm\/#breadcrumb"},"inLanguage":"de","potentialAction":[{"@type":"ReadAction","target":["https:\/\/shop.bantam.ch\/de\/produkt\/uebergangsstueck-o-20-mm\/"]}]},{"@type":"ImageObject","inLanguage":"de","@id":"https:\/\/shop.bantam.ch\/de\/produkt\/uebergangsstueck-o-20-mm\/#primaryimage","url":"https:\/\/shop.bantam.ch\/wp-content\/uploads\/2023\/02\/997262011-1-scaled.jpg","contentUrl":"https:\/\/shop.bantam.ch\/wp-content\/uploads\/2023\/02\/997262011-1-scaled.jpg","width":2048,"height":1371},{"@type":"BreadcrumbList","@id":"https:\/\/shop.bantam.ch\/de\/produkt\/uebergangsstueck-o-20-mm\/#breadcrumb","itemListElement":[{"@type":"ListItem","position":1,"name":"Accueil","item":"https:\/\/shop.bantam.ch\/de\/"},{"@type":"ListItem","position":2,"name":"Shop","item":"https:\/\/shop.bantam.ch\/de\/shop\/"},{"@type":"ListItem","position":3,"name":"\u00dcbergangsst\u00fcck zu AW-Rohrsystem , \u00d8 20 mm"}]},{"@type":"WebSite","@id":"https:\/\/shop.bantam.ch\/de\/#website","url":"https:\/\/shop.bantam.ch\/de\/","name":"Bantam","description":"","publisher":{"@id":"https:\/\/shop.bantam.ch\/de\/#organization"},"inLanguage":"de"},{"@type":"Organization","@id":"https:\/\/shop.bantam.ch\/de\/#organization","name":"Bantam","url":"https:\/\/shop.bantam.ch\/de\/","logo":{"@type":"ImageObject","inLanguage":"de","@id":"https:\/\/shop.bantam.ch\/de\/#\/schema\/logo\/image\/","url":"https:\/\/shop.bantam.ch\/wp-content\/uploads\/2022\/12\/bantam-logo.png","contentUrl":"https:\/\/shop.bantam.ch\/wp-content\/uploads\/2022\/12\/bantam-logo.png","width":320,"height":71,"caption":"Bantam"},"image":{"@id":"https:\/\/shop.bantam.ch\/de\/#\/schema\/logo\/image\/"}}]}},"_links":{"self":[{"href":"https:\/\/shop.bantam.ch\/de\/wp-json\/wp\/v2\/product\/36354","targetHints":{"allow":["GET"]}}],"collection":[{"href":"https:\/\/shop.bantam.ch\/de\/wp-json\/wp\/v2\/product"}],"about":[{"href":"https:\/\/shop.bantam.ch\/de\/wp-json\/wp\/v2\/types\/product"}],"wp:featuredmedia":[{"embeddable":true,"href":"https:\/\/shop.bantam.ch\/de\/wp-json\/wp\/v2\/media\/36352"}],"wp:attachment":[{"href":"https:\/\/shop.bantam.ch\/de\/wp-json\/wp\/v2\/media?parent=36354"}],"wp:term":[{"taxonomy":"product_featured_cat","embeddable":true,"href":"https:\/\/shop.bantam.ch\/de\/wp-json\/wp\/v2\/product_featured_cat?post=36354"},{"taxonomy":"product_brand","embeddable":true,"href":"https:\/\/shop.bantam.ch\/de\/wp-json\/wp\/v2\/product_brand?post=36354"},{"taxonomy":"product_cat","embeddable":true,"href":"https:\/\/shop.bantam.ch\/de\/wp-json\/wp\/v2\/product_cat?post=36354"},{"taxonomy":"product_tag","embeddable":true,"href":"https:\/\/shop.bantam.ch\/de\/wp-json\/wp\/v2\/product_tag?post=36354"}],"curies":[{"name":"wp","href":"https:\/\/api.w.org\/{rel}","templated":true}]}}