{"id":36170,"date":"2023-02-22T19:33:44","date_gmt":"2023-02-22T18:33:44","guid":{"rendered":"http:\/\/preprod-dev.sh1.hidora.com\/webshop\/produit\/flexibler-anschlussschlauch-ht-dn-110-80-cm\/"},"modified":"2026-04-19T20:46:24","modified_gmt":"2026-04-19T18:46:24","slug":"flexibler-anschlussschlauch-ht-dn-110-80-cm","status":"publish","type":"product","link":"https:\/\/shop.bantam.ch\/de\/produkt\/flexibler-anschlussschlauch-ht-dn-110-80-cm\/","title":{"rendered":"Flex. Anschlu\u00dfschlauch Chluba HT DN-110, L\u00e4nge 80 cm"},"content":{"rendered":"<p>Diesen hoch flexible Anschlussschlauch HT-100 k\u00f6nnen Sie in Verbindung mit allen Abwasseranschl\u00fcssen f\u00fcr Toiletten verwenden. Dieser ist dann besonders praktisch, wenn Sie mit festen Rohren nicht aus dem Wohnwagenboden rauskommen weil sich unter der Toilette der Rahmen des Fahrgestells Ihres Wohnwagens befindet. Mit dem Flexschlauch k\u00f6nnen Sie dies problemlos umgehen. Die Standardl\u00e4nge betr\u00e4gt 80 cm im ausgezogenen Zustand.<\/p>\n","protected":false},"excerpt":{"rendered":"<p>Diesen hoch flexible Anschlussschlauch HT-100 k\u00f6nnen Sie in Verbindung mit allen Abwasseranschl\u00fcssen f\u00fcr Toiletten verwenden. Dieser ist dann besonders praktisch, wenn Sie mit festen Rohren nicht aus dem Wohnwagenboden rauskommen weil sich unter der Toilette der Rahmen des Fahrgestells Ihres Wohnwagens befindet. Mit dem Flexschlauch k\u00f6nnen Sie dies problemlos umgehen. Die Standardl\u00e4nge betr\u00e4gt 80 cm [&hellip;]<\/p>\n","protected":false},"featured_media":36168,"template":"","meta":{"_acf_changed":false},"product_featured_cat":[],"product_brand":[3249],"product_cat":[4124],"product_tag":[],"class_list":{"0":"post-36170","1":"product","2":"type-product","3":"status-publish","4":"has-post-thumbnail","6":"product_brand-chluba-de","7":"product_cat-wasser-sanitaer-zubehoer","9":"first","10":"instock","11":"taxable","12":"shipping-taxable","13":"purchasable","14":"product-type-simple"},"acf":[],"yoast_head":"<!-- This site is optimized with the Yoast SEO plugin v27.4 - https:\/\/yoast.com\/product\/yoast-seo-wordpress\/ -->\n<title>Flex. Anschlu\u00dfschlauch Chluba HT DN-110, L\u00e4nge 80 cm - Bantam Camping AG<\/title>\n<meta name=\"robots\" content=\"index, follow, max-snippet:-1, max-image-preview:large, max-video-preview:-1\" \/>\n<link rel=\"canonical\" href=\"https:\/\/shop.bantam.ch\/de\/produkt\/flexibler-anschlussschlauch-ht-dn-110-80-cm\/\" \/>\n<meta property=\"og:locale\" content=\"de_DE\" \/>\n<meta property=\"og:type\" content=\"article\" \/>\n<meta property=\"og:title\" content=\"Flex. Anschlu\u00dfschlauch Chluba HT DN-110, L\u00e4nge 80 cm - Bantam Camping AG\" \/>\n<meta property=\"og:description\" content=\"Diesen hoch flexible Anschlussschlauch HT-100 k\u00f6nnen Sie in Verbindung mit allen Abwasseranschl\u00fcssen f\u00fcr Toiletten verwenden. Dieser ist dann besonders praktisch, wenn Sie mit festen Rohren nicht aus dem Wohnwagenboden rauskommen weil sich unter der Toilette der Rahmen des Fahrgestells Ihres Wohnwagens befindet. Mit dem Flexschlauch k\u00f6nnen Sie dies problemlos umgehen. Die Standardl\u00e4nge betr\u00e4gt 80 cm [&hellip;]\" \/>\n<meta property=\"og:url\" content=\"https:\/\/shop.bantam.ch\/de\/produkt\/flexibler-anschlussschlauch-ht-dn-110-80-cm\/\" \/>\n<meta property=\"og:site_name\" content=\"Bantam Camping AG\" \/>\n<meta property=\"article:modified_time\" content=\"2026-04-19T18:46:24+00:00\" \/>\n<meta property=\"og:image\" content=\"https:\/\/shop.bantam.ch\/wp-content\/uploads\/2023\/02\/9976402-Flexibler_Anschlussschlauch_HT1-Standard-01-1.jpg\" \/>\n\t<meta property=\"og:image:width\" content=\"1000\" \/>\n\t<meta property=\"og:image:height\" content=\"875\" \/>\n\t<meta property=\"og:image:type\" content=\"image\/jpeg\" \/>\n<meta name=\"twitter:card\" content=\"summary_large_image\" \/>\n<script type=\"application\/ld+json\" class=\"yoast-schema-graph\">{\"@context\":\"https:\\\/\\\/schema.org\",\"@graph\":[{\"@type\":\"WebPage\",\"@id\":\"https:\\\/\\\/shop.bantam.ch\\\/de\\\/produkt\\\/flexibler-anschlussschlauch-ht-dn-110-80-cm\\\/\",\"url\":\"https:\\\/\\\/shop.bantam.ch\\\/de\\\/produkt\\\/flexibler-anschlussschlauch-ht-dn-110-80-cm\\\/\",\"name\":\"Flex. Anschlu\u00dfschlauch Chluba HT DN-110, L\u00e4nge 80 cm - Bantam Camping AG\",\"isPartOf\":{\"@id\":\"https:\\\/\\\/shop.bantam.ch\\\/de\\\/#website\"},\"primaryImageOfPage\":{\"@id\":\"https:\\\/\\\/shop.bantam.ch\\\/de\\\/produkt\\\/flexibler-anschlussschlauch-ht-dn-110-80-cm\\\/#primaryimage\"},\"image\":{\"@id\":\"https:\\\/\\\/shop.bantam.ch\\\/de\\\/produkt\\\/flexibler-anschlussschlauch-ht-dn-110-80-cm\\\/#primaryimage\"},\"thumbnailUrl\":\"https:\\\/\\\/shop.bantam.ch\\\/wp-content\\\/uploads\\\/2023\\\/02\\\/9976402-Flexibler_Anschlussschlauch_HT1-Standard-01-1.jpg\",\"datePublished\":\"2023-02-22T18:33:44+00:00\",\"dateModified\":\"2026-04-19T18:46:24+00:00\",\"breadcrumb\":{\"@id\":\"https:\\\/\\\/shop.bantam.ch\\\/de\\\/produkt\\\/flexibler-anschlussschlauch-ht-dn-110-80-cm\\\/#breadcrumb\"},\"inLanguage\":\"de\",\"potentialAction\":[{\"@type\":\"ReadAction\",\"target\":[\"https:\\\/\\\/shop.bantam.ch\\\/de\\\/produkt\\\/flexibler-anschlussschlauch-ht-dn-110-80-cm\\\/\"]}]},{\"@type\":\"ImageObject\",\"inLanguage\":\"de\",\"@id\":\"https:\\\/\\\/shop.bantam.ch\\\/de\\\/produkt\\\/flexibler-anschlussschlauch-ht-dn-110-80-cm\\\/#primaryimage\",\"url\":\"https:\\\/\\\/shop.bantam.ch\\\/wp-content\\\/uploads\\\/2023\\\/02\\\/9976402-Flexibler_Anschlussschlauch_HT1-Standard-01-1.jpg\",\"contentUrl\":\"https:\\\/\\\/shop.bantam.ch\\\/wp-content\\\/uploads\\\/2023\\\/02\\\/9976402-Flexibler_Anschlussschlauch_HT1-Standard-01-1.jpg\",\"width\":1000,\"height\":875},{\"@type\":\"BreadcrumbList\",\"@id\":\"https:\\\/\\\/shop.bantam.ch\\\/de\\\/produkt\\\/flexibler-anschlussschlauch-ht-dn-110-80-cm\\\/#breadcrumb\",\"itemListElement\":[{\"@type\":\"ListItem\",\"position\":1,\"name\":\"Accueil\",\"item\":\"https:\\\/\\\/shop.bantam.ch\\\/de\\\/\"},{\"@type\":\"ListItem\",\"position\":2,\"name\":\"Shop\",\"item\":\"https:\\\/\\\/shop.bantam.ch\\\/de\\\/shop\\\/\"},{\"@type\":\"ListItem\",\"position\":3,\"name\":\"Flex. Anschlu\u00dfschlauch Chluba HT DN-110, L\u00e4nge 80 cm\"}]},{\"@type\":\"WebSite\",\"@id\":\"https:\\\/\\\/shop.bantam.ch\\\/de\\\/#website\",\"url\":\"https:\\\/\\\/shop.bantam.ch\\\/de\\\/\",\"name\":\"Bantam Camping AG\",\"description\":\"\",\"publisher\":{\"@id\":\"https:\\\/\\\/shop.bantam.ch\\\/de\\\/#organization\"},\"inLanguage\":\"de\"},{\"@type\":\"Organization\",\"@id\":\"https:\\\/\\\/shop.bantam.ch\\\/de\\\/#organization\",\"name\":\"Bantam Camping AG\",\"url\":\"https:\\\/\\\/shop.bantam.ch\\\/de\\\/\",\"logo\":{\"@type\":\"ImageObject\",\"inLanguage\":\"de\",\"@id\":\"https:\\\/\\\/shop.bantam.ch\\\/de\\\/#\\\/schema\\\/logo\\\/image\\\/\",\"url\":\"https:\\\/\\\/shop.bantam.ch\\\/wp-content\\\/uploads\\\/2022\\\/12\\\/bantam-logo.png\",\"contentUrl\":\"https:\\\/\\\/shop.bantam.ch\\\/wp-content\\\/uploads\\\/2022\\\/12\\\/bantam-logo.png\",\"width\":320,\"height\":71,\"caption\":\"Bantam Camping AG\"},\"image\":{\"@id\":\"https:\\\/\\\/shop.bantam.ch\\\/de\\\/#\\\/schema\\\/logo\\\/image\\\/\"}}]}<\/script>\n<!-- \/ Yoast SEO plugin. -->","yoast_head_json":{"title":"Flex. Anschlu\u00dfschlauch Chluba HT DN-110, L\u00e4nge 80 cm - Bantam Camping AG","robots":{"index":"index","follow":"follow","max-snippet":"max-snippet:-1","max-image-preview":"max-image-preview:large","max-video-preview":"max-video-preview:-1"},"canonical":"https:\/\/shop.bantam.ch\/de\/produkt\/flexibler-anschlussschlauch-ht-dn-110-80-cm\/","og_locale":"de_DE","og_type":"article","og_title":"Flex. Anschlu\u00dfschlauch Chluba HT DN-110, L\u00e4nge 80 cm - Bantam Camping AG","og_description":"Diesen hoch flexible Anschlussschlauch HT-100 k\u00f6nnen Sie in Verbindung mit allen Abwasseranschl\u00fcssen f\u00fcr Toiletten verwenden. Dieser ist dann besonders praktisch, wenn Sie mit festen Rohren nicht aus dem Wohnwagenboden rauskommen weil sich unter der Toilette der Rahmen des Fahrgestells Ihres Wohnwagens befindet. Mit dem Flexschlauch k\u00f6nnen Sie dies problemlos umgehen. Die Standardl\u00e4nge betr\u00e4gt 80 cm [&hellip;]","og_url":"https:\/\/shop.bantam.ch\/de\/produkt\/flexibler-anschlussschlauch-ht-dn-110-80-cm\/","og_site_name":"Bantam Camping AG","article_modified_time":"2026-04-19T18:46:24+00:00","og_image":[{"width":1000,"height":875,"url":"https:\/\/shop.bantam.ch\/wp-content\/uploads\/2023\/02\/9976402-Flexibler_Anschlussschlauch_HT1-Standard-01-1.jpg","type":"image\/jpeg"}],"twitter_card":"summary_large_image","schema":{"@context":"https:\/\/schema.org","@graph":[{"@type":"WebPage","@id":"https:\/\/shop.bantam.ch\/de\/produkt\/flexibler-anschlussschlauch-ht-dn-110-80-cm\/","url":"https:\/\/shop.bantam.ch\/de\/produkt\/flexibler-anschlussschlauch-ht-dn-110-80-cm\/","name":"Flex. Anschlu\u00dfschlauch Chluba HT DN-110, L\u00e4nge 80 cm - Bantam Camping AG","isPartOf":{"@id":"https:\/\/shop.bantam.ch\/de\/#website"},"primaryImageOfPage":{"@id":"https:\/\/shop.bantam.ch\/de\/produkt\/flexibler-anschlussschlauch-ht-dn-110-80-cm\/#primaryimage"},"image":{"@id":"https:\/\/shop.bantam.ch\/de\/produkt\/flexibler-anschlussschlauch-ht-dn-110-80-cm\/#primaryimage"},"thumbnailUrl":"https:\/\/shop.bantam.ch\/wp-content\/uploads\/2023\/02\/9976402-Flexibler_Anschlussschlauch_HT1-Standard-01-1.jpg","datePublished":"2023-02-22T18:33:44+00:00","dateModified":"2026-04-19T18:46:24+00:00","breadcrumb":{"@id":"https:\/\/shop.bantam.ch\/de\/produkt\/flexibler-anschlussschlauch-ht-dn-110-80-cm\/#breadcrumb"},"inLanguage":"de","potentialAction":[{"@type":"ReadAction","target":["https:\/\/shop.bantam.ch\/de\/produkt\/flexibler-anschlussschlauch-ht-dn-110-80-cm\/"]}]},{"@type":"ImageObject","inLanguage":"de","@id":"https:\/\/shop.bantam.ch\/de\/produkt\/flexibler-anschlussschlauch-ht-dn-110-80-cm\/#primaryimage","url":"https:\/\/shop.bantam.ch\/wp-content\/uploads\/2023\/02\/9976402-Flexibler_Anschlussschlauch_HT1-Standard-01-1.jpg","contentUrl":"https:\/\/shop.bantam.ch\/wp-content\/uploads\/2023\/02\/9976402-Flexibler_Anschlussschlauch_HT1-Standard-01-1.jpg","width":1000,"height":875},{"@type":"BreadcrumbList","@id":"https:\/\/shop.bantam.ch\/de\/produkt\/flexibler-anschlussschlauch-ht-dn-110-80-cm\/#breadcrumb","itemListElement":[{"@type":"ListItem","position":1,"name":"Accueil","item":"https:\/\/shop.bantam.ch\/de\/"},{"@type":"ListItem","position":2,"name":"Shop","item":"https:\/\/shop.bantam.ch\/de\/shop\/"},{"@type":"ListItem","position":3,"name":"Flex. Anschlu\u00dfschlauch Chluba HT DN-110, L\u00e4nge 80 cm"}]},{"@type":"WebSite","@id":"https:\/\/shop.bantam.ch\/de\/#website","url":"https:\/\/shop.bantam.ch\/de\/","name":"Bantam Camping AG","description":"","publisher":{"@id":"https:\/\/shop.bantam.ch\/de\/#organization"},"inLanguage":"de"},{"@type":"Organization","@id":"https:\/\/shop.bantam.ch\/de\/#organization","name":"Bantam Camping AG","url":"https:\/\/shop.bantam.ch\/de\/","logo":{"@type":"ImageObject","inLanguage":"de","@id":"https:\/\/shop.bantam.ch\/de\/#\/schema\/logo\/image\/","url":"https:\/\/shop.bantam.ch\/wp-content\/uploads\/2022\/12\/bantam-logo.png","contentUrl":"https:\/\/shop.bantam.ch\/wp-content\/uploads\/2022\/12\/bantam-logo.png","width":320,"height":71,"caption":"Bantam Camping AG"},"image":{"@id":"https:\/\/shop.bantam.ch\/de\/#\/schema\/logo\/image\/"}}]}},"_links":{"self":[{"href":"https:\/\/shop.bantam.ch\/de\/wp-json\/wp\/v2\/product\/36170","targetHints":{"allow":["GET"]}}],"collection":[{"href":"https:\/\/shop.bantam.ch\/de\/wp-json\/wp\/v2\/product"}],"about":[{"href":"https:\/\/shop.bantam.ch\/de\/wp-json\/wp\/v2\/types\/product"}],"wp:featuredmedia":[{"embeddable":true,"href":"https:\/\/shop.bantam.ch\/de\/wp-json\/wp\/v2\/media\/36168"}],"wp:attachment":[{"href":"https:\/\/shop.bantam.ch\/de\/wp-json\/wp\/v2\/media?parent=36170"}],"wp:term":[{"taxonomy":"product_featured_cat","embeddable":true,"href":"https:\/\/shop.bantam.ch\/de\/wp-json\/wp\/v2\/product_featured_cat?post=36170"},{"taxonomy":"product_brand","embeddable":true,"href":"https:\/\/shop.bantam.ch\/de\/wp-json\/wp\/v2\/product_brand?post=36170"},{"taxonomy":"product_cat","embeddable":true,"href":"https:\/\/shop.bantam.ch\/de\/wp-json\/wp\/v2\/product_cat?post=36170"},{"taxonomy":"product_tag","embeddable":true,"href":"https:\/\/shop.bantam.ch\/de\/wp-json\/wp\/v2\/product_tag?post=36170"}],"curies":[{"name":"wp","href":"https:\/\/api.w.org\/{rel}","templated":true}]}}