{"id":36162,"date":"2023-02-22T19:33:33","date_gmt":"2023-02-22T18:33:33","guid":{"rendered":"http:\/\/preprod-dev.sh1.hidora.com\/webshop\/produit\/stadtwasserspuelung-fuer-dometic-und-thetford-toiletten\/"},"modified":"2026-05-10T20:46:03","modified_gmt":"2026-05-10T18:46:03","slug":"stadtwasserspuelung-fuer-dometic-und-thetford-toiletten","status":"publish","type":"product","link":"https:\/\/shop.bantam.ch\/de\/produkt\/stadtwasserspuelung-fuer-dometic-und-thetford-toiletten\/","title":{"rendered":"Stadwassersp\u00fclung Chluba f\u00fcr Dometic und Thetford Toiletten"},"content":{"rendered":"<p>Mit dieser Stadtwassersp\u00fclung schlie\u00dfen Sie Ihre Thetford-Einbautoilette an das Stadtwassersystem auf Ihrem Campingplatz an. Geeignet ist diese Stadtwassersp\u00fclung f\u00fcr Thetfordtoiletten der Typen C2, C3, C4, C200, C400, C500 und Dometic Toiletten. Diese Stadtwassersp\u00fclung ist mit einem Servogesteuerten Magnetventil in 12V ausgestattet, sie verf\u00fcgt weiterhin \u00fcber ein Durchflussmengenventil mit diesem kann die Durchflussmenge individuell eingestellt werden. Diese Stadtwassersp\u00fclung wird mit dem Sp\u00fclschalter der Thetfordtoilette gekoppelt und mit diesem auch angesteuert. Ihr Vorteil, Sie brauchen keinen Sp\u00fclwassertank mehr bef\u00fcllen.<\/p>\n","protected":false},"excerpt":{"rendered":"<p>Mit dieser Stadtwassersp\u00fclung schlie\u00dfen Sie Ihre Thetford-Einbautoilette an das Stadtwassersystem auf Ihrem Campingplatz an. Geeignet ist diese Stadtwassersp\u00fclung f\u00fcr Thetfordtoiletten der Typen C2, C3, C4, C200, C400, C500 und Dometic Toiletten. Diese Stadtwassersp\u00fclung ist mit einem Servogesteuerten Magnetventil in 12V ausgestattet, sie verf\u00fcgt weiterhin \u00fcber ein Durchflussmengenventil mit diesem kann die Durchflussmenge individuell eingestellt werden. [&hellip;]<\/p>\n","protected":false},"featured_media":36160,"template":"","meta":{"_acf_changed":false},"product_featured_cat":[],"product_brand":[3249],"product_cat":[4124],"product_tag":[],"class_list":{"0":"post-36162","1":"product","2":"type-product","3":"status-publish","4":"has-post-thumbnail","6":"product_brand-chluba-de","7":"product_cat-wasser-sanitaer-zubehoer","9":"first","10":"instock","11":"taxable","12":"shipping-taxable","13":"purchasable","14":"product-type-simple"},"acf":[],"yoast_head":"<!-- This site is optimized with the Yoast SEO plugin v27.5 - https:\/\/yoast.com\/product\/yoast-seo-wordpress\/ -->\n<title>Stadwassersp\u00fclung Chluba f\u00fcr Dometic und Thetford Toiletten - Bantam<\/title>\n<meta name=\"robots\" content=\"index, follow, max-snippet:-1, max-image-preview:large, max-video-preview:-1\" \/>\n<link rel=\"canonical\" href=\"https:\/\/shop.bantam.ch\/de\/produkt\/stadtwasserspuelung-fuer-dometic-und-thetford-toiletten\/\" \/>\n<meta property=\"og:locale\" content=\"de_DE\" \/>\n<meta property=\"og:type\" content=\"article\" \/>\n<meta property=\"og:title\" content=\"Stadwassersp\u00fclung Chluba f\u00fcr Dometic und Thetford Toiletten - Bantam\" \/>\n<meta property=\"og:description\" content=\"Mit dieser Stadtwassersp\u00fclung schlie\u00dfen Sie Ihre Thetford-Einbautoilette an das Stadtwassersystem auf Ihrem Campingplatz an. Geeignet ist diese Stadtwassersp\u00fclung f\u00fcr Thetfordtoiletten der Typen C2, C3, C4, C200, C400, C500 und Dometic Toiletten. Diese Stadtwassersp\u00fclung ist mit einem Servogesteuerten Magnetventil in 12V ausgestattet, sie verf\u00fcgt weiterhin \u00fcber ein Durchflussmengenventil mit diesem kann die Durchflussmenge individuell eingestellt werden. [&hellip;]\" \/>\n<meta property=\"og:url\" content=\"https:\/\/shop.bantam.ch\/de\/produkt\/stadtwasserspuelung-fuer-dometic-und-thetford-toiletten\/\" \/>\n<meta property=\"og:site_name\" content=\"Bantam\" \/>\n<meta property=\"article:modified_time\" content=\"2026-05-10T18:46:03+00:00\" \/>\n<meta property=\"og:image\" content=\"https:\/\/shop.bantam.ch\/wp-content\/uploads\/2023\/02\/9976403-Stadwasserspuelung_fuer_C_2_C20-Standard-01-1.jpg\" \/>\n\t<meta property=\"og:image:width\" content=\"1000\" \/>\n\t<meta property=\"og:image:height\" content=\"666\" \/>\n\t<meta property=\"og:image:type\" content=\"image\/jpeg\" \/>\n<meta name=\"twitter:card\" content=\"summary_large_image\" \/>\n<script type=\"application\/ld+json\" class=\"yoast-schema-graph\">{\"@context\":\"https:\\\/\\\/schema.org\",\"@graph\":[{\"@type\":\"WebPage\",\"@id\":\"https:\\\/\\\/shop.bantam.ch\\\/de\\\/produkt\\\/stadtwasserspuelung-fuer-dometic-und-thetford-toiletten\\\/\",\"url\":\"https:\\\/\\\/shop.bantam.ch\\\/de\\\/produkt\\\/stadtwasserspuelung-fuer-dometic-und-thetford-toiletten\\\/\",\"name\":\"Stadwassersp\u00fclung Chluba f\u00fcr Dometic und Thetford Toiletten - Bantam\",\"isPartOf\":{\"@id\":\"https:\\\/\\\/shop.bantam.ch\\\/de\\\/#website\"},\"primaryImageOfPage\":{\"@id\":\"https:\\\/\\\/shop.bantam.ch\\\/de\\\/produkt\\\/stadtwasserspuelung-fuer-dometic-und-thetford-toiletten\\\/#primaryimage\"},\"image\":{\"@id\":\"https:\\\/\\\/shop.bantam.ch\\\/de\\\/produkt\\\/stadtwasserspuelung-fuer-dometic-und-thetford-toiletten\\\/#primaryimage\"},\"thumbnailUrl\":\"https:\\\/\\\/shop.bantam.ch\\\/wp-content\\\/uploads\\\/2023\\\/02\\\/9976403-Stadwasserspuelung_fuer_C_2_C20-Standard-01-1.jpg\",\"datePublished\":\"2023-02-22T18:33:33+00:00\",\"dateModified\":\"2026-05-10T18:46:03+00:00\",\"breadcrumb\":{\"@id\":\"https:\\\/\\\/shop.bantam.ch\\\/de\\\/produkt\\\/stadtwasserspuelung-fuer-dometic-und-thetford-toiletten\\\/#breadcrumb\"},\"inLanguage\":\"de\",\"potentialAction\":[{\"@type\":\"ReadAction\",\"target\":[\"https:\\\/\\\/shop.bantam.ch\\\/de\\\/produkt\\\/stadtwasserspuelung-fuer-dometic-und-thetford-toiletten\\\/\"]}]},{\"@type\":\"ImageObject\",\"inLanguage\":\"de\",\"@id\":\"https:\\\/\\\/shop.bantam.ch\\\/de\\\/produkt\\\/stadtwasserspuelung-fuer-dometic-und-thetford-toiletten\\\/#primaryimage\",\"url\":\"https:\\\/\\\/shop.bantam.ch\\\/wp-content\\\/uploads\\\/2023\\\/02\\\/9976403-Stadwasserspuelung_fuer_C_2_C20-Standard-01-1.jpg\",\"contentUrl\":\"https:\\\/\\\/shop.bantam.ch\\\/wp-content\\\/uploads\\\/2023\\\/02\\\/9976403-Stadwasserspuelung_fuer_C_2_C20-Standard-01-1.jpg\",\"width\":1000,\"height\":666},{\"@type\":\"BreadcrumbList\",\"@id\":\"https:\\\/\\\/shop.bantam.ch\\\/de\\\/produkt\\\/stadtwasserspuelung-fuer-dometic-und-thetford-toiletten\\\/#breadcrumb\",\"itemListElement\":[{\"@type\":\"ListItem\",\"position\":1,\"name\":\"Accueil\",\"item\":\"https:\\\/\\\/shop.bantam.ch\\\/de\\\/\"},{\"@type\":\"ListItem\",\"position\":2,\"name\":\"Shop\",\"item\":\"https:\\\/\\\/shop.bantam.ch\\\/de\\\/shop\\\/\"},{\"@type\":\"ListItem\",\"position\":3,\"name\":\"Stadwassersp\u00fclung Chluba f\u00fcr Dometic und Thetford Toiletten\"}]},{\"@type\":\"WebSite\",\"@id\":\"https:\\\/\\\/shop.bantam.ch\\\/de\\\/#website\",\"url\":\"https:\\\/\\\/shop.bantam.ch\\\/de\\\/\",\"name\":\"Bantam\",\"description\":\"\",\"publisher\":{\"@id\":\"https:\\\/\\\/shop.bantam.ch\\\/de\\\/#organization\"},\"inLanguage\":\"de\"},{\"@type\":\"Organization\",\"@id\":\"https:\\\/\\\/shop.bantam.ch\\\/de\\\/#organization\",\"name\":\"Bantam\",\"url\":\"https:\\\/\\\/shop.bantam.ch\\\/de\\\/\",\"logo\":{\"@type\":\"ImageObject\",\"inLanguage\":\"de\",\"@id\":\"https:\\\/\\\/shop.bantam.ch\\\/de\\\/#\\\/schema\\\/logo\\\/image\\\/\",\"url\":\"https:\\\/\\\/shop.bantam.ch\\\/wp-content\\\/uploads\\\/2022\\\/12\\\/bantam-logo.png\",\"contentUrl\":\"https:\\\/\\\/shop.bantam.ch\\\/wp-content\\\/uploads\\\/2022\\\/12\\\/bantam-logo.png\",\"width\":320,\"height\":71,\"caption\":\"Bantam\"},\"image\":{\"@id\":\"https:\\\/\\\/shop.bantam.ch\\\/de\\\/#\\\/schema\\\/logo\\\/image\\\/\"}}]}<\/script>\n<!-- \/ Yoast SEO plugin. -->","yoast_head_json":{"title":"Stadwassersp\u00fclung Chluba f\u00fcr Dometic und Thetford Toiletten - Bantam","robots":{"index":"index","follow":"follow","max-snippet":"max-snippet:-1","max-image-preview":"max-image-preview:large","max-video-preview":"max-video-preview:-1"},"canonical":"https:\/\/shop.bantam.ch\/de\/produkt\/stadtwasserspuelung-fuer-dometic-und-thetford-toiletten\/","og_locale":"de_DE","og_type":"article","og_title":"Stadwassersp\u00fclung Chluba f\u00fcr Dometic und Thetford Toiletten - Bantam","og_description":"Mit dieser Stadtwassersp\u00fclung schlie\u00dfen Sie Ihre Thetford-Einbautoilette an das Stadtwassersystem auf Ihrem Campingplatz an. Geeignet ist diese Stadtwassersp\u00fclung f\u00fcr Thetfordtoiletten der Typen C2, C3, C4, C200, C400, C500 und Dometic Toiletten. Diese Stadtwassersp\u00fclung ist mit einem Servogesteuerten Magnetventil in 12V ausgestattet, sie verf\u00fcgt weiterhin \u00fcber ein Durchflussmengenventil mit diesem kann die Durchflussmenge individuell eingestellt werden. [&hellip;]","og_url":"https:\/\/shop.bantam.ch\/de\/produkt\/stadtwasserspuelung-fuer-dometic-und-thetford-toiletten\/","og_site_name":"Bantam","article_modified_time":"2026-05-10T18:46:03+00:00","og_image":[{"width":1000,"height":666,"url":"https:\/\/shop.bantam.ch\/wp-content\/uploads\/2023\/02\/9976403-Stadwasserspuelung_fuer_C_2_C20-Standard-01-1.jpg","type":"image\/jpeg"}],"twitter_card":"summary_large_image","schema":{"@context":"https:\/\/schema.org","@graph":[{"@type":"WebPage","@id":"https:\/\/shop.bantam.ch\/de\/produkt\/stadtwasserspuelung-fuer-dometic-und-thetford-toiletten\/","url":"https:\/\/shop.bantam.ch\/de\/produkt\/stadtwasserspuelung-fuer-dometic-und-thetford-toiletten\/","name":"Stadwassersp\u00fclung Chluba f\u00fcr Dometic und Thetford Toiletten - Bantam","isPartOf":{"@id":"https:\/\/shop.bantam.ch\/de\/#website"},"primaryImageOfPage":{"@id":"https:\/\/shop.bantam.ch\/de\/produkt\/stadtwasserspuelung-fuer-dometic-und-thetford-toiletten\/#primaryimage"},"image":{"@id":"https:\/\/shop.bantam.ch\/de\/produkt\/stadtwasserspuelung-fuer-dometic-und-thetford-toiletten\/#primaryimage"},"thumbnailUrl":"https:\/\/shop.bantam.ch\/wp-content\/uploads\/2023\/02\/9976403-Stadwasserspuelung_fuer_C_2_C20-Standard-01-1.jpg","datePublished":"2023-02-22T18:33:33+00:00","dateModified":"2026-05-10T18:46:03+00:00","breadcrumb":{"@id":"https:\/\/shop.bantam.ch\/de\/produkt\/stadtwasserspuelung-fuer-dometic-und-thetford-toiletten\/#breadcrumb"},"inLanguage":"de","potentialAction":[{"@type":"ReadAction","target":["https:\/\/shop.bantam.ch\/de\/produkt\/stadtwasserspuelung-fuer-dometic-und-thetford-toiletten\/"]}]},{"@type":"ImageObject","inLanguage":"de","@id":"https:\/\/shop.bantam.ch\/de\/produkt\/stadtwasserspuelung-fuer-dometic-und-thetford-toiletten\/#primaryimage","url":"https:\/\/shop.bantam.ch\/wp-content\/uploads\/2023\/02\/9976403-Stadwasserspuelung_fuer_C_2_C20-Standard-01-1.jpg","contentUrl":"https:\/\/shop.bantam.ch\/wp-content\/uploads\/2023\/02\/9976403-Stadwasserspuelung_fuer_C_2_C20-Standard-01-1.jpg","width":1000,"height":666},{"@type":"BreadcrumbList","@id":"https:\/\/shop.bantam.ch\/de\/produkt\/stadtwasserspuelung-fuer-dometic-und-thetford-toiletten\/#breadcrumb","itemListElement":[{"@type":"ListItem","position":1,"name":"Accueil","item":"https:\/\/shop.bantam.ch\/de\/"},{"@type":"ListItem","position":2,"name":"Shop","item":"https:\/\/shop.bantam.ch\/de\/shop\/"},{"@type":"ListItem","position":3,"name":"Stadwassersp\u00fclung Chluba f\u00fcr Dometic und Thetford Toiletten"}]},{"@type":"WebSite","@id":"https:\/\/shop.bantam.ch\/de\/#website","url":"https:\/\/shop.bantam.ch\/de\/","name":"Bantam","description":"","publisher":{"@id":"https:\/\/shop.bantam.ch\/de\/#organization"},"inLanguage":"de"},{"@type":"Organization","@id":"https:\/\/shop.bantam.ch\/de\/#organization","name":"Bantam","url":"https:\/\/shop.bantam.ch\/de\/","logo":{"@type":"ImageObject","inLanguage":"de","@id":"https:\/\/shop.bantam.ch\/de\/#\/schema\/logo\/image\/","url":"https:\/\/shop.bantam.ch\/wp-content\/uploads\/2022\/12\/bantam-logo.png","contentUrl":"https:\/\/shop.bantam.ch\/wp-content\/uploads\/2022\/12\/bantam-logo.png","width":320,"height":71,"caption":"Bantam"},"image":{"@id":"https:\/\/shop.bantam.ch\/de\/#\/schema\/logo\/image\/"}}]}},"_links":{"self":[{"href":"https:\/\/shop.bantam.ch\/de\/wp-json\/wp\/v2\/product\/36162","targetHints":{"allow":["GET"]}}],"collection":[{"href":"https:\/\/shop.bantam.ch\/de\/wp-json\/wp\/v2\/product"}],"about":[{"href":"https:\/\/shop.bantam.ch\/de\/wp-json\/wp\/v2\/types\/product"}],"wp:featuredmedia":[{"embeddable":true,"href":"https:\/\/shop.bantam.ch\/de\/wp-json\/wp\/v2\/media\/36160"}],"wp:attachment":[{"href":"https:\/\/shop.bantam.ch\/de\/wp-json\/wp\/v2\/media?parent=36162"}],"wp:term":[{"taxonomy":"product_featured_cat","embeddable":true,"href":"https:\/\/shop.bantam.ch\/de\/wp-json\/wp\/v2\/product_featured_cat?post=36162"},{"taxonomy":"product_brand","embeddable":true,"href":"https:\/\/shop.bantam.ch\/de\/wp-json\/wp\/v2\/product_brand?post=36162"},{"taxonomy":"product_cat","embeddable":true,"href":"https:\/\/shop.bantam.ch\/de\/wp-json\/wp\/v2\/product_cat?post=36162"},{"taxonomy":"product_tag","embeddable":true,"href":"https:\/\/shop.bantam.ch\/de\/wp-json\/wp\/v2\/product_tag?post=36162"}],"curies":[{"name":"wp","href":"https:\/\/api.w.org\/{rel}","templated":true}]}}