{"id":36142,"date":"2023-02-22T19:32:56","date_gmt":"2023-02-22T18:32:56","guid":{"rendered":"http:\/\/preprod-dev.sh1.hidora.com\/webshop\/produit\/abwasseranschluss-fuer-dometic-toilette\/"},"modified":"2026-04-18T20:44:21","modified_gmt":"2026-04-18T18:44:21","slug":"abwasseranschluss-fuer-dometic-toilette","status":"publish","type":"product","link":"https:\/\/shop.bantam.ch\/de\/produkt\/abwasseranschluss-fuer-dometic-toilette\/","title":{"rendered":"Abwasseranschluss f\u00fcr Dometic Toilette"},"content":{"rendered":"<p>Mit diesem Abwasseranschluss f\u00fcr Cassettentoiletten k\u00f6nnen Sie Ihre Toilette mit dem \u00f6ffentlichen Abwasserkanal auf dem Campingplatz (wenn vorhanden) verbinden. Ihre Vorteile: kein l\u00e4stiges Entleeren von F\u00e4kalienkassetten und keine Verwendung von chemischen Zus\u00e4tzen mehr erforderlich. Die Montage kann von jedem Laien selbst durchgef\u00fchrt werden. Die Toilette kann jederzeit wieder in den Urzustand zur\u00fcck versetzt werden. Anschluss mit dem separat zu bestellenden flexiblen Anschlussschlauch HT 100.<\/p>\n","protected":false},"excerpt":{"rendered":"<p>Mit diesem Abwasseranschluss f\u00fcr Cassettentoiletten k\u00f6nnen Sie Ihre Toilette mit dem \u00f6ffentlichen Abwasserkanal auf dem Campingplatz (wenn vorhanden) verbinden. Ihre Vorteile: kein l\u00e4stiges Entleeren von F\u00e4kalienkassetten und keine Verwendung von chemischen Zus\u00e4tzen mehr erforderlich. Die Montage kann von jedem Laien selbst durchgef\u00fchrt werden. Die Toilette kann jederzeit wieder in den Urzustand zur\u00fcck versetzt werden. Anschluss [&hellip;]<\/p>\n","protected":false},"featured_media":36132,"template":"","meta":{"_acf_changed":false},"product_featured_cat":[],"product_brand":[3249],"product_cat":[4566],"product_tag":[],"class_list":{"0":"post-36142","1":"product","2":"type-product","3":"status-publish","4":"has-post-thumbnail","6":"product_brand-chluba-de","7":"product_cat-abwasseranschluesse","9":"first","10":"outofstock","11":"taxable","12":"shipping-taxable","13":"product-type-variable"},"acf":[],"yoast_head":"<!-- This site is optimized with the Yoast SEO plugin v27.4 - https:\/\/yoast.com\/product\/yoast-seo-wordpress\/ -->\n<title>Abwasseranschluss f\u00fcr Dometic Toilette - Bantam Camping AG<\/title>\n<meta name=\"robots\" content=\"index, follow, max-snippet:-1, max-image-preview:large, max-video-preview:-1\" \/>\n<link rel=\"canonical\" href=\"https:\/\/shop.bantam.ch\/de\/produkt\/abwasseranschluss-fuer-dometic-toilette\/\" \/>\n<meta property=\"og:locale\" content=\"de_DE\" \/>\n<meta property=\"og:type\" content=\"article\" \/>\n<meta property=\"og:title\" content=\"Abwasseranschluss f\u00fcr Dometic Toilette - Bantam Camping AG\" \/>\n<meta property=\"og:description\" content=\"Mit diesem Abwasseranschluss f\u00fcr Cassettentoiletten k\u00f6nnen Sie Ihre Toilette mit dem \u00f6ffentlichen Abwasserkanal auf dem Campingplatz (wenn vorhanden) verbinden. Ihre Vorteile: kein l\u00e4stiges Entleeren von F\u00e4kalienkassetten und keine Verwendung von chemischen Zus\u00e4tzen mehr erforderlich. Die Montage kann von jedem Laien selbst durchgef\u00fchrt werden. Die Toilette kann jederzeit wieder in den Urzustand zur\u00fcck versetzt werden. Anschluss [&hellip;]\" \/>\n<meta property=\"og:url\" content=\"https:\/\/shop.bantam.ch\/de\/produkt\/abwasseranschluss-fuer-dometic-toilette\/\" \/>\n<meta property=\"og:site_name\" content=\"Bantam Camping AG\" \/>\n<meta property=\"article:modified_time\" content=\"2026-04-18T18:44:21+00:00\" \/>\n<meta property=\"og:image\" content=\"https:\/\/shop.bantam.ch\/wp-content\/uploads\/2023\/02\/9976412-Abwasseranschluss_DC-CT3000-Standard-01-2.jpg\" \/>\n\t<meta property=\"og:image:width\" content=\"1000\" \/>\n\t<meta property=\"og:image:height\" content=\"423\" \/>\n\t<meta property=\"og:image:type\" content=\"image\/jpeg\" \/>\n<meta name=\"twitter:card\" content=\"summary_large_image\" \/>\n<script type=\"application\/ld+json\" class=\"yoast-schema-graph\">{\"@context\":\"https:\\\/\\\/schema.org\",\"@graph\":[{\"@type\":\"WebPage\",\"@id\":\"https:\\\/\\\/shop.bantam.ch\\\/de\\\/produkt\\\/abwasseranschluss-fuer-dometic-toilette\\\/\",\"url\":\"https:\\\/\\\/shop.bantam.ch\\\/de\\\/produkt\\\/abwasseranschluss-fuer-dometic-toilette\\\/\",\"name\":\"Abwasseranschluss f\u00fcr Dometic Toilette - Bantam Camping AG\",\"isPartOf\":{\"@id\":\"https:\\\/\\\/shop.bantam.ch\\\/de\\\/#website\"},\"primaryImageOfPage\":{\"@id\":\"https:\\\/\\\/shop.bantam.ch\\\/de\\\/produkt\\\/abwasseranschluss-fuer-dometic-toilette\\\/#primaryimage\"},\"image\":{\"@id\":\"https:\\\/\\\/shop.bantam.ch\\\/de\\\/produkt\\\/abwasseranschluss-fuer-dometic-toilette\\\/#primaryimage\"},\"thumbnailUrl\":\"https:\\\/\\\/shop.bantam.ch\\\/wp-content\\\/uploads\\\/2023\\\/02\\\/9976412-Abwasseranschluss_DC-CT3000-Standard-01-2.jpg\",\"datePublished\":\"2023-02-22T18:32:56+00:00\",\"dateModified\":\"2026-04-18T18:44:21+00:00\",\"breadcrumb\":{\"@id\":\"https:\\\/\\\/shop.bantam.ch\\\/de\\\/produkt\\\/abwasseranschluss-fuer-dometic-toilette\\\/#breadcrumb\"},\"inLanguage\":\"de\",\"potentialAction\":[{\"@type\":\"ReadAction\",\"target\":[\"https:\\\/\\\/shop.bantam.ch\\\/de\\\/produkt\\\/abwasseranschluss-fuer-dometic-toilette\\\/\"]}]},{\"@type\":\"ImageObject\",\"inLanguage\":\"de\",\"@id\":\"https:\\\/\\\/shop.bantam.ch\\\/de\\\/produkt\\\/abwasseranschluss-fuer-dometic-toilette\\\/#primaryimage\",\"url\":\"https:\\\/\\\/shop.bantam.ch\\\/wp-content\\\/uploads\\\/2023\\\/02\\\/9976412-Abwasseranschluss_DC-CT3000-Standard-01-2.jpg\",\"contentUrl\":\"https:\\\/\\\/shop.bantam.ch\\\/wp-content\\\/uploads\\\/2023\\\/02\\\/9976412-Abwasseranschluss_DC-CT3000-Standard-01-2.jpg\",\"width\":1000,\"height\":423},{\"@type\":\"BreadcrumbList\",\"@id\":\"https:\\\/\\\/shop.bantam.ch\\\/de\\\/produkt\\\/abwasseranschluss-fuer-dometic-toilette\\\/#breadcrumb\",\"itemListElement\":[{\"@type\":\"ListItem\",\"position\":1,\"name\":\"Accueil\",\"item\":\"https:\\\/\\\/shop.bantam.ch\\\/de\\\/\"},{\"@type\":\"ListItem\",\"position\":2,\"name\":\"Shop\",\"item\":\"https:\\\/\\\/shop.bantam.ch\\\/de\\\/shop\\\/\"},{\"@type\":\"ListItem\",\"position\":3,\"name\":\"Abwasseranschluss f\u00fcr Dometic Toilette\"}]},{\"@type\":\"WebSite\",\"@id\":\"https:\\\/\\\/shop.bantam.ch\\\/de\\\/#website\",\"url\":\"https:\\\/\\\/shop.bantam.ch\\\/de\\\/\",\"name\":\"Bantam Camping AG\",\"description\":\"\",\"publisher\":{\"@id\":\"https:\\\/\\\/shop.bantam.ch\\\/de\\\/#organization\"},\"inLanguage\":\"de\"},{\"@type\":\"Organization\",\"@id\":\"https:\\\/\\\/shop.bantam.ch\\\/de\\\/#organization\",\"name\":\"Bantam Camping AG\",\"url\":\"https:\\\/\\\/shop.bantam.ch\\\/de\\\/\",\"logo\":{\"@type\":\"ImageObject\",\"inLanguage\":\"de\",\"@id\":\"https:\\\/\\\/shop.bantam.ch\\\/de\\\/#\\\/schema\\\/logo\\\/image\\\/\",\"url\":\"https:\\\/\\\/shop.bantam.ch\\\/wp-content\\\/uploads\\\/2022\\\/12\\\/bantam-logo.png\",\"contentUrl\":\"https:\\\/\\\/shop.bantam.ch\\\/wp-content\\\/uploads\\\/2022\\\/12\\\/bantam-logo.png\",\"width\":320,\"height\":71,\"caption\":\"Bantam Camping AG\"},\"image\":{\"@id\":\"https:\\\/\\\/shop.bantam.ch\\\/de\\\/#\\\/schema\\\/logo\\\/image\\\/\"}}]}<\/script>\n<!-- \/ Yoast SEO plugin. -->","yoast_head_json":{"title":"Abwasseranschluss f\u00fcr Dometic Toilette - Bantam Camping AG","robots":{"index":"index","follow":"follow","max-snippet":"max-snippet:-1","max-image-preview":"max-image-preview:large","max-video-preview":"max-video-preview:-1"},"canonical":"https:\/\/shop.bantam.ch\/de\/produkt\/abwasseranschluss-fuer-dometic-toilette\/","og_locale":"de_DE","og_type":"article","og_title":"Abwasseranschluss f\u00fcr Dometic Toilette - Bantam Camping AG","og_description":"Mit diesem Abwasseranschluss f\u00fcr Cassettentoiletten k\u00f6nnen Sie Ihre Toilette mit dem \u00f6ffentlichen Abwasserkanal auf dem Campingplatz (wenn vorhanden) verbinden. Ihre Vorteile: kein l\u00e4stiges Entleeren von F\u00e4kalienkassetten und keine Verwendung von chemischen Zus\u00e4tzen mehr erforderlich. Die Montage kann von jedem Laien selbst durchgef\u00fchrt werden. Die Toilette kann jederzeit wieder in den Urzustand zur\u00fcck versetzt werden. Anschluss [&hellip;]","og_url":"https:\/\/shop.bantam.ch\/de\/produkt\/abwasseranschluss-fuer-dometic-toilette\/","og_site_name":"Bantam Camping AG","article_modified_time":"2026-04-18T18:44:21+00:00","og_image":[{"width":1000,"height":423,"url":"https:\/\/shop.bantam.ch\/wp-content\/uploads\/2023\/02\/9976412-Abwasseranschluss_DC-CT3000-Standard-01-2.jpg","type":"image\/jpeg"}],"twitter_card":"summary_large_image","schema":{"@context":"https:\/\/schema.org","@graph":[{"@type":"WebPage","@id":"https:\/\/shop.bantam.ch\/de\/produkt\/abwasseranschluss-fuer-dometic-toilette\/","url":"https:\/\/shop.bantam.ch\/de\/produkt\/abwasseranschluss-fuer-dometic-toilette\/","name":"Abwasseranschluss f\u00fcr Dometic Toilette - Bantam Camping AG","isPartOf":{"@id":"https:\/\/shop.bantam.ch\/de\/#website"},"primaryImageOfPage":{"@id":"https:\/\/shop.bantam.ch\/de\/produkt\/abwasseranschluss-fuer-dometic-toilette\/#primaryimage"},"image":{"@id":"https:\/\/shop.bantam.ch\/de\/produkt\/abwasseranschluss-fuer-dometic-toilette\/#primaryimage"},"thumbnailUrl":"https:\/\/shop.bantam.ch\/wp-content\/uploads\/2023\/02\/9976412-Abwasseranschluss_DC-CT3000-Standard-01-2.jpg","datePublished":"2023-02-22T18:32:56+00:00","dateModified":"2026-04-18T18:44:21+00:00","breadcrumb":{"@id":"https:\/\/shop.bantam.ch\/de\/produkt\/abwasseranschluss-fuer-dometic-toilette\/#breadcrumb"},"inLanguage":"de","potentialAction":[{"@type":"ReadAction","target":["https:\/\/shop.bantam.ch\/de\/produkt\/abwasseranschluss-fuer-dometic-toilette\/"]}]},{"@type":"ImageObject","inLanguage":"de","@id":"https:\/\/shop.bantam.ch\/de\/produkt\/abwasseranschluss-fuer-dometic-toilette\/#primaryimage","url":"https:\/\/shop.bantam.ch\/wp-content\/uploads\/2023\/02\/9976412-Abwasseranschluss_DC-CT3000-Standard-01-2.jpg","contentUrl":"https:\/\/shop.bantam.ch\/wp-content\/uploads\/2023\/02\/9976412-Abwasseranschluss_DC-CT3000-Standard-01-2.jpg","width":1000,"height":423},{"@type":"BreadcrumbList","@id":"https:\/\/shop.bantam.ch\/de\/produkt\/abwasseranschluss-fuer-dometic-toilette\/#breadcrumb","itemListElement":[{"@type":"ListItem","position":1,"name":"Accueil","item":"https:\/\/shop.bantam.ch\/de\/"},{"@type":"ListItem","position":2,"name":"Shop","item":"https:\/\/shop.bantam.ch\/de\/shop\/"},{"@type":"ListItem","position":3,"name":"Abwasseranschluss f\u00fcr Dometic Toilette"}]},{"@type":"WebSite","@id":"https:\/\/shop.bantam.ch\/de\/#website","url":"https:\/\/shop.bantam.ch\/de\/","name":"Bantam Camping AG","description":"","publisher":{"@id":"https:\/\/shop.bantam.ch\/de\/#organization"},"inLanguage":"de"},{"@type":"Organization","@id":"https:\/\/shop.bantam.ch\/de\/#organization","name":"Bantam Camping AG","url":"https:\/\/shop.bantam.ch\/de\/","logo":{"@type":"ImageObject","inLanguage":"de","@id":"https:\/\/shop.bantam.ch\/de\/#\/schema\/logo\/image\/","url":"https:\/\/shop.bantam.ch\/wp-content\/uploads\/2022\/12\/bantam-logo.png","contentUrl":"https:\/\/shop.bantam.ch\/wp-content\/uploads\/2022\/12\/bantam-logo.png","width":320,"height":71,"caption":"Bantam Camping AG"},"image":{"@id":"https:\/\/shop.bantam.ch\/de\/#\/schema\/logo\/image\/"}}]}},"_links":{"self":[{"href":"https:\/\/shop.bantam.ch\/de\/wp-json\/wp\/v2\/product\/36142","targetHints":{"allow":["GET"]}}],"collection":[{"href":"https:\/\/shop.bantam.ch\/de\/wp-json\/wp\/v2\/product"}],"about":[{"href":"https:\/\/shop.bantam.ch\/de\/wp-json\/wp\/v2\/types\/product"}],"wp:featuredmedia":[{"embeddable":true,"href":"https:\/\/shop.bantam.ch\/de\/wp-json\/wp\/v2\/media\/36132"}],"wp:attachment":[{"href":"https:\/\/shop.bantam.ch\/de\/wp-json\/wp\/v2\/media?parent=36142"}],"wp:term":[{"taxonomy":"product_featured_cat","embeddable":true,"href":"https:\/\/shop.bantam.ch\/de\/wp-json\/wp\/v2\/product_featured_cat?post=36142"},{"taxonomy":"product_brand","embeddable":true,"href":"https:\/\/shop.bantam.ch\/de\/wp-json\/wp\/v2\/product_brand?post=36142"},{"taxonomy":"product_cat","embeddable":true,"href":"https:\/\/shop.bantam.ch\/de\/wp-json\/wp\/v2\/product_cat?post=36142"},{"taxonomy":"product_tag","embeddable":true,"href":"https:\/\/shop.bantam.ch\/de\/wp-json\/wp\/v2\/product_tag?post=36142"}],"curies":[{"name":"wp","href":"https:\/\/api.w.org\/{rel}","templated":true}]}}