{"id":35704,"date":"2023-02-22T19:24:07","date_gmt":"2023-02-22T18:24:07","guid":{"rendered":"http:\/\/preprod-dev.sh1.hidora.com\/webshop\/produit\/mobiltank-ii-fuer-frischwasser\/"},"modified":"2026-04-21T20:45:02","modified_gmt":"2026-04-21T18:45:02","slug":"mobiltank-ii-fuer-frischwasser","status":"publish","type":"product","link":"https:\/\/shop.bantam.ch\/de\/produkt\/mobiltank-ii-fuer-frischwasser\/","title":{"rendered":"Frischwasser-Mobiltank II 330 x 215 x 496 mm Farbe blau"},"content":{"rendered":"<p>Der Frischwassertank mit vielen M\u00f6glichkeiten, komplett ausgestattet mit einem Schiebegriff, Verschlussstopfen und besonders breiten Rollen f\u00fcr einen guten Transport auf weichem Untergrund. F\u00fcr die Wasserentnahme kann die im Wohnwagen vorhandene Tauchpumpe in den Tank eingelegt werden. Alternativ kann die Deckelsonde verwendet werden. Beim Transport verbleibt die Tauchpumpe im Fahrzeug. Durch integrierte Griffmulden ist eine besonders leichte Handhabung m\u00f6glich.<\/p>\n","protected":false},"excerpt":{"rendered":"<p>Der Frischwassertank mit vielen M\u00f6glichkeiten, komplett ausgestattet mit einem Schiebegriff, Verschlussstopfen und besonders breiten Rollen f\u00fcr einen guten Transport auf weichem Untergrund. F\u00fcr die Wasserentnahme kann die im Wohnwagen vorhandene Tauchpumpe in den Tank eingelegt werden. Alternativ kann die Deckelsonde verwendet werden. Beim Transport verbleibt die Tauchpumpe im Fahrzeug. Durch integrierte Griffmulden ist eine besonders [&hellip;]<\/p>\n","protected":false},"featured_media":35702,"template":"","meta":{"_acf_changed":false},"product_featured_cat":[],"product_brand":[3191],"product_cat":[4116],"product_tag":[],"class_list":{"0":"post-35704","1":"product","2":"type-product","3":"status-publish","4":"has-post-thumbnail","6":"product_brand-fusion-de","7":"product_cat-wasserkanister","9":"first","10":"instock","11":"taxable","12":"shipping-taxable","13":"purchasable","14":"product-type-simple"},"acf":[],"yoast_head":"<!-- This site is optimized with the Yoast SEO plugin v27.4 - https:\/\/yoast.com\/product\/yoast-seo-wordpress\/ -->\n<title>Frischwasser-Mobiltank II 330 x 215 x 496 mm Farbe blau - Bantam Camping AG<\/title>\n<meta name=\"robots\" content=\"index, follow, max-snippet:-1, max-image-preview:large, max-video-preview:-1\" \/>\n<link rel=\"canonical\" href=\"https:\/\/shop.bantam.ch\/de\/produkt\/mobiltank-ii-fuer-frischwasser\/\" \/>\n<meta property=\"og:locale\" content=\"de_DE\" \/>\n<meta property=\"og:type\" content=\"article\" \/>\n<meta property=\"og:title\" content=\"Frischwasser-Mobiltank II 330 x 215 x 496 mm Farbe blau - Bantam Camping AG\" \/>\n<meta property=\"og:description\" content=\"Der Frischwassertank mit vielen M\u00f6glichkeiten, komplett ausgestattet mit einem Schiebegriff, Verschlussstopfen und besonders breiten Rollen f\u00fcr einen guten Transport auf weichem Untergrund. F\u00fcr die Wasserentnahme kann die im Wohnwagen vorhandene Tauchpumpe in den Tank eingelegt werden. Alternativ kann die Deckelsonde verwendet werden. Beim Transport verbleibt die Tauchpumpe im Fahrzeug. Durch integrierte Griffmulden ist eine besonders [&hellip;]\" \/>\n<meta property=\"og:url\" content=\"https:\/\/shop.bantam.ch\/de\/produkt\/mobiltank-ii-fuer-frischwasser\/\" \/>\n<meta property=\"og:site_name\" content=\"Bantam Camping AG\" \/>\n<meta property=\"article:modified_time\" content=\"2026-04-21T18:45:02+00:00\" \/>\n<meta property=\"og:image\" content=\"https:\/\/shop.bantam.ch\/wp-content\/uploads\/2023\/02\/9971231-Frischwasser-Mobiltank_II-Standard-01-1.jpg\" \/>\n\t<meta property=\"og:image:width\" content=\"421\" \/>\n\t<meta property=\"og:image:height\" content=\"1000\" \/>\n\t<meta property=\"og:image:type\" content=\"image\/jpeg\" \/>\n<meta name=\"twitter:card\" content=\"summary_large_image\" \/>\n<script type=\"application\/ld+json\" class=\"yoast-schema-graph\">{\"@context\":\"https:\\\/\\\/schema.org\",\"@graph\":[{\"@type\":\"WebPage\",\"@id\":\"https:\\\/\\\/shop.bantam.ch\\\/de\\\/produkt\\\/mobiltank-ii-fuer-frischwasser\\\/\",\"url\":\"https:\\\/\\\/shop.bantam.ch\\\/de\\\/produkt\\\/mobiltank-ii-fuer-frischwasser\\\/\",\"name\":\"Frischwasser-Mobiltank II 330 x 215 x 496 mm Farbe blau - Bantam Camping AG\",\"isPartOf\":{\"@id\":\"https:\\\/\\\/shop.bantam.ch\\\/de\\\/#website\"},\"primaryImageOfPage\":{\"@id\":\"https:\\\/\\\/shop.bantam.ch\\\/de\\\/produkt\\\/mobiltank-ii-fuer-frischwasser\\\/#primaryimage\"},\"image\":{\"@id\":\"https:\\\/\\\/shop.bantam.ch\\\/de\\\/produkt\\\/mobiltank-ii-fuer-frischwasser\\\/#primaryimage\"},\"thumbnailUrl\":\"https:\\\/\\\/shop.bantam.ch\\\/wp-content\\\/uploads\\\/2023\\\/02\\\/9971231-Frischwasser-Mobiltank_II-Standard-01-1.jpg\",\"datePublished\":\"2023-02-22T18:24:07+00:00\",\"dateModified\":\"2026-04-21T18:45:02+00:00\",\"breadcrumb\":{\"@id\":\"https:\\\/\\\/shop.bantam.ch\\\/de\\\/produkt\\\/mobiltank-ii-fuer-frischwasser\\\/#breadcrumb\"},\"inLanguage\":\"de\",\"potentialAction\":[{\"@type\":\"ReadAction\",\"target\":[\"https:\\\/\\\/shop.bantam.ch\\\/de\\\/produkt\\\/mobiltank-ii-fuer-frischwasser\\\/\"]}]},{\"@type\":\"ImageObject\",\"inLanguage\":\"de\",\"@id\":\"https:\\\/\\\/shop.bantam.ch\\\/de\\\/produkt\\\/mobiltank-ii-fuer-frischwasser\\\/#primaryimage\",\"url\":\"https:\\\/\\\/shop.bantam.ch\\\/wp-content\\\/uploads\\\/2023\\\/02\\\/9971231-Frischwasser-Mobiltank_II-Standard-01-1.jpg\",\"contentUrl\":\"https:\\\/\\\/shop.bantam.ch\\\/wp-content\\\/uploads\\\/2023\\\/02\\\/9971231-Frischwasser-Mobiltank_II-Standard-01-1.jpg\",\"width\":421,\"height\":1000},{\"@type\":\"BreadcrumbList\",\"@id\":\"https:\\\/\\\/shop.bantam.ch\\\/de\\\/produkt\\\/mobiltank-ii-fuer-frischwasser\\\/#breadcrumb\",\"itemListElement\":[{\"@type\":\"ListItem\",\"position\":1,\"name\":\"Accueil\",\"item\":\"https:\\\/\\\/shop.bantam.ch\\\/de\\\/\"},{\"@type\":\"ListItem\",\"position\":2,\"name\":\"Shop\",\"item\":\"https:\\\/\\\/shop.bantam.ch\\\/de\\\/shop\\\/\"},{\"@type\":\"ListItem\",\"position\":3,\"name\":\"Frischwasser-Mobiltank II 330 x 215 x 496 mm Farbe blau\"}]},{\"@type\":\"WebSite\",\"@id\":\"https:\\\/\\\/shop.bantam.ch\\\/de\\\/#website\",\"url\":\"https:\\\/\\\/shop.bantam.ch\\\/de\\\/\",\"name\":\"Bantam Camping AG\",\"description\":\"\",\"publisher\":{\"@id\":\"https:\\\/\\\/shop.bantam.ch\\\/de\\\/#organization\"},\"inLanguage\":\"de\"},{\"@type\":\"Organization\",\"@id\":\"https:\\\/\\\/shop.bantam.ch\\\/de\\\/#organization\",\"name\":\"Bantam Camping AG\",\"url\":\"https:\\\/\\\/shop.bantam.ch\\\/de\\\/\",\"logo\":{\"@type\":\"ImageObject\",\"inLanguage\":\"de\",\"@id\":\"https:\\\/\\\/shop.bantam.ch\\\/de\\\/#\\\/schema\\\/logo\\\/image\\\/\",\"url\":\"https:\\\/\\\/shop.bantam.ch\\\/wp-content\\\/uploads\\\/2022\\\/12\\\/bantam-logo.png\",\"contentUrl\":\"https:\\\/\\\/shop.bantam.ch\\\/wp-content\\\/uploads\\\/2022\\\/12\\\/bantam-logo.png\",\"width\":320,\"height\":71,\"caption\":\"Bantam Camping AG\"},\"image\":{\"@id\":\"https:\\\/\\\/shop.bantam.ch\\\/de\\\/#\\\/schema\\\/logo\\\/image\\\/\"}}]}<\/script>\n<!-- \/ Yoast SEO plugin. -->","yoast_head_json":{"title":"Frischwasser-Mobiltank II 330 x 215 x 496 mm Farbe blau - Bantam Camping AG","robots":{"index":"index","follow":"follow","max-snippet":"max-snippet:-1","max-image-preview":"max-image-preview:large","max-video-preview":"max-video-preview:-1"},"canonical":"https:\/\/shop.bantam.ch\/de\/produkt\/mobiltank-ii-fuer-frischwasser\/","og_locale":"de_DE","og_type":"article","og_title":"Frischwasser-Mobiltank II 330 x 215 x 496 mm Farbe blau - Bantam Camping AG","og_description":"Der Frischwassertank mit vielen M\u00f6glichkeiten, komplett ausgestattet mit einem Schiebegriff, Verschlussstopfen und besonders breiten Rollen f\u00fcr einen guten Transport auf weichem Untergrund. F\u00fcr die Wasserentnahme kann die im Wohnwagen vorhandene Tauchpumpe in den Tank eingelegt werden. Alternativ kann die Deckelsonde verwendet werden. Beim Transport verbleibt die Tauchpumpe im Fahrzeug. Durch integrierte Griffmulden ist eine besonders [&hellip;]","og_url":"https:\/\/shop.bantam.ch\/de\/produkt\/mobiltank-ii-fuer-frischwasser\/","og_site_name":"Bantam Camping AG","article_modified_time":"2026-04-21T18:45:02+00:00","og_image":[{"width":421,"height":1000,"url":"https:\/\/shop.bantam.ch\/wp-content\/uploads\/2023\/02\/9971231-Frischwasser-Mobiltank_II-Standard-01-1.jpg","type":"image\/jpeg"}],"twitter_card":"summary_large_image","schema":{"@context":"https:\/\/schema.org","@graph":[{"@type":"WebPage","@id":"https:\/\/shop.bantam.ch\/de\/produkt\/mobiltank-ii-fuer-frischwasser\/","url":"https:\/\/shop.bantam.ch\/de\/produkt\/mobiltank-ii-fuer-frischwasser\/","name":"Frischwasser-Mobiltank II 330 x 215 x 496 mm Farbe blau - Bantam Camping AG","isPartOf":{"@id":"https:\/\/shop.bantam.ch\/de\/#website"},"primaryImageOfPage":{"@id":"https:\/\/shop.bantam.ch\/de\/produkt\/mobiltank-ii-fuer-frischwasser\/#primaryimage"},"image":{"@id":"https:\/\/shop.bantam.ch\/de\/produkt\/mobiltank-ii-fuer-frischwasser\/#primaryimage"},"thumbnailUrl":"https:\/\/shop.bantam.ch\/wp-content\/uploads\/2023\/02\/9971231-Frischwasser-Mobiltank_II-Standard-01-1.jpg","datePublished":"2023-02-22T18:24:07+00:00","dateModified":"2026-04-21T18:45:02+00:00","breadcrumb":{"@id":"https:\/\/shop.bantam.ch\/de\/produkt\/mobiltank-ii-fuer-frischwasser\/#breadcrumb"},"inLanguage":"de","potentialAction":[{"@type":"ReadAction","target":["https:\/\/shop.bantam.ch\/de\/produkt\/mobiltank-ii-fuer-frischwasser\/"]}]},{"@type":"ImageObject","inLanguage":"de","@id":"https:\/\/shop.bantam.ch\/de\/produkt\/mobiltank-ii-fuer-frischwasser\/#primaryimage","url":"https:\/\/shop.bantam.ch\/wp-content\/uploads\/2023\/02\/9971231-Frischwasser-Mobiltank_II-Standard-01-1.jpg","contentUrl":"https:\/\/shop.bantam.ch\/wp-content\/uploads\/2023\/02\/9971231-Frischwasser-Mobiltank_II-Standard-01-1.jpg","width":421,"height":1000},{"@type":"BreadcrumbList","@id":"https:\/\/shop.bantam.ch\/de\/produkt\/mobiltank-ii-fuer-frischwasser\/#breadcrumb","itemListElement":[{"@type":"ListItem","position":1,"name":"Accueil","item":"https:\/\/shop.bantam.ch\/de\/"},{"@type":"ListItem","position":2,"name":"Shop","item":"https:\/\/shop.bantam.ch\/de\/shop\/"},{"@type":"ListItem","position":3,"name":"Frischwasser-Mobiltank II 330 x 215 x 496 mm Farbe blau"}]},{"@type":"WebSite","@id":"https:\/\/shop.bantam.ch\/de\/#website","url":"https:\/\/shop.bantam.ch\/de\/","name":"Bantam Camping AG","description":"","publisher":{"@id":"https:\/\/shop.bantam.ch\/de\/#organization"},"inLanguage":"de"},{"@type":"Organization","@id":"https:\/\/shop.bantam.ch\/de\/#organization","name":"Bantam Camping AG","url":"https:\/\/shop.bantam.ch\/de\/","logo":{"@type":"ImageObject","inLanguage":"de","@id":"https:\/\/shop.bantam.ch\/de\/#\/schema\/logo\/image\/","url":"https:\/\/shop.bantam.ch\/wp-content\/uploads\/2022\/12\/bantam-logo.png","contentUrl":"https:\/\/shop.bantam.ch\/wp-content\/uploads\/2022\/12\/bantam-logo.png","width":320,"height":71,"caption":"Bantam Camping AG"},"image":{"@id":"https:\/\/shop.bantam.ch\/de\/#\/schema\/logo\/image\/"}}]}},"_links":{"self":[{"href":"https:\/\/shop.bantam.ch\/de\/wp-json\/wp\/v2\/product\/35704","targetHints":{"allow":["GET"]}}],"collection":[{"href":"https:\/\/shop.bantam.ch\/de\/wp-json\/wp\/v2\/product"}],"about":[{"href":"https:\/\/shop.bantam.ch\/de\/wp-json\/wp\/v2\/types\/product"}],"wp:featuredmedia":[{"embeddable":true,"href":"https:\/\/shop.bantam.ch\/de\/wp-json\/wp\/v2\/media\/35702"}],"wp:attachment":[{"href":"https:\/\/shop.bantam.ch\/de\/wp-json\/wp\/v2\/media?parent=35704"}],"wp:term":[{"taxonomy":"product_featured_cat","embeddable":true,"href":"https:\/\/shop.bantam.ch\/de\/wp-json\/wp\/v2\/product_featured_cat?post=35704"},{"taxonomy":"product_brand","embeddable":true,"href":"https:\/\/shop.bantam.ch\/de\/wp-json\/wp\/v2\/product_brand?post=35704"},{"taxonomy":"product_cat","embeddable":true,"href":"https:\/\/shop.bantam.ch\/de\/wp-json\/wp\/v2\/product_cat?post=35704"},{"taxonomy":"product_tag","embeddable":true,"href":"https:\/\/shop.bantam.ch\/de\/wp-json\/wp\/v2\/product_tag?post=35704"}],"curies":[{"name":"wp","href":"https:\/\/api.w.org\/{rel}","templated":true}]}}