{"id":35476,"date":"2023-02-22T19:19:12","date_gmt":"2023-02-22T18:19:12","guid":{"rendered":"http:\/\/preprod-dev.sh1.hidora.com\/webshop\/produit\/duschkopf-duett-fuer-buerstner\/"},"modified":"2026-04-17T20:44:03","modified_gmt":"2026-04-17T18:44:03","slug":"duschkopf-duett-fuer-buerstner","status":"publish","type":"product","link":"https:\/\/shop.bantam.ch\/de\/produkt\/duschkopf-duett-fuer-buerstner\/","title":{"rendered":"Duschkopf Reich Duett Farbe chrom Speziell f\u00fcr B\u00fcrstner"},"content":{"rendered":"<p>Die Handbrause hat ein Zweiwege Ventil. Durch Drehen des Brausekopfes kann die Einstellung &#8222;Dusche\u20ac\u009d oder &#8222;Strahl\u20ac\u009d gew\u00e4hlt werden. Zur Verwendung mit Artikel EHM Twist AT Set oder auch in Verbindung mit allen anderen Brauseschl\u00e4uchen mit R \u00bd\u20ac\u009d-Anschluss.<\/p>\n<ul>\n<li>Anschluss: R \u00bd\u20ac\u009d<\/li>\n<li>Ausf\u00fchrung: B\u00fcrstner<\/li>\n<li>Gewindel\u00e4nge: 0,9 cm<\/li>\n<\/ul>\n","protected":false},"excerpt":{"rendered":"<p>Die Handbrause hat ein Zweiwege Ventil. Durch Drehen des Brausekopfes kann die Einstellung &#8222;Dusche\u20ac\u009d oder &#8222;Strahl\u20ac\u009d gew\u00e4hlt werden. Zur Verwendung mit Artikel EHM Twist AT Set oder auch in Verbindung mit allen anderen Brauseschl\u00e4uchen mit R \u00bd\u20ac\u009d-Anschluss. Anschluss: R \u00bd\u20ac\u009d Ausf\u00fchrung: B\u00fcrstner Gewindel\u00e4nge: 0,9 cm<\/p>\n","protected":false},"featured_media":35474,"template":"","meta":{"_acf_changed":false},"product_featured_cat":[],"product_brand":[3113],"product_cat":[4572],"product_tag":[],"class_list":{"0":"post-35476","1":"product","2":"type-product","3":"status-publish","4":"has-post-thumbnail","6":"product_brand-reich-de","7":"product_cat-duscharmaturen-brausen","9":"first","10":"instock","11":"taxable","12":"shipping-taxable","13":"purchasable","14":"product-type-simple"},"acf":[],"yoast_head":"<!-- This site is optimized with the Yoast SEO plugin v27.4 - https:\/\/yoast.com\/product\/yoast-seo-wordpress\/ -->\n<title>Duschkopf Reich Duett Farbe chrom Speziell f\u00fcr B\u00fcrstner - Bantam Camping AG<\/title>\n<meta name=\"robots\" content=\"index, follow, max-snippet:-1, max-image-preview:large, max-video-preview:-1\" \/>\n<link rel=\"canonical\" href=\"https:\/\/shop.bantam.ch\/de\/produkt\/duschkopf-duett-fuer-buerstner\/\" \/>\n<meta property=\"og:locale\" content=\"de_DE\" \/>\n<meta property=\"og:type\" content=\"article\" \/>\n<meta property=\"og:title\" content=\"Duschkopf Reich Duett Farbe chrom Speziell f\u00fcr B\u00fcrstner - Bantam Camping AG\" \/>\n<meta property=\"og:description\" content=\"Die Handbrause hat ein Zweiwege Ventil. Durch Drehen des Brausekopfes kann die Einstellung &#8222;Dusche\u20ac\u009d oder &#8222;Strahl\u20ac\u009d gew\u00e4hlt werden. Zur Verwendung mit Artikel EHM Twist AT Set oder auch in Verbindung mit allen anderen Brauseschl\u00e4uchen mit R \u00bd\u20ac\u009d-Anschluss. Anschluss: R \u00bd\u20ac\u009d Ausf\u00fchrung: B\u00fcrstner Gewindel\u00e4nge: 0,9 cm\" \/>\n<meta property=\"og:url\" content=\"https:\/\/shop.bantam.ch\/de\/produkt\/duschkopf-duett-fuer-buerstner\/\" \/>\n<meta property=\"og:site_name\" content=\"Bantam Camping AG\" \/>\n<meta property=\"article:modified_time\" content=\"2026-04-17T18:44:03+00:00\" \/>\n<meta property=\"og:image\" content=\"https:\/\/shop.bantam.ch\/wp-content\/uploads\/2023\/02\/9971834-Brausekopf_Duett_fuer_Einhebelmischer_TWIST_AT-Standard-01-1.jpg\" \/>\n\t<meta property=\"og:image:width\" content=\"453\" \/>\n\t<meta property=\"og:image:height\" content=\"1000\" \/>\n\t<meta property=\"og:image:type\" content=\"image\/jpeg\" \/>\n<meta name=\"twitter:card\" content=\"summary_large_image\" \/>\n<script type=\"application\/ld+json\" class=\"yoast-schema-graph\">{\"@context\":\"https:\\\/\\\/schema.org\",\"@graph\":[{\"@type\":\"WebPage\",\"@id\":\"https:\\\/\\\/shop.bantam.ch\\\/de\\\/produkt\\\/duschkopf-duett-fuer-buerstner\\\/\",\"url\":\"https:\\\/\\\/shop.bantam.ch\\\/de\\\/produkt\\\/duschkopf-duett-fuer-buerstner\\\/\",\"name\":\"Duschkopf Reich Duett Farbe chrom Speziell f\u00fcr B\u00fcrstner - Bantam Camping AG\",\"isPartOf\":{\"@id\":\"https:\\\/\\\/shop.bantam.ch\\\/de\\\/#website\"},\"primaryImageOfPage\":{\"@id\":\"https:\\\/\\\/shop.bantam.ch\\\/de\\\/produkt\\\/duschkopf-duett-fuer-buerstner\\\/#primaryimage\"},\"image\":{\"@id\":\"https:\\\/\\\/shop.bantam.ch\\\/de\\\/produkt\\\/duschkopf-duett-fuer-buerstner\\\/#primaryimage\"},\"thumbnailUrl\":\"https:\\\/\\\/shop.bantam.ch\\\/wp-content\\\/uploads\\\/2023\\\/02\\\/9971834-Brausekopf_Duett_fuer_Einhebelmischer_TWIST_AT-Standard-01-1.jpg\",\"datePublished\":\"2023-02-22T18:19:12+00:00\",\"dateModified\":\"2026-04-17T18:44:03+00:00\",\"breadcrumb\":{\"@id\":\"https:\\\/\\\/shop.bantam.ch\\\/de\\\/produkt\\\/duschkopf-duett-fuer-buerstner\\\/#breadcrumb\"},\"inLanguage\":\"de\",\"potentialAction\":[{\"@type\":\"ReadAction\",\"target\":[\"https:\\\/\\\/shop.bantam.ch\\\/de\\\/produkt\\\/duschkopf-duett-fuer-buerstner\\\/\"]}]},{\"@type\":\"ImageObject\",\"inLanguage\":\"de\",\"@id\":\"https:\\\/\\\/shop.bantam.ch\\\/de\\\/produkt\\\/duschkopf-duett-fuer-buerstner\\\/#primaryimage\",\"url\":\"https:\\\/\\\/shop.bantam.ch\\\/wp-content\\\/uploads\\\/2023\\\/02\\\/9971834-Brausekopf_Duett_fuer_Einhebelmischer_TWIST_AT-Standard-01-1.jpg\",\"contentUrl\":\"https:\\\/\\\/shop.bantam.ch\\\/wp-content\\\/uploads\\\/2023\\\/02\\\/9971834-Brausekopf_Duett_fuer_Einhebelmischer_TWIST_AT-Standard-01-1.jpg\",\"width\":453,\"height\":1000},{\"@type\":\"BreadcrumbList\",\"@id\":\"https:\\\/\\\/shop.bantam.ch\\\/de\\\/produkt\\\/duschkopf-duett-fuer-buerstner\\\/#breadcrumb\",\"itemListElement\":[{\"@type\":\"ListItem\",\"position\":1,\"name\":\"Accueil\",\"item\":\"https:\\\/\\\/shop.bantam.ch\\\/de\\\/\"},{\"@type\":\"ListItem\",\"position\":2,\"name\":\"Shop\",\"item\":\"https:\\\/\\\/shop.bantam.ch\\\/de\\\/shop\\\/\"},{\"@type\":\"ListItem\",\"position\":3,\"name\":\"Duschkopf Reich Duett Farbe chrom Speziell f\u00fcr B\u00fcrstner\"}]},{\"@type\":\"WebSite\",\"@id\":\"https:\\\/\\\/shop.bantam.ch\\\/de\\\/#website\",\"url\":\"https:\\\/\\\/shop.bantam.ch\\\/de\\\/\",\"name\":\"Bantam Camping AG\",\"description\":\"\",\"publisher\":{\"@id\":\"https:\\\/\\\/shop.bantam.ch\\\/de\\\/#organization\"},\"inLanguage\":\"de\"},{\"@type\":\"Organization\",\"@id\":\"https:\\\/\\\/shop.bantam.ch\\\/de\\\/#organization\",\"name\":\"Bantam Camping AG\",\"url\":\"https:\\\/\\\/shop.bantam.ch\\\/de\\\/\",\"logo\":{\"@type\":\"ImageObject\",\"inLanguage\":\"de\",\"@id\":\"https:\\\/\\\/shop.bantam.ch\\\/de\\\/#\\\/schema\\\/logo\\\/image\\\/\",\"url\":\"https:\\\/\\\/shop.bantam.ch\\\/wp-content\\\/uploads\\\/2022\\\/12\\\/bantam-logo.png\",\"contentUrl\":\"https:\\\/\\\/shop.bantam.ch\\\/wp-content\\\/uploads\\\/2022\\\/12\\\/bantam-logo.png\",\"width\":320,\"height\":71,\"caption\":\"Bantam Camping AG\"},\"image\":{\"@id\":\"https:\\\/\\\/shop.bantam.ch\\\/de\\\/#\\\/schema\\\/logo\\\/image\\\/\"}}]}<\/script>\n<!-- \/ Yoast SEO plugin. -->","yoast_head_json":{"title":"Duschkopf Reich Duett Farbe chrom Speziell f\u00fcr B\u00fcrstner - Bantam Camping AG","robots":{"index":"index","follow":"follow","max-snippet":"max-snippet:-1","max-image-preview":"max-image-preview:large","max-video-preview":"max-video-preview:-1"},"canonical":"https:\/\/shop.bantam.ch\/de\/produkt\/duschkopf-duett-fuer-buerstner\/","og_locale":"de_DE","og_type":"article","og_title":"Duschkopf Reich Duett Farbe chrom Speziell f\u00fcr B\u00fcrstner - Bantam Camping AG","og_description":"Die Handbrause hat ein Zweiwege Ventil. Durch Drehen des Brausekopfes kann die Einstellung &#8222;Dusche\u20ac\u009d oder &#8222;Strahl\u20ac\u009d gew\u00e4hlt werden. Zur Verwendung mit Artikel EHM Twist AT Set oder auch in Verbindung mit allen anderen Brauseschl\u00e4uchen mit R \u00bd\u20ac\u009d-Anschluss. Anschluss: R \u00bd\u20ac\u009d Ausf\u00fchrung: B\u00fcrstner Gewindel\u00e4nge: 0,9 cm","og_url":"https:\/\/shop.bantam.ch\/de\/produkt\/duschkopf-duett-fuer-buerstner\/","og_site_name":"Bantam Camping AG","article_modified_time":"2026-04-17T18:44:03+00:00","og_image":[{"width":453,"height":1000,"url":"https:\/\/shop.bantam.ch\/wp-content\/uploads\/2023\/02\/9971834-Brausekopf_Duett_fuer_Einhebelmischer_TWIST_AT-Standard-01-1.jpg","type":"image\/jpeg"}],"twitter_card":"summary_large_image","schema":{"@context":"https:\/\/schema.org","@graph":[{"@type":"WebPage","@id":"https:\/\/shop.bantam.ch\/de\/produkt\/duschkopf-duett-fuer-buerstner\/","url":"https:\/\/shop.bantam.ch\/de\/produkt\/duschkopf-duett-fuer-buerstner\/","name":"Duschkopf Reich Duett Farbe chrom Speziell f\u00fcr B\u00fcrstner - Bantam Camping AG","isPartOf":{"@id":"https:\/\/shop.bantam.ch\/de\/#website"},"primaryImageOfPage":{"@id":"https:\/\/shop.bantam.ch\/de\/produkt\/duschkopf-duett-fuer-buerstner\/#primaryimage"},"image":{"@id":"https:\/\/shop.bantam.ch\/de\/produkt\/duschkopf-duett-fuer-buerstner\/#primaryimage"},"thumbnailUrl":"https:\/\/shop.bantam.ch\/wp-content\/uploads\/2023\/02\/9971834-Brausekopf_Duett_fuer_Einhebelmischer_TWIST_AT-Standard-01-1.jpg","datePublished":"2023-02-22T18:19:12+00:00","dateModified":"2026-04-17T18:44:03+00:00","breadcrumb":{"@id":"https:\/\/shop.bantam.ch\/de\/produkt\/duschkopf-duett-fuer-buerstner\/#breadcrumb"},"inLanguage":"de","potentialAction":[{"@type":"ReadAction","target":["https:\/\/shop.bantam.ch\/de\/produkt\/duschkopf-duett-fuer-buerstner\/"]}]},{"@type":"ImageObject","inLanguage":"de","@id":"https:\/\/shop.bantam.ch\/de\/produkt\/duschkopf-duett-fuer-buerstner\/#primaryimage","url":"https:\/\/shop.bantam.ch\/wp-content\/uploads\/2023\/02\/9971834-Brausekopf_Duett_fuer_Einhebelmischer_TWIST_AT-Standard-01-1.jpg","contentUrl":"https:\/\/shop.bantam.ch\/wp-content\/uploads\/2023\/02\/9971834-Brausekopf_Duett_fuer_Einhebelmischer_TWIST_AT-Standard-01-1.jpg","width":453,"height":1000},{"@type":"BreadcrumbList","@id":"https:\/\/shop.bantam.ch\/de\/produkt\/duschkopf-duett-fuer-buerstner\/#breadcrumb","itemListElement":[{"@type":"ListItem","position":1,"name":"Accueil","item":"https:\/\/shop.bantam.ch\/de\/"},{"@type":"ListItem","position":2,"name":"Shop","item":"https:\/\/shop.bantam.ch\/de\/shop\/"},{"@type":"ListItem","position":3,"name":"Duschkopf Reich Duett Farbe chrom Speziell f\u00fcr B\u00fcrstner"}]},{"@type":"WebSite","@id":"https:\/\/shop.bantam.ch\/de\/#website","url":"https:\/\/shop.bantam.ch\/de\/","name":"Bantam Camping AG","description":"","publisher":{"@id":"https:\/\/shop.bantam.ch\/de\/#organization"},"inLanguage":"de"},{"@type":"Organization","@id":"https:\/\/shop.bantam.ch\/de\/#organization","name":"Bantam Camping AG","url":"https:\/\/shop.bantam.ch\/de\/","logo":{"@type":"ImageObject","inLanguage":"de","@id":"https:\/\/shop.bantam.ch\/de\/#\/schema\/logo\/image\/","url":"https:\/\/shop.bantam.ch\/wp-content\/uploads\/2022\/12\/bantam-logo.png","contentUrl":"https:\/\/shop.bantam.ch\/wp-content\/uploads\/2022\/12\/bantam-logo.png","width":320,"height":71,"caption":"Bantam Camping AG"},"image":{"@id":"https:\/\/shop.bantam.ch\/de\/#\/schema\/logo\/image\/"}}]}},"_links":{"self":[{"href":"https:\/\/shop.bantam.ch\/de\/wp-json\/wp\/v2\/product\/35476","targetHints":{"allow":["GET"]}}],"collection":[{"href":"https:\/\/shop.bantam.ch\/de\/wp-json\/wp\/v2\/product"}],"about":[{"href":"https:\/\/shop.bantam.ch\/de\/wp-json\/wp\/v2\/types\/product"}],"wp:featuredmedia":[{"embeddable":true,"href":"https:\/\/shop.bantam.ch\/de\/wp-json\/wp\/v2\/media\/35474"}],"wp:attachment":[{"href":"https:\/\/shop.bantam.ch\/de\/wp-json\/wp\/v2\/media?parent=35476"}],"wp:term":[{"taxonomy":"product_featured_cat","embeddable":true,"href":"https:\/\/shop.bantam.ch\/de\/wp-json\/wp\/v2\/product_featured_cat?post=35476"},{"taxonomy":"product_brand","embeddable":true,"href":"https:\/\/shop.bantam.ch\/de\/wp-json\/wp\/v2\/product_brand?post=35476"},{"taxonomy":"product_cat","embeddable":true,"href":"https:\/\/shop.bantam.ch\/de\/wp-json\/wp\/v2\/product_cat?post=35476"},{"taxonomy":"product_tag","embeddable":true,"href":"https:\/\/shop.bantam.ch\/de\/wp-json\/wp\/v2\/product_tag?post=35476"}],"curies":[{"name":"wp","href":"https:\/\/api.w.org\/{rel}","templated":true}]}}