{"id":35454,"date":"2023-02-22T19:18:44","date_gmt":"2023-02-22T18:18:44","guid":{"rendered":"http:\/\/preprod-dev.sh1.hidora.com\/webshop\/produit\/duschomat-carletta\/"},"modified":"2026-05-02T20:44:01","modified_gmt":"2026-05-02T18:44:01","slug":"duschomat-carletta","status":"publish","type":"product","link":"https:\/\/shop.bantam.ch\/de\/produkt\/duschomat-carletta\/","title":{"rendered":"Duschomat REICH A5 Carletta Farbe wei\u00df"},"content":{"rendered":"<p>Die Carletta-Duschomat besitzt ein integriertes Messingventil und einen integrierten Mikroschalter. So wird f\u00fcr den Betrieb mit Kaltwasser keine weitere Armatur ben\u00f6tigt. Bei Warmwasser ist lediglich der Vormischer Carletta vorzuschalten (optional erh\u00e4ltlich).<\/p>\n<p>Lieferumfang:<br \/>Inkl. 1,5 m Metall-Sicherheitsschlauch und Wandhalter<\/p>\n<ul>\n<li>Anschluss: A3 (Die Zahl hinter der Anschlussart gibt an, bis zu welchem Eingangsdruck die Armatur betrieben werden kann)<\/li>\n<li>Schlauchanschluss: 10 &#8211; 12 mm<\/li>\n<li>Gewindel\u00e4nge: 2,5 cm<\/li>\n<\/ul>\n","protected":false},"excerpt":{"rendered":"<p>Die Carletta-Duschomat besitzt ein integriertes Messingventil und einen integrierten Mikroschalter. So wird f\u00fcr den Betrieb mit Kaltwasser keine weitere Armatur ben\u00f6tigt. Bei Warmwasser ist lediglich der Vormischer Carletta vorzuschalten (optional erh\u00e4ltlich). Lieferumfang:Inkl. 1,5 m Metall-Sicherheitsschlauch und Wandhalter Anschluss: A3 (Die Zahl hinter der Anschlussart gibt an, bis zu welchem Eingangsdruck die Armatur betrieben werden kann) [&hellip;]<\/p>\n","protected":false},"featured_media":35450,"template":"","meta":{"_acf_changed":false},"product_featured_cat":[],"product_brand":[3113],"product_cat":[4572],"product_tag":[],"class_list":{"0":"post-35454","1":"product","2":"type-product","3":"status-publish","4":"has-post-thumbnail","6":"product_brand-reich-de","7":"product_cat-duscharmaturen-brausen","9":"first","10":"instock","11":"taxable","12":"shipping-taxable","13":"purchasable","14":"product-type-simple"},"acf":[],"yoast_head":"<!-- This site is optimized with the Yoast SEO plugin v27.5 - https:\/\/yoast.com\/product\/yoast-seo-wordpress\/ -->\n<title>Duschomat REICH A5 Carletta Farbe wei\u00df - Bantam<\/title>\n<meta name=\"robots\" content=\"index, follow, max-snippet:-1, max-image-preview:large, max-video-preview:-1\" \/>\n<link rel=\"canonical\" href=\"https:\/\/shop.bantam.ch\/de\/produkt\/duschomat-carletta\/\" \/>\n<meta property=\"og:locale\" content=\"de_DE\" \/>\n<meta property=\"og:type\" content=\"article\" \/>\n<meta property=\"og:title\" content=\"Duschomat REICH A5 Carletta Farbe wei\u00df - Bantam\" \/>\n<meta property=\"og:description\" content=\"Die Carletta-Duschomat besitzt ein integriertes Messingventil und einen integrierten Mikroschalter. So wird f\u00fcr den Betrieb mit Kaltwasser keine weitere Armatur ben\u00f6tigt. Bei Warmwasser ist lediglich der Vormischer Carletta vorzuschalten (optional erh\u00e4ltlich). Lieferumfang:Inkl. 1,5 m Metall-Sicherheitsschlauch und Wandhalter Anschluss: A3 (Die Zahl hinter der Anschlussart gibt an, bis zu welchem Eingangsdruck die Armatur betrieben werden kann) [&hellip;]\" \/>\n<meta property=\"og:url\" content=\"https:\/\/shop.bantam.ch\/de\/produkt\/duschomat-carletta\/\" \/>\n<meta property=\"og:site_name\" content=\"Bantam\" \/>\n<meta property=\"article:modified_time\" content=\"2026-05-02T18:44:01+00:00\" \/>\n<meta property=\"og:image\" content=\"https:\/\/shop.bantam.ch\/wp-content\/uploads\/2023\/02\/9970309-Duschomat_weiss-Standard-01-1.jpg\" \/>\n\t<meta property=\"og:image:width\" content=\"1000\" \/>\n\t<meta property=\"og:image:height\" content=\"885\" \/>\n\t<meta property=\"og:image:type\" content=\"image\/jpeg\" \/>\n<meta name=\"twitter:card\" content=\"summary_large_image\" \/>\n<script type=\"application\/ld+json\" class=\"yoast-schema-graph\">{\"@context\":\"https:\\\/\\\/schema.org\",\"@graph\":[{\"@type\":\"WebPage\",\"@id\":\"https:\\\/\\\/shop.bantam.ch\\\/de\\\/produkt\\\/duschomat-carletta\\\/\",\"url\":\"https:\\\/\\\/shop.bantam.ch\\\/de\\\/produkt\\\/duschomat-carletta\\\/\",\"name\":\"Duschomat REICH A5 Carletta Farbe wei\u00df - Bantam\",\"isPartOf\":{\"@id\":\"https:\\\/\\\/shop.bantam.ch\\\/de\\\/#website\"},\"primaryImageOfPage\":{\"@id\":\"https:\\\/\\\/shop.bantam.ch\\\/de\\\/produkt\\\/duschomat-carletta\\\/#primaryimage\"},\"image\":{\"@id\":\"https:\\\/\\\/shop.bantam.ch\\\/de\\\/produkt\\\/duschomat-carletta\\\/#primaryimage\"},\"thumbnailUrl\":\"https:\\\/\\\/shop.bantam.ch\\\/wp-content\\\/uploads\\\/2023\\\/02\\\/9970309-Duschomat_weiss-Standard-01-1.jpg\",\"datePublished\":\"2023-02-22T18:18:44+00:00\",\"dateModified\":\"2026-05-02T18:44:01+00:00\",\"breadcrumb\":{\"@id\":\"https:\\\/\\\/shop.bantam.ch\\\/de\\\/produkt\\\/duschomat-carletta\\\/#breadcrumb\"},\"inLanguage\":\"de\",\"potentialAction\":[{\"@type\":\"ReadAction\",\"target\":[\"https:\\\/\\\/shop.bantam.ch\\\/de\\\/produkt\\\/duschomat-carletta\\\/\"]}]},{\"@type\":\"ImageObject\",\"inLanguage\":\"de\",\"@id\":\"https:\\\/\\\/shop.bantam.ch\\\/de\\\/produkt\\\/duschomat-carletta\\\/#primaryimage\",\"url\":\"https:\\\/\\\/shop.bantam.ch\\\/wp-content\\\/uploads\\\/2023\\\/02\\\/9970309-Duschomat_weiss-Standard-01-1.jpg\",\"contentUrl\":\"https:\\\/\\\/shop.bantam.ch\\\/wp-content\\\/uploads\\\/2023\\\/02\\\/9970309-Duschomat_weiss-Standard-01-1.jpg\",\"width\":1000,\"height\":885},{\"@type\":\"BreadcrumbList\",\"@id\":\"https:\\\/\\\/shop.bantam.ch\\\/de\\\/produkt\\\/duschomat-carletta\\\/#breadcrumb\",\"itemListElement\":[{\"@type\":\"ListItem\",\"position\":1,\"name\":\"Accueil\",\"item\":\"https:\\\/\\\/shop.bantam.ch\\\/de\\\/\"},{\"@type\":\"ListItem\",\"position\":2,\"name\":\"Shop\",\"item\":\"https:\\\/\\\/shop.bantam.ch\\\/de\\\/shop\\\/\"},{\"@type\":\"ListItem\",\"position\":3,\"name\":\"Duschomat REICH A5 Carletta Farbe wei\u00df\"}]},{\"@type\":\"WebSite\",\"@id\":\"https:\\\/\\\/shop.bantam.ch\\\/de\\\/#website\",\"url\":\"https:\\\/\\\/shop.bantam.ch\\\/de\\\/\",\"name\":\"Bantam\",\"description\":\"\",\"publisher\":{\"@id\":\"https:\\\/\\\/shop.bantam.ch\\\/de\\\/#organization\"},\"inLanguage\":\"de\"},{\"@type\":\"Organization\",\"@id\":\"https:\\\/\\\/shop.bantam.ch\\\/de\\\/#organization\",\"name\":\"Bantam\",\"url\":\"https:\\\/\\\/shop.bantam.ch\\\/de\\\/\",\"logo\":{\"@type\":\"ImageObject\",\"inLanguage\":\"de\",\"@id\":\"https:\\\/\\\/shop.bantam.ch\\\/de\\\/#\\\/schema\\\/logo\\\/image\\\/\",\"url\":\"https:\\\/\\\/shop.bantam.ch\\\/wp-content\\\/uploads\\\/2022\\\/12\\\/bantam-logo.png\",\"contentUrl\":\"https:\\\/\\\/shop.bantam.ch\\\/wp-content\\\/uploads\\\/2022\\\/12\\\/bantam-logo.png\",\"width\":320,\"height\":71,\"caption\":\"Bantam\"},\"image\":{\"@id\":\"https:\\\/\\\/shop.bantam.ch\\\/de\\\/#\\\/schema\\\/logo\\\/image\\\/\"}}]}<\/script>\n<!-- \/ Yoast SEO plugin. -->","yoast_head_json":{"title":"Duschomat REICH A5 Carletta Farbe wei\u00df - Bantam","robots":{"index":"index","follow":"follow","max-snippet":"max-snippet:-1","max-image-preview":"max-image-preview:large","max-video-preview":"max-video-preview:-1"},"canonical":"https:\/\/shop.bantam.ch\/de\/produkt\/duschomat-carletta\/","og_locale":"de_DE","og_type":"article","og_title":"Duschomat REICH A5 Carletta Farbe wei\u00df - Bantam","og_description":"Die Carletta-Duschomat besitzt ein integriertes Messingventil und einen integrierten Mikroschalter. So wird f\u00fcr den Betrieb mit Kaltwasser keine weitere Armatur ben\u00f6tigt. Bei Warmwasser ist lediglich der Vormischer Carletta vorzuschalten (optional erh\u00e4ltlich). Lieferumfang:Inkl. 1,5 m Metall-Sicherheitsschlauch und Wandhalter Anschluss: A3 (Die Zahl hinter der Anschlussart gibt an, bis zu welchem Eingangsdruck die Armatur betrieben werden kann) [&hellip;]","og_url":"https:\/\/shop.bantam.ch\/de\/produkt\/duschomat-carletta\/","og_site_name":"Bantam","article_modified_time":"2026-05-02T18:44:01+00:00","og_image":[{"width":1000,"height":885,"url":"https:\/\/shop.bantam.ch\/wp-content\/uploads\/2023\/02\/9970309-Duschomat_weiss-Standard-01-1.jpg","type":"image\/jpeg"}],"twitter_card":"summary_large_image","schema":{"@context":"https:\/\/schema.org","@graph":[{"@type":"WebPage","@id":"https:\/\/shop.bantam.ch\/de\/produkt\/duschomat-carletta\/","url":"https:\/\/shop.bantam.ch\/de\/produkt\/duschomat-carletta\/","name":"Duschomat REICH A5 Carletta Farbe wei\u00df - Bantam","isPartOf":{"@id":"https:\/\/shop.bantam.ch\/de\/#website"},"primaryImageOfPage":{"@id":"https:\/\/shop.bantam.ch\/de\/produkt\/duschomat-carletta\/#primaryimage"},"image":{"@id":"https:\/\/shop.bantam.ch\/de\/produkt\/duschomat-carletta\/#primaryimage"},"thumbnailUrl":"https:\/\/shop.bantam.ch\/wp-content\/uploads\/2023\/02\/9970309-Duschomat_weiss-Standard-01-1.jpg","datePublished":"2023-02-22T18:18:44+00:00","dateModified":"2026-05-02T18:44:01+00:00","breadcrumb":{"@id":"https:\/\/shop.bantam.ch\/de\/produkt\/duschomat-carletta\/#breadcrumb"},"inLanguage":"de","potentialAction":[{"@type":"ReadAction","target":["https:\/\/shop.bantam.ch\/de\/produkt\/duschomat-carletta\/"]}]},{"@type":"ImageObject","inLanguage":"de","@id":"https:\/\/shop.bantam.ch\/de\/produkt\/duschomat-carletta\/#primaryimage","url":"https:\/\/shop.bantam.ch\/wp-content\/uploads\/2023\/02\/9970309-Duschomat_weiss-Standard-01-1.jpg","contentUrl":"https:\/\/shop.bantam.ch\/wp-content\/uploads\/2023\/02\/9970309-Duschomat_weiss-Standard-01-1.jpg","width":1000,"height":885},{"@type":"BreadcrumbList","@id":"https:\/\/shop.bantam.ch\/de\/produkt\/duschomat-carletta\/#breadcrumb","itemListElement":[{"@type":"ListItem","position":1,"name":"Accueil","item":"https:\/\/shop.bantam.ch\/de\/"},{"@type":"ListItem","position":2,"name":"Shop","item":"https:\/\/shop.bantam.ch\/de\/shop\/"},{"@type":"ListItem","position":3,"name":"Duschomat REICH A5 Carletta Farbe wei\u00df"}]},{"@type":"WebSite","@id":"https:\/\/shop.bantam.ch\/de\/#website","url":"https:\/\/shop.bantam.ch\/de\/","name":"Bantam","description":"","publisher":{"@id":"https:\/\/shop.bantam.ch\/de\/#organization"},"inLanguage":"de"},{"@type":"Organization","@id":"https:\/\/shop.bantam.ch\/de\/#organization","name":"Bantam","url":"https:\/\/shop.bantam.ch\/de\/","logo":{"@type":"ImageObject","inLanguage":"de","@id":"https:\/\/shop.bantam.ch\/de\/#\/schema\/logo\/image\/","url":"https:\/\/shop.bantam.ch\/wp-content\/uploads\/2022\/12\/bantam-logo.png","contentUrl":"https:\/\/shop.bantam.ch\/wp-content\/uploads\/2022\/12\/bantam-logo.png","width":320,"height":71,"caption":"Bantam"},"image":{"@id":"https:\/\/shop.bantam.ch\/de\/#\/schema\/logo\/image\/"}}]}},"_links":{"self":[{"href":"https:\/\/shop.bantam.ch\/de\/wp-json\/wp\/v2\/product\/35454","targetHints":{"allow":["GET"]}}],"collection":[{"href":"https:\/\/shop.bantam.ch\/de\/wp-json\/wp\/v2\/product"}],"about":[{"href":"https:\/\/shop.bantam.ch\/de\/wp-json\/wp\/v2\/types\/product"}],"wp:featuredmedia":[{"embeddable":true,"href":"https:\/\/shop.bantam.ch\/de\/wp-json\/wp\/v2\/media\/35450"}],"wp:attachment":[{"href":"https:\/\/shop.bantam.ch\/de\/wp-json\/wp\/v2\/media?parent=35454"}],"wp:term":[{"taxonomy":"product_featured_cat","embeddable":true,"href":"https:\/\/shop.bantam.ch\/de\/wp-json\/wp\/v2\/product_featured_cat?post=35454"},{"taxonomy":"product_brand","embeddable":true,"href":"https:\/\/shop.bantam.ch\/de\/wp-json\/wp\/v2\/product_brand?post=35454"},{"taxonomy":"product_cat","embeddable":true,"href":"https:\/\/shop.bantam.ch\/de\/wp-json\/wp\/v2\/product_cat?post=35454"},{"taxonomy":"product_tag","embeddable":true,"href":"https:\/\/shop.bantam.ch\/de\/wp-json\/wp\/v2\/product_tag?post=35454"}],"curies":[{"name":"wp","href":"https:\/\/api.w.org\/{rel}","templated":true}]}}