{"id":35276,"date":"2023-02-22T19:15:42","date_gmt":"2023-02-22T18:15:42","guid":{"rendered":"http:\/\/preprod-dev.sh1.hidora.com\/webshop\/produit\/einhebelmischer-kama-mit-brause-julia\/"},"modified":"2026-04-17T20:43:41","modified_gmt":"2026-04-17T18:43:41","slug":"einhebelmischer-kama-mit-brause-julia","status":"publish","type":"product","link":"https:\/\/shop.bantam.ch\/de\/produkt\/einhebelmischer-kama-mit-brause-julia\/","title":{"rendered":"Einhebelmischer Reich F5 Kama mit ausziehbarer Brause Julia Farbe chrom"},"content":{"rendered":"<p>Der Einhebelmischer Kama mit herausziehbarer Brause Julia ist aufgebaut wie eine Haushaltsarmatur. Die erprobte Keramikkartusche b\u00fcrgt f\u00fcr best\u00e4ndigte Qualit\u00e4t. Durch die Feinregulierung der Temperatur und Durchflussmenge \u00e4u\u00dferst sparsam im Wasserverbrauch! Die Keramikkartusche und der wasserdichte Mikroschalter sind ohne Ausbau der Armatur von oben zu wechseln. Der Wasserstrahl ist umstellbar von &#8222;Normal\u20ac\u009d auf &#8222;Duschen\u20ac\u009d.<\/p>\n<ul>\n<li>Anschluss: F5 (Die Zahl hinter der Anschlussart gibt an, bis zu welchem Eingangsdruck die Armatur betrieben werden kann)<\/li>\n<li>25 cm lange flexible Anschl\u00fcsse<\/li>\n<li>Auslauf 90\u00b0 drehbar<\/li>\n<li>Entleerungsanzeige<\/li>\n<li>Gewindel\u00e4nge: 3,5 cm<\/li>\n<\/ul>\n","protected":false},"excerpt":{"rendered":"<p>Der Einhebelmischer Kama mit herausziehbarer Brause Julia ist aufgebaut wie eine Haushaltsarmatur. Die erprobte Keramikkartusche b\u00fcrgt f\u00fcr best\u00e4ndigte Qualit\u00e4t. Durch die Feinregulierung der Temperatur und Durchflussmenge \u00e4u\u00dferst sparsam im Wasserverbrauch! Die Keramikkartusche und der wasserdichte Mikroschalter sind ohne Ausbau der Armatur von oben zu wechseln. Der Wasserstrahl ist umstellbar von &#8222;Normal\u20ac\u009d auf &#8222;Duschen\u20ac\u009d. Anschluss: F5 [&hellip;]<\/p>\n","protected":false},"featured_media":35272,"template":"","meta":{"_acf_changed":false},"product_featured_cat":[],"product_brand":[3113],"product_cat":[4574],"product_tag":[],"class_list":{"0":"post-35276","1":"product","2":"type-product","3":"status-publish","4":"has-post-thumbnail","6":"product_brand-reich-de","7":"product_cat-einhebelmischer-kaltwasserhaehne","9":"first","10":"instock","11":"taxable","12":"shipping-taxable","13":"purchasable","14":"product-type-simple"},"acf":[],"yoast_head":"<!-- This site is optimized with the Yoast SEO plugin v27.4 - https:\/\/yoast.com\/product\/yoast-seo-wordpress\/ -->\n<title>Einhebelmischer Reich F5 Kama mit ausziehbarer Brause Julia Farbe chrom - Bantam Camping AG<\/title>\n<meta name=\"robots\" content=\"index, follow, max-snippet:-1, max-image-preview:large, max-video-preview:-1\" \/>\n<link rel=\"canonical\" href=\"https:\/\/shop.bantam.ch\/de\/produkt\/einhebelmischer-kama-mit-brause-julia\/\" \/>\n<meta property=\"og:locale\" content=\"de_DE\" \/>\n<meta property=\"og:type\" content=\"article\" \/>\n<meta property=\"og:title\" content=\"Einhebelmischer Reich F5 Kama mit ausziehbarer Brause Julia Farbe chrom - Bantam Camping AG\" \/>\n<meta property=\"og:description\" content=\"Der Einhebelmischer Kama mit herausziehbarer Brause Julia ist aufgebaut wie eine Haushaltsarmatur. Die erprobte Keramikkartusche b\u00fcrgt f\u00fcr best\u00e4ndigte Qualit\u00e4t. Durch die Feinregulierung der Temperatur und Durchflussmenge \u00e4u\u00dferst sparsam im Wasserverbrauch! Die Keramikkartusche und der wasserdichte Mikroschalter sind ohne Ausbau der Armatur von oben zu wechseln. Der Wasserstrahl ist umstellbar von &#8222;Normal\u20ac\u009d auf &#8222;Duschen\u20ac\u009d. Anschluss: F5 [&hellip;]\" \/>\n<meta property=\"og:url\" content=\"https:\/\/shop.bantam.ch\/de\/produkt\/einhebelmischer-kama-mit-brause-julia\/\" \/>\n<meta property=\"og:site_name\" content=\"Bantam Camping AG\" \/>\n<meta property=\"article:modified_time\" content=\"2026-04-17T18:43:41+00:00\" \/>\n<meta property=\"og:image\" content=\"https:\/\/shop.bantam.ch\/wp-content\/uploads\/2023\/02\/9970304-Einhebelmischer_KAMA_m_auszie_barer_Kombibrause-Standard-01-1.jpg\" \/>\n\t<meta property=\"og:image:width\" content=\"1000\" \/>\n\t<meta property=\"og:image:height\" content=\"657\" \/>\n\t<meta property=\"og:image:type\" content=\"image\/jpeg\" \/>\n<meta name=\"twitter:card\" content=\"summary_large_image\" \/>\n<script type=\"application\/ld+json\" class=\"yoast-schema-graph\">{\"@context\":\"https:\\\/\\\/schema.org\",\"@graph\":[{\"@type\":\"WebPage\",\"@id\":\"https:\\\/\\\/shop.bantam.ch\\\/de\\\/produkt\\\/einhebelmischer-kama-mit-brause-julia\\\/\",\"url\":\"https:\\\/\\\/shop.bantam.ch\\\/de\\\/produkt\\\/einhebelmischer-kama-mit-brause-julia\\\/\",\"name\":\"Einhebelmischer Reich F5 Kama mit ausziehbarer Brause Julia Farbe chrom - Bantam Camping AG\",\"isPartOf\":{\"@id\":\"https:\\\/\\\/shop.bantam.ch\\\/de\\\/#website\"},\"primaryImageOfPage\":{\"@id\":\"https:\\\/\\\/shop.bantam.ch\\\/de\\\/produkt\\\/einhebelmischer-kama-mit-brause-julia\\\/#primaryimage\"},\"image\":{\"@id\":\"https:\\\/\\\/shop.bantam.ch\\\/de\\\/produkt\\\/einhebelmischer-kama-mit-brause-julia\\\/#primaryimage\"},\"thumbnailUrl\":\"https:\\\/\\\/shop.bantam.ch\\\/wp-content\\\/uploads\\\/2023\\\/02\\\/9970304-Einhebelmischer_KAMA_m_auszie_barer_Kombibrause-Standard-01-1.jpg\",\"datePublished\":\"2023-02-22T18:15:42+00:00\",\"dateModified\":\"2026-04-17T18:43:41+00:00\",\"breadcrumb\":{\"@id\":\"https:\\\/\\\/shop.bantam.ch\\\/de\\\/produkt\\\/einhebelmischer-kama-mit-brause-julia\\\/#breadcrumb\"},\"inLanguage\":\"de\",\"potentialAction\":[{\"@type\":\"ReadAction\",\"target\":[\"https:\\\/\\\/shop.bantam.ch\\\/de\\\/produkt\\\/einhebelmischer-kama-mit-brause-julia\\\/\"]}]},{\"@type\":\"ImageObject\",\"inLanguage\":\"de\",\"@id\":\"https:\\\/\\\/shop.bantam.ch\\\/de\\\/produkt\\\/einhebelmischer-kama-mit-brause-julia\\\/#primaryimage\",\"url\":\"https:\\\/\\\/shop.bantam.ch\\\/wp-content\\\/uploads\\\/2023\\\/02\\\/9970304-Einhebelmischer_KAMA_m_auszie_barer_Kombibrause-Standard-01-1.jpg\",\"contentUrl\":\"https:\\\/\\\/shop.bantam.ch\\\/wp-content\\\/uploads\\\/2023\\\/02\\\/9970304-Einhebelmischer_KAMA_m_auszie_barer_Kombibrause-Standard-01-1.jpg\",\"width\":1000,\"height\":657},{\"@type\":\"BreadcrumbList\",\"@id\":\"https:\\\/\\\/shop.bantam.ch\\\/de\\\/produkt\\\/einhebelmischer-kama-mit-brause-julia\\\/#breadcrumb\",\"itemListElement\":[{\"@type\":\"ListItem\",\"position\":1,\"name\":\"Accueil\",\"item\":\"https:\\\/\\\/shop.bantam.ch\\\/de\\\/\"},{\"@type\":\"ListItem\",\"position\":2,\"name\":\"Shop\",\"item\":\"https:\\\/\\\/shop.bantam.ch\\\/de\\\/shop\\\/\"},{\"@type\":\"ListItem\",\"position\":3,\"name\":\"Einhebelmischer Reich F5 Kama mit ausziehbarer Brause Julia Farbe chrom\"}]},{\"@type\":\"WebSite\",\"@id\":\"https:\\\/\\\/shop.bantam.ch\\\/de\\\/#website\",\"url\":\"https:\\\/\\\/shop.bantam.ch\\\/de\\\/\",\"name\":\"Bantam Camping AG\",\"description\":\"\",\"publisher\":{\"@id\":\"https:\\\/\\\/shop.bantam.ch\\\/de\\\/#organization\"},\"inLanguage\":\"de\"},{\"@type\":\"Organization\",\"@id\":\"https:\\\/\\\/shop.bantam.ch\\\/de\\\/#organization\",\"name\":\"Bantam Camping AG\",\"url\":\"https:\\\/\\\/shop.bantam.ch\\\/de\\\/\",\"logo\":{\"@type\":\"ImageObject\",\"inLanguage\":\"de\",\"@id\":\"https:\\\/\\\/shop.bantam.ch\\\/de\\\/#\\\/schema\\\/logo\\\/image\\\/\",\"url\":\"https:\\\/\\\/shop.bantam.ch\\\/wp-content\\\/uploads\\\/2022\\\/12\\\/bantam-logo.png\",\"contentUrl\":\"https:\\\/\\\/shop.bantam.ch\\\/wp-content\\\/uploads\\\/2022\\\/12\\\/bantam-logo.png\",\"width\":320,\"height\":71,\"caption\":\"Bantam Camping AG\"},\"image\":{\"@id\":\"https:\\\/\\\/shop.bantam.ch\\\/de\\\/#\\\/schema\\\/logo\\\/image\\\/\"}}]}<\/script>\n<!-- \/ Yoast SEO plugin. -->","yoast_head_json":{"title":"Einhebelmischer Reich F5 Kama mit ausziehbarer Brause Julia Farbe chrom - Bantam Camping AG","robots":{"index":"index","follow":"follow","max-snippet":"max-snippet:-1","max-image-preview":"max-image-preview:large","max-video-preview":"max-video-preview:-1"},"canonical":"https:\/\/shop.bantam.ch\/de\/produkt\/einhebelmischer-kama-mit-brause-julia\/","og_locale":"de_DE","og_type":"article","og_title":"Einhebelmischer Reich F5 Kama mit ausziehbarer Brause Julia Farbe chrom - Bantam Camping AG","og_description":"Der Einhebelmischer Kama mit herausziehbarer Brause Julia ist aufgebaut wie eine Haushaltsarmatur. Die erprobte Keramikkartusche b\u00fcrgt f\u00fcr best\u00e4ndigte Qualit\u00e4t. Durch die Feinregulierung der Temperatur und Durchflussmenge \u00e4u\u00dferst sparsam im Wasserverbrauch! Die Keramikkartusche und der wasserdichte Mikroschalter sind ohne Ausbau der Armatur von oben zu wechseln. Der Wasserstrahl ist umstellbar von &#8222;Normal\u20ac\u009d auf &#8222;Duschen\u20ac\u009d. Anschluss: F5 [&hellip;]","og_url":"https:\/\/shop.bantam.ch\/de\/produkt\/einhebelmischer-kama-mit-brause-julia\/","og_site_name":"Bantam Camping AG","article_modified_time":"2026-04-17T18:43:41+00:00","og_image":[{"width":1000,"height":657,"url":"https:\/\/shop.bantam.ch\/wp-content\/uploads\/2023\/02\/9970304-Einhebelmischer_KAMA_m_auszie_barer_Kombibrause-Standard-01-1.jpg","type":"image\/jpeg"}],"twitter_card":"summary_large_image","schema":{"@context":"https:\/\/schema.org","@graph":[{"@type":"WebPage","@id":"https:\/\/shop.bantam.ch\/de\/produkt\/einhebelmischer-kama-mit-brause-julia\/","url":"https:\/\/shop.bantam.ch\/de\/produkt\/einhebelmischer-kama-mit-brause-julia\/","name":"Einhebelmischer Reich F5 Kama mit ausziehbarer Brause Julia Farbe chrom - Bantam Camping AG","isPartOf":{"@id":"https:\/\/shop.bantam.ch\/de\/#website"},"primaryImageOfPage":{"@id":"https:\/\/shop.bantam.ch\/de\/produkt\/einhebelmischer-kama-mit-brause-julia\/#primaryimage"},"image":{"@id":"https:\/\/shop.bantam.ch\/de\/produkt\/einhebelmischer-kama-mit-brause-julia\/#primaryimage"},"thumbnailUrl":"https:\/\/shop.bantam.ch\/wp-content\/uploads\/2023\/02\/9970304-Einhebelmischer_KAMA_m_auszie_barer_Kombibrause-Standard-01-1.jpg","datePublished":"2023-02-22T18:15:42+00:00","dateModified":"2026-04-17T18:43:41+00:00","breadcrumb":{"@id":"https:\/\/shop.bantam.ch\/de\/produkt\/einhebelmischer-kama-mit-brause-julia\/#breadcrumb"},"inLanguage":"de","potentialAction":[{"@type":"ReadAction","target":["https:\/\/shop.bantam.ch\/de\/produkt\/einhebelmischer-kama-mit-brause-julia\/"]}]},{"@type":"ImageObject","inLanguage":"de","@id":"https:\/\/shop.bantam.ch\/de\/produkt\/einhebelmischer-kama-mit-brause-julia\/#primaryimage","url":"https:\/\/shop.bantam.ch\/wp-content\/uploads\/2023\/02\/9970304-Einhebelmischer_KAMA_m_auszie_barer_Kombibrause-Standard-01-1.jpg","contentUrl":"https:\/\/shop.bantam.ch\/wp-content\/uploads\/2023\/02\/9970304-Einhebelmischer_KAMA_m_auszie_barer_Kombibrause-Standard-01-1.jpg","width":1000,"height":657},{"@type":"BreadcrumbList","@id":"https:\/\/shop.bantam.ch\/de\/produkt\/einhebelmischer-kama-mit-brause-julia\/#breadcrumb","itemListElement":[{"@type":"ListItem","position":1,"name":"Accueil","item":"https:\/\/shop.bantam.ch\/de\/"},{"@type":"ListItem","position":2,"name":"Shop","item":"https:\/\/shop.bantam.ch\/de\/shop\/"},{"@type":"ListItem","position":3,"name":"Einhebelmischer Reich F5 Kama mit ausziehbarer Brause Julia Farbe chrom"}]},{"@type":"WebSite","@id":"https:\/\/shop.bantam.ch\/de\/#website","url":"https:\/\/shop.bantam.ch\/de\/","name":"Bantam Camping AG","description":"","publisher":{"@id":"https:\/\/shop.bantam.ch\/de\/#organization"},"inLanguage":"de"},{"@type":"Organization","@id":"https:\/\/shop.bantam.ch\/de\/#organization","name":"Bantam Camping AG","url":"https:\/\/shop.bantam.ch\/de\/","logo":{"@type":"ImageObject","inLanguage":"de","@id":"https:\/\/shop.bantam.ch\/de\/#\/schema\/logo\/image\/","url":"https:\/\/shop.bantam.ch\/wp-content\/uploads\/2022\/12\/bantam-logo.png","contentUrl":"https:\/\/shop.bantam.ch\/wp-content\/uploads\/2022\/12\/bantam-logo.png","width":320,"height":71,"caption":"Bantam Camping AG"},"image":{"@id":"https:\/\/shop.bantam.ch\/de\/#\/schema\/logo\/image\/"}}]}},"_links":{"self":[{"href":"https:\/\/shop.bantam.ch\/de\/wp-json\/wp\/v2\/product\/35276","targetHints":{"allow":["GET"]}}],"collection":[{"href":"https:\/\/shop.bantam.ch\/de\/wp-json\/wp\/v2\/product"}],"about":[{"href":"https:\/\/shop.bantam.ch\/de\/wp-json\/wp\/v2\/types\/product"}],"wp:featuredmedia":[{"embeddable":true,"href":"https:\/\/shop.bantam.ch\/de\/wp-json\/wp\/v2\/media\/35272"}],"wp:attachment":[{"href":"https:\/\/shop.bantam.ch\/de\/wp-json\/wp\/v2\/media?parent=35276"}],"wp:term":[{"taxonomy":"product_featured_cat","embeddable":true,"href":"https:\/\/shop.bantam.ch\/de\/wp-json\/wp\/v2\/product_featured_cat?post=35276"},{"taxonomy":"product_brand","embeddable":true,"href":"https:\/\/shop.bantam.ch\/de\/wp-json\/wp\/v2\/product_brand?post=35276"},{"taxonomy":"product_cat","embeddable":true,"href":"https:\/\/shop.bantam.ch\/de\/wp-json\/wp\/v2\/product_cat?post=35276"},{"taxonomy":"product_tag","embeddable":true,"href":"https:\/\/shop.bantam.ch\/de\/wp-json\/wp\/v2\/product_tag?post=35276"}],"curies":[{"name":"wp","href":"https:\/\/api.w.org\/{rel}","templated":true}]}}