{"id":34838,"date":"2023-02-22T19:06:50","date_gmt":"2023-02-22T18:06:50","guid":{"rendered":"http:\/\/preprod-dev.sh1.hidora.com\/webshop\/produit\/ladegeraet-las-1218-2\/"},"modified":"2026-05-01T20:42:35","modified_gmt":"2026-05-01T18:42:35","slug":"ladegeraet-las-1218-2","status":"publish","type":"product","link":"https:\/\/shop.bantam.ch\/de\/produkt\/ladegeraet-las-1218-2\/","title":{"rendered":"Ladeger\u00e4t LAS 1218-2"},"content":{"rendered":"<p>L\u00fcfterloses Switch-Mode Ladeger\u00e4t mit 18 A Ladeleistung und Ladekennlinie IUoU. Das Ger\u00e4t arbeitet mit modernster Schaltungstechnik und l\u00e4dt Batterien von 55 bis 180 Ah optimal. Die Anzeige der aktuellen Ladephase wird \u00fcber Leuchtdioden angezeigt. Die Ladung einer zweiten Batterie (z.B. Starterbatterie) parallel mit bis zu 3A m\u00f6glich. Das Ger\u00e4t kann auch ohne angeschlossene Batterie als Netzger\u00e4t eingesetzt werden.<\/p>\n<p>Lieferungumfang:<br \/>Inklusive passendem Kabel zur Anwendung als Zusatzladeger\u00e4t an Schaudt Elektroblocks EBL.<\/p>\n","protected":false},"excerpt":{"rendered":"<p>L\u00fcfterloses Switch-Mode Ladeger\u00e4t mit 18 A Ladeleistung und Ladekennlinie IUoU. Das Ger\u00e4t arbeitet mit modernster Schaltungstechnik und l\u00e4dt Batterien von 55 bis 180 Ah optimal. Die Anzeige der aktuellen Ladephase wird \u00fcber Leuchtdioden angezeigt. Die Ladung einer zweiten Batterie (z.B. Starterbatterie) parallel mit bis zu 3A m\u00f6glich. Das Ger\u00e4t kann auch ohne angeschlossene Batterie als [&hellip;]<\/p>\n","protected":false},"featured_media":34836,"template":"","meta":{"_acf_changed":false},"product_featured_cat":[],"product_brand":[3079],"product_cat":[4912],"product_tag":[],"class_list":{"0":"post-34838","1":"product","2":"type-product","3":"status-publish","4":"has-post-thumbnail","6":"product_brand-schaudt-de","7":"product_cat-ladegeraete","9":"first","10":"instock","11":"taxable","12":"shipping-taxable","13":"purchasable","14":"product-type-simple"},"acf":[],"yoast_head":"<!-- This site is optimized with the Yoast SEO plugin v27.5 - https:\/\/yoast.com\/product\/yoast-seo-wordpress\/ -->\n<title>Ladeger\u00e4t LAS 1218-2 - Bantam<\/title>\n<meta name=\"robots\" content=\"index, follow, max-snippet:-1, max-image-preview:large, max-video-preview:-1\" \/>\n<link rel=\"canonical\" href=\"https:\/\/shop.bantam.ch\/de\/produkt\/ladegeraet-las-1218-2\/\" \/>\n<meta property=\"og:locale\" content=\"de_DE\" \/>\n<meta property=\"og:type\" content=\"article\" \/>\n<meta property=\"og:title\" content=\"Ladeger\u00e4t LAS 1218-2 - Bantam\" \/>\n<meta property=\"og:description\" content=\"L\u00fcfterloses Switch-Mode Ladeger\u00e4t mit 18 A Ladeleistung und Ladekennlinie IUoU. Das Ger\u00e4t arbeitet mit modernster Schaltungstechnik und l\u00e4dt Batterien von 55 bis 180 Ah optimal. Die Anzeige der aktuellen Ladephase wird \u00fcber Leuchtdioden angezeigt. Die Ladung einer zweiten Batterie (z.B. Starterbatterie) parallel mit bis zu 3A m\u00f6glich. Das Ger\u00e4t kann auch ohne angeschlossene Batterie als [&hellip;]\" \/>\n<meta property=\"og:url\" content=\"https:\/\/shop.bantam.ch\/de\/produkt\/ladegeraet-las-1218-2\/\" \/>\n<meta property=\"og:site_name\" content=\"Bantam\" \/>\n<meta property=\"article:modified_time\" content=\"2026-05-01T18:42:35+00:00\" \/>\n<meta property=\"og:image\" content=\"https:\/\/shop.bantam.ch\/wp-content\/uploads\/2023\/02\/9972735-Ladegeraet_LAS_1218-2-Standard-01-1.jpg\" \/>\n\t<meta property=\"og:image:width\" content=\"779\" \/>\n\t<meta property=\"og:image:height\" content=\"1000\" \/>\n\t<meta property=\"og:image:type\" content=\"image\/jpeg\" \/>\n<meta name=\"twitter:card\" content=\"summary_large_image\" \/>\n<script type=\"application\/ld+json\" class=\"yoast-schema-graph\">{\"@context\":\"https:\\\/\\\/schema.org\",\"@graph\":[{\"@type\":\"WebPage\",\"@id\":\"https:\\\/\\\/shop.bantam.ch\\\/de\\\/produkt\\\/ladegeraet-las-1218-2\\\/\",\"url\":\"https:\\\/\\\/shop.bantam.ch\\\/de\\\/produkt\\\/ladegeraet-las-1218-2\\\/\",\"name\":\"Ladeger\u00e4t LAS 1218-2 - Bantam\",\"isPartOf\":{\"@id\":\"https:\\\/\\\/shop.bantam.ch\\\/de\\\/#website\"},\"primaryImageOfPage\":{\"@id\":\"https:\\\/\\\/shop.bantam.ch\\\/de\\\/produkt\\\/ladegeraet-las-1218-2\\\/#primaryimage\"},\"image\":{\"@id\":\"https:\\\/\\\/shop.bantam.ch\\\/de\\\/produkt\\\/ladegeraet-las-1218-2\\\/#primaryimage\"},\"thumbnailUrl\":\"https:\\\/\\\/shop.bantam.ch\\\/wp-content\\\/uploads\\\/2023\\\/02\\\/9972735-Ladegeraet_LAS_1218-2-Standard-01-1.jpg\",\"datePublished\":\"2023-02-22T18:06:50+00:00\",\"dateModified\":\"2026-05-01T18:42:35+00:00\",\"breadcrumb\":{\"@id\":\"https:\\\/\\\/shop.bantam.ch\\\/de\\\/produkt\\\/ladegeraet-las-1218-2\\\/#breadcrumb\"},\"inLanguage\":\"de\",\"potentialAction\":[{\"@type\":\"ReadAction\",\"target\":[\"https:\\\/\\\/shop.bantam.ch\\\/de\\\/produkt\\\/ladegeraet-las-1218-2\\\/\"]}]},{\"@type\":\"ImageObject\",\"inLanguage\":\"de\",\"@id\":\"https:\\\/\\\/shop.bantam.ch\\\/de\\\/produkt\\\/ladegeraet-las-1218-2\\\/#primaryimage\",\"url\":\"https:\\\/\\\/shop.bantam.ch\\\/wp-content\\\/uploads\\\/2023\\\/02\\\/9972735-Ladegeraet_LAS_1218-2-Standard-01-1.jpg\",\"contentUrl\":\"https:\\\/\\\/shop.bantam.ch\\\/wp-content\\\/uploads\\\/2023\\\/02\\\/9972735-Ladegeraet_LAS_1218-2-Standard-01-1.jpg\",\"width\":779,\"height\":1000},{\"@type\":\"BreadcrumbList\",\"@id\":\"https:\\\/\\\/shop.bantam.ch\\\/de\\\/produkt\\\/ladegeraet-las-1218-2\\\/#breadcrumb\",\"itemListElement\":[{\"@type\":\"ListItem\",\"position\":1,\"name\":\"Accueil\",\"item\":\"https:\\\/\\\/shop.bantam.ch\\\/de\\\/\"},{\"@type\":\"ListItem\",\"position\":2,\"name\":\"Shop\",\"item\":\"https:\\\/\\\/shop.bantam.ch\\\/de\\\/shop\\\/\"},{\"@type\":\"ListItem\",\"position\":3,\"name\":\"Ladeger\u00e4t LAS 1218-2\"}]},{\"@type\":\"WebSite\",\"@id\":\"https:\\\/\\\/shop.bantam.ch\\\/de\\\/#website\",\"url\":\"https:\\\/\\\/shop.bantam.ch\\\/de\\\/\",\"name\":\"Bantam\",\"description\":\"\",\"publisher\":{\"@id\":\"https:\\\/\\\/shop.bantam.ch\\\/de\\\/#organization\"},\"inLanguage\":\"de\"},{\"@type\":\"Organization\",\"@id\":\"https:\\\/\\\/shop.bantam.ch\\\/de\\\/#organization\",\"name\":\"Bantam\",\"url\":\"https:\\\/\\\/shop.bantam.ch\\\/de\\\/\",\"logo\":{\"@type\":\"ImageObject\",\"inLanguage\":\"de\",\"@id\":\"https:\\\/\\\/shop.bantam.ch\\\/de\\\/#\\\/schema\\\/logo\\\/image\\\/\",\"url\":\"https:\\\/\\\/shop.bantam.ch\\\/wp-content\\\/uploads\\\/2022\\\/12\\\/bantam-logo.png\",\"contentUrl\":\"https:\\\/\\\/shop.bantam.ch\\\/wp-content\\\/uploads\\\/2022\\\/12\\\/bantam-logo.png\",\"width\":320,\"height\":71,\"caption\":\"Bantam\"},\"image\":{\"@id\":\"https:\\\/\\\/shop.bantam.ch\\\/de\\\/#\\\/schema\\\/logo\\\/image\\\/\"}}]}<\/script>\n<!-- \/ Yoast SEO plugin. -->","yoast_head_json":{"title":"Ladeger\u00e4t LAS 1218-2 - Bantam","robots":{"index":"index","follow":"follow","max-snippet":"max-snippet:-1","max-image-preview":"max-image-preview:large","max-video-preview":"max-video-preview:-1"},"canonical":"https:\/\/shop.bantam.ch\/de\/produkt\/ladegeraet-las-1218-2\/","og_locale":"de_DE","og_type":"article","og_title":"Ladeger\u00e4t LAS 1218-2 - Bantam","og_description":"L\u00fcfterloses Switch-Mode Ladeger\u00e4t mit 18 A Ladeleistung und Ladekennlinie IUoU. Das Ger\u00e4t arbeitet mit modernster Schaltungstechnik und l\u00e4dt Batterien von 55 bis 180 Ah optimal. Die Anzeige der aktuellen Ladephase wird \u00fcber Leuchtdioden angezeigt. Die Ladung einer zweiten Batterie (z.B. Starterbatterie) parallel mit bis zu 3A m\u00f6glich. Das Ger\u00e4t kann auch ohne angeschlossene Batterie als [&hellip;]","og_url":"https:\/\/shop.bantam.ch\/de\/produkt\/ladegeraet-las-1218-2\/","og_site_name":"Bantam","article_modified_time":"2026-05-01T18:42:35+00:00","og_image":[{"width":779,"height":1000,"url":"https:\/\/shop.bantam.ch\/wp-content\/uploads\/2023\/02\/9972735-Ladegeraet_LAS_1218-2-Standard-01-1.jpg","type":"image\/jpeg"}],"twitter_card":"summary_large_image","schema":{"@context":"https:\/\/schema.org","@graph":[{"@type":"WebPage","@id":"https:\/\/shop.bantam.ch\/de\/produkt\/ladegeraet-las-1218-2\/","url":"https:\/\/shop.bantam.ch\/de\/produkt\/ladegeraet-las-1218-2\/","name":"Ladeger\u00e4t LAS 1218-2 - Bantam","isPartOf":{"@id":"https:\/\/shop.bantam.ch\/de\/#website"},"primaryImageOfPage":{"@id":"https:\/\/shop.bantam.ch\/de\/produkt\/ladegeraet-las-1218-2\/#primaryimage"},"image":{"@id":"https:\/\/shop.bantam.ch\/de\/produkt\/ladegeraet-las-1218-2\/#primaryimage"},"thumbnailUrl":"https:\/\/shop.bantam.ch\/wp-content\/uploads\/2023\/02\/9972735-Ladegeraet_LAS_1218-2-Standard-01-1.jpg","datePublished":"2023-02-22T18:06:50+00:00","dateModified":"2026-05-01T18:42:35+00:00","breadcrumb":{"@id":"https:\/\/shop.bantam.ch\/de\/produkt\/ladegeraet-las-1218-2\/#breadcrumb"},"inLanguage":"de","potentialAction":[{"@type":"ReadAction","target":["https:\/\/shop.bantam.ch\/de\/produkt\/ladegeraet-las-1218-2\/"]}]},{"@type":"ImageObject","inLanguage":"de","@id":"https:\/\/shop.bantam.ch\/de\/produkt\/ladegeraet-las-1218-2\/#primaryimage","url":"https:\/\/shop.bantam.ch\/wp-content\/uploads\/2023\/02\/9972735-Ladegeraet_LAS_1218-2-Standard-01-1.jpg","contentUrl":"https:\/\/shop.bantam.ch\/wp-content\/uploads\/2023\/02\/9972735-Ladegeraet_LAS_1218-2-Standard-01-1.jpg","width":779,"height":1000},{"@type":"BreadcrumbList","@id":"https:\/\/shop.bantam.ch\/de\/produkt\/ladegeraet-las-1218-2\/#breadcrumb","itemListElement":[{"@type":"ListItem","position":1,"name":"Accueil","item":"https:\/\/shop.bantam.ch\/de\/"},{"@type":"ListItem","position":2,"name":"Shop","item":"https:\/\/shop.bantam.ch\/de\/shop\/"},{"@type":"ListItem","position":3,"name":"Ladeger\u00e4t LAS 1218-2"}]},{"@type":"WebSite","@id":"https:\/\/shop.bantam.ch\/de\/#website","url":"https:\/\/shop.bantam.ch\/de\/","name":"Bantam","description":"","publisher":{"@id":"https:\/\/shop.bantam.ch\/de\/#organization"},"inLanguage":"de"},{"@type":"Organization","@id":"https:\/\/shop.bantam.ch\/de\/#organization","name":"Bantam","url":"https:\/\/shop.bantam.ch\/de\/","logo":{"@type":"ImageObject","inLanguage":"de","@id":"https:\/\/shop.bantam.ch\/de\/#\/schema\/logo\/image\/","url":"https:\/\/shop.bantam.ch\/wp-content\/uploads\/2022\/12\/bantam-logo.png","contentUrl":"https:\/\/shop.bantam.ch\/wp-content\/uploads\/2022\/12\/bantam-logo.png","width":320,"height":71,"caption":"Bantam"},"image":{"@id":"https:\/\/shop.bantam.ch\/de\/#\/schema\/logo\/image\/"}}]}},"_links":{"self":[{"href":"https:\/\/shop.bantam.ch\/de\/wp-json\/wp\/v2\/product\/34838","targetHints":{"allow":["GET"]}}],"collection":[{"href":"https:\/\/shop.bantam.ch\/de\/wp-json\/wp\/v2\/product"}],"about":[{"href":"https:\/\/shop.bantam.ch\/de\/wp-json\/wp\/v2\/types\/product"}],"wp:featuredmedia":[{"embeddable":true,"href":"https:\/\/shop.bantam.ch\/de\/wp-json\/wp\/v2\/media\/34836"}],"wp:attachment":[{"href":"https:\/\/shop.bantam.ch\/de\/wp-json\/wp\/v2\/media?parent=34838"}],"wp:term":[{"taxonomy":"product_featured_cat","embeddable":true,"href":"https:\/\/shop.bantam.ch\/de\/wp-json\/wp\/v2\/product_featured_cat?post=34838"},{"taxonomy":"product_brand","embeddable":true,"href":"https:\/\/shop.bantam.ch\/de\/wp-json\/wp\/v2\/product_brand?post=34838"},{"taxonomy":"product_cat","embeddable":true,"href":"https:\/\/shop.bantam.ch\/de\/wp-json\/wp\/v2\/product_cat?post=34838"},{"taxonomy":"product_tag","embeddable":true,"href":"https:\/\/shop.bantam.ch\/de\/wp-json\/wp\/v2\/product_tag?post=34838"}],"curies":[{"name":"wp","href":"https:\/\/api.w.org\/{rel}","templated":true}]}}