{"id":34790,"date":"2023-02-22T19:05:49","date_gmt":"2023-02-22T18:05:49","guid":{"rendered":"http:\/\/preprod-dev.sh1.hidora.com\/webshop\/produit\/batteriesystem-lithium-ionen-eisenphosphat-sb12v160e-zc-160-ah\/"},"modified":"2026-05-08T20:42:32","modified_gmt":"2026-05-08T18:42:32","slug":"batteriesystem-lithium-ionen-eisenphosphat-sb12v160e-zc-160-ah","status":"publish","type":"product","link":"https:\/\/shop.bantam.ch\/de\/produkt\/batteriesystem-lithium-ionen-eisenphosphat-sb12v160e-zc-160-ah\/","title":{"rendered":"Batteriesystem Lithium-Ionen-Eisenphosphat SB12V160E-ZC 160 Ah"},"content":{"rendered":"<p>Leichte, kompakte und sicherste Lithiumbatterie mit integriertem Batteriemanagemetsystem f\u00fcr die Langzeit &#8211; Investition im Freizeitbereich. Hohe Kapazit\u00e4t, hervorragende Belastungstoleranz und kein Wartungsaufwand.<\/p>\n<ul>\n<li>3 x weniger Gewicht, dadurch ist wesentlich mehr Zuladung m\u00f6glich.<\/li>\n<li>3 x kleinere Stellfl\u00e4che bei vergleichbarer nutzbarer Kapazit\u00e4t im Stauraum notwendig.<\/li>\n<li>5 -10 fach l\u00e4ngere Lebensdauer, hohe Zyklenzahl (im Wohnmobil ca. 5000 Zyklen).<\/li>\n<li>3 &#8211; 10 mal schnellere Ladung m\u00f6glich (Schnellladung 1 Stunde, wenn der Ladestrom daf\u00fcr ausreichend ist).<\/li>\n<li>Die Leistung der Lichtmaschine wird voll genutzt.<\/li>\n<\/ul>\n<p>\u00a0<\/p>\n<p>Das System kann mit Ladeger\u00e4ten (AGM\/Gel geeignet) aufgeladen werden und ist deshalb mit herk\u00f6mmlichen Bordbatterien austauschbar. Die Nennkapazit\u00e4t ist kurzzeitig bis zu 100 % verf\u00fcgbar. Durch den Einbau des Relais bietet das Batteriesystem die 3-Jahre-Garantie.<\/p>\n","protected":false},"excerpt":{"rendered":"<p>Leichte, kompakte und sicherste Lithiumbatterie mit integriertem Batteriemanagemetsystem f\u00fcr die Langzeit &#8211; Investition im Freizeitbereich. Hohe Kapazit\u00e4t, hervorragende Belastungstoleranz und kein Wartungsaufwand. 3 x weniger Gewicht, dadurch ist wesentlich mehr Zuladung m\u00f6glich. 3 x kleinere Stellfl\u00e4che bei vergleichbarer nutzbarer Kapazit\u00e4t im Stauraum notwendig. 5 -10 fach l\u00e4ngere Lebensdauer, hohe Zyklenzahl (im Wohnmobil ca. 5000 Zyklen). [&hellip;]<\/p>\n","protected":false},"featured_media":34788,"template":"","meta":{"_acf_changed":false},"product_featured_cat":[5324,5318],"product_brand":[3237],"product_cat":[5114],"product_tag":[],"class_list":{"0":"post-34790","1":"product","2":"type-product","3":"status-publish","4":"has-post-thumbnail","6":"product_featured_cat-batterie-etagnieres-de","7":"product_featured_cat-sonderangebote-lithium-batterien","8":"product_brand-super-b-de","9":"product_cat-lithium-batterien","11":"first","12":"instock","13":"sale","14":"taxable","15":"shipping-taxable","16":"purchasable","17":"product-type-simple"},"acf":[],"yoast_head":"<!-- This site is optimized with the Yoast SEO plugin v27.5 - https:\/\/yoast.com\/product\/yoast-seo-wordpress\/ -->\n<title>Batteriesystem Lithium-Ionen-Eisenphosphat SB12V160E-ZC 160 Ah - Bantam<\/title>\n<meta name=\"robots\" content=\"index, follow, max-snippet:-1, max-image-preview:large, max-video-preview:-1\" \/>\n<link rel=\"canonical\" href=\"https:\/\/shop.bantam.ch\/de\/produkt\/batteriesystem-lithium-ionen-eisenphosphat-sb12v160e-zc-160-ah\/\" \/>\n<meta property=\"og:locale\" content=\"de_DE\" \/>\n<meta property=\"og:type\" content=\"article\" \/>\n<meta property=\"og:title\" content=\"Batteriesystem Lithium-Ionen-Eisenphosphat SB12V160E-ZC 160 Ah - Bantam\" \/>\n<meta property=\"og:description\" content=\"Leichte, kompakte und sicherste Lithiumbatterie mit integriertem Batteriemanagemetsystem f\u00fcr die Langzeit &#8211; Investition im Freizeitbereich. Hohe Kapazit\u00e4t, hervorragende Belastungstoleranz und kein Wartungsaufwand. 3 x weniger Gewicht, dadurch ist wesentlich mehr Zuladung m\u00f6glich. 3 x kleinere Stellfl\u00e4che bei vergleichbarer nutzbarer Kapazit\u00e4t im Stauraum notwendig. 5 -10 fach l\u00e4ngere Lebensdauer, hohe Zyklenzahl (im Wohnmobil ca. 5000 Zyklen). [&hellip;]\" \/>\n<meta property=\"og:url\" content=\"https:\/\/shop.bantam.ch\/de\/produkt\/batteriesystem-lithium-ionen-eisenphosphat-sb12v160e-zc-160-ah\/\" \/>\n<meta property=\"og:site_name\" content=\"Bantam\" \/>\n<meta property=\"article:modified_time\" content=\"2026-05-08T18:42:32+00:00\" \/>\n<meta property=\"og:image\" content=\"https:\/\/shop.bantam.ch\/wp-content\/uploads\/2023\/02\/9974019-Batteriesystem_SB12V160E-ZC_B31_4_H22_6_T41_5-Standard-01-1.jpg\" \/>\n\t<meta property=\"og:image:width\" content=\"1000\" \/>\n\t<meta property=\"og:image:height\" content=\"920\" \/>\n\t<meta property=\"og:image:type\" content=\"image\/jpeg\" \/>\n<meta name=\"twitter:card\" content=\"summary_large_image\" \/>\n<meta name=\"twitter:label1\" content=\"Gesch\u00e4tzte Lesezeit\" \/>\n\t<meta name=\"twitter:data1\" content=\"1\u00a0Minute\" \/>\n<script type=\"application\/ld+json\" class=\"yoast-schema-graph\">{\"@context\":\"https:\\\/\\\/schema.org\",\"@graph\":[{\"@type\":\"WebPage\",\"@id\":\"https:\\\/\\\/shop.bantam.ch\\\/de\\\/produkt\\\/batteriesystem-lithium-ionen-eisenphosphat-sb12v160e-zc-160-ah\\\/\",\"url\":\"https:\\\/\\\/shop.bantam.ch\\\/de\\\/produkt\\\/batteriesystem-lithium-ionen-eisenphosphat-sb12v160e-zc-160-ah\\\/\",\"name\":\"Batteriesystem Lithium-Ionen-Eisenphosphat SB12V160E-ZC 160 Ah - Bantam\",\"isPartOf\":{\"@id\":\"https:\\\/\\\/shop.bantam.ch\\\/de\\\/#website\"},\"primaryImageOfPage\":{\"@id\":\"https:\\\/\\\/shop.bantam.ch\\\/de\\\/produkt\\\/batteriesystem-lithium-ionen-eisenphosphat-sb12v160e-zc-160-ah\\\/#primaryimage\"},\"image\":{\"@id\":\"https:\\\/\\\/shop.bantam.ch\\\/de\\\/produkt\\\/batteriesystem-lithium-ionen-eisenphosphat-sb12v160e-zc-160-ah\\\/#primaryimage\"},\"thumbnailUrl\":\"https:\\\/\\\/shop.bantam.ch\\\/wp-content\\\/uploads\\\/2023\\\/02\\\/9974019-Batteriesystem_SB12V160E-ZC_B31_4_H22_6_T41_5-Standard-01-1.jpg\",\"datePublished\":\"2023-02-22T18:05:49+00:00\",\"dateModified\":\"2026-05-08T18:42:32+00:00\",\"breadcrumb\":{\"@id\":\"https:\\\/\\\/shop.bantam.ch\\\/de\\\/produkt\\\/batteriesystem-lithium-ionen-eisenphosphat-sb12v160e-zc-160-ah\\\/#breadcrumb\"},\"inLanguage\":\"de\",\"potentialAction\":[{\"@type\":\"ReadAction\",\"target\":[\"https:\\\/\\\/shop.bantam.ch\\\/de\\\/produkt\\\/batteriesystem-lithium-ionen-eisenphosphat-sb12v160e-zc-160-ah\\\/\"]}]},{\"@type\":\"ImageObject\",\"inLanguage\":\"de\",\"@id\":\"https:\\\/\\\/shop.bantam.ch\\\/de\\\/produkt\\\/batteriesystem-lithium-ionen-eisenphosphat-sb12v160e-zc-160-ah\\\/#primaryimage\",\"url\":\"https:\\\/\\\/shop.bantam.ch\\\/wp-content\\\/uploads\\\/2023\\\/02\\\/9974019-Batteriesystem_SB12V160E-ZC_B31_4_H22_6_T41_5-Standard-01-1.jpg\",\"contentUrl\":\"https:\\\/\\\/shop.bantam.ch\\\/wp-content\\\/uploads\\\/2023\\\/02\\\/9974019-Batteriesystem_SB12V160E-ZC_B31_4_H22_6_T41_5-Standard-01-1.jpg\",\"width\":1000,\"height\":920},{\"@type\":\"BreadcrumbList\",\"@id\":\"https:\\\/\\\/shop.bantam.ch\\\/de\\\/produkt\\\/batteriesystem-lithium-ionen-eisenphosphat-sb12v160e-zc-160-ah\\\/#breadcrumb\",\"itemListElement\":[{\"@type\":\"ListItem\",\"position\":1,\"name\":\"Accueil\",\"item\":\"https:\\\/\\\/shop.bantam.ch\\\/de\\\/\"},{\"@type\":\"ListItem\",\"position\":2,\"name\":\"Shop\",\"item\":\"https:\\\/\\\/shop.bantam.ch\\\/de\\\/shop\\\/\"},{\"@type\":\"ListItem\",\"position\":3,\"name\":\"Batteriesystem Lithium-Ionen-Eisenphosphat SB12V160E-ZC 160 Ah\"}]},{\"@type\":\"WebSite\",\"@id\":\"https:\\\/\\\/shop.bantam.ch\\\/de\\\/#website\",\"url\":\"https:\\\/\\\/shop.bantam.ch\\\/de\\\/\",\"name\":\"Bantam\",\"description\":\"\",\"publisher\":{\"@id\":\"https:\\\/\\\/shop.bantam.ch\\\/de\\\/#organization\"},\"inLanguage\":\"de\"},{\"@type\":\"Organization\",\"@id\":\"https:\\\/\\\/shop.bantam.ch\\\/de\\\/#organization\",\"name\":\"Bantam\",\"url\":\"https:\\\/\\\/shop.bantam.ch\\\/de\\\/\",\"logo\":{\"@type\":\"ImageObject\",\"inLanguage\":\"de\",\"@id\":\"https:\\\/\\\/shop.bantam.ch\\\/de\\\/#\\\/schema\\\/logo\\\/image\\\/\",\"url\":\"https:\\\/\\\/shop.bantam.ch\\\/wp-content\\\/uploads\\\/2022\\\/12\\\/bantam-logo.png\",\"contentUrl\":\"https:\\\/\\\/shop.bantam.ch\\\/wp-content\\\/uploads\\\/2022\\\/12\\\/bantam-logo.png\",\"width\":320,\"height\":71,\"caption\":\"Bantam\"},\"image\":{\"@id\":\"https:\\\/\\\/shop.bantam.ch\\\/de\\\/#\\\/schema\\\/logo\\\/image\\\/\"}}]}<\/script>\n<!-- \/ Yoast SEO plugin. -->","yoast_head_json":{"title":"Batteriesystem Lithium-Ionen-Eisenphosphat SB12V160E-ZC 160 Ah - Bantam","robots":{"index":"index","follow":"follow","max-snippet":"max-snippet:-1","max-image-preview":"max-image-preview:large","max-video-preview":"max-video-preview:-1"},"canonical":"https:\/\/shop.bantam.ch\/de\/produkt\/batteriesystem-lithium-ionen-eisenphosphat-sb12v160e-zc-160-ah\/","og_locale":"de_DE","og_type":"article","og_title":"Batteriesystem Lithium-Ionen-Eisenphosphat SB12V160E-ZC 160 Ah - Bantam","og_description":"Leichte, kompakte und sicherste Lithiumbatterie mit integriertem Batteriemanagemetsystem f\u00fcr die Langzeit &#8211; Investition im Freizeitbereich. Hohe Kapazit\u00e4t, hervorragende Belastungstoleranz und kein Wartungsaufwand. 3 x weniger Gewicht, dadurch ist wesentlich mehr Zuladung m\u00f6glich. 3 x kleinere Stellfl\u00e4che bei vergleichbarer nutzbarer Kapazit\u00e4t im Stauraum notwendig. 5 -10 fach l\u00e4ngere Lebensdauer, hohe Zyklenzahl (im Wohnmobil ca. 5000 Zyklen). [&hellip;]","og_url":"https:\/\/shop.bantam.ch\/de\/produkt\/batteriesystem-lithium-ionen-eisenphosphat-sb12v160e-zc-160-ah\/","og_site_name":"Bantam","article_modified_time":"2026-05-08T18:42:32+00:00","og_image":[{"width":1000,"height":920,"url":"https:\/\/shop.bantam.ch\/wp-content\/uploads\/2023\/02\/9974019-Batteriesystem_SB12V160E-ZC_B31_4_H22_6_T41_5-Standard-01-1.jpg","type":"image\/jpeg"}],"twitter_card":"summary_large_image","twitter_misc":{"Gesch\u00e4tzte Lesezeit":"1\u00a0Minute"},"schema":{"@context":"https:\/\/schema.org","@graph":[{"@type":"WebPage","@id":"https:\/\/shop.bantam.ch\/de\/produkt\/batteriesystem-lithium-ionen-eisenphosphat-sb12v160e-zc-160-ah\/","url":"https:\/\/shop.bantam.ch\/de\/produkt\/batteriesystem-lithium-ionen-eisenphosphat-sb12v160e-zc-160-ah\/","name":"Batteriesystem Lithium-Ionen-Eisenphosphat SB12V160E-ZC 160 Ah - Bantam","isPartOf":{"@id":"https:\/\/shop.bantam.ch\/de\/#website"},"primaryImageOfPage":{"@id":"https:\/\/shop.bantam.ch\/de\/produkt\/batteriesystem-lithium-ionen-eisenphosphat-sb12v160e-zc-160-ah\/#primaryimage"},"image":{"@id":"https:\/\/shop.bantam.ch\/de\/produkt\/batteriesystem-lithium-ionen-eisenphosphat-sb12v160e-zc-160-ah\/#primaryimage"},"thumbnailUrl":"https:\/\/shop.bantam.ch\/wp-content\/uploads\/2023\/02\/9974019-Batteriesystem_SB12V160E-ZC_B31_4_H22_6_T41_5-Standard-01-1.jpg","datePublished":"2023-02-22T18:05:49+00:00","dateModified":"2026-05-08T18:42:32+00:00","breadcrumb":{"@id":"https:\/\/shop.bantam.ch\/de\/produkt\/batteriesystem-lithium-ionen-eisenphosphat-sb12v160e-zc-160-ah\/#breadcrumb"},"inLanguage":"de","potentialAction":[{"@type":"ReadAction","target":["https:\/\/shop.bantam.ch\/de\/produkt\/batteriesystem-lithium-ionen-eisenphosphat-sb12v160e-zc-160-ah\/"]}]},{"@type":"ImageObject","inLanguage":"de","@id":"https:\/\/shop.bantam.ch\/de\/produkt\/batteriesystem-lithium-ionen-eisenphosphat-sb12v160e-zc-160-ah\/#primaryimage","url":"https:\/\/shop.bantam.ch\/wp-content\/uploads\/2023\/02\/9974019-Batteriesystem_SB12V160E-ZC_B31_4_H22_6_T41_5-Standard-01-1.jpg","contentUrl":"https:\/\/shop.bantam.ch\/wp-content\/uploads\/2023\/02\/9974019-Batteriesystem_SB12V160E-ZC_B31_4_H22_6_T41_5-Standard-01-1.jpg","width":1000,"height":920},{"@type":"BreadcrumbList","@id":"https:\/\/shop.bantam.ch\/de\/produkt\/batteriesystem-lithium-ionen-eisenphosphat-sb12v160e-zc-160-ah\/#breadcrumb","itemListElement":[{"@type":"ListItem","position":1,"name":"Accueil","item":"https:\/\/shop.bantam.ch\/de\/"},{"@type":"ListItem","position":2,"name":"Shop","item":"https:\/\/shop.bantam.ch\/de\/shop\/"},{"@type":"ListItem","position":3,"name":"Batteriesystem Lithium-Ionen-Eisenphosphat SB12V160E-ZC 160 Ah"}]},{"@type":"WebSite","@id":"https:\/\/shop.bantam.ch\/de\/#website","url":"https:\/\/shop.bantam.ch\/de\/","name":"Bantam","description":"","publisher":{"@id":"https:\/\/shop.bantam.ch\/de\/#organization"},"inLanguage":"de"},{"@type":"Organization","@id":"https:\/\/shop.bantam.ch\/de\/#organization","name":"Bantam","url":"https:\/\/shop.bantam.ch\/de\/","logo":{"@type":"ImageObject","inLanguage":"de","@id":"https:\/\/shop.bantam.ch\/de\/#\/schema\/logo\/image\/","url":"https:\/\/shop.bantam.ch\/wp-content\/uploads\/2022\/12\/bantam-logo.png","contentUrl":"https:\/\/shop.bantam.ch\/wp-content\/uploads\/2022\/12\/bantam-logo.png","width":320,"height":71,"caption":"Bantam"},"image":{"@id":"https:\/\/shop.bantam.ch\/de\/#\/schema\/logo\/image\/"}}]}},"_links":{"self":[{"href":"https:\/\/shop.bantam.ch\/de\/wp-json\/wp\/v2\/product\/34790","targetHints":{"allow":["GET"]}}],"collection":[{"href":"https:\/\/shop.bantam.ch\/de\/wp-json\/wp\/v2\/product"}],"about":[{"href":"https:\/\/shop.bantam.ch\/de\/wp-json\/wp\/v2\/types\/product"}],"wp:featuredmedia":[{"embeddable":true,"href":"https:\/\/shop.bantam.ch\/de\/wp-json\/wp\/v2\/media\/34788"}],"wp:attachment":[{"href":"https:\/\/shop.bantam.ch\/de\/wp-json\/wp\/v2\/media?parent=34790"}],"wp:term":[{"taxonomy":"product_featured_cat","embeddable":true,"href":"https:\/\/shop.bantam.ch\/de\/wp-json\/wp\/v2\/product_featured_cat?post=34790"},{"taxonomy":"product_brand","embeddable":true,"href":"https:\/\/shop.bantam.ch\/de\/wp-json\/wp\/v2\/product_brand?post=34790"},{"taxonomy":"product_cat","embeddable":true,"href":"https:\/\/shop.bantam.ch\/de\/wp-json\/wp\/v2\/product_cat?post=34790"},{"taxonomy":"product_tag","embeddable":true,"href":"https:\/\/shop.bantam.ch\/de\/wp-json\/wp\/v2\/product_tag?post=34790"}],"curies":[{"name":"wp","href":"https:\/\/api.w.org\/{rel}","templated":true}]}}