{"id":34734,"date":"2023-02-22T19:04:53","date_gmt":"2023-02-22T18:04:53","guid":{"rendered":"http:\/\/preprod-dev.sh1.hidora.com\/webshop\/produit\/heizkabel-eis-ex-12-v\/"},"modified":"2026-05-08T20:42:25","modified_gmt":"2026-05-08T18:42:25","slug":"heizkabel-eis-ex-12-v","status":"publish","type":"product","link":"https:\/\/shop.bantam.ch\/de\/produkt\/heizkabel-eis-ex-12-v\/","title":{"rendered":"Eis Ex Heizkabel Pro Car  12 V pro 1 m"},"content":{"rendered":"<p class=\"product-description ng-star-inserted\">\n<p>Passt sich jeder Wasserrohr-Kr\u00fcmmung an und taut in kurzer Zeit selbst eingefrorene Leitungen und Auslassschieber auf.<br \/>\nEinsetzbar an allen frostgef\u00e4hrdeten Rohrleitungen und bei Sonderl\u00f6sungen.\u00a0<br \/>\nIdeal f\u00fcr Wintercamping in Wohnwagen und Reisemobilen.<br \/>\nDas Heizkabel wird um Rohrleitungen gelegt oder gewickelt.<br \/>\nDer Anschluss kann direkt an das 12 Volt Bordnetz angeschlossen werden. Mit Trafo auch \u00fcber 230 Volt einsetzbar.\u00a0<br \/>\nBestellungen m\u00fcssen die doppelte L\u00e4nge der zu erw\u00e4rmenden Rohrleitung haben.<\/p>\n<ul>\n<li>Leistung ca. 7,5 Watt pro Meter<\/li>\n<li>L\u00e4ngen ab 1 m in 10 cm Schritten erh\u00e4ltlich<\/li>\n<\/ul>\n<p>Lieferumfang:\u00a0<\/p>\n<p><strong>Anschlusskonfektionierung nicht enthalten, bitte separat bestellen 9971521<\/strong><\/p><\/p>\n","protected":false},"excerpt":{"rendered":"<p>Passt sich jeder Wasserrohr-Kr\u00fcmmung an und taut in kurzer Zeit selbst eingefrorene Leitungen und Auslassschieber auf. Einsetzbar an allen frostgef\u00e4hrdeten Rohrleitungen und bei Sonderl\u00f6sungen.\u00a0 Ideal f\u00fcr Wintercamping in Wohnwagen und Reisemobilen. Das Heizkabel wird um Rohrleitungen gelegt oder gewickelt. Der Anschluss kann direkt an das 12 Volt Bordnetz angeschlossen werden. Mit Trafo auch \u00fcber 230 [&hellip;]<\/p>\n","protected":false},"featured_media":34730,"template":"","meta":{"_acf_changed":false},"product_featured_cat":[],"product_brand":[3105],"product_cat":[4608,4082],"product_tag":[],"class_list":{"0":"post-34734","1":"product","2":"type-product","3":"status-publish","4":"has-post-thumbnail","6":"product_brand-pro-car-de","7":"product_cat-frostschutz-tankheizungen","8":"product_cat-heizteppiche","10":"first","11":"instock","12":"taxable","13":"shipping-taxable","14":"purchasable","15":"product-type-simple"},"acf":[],"yoast_head":"<!-- This site is optimized with the Yoast SEO plugin v27.5 - https:\/\/yoast.com\/product\/yoast-seo-wordpress\/ -->\n<title>Eis Ex Heizkabel Pro Car 12 V pro 1 m - Bantam<\/title>\n<meta name=\"robots\" content=\"index, follow, max-snippet:-1, max-image-preview:large, max-video-preview:-1\" \/>\n<link rel=\"canonical\" href=\"https:\/\/shop.bantam.ch\/de\/produkt\/heizkabel-eis-ex-12-v\/\" \/>\n<meta property=\"og:locale\" content=\"de_DE\" \/>\n<meta property=\"og:type\" content=\"article\" \/>\n<meta property=\"og:title\" content=\"Eis Ex Heizkabel Pro Car 12 V pro 1 m - Bantam\" \/>\n<meta property=\"og:description\" content=\"Passt sich jeder Wasserrohr-Kr\u00fcmmung an und taut in kurzer Zeit selbst eingefrorene Leitungen und Auslassschieber auf. Einsetzbar an allen frostgef\u00e4hrdeten Rohrleitungen und bei Sonderl\u00f6sungen.\u00a0 Ideal f\u00fcr Wintercamping in Wohnwagen und Reisemobilen. Das Heizkabel wird um Rohrleitungen gelegt oder gewickelt. Der Anschluss kann direkt an das 12 Volt Bordnetz angeschlossen werden. Mit Trafo auch \u00fcber 230 [&hellip;]\" \/>\n<meta property=\"og:url\" content=\"https:\/\/shop.bantam.ch\/de\/produkt\/heizkabel-eis-ex-12-v\/\" \/>\n<meta property=\"og:site_name\" content=\"Bantam\" \/>\n<meta property=\"article:modified_time\" content=\"2026-05-08T18:42:25+00:00\" \/>\n<meta property=\"og:image\" content=\"https:\/\/shop.bantam.ch\/wp-content\/uploads\/2023\/02\/9971520-Heizkabel_EIS-EX_12_V-Standard-01-1.jpg\" \/>\n\t<meta property=\"og:image:width\" content=\"1000\" \/>\n\t<meta property=\"og:image:height\" content=\"700\" \/>\n\t<meta property=\"og:image:type\" content=\"image\/jpeg\" \/>\n<meta name=\"twitter:card\" content=\"summary_large_image\" \/>\n<script type=\"application\/ld+json\" class=\"yoast-schema-graph\">{\"@context\":\"https:\\\/\\\/schema.org\",\"@graph\":[{\"@type\":\"WebPage\",\"@id\":\"https:\\\/\\\/shop.bantam.ch\\\/de\\\/produkt\\\/heizkabel-eis-ex-12-v\\\/\",\"url\":\"https:\\\/\\\/shop.bantam.ch\\\/de\\\/produkt\\\/heizkabel-eis-ex-12-v\\\/\",\"name\":\"Eis Ex Heizkabel Pro Car 12 V pro 1 m - Bantam\",\"isPartOf\":{\"@id\":\"https:\\\/\\\/shop.bantam.ch\\\/de\\\/#website\"},\"primaryImageOfPage\":{\"@id\":\"https:\\\/\\\/shop.bantam.ch\\\/de\\\/produkt\\\/heizkabel-eis-ex-12-v\\\/#primaryimage\"},\"image\":{\"@id\":\"https:\\\/\\\/shop.bantam.ch\\\/de\\\/produkt\\\/heizkabel-eis-ex-12-v\\\/#primaryimage\"},\"thumbnailUrl\":\"https:\\\/\\\/shop.bantam.ch\\\/wp-content\\\/uploads\\\/2023\\\/02\\\/9971520-Heizkabel_EIS-EX_12_V-Standard-01-1.jpg\",\"datePublished\":\"2023-02-22T18:04:53+00:00\",\"dateModified\":\"2026-05-08T18:42:25+00:00\",\"breadcrumb\":{\"@id\":\"https:\\\/\\\/shop.bantam.ch\\\/de\\\/produkt\\\/heizkabel-eis-ex-12-v\\\/#breadcrumb\"},\"inLanguage\":\"de\",\"potentialAction\":[{\"@type\":\"ReadAction\",\"target\":[\"https:\\\/\\\/shop.bantam.ch\\\/de\\\/produkt\\\/heizkabel-eis-ex-12-v\\\/\"]}]},{\"@type\":\"ImageObject\",\"inLanguage\":\"de\",\"@id\":\"https:\\\/\\\/shop.bantam.ch\\\/de\\\/produkt\\\/heizkabel-eis-ex-12-v\\\/#primaryimage\",\"url\":\"https:\\\/\\\/shop.bantam.ch\\\/wp-content\\\/uploads\\\/2023\\\/02\\\/9971520-Heizkabel_EIS-EX_12_V-Standard-01-1.jpg\",\"contentUrl\":\"https:\\\/\\\/shop.bantam.ch\\\/wp-content\\\/uploads\\\/2023\\\/02\\\/9971520-Heizkabel_EIS-EX_12_V-Standard-01-1.jpg\",\"width\":1000,\"height\":700},{\"@type\":\"BreadcrumbList\",\"@id\":\"https:\\\/\\\/shop.bantam.ch\\\/de\\\/produkt\\\/heizkabel-eis-ex-12-v\\\/#breadcrumb\",\"itemListElement\":[{\"@type\":\"ListItem\",\"position\":1,\"name\":\"Accueil\",\"item\":\"https:\\\/\\\/shop.bantam.ch\\\/de\\\/\"},{\"@type\":\"ListItem\",\"position\":2,\"name\":\"Shop\",\"item\":\"https:\\\/\\\/shop.bantam.ch\\\/de\\\/shop\\\/\"},{\"@type\":\"ListItem\",\"position\":3,\"name\":\"Eis Ex Heizkabel Pro Car 12 V pro 1 m\"}]},{\"@type\":\"WebSite\",\"@id\":\"https:\\\/\\\/shop.bantam.ch\\\/de\\\/#website\",\"url\":\"https:\\\/\\\/shop.bantam.ch\\\/de\\\/\",\"name\":\"Bantam\",\"description\":\"\",\"publisher\":{\"@id\":\"https:\\\/\\\/shop.bantam.ch\\\/de\\\/#organization\"},\"inLanguage\":\"de\"},{\"@type\":\"Organization\",\"@id\":\"https:\\\/\\\/shop.bantam.ch\\\/de\\\/#organization\",\"name\":\"Bantam\",\"url\":\"https:\\\/\\\/shop.bantam.ch\\\/de\\\/\",\"logo\":{\"@type\":\"ImageObject\",\"inLanguage\":\"de\",\"@id\":\"https:\\\/\\\/shop.bantam.ch\\\/de\\\/#\\\/schema\\\/logo\\\/image\\\/\",\"url\":\"https:\\\/\\\/shop.bantam.ch\\\/wp-content\\\/uploads\\\/2022\\\/12\\\/bantam-logo.png\",\"contentUrl\":\"https:\\\/\\\/shop.bantam.ch\\\/wp-content\\\/uploads\\\/2022\\\/12\\\/bantam-logo.png\",\"width\":320,\"height\":71,\"caption\":\"Bantam\"},\"image\":{\"@id\":\"https:\\\/\\\/shop.bantam.ch\\\/de\\\/#\\\/schema\\\/logo\\\/image\\\/\"}}]}<\/script>\n<!-- \/ Yoast SEO plugin. -->","yoast_head_json":{"title":"Eis Ex Heizkabel Pro Car 12 V pro 1 m - Bantam","robots":{"index":"index","follow":"follow","max-snippet":"max-snippet:-1","max-image-preview":"max-image-preview:large","max-video-preview":"max-video-preview:-1"},"canonical":"https:\/\/shop.bantam.ch\/de\/produkt\/heizkabel-eis-ex-12-v\/","og_locale":"de_DE","og_type":"article","og_title":"Eis Ex Heizkabel Pro Car 12 V pro 1 m - Bantam","og_description":"Passt sich jeder Wasserrohr-Kr\u00fcmmung an und taut in kurzer Zeit selbst eingefrorene Leitungen und Auslassschieber auf. Einsetzbar an allen frostgef\u00e4hrdeten Rohrleitungen und bei Sonderl\u00f6sungen.\u00a0 Ideal f\u00fcr Wintercamping in Wohnwagen und Reisemobilen. Das Heizkabel wird um Rohrleitungen gelegt oder gewickelt. Der Anschluss kann direkt an das 12 Volt Bordnetz angeschlossen werden. Mit Trafo auch \u00fcber 230 [&hellip;]","og_url":"https:\/\/shop.bantam.ch\/de\/produkt\/heizkabel-eis-ex-12-v\/","og_site_name":"Bantam","article_modified_time":"2026-05-08T18:42:25+00:00","og_image":[{"width":1000,"height":700,"url":"https:\/\/shop.bantam.ch\/wp-content\/uploads\/2023\/02\/9971520-Heizkabel_EIS-EX_12_V-Standard-01-1.jpg","type":"image\/jpeg"}],"twitter_card":"summary_large_image","schema":{"@context":"https:\/\/schema.org","@graph":[{"@type":"WebPage","@id":"https:\/\/shop.bantam.ch\/de\/produkt\/heizkabel-eis-ex-12-v\/","url":"https:\/\/shop.bantam.ch\/de\/produkt\/heizkabel-eis-ex-12-v\/","name":"Eis Ex Heizkabel Pro Car 12 V pro 1 m - Bantam","isPartOf":{"@id":"https:\/\/shop.bantam.ch\/de\/#website"},"primaryImageOfPage":{"@id":"https:\/\/shop.bantam.ch\/de\/produkt\/heizkabel-eis-ex-12-v\/#primaryimage"},"image":{"@id":"https:\/\/shop.bantam.ch\/de\/produkt\/heizkabel-eis-ex-12-v\/#primaryimage"},"thumbnailUrl":"https:\/\/shop.bantam.ch\/wp-content\/uploads\/2023\/02\/9971520-Heizkabel_EIS-EX_12_V-Standard-01-1.jpg","datePublished":"2023-02-22T18:04:53+00:00","dateModified":"2026-05-08T18:42:25+00:00","breadcrumb":{"@id":"https:\/\/shop.bantam.ch\/de\/produkt\/heizkabel-eis-ex-12-v\/#breadcrumb"},"inLanguage":"de","potentialAction":[{"@type":"ReadAction","target":["https:\/\/shop.bantam.ch\/de\/produkt\/heizkabel-eis-ex-12-v\/"]}]},{"@type":"ImageObject","inLanguage":"de","@id":"https:\/\/shop.bantam.ch\/de\/produkt\/heizkabel-eis-ex-12-v\/#primaryimage","url":"https:\/\/shop.bantam.ch\/wp-content\/uploads\/2023\/02\/9971520-Heizkabel_EIS-EX_12_V-Standard-01-1.jpg","contentUrl":"https:\/\/shop.bantam.ch\/wp-content\/uploads\/2023\/02\/9971520-Heizkabel_EIS-EX_12_V-Standard-01-1.jpg","width":1000,"height":700},{"@type":"BreadcrumbList","@id":"https:\/\/shop.bantam.ch\/de\/produkt\/heizkabel-eis-ex-12-v\/#breadcrumb","itemListElement":[{"@type":"ListItem","position":1,"name":"Accueil","item":"https:\/\/shop.bantam.ch\/de\/"},{"@type":"ListItem","position":2,"name":"Shop","item":"https:\/\/shop.bantam.ch\/de\/shop\/"},{"@type":"ListItem","position":3,"name":"Eis Ex Heizkabel Pro Car 12 V pro 1 m"}]},{"@type":"WebSite","@id":"https:\/\/shop.bantam.ch\/de\/#website","url":"https:\/\/shop.bantam.ch\/de\/","name":"Bantam","description":"","publisher":{"@id":"https:\/\/shop.bantam.ch\/de\/#organization"},"inLanguage":"de"},{"@type":"Organization","@id":"https:\/\/shop.bantam.ch\/de\/#organization","name":"Bantam","url":"https:\/\/shop.bantam.ch\/de\/","logo":{"@type":"ImageObject","inLanguage":"de","@id":"https:\/\/shop.bantam.ch\/de\/#\/schema\/logo\/image\/","url":"https:\/\/shop.bantam.ch\/wp-content\/uploads\/2022\/12\/bantam-logo.png","contentUrl":"https:\/\/shop.bantam.ch\/wp-content\/uploads\/2022\/12\/bantam-logo.png","width":320,"height":71,"caption":"Bantam"},"image":{"@id":"https:\/\/shop.bantam.ch\/de\/#\/schema\/logo\/image\/"}}]}},"_links":{"self":[{"href":"https:\/\/shop.bantam.ch\/de\/wp-json\/wp\/v2\/product\/34734","targetHints":{"allow":["GET"]}}],"collection":[{"href":"https:\/\/shop.bantam.ch\/de\/wp-json\/wp\/v2\/product"}],"about":[{"href":"https:\/\/shop.bantam.ch\/de\/wp-json\/wp\/v2\/types\/product"}],"wp:featuredmedia":[{"embeddable":true,"href":"https:\/\/shop.bantam.ch\/de\/wp-json\/wp\/v2\/media\/34730"}],"wp:attachment":[{"href":"https:\/\/shop.bantam.ch\/de\/wp-json\/wp\/v2\/media?parent=34734"}],"wp:term":[{"taxonomy":"product_featured_cat","embeddable":true,"href":"https:\/\/shop.bantam.ch\/de\/wp-json\/wp\/v2\/product_featured_cat?post=34734"},{"taxonomy":"product_brand","embeddable":true,"href":"https:\/\/shop.bantam.ch\/de\/wp-json\/wp\/v2\/product_brand?post=34734"},{"taxonomy":"product_cat","embeddable":true,"href":"https:\/\/shop.bantam.ch\/de\/wp-json\/wp\/v2\/product_cat?post=34734"},{"taxonomy":"product_tag","embeddable":true,"href":"https:\/\/shop.bantam.ch\/de\/wp-json\/wp\/v2\/product_tag?post=34734"}],"curies":[{"name":"wp","href":"https:\/\/api.w.org\/{rel}","templated":true}]}}