{"id":34504,"date":"2023-02-22T19:01:25","date_gmt":"2023-02-22T18:01:25","guid":{"rendered":"http:\/\/preprod-dev.sh1.hidora.com\/webshop\/produit\/klemmschelle-fuer-stuetzraeder-mit-knebel-klappbar-und-absperrbar\/"},"modified":"2026-04-18T20:42:04","modified_gmt":"2026-04-18T18:42:04","slug":"klemmschelle-fuer-stuetzraeder-mit-knebel-klappbar-und-absperrbar","status":"publish","type":"product","link":"https:\/\/shop.bantam.ch\/de\/produkt\/klemmschelle-fuer-stuetzraeder-mit-knebel-klappbar-und-absperrbar\/","title":{"rendered":"Klemmhalterung Al-Ko Durchmesser 60 mm klappbar und absperrbar"},"content":{"rendered":"<p>Die stabile 6-Loch-Verschraubung und das Unterteil aus stabilem Guss machen die Klemmschellen zum praktischen Helfer bei zahlreichen Befestigungsaufgaben.<\/p>\n<ul>\n<li>Klappknebel<\/li>\n<li>F\u00fcr Au\u00dfenrohg \u00e0\u00b8 (mm): 60<\/li>\n<li>Tragf\u00e4higkeit max. statisch 500 kg<\/li>\n<li>Klemmschellenunterteil: Stahl 6-Loch<\/li>\n<li>Knebel: Klappbar u. abschlie\u00dfbar<\/li>\n<\/ul>\n","protected":false},"excerpt":{"rendered":"<p>Die stabile 6-Loch-Verschraubung und das Unterteil aus stabilem Guss machen die Klemmschellen zum praktischen Helfer bei zahlreichen Befestigungsaufgaben. Klappknebel F\u00fcr Au\u00dfenrohg \u00e0\u00b8 (mm): 60 Tragf\u00e4higkeit max. statisch 500 kg Klemmschellenunterteil: Stahl 6-Loch Knebel: Klappbar u. abschlie\u00dfbar<\/p>\n","protected":false},"featured_media":34500,"template":"","meta":{"_acf_changed":false},"product_featured_cat":[],"product_brand":[3135],"product_cat":[4826],"product_tag":[],"class_list":{"0":"post-34504","1":"product","2":"type-product","3":"status-publish","4":"has-post-thumbnail","6":"product_brand-al-ko-de","7":"product_cat-stuetzraeder","9":"first","10":"instock","11":"taxable","12":"shipping-taxable","13":"purchasable","14":"product-type-simple"},"acf":[],"yoast_head":"<!-- This site is optimized with the Yoast SEO plugin v27.4 - https:\/\/yoast.com\/product\/yoast-seo-wordpress\/ -->\n<title>Klemmhalterung Al-Ko Durchmesser 60 mm klappbar und absperrbar - Bantam Camping AG<\/title>\n<meta name=\"robots\" content=\"index, follow, max-snippet:-1, max-image-preview:large, max-video-preview:-1\" \/>\n<link rel=\"canonical\" href=\"https:\/\/shop.bantam.ch\/de\/produkt\/klemmschelle-fuer-stuetzraeder-mit-knebel-klappbar-und-absperrbar\/\" \/>\n<meta property=\"og:locale\" content=\"de_DE\" \/>\n<meta property=\"og:type\" content=\"article\" \/>\n<meta property=\"og:title\" content=\"Klemmhalterung Al-Ko Durchmesser 60 mm klappbar und absperrbar - Bantam Camping AG\" \/>\n<meta property=\"og:description\" content=\"Die stabile 6-Loch-Verschraubung und das Unterteil aus stabilem Guss machen die Klemmschellen zum praktischen Helfer bei zahlreichen Befestigungsaufgaben. Klappknebel F\u00fcr Au\u00dfenrohg \u00e0\u00b8 (mm): 60 Tragf\u00e4higkeit max. statisch 500 kg Klemmschellenunterteil: Stahl 6-Loch Knebel: Klappbar u. abschlie\u00dfbar\" \/>\n<meta property=\"og:url\" content=\"https:\/\/shop.bantam.ch\/de\/produkt\/klemmschelle-fuer-stuetzraeder-mit-knebel-klappbar-und-absperrbar\/\" \/>\n<meta property=\"og:site_name\" content=\"Bantam Camping AG\" \/>\n<meta property=\"article:modified_time\" content=\"2026-04-18T18:42:04+00:00\" \/>\n<meta property=\"og:image\" content=\"https:\/\/shop.bantam.ch\/wp-content\/uploads\/2023\/02\/9979609-Klemmhalterung_Version_B_klappbar_und_absperrbar-Standard-01-1.jpg\" \/>\n\t<meta property=\"og:image:width\" content=\"1000\" \/>\n\t<meta property=\"og:image:height\" content=\"522\" \/>\n\t<meta property=\"og:image:type\" content=\"image\/jpeg\" \/>\n<meta name=\"twitter:card\" content=\"summary_large_image\" \/>\n<script type=\"application\/ld+json\" class=\"yoast-schema-graph\">{\"@context\":\"https:\\\/\\\/schema.org\",\"@graph\":[{\"@type\":\"WebPage\",\"@id\":\"https:\\\/\\\/shop.bantam.ch\\\/de\\\/produkt\\\/klemmschelle-fuer-stuetzraeder-mit-knebel-klappbar-und-absperrbar\\\/\",\"url\":\"https:\\\/\\\/shop.bantam.ch\\\/de\\\/produkt\\\/klemmschelle-fuer-stuetzraeder-mit-knebel-klappbar-und-absperrbar\\\/\",\"name\":\"Klemmhalterung Al-Ko Durchmesser 60 mm klappbar und absperrbar - Bantam Camping AG\",\"isPartOf\":{\"@id\":\"https:\\\/\\\/shop.bantam.ch\\\/de\\\/#website\"},\"primaryImageOfPage\":{\"@id\":\"https:\\\/\\\/shop.bantam.ch\\\/de\\\/produkt\\\/klemmschelle-fuer-stuetzraeder-mit-knebel-klappbar-und-absperrbar\\\/#primaryimage\"},\"image\":{\"@id\":\"https:\\\/\\\/shop.bantam.ch\\\/de\\\/produkt\\\/klemmschelle-fuer-stuetzraeder-mit-knebel-klappbar-und-absperrbar\\\/#primaryimage\"},\"thumbnailUrl\":\"https:\\\/\\\/shop.bantam.ch\\\/wp-content\\\/uploads\\\/2023\\\/02\\\/9979609-Klemmhalterung_Version_B_klappbar_und_absperrbar-Standard-01-1.jpg\",\"datePublished\":\"2023-02-22T18:01:25+00:00\",\"dateModified\":\"2026-04-18T18:42:04+00:00\",\"breadcrumb\":{\"@id\":\"https:\\\/\\\/shop.bantam.ch\\\/de\\\/produkt\\\/klemmschelle-fuer-stuetzraeder-mit-knebel-klappbar-und-absperrbar\\\/#breadcrumb\"},\"inLanguage\":\"de\",\"potentialAction\":[{\"@type\":\"ReadAction\",\"target\":[\"https:\\\/\\\/shop.bantam.ch\\\/de\\\/produkt\\\/klemmschelle-fuer-stuetzraeder-mit-knebel-klappbar-und-absperrbar\\\/\"]}]},{\"@type\":\"ImageObject\",\"inLanguage\":\"de\",\"@id\":\"https:\\\/\\\/shop.bantam.ch\\\/de\\\/produkt\\\/klemmschelle-fuer-stuetzraeder-mit-knebel-klappbar-und-absperrbar\\\/#primaryimage\",\"url\":\"https:\\\/\\\/shop.bantam.ch\\\/wp-content\\\/uploads\\\/2023\\\/02\\\/9979609-Klemmhalterung_Version_B_klappbar_und_absperrbar-Standard-01-1.jpg\",\"contentUrl\":\"https:\\\/\\\/shop.bantam.ch\\\/wp-content\\\/uploads\\\/2023\\\/02\\\/9979609-Klemmhalterung_Version_B_klappbar_und_absperrbar-Standard-01-1.jpg\",\"width\":1000,\"height\":522},{\"@type\":\"BreadcrumbList\",\"@id\":\"https:\\\/\\\/shop.bantam.ch\\\/de\\\/produkt\\\/klemmschelle-fuer-stuetzraeder-mit-knebel-klappbar-und-absperrbar\\\/#breadcrumb\",\"itemListElement\":[{\"@type\":\"ListItem\",\"position\":1,\"name\":\"Accueil\",\"item\":\"https:\\\/\\\/shop.bantam.ch\\\/de\\\/\"},{\"@type\":\"ListItem\",\"position\":2,\"name\":\"Shop\",\"item\":\"https:\\\/\\\/shop.bantam.ch\\\/de\\\/shop\\\/\"},{\"@type\":\"ListItem\",\"position\":3,\"name\":\"Klemmhalterung Al-Ko Durchmesser 60 mm klappbar und absperrbar\"}]},{\"@type\":\"WebSite\",\"@id\":\"https:\\\/\\\/shop.bantam.ch\\\/de\\\/#website\",\"url\":\"https:\\\/\\\/shop.bantam.ch\\\/de\\\/\",\"name\":\"Bantam Camping AG\",\"description\":\"\",\"publisher\":{\"@id\":\"https:\\\/\\\/shop.bantam.ch\\\/de\\\/#organization\"},\"inLanguage\":\"de\"},{\"@type\":\"Organization\",\"@id\":\"https:\\\/\\\/shop.bantam.ch\\\/de\\\/#organization\",\"name\":\"Bantam Camping AG\",\"url\":\"https:\\\/\\\/shop.bantam.ch\\\/de\\\/\",\"logo\":{\"@type\":\"ImageObject\",\"inLanguage\":\"de\",\"@id\":\"https:\\\/\\\/shop.bantam.ch\\\/de\\\/#\\\/schema\\\/logo\\\/image\\\/\",\"url\":\"https:\\\/\\\/shop.bantam.ch\\\/wp-content\\\/uploads\\\/2022\\\/12\\\/bantam-logo.png\",\"contentUrl\":\"https:\\\/\\\/shop.bantam.ch\\\/wp-content\\\/uploads\\\/2022\\\/12\\\/bantam-logo.png\",\"width\":320,\"height\":71,\"caption\":\"Bantam Camping AG\"},\"image\":{\"@id\":\"https:\\\/\\\/shop.bantam.ch\\\/de\\\/#\\\/schema\\\/logo\\\/image\\\/\"}}]}<\/script>\n<!-- \/ Yoast SEO plugin. -->","yoast_head_json":{"title":"Klemmhalterung Al-Ko Durchmesser 60 mm klappbar und absperrbar - Bantam Camping AG","robots":{"index":"index","follow":"follow","max-snippet":"max-snippet:-1","max-image-preview":"max-image-preview:large","max-video-preview":"max-video-preview:-1"},"canonical":"https:\/\/shop.bantam.ch\/de\/produkt\/klemmschelle-fuer-stuetzraeder-mit-knebel-klappbar-und-absperrbar\/","og_locale":"de_DE","og_type":"article","og_title":"Klemmhalterung Al-Ko Durchmesser 60 mm klappbar und absperrbar - Bantam Camping AG","og_description":"Die stabile 6-Loch-Verschraubung und das Unterteil aus stabilem Guss machen die Klemmschellen zum praktischen Helfer bei zahlreichen Befestigungsaufgaben. Klappknebel F\u00fcr Au\u00dfenrohg \u00e0\u00b8 (mm): 60 Tragf\u00e4higkeit max. statisch 500 kg Klemmschellenunterteil: Stahl 6-Loch Knebel: Klappbar u. abschlie\u00dfbar","og_url":"https:\/\/shop.bantam.ch\/de\/produkt\/klemmschelle-fuer-stuetzraeder-mit-knebel-klappbar-und-absperrbar\/","og_site_name":"Bantam Camping AG","article_modified_time":"2026-04-18T18:42:04+00:00","og_image":[{"width":1000,"height":522,"url":"https:\/\/shop.bantam.ch\/wp-content\/uploads\/2023\/02\/9979609-Klemmhalterung_Version_B_klappbar_und_absperrbar-Standard-01-1.jpg","type":"image\/jpeg"}],"twitter_card":"summary_large_image","schema":{"@context":"https:\/\/schema.org","@graph":[{"@type":"WebPage","@id":"https:\/\/shop.bantam.ch\/de\/produkt\/klemmschelle-fuer-stuetzraeder-mit-knebel-klappbar-und-absperrbar\/","url":"https:\/\/shop.bantam.ch\/de\/produkt\/klemmschelle-fuer-stuetzraeder-mit-knebel-klappbar-und-absperrbar\/","name":"Klemmhalterung Al-Ko Durchmesser 60 mm klappbar und absperrbar - Bantam Camping AG","isPartOf":{"@id":"https:\/\/shop.bantam.ch\/de\/#website"},"primaryImageOfPage":{"@id":"https:\/\/shop.bantam.ch\/de\/produkt\/klemmschelle-fuer-stuetzraeder-mit-knebel-klappbar-und-absperrbar\/#primaryimage"},"image":{"@id":"https:\/\/shop.bantam.ch\/de\/produkt\/klemmschelle-fuer-stuetzraeder-mit-knebel-klappbar-und-absperrbar\/#primaryimage"},"thumbnailUrl":"https:\/\/shop.bantam.ch\/wp-content\/uploads\/2023\/02\/9979609-Klemmhalterung_Version_B_klappbar_und_absperrbar-Standard-01-1.jpg","datePublished":"2023-02-22T18:01:25+00:00","dateModified":"2026-04-18T18:42:04+00:00","breadcrumb":{"@id":"https:\/\/shop.bantam.ch\/de\/produkt\/klemmschelle-fuer-stuetzraeder-mit-knebel-klappbar-und-absperrbar\/#breadcrumb"},"inLanguage":"de","potentialAction":[{"@type":"ReadAction","target":["https:\/\/shop.bantam.ch\/de\/produkt\/klemmschelle-fuer-stuetzraeder-mit-knebel-klappbar-und-absperrbar\/"]}]},{"@type":"ImageObject","inLanguage":"de","@id":"https:\/\/shop.bantam.ch\/de\/produkt\/klemmschelle-fuer-stuetzraeder-mit-knebel-klappbar-und-absperrbar\/#primaryimage","url":"https:\/\/shop.bantam.ch\/wp-content\/uploads\/2023\/02\/9979609-Klemmhalterung_Version_B_klappbar_und_absperrbar-Standard-01-1.jpg","contentUrl":"https:\/\/shop.bantam.ch\/wp-content\/uploads\/2023\/02\/9979609-Klemmhalterung_Version_B_klappbar_und_absperrbar-Standard-01-1.jpg","width":1000,"height":522},{"@type":"BreadcrumbList","@id":"https:\/\/shop.bantam.ch\/de\/produkt\/klemmschelle-fuer-stuetzraeder-mit-knebel-klappbar-und-absperrbar\/#breadcrumb","itemListElement":[{"@type":"ListItem","position":1,"name":"Accueil","item":"https:\/\/shop.bantam.ch\/de\/"},{"@type":"ListItem","position":2,"name":"Shop","item":"https:\/\/shop.bantam.ch\/de\/shop\/"},{"@type":"ListItem","position":3,"name":"Klemmhalterung Al-Ko Durchmesser 60 mm klappbar und absperrbar"}]},{"@type":"WebSite","@id":"https:\/\/shop.bantam.ch\/de\/#website","url":"https:\/\/shop.bantam.ch\/de\/","name":"Bantam Camping AG","description":"","publisher":{"@id":"https:\/\/shop.bantam.ch\/de\/#organization"},"inLanguage":"de"},{"@type":"Organization","@id":"https:\/\/shop.bantam.ch\/de\/#organization","name":"Bantam Camping AG","url":"https:\/\/shop.bantam.ch\/de\/","logo":{"@type":"ImageObject","inLanguage":"de","@id":"https:\/\/shop.bantam.ch\/de\/#\/schema\/logo\/image\/","url":"https:\/\/shop.bantam.ch\/wp-content\/uploads\/2022\/12\/bantam-logo.png","contentUrl":"https:\/\/shop.bantam.ch\/wp-content\/uploads\/2022\/12\/bantam-logo.png","width":320,"height":71,"caption":"Bantam Camping AG"},"image":{"@id":"https:\/\/shop.bantam.ch\/de\/#\/schema\/logo\/image\/"}}]}},"_links":{"self":[{"href":"https:\/\/shop.bantam.ch\/de\/wp-json\/wp\/v2\/product\/34504","targetHints":{"allow":["GET"]}}],"collection":[{"href":"https:\/\/shop.bantam.ch\/de\/wp-json\/wp\/v2\/product"}],"about":[{"href":"https:\/\/shop.bantam.ch\/de\/wp-json\/wp\/v2\/types\/product"}],"wp:featuredmedia":[{"embeddable":true,"href":"https:\/\/shop.bantam.ch\/de\/wp-json\/wp\/v2\/media\/34500"}],"wp:attachment":[{"href":"https:\/\/shop.bantam.ch\/de\/wp-json\/wp\/v2\/media?parent=34504"}],"wp:term":[{"taxonomy":"product_featured_cat","embeddable":true,"href":"https:\/\/shop.bantam.ch\/de\/wp-json\/wp\/v2\/product_featured_cat?post=34504"},{"taxonomy":"product_brand","embeddable":true,"href":"https:\/\/shop.bantam.ch\/de\/wp-json\/wp\/v2\/product_brand?post=34504"},{"taxonomy":"product_cat","embeddable":true,"href":"https:\/\/shop.bantam.ch\/de\/wp-json\/wp\/v2\/product_cat?post=34504"},{"taxonomy":"product_tag","embeddable":true,"href":"https:\/\/shop.bantam.ch\/de\/wp-json\/wp\/v2\/product_tag?post=34504"}],"curies":[{"name":"wp","href":"https:\/\/api.w.org\/{rel}","templated":true}]}}