{"id":34442,"date":"2023-02-22T19:00:18","date_gmt":"2023-02-22T18:00:18","guid":{"rendered":"http:\/\/preprod-dev.sh1.hidora.com\/webshop\/produit\/abstuetzfuss-big-foot\/"},"modified":"2026-04-18T20:41:49","modified_gmt":"2026-04-18T18:41:49","slug":"abstuetzfuss-big-foot","status":"publish","type":"product","link":"https:\/\/shop.bantam.ch\/de\/produkt\/abstuetzfuss-big-foot\/","title":{"rendered":"Abst\u00fctzfu\u00df Al-Ko big foot"},"content":{"rendered":"<p>Verhindert Einsinken oder Abrutschen der St\u00fctzen.<\/p>\n<p>Anbau:<br \/>Der big foot wird an AL-KO Steckst\u00fctzen Stabilform und Premium angebaut. Ab Baujahr 2001 sind an den Stabilformst\u00fctzen bereits die entsprechenden Aufnahmebohrungen vorhanden. Bis Baujahr 2000 k\u00f6nnen die Aufnahmel\u00f6cher gem\u00e4\u00df Bedienungsanweisung gebohrt werden.<\/p>\n<p>Sicherer Stand:<br \/>Mit der gro\u00dfen Standfl\u00e4che (20 x 180 cm) und dern Querrippen verhindert der AL-KO big foot ein Wegrutschen oder Einsinken der St\u00fctzen und sorgt f\u00fcr absolut sicheren Stand des Wohnwagens. Der Abst\u00fctzfu\u00df besitzt eine Tragf\u00e4higkeit von statisch max. 1250 kg.<\/p>\n<p>Funktionell:<br \/>Durch die Langlochbohrung gleitet die St\u00fctze bei Bodenkontakt direkt auf dem AL-Ko big foot; d.h. die St\u00fctze muss den Abst\u00fctzfuss nicht mitschieben.<\/p>\n<p>Geringer Platzbedarf:<br \/>Im Fahrbetrieb liegt der AL-KO big foot federunterst\u00fctzt formschl\u00fcssig an der St\u00fctze an.<\/p>\n<p>Lieferumfang:<br \/>4 AL-KO big foot<br \/>Inklusive Montagmaterial und Montageanleitung<\/p>\n","protected":false},"excerpt":{"rendered":"<p>Verhindert Einsinken oder Abrutschen der St\u00fctzen. Anbau:Der big foot wird an AL-KO Steckst\u00fctzen Stabilform und Premium angebaut. Ab Baujahr 2001 sind an den Stabilformst\u00fctzen bereits die entsprechenden Aufnahmebohrungen vorhanden. Bis Baujahr 2000 k\u00f6nnen die Aufnahmel\u00f6cher gem\u00e4\u00df Bedienungsanweisung gebohrt werden. Sicherer Stand:Mit der gro\u00dfen Standfl\u00e4che (20 x 180 cm) und dern Querrippen verhindert der AL-KO big [&hellip;]<\/p>\n","protected":false},"featured_media":34440,"template":"","meta":{"_acf_changed":false},"product_featured_cat":[],"product_brand":[3135],"product_cat":[4776],"product_tag":[],"class_list":{"0":"post-34442","1":"product","2":"type-product","3":"status-publish","4":"has-post-thumbnail","6":"product_brand-al-ko-de","7":"product_cat-steckstuetzen","9":"first","10":"instock","11":"taxable","12":"shipping-taxable","13":"purchasable","14":"product-type-simple"},"acf":[],"yoast_head":"<!-- This site is optimized with the Yoast SEO plugin v27.4 - https:\/\/yoast.com\/product\/yoast-seo-wordpress\/ -->\n<title>Abst\u00fctzfu\u00df Al-Ko big foot - Bantam Camping AG<\/title>\n<meta name=\"robots\" content=\"index, follow, max-snippet:-1, max-image-preview:large, max-video-preview:-1\" \/>\n<link rel=\"canonical\" href=\"https:\/\/shop.bantam.ch\/de\/produkt\/abstuetzfuss-big-foot\/\" \/>\n<meta property=\"og:locale\" content=\"de_DE\" \/>\n<meta property=\"og:type\" content=\"article\" \/>\n<meta property=\"og:title\" content=\"Abst\u00fctzfu\u00df Al-Ko big foot - Bantam Camping AG\" \/>\n<meta property=\"og:description\" content=\"Verhindert Einsinken oder Abrutschen der St\u00fctzen. Anbau:Der big foot wird an AL-KO Steckst\u00fctzen Stabilform und Premium angebaut. Ab Baujahr 2001 sind an den Stabilformst\u00fctzen bereits die entsprechenden Aufnahmebohrungen vorhanden. Bis Baujahr 2000 k\u00f6nnen die Aufnahmel\u00f6cher gem\u00e4\u00df Bedienungsanweisung gebohrt werden. Sicherer Stand:Mit der gro\u00dfen Standfl\u00e4che (20 x 180 cm) und dern Querrippen verhindert der AL-KO big [&hellip;]\" \/>\n<meta property=\"og:url\" content=\"https:\/\/shop.bantam.ch\/de\/produkt\/abstuetzfuss-big-foot\/\" \/>\n<meta property=\"og:site_name\" content=\"Bantam Camping AG\" \/>\n<meta property=\"article:modified_time\" content=\"2026-04-18T18:41:49+00:00\" \/>\n<meta property=\"og:image\" content=\"https:\/\/shop.bantam.ch\/wp-content\/uploads\/2023\/02\/9978241-Stuetzfuss_BIG_FOOT-Standard-01-1.jpg\" \/>\n\t<meta property=\"og:image:width\" content=\"1000\" \/>\n\t<meta property=\"og:image:height\" content=\"715\" \/>\n\t<meta property=\"og:image:type\" content=\"image\/jpeg\" \/>\n<meta name=\"twitter:card\" content=\"summary_large_image\" \/>\n<meta name=\"twitter:label1\" content=\"Gesch\u00e4tzte Lesezeit\" \/>\n\t<meta name=\"twitter:data1\" content=\"1\u00a0Minute\" \/>\n<script type=\"application\/ld+json\" class=\"yoast-schema-graph\">{\"@context\":\"https:\\\/\\\/schema.org\",\"@graph\":[{\"@type\":\"WebPage\",\"@id\":\"https:\\\/\\\/shop.bantam.ch\\\/de\\\/produkt\\\/abstuetzfuss-big-foot\\\/\",\"url\":\"https:\\\/\\\/shop.bantam.ch\\\/de\\\/produkt\\\/abstuetzfuss-big-foot\\\/\",\"name\":\"Abst\u00fctzfu\u00df Al-Ko big foot - Bantam Camping AG\",\"isPartOf\":{\"@id\":\"https:\\\/\\\/shop.bantam.ch\\\/de\\\/#website\"},\"primaryImageOfPage\":{\"@id\":\"https:\\\/\\\/shop.bantam.ch\\\/de\\\/produkt\\\/abstuetzfuss-big-foot\\\/#primaryimage\"},\"image\":{\"@id\":\"https:\\\/\\\/shop.bantam.ch\\\/de\\\/produkt\\\/abstuetzfuss-big-foot\\\/#primaryimage\"},\"thumbnailUrl\":\"https:\\\/\\\/shop.bantam.ch\\\/wp-content\\\/uploads\\\/2023\\\/02\\\/9978241-Stuetzfuss_BIG_FOOT-Standard-01-1.jpg\",\"datePublished\":\"2023-02-22T18:00:18+00:00\",\"dateModified\":\"2026-04-18T18:41:49+00:00\",\"breadcrumb\":{\"@id\":\"https:\\\/\\\/shop.bantam.ch\\\/de\\\/produkt\\\/abstuetzfuss-big-foot\\\/#breadcrumb\"},\"inLanguage\":\"de\",\"potentialAction\":[{\"@type\":\"ReadAction\",\"target\":[\"https:\\\/\\\/shop.bantam.ch\\\/de\\\/produkt\\\/abstuetzfuss-big-foot\\\/\"]}]},{\"@type\":\"ImageObject\",\"inLanguage\":\"de\",\"@id\":\"https:\\\/\\\/shop.bantam.ch\\\/de\\\/produkt\\\/abstuetzfuss-big-foot\\\/#primaryimage\",\"url\":\"https:\\\/\\\/shop.bantam.ch\\\/wp-content\\\/uploads\\\/2023\\\/02\\\/9978241-Stuetzfuss_BIG_FOOT-Standard-01-1.jpg\",\"contentUrl\":\"https:\\\/\\\/shop.bantam.ch\\\/wp-content\\\/uploads\\\/2023\\\/02\\\/9978241-Stuetzfuss_BIG_FOOT-Standard-01-1.jpg\",\"width\":1000,\"height\":715},{\"@type\":\"BreadcrumbList\",\"@id\":\"https:\\\/\\\/shop.bantam.ch\\\/de\\\/produkt\\\/abstuetzfuss-big-foot\\\/#breadcrumb\",\"itemListElement\":[{\"@type\":\"ListItem\",\"position\":1,\"name\":\"Accueil\",\"item\":\"https:\\\/\\\/shop.bantam.ch\\\/de\\\/\"},{\"@type\":\"ListItem\",\"position\":2,\"name\":\"Shop\",\"item\":\"https:\\\/\\\/shop.bantam.ch\\\/de\\\/shop\\\/\"},{\"@type\":\"ListItem\",\"position\":3,\"name\":\"Abst\u00fctzfu\u00df Al-Ko big foot\"}]},{\"@type\":\"WebSite\",\"@id\":\"https:\\\/\\\/shop.bantam.ch\\\/de\\\/#website\",\"url\":\"https:\\\/\\\/shop.bantam.ch\\\/de\\\/\",\"name\":\"Bantam Camping AG\",\"description\":\"\",\"publisher\":{\"@id\":\"https:\\\/\\\/shop.bantam.ch\\\/de\\\/#organization\"},\"inLanguage\":\"de\"},{\"@type\":\"Organization\",\"@id\":\"https:\\\/\\\/shop.bantam.ch\\\/de\\\/#organization\",\"name\":\"Bantam Camping AG\",\"url\":\"https:\\\/\\\/shop.bantam.ch\\\/de\\\/\",\"logo\":{\"@type\":\"ImageObject\",\"inLanguage\":\"de\",\"@id\":\"https:\\\/\\\/shop.bantam.ch\\\/de\\\/#\\\/schema\\\/logo\\\/image\\\/\",\"url\":\"https:\\\/\\\/shop.bantam.ch\\\/wp-content\\\/uploads\\\/2022\\\/12\\\/bantam-logo.png\",\"contentUrl\":\"https:\\\/\\\/shop.bantam.ch\\\/wp-content\\\/uploads\\\/2022\\\/12\\\/bantam-logo.png\",\"width\":320,\"height\":71,\"caption\":\"Bantam Camping AG\"},\"image\":{\"@id\":\"https:\\\/\\\/shop.bantam.ch\\\/de\\\/#\\\/schema\\\/logo\\\/image\\\/\"}}]}<\/script>\n<!-- \/ Yoast SEO plugin. -->","yoast_head_json":{"title":"Abst\u00fctzfu\u00df Al-Ko big foot - Bantam Camping AG","robots":{"index":"index","follow":"follow","max-snippet":"max-snippet:-1","max-image-preview":"max-image-preview:large","max-video-preview":"max-video-preview:-1"},"canonical":"https:\/\/shop.bantam.ch\/de\/produkt\/abstuetzfuss-big-foot\/","og_locale":"de_DE","og_type":"article","og_title":"Abst\u00fctzfu\u00df Al-Ko big foot - Bantam Camping AG","og_description":"Verhindert Einsinken oder Abrutschen der St\u00fctzen. Anbau:Der big foot wird an AL-KO Steckst\u00fctzen Stabilform und Premium angebaut. Ab Baujahr 2001 sind an den Stabilformst\u00fctzen bereits die entsprechenden Aufnahmebohrungen vorhanden. Bis Baujahr 2000 k\u00f6nnen die Aufnahmel\u00f6cher gem\u00e4\u00df Bedienungsanweisung gebohrt werden. Sicherer Stand:Mit der gro\u00dfen Standfl\u00e4che (20 x 180 cm) und dern Querrippen verhindert der AL-KO big [&hellip;]","og_url":"https:\/\/shop.bantam.ch\/de\/produkt\/abstuetzfuss-big-foot\/","og_site_name":"Bantam Camping AG","article_modified_time":"2026-04-18T18:41:49+00:00","og_image":[{"width":1000,"height":715,"url":"https:\/\/shop.bantam.ch\/wp-content\/uploads\/2023\/02\/9978241-Stuetzfuss_BIG_FOOT-Standard-01-1.jpg","type":"image\/jpeg"}],"twitter_card":"summary_large_image","twitter_misc":{"Gesch\u00e4tzte Lesezeit":"1\u00a0Minute"},"schema":{"@context":"https:\/\/schema.org","@graph":[{"@type":"WebPage","@id":"https:\/\/shop.bantam.ch\/de\/produkt\/abstuetzfuss-big-foot\/","url":"https:\/\/shop.bantam.ch\/de\/produkt\/abstuetzfuss-big-foot\/","name":"Abst\u00fctzfu\u00df Al-Ko big foot - Bantam Camping AG","isPartOf":{"@id":"https:\/\/shop.bantam.ch\/de\/#website"},"primaryImageOfPage":{"@id":"https:\/\/shop.bantam.ch\/de\/produkt\/abstuetzfuss-big-foot\/#primaryimage"},"image":{"@id":"https:\/\/shop.bantam.ch\/de\/produkt\/abstuetzfuss-big-foot\/#primaryimage"},"thumbnailUrl":"https:\/\/shop.bantam.ch\/wp-content\/uploads\/2023\/02\/9978241-Stuetzfuss_BIG_FOOT-Standard-01-1.jpg","datePublished":"2023-02-22T18:00:18+00:00","dateModified":"2026-04-18T18:41:49+00:00","breadcrumb":{"@id":"https:\/\/shop.bantam.ch\/de\/produkt\/abstuetzfuss-big-foot\/#breadcrumb"},"inLanguage":"de","potentialAction":[{"@type":"ReadAction","target":["https:\/\/shop.bantam.ch\/de\/produkt\/abstuetzfuss-big-foot\/"]}]},{"@type":"ImageObject","inLanguage":"de","@id":"https:\/\/shop.bantam.ch\/de\/produkt\/abstuetzfuss-big-foot\/#primaryimage","url":"https:\/\/shop.bantam.ch\/wp-content\/uploads\/2023\/02\/9978241-Stuetzfuss_BIG_FOOT-Standard-01-1.jpg","contentUrl":"https:\/\/shop.bantam.ch\/wp-content\/uploads\/2023\/02\/9978241-Stuetzfuss_BIG_FOOT-Standard-01-1.jpg","width":1000,"height":715},{"@type":"BreadcrumbList","@id":"https:\/\/shop.bantam.ch\/de\/produkt\/abstuetzfuss-big-foot\/#breadcrumb","itemListElement":[{"@type":"ListItem","position":1,"name":"Accueil","item":"https:\/\/shop.bantam.ch\/de\/"},{"@type":"ListItem","position":2,"name":"Shop","item":"https:\/\/shop.bantam.ch\/de\/shop\/"},{"@type":"ListItem","position":3,"name":"Abst\u00fctzfu\u00df Al-Ko big foot"}]},{"@type":"WebSite","@id":"https:\/\/shop.bantam.ch\/de\/#website","url":"https:\/\/shop.bantam.ch\/de\/","name":"Bantam Camping AG","description":"","publisher":{"@id":"https:\/\/shop.bantam.ch\/de\/#organization"},"inLanguage":"de"},{"@type":"Organization","@id":"https:\/\/shop.bantam.ch\/de\/#organization","name":"Bantam Camping AG","url":"https:\/\/shop.bantam.ch\/de\/","logo":{"@type":"ImageObject","inLanguage":"de","@id":"https:\/\/shop.bantam.ch\/de\/#\/schema\/logo\/image\/","url":"https:\/\/shop.bantam.ch\/wp-content\/uploads\/2022\/12\/bantam-logo.png","contentUrl":"https:\/\/shop.bantam.ch\/wp-content\/uploads\/2022\/12\/bantam-logo.png","width":320,"height":71,"caption":"Bantam Camping AG"},"image":{"@id":"https:\/\/shop.bantam.ch\/de\/#\/schema\/logo\/image\/"}}]}},"_links":{"self":[{"href":"https:\/\/shop.bantam.ch\/de\/wp-json\/wp\/v2\/product\/34442","targetHints":{"allow":["GET"]}}],"collection":[{"href":"https:\/\/shop.bantam.ch\/de\/wp-json\/wp\/v2\/product"}],"about":[{"href":"https:\/\/shop.bantam.ch\/de\/wp-json\/wp\/v2\/types\/product"}],"wp:featuredmedia":[{"embeddable":true,"href":"https:\/\/shop.bantam.ch\/de\/wp-json\/wp\/v2\/media\/34440"}],"wp:attachment":[{"href":"https:\/\/shop.bantam.ch\/de\/wp-json\/wp\/v2\/media?parent=34442"}],"wp:term":[{"taxonomy":"product_featured_cat","embeddable":true,"href":"https:\/\/shop.bantam.ch\/de\/wp-json\/wp\/v2\/product_featured_cat?post=34442"},{"taxonomy":"product_brand","embeddable":true,"href":"https:\/\/shop.bantam.ch\/de\/wp-json\/wp\/v2\/product_brand?post=34442"},{"taxonomy":"product_cat","embeddable":true,"href":"https:\/\/shop.bantam.ch\/de\/wp-json\/wp\/v2\/product_cat?post=34442"},{"taxonomy":"product_tag","embeddable":true,"href":"https:\/\/shop.bantam.ch\/de\/wp-json\/wp\/v2\/product_tag?post=34442"}],"curies":[{"name":"wp","href":"https:\/\/api.w.org\/{rel}","templated":true}]}}