{"id":34414,"date":"2023-02-22T18:59:50","date_gmt":"2023-02-22T17:59:50","guid":{"rendered":"http:\/\/preprod-dev.sh1.hidora.com\/webshop\/produit\/bausatz-1-500-kg-fuer-al-ko-wagenheber\/"},"modified":"2026-04-29T20:42:30","modified_gmt":"2026-04-29T18:42:30","slug":"bausatz-1-500-kg-fuer-al-ko-wagenheber","status":"publish","type":"product","link":"https:\/\/shop.bantam.ch\/de\/produkt\/bausatz-1-500-kg-fuer-al-ko-wagenheber\/","title":{"rendered":"Anbausatz Al-Ko f\u00fcr Wagenheber bis 1.500 kg"},"content":{"rendered":"<p>Nachr\u00fcstbar bei Wohnwange mit AL-Ko Chassis ab Bj. 1980.<\/p>\n<p>Ihr Plus:<br \/>\nKein Abrutschen durch spezielles Stecksystem (Zufgahrzeug angekuppelt lassen). Spezielle Einstecktaschen verst\u00e4rken den Rahmen und st\u00fctzen sich zus\u00e4tzlich am Caravanboden ab (800 kg\/1000 kg).<br \/>\nMassive Konsolen f\u00fcr schwere Wohnwaren bis 3,0 t. Speziell f\u00fcr AL-KO Chassis abgestimmt = idealer Schutz vor Verletzung und Besch\u00e4digung von Chassis + Unterboden. Optional mit hochwertigem Werkstattwagenheber aus dem Profibereich.<br \/>\nAb Bj. 1991 wurden die meisten Wohnwagen mit AL-KO Fahrgestell bereits mit den entsprechenden Aufnahmebohrungen ausger\u00fcstet. Bei allen anderen Fahrzeugen ab BJ. 1980 d\u00fcrfen die Bohrungen gem. Bedienungsanweisung selbst gebohrt werden.<\/p>\n<ul>\n<li>Anfangsh\u00f6he A (mm): 200<\/li>\n<li>Hubh\u00f6he (mm): 190<\/li>\n<li>Endh\u00f6he B (mm): 390<\/li>\n<li>Bausatz nur f\u00fcr Tandem-Wohnwagen<\/li>\n<\/ul>\n<p>Lieferumfang:<br \/>\nohne Wagenheber<\/p>\n","protected":false},"excerpt":{"rendered":"<p>Nachr\u00fcstbar bei Wohnwange mit AL-Ko Chassis ab Bj. 1980. Ihr Plus: Kein Abrutschen durch spezielles Stecksystem (Zufgahrzeug angekuppelt lassen). Spezielle Einstecktaschen verst\u00e4rken den Rahmen und st\u00fctzen sich zus\u00e4tzlich am Caravanboden ab (800 kg\/1000 kg). Massive Konsolen f\u00fcr schwere Wohnwaren bis 3,0 t. Speziell f\u00fcr AL-KO Chassis abgestimmt = idealer Schutz vor Verletzung und Besch\u00e4digung von [&hellip;]<\/p>\n","protected":false},"featured_media":34412,"template":"","meta":{"_acf_changed":false},"product_featured_cat":[],"product_brand":[3135],"product_cat":[5102],"product_tag":[],"class_list":{"0":"post-34414","1":"product","2":"type-product","3":"status-publish","4":"has-post-thumbnail","6":"product_brand-al-ko-de","7":"product_cat-weiteres-zubehoer-fuer-raeder-reifen","9":"first","10":"instock","11":"taxable","12":"shipping-taxable","13":"purchasable","14":"product-type-simple"},"acf":[],"yoast_head":"<!-- This site is optimized with the Yoast SEO plugin v27.5 - https:\/\/yoast.com\/product\/yoast-seo-wordpress\/ -->\n<title>Anbausatz Al-Ko f\u00fcr Wagenheber bis 1.500 kg - Bantam<\/title>\n<meta name=\"robots\" content=\"index, follow, max-snippet:-1, max-image-preview:large, max-video-preview:-1\" \/>\n<link rel=\"canonical\" href=\"https:\/\/shop.bantam.ch\/de\/produkt\/bausatz-1-500-kg-fuer-al-ko-wagenheber\/\" \/>\n<meta property=\"og:locale\" content=\"de_DE\" \/>\n<meta property=\"og:type\" content=\"article\" \/>\n<meta property=\"og:title\" content=\"Anbausatz Al-Ko f\u00fcr Wagenheber bis 1.500 kg - Bantam\" \/>\n<meta property=\"og:description\" content=\"Nachr\u00fcstbar bei Wohnwange mit AL-Ko Chassis ab Bj. 1980. Ihr Plus: Kein Abrutschen durch spezielles Stecksystem (Zufgahrzeug angekuppelt lassen). Spezielle Einstecktaschen verst\u00e4rken den Rahmen und st\u00fctzen sich zus\u00e4tzlich am Caravanboden ab (800 kg\/1000 kg). Massive Konsolen f\u00fcr schwere Wohnwaren bis 3,0 t. Speziell f\u00fcr AL-KO Chassis abgestimmt = idealer Schutz vor Verletzung und Besch\u00e4digung von [&hellip;]\" \/>\n<meta property=\"og:url\" content=\"https:\/\/shop.bantam.ch\/de\/produkt\/bausatz-1-500-kg-fuer-al-ko-wagenheber\/\" \/>\n<meta property=\"og:site_name\" content=\"Bantam\" \/>\n<meta property=\"article:modified_time\" content=\"2026-04-29T18:42:30+00:00\" \/>\n<meta property=\"og:image\" content=\"https:\/\/shop.bantam.ch\/wp-content\/uploads\/2023\/02\/9978573-Aufnahme_Wagenheber-Standard-01-1.jpg\" \/>\n\t<meta property=\"og:image:width\" content=\"1000\" \/>\n\t<meta property=\"og:image:height\" content=\"809\" \/>\n\t<meta property=\"og:image:type\" content=\"image\/jpeg\" \/>\n<meta name=\"twitter:card\" content=\"summary_large_image\" \/>\n<meta name=\"twitter:label1\" content=\"Gesch\u00e4tzte Lesezeit\" \/>\n\t<meta name=\"twitter:data1\" content=\"1\u00a0Minute\" \/>\n<script type=\"application\/ld+json\" class=\"yoast-schema-graph\">{\"@context\":\"https:\\\/\\\/schema.org\",\"@graph\":[{\"@type\":\"WebPage\",\"@id\":\"https:\\\/\\\/shop.bantam.ch\\\/de\\\/produkt\\\/bausatz-1-500-kg-fuer-al-ko-wagenheber\\\/\",\"url\":\"https:\\\/\\\/shop.bantam.ch\\\/de\\\/produkt\\\/bausatz-1-500-kg-fuer-al-ko-wagenheber\\\/\",\"name\":\"Anbausatz Al-Ko f\u00fcr Wagenheber bis 1.500 kg - Bantam\",\"isPartOf\":{\"@id\":\"https:\\\/\\\/shop.bantam.ch\\\/de\\\/#website\"},\"primaryImageOfPage\":{\"@id\":\"https:\\\/\\\/shop.bantam.ch\\\/de\\\/produkt\\\/bausatz-1-500-kg-fuer-al-ko-wagenheber\\\/#primaryimage\"},\"image\":{\"@id\":\"https:\\\/\\\/shop.bantam.ch\\\/de\\\/produkt\\\/bausatz-1-500-kg-fuer-al-ko-wagenheber\\\/#primaryimage\"},\"thumbnailUrl\":\"https:\\\/\\\/shop.bantam.ch\\\/wp-content\\\/uploads\\\/2023\\\/02\\\/9978573-Aufnahme_Wagenheber-Standard-01-1.jpg\",\"datePublished\":\"2023-02-22T17:59:50+00:00\",\"dateModified\":\"2026-04-29T18:42:30+00:00\",\"breadcrumb\":{\"@id\":\"https:\\\/\\\/shop.bantam.ch\\\/de\\\/produkt\\\/bausatz-1-500-kg-fuer-al-ko-wagenheber\\\/#breadcrumb\"},\"inLanguage\":\"de\",\"potentialAction\":[{\"@type\":\"ReadAction\",\"target\":[\"https:\\\/\\\/shop.bantam.ch\\\/de\\\/produkt\\\/bausatz-1-500-kg-fuer-al-ko-wagenheber\\\/\"]}]},{\"@type\":\"ImageObject\",\"inLanguage\":\"de\",\"@id\":\"https:\\\/\\\/shop.bantam.ch\\\/de\\\/produkt\\\/bausatz-1-500-kg-fuer-al-ko-wagenheber\\\/#primaryimage\",\"url\":\"https:\\\/\\\/shop.bantam.ch\\\/wp-content\\\/uploads\\\/2023\\\/02\\\/9978573-Aufnahme_Wagenheber-Standard-01-1.jpg\",\"contentUrl\":\"https:\\\/\\\/shop.bantam.ch\\\/wp-content\\\/uploads\\\/2023\\\/02\\\/9978573-Aufnahme_Wagenheber-Standard-01-1.jpg\",\"width\":1000,\"height\":809},{\"@type\":\"BreadcrumbList\",\"@id\":\"https:\\\/\\\/shop.bantam.ch\\\/de\\\/produkt\\\/bausatz-1-500-kg-fuer-al-ko-wagenheber\\\/#breadcrumb\",\"itemListElement\":[{\"@type\":\"ListItem\",\"position\":1,\"name\":\"Accueil\",\"item\":\"https:\\\/\\\/shop.bantam.ch\\\/de\\\/\"},{\"@type\":\"ListItem\",\"position\":2,\"name\":\"Shop\",\"item\":\"https:\\\/\\\/shop.bantam.ch\\\/de\\\/shop\\\/\"},{\"@type\":\"ListItem\",\"position\":3,\"name\":\"Anbausatz Al-Ko f\u00fcr Wagenheber bis 1.500 kg\"}]},{\"@type\":\"WebSite\",\"@id\":\"https:\\\/\\\/shop.bantam.ch\\\/de\\\/#website\",\"url\":\"https:\\\/\\\/shop.bantam.ch\\\/de\\\/\",\"name\":\"Bantam\",\"description\":\"\",\"publisher\":{\"@id\":\"https:\\\/\\\/shop.bantam.ch\\\/de\\\/#organization\"},\"inLanguage\":\"de\"},{\"@type\":\"Organization\",\"@id\":\"https:\\\/\\\/shop.bantam.ch\\\/de\\\/#organization\",\"name\":\"Bantam\",\"url\":\"https:\\\/\\\/shop.bantam.ch\\\/de\\\/\",\"logo\":{\"@type\":\"ImageObject\",\"inLanguage\":\"de\",\"@id\":\"https:\\\/\\\/shop.bantam.ch\\\/de\\\/#\\\/schema\\\/logo\\\/image\\\/\",\"url\":\"https:\\\/\\\/shop.bantam.ch\\\/wp-content\\\/uploads\\\/2022\\\/12\\\/bantam-logo.png\",\"contentUrl\":\"https:\\\/\\\/shop.bantam.ch\\\/wp-content\\\/uploads\\\/2022\\\/12\\\/bantam-logo.png\",\"width\":320,\"height\":71,\"caption\":\"Bantam\"},\"image\":{\"@id\":\"https:\\\/\\\/shop.bantam.ch\\\/de\\\/#\\\/schema\\\/logo\\\/image\\\/\"}}]}<\/script>\n<!-- \/ Yoast SEO plugin. -->","yoast_head_json":{"title":"Anbausatz Al-Ko f\u00fcr Wagenheber bis 1.500 kg - Bantam","robots":{"index":"index","follow":"follow","max-snippet":"max-snippet:-1","max-image-preview":"max-image-preview:large","max-video-preview":"max-video-preview:-1"},"canonical":"https:\/\/shop.bantam.ch\/de\/produkt\/bausatz-1-500-kg-fuer-al-ko-wagenheber\/","og_locale":"de_DE","og_type":"article","og_title":"Anbausatz Al-Ko f\u00fcr Wagenheber bis 1.500 kg - Bantam","og_description":"Nachr\u00fcstbar bei Wohnwange mit AL-Ko Chassis ab Bj. 1980. Ihr Plus: Kein Abrutschen durch spezielles Stecksystem (Zufgahrzeug angekuppelt lassen). Spezielle Einstecktaschen verst\u00e4rken den Rahmen und st\u00fctzen sich zus\u00e4tzlich am Caravanboden ab (800 kg\/1000 kg). Massive Konsolen f\u00fcr schwere Wohnwaren bis 3,0 t. Speziell f\u00fcr AL-KO Chassis abgestimmt = idealer Schutz vor Verletzung und Besch\u00e4digung von [&hellip;]","og_url":"https:\/\/shop.bantam.ch\/de\/produkt\/bausatz-1-500-kg-fuer-al-ko-wagenheber\/","og_site_name":"Bantam","article_modified_time":"2026-04-29T18:42:30+00:00","og_image":[{"width":1000,"height":809,"url":"https:\/\/shop.bantam.ch\/wp-content\/uploads\/2023\/02\/9978573-Aufnahme_Wagenheber-Standard-01-1.jpg","type":"image\/jpeg"}],"twitter_card":"summary_large_image","twitter_misc":{"Gesch\u00e4tzte Lesezeit":"1\u00a0Minute"},"schema":{"@context":"https:\/\/schema.org","@graph":[{"@type":"WebPage","@id":"https:\/\/shop.bantam.ch\/de\/produkt\/bausatz-1-500-kg-fuer-al-ko-wagenheber\/","url":"https:\/\/shop.bantam.ch\/de\/produkt\/bausatz-1-500-kg-fuer-al-ko-wagenheber\/","name":"Anbausatz Al-Ko f\u00fcr Wagenheber bis 1.500 kg - Bantam","isPartOf":{"@id":"https:\/\/shop.bantam.ch\/de\/#website"},"primaryImageOfPage":{"@id":"https:\/\/shop.bantam.ch\/de\/produkt\/bausatz-1-500-kg-fuer-al-ko-wagenheber\/#primaryimage"},"image":{"@id":"https:\/\/shop.bantam.ch\/de\/produkt\/bausatz-1-500-kg-fuer-al-ko-wagenheber\/#primaryimage"},"thumbnailUrl":"https:\/\/shop.bantam.ch\/wp-content\/uploads\/2023\/02\/9978573-Aufnahme_Wagenheber-Standard-01-1.jpg","datePublished":"2023-02-22T17:59:50+00:00","dateModified":"2026-04-29T18:42:30+00:00","breadcrumb":{"@id":"https:\/\/shop.bantam.ch\/de\/produkt\/bausatz-1-500-kg-fuer-al-ko-wagenheber\/#breadcrumb"},"inLanguage":"de","potentialAction":[{"@type":"ReadAction","target":["https:\/\/shop.bantam.ch\/de\/produkt\/bausatz-1-500-kg-fuer-al-ko-wagenheber\/"]}]},{"@type":"ImageObject","inLanguage":"de","@id":"https:\/\/shop.bantam.ch\/de\/produkt\/bausatz-1-500-kg-fuer-al-ko-wagenheber\/#primaryimage","url":"https:\/\/shop.bantam.ch\/wp-content\/uploads\/2023\/02\/9978573-Aufnahme_Wagenheber-Standard-01-1.jpg","contentUrl":"https:\/\/shop.bantam.ch\/wp-content\/uploads\/2023\/02\/9978573-Aufnahme_Wagenheber-Standard-01-1.jpg","width":1000,"height":809},{"@type":"BreadcrumbList","@id":"https:\/\/shop.bantam.ch\/de\/produkt\/bausatz-1-500-kg-fuer-al-ko-wagenheber\/#breadcrumb","itemListElement":[{"@type":"ListItem","position":1,"name":"Accueil","item":"https:\/\/shop.bantam.ch\/de\/"},{"@type":"ListItem","position":2,"name":"Shop","item":"https:\/\/shop.bantam.ch\/de\/shop\/"},{"@type":"ListItem","position":3,"name":"Anbausatz Al-Ko f\u00fcr Wagenheber bis 1.500 kg"}]},{"@type":"WebSite","@id":"https:\/\/shop.bantam.ch\/de\/#website","url":"https:\/\/shop.bantam.ch\/de\/","name":"Bantam","description":"","publisher":{"@id":"https:\/\/shop.bantam.ch\/de\/#organization"},"inLanguage":"de"},{"@type":"Organization","@id":"https:\/\/shop.bantam.ch\/de\/#organization","name":"Bantam","url":"https:\/\/shop.bantam.ch\/de\/","logo":{"@type":"ImageObject","inLanguage":"de","@id":"https:\/\/shop.bantam.ch\/de\/#\/schema\/logo\/image\/","url":"https:\/\/shop.bantam.ch\/wp-content\/uploads\/2022\/12\/bantam-logo.png","contentUrl":"https:\/\/shop.bantam.ch\/wp-content\/uploads\/2022\/12\/bantam-logo.png","width":320,"height":71,"caption":"Bantam"},"image":{"@id":"https:\/\/shop.bantam.ch\/de\/#\/schema\/logo\/image\/"}}]}},"_links":{"self":[{"href":"https:\/\/shop.bantam.ch\/de\/wp-json\/wp\/v2\/product\/34414","targetHints":{"allow":["GET"]}}],"collection":[{"href":"https:\/\/shop.bantam.ch\/de\/wp-json\/wp\/v2\/product"}],"about":[{"href":"https:\/\/shop.bantam.ch\/de\/wp-json\/wp\/v2\/types\/product"}],"wp:featuredmedia":[{"embeddable":true,"href":"https:\/\/shop.bantam.ch\/de\/wp-json\/wp\/v2\/media\/34412"}],"wp:attachment":[{"href":"https:\/\/shop.bantam.ch\/de\/wp-json\/wp\/v2\/media?parent=34414"}],"wp:term":[{"taxonomy":"product_featured_cat","embeddable":true,"href":"https:\/\/shop.bantam.ch\/de\/wp-json\/wp\/v2\/product_featured_cat?post=34414"},{"taxonomy":"product_brand","embeddable":true,"href":"https:\/\/shop.bantam.ch\/de\/wp-json\/wp\/v2\/product_brand?post=34414"},{"taxonomy":"product_cat","embeddable":true,"href":"https:\/\/shop.bantam.ch\/de\/wp-json\/wp\/v2\/product_cat?post=34414"},{"taxonomy":"product_tag","embeddable":true,"href":"https:\/\/shop.bantam.ch\/de\/wp-json\/wp\/v2\/product_tag?post=34414"}],"curies":[{"name":"wp","href":"https:\/\/api.w.org\/{rel}","templated":true}]}}