{"id":34384,"date":"2023-02-22T18:59:10","date_gmt":"2023-02-22T17:59:10","guid":{"rendered":"http:\/\/preprod-dev.sh1.hidora.com\/webshop\/produit\/umruestpaket-rb-2361\/"},"modified":"2026-04-18T20:41:41","modified_gmt":"2026-04-18T18:41:41","slug":"umruestpaket-rb-2361","status":"publish","type":"product","link":"https:\/\/shop.bantam.ch\/de\/produkt\/umruestpaket-rb-2361\/","title":{"rendered":"Umr\u00fcstpakett Al-Ko AAA RB 2361"},"content":{"rendered":"<p>Version Zahnverschraubung passend f\u00fcr eine Achse, Caravan-Gesamtgewicht bis zu 2000 kg (Einachser)\/3500 kg (Tandemachser).<\/p>\n<p>Die bew\u00e4hrte Radbremse mit weit \u00fcberdurchschnittlichen Bremswerten wird durch die auomatische Nachstellfunktion erg\u00e4nzt.<\/p>\n<p>Beim R\u00fcckw\u00e4rtsfahren wird das Nachstellen automatisch deaktiviert.<\/p>\n<p>Sobald die Bremse zuviel Spiel hat, stellt die AAA automatisch nach. Da die Bremsanlage somit immer optimal eingestellt ist, sparen Sie in einer Gefahrensituation wertvollen Bremsweg.<\/p>\n<p>Ihr Plus:<\/p>\n<ul>\n<li>Mehr Fahrsicherheit durch bis zu 5 m k\u00fcrzeren Bremsweg<\/li>\n<li>Mehr Fahrkomfort durch sanftes Bremsen ohne ruckartiges Auflaufen<\/li>\n<li>Geringere Wartungskosten druch verl\u00e4ngerte Serviceintervalle + Entfall des ersten Werkstattintervalles nach 1000 km<\/li>\n<li>Keine erneute T\u00dcV-Vorf\u00fchrung nach Einbau notwendig<\/li>\n<\/ul>\n<p>\u00a0<\/p>\n","protected":false},"excerpt":{"rendered":"<p>Version Zahnverschraubung passend f\u00fcr eine Achse, Caravan-Gesamtgewicht bis zu 2000 kg (Einachser)\/3500 kg (Tandemachser). Die bew\u00e4hrte Radbremse mit weit \u00fcberdurchschnittlichen Bremswerten wird durch die auomatische Nachstellfunktion erg\u00e4nzt. Beim R\u00fcckw\u00e4rtsfahren wird das Nachstellen automatisch deaktiviert. Sobald die Bremse zuviel Spiel hat, stellt die AAA automatisch nach. Da die Bremsanlage somit immer optimal eingestellt ist, sparen Sie [&hellip;]<\/p>\n","protected":false},"featured_media":34382,"template":"","meta":{"_acf_changed":false},"product_featured_cat":[],"product_brand":[3135],"product_cat":[4828],"product_tag":[],"class_list":{"0":"post-34384","1":"product","2":"type-product","3":"status-publish","4":"has-post-thumbnail","6":"product_brand-al-ko-de","7":"product_cat-stossdaempfer-bremsen","9":"first","10":"instock","11":"taxable","12":"shipping-taxable","13":"purchasable","14":"product-type-simple"},"acf":[],"yoast_head":"<!-- This site is optimized with the Yoast SEO plugin v27.4 - https:\/\/yoast.com\/product\/yoast-seo-wordpress\/ -->\n<title>Umr\u00fcstpakett Al-Ko AAA RB 2361 - Bantam Camping AG<\/title>\n<meta name=\"robots\" content=\"index, follow, max-snippet:-1, max-image-preview:large, max-video-preview:-1\" \/>\n<link rel=\"canonical\" href=\"https:\/\/shop.bantam.ch\/de\/produkt\/umruestpaket-rb-2361\/\" \/>\n<meta property=\"og:locale\" content=\"de_DE\" \/>\n<meta property=\"og:type\" content=\"article\" \/>\n<meta property=\"og:title\" content=\"Umr\u00fcstpakett Al-Ko AAA RB 2361 - Bantam Camping AG\" \/>\n<meta property=\"og:description\" content=\"Version Zahnverschraubung passend f\u00fcr eine Achse, Caravan-Gesamtgewicht bis zu 2000 kg (Einachser)\/3500 kg (Tandemachser). Die bew\u00e4hrte Radbremse mit weit \u00fcberdurchschnittlichen Bremswerten wird durch die auomatische Nachstellfunktion erg\u00e4nzt. Beim R\u00fcckw\u00e4rtsfahren wird das Nachstellen automatisch deaktiviert. Sobald die Bremse zuviel Spiel hat, stellt die AAA automatisch nach. Da die Bremsanlage somit immer optimal eingestellt ist, sparen Sie [&hellip;]\" \/>\n<meta property=\"og:url\" content=\"https:\/\/shop.bantam.ch\/de\/produkt\/umruestpaket-rb-2361\/\" \/>\n<meta property=\"og:site_name\" content=\"Bantam Camping AG\" \/>\n<meta property=\"article:modified_time\" content=\"2026-04-18T18:41:41+00:00\" \/>\n<meta property=\"og:image\" content=\"https:\/\/shop.bantam.ch\/wp-content\/uploads\/2023\/02\/997805811-1.jpg\" \/>\n\t<meta property=\"og:image:width\" content=\"500\" \/>\n\t<meta property=\"og:image:height\" content=\"484\" \/>\n\t<meta property=\"og:image:type\" content=\"image\/jpeg\" \/>\n<meta name=\"twitter:card\" content=\"summary_large_image\" \/>\n<meta name=\"twitter:label1\" content=\"Gesch\u00e4tzte Lesezeit\" \/>\n\t<meta name=\"twitter:data1\" content=\"1\u00a0Minute\" \/>\n<script type=\"application\/ld+json\" class=\"yoast-schema-graph\">{\"@context\":\"https:\\\/\\\/schema.org\",\"@graph\":[{\"@type\":\"WebPage\",\"@id\":\"https:\\\/\\\/shop.bantam.ch\\\/de\\\/produkt\\\/umruestpaket-rb-2361\\\/\",\"url\":\"https:\\\/\\\/shop.bantam.ch\\\/de\\\/produkt\\\/umruestpaket-rb-2361\\\/\",\"name\":\"Umr\u00fcstpakett Al-Ko AAA RB 2361 - Bantam Camping AG\",\"isPartOf\":{\"@id\":\"https:\\\/\\\/shop.bantam.ch\\\/de\\\/#website\"},\"primaryImageOfPage\":{\"@id\":\"https:\\\/\\\/shop.bantam.ch\\\/de\\\/produkt\\\/umruestpaket-rb-2361\\\/#primaryimage\"},\"image\":{\"@id\":\"https:\\\/\\\/shop.bantam.ch\\\/de\\\/produkt\\\/umruestpaket-rb-2361\\\/#primaryimage\"},\"thumbnailUrl\":\"https:\\\/\\\/shop.bantam.ch\\\/wp-content\\\/uploads\\\/2023\\\/02\\\/997805811-1.jpg\",\"datePublished\":\"2023-02-22T17:59:10+00:00\",\"dateModified\":\"2026-04-18T18:41:41+00:00\",\"breadcrumb\":{\"@id\":\"https:\\\/\\\/shop.bantam.ch\\\/de\\\/produkt\\\/umruestpaket-rb-2361\\\/#breadcrumb\"},\"inLanguage\":\"de\",\"potentialAction\":[{\"@type\":\"ReadAction\",\"target\":[\"https:\\\/\\\/shop.bantam.ch\\\/de\\\/produkt\\\/umruestpaket-rb-2361\\\/\"]}]},{\"@type\":\"ImageObject\",\"inLanguage\":\"de\",\"@id\":\"https:\\\/\\\/shop.bantam.ch\\\/de\\\/produkt\\\/umruestpaket-rb-2361\\\/#primaryimage\",\"url\":\"https:\\\/\\\/shop.bantam.ch\\\/wp-content\\\/uploads\\\/2023\\\/02\\\/997805811-1.jpg\",\"contentUrl\":\"https:\\\/\\\/shop.bantam.ch\\\/wp-content\\\/uploads\\\/2023\\\/02\\\/997805811-1.jpg\",\"width\":500,\"height\":484},{\"@type\":\"BreadcrumbList\",\"@id\":\"https:\\\/\\\/shop.bantam.ch\\\/de\\\/produkt\\\/umruestpaket-rb-2361\\\/#breadcrumb\",\"itemListElement\":[{\"@type\":\"ListItem\",\"position\":1,\"name\":\"Accueil\",\"item\":\"https:\\\/\\\/shop.bantam.ch\\\/de\\\/\"},{\"@type\":\"ListItem\",\"position\":2,\"name\":\"Shop\",\"item\":\"https:\\\/\\\/shop.bantam.ch\\\/de\\\/shop\\\/\"},{\"@type\":\"ListItem\",\"position\":3,\"name\":\"Umr\u00fcstpakett Al-Ko AAA RB 2361\"}]},{\"@type\":\"WebSite\",\"@id\":\"https:\\\/\\\/shop.bantam.ch\\\/de\\\/#website\",\"url\":\"https:\\\/\\\/shop.bantam.ch\\\/de\\\/\",\"name\":\"Bantam Camping AG\",\"description\":\"\",\"publisher\":{\"@id\":\"https:\\\/\\\/shop.bantam.ch\\\/de\\\/#organization\"},\"inLanguage\":\"de\"},{\"@type\":\"Organization\",\"@id\":\"https:\\\/\\\/shop.bantam.ch\\\/de\\\/#organization\",\"name\":\"Bantam Camping AG\",\"url\":\"https:\\\/\\\/shop.bantam.ch\\\/de\\\/\",\"logo\":{\"@type\":\"ImageObject\",\"inLanguage\":\"de\",\"@id\":\"https:\\\/\\\/shop.bantam.ch\\\/de\\\/#\\\/schema\\\/logo\\\/image\\\/\",\"url\":\"https:\\\/\\\/shop.bantam.ch\\\/wp-content\\\/uploads\\\/2022\\\/12\\\/bantam-logo.png\",\"contentUrl\":\"https:\\\/\\\/shop.bantam.ch\\\/wp-content\\\/uploads\\\/2022\\\/12\\\/bantam-logo.png\",\"width\":320,\"height\":71,\"caption\":\"Bantam Camping AG\"},\"image\":{\"@id\":\"https:\\\/\\\/shop.bantam.ch\\\/de\\\/#\\\/schema\\\/logo\\\/image\\\/\"}}]}<\/script>\n<!-- \/ Yoast SEO plugin. -->","yoast_head_json":{"title":"Umr\u00fcstpakett Al-Ko AAA RB 2361 - Bantam Camping AG","robots":{"index":"index","follow":"follow","max-snippet":"max-snippet:-1","max-image-preview":"max-image-preview:large","max-video-preview":"max-video-preview:-1"},"canonical":"https:\/\/shop.bantam.ch\/de\/produkt\/umruestpaket-rb-2361\/","og_locale":"de_DE","og_type":"article","og_title":"Umr\u00fcstpakett Al-Ko AAA RB 2361 - Bantam Camping AG","og_description":"Version Zahnverschraubung passend f\u00fcr eine Achse, Caravan-Gesamtgewicht bis zu 2000 kg (Einachser)\/3500 kg (Tandemachser). Die bew\u00e4hrte Radbremse mit weit \u00fcberdurchschnittlichen Bremswerten wird durch die auomatische Nachstellfunktion erg\u00e4nzt. Beim R\u00fcckw\u00e4rtsfahren wird das Nachstellen automatisch deaktiviert. Sobald die Bremse zuviel Spiel hat, stellt die AAA automatisch nach. Da die Bremsanlage somit immer optimal eingestellt ist, sparen Sie [&hellip;]","og_url":"https:\/\/shop.bantam.ch\/de\/produkt\/umruestpaket-rb-2361\/","og_site_name":"Bantam Camping AG","article_modified_time":"2026-04-18T18:41:41+00:00","og_image":[{"width":500,"height":484,"url":"https:\/\/shop.bantam.ch\/wp-content\/uploads\/2023\/02\/997805811-1.jpg","type":"image\/jpeg"}],"twitter_card":"summary_large_image","twitter_misc":{"Gesch\u00e4tzte Lesezeit":"1\u00a0Minute"},"schema":{"@context":"https:\/\/schema.org","@graph":[{"@type":"WebPage","@id":"https:\/\/shop.bantam.ch\/de\/produkt\/umruestpaket-rb-2361\/","url":"https:\/\/shop.bantam.ch\/de\/produkt\/umruestpaket-rb-2361\/","name":"Umr\u00fcstpakett Al-Ko AAA RB 2361 - Bantam Camping AG","isPartOf":{"@id":"https:\/\/shop.bantam.ch\/de\/#website"},"primaryImageOfPage":{"@id":"https:\/\/shop.bantam.ch\/de\/produkt\/umruestpaket-rb-2361\/#primaryimage"},"image":{"@id":"https:\/\/shop.bantam.ch\/de\/produkt\/umruestpaket-rb-2361\/#primaryimage"},"thumbnailUrl":"https:\/\/shop.bantam.ch\/wp-content\/uploads\/2023\/02\/997805811-1.jpg","datePublished":"2023-02-22T17:59:10+00:00","dateModified":"2026-04-18T18:41:41+00:00","breadcrumb":{"@id":"https:\/\/shop.bantam.ch\/de\/produkt\/umruestpaket-rb-2361\/#breadcrumb"},"inLanguage":"de","potentialAction":[{"@type":"ReadAction","target":["https:\/\/shop.bantam.ch\/de\/produkt\/umruestpaket-rb-2361\/"]}]},{"@type":"ImageObject","inLanguage":"de","@id":"https:\/\/shop.bantam.ch\/de\/produkt\/umruestpaket-rb-2361\/#primaryimage","url":"https:\/\/shop.bantam.ch\/wp-content\/uploads\/2023\/02\/997805811-1.jpg","contentUrl":"https:\/\/shop.bantam.ch\/wp-content\/uploads\/2023\/02\/997805811-1.jpg","width":500,"height":484},{"@type":"BreadcrumbList","@id":"https:\/\/shop.bantam.ch\/de\/produkt\/umruestpaket-rb-2361\/#breadcrumb","itemListElement":[{"@type":"ListItem","position":1,"name":"Accueil","item":"https:\/\/shop.bantam.ch\/de\/"},{"@type":"ListItem","position":2,"name":"Shop","item":"https:\/\/shop.bantam.ch\/de\/shop\/"},{"@type":"ListItem","position":3,"name":"Umr\u00fcstpakett Al-Ko AAA RB 2361"}]},{"@type":"WebSite","@id":"https:\/\/shop.bantam.ch\/de\/#website","url":"https:\/\/shop.bantam.ch\/de\/","name":"Bantam Camping AG","description":"","publisher":{"@id":"https:\/\/shop.bantam.ch\/de\/#organization"},"inLanguage":"de"},{"@type":"Organization","@id":"https:\/\/shop.bantam.ch\/de\/#organization","name":"Bantam Camping AG","url":"https:\/\/shop.bantam.ch\/de\/","logo":{"@type":"ImageObject","inLanguage":"de","@id":"https:\/\/shop.bantam.ch\/de\/#\/schema\/logo\/image\/","url":"https:\/\/shop.bantam.ch\/wp-content\/uploads\/2022\/12\/bantam-logo.png","contentUrl":"https:\/\/shop.bantam.ch\/wp-content\/uploads\/2022\/12\/bantam-logo.png","width":320,"height":71,"caption":"Bantam Camping AG"},"image":{"@id":"https:\/\/shop.bantam.ch\/de\/#\/schema\/logo\/image\/"}}]}},"_links":{"self":[{"href":"https:\/\/shop.bantam.ch\/de\/wp-json\/wp\/v2\/product\/34384","targetHints":{"allow":["GET"]}}],"collection":[{"href":"https:\/\/shop.bantam.ch\/de\/wp-json\/wp\/v2\/product"}],"about":[{"href":"https:\/\/shop.bantam.ch\/de\/wp-json\/wp\/v2\/types\/product"}],"wp:featuredmedia":[{"embeddable":true,"href":"https:\/\/shop.bantam.ch\/de\/wp-json\/wp\/v2\/media\/34382"}],"wp:attachment":[{"href":"https:\/\/shop.bantam.ch\/de\/wp-json\/wp\/v2\/media?parent=34384"}],"wp:term":[{"taxonomy":"product_featured_cat","embeddable":true,"href":"https:\/\/shop.bantam.ch\/de\/wp-json\/wp\/v2\/product_featured_cat?post=34384"},{"taxonomy":"product_brand","embeddable":true,"href":"https:\/\/shop.bantam.ch\/de\/wp-json\/wp\/v2\/product_brand?post=34384"},{"taxonomy":"product_cat","embeddable":true,"href":"https:\/\/shop.bantam.ch\/de\/wp-json\/wp\/v2\/product_cat?post=34384"},{"taxonomy":"product_tag","embeddable":true,"href":"https:\/\/shop.bantam.ch\/de\/wp-json\/wp\/v2\/product_tag?post=34384"}],"curies":[{"name":"wp","href":"https:\/\/api.w.org\/{rel}","templated":true}]}}