{"id":34148,"date":"2023-02-22T18:54:36","date_gmt":"2023-02-22T17:54:36","guid":{"rendered":"http:\/\/preprod-dev.sh1.hidora.com\/webshop\/produit\/dessertteller-space-20-cm-weiss-grau-lime\/"},"modified":"2026-04-19T20:41:06","modified_gmt":"2026-04-19T18:41:06","slug":"dessertteller-space-20-cm-weiss-grau-lime","status":"publish","type":"product","link":"https:\/\/shop.bantam.ch\/de\/produkt\/dessertteller-space-20-cm-weiss-grau-lime\/","title":{"rendered":"Dessertteller Melamin BRUNNER Space Durchm. 20 cm Fb. wei\u00df \/ grau \/ lime"},"content":{"rendered":"<p>Melamingeschirr mit Anti-Slip &#8211; Dank der Verwendung einer in den Tellerboden integrierten Antirutsch-Dichtung wird ein Verrutschen und eventuelles Fallen der Geschirrteile deutlich erschwert. Zudem vermindert sich das st\u00f6rende Klapperger\u00e4usch w\u00e4hrend der Fahrt deutlich.<br \/>Hellgrau und gr\u00fcn, eine Kombination mit unverwechselbarem Charakter und einer starken Pers\u00f6nlichkeit, die nicht unbemerkt bleiben kann.<\/p>\n","protected":false},"excerpt":{"rendered":"<p>Melamingeschirr mit Anti-Slip &#8211; Dank der Verwendung einer in den Tellerboden integrierten Antirutsch-Dichtung wird ein Verrutschen und eventuelles Fallen der Geschirrteile deutlich erschwert. Zudem vermindert sich das st\u00f6rende Klapperger\u00e4usch w\u00e4hrend der Fahrt deutlich.Hellgrau und gr\u00fcn, eine Kombination mit unverwechselbarem Charakter und einer starken Pers\u00f6nlichkeit, die nicht unbemerkt bleiben kann.<\/p>\n","protected":false},"featured_media":34146,"template":"","meta":{"_acf_changed":false},"product_featured_cat":[],"product_brand":[3081],"product_cat":[4272],"product_tag":[],"class_list":{"0":"post-34148","1":"product","2":"type-product","3":"status-publish","4":"has-post-thumbnail","6":"product_brand-brunner-de","7":"product_cat-teller-eierbecher","9":"first","10":"instock","11":"taxable","12":"shipping-taxable","13":"purchasable","14":"product-type-simple"},"acf":[],"yoast_head":"<!-- This site is optimized with the Yoast SEO plugin v27.4 - https:\/\/yoast.com\/product\/yoast-seo-wordpress\/ -->\n<title>Dessertteller Melamin BRUNNER Space Durchm. 20 cm Fb. wei\u00df \/ grau \/ lime - Bantam Camping AG<\/title>\n<meta name=\"robots\" content=\"index, follow, max-snippet:-1, max-image-preview:large, max-video-preview:-1\" \/>\n<link rel=\"canonical\" href=\"https:\/\/shop.bantam.ch\/de\/produkt\/dessertteller-space-20-cm-weiss-grau-lime\/\" \/>\n<meta property=\"og:locale\" content=\"de_DE\" \/>\n<meta property=\"og:type\" content=\"article\" \/>\n<meta property=\"og:title\" content=\"Dessertteller Melamin BRUNNER Space Durchm. 20 cm Fb. wei\u00df \/ grau \/ lime - Bantam Camping AG\" \/>\n<meta property=\"og:description\" content=\"Melamingeschirr mit Anti-Slip &#8211; Dank der Verwendung einer in den Tellerboden integrierten Antirutsch-Dichtung wird ein Verrutschen und eventuelles Fallen der Geschirrteile deutlich erschwert. Zudem vermindert sich das st\u00f6rende Klapperger\u00e4usch w\u00e4hrend der Fahrt deutlich.Hellgrau und gr\u00fcn, eine Kombination mit unverwechselbarem Charakter und einer starken Pers\u00f6nlichkeit, die nicht unbemerkt bleiben kann.\" \/>\n<meta property=\"og:url\" content=\"https:\/\/shop.bantam.ch\/de\/produkt\/dessertteller-space-20-cm-weiss-grau-lime\/\" \/>\n<meta property=\"og:site_name\" content=\"Bantam Camping AG\" \/>\n<meta property=\"article:modified_time\" content=\"2026-04-19T18:41:06+00:00\" \/>\n<meta property=\"og:image\" content=\"https:\/\/shop.bantam.ch\/wp-content\/uploads\/2023\/02\/9983909-Dessertteller_Space_weiss_grau_gruen-Standard-01-1.jpg\" \/>\n\t<meta property=\"og:image:width\" content=\"1000\" \/>\n\t<meta property=\"og:image:height\" content=\"997\" \/>\n\t<meta property=\"og:image:type\" content=\"image\/jpeg\" \/>\n<meta name=\"twitter:card\" content=\"summary_large_image\" \/>\n<script type=\"application\/ld+json\" class=\"yoast-schema-graph\">{\"@context\":\"https:\\\/\\\/schema.org\",\"@graph\":[{\"@type\":\"WebPage\",\"@id\":\"https:\\\/\\\/shop.bantam.ch\\\/de\\\/produkt\\\/dessertteller-space-20-cm-weiss-grau-lime\\\/\",\"url\":\"https:\\\/\\\/shop.bantam.ch\\\/de\\\/produkt\\\/dessertteller-space-20-cm-weiss-grau-lime\\\/\",\"name\":\"Dessertteller Melamin BRUNNER Space Durchm. 20 cm Fb. wei\u00df \\\/ grau \\\/ lime - Bantam Camping AG\",\"isPartOf\":{\"@id\":\"https:\\\/\\\/shop.bantam.ch\\\/de\\\/#website\"},\"primaryImageOfPage\":{\"@id\":\"https:\\\/\\\/shop.bantam.ch\\\/de\\\/produkt\\\/dessertteller-space-20-cm-weiss-grau-lime\\\/#primaryimage\"},\"image\":{\"@id\":\"https:\\\/\\\/shop.bantam.ch\\\/de\\\/produkt\\\/dessertteller-space-20-cm-weiss-grau-lime\\\/#primaryimage\"},\"thumbnailUrl\":\"https:\\\/\\\/shop.bantam.ch\\\/wp-content\\\/uploads\\\/2023\\\/02\\\/9983909-Dessertteller_Space_weiss_grau_gruen-Standard-01-1.jpg\",\"datePublished\":\"2023-02-22T17:54:36+00:00\",\"dateModified\":\"2026-04-19T18:41:06+00:00\",\"breadcrumb\":{\"@id\":\"https:\\\/\\\/shop.bantam.ch\\\/de\\\/produkt\\\/dessertteller-space-20-cm-weiss-grau-lime\\\/#breadcrumb\"},\"inLanguage\":\"de\",\"potentialAction\":[{\"@type\":\"ReadAction\",\"target\":[\"https:\\\/\\\/shop.bantam.ch\\\/de\\\/produkt\\\/dessertteller-space-20-cm-weiss-grau-lime\\\/\"]}]},{\"@type\":\"ImageObject\",\"inLanguage\":\"de\",\"@id\":\"https:\\\/\\\/shop.bantam.ch\\\/de\\\/produkt\\\/dessertteller-space-20-cm-weiss-grau-lime\\\/#primaryimage\",\"url\":\"https:\\\/\\\/shop.bantam.ch\\\/wp-content\\\/uploads\\\/2023\\\/02\\\/9983909-Dessertteller_Space_weiss_grau_gruen-Standard-01-1.jpg\",\"contentUrl\":\"https:\\\/\\\/shop.bantam.ch\\\/wp-content\\\/uploads\\\/2023\\\/02\\\/9983909-Dessertteller_Space_weiss_grau_gruen-Standard-01-1.jpg\",\"width\":1000,\"height\":997},{\"@type\":\"BreadcrumbList\",\"@id\":\"https:\\\/\\\/shop.bantam.ch\\\/de\\\/produkt\\\/dessertteller-space-20-cm-weiss-grau-lime\\\/#breadcrumb\",\"itemListElement\":[{\"@type\":\"ListItem\",\"position\":1,\"name\":\"Accueil\",\"item\":\"https:\\\/\\\/shop.bantam.ch\\\/de\\\/\"},{\"@type\":\"ListItem\",\"position\":2,\"name\":\"Shop\",\"item\":\"https:\\\/\\\/shop.bantam.ch\\\/de\\\/shop\\\/\"},{\"@type\":\"ListItem\",\"position\":3,\"name\":\"Dessertteller Melamin BRUNNER Space Durchm. 20 cm Fb. wei\u00df \\\/ grau \\\/ lime\"}]},{\"@type\":\"WebSite\",\"@id\":\"https:\\\/\\\/shop.bantam.ch\\\/de\\\/#website\",\"url\":\"https:\\\/\\\/shop.bantam.ch\\\/de\\\/\",\"name\":\"Bantam Camping AG\",\"description\":\"\",\"publisher\":{\"@id\":\"https:\\\/\\\/shop.bantam.ch\\\/de\\\/#organization\"},\"inLanguage\":\"de\"},{\"@type\":\"Organization\",\"@id\":\"https:\\\/\\\/shop.bantam.ch\\\/de\\\/#organization\",\"name\":\"Bantam Camping AG\",\"url\":\"https:\\\/\\\/shop.bantam.ch\\\/de\\\/\",\"logo\":{\"@type\":\"ImageObject\",\"inLanguage\":\"de\",\"@id\":\"https:\\\/\\\/shop.bantam.ch\\\/de\\\/#\\\/schema\\\/logo\\\/image\\\/\",\"url\":\"https:\\\/\\\/shop.bantam.ch\\\/wp-content\\\/uploads\\\/2022\\\/12\\\/bantam-logo.png\",\"contentUrl\":\"https:\\\/\\\/shop.bantam.ch\\\/wp-content\\\/uploads\\\/2022\\\/12\\\/bantam-logo.png\",\"width\":320,\"height\":71,\"caption\":\"Bantam Camping AG\"},\"image\":{\"@id\":\"https:\\\/\\\/shop.bantam.ch\\\/de\\\/#\\\/schema\\\/logo\\\/image\\\/\"}}]}<\/script>\n<!-- \/ Yoast SEO plugin. -->","yoast_head_json":{"title":"Dessertteller Melamin BRUNNER Space Durchm. 20 cm Fb. wei\u00df \/ grau \/ lime - Bantam Camping AG","robots":{"index":"index","follow":"follow","max-snippet":"max-snippet:-1","max-image-preview":"max-image-preview:large","max-video-preview":"max-video-preview:-1"},"canonical":"https:\/\/shop.bantam.ch\/de\/produkt\/dessertteller-space-20-cm-weiss-grau-lime\/","og_locale":"de_DE","og_type":"article","og_title":"Dessertteller Melamin BRUNNER Space Durchm. 20 cm Fb. wei\u00df \/ grau \/ lime - Bantam Camping AG","og_description":"Melamingeschirr mit Anti-Slip &#8211; Dank der Verwendung einer in den Tellerboden integrierten Antirutsch-Dichtung wird ein Verrutschen und eventuelles Fallen der Geschirrteile deutlich erschwert. Zudem vermindert sich das st\u00f6rende Klapperger\u00e4usch w\u00e4hrend der Fahrt deutlich.Hellgrau und gr\u00fcn, eine Kombination mit unverwechselbarem Charakter und einer starken Pers\u00f6nlichkeit, die nicht unbemerkt bleiben kann.","og_url":"https:\/\/shop.bantam.ch\/de\/produkt\/dessertteller-space-20-cm-weiss-grau-lime\/","og_site_name":"Bantam Camping AG","article_modified_time":"2026-04-19T18:41:06+00:00","og_image":[{"width":1000,"height":997,"url":"https:\/\/shop.bantam.ch\/wp-content\/uploads\/2023\/02\/9983909-Dessertteller_Space_weiss_grau_gruen-Standard-01-1.jpg","type":"image\/jpeg"}],"twitter_card":"summary_large_image","schema":{"@context":"https:\/\/schema.org","@graph":[{"@type":"WebPage","@id":"https:\/\/shop.bantam.ch\/de\/produkt\/dessertteller-space-20-cm-weiss-grau-lime\/","url":"https:\/\/shop.bantam.ch\/de\/produkt\/dessertteller-space-20-cm-weiss-grau-lime\/","name":"Dessertteller Melamin BRUNNER Space Durchm. 20 cm Fb. wei\u00df \/ grau \/ lime - Bantam Camping AG","isPartOf":{"@id":"https:\/\/shop.bantam.ch\/de\/#website"},"primaryImageOfPage":{"@id":"https:\/\/shop.bantam.ch\/de\/produkt\/dessertteller-space-20-cm-weiss-grau-lime\/#primaryimage"},"image":{"@id":"https:\/\/shop.bantam.ch\/de\/produkt\/dessertteller-space-20-cm-weiss-grau-lime\/#primaryimage"},"thumbnailUrl":"https:\/\/shop.bantam.ch\/wp-content\/uploads\/2023\/02\/9983909-Dessertteller_Space_weiss_grau_gruen-Standard-01-1.jpg","datePublished":"2023-02-22T17:54:36+00:00","dateModified":"2026-04-19T18:41:06+00:00","breadcrumb":{"@id":"https:\/\/shop.bantam.ch\/de\/produkt\/dessertteller-space-20-cm-weiss-grau-lime\/#breadcrumb"},"inLanguage":"de","potentialAction":[{"@type":"ReadAction","target":["https:\/\/shop.bantam.ch\/de\/produkt\/dessertteller-space-20-cm-weiss-grau-lime\/"]}]},{"@type":"ImageObject","inLanguage":"de","@id":"https:\/\/shop.bantam.ch\/de\/produkt\/dessertteller-space-20-cm-weiss-grau-lime\/#primaryimage","url":"https:\/\/shop.bantam.ch\/wp-content\/uploads\/2023\/02\/9983909-Dessertteller_Space_weiss_grau_gruen-Standard-01-1.jpg","contentUrl":"https:\/\/shop.bantam.ch\/wp-content\/uploads\/2023\/02\/9983909-Dessertteller_Space_weiss_grau_gruen-Standard-01-1.jpg","width":1000,"height":997},{"@type":"BreadcrumbList","@id":"https:\/\/shop.bantam.ch\/de\/produkt\/dessertteller-space-20-cm-weiss-grau-lime\/#breadcrumb","itemListElement":[{"@type":"ListItem","position":1,"name":"Accueil","item":"https:\/\/shop.bantam.ch\/de\/"},{"@type":"ListItem","position":2,"name":"Shop","item":"https:\/\/shop.bantam.ch\/de\/shop\/"},{"@type":"ListItem","position":3,"name":"Dessertteller Melamin BRUNNER Space Durchm. 20 cm Fb. wei\u00df \/ grau \/ lime"}]},{"@type":"WebSite","@id":"https:\/\/shop.bantam.ch\/de\/#website","url":"https:\/\/shop.bantam.ch\/de\/","name":"Bantam Camping AG","description":"","publisher":{"@id":"https:\/\/shop.bantam.ch\/de\/#organization"},"inLanguage":"de"},{"@type":"Organization","@id":"https:\/\/shop.bantam.ch\/de\/#organization","name":"Bantam Camping AG","url":"https:\/\/shop.bantam.ch\/de\/","logo":{"@type":"ImageObject","inLanguage":"de","@id":"https:\/\/shop.bantam.ch\/de\/#\/schema\/logo\/image\/","url":"https:\/\/shop.bantam.ch\/wp-content\/uploads\/2022\/12\/bantam-logo.png","contentUrl":"https:\/\/shop.bantam.ch\/wp-content\/uploads\/2022\/12\/bantam-logo.png","width":320,"height":71,"caption":"Bantam Camping AG"},"image":{"@id":"https:\/\/shop.bantam.ch\/de\/#\/schema\/logo\/image\/"}}]}},"_links":{"self":[{"href":"https:\/\/shop.bantam.ch\/de\/wp-json\/wp\/v2\/product\/34148","targetHints":{"allow":["GET"]}}],"collection":[{"href":"https:\/\/shop.bantam.ch\/de\/wp-json\/wp\/v2\/product"}],"about":[{"href":"https:\/\/shop.bantam.ch\/de\/wp-json\/wp\/v2\/types\/product"}],"wp:featuredmedia":[{"embeddable":true,"href":"https:\/\/shop.bantam.ch\/de\/wp-json\/wp\/v2\/media\/34146"}],"wp:attachment":[{"href":"https:\/\/shop.bantam.ch\/de\/wp-json\/wp\/v2\/media?parent=34148"}],"wp:term":[{"taxonomy":"product_featured_cat","embeddable":true,"href":"https:\/\/shop.bantam.ch\/de\/wp-json\/wp\/v2\/product_featured_cat?post=34148"},{"taxonomy":"product_brand","embeddable":true,"href":"https:\/\/shop.bantam.ch\/de\/wp-json\/wp\/v2\/product_brand?post=34148"},{"taxonomy":"product_cat","embeddable":true,"href":"https:\/\/shop.bantam.ch\/de\/wp-json\/wp\/v2\/product_cat?post=34148"},{"taxonomy":"product_tag","embeddable":true,"href":"https:\/\/shop.bantam.ch\/de\/wp-json\/wp\/v2\/product_tag?post=34148"}],"curies":[{"name":"wp","href":"https:\/\/api.w.org\/{rel}","templated":true}]}}