{"id":33924,"date":"2023-02-22T18:49:58","date_gmt":"2023-02-22T17:49:58","guid":{"rendered":"http:\/\/preprod-dev.sh1.hidora.com\/webshop\/produit\/mover-xtl\/"},"modified":"2026-04-17T20:40:19","modified_gmt":"2026-04-17T18:40:19","slug":"mover-xtl","status":"publish","type":"product","link":"https:\/\/shop.bantam.ch\/de\/produkt\/mover-xtl\/","title":{"rendered":"Rangiersystem tuma Mover XTL"},"content":{"rendered":"<p>F\u00e4hrt ruckfrei und sicher um die Ecke<\/p>\n<p>Extrem \u00fcberlegen: Mit dem Mover XT lassen sich Caravans souver\u00e4n, sicher und pr\u00e4zise man\u00f6vrieren &#8211; auch um Ecken und Kurven. Selbst in schmale Stellpl\u00e4tze auf engstem Raum wird m\u00fchelos eingeparkt. Die kraftvollen Motoren meistern je nach Modell Steigungen bis 13 Prozent.<\/p>\n<p>Maximaler Gewichtsvorteil von 20 kg dank hocheffizienter High-Tech Motoren. Ultimative Pr\u00e4zision und 100 % Geradeauslauf auch \u00fcber Unebenheiten und Hindernisse. H\u00f6chste Zuverl\u00e4ssigkeit und Sicherheit durch Qualit\u00e4t &#8222;Made in Germany&#8220;.<br \/>Mit unschlagbaren 28 kg das leichteste Rangiersystem seiner Klasse (15 % leichter als das Vorg\u00e4ngermodell). F\u00e4hrt Kurven weich und pr\u00e4zise um Ecken und Kurven. Maximale Kontrolle durch neue Fernbedienung.<\/p>\n<p>\u00a0<\/p>\n<ul>\n<li>Variante f\u00fcr AL-KO Leichtbau Chassis<\/li>\n<li>Montage an Chassis mit Rahmenschr\u00e4ge von 5\u00b0<\/li>\n<li>Man\u00f6vriert einachsige Caravans mit einem zul\u00e4ssigen Gesamtgewicht von 1.500 kg zuverl\u00e4ssig \u00fcber 20 % Steigungen<\/li>\n<\/ul>\n<p>\u00a0<\/p>\n<ul>\n<li>Max. Stromaufnahme: 140 A<\/li>\n<li>Stromaufnahme: 20 A<\/li>\n<li>Steigf\u00e4higkeit: 20 %<\/li>\n<\/ul>\n","protected":false},"excerpt":{"rendered":"<p>F\u00e4hrt ruckfrei und sicher um die Ecke Extrem \u00fcberlegen: Mit dem Mover XT lassen sich Caravans souver\u00e4n, sicher und pr\u00e4zise man\u00f6vrieren &#8211; auch um Ecken und Kurven. Selbst in schmale Stellpl\u00e4tze auf engstem Raum wird m\u00fchelos eingeparkt. Die kraftvollen Motoren meistern je nach Modell Steigungen bis 13 Prozent. Maximaler Gewichtsvorteil von 20 kg dank hocheffizienter [&hellip;]<\/p>\n","protected":false},"featured_media":33920,"template":"","meta":{"_acf_changed":false},"product_featured_cat":[],"product_brand":[3027],"product_cat":[4822],"product_tag":[],"class_list":{"0":"post-33924","1":"product","2":"type-product","3":"status-publish","4":"has-post-thumbnail","6":"product_brand-truma-de","7":"product_cat-rangierhilfen","9":"first","10":"instock","11":"taxable","12":"shipping-taxable","13":"purchasable","14":"product-type-simple"},"acf":[],"yoast_head":"<!-- This site is optimized with the Yoast SEO plugin v27.4 - https:\/\/yoast.com\/product\/yoast-seo-wordpress\/ -->\n<title>Rangiersystem tuma Mover XTL - Bantam Camping AG<\/title>\n<meta name=\"robots\" content=\"index, follow, max-snippet:-1, max-image-preview:large, max-video-preview:-1\" \/>\n<link rel=\"canonical\" href=\"https:\/\/shop.bantam.ch\/de\/produkt\/mover-xtl\/\" \/>\n<meta property=\"og:locale\" content=\"de_DE\" \/>\n<meta property=\"og:type\" content=\"article\" \/>\n<meta property=\"og:title\" content=\"Rangiersystem tuma Mover XTL - Bantam Camping AG\" \/>\n<meta property=\"og:description\" content=\"F\u00e4hrt ruckfrei und sicher um die Ecke Extrem \u00fcberlegen: Mit dem Mover XT lassen sich Caravans souver\u00e4n, sicher und pr\u00e4zise man\u00f6vrieren &#8211; auch um Ecken und Kurven. Selbst in schmale Stellpl\u00e4tze auf engstem Raum wird m\u00fchelos eingeparkt. Die kraftvollen Motoren meistern je nach Modell Steigungen bis 13 Prozent. Maximaler Gewichtsvorteil von 20 kg dank hocheffizienter [&hellip;]\" \/>\n<meta property=\"og:url\" content=\"https:\/\/shop.bantam.ch\/de\/produkt\/mover-xtl\/\" \/>\n<meta property=\"og:site_name\" content=\"Bantam Camping AG\" \/>\n<meta property=\"article:modified_time\" content=\"2026-04-17T18:40:19+00:00\" \/>\n<meta property=\"og:image\" content=\"https:\/\/shop.bantam.ch\/wp-content\/uploads\/2023\/02\/9985234-Truma_Mover_XTL-Standard-01-1.jpg\" \/>\n\t<meta property=\"og:image:width\" content=\"1000\" \/>\n\t<meta property=\"og:image:height\" content=\"999\" \/>\n\t<meta property=\"og:image:type\" content=\"image\/jpeg\" \/>\n<meta name=\"twitter:card\" content=\"summary_large_image\" \/>\n<meta name=\"twitter:label1\" content=\"Gesch\u00e4tzte Lesezeit\" \/>\n\t<meta name=\"twitter:data1\" content=\"1\u00a0Minute\" \/>\n<script type=\"application\/ld+json\" class=\"yoast-schema-graph\">{\"@context\":\"https:\\\/\\\/schema.org\",\"@graph\":[{\"@type\":\"WebPage\",\"@id\":\"https:\\\/\\\/shop.bantam.ch\\\/de\\\/produkt\\\/mover-xtl\\\/\",\"url\":\"https:\\\/\\\/shop.bantam.ch\\\/de\\\/produkt\\\/mover-xtl\\\/\",\"name\":\"Rangiersystem tuma Mover XTL - Bantam Camping AG\",\"isPartOf\":{\"@id\":\"https:\\\/\\\/shop.bantam.ch\\\/de\\\/#website\"},\"primaryImageOfPage\":{\"@id\":\"https:\\\/\\\/shop.bantam.ch\\\/de\\\/produkt\\\/mover-xtl\\\/#primaryimage\"},\"image\":{\"@id\":\"https:\\\/\\\/shop.bantam.ch\\\/de\\\/produkt\\\/mover-xtl\\\/#primaryimage\"},\"thumbnailUrl\":\"https:\\\/\\\/shop.bantam.ch\\\/wp-content\\\/uploads\\\/2023\\\/02\\\/9985234-Truma_Mover_XTL-Standard-01-1.jpg\",\"datePublished\":\"2023-02-22T17:49:58+00:00\",\"dateModified\":\"2026-04-17T18:40:19+00:00\",\"breadcrumb\":{\"@id\":\"https:\\\/\\\/shop.bantam.ch\\\/de\\\/produkt\\\/mover-xtl\\\/#breadcrumb\"},\"inLanguage\":\"de\",\"potentialAction\":[{\"@type\":\"ReadAction\",\"target\":[\"https:\\\/\\\/shop.bantam.ch\\\/de\\\/produkt\\\/mover-xtl\\\/\"]}]},{\"@type\":\"ImageObject\",\"inLanguage\":\"de\",\"@id\":\"https:\\\/\\\/shop.bantam.ch\\\/de\\\/produkt\\\/mover-xtl\\\/#primaryimage\",\"url\":\"https:\\\/\\\/shop.bantam.ch\\\/wp-content\\\/uploads\\\/2023\\\/02\\\/9985234-Truma_Mover_XTL-Standard-01-1.jpg\",\"contentUrl\":\"https:\\\/\\\/shop.bantam.ch\\\/wp-content\\\/uploads\\\/2023\\\/02\\\/9985234-Truma_Mover_XTL-Standard-01-1.jpg\",\"width\":1000,\"height\":999},{\"@type\":\"BreadcrumbList\",\"@id\":\"https:\\\/\\\/shop.bantam.ch\\\/de\\\/produkt\\\/mover-xtl\\\/#breadcrumb\",\"itemListElement\":[{\"@type\":\"ListItem\",\"position\":1,\"name\":\"Accueil\",\"item\":\"https:\\\/\\\/shop.bantam.ch\\\/de\\\/\"},{\"@type\":\"ListItem\",\"position\":2,\"name\":\"Shop\",\"item\":\"https:\\\/\\\/shop.bantam.ch\\\/de\\\/shop\\\/\"},{\"@type\":\"ListItem\",\"position\":3,\"name\":\"Rangiersystem tuma Mover XTL\"}]},{\"@type\":\"WebSite\",\"@id\":\"https:\\\/\\\/shop.bantam.ch\\\/de\\\/#website\",\"url\":\"https:\\\/\\\/shop.bantam.ch\\\/de\\\/\",\"name\":\"Bantam Camping AG\",\"description\":\"\",\"publisher\":{\"@id\":\"https:\\\/\\\/shop.bantam.ch\\\/de\\\/#organization\"},\"inLanguage\":\"de\"},{\"@type\":\"Organization\",\"@id\":\"https:\\\/\\\/shop.bantam.ch\\\/de\\\/#organization\",\"name\":\"Bantam Camping AG\",\"url\":\"https:\\\/\\\/shop.bantam.ch\\\/de\\\/\",\"logo\":{\"@type\":\"ImageObject\",\"inLanguage\":\"de\",\"@id\":\"https:\\\/\\\/shop.bantam.ch\\\/de\\\/#\\\/schema\\\/logo\\\/image\\\/\",\"url\":\"https:\\\/\\\/shop.bantam.ch\\\/wp-content\\\/uploads\\\/2022\\\/12\\\/bantam-logo.png\",\"contentUrl\":\"https:\\\/\\\/shop.bantam.ch\\\/wp-content\\\/uploads\\\/2022\\\/12\\\/bantam-logo.png\",\"width\":320,\"height\":71,\"caption\":\"Bantam Camping AG\"},\"image\":{\"@id\":\"https:\\\/\\\/shop.bantam.ch\\\/de\\\/#\\\/schema\\\/logo\\\/image\\\/\"}}]}<\/script>\n<!-- \/ Yoast SEO plugin. -->","yoast_head_json":{"title":"Rangiersystem tuma Mover XTL - Bantam Camping AG","robots":{"index":"index","follow":"follow","max-snippet":"max-snippet:-1","max-image-preview":"max-image-preview:large","max-video-preview":"max-video-preview:-1"},"canonical":"https:\/\/shop.bantam.ch\/de\/produkt\/mover-xtl\/","og_locale":"de_DE","og_type":"article","og_title":"Rangiersystem tuma Mover XTL - Bantam Camping AG","og_description":"F\u00e4hrt ruckfrei und sicher um die Ecke Extrem \u00fcberlegen: Mit dem Mover XT lassen sich Caravans souver\u00e4n, sicher und pr\u00e4zise man\u00f6vrieren &#8211; auch um Ecken und Kurven. Selbst in schmale Stellpl\u00e4tze auf engstem Raum wird m\u00fchelos eingeparkt. Die kraftvollen Motoren meistern je nach Modell Steigungen bis 13 Prozent. Maximaler Gewichtsvorteil von 20 kg dank hocheffizienter [&hellip;]","og_url":"https:\/\/shop.bantam.ch\/de\/produkt\/mover-xtl\/","og_site_name":"Bantam Camping AG","article_modified_time":"2026-04-17T18:40:19+00:00","og_image":[{"width":1000,"height":999,"url":"https:\/\/shop.bantam.ch\/wp-content\/uploads\/2023\/02\/9985234-Truma_Mover_XTL-Standard-01-1.jpg","type":"image\/jpeg"}],"twitter_card":"summary_large_image","twitter_misc":{"Gesch\u00e4tzte Lesezeit":"1\u00a0Minute"},"schema":{"@context":"https:\/\/schema.org","@graph":[{"@type":"WebPage","@id":"https:\/\/shop.bantam.ch\/de\/produkt\/mover-xtl\/","url":"https:\/\/shop.bantam.ch\/de\/produkt\/mover-xtl\/","name":"Rangiersystem tuma Mover XTL - Bantam Camping AG","isPartOf":{"@id":"https:\/\/shop.bantam.ch\/de\/#website"},"primaryImageOfPage":{"@id":"https:\/\/shop.bantam.ch\/de\/produkt\/mover-xtl\/#primaryimage"},"image":{"@id":"https:\/\/shop.bantam.ch\/de\/produkt\/mover-xtl\/#primaryimage"},"thumbnailUrl":"https:\/\/shop.bantam.ch\/wp-content\/uploads\/2023\/02\/9985234-Truma_Mover_XTL-Standard-01-1.jpg","datePublished":"2023-02-22T17:49:58+00:00","dateModified":"2026-04-17T18:40:19+00:00","breadcrumb":{"@id":"https:\/\/shop.bantam.ch\/de\/produkt\/mover-xtl\/#breadcrumb"},"inLanguage":"de","potentialAction":[{"@type":"ReadAction","target":["https:\/\/shop.bantam.ch\/de\/produkt\/mover-xtl\/"]}]},{"@type":"ImageObject","inLanguage":"de","@id":"https:\/\/shop.bantam.ch\/de\/produkt\/mover-xtl\/#primaryimage","url":"https:\/\/shop.bantam.ch\/wp-content\/uploads\/2023\/02\/9985234-Truma_Mover_XTL-Standard-01-1.jpg","contentUrl":"https:\/\/shop.bantam.ch\/wp-content\/uploads\/2023\/02\/9985234-Truma_Mover_XTL-Standard-01-1.jpg","width":1000,"height":999},{"@type":"BreadcrumbList","@id":"https:\/\/shop.bantam.ch\/de\/produkt\/mover-xtl\/#breadcrumb","itemListElement":[{"@type":"ListItem","position":1,"name":"Accueil","item":"https:\/\/shop.bantam.ch\/de\/"},{"@type":"ListItem","position":2,"name":"Shop","item":"https:\/\/shop.bantam.ch\/de\/shop\/"},{"@type":"ListItem","position":3,"name":"Rangiersystem tuma Mover XTL"}]},{"@type":"WebSite","@id":"https:\/\/shop.bantam.ch\/de\/#website","url":"https:\/\/shop.bantam.ch\/de\/","name":"Bantam Camping AG","description":"","publisher":{"@id":"https:\/\/shop.bantam.ch\/de\/#organization"},"inLanguage":"de"},{"@type":"Organization","@id":"https:\/\/shop.bantam.ch\/de\/#organization","name":"Bantam Camping AG","url":"https:\/\/shop.bantam.ch\/de\/","logo":{"@type":"ImageObject","inLanguage":"de","@id":"https:\/\/shop.bantam.ch\/de\/#\/schema\/logo\/image\/","url":"https:\/\/shop.bantam.ch\/wp-content\/uploads\/2022\/12\/bantam-logo.png","contentUrl":"https:\/\/shop.bantam.ch\/wp-content\/uploads\/2022\/12\/bantam-logo.png","width":320,"height":71,"caption":"Bantam Camping AG"},"image":{"@id":"https:\/\/shop.bantam.ch\/de\/#\/schema\/logo\/image\/"}}]}},"_links":{"self":[{"href":"https:\/\/shop.bantam.ch\/de\/wp-json\/wp\/v2\/product\/33924","targetHints":{"allow":["GET"]}}],"collection":[{"href":"https:\/\/shop.bantam.ch\/de\/wp-json\/wp\/v2\/product"}],"about":[{"href":"https:\/\/shop.bantam.ch\/de\/wp-json\/wp\/v2\/types\/product"}],"wp:featuredmedia":[{"embeddable":true,"href":"https:\/\/shop.bantam.ch\/de\/wp-json\/wp\/v2\/media\/33920"}],"wp:attachment":[{"href":"https:\/\/shop.bantam.ch\/de\/wp-json\/wp\/v2\/media?parent=33924"}],"wp:term":[{"taxonomy":"product_featured_cat","embeddable":true,"href":"https:\/\/shop.bantam.ch\/de\/wp-json\/wp\/v2\/product_featured_cat?post=33924"},{"taxonomy":"product_brand","embeddable":true,"href":"https:\/\/shop.bantam.ch\/de\/wp-json\/wp\/v2\/product_brand?post=33924"},{"taxonomy":"product_cat","embeddable":true,"href":"https:\/\/shop.bantam.ch\/de\/wp-json\/wp\/v2\/product_cat?post=33924"},{"taxonomy":"product_tag","embeddable":true,"href":"https:\/\/shop.bantam.ch\/de\/wp-json\/wp\/v2\/product_tag?post=33924"}],"curies":[{"name":"wp","href":"https:\/\/api.w.org\/{rel}","templated":true}]}}