{"id":33530,"date":"2023-02-22T18:41:50","date_gmt":"2023-02-22T17:41:50","guid":{"rendered":"http:\/\/preprod-dev.sh1.hidora.com\/webshop\/produit\/fahrradtraeger-elite-g2-hymer\/"},"modified":"2026-04-18T20:39:32","modified_gmt":"2026-04-18T18:39:32","slug":"fahrradtraeger-elite-g2-hymer","status":"publish","type":"product","link":"https:\/\/shop.bantam.ch\/de\/produkt\/fahrradtraeger-elite-g2-hymer\/","title":{"rendered":"Fahrradtr\u00e4ger Thule Elite G2 Hymer 2 R\u00e4der Traglast 60 kg"},"content":{"rendered":"<p>Empfohlen f\u00fcr einen Befestigungsabstand zwischen 80 und 150 cm. Mit speziellen Haken zur direkten Befestigung an Hymer Fahrzeugen.<\/p>\n<p>Der robuste und leichte Fahrradtr\u00e4ger Thule Elite G2 aus Aluminium im neuen Design verspricht h\u00f6chste Flexibilit\u00e4t. Ganz einfach von&lt; 2 auf 3 oder 4 Fahrr\u00e4der erweiterbar. Die Schienen Radbefestigungen und Fahrradrahmenhalterungen k\u00f6nnen hierbei flexibel verschoben werden, um eine optimale Befestigung des Fahrrads zu garantieren. Die innovative Plattformverriegelung garantiert, dass sich die Plattform w\u00e4hrend der Fahrt nicht nach oben oder unten bewegt.<\/p>\n<p>Lieferumfang:<br \/>Inklusive unterer Montageschiene<\/p>\n<ul>\n<li>F\u00fcr 2 R\u00e4der<\/li>\n<li>Erweiterbar auf 3-4 R\u00e4der<\/li>\n<li>Verriegelbare Plattform<\/li>\n<li>Traglast pro Schiene 30 kg<\/li>\n<li>Perfekt f\u00fcr E-Bikes geeignet<\/li>\n<li>Heckfarradtr\u00e4ger<\/li>\n<\/ul>\n","protected":false},"excerpt":{"rendered":"<p>Empfohlen f\u00fcr einen Befestigungsabstand zwischen 80 und 150 cm. Mit speziellen Haken zur direkten Befestigung an Hymer Fahrzeugen. Der robuste und leichte Fahrradtr\u00e4ger Thule Elite G2 aus Aluminium im neuen Design verspricht h\u00f6chste Flexibilit\u00e4t. Ganz einfach von&lt; 2 auf 3 oder 4 Fahrr\u00e4der erweiterbar. Die Schienen Radbefestigungen und Fahrradrahmenhalterungen k\u00f6nnen hierbei flexibel verschoben werden, um [&hellip;]<\/p>\n","protected":false},"featured_media":33524,"template":"","meta":{"_acf_changed":false},"product_featured_cat":[],"product_brand":[3047],"product_cat":[5138],"product_tag":[],"class_list":{"0":"post-33530","1":"product","2":"type-product","3":"status-publish","4":"has-post-thumbnail","6":"product_brand-thule-de","7":"product_cat-heck-fahrradtraeger","9":"first","10":"instock","11":"taxable","12":"shipping-taxable","13":"purchasable","14":"product-type-simple"},"acf":[],"yoast_head":"<!-- This site is optimized with the Yoast SEO plugin v27.4 - https:\/\/yoast.com\/product\/yoast-seo-wordpress\/ -->\n<title>Fahrradtr\u00e4ger Thule Elite G2 Hymer 2 R\u00e4der Traglast 60 kg - Bantam Camping AG<\/title>\n<meta name=\"robots\" content=\"index, follow, max-snippet:-1, max-image-preview:large, max-video-preview:-1\" \/>\n<link rel=\"canonical\" href=\"https:\/\/shop.bantam.ch\/de\/produkt\/fahrradtraeger-elite-g2-hymer\/\" \/>\n<meta property=\"og:locale\" content=\"de_DE\" \/>\n<meta property=\"og:type\" content=\"article\" \/>\n<meta property=\"og:title\" content=\"Fahrradtr\u00e4ger Thule Elite G2 Hymer 2 R\u00e4der Traglast 60 kg - Bantam Camping AG\" \/>\n<meta property=\"og:description\" content=\"Empfohlen f\u00fcr einen Befestigungsabstand zwischen 80 und 150 cm. Mit speziellen Haken zur direkten Befestigung an Hymer Fahrzeugen. Der robuste und leichte Fahrradtr\u00e4ger Thule Elite G2 aus Aluminium im neuen Design verspricht h\u00f6chste Flexibilit\u00e4t. Ganz einfach von&lt; 2 auf 3 oder 4 Fahrr\u00e4der erweiterbar. Die Schienen Radbefestigungen und Fahrradrahmenhalterungen k\u00f6nnen hierbei flexibel verschoben werden, um [&hellip;]\" \/>\n<meta property=\"og:url\" content=\"https:\/\/shop.bantam.ch\/de\/produkt\/fahrradtraeger-elite-g2-hymer\/\" \/>\n<meta property=\"og:site_name\" content=\"Bantam Camping AG\" \/>\n<meta property=\"article:modified_time\" content=\"2026-04-18T18:39:32+00:00\" \/>\n<meta property=\"og:image\" content=\"https:\/\/shop.bantam.ch\/wp-content\/uploads\/2023\/02\/9983364-Thule_Elite_G2_Hymer-Ausschnitt-02-1.jpg\" \/>\n\t<meta property=\"og:image:width\" content=\"1000\" \/>\n\t<meta property=\"og:image:height\" content=\"823\" \/>\n\t<meta property=\"og:image:type\" content=\"image\/jpeg\" \/>\n<meta name=\"twitter:card\" content=\"summary_large_image\" \/>\n<meta name=\"twitter:label1\" content=\"Gesch\u00e4tzte Lesezeit\" \/>\n\t<meta name=\"twitter:data1\" content=\"1\u00a0Minute\" \/>\n<script type=\"application\/ld+json\" class=\"yoast-schema-graph\">{\"@context\":\"https:\\\/\\\/schema.org\",\"@graph\":[{\"@type\":\"WebPage\",\"@id\":\"https:\\\/\\\/shop.bantam.ch\\\/de\\\/produkt\\\/fahrradtraeger-elite-g2-hymer\\\/\",\"url\":\"https:\\\/\\\/shop.bantam.ch\\\/de\\\/produkt\\\/fahrradtraeger-elite-g2-hymer\\\/\",\"name\":\"Fahrradtr\u00e4ger Thule Elite G2 Hymer 2 R\u00e4der Traglast 60 kg - Bantam Camping AG\",\"isPartOf\":{\"@id\":\"https:\\\/\\\/shop.bantam.ch\\\/de\\\/#website\"},\"primaryImageOfPage\":{\"@id\":\"https:\\\/\\\/shop.bantam.ch\\\/de\\\/produkt\\\/fahrradtraeger-elite-g2-hymer\\\/#primaryimage\"},\"image\":{\"@id\":\"https:\\\/\\\/shop.bantam.ch\\\/de\\\/produkt\\\/fahrradtraeger-elite-g2-hymer\\\/#primaryimage\"},\"thumbnailUrl\":\"https:\\\/\\\/shop.bantam.ch\\\/wp-content\\\/uploads\\\/2023\\\/02\\\/9983364-Thule_Elite_G2_Hymer-Ausschnitt-02-1.jpg\",\"datePublished\":\"2023-02-22T17:41:50+00:00\",\"dateModified\":\"2026-04-18T18:39:32+00:00\",\"breadcrumb\":{\"@id\":\"https:\\\/\\\/shop.bantam.ch\\\/de\\\/produkt\\\/fahrradtraeger-elite-g2-hymer\\\/#breadcrumb\"},\"inLanguage\":\"de\",\"potentialAction\":[{\"@type\":\"ReadAction\",\"target\":[\"https:\\\/\\\/shop.bantam.ch\\\/de\\\/produkt\\\/fahrradtraeger-elite-g2-hymer\\\/\"]}]},{\"@type\":\"ImageObject\",\"inLanguage\":\"de\",\"@id\":\"https:\\\/\\\/shop.bantam.ch\\\/de\\\/produkt\\\/fahrradtraeger-elite-g2-hymer\\\/#primaryimage\",\"url\":\"https:\\\/\\\/shop.bantam.ch\\\/wp-content\\\/uploads\\\/2023\\\/02\\\/9983364-Thule_Elite_G2_Hymer-Ausschnitt-02-1.jpg\",\"contentUrl\":\"https:\\\/\\\/shop.bantam.ch\\\/wp-content\\\/uploads\\\/2023\\\/02\\\/9983364-Thule_Elite_G2_Hymer-Ausschnitt-02-1.jpg\",\"width\":1000,\"height\":823},{\"@type\":\"BreadcrumbList\",\"@id\":\"https:\\\/\\\/shop.bantam.ch\\\/de\\\/produkt\\\/fahrradtraeger-elite-g2-hymer\\\/#breadcrumb\",\"itemListElement\":[{\"@type\":\"ListItem\",\"position\":1,\"name\":\"Accueil\",\"item\":\"https:\\\/\\\/shop.bantam.ch\\\/de\\\/\"},{\"@type\":\"ListItem\",\"position\":2,\"name\":\"Shop\",\"item\":\"https:\\\/\\\/shop.bantam.ch\\\/de\\\/shop\\\/\"},{\"@type\":\"ListItem\",\"position\":3,\"name\":\"Fahrradtr\u00e4ger Thule Elite G2 Hymer 2 R\u00e4der Traglast 60 kg\"}]},{\"@type\":\"WebSite\",\"@id\":\"https:\\\/\\\/shop.bantam.ch\\\/de\\\/#website\",\"url\":\"https:\\\/\\\/shop.bantam.ch\\\/de\\\/\",\"name\":\"Bantam Camping AG\",\"description\":\"\",\"publisher\":{\"@id\":\"https:\\\/\\\/shop.bantam.ch\\\/de\\\/#organization\"},\"inLanguage\":\"de\"},{\"@type\":\"Organization\",\"@id\":\"https:\\\/\\\/shop.bantam.ch\\\/de\\\/#organization\",\"name\":\"Bantam Camping AG\",\"url\":\"https:\\\/\\\/shop.bantam.ch\\\/de\\\/\",\"logo\":{\"@type\":\"ImageObject\",\"inLanguage\":\"de\",\"@id\":\"https:\\\/\\\/shop.bantam.ch\\\/de\\\/#\\\/schema\\\/logo\\\/image\\\/\",\"url\":\"https:\\\/\\\/shop.bantam.ch\\\/wp-content\\\/uploads\\\/2022\\\/12\\\/bantam-logo.png\",\"contentUrl\":\"https:\\\/\\\/shop.bantam.ch\\\/wp-content\\\/uploads\\\/2022\\\/12\\\/bantam-logo.png\",\"width\":320,\"height\":71,\"caption\":\"Bantam Camping AG\"},\"image\":{\"@id\":\"https:\\\/\\\/shop.bantam.ch\\\/de\\\/#\\\/schema\\\/logo\\\/image\\\/\"}}]}<\/script>\n<!-- \/ Yoast SEO plugin. -->","yoast_head_json":{"title":"Fahrradtr\u00e4ger Thule Elite G2 Hymer 2 R\u00e4der Traglast 60 kg - Bantam Camping AG","robots":{"index":"index","follow":"follow","max-snippet":"max-snippet:-1","max-image-preview":"max-image-preview:large","max-video-preview":"max-video-preview:-1"},"canonical":"https:\/\/shop.bantam.ch\/de\/produkt\/fahrradtraeger-elite-g2-hymer\/","og_locale":"de_DE","og_type":"article","og_title":"Fahrradtr\u00e4ger Thule Elite G2 Hymer 2 R\u00e4der Traglast 60 kg - Bantam Camping AG","og_description":"Empfohlen f\u00fcr einen Befestigungsabstand zwischen 80 und 150 cm. Mit speziellen Haken zur direkten Befestigung an Hymer Fahrzeugen. Der robuste und leichte Fahrradtr\u00e4ger Thule Elite G2 aus Aluminium im neuen Design verspricht h\u00f6chste Flexibilit\u00e4t. Ganz einfach von&lt; 2 auf 3 oder 4 Fahrr\u00e4der erweiterbar. Die Schienen Radbefestigungen und Fahrradrahmenhalterungen k\u00f6nnen hierbei flexibel verschoben werden, um [&hellip;]","og_url":"https:\/\/shop.bantam.ch\/de\/produkt\/fahrradtraeger-elite-g2-hymer\/","og_site_name":"Bantam Camping AG","article_modified_time":"2026-04-18T18:39:32+00:00","og_image":[{"width":1000,"height":823,"url":"https:\/\/shop.bantam.ch\/wp-content\/uploads\/2023\/02\/9983364-Thule_Elite_G2_Hymer-Ausschnitt-02-1.jpg","type":"image\/jpeg"}],"twitter_card":"summary_large_image","twitter_misc":{"Gesch\u00e4tzte Lesezeit":"1\u00a0Minute"},"schema":{"@context":"https:\/\/schema.org","@graph":[{"@type":"WebPage","@id":"https:\/\/shop.bantam.ch\/de\/produkt\/fahrradtraeger-elite-g2-hymer\/","url":"https:\/\/shop.bantam.ch\/de\/produkt\/fahrradtraeger-elite-g2-hymer\/","name":"Fahrradtr\u00e4ger Thule Elite G2 Hymer 2 R\u00e4der Traglast 60 kg - Bantam Camping AG","isPartOf":{"@id":"https:\/\/shop.bantam.ch\/de\/#website"},"primaryImageOfPage":{"@id":"https:\/\/shop.bantam.ch\/de\/produkt\/fahrradtraeger-elite-g2-hymer\/#primaryimage"},"image":{"@id":"https:\/\/shop.bantam.ch\/de\/produkt\/fahrradtraeger-elite-g2-hymer\/#primaryimage"},"thumbnailUrl":"https:\/\/shop.bantam.ch\/wp-content\/uploads\/2023\/02\/9983364-Thule_Elite_G2_Hymer-Ausschnitt-02-1.jpg","datePublished":"2023-02-22T17:41:50+00:00","dateModified":"2026-04-18T18:39:32+00:00","breadcrumb":{"@id":"https:\/\/shop.bantam.ch\/de\/produkt\/fahrradtraeger-elite-g2-hymer\/#breadcrumb"},"inLanguage":"de","potentialAction":[{"@type":"ReadAction","target":["https:\/\/shop.bantam.ch\/de\/produkt\/fahrradtraeger-elite-g2-hymer\/"]}]},{"@type":"ImageObject","inLanguage":"de","@id":"https:\/\/shop.bantam.ch\/de\/produkt\/fahrradtraeger-elite-g2-hymer\/#primaryimage","url":"https:\/\/shop.bantam.ch\/wp-content\/uploads\/2023\/02\/9983364-Thule_Elite_G2_Hymer-Ausschnitt-02-1.jpg","contentUrl":"https:\/\/shop.bantam.ch\/wp-content\/uploads\/2023\/02\/9983364-Thule_Elite_G2_Hymer-Ausschnitt-02-1.jpg","width":1000,"height":823},{"@type":"BreadcrumbList","@id":"https:\/\/shop.bantam.ch\/de\/produkt\/fahrradtraeger-elite-g2-hymer\/#breadcrumb","itemListElement":[{"@type":"ListItem","position":1,"name":"Accueil","item":"https:\/\/shop.bantam.ch\/de\/"},{"@type":"ListItem","position":2,"name":"Shop","item":"https:\/\/shop.bantam.ch\/de\/shop\/"},{"@type":"ListItem","position":3,"name":"Fahrradtr\u00e4ger Thule Elite G2 Hymer 2 R\u00e4der Traglast 60 kg"}]},{"@type":"WebSite","@id":"https:\/\/shop.bantam.ch\/de\/#website","url":"https:\/\/shop.bantam.ch\/de\/","name":"Bantam Camping AG","description":"","publisher":{"@id":"https:\/\/shop.bantam.ch\/de\/#organization"},"inLanguage":"de"},{"@type":"Organization","@id":"https:\/\/shop.bantam.ch\/de\/#organization","name":"Bantam Camping AG","url":"https:\/\/shop.bantam.ch\/de\/","logo":{"@type":"ImageObject","inLanguage":"de","@id":"https:\/\/shop.bantam.ch\/de\/#\/schema\/logo\/image\/","url":"https:\/\/shop.bantam.ch\/wp-content\/uploads\/2022\/12\/bantam-logo.png","contentUrl":"https:\/\/shop.bantam.ch\/wp-content\/uploads\/2022\/12\/bantam-logo.png","width":320,"height":71,"caption":"Bantam Camping AG"},"image":{"@id":"https:\/\/shop.bantam.ch\/de\/#\/schema\/logo\/image\/"}}]}},"_links":{"self":[{"href":"https:\/\/shop.bantam.ch\/de\/wp-json\/wp\/v2\/product\/33530","targetHints":{"allow":["GET"]}}],"collection":[{"href":"https:\/\/shop.bantam.ch\/de\/wp-json\/wp\/v2\/product"}],"about":[{"href":"https:\/\/shop.bantam.ch\/de\/wp-json\/wp\/v2\/types\/product"}],"wp:featuredmedia":[{"embeddable":true,"href":"https:\/\/shop.bantam.ch\/de\/wp-json\/wp\/v2\/media\/33524"}],"wp:attachment":[{"href":"https:\/\/shop.bantam.ch\/de\/wp-json\/wp\/v2\/media?parent=33530"}],"wp:term":[{"taxonomy":"product_featured_cat","embeddable":true,"href":"https:\/\/shop.bantam.ch\/de\/wp-json\/wp\/v2\/product_featured_cat?post=33530"},{"taxonomy":"product_brand","embeddable":true,"href":"https:\/\/shop.bantam.ch\/de\/wp-json\/wp\/v2\/product_brand?post=33530"},{"taxonomy":"product_cat","embeddable":true,"href":"https:\/\/shop.bantam.ch\/de\/wp-json\/wp\/v2\/product_cat?post=33530"},{"taxonomy":"product_tag","embeddable":true,"href":"https:\/\/shop.bantam.ch\/de\/wp-json\/wp\/v2\/product_tag?post=33530"}],"curies":[{"name":"wp","href":"https:\/\/api.w.org\/{rel}","templated":true}]}}