{"id":33484,"date":"2023-02-22T18:41:16","date_gmt":"2023-02-22T17:41:16","guid":{"rendered":"http:\/\/preprod-dev.sh1.hidora.com\/webshop\/produit\/fahrradtraeger-sport-g2-universal\/"},"modified":"2026-04-18T20:39:24","modified_gmt":"2026-04-18T18:39:24","slug":"fahrradtraeger-sport-g2-universal","status":"publish","type":"product","link":"https:\/\/shop.bantam.ch\/de\/produkt\/fahrradtraeger-sport-g2-universal\/","title":{"rendered":"Fahrradtr\u00e4ger Thule Sport G2 Universal 2 R\u00e4der Traglast 38 kg"},"content":{"rendered":"<p>Empfohlen f\u00fcr die Montage an der hinteren Wohnwagenwand. Untere Befestigung wird direkt an dem Wohnwagenboden angebracht.<\/p>\n<p>Robust und langlebig &#8211; die Produktpalette wurde aus hochwertigen, leichten Materialien gefertigt. Durch die gleichm\u00e4\u00dfige Verteilung des Gewichts Ihrer Fahrradtr\u00e4ger auf der verriegelbaren Plattform wird optimale Stabilit\u00e4t erzielt. Mit dem neuen extra stabilen Rahmenhalter, neuen Strips mit Click-Verschluss und die ohne Werkzeug verschiebbaren Schienen bietet der Sport G2 hohen Komfort und eine einfache Handhabung.<\/p>\n<p>Lieferumfang:<br \/>Inklusive obere Montageschiene<\/p>\n<ul>\n<li>F\u00fcr 2 R\u00e4der<\/li>\n<li>Nicht erweiterbar<\/li>\n<li>Verriegelbare Plattform<\/li>\n<li>Traglast pro Schiene 19 kg<\/li>\n<\/ul>\n","protected":false},"excerpt":{"rendered":"<p>Empfohlen f\u00fcr die Montage an der hinteren Wohnwagenwand. Untere Befestigung wird direkt an dem Wohnwagenboden angebracht. Robust und langlebig &#8211; die Produktpalette wurde aus hochwertigen, leichten Materialien gefertigt. Durch die gleichm\u00e4\u00dfige Verteilung des Gewichts Ihrer Fahrradtr\u00e4ger auf der verriegelbaren Plattform wird optimale Stabilit\u00e4t erzielt. Mit dem neuen extra stabilen Rahmenhalter, neuen Strips mit Click-Verschluss und [&hellip;]<\/p>\n","protected":false},"featured_media":33478,"template":"","meta":{"_acf_changed":false},"product_featured_cat":[],"product_brand":[3047],"product_cat":[5138],"product_tag":[],"class_list":{"0":"post-33484","1":"product","2":"type-product","3":"status-publish","4":"has-post-thumbnail","6":"product_brand-thule-de","7":"product_cat-heck-fahrradtraeger","9":"first","10":"instock","11":"taxable","12":"shipping-taxable","13":"purchasable","14":"product-type-simple"},"acf":[],"yoast_head":"<!-- This site is optimized with the Yoast SEO plugin v27.4 - https:\/\/yoast.com\/product\/yoast-seo-wordpress\/ -->\n<title>Fahrradtr\u00e4ger Thule Sport G2 Universal 2 R\u00e4der Traglast 38 kg - Bantam Camping AG<\/title>\n<meta name=\"robots\" content=\"index, follow, max-snippet:-1, max-image-preview:large, max-video-preview:-1\" \/>\n<link rel=\"canonical\" href=\"https:\/\/shop.bantam.ch\/de\/produkt\/fahrradtraeger-sport-g2-universal\/\" \/>\n<meta property=\"og:locale\" content=\"de_DE\" \/>\n<meta property=\"og:type\" content=\"article\" \/>\n<meta property=\"og:title\" content=\"Fahrradtr\u00e4ger Thule Sport G2 Universal 2 R\u00e4der Traglast 38 kg - Bantam Camping AG\" \/>\n<meta property=\"og:description\" content=\"Empfohlen f\u00fcr die Montage an der hinteren Wohnwagenwand. Untere Befestigung wird direkt an dem Wohnwagenboden angebracht. Robust und langlebig &#8211; die Produktpalette wurde aus hochwertigen, leichten Materialien gefertigt. Durch die gleichm\u00e4\u00dfige Verteilung des Gewichts Ihrer Fahrradtr\u00e4ger auf der verriegelbaren Plattform wird optimale Stabilit\u00e4t erzielt. Mit dem neuen extra stabilen Rahmenhalter, neuen Strips mit Click-Verschluss und [&hellip;]\" \/>\n<meta property=\"og:url\" content=\"https:\/\/shop.bantam.ch\/de\/produkt\/fahrradtraeger-sport-g2-universal\/\" \/>\n<meta property=\"og:site_name\" content=\"Bantam Camping AG\" \/>\n<meta property=\"article:modified_time\" content=\"2026-04-18T18:39:24+00:00\" \/>\n<meta property=\"og:image\" content=\"https:\/\/shop.bantam.ch\/wp-content\/uploads\/2023\/02\/9983367-Thule_Sport_G2_Universal_Caravan-Ausschnitt-01-1.jpg\" \/>\n\t<meta property=\"og:image:width\" content=\"665\" \/>\n\t<meta property=\"og:image:height\" content=\"1000\" \/>\n\t<meta property=\"og:image:type\" content=\"image\/jpeg\" \/>\n<meta name=\"twitter:card\" content=\"summary_large_image\" \/>\n<script type=\"application\/ld+json\" class=\"yoast-schema-graph\">{\"@context\":\"https:\\\/\\\/schema.org\",\"@graph\":[{\"@type\":\"WebPage\",\"@id\":\"https:\\\/\\\/shop.bantam.ch\\\/de\\\/produkt\\\/fahrradtraeger-sport-g2-universal\\\/\",\"url\":\"https:\\\/\\\/shop.bantam.ch\\\/de\\\/produkt\\\/fahrradtraeger-sport-g2-universal\\\/\",\"name\":\"Fahrradtr\u00e4ger Thule Sport G2 Universal 2 R\u00e4der Traglast 38 kg - Bantam Camping AG\",\"isPartOf\":{\"@id\":\"https:\\\/\\\/shop.bantam.ch\\\/de\\\/#website\"},\"primaryImageOfPage\":{\"@id\":\"https:\\\/\\\/shop.bantam.ch\\\/de\\\/produkt\\\/fahrradtraeger-sport-g2-universal\\\/#primaryimage\"},\"image\":{\"@id\":\"https:\\\/\\\/shop.bantam.ch\\\/de\\\/produkt\\\/fahrradtraeger-sport-g2-universal\\\/#primaryimage\"},\"thumbnailUrl\":\"https:\\\/\\\/shop.bantam.ch\\\/wp-content\\\/uploads\\\/2023\\\/02\\\/9983367-Thule_Sport_G2_Universal_Caravan-Ausschnitt-01-1.jpg\",\"datePublished\":\"2023-02-22T17:41:16+00:00\",\"dateModified\":\"2026-04-18T18:39:24+00:00\",\"breadcrumb\":{\"@id\":\"https:\\\/\\\/shop.bantam.ch\\\/de\\\/produkt\\\/fahrradtraeger-sport-g2-universal\\\/#breadcrumb\"},\"inLanguage\":\"de\",\"potentialAction\":[{\"@type\":\"ReadAction\",\"target\":[\"https:\\\/\\\/shop.bantam.ch\\\/de\\\/produkt\\\/fahrradtraeger-sport-g2-universal\\\/\"]}]},{\"@type\":\"ImageObject\",\"inLanguage\":\"de\",\"@id\":\"https:\\\/\\\/shop.bantam.ch\\\/de\\\/produkt\\\/fahrradtraeger-sport-g2-universal\\\/#primaryimage\",\"url\":\"https:\\\/\\\/shop.bantam.ch\\\/wp-content\\\/uploads\\\/2023\\\/02\\\/9983367-Thule_Sport_G2_Universal_Caravan-Ausschnitt-01-1.jpg\",\"contentUrl\":\"https:\\\/\\\/shop.bantam.ch\\\/wp-content\\\/uploads\\\/2023\\\/02\\\/9983367-Thule_Sport_G2_Universal_Caravan-Ausschnitt-01-1.jpg\",\"width\":665,\"height\":1000},{\"@type\":\"BreadcrumbList\",\"@id\":\"https:\\\/\\\/shop.bantam.ch\\\/de\\\/produkt\\\/fahrradtraeger-sport-g2-universal\\\/#breadcrumb\",\"itemListElement\":[{\"@type\":\"ListItem\",\"position\":1,\"name\":\"Accueil\",\"item\":\"https:\\\/\\\/shop.bantam.ch\\\/de\\\/\"},{\"@type\":\"ListItem\",\"position\":2,\"name\":\"Shop\",\"item\":\"https:\\\/\\\/shop.bantam.ch\\\/de\\\/shop\\\/\"},{\"@type\":\"ListItem\",\"position\":3,\"name\":\"Fahrradtr\u00e4ger Thule Sport G2 Universal 2 R\u00e4der Traglast 38 kg\"}]},{\"@type\":\"WebSite\",\"@id\":\"https:\\\/\\\/shop.bantam.ch\\\/de\\\/#website\",\"url\":\"https:\\\/\\\/shop.bantam.ch\\\/de\\\/\",\"name\":\"Bantam Camping AG\",\"description\":\"\",\"publisher\":{\"@id\":\"https:\\\/\\\/shop.bantam.ch\\\/de\\\/#organization\"},\"inLanguage\":\"de\"},{\"@type\":\"Organization\",\"@id\":\"https:\\\/\\\/shop.bantam.ch\\\/de\\\/#organization\",\"name\":\"Bantam Camping AG\",\"url\":\"https:\\\/\\\/shop.bantam.ch\\\/de\\\/\",\"logo\":{\"@type\":\"ImageObject\",\"inLanguage\":\"de\",\"@id\":\"https:\\\/\\\/shop.bantam.ch\\\/de\\\/#\\\/schema\\\/logo\\\/image\\\/\",\"url\":\"https:\\\/\\\/shop.bantam.ch\\\/wp-content\\\/uploads\\\/2022\\\/12\\\/bantam-logo.png\",\"contentUrl\":\"https:\\\/\\\/shop.bantam.ch\\\/wp-content\\\/uploads\\\/2022\\\/12\\\/bantam-logo.png\",\"width\":320,\"height\":71,\"caption\":\"Bantam Camping AG\"},\"image\":{\"@id\":\"https:\\\/\\\/shop.bantam.ch\\\/de\\\/#\\\/schema\\\/logo\\\/image\\\/\"}}]}<\/script>\n<!-- \/ Yoast SEO plugin. -->","yoast_head_json":{"title":"Fahrradtr\u00e4ger Thule Sport G2 Universal 2 R\u00e4der Traglast 38 kg - Bantam Camping AG","robots":{"index":"index","follow":"follow","max-snippet":"max-snippet:-1","max-image-preview":"max-image-preview:large","max-video-preview":"max-video-preview:-1"},"canonical":"https:\/\/shop.bantam.ch\/de\/produkt\/fahrradtraeger-sport-g2-universal\/","og_locale":"de_DE","og_type":"article","og_title":"Fahrradtr\u00e4ger Thule Sport G2 Universal 2 R\u00e4der Traglast 38 kg - Bantam Camping AG","og_description":"Empfohlen f\u00fcr die Montage an der hinteren Wohnwagenwand. Untere Befestigung wird direkt an dem Wohnwagenboden angebracht. Robust und langlebig &#8211; die Produktpalette wurde aus hochwertigen, leichten Materialien gefertigt. Durch die gleichm\u00e4\u00dfige Verteilung des Gewichts Ihrer Fahrradtr\u00e4ger auf der verriegelbaren Plattform wird optimale Stabilit\u00e4t erzielt. Mit dem neuen extra stabilen Rahmenhalter, neuen Strips mit Click-Verschluss und [&hellip;]","og_url":"https:\/\/shop.bantam.ch\/de\/produkt\/fahrradtraeger-sport-g2-universal\/","og_site_name":"Bantam Camping AG","article_modified_time":"2026-04-18T18:39:24+00:00","og_image":[{"width":665,"height":1000,"url":"https:\/\/shop.bantam.ch\/wp-content\/uploads\/2023\/02\/9983367-Thule_Sport_G2_Universal_Caravan-Ausschnitt-01-1.jpg","type":"image\/jpeg"}],"twitter_card":"summary_large_image","schema":{"@context":"https:\/\/schema.org","@graph":[{"@type":"WebPage","@id":"https:\/\/shop.bantam.ch\/de\/produkt\/fahrradtraeger-sport-g2-universal\/","url":"https:\/\/shop.bantam.ch\/de\/produkt\/fahrradtraeger-sport-g2-universal\/","name":"Fahrradtr\u00e4ger Thule Sport G2 Universal 2 R\u00e4der Traglast 38 kg - Bantam Camping AG","isPartOf":{"@id":"https:\/\/shop.bantam.ch\/de\/#website"},"primaryImageOfPage":{"@id":"https:\/\/shop.bantam.ch\/de\/produkt\/fahrradtraeger-sport-g2-universal\/#primaryimage"},"image":{"@id":"https:\/\/shop.bantam.ch\/de\/produkt\/fahrradtraeger-sport-g2-universal\/#primaryimage"},"thumbnailUrl":"https:\/\/shop.bantam.ch\/wp-content\/uploads\/2023\/02\/9983367-Thule_Sport_G2_Universal_Caravan-Ausschnitt-01-1.jpg","datePublished":"2023-02-22T17:41:16+00:00","dateModified":"2026-04-18T18:39:24+00:00","breadcrumb":{"@id":"https:\/\/shop.bantam.ch\/de\/produkt\/fahrradtraeger-sport-g2-universal\/#breadcrumb"},"inLanguage":"de","potentialAction":[{"@type":"ReadAction","target":["https:\/\/shop.bantam.ch\/de\/produkt\/fahrradtraeger-sport-g2-universal\/"]}]},{"@type":"ImageObject","inLanguage":"de","@id":"https:\/\/shop.bantam.ch\/de\/produkt\/fahrradtraeger-sport-g2-universal\/#primaryimage","url":"https:\/\/shop.bantam.ch\/wp-content\/uploads\/2023\/02\/9983367-Thule_Sport_G2_Universal_Caravan-Ausschnitt-01-1.jpg","contentUrl":"https:\/\/shop.bantam.ch\/wp-content\/uploads\/2023\/02\/9983367-Thule_Sport_G2_Universal_Caravan-Ausschnitt-01-1.jpg","width":665,"height":1000},{"@type":"BreadcrumbList","@id":"https:\/\/shop.bantam.ch\/de\/produkt\/fahrradtraeger-sport-g2-universal\/#breadcrumb","itemListElement":[{"@type":"ListItem","position":1,"name":"Accueil","item":"https:\/\/shop.bantam.ch\/de\/"},{"@type":"ListItem","position":2,"name":"Shop","item":"https:\/\/shop.bantam.ch\/de\/shop\/"},{"@type":"ListItem","position":3,"name":"Fahrradtr\u00e4ger Thule Sport G2 Universal 2 R\u00e4der Traglast 38 kg"}]},{"@type":"WebSite","@id":"https:\/\/shop.bantam.ch\/de\/#website","url":"https:\/\/shop.bantam.ch\/de\/","name":"Bantam Camping AG","description":"","publisher":{"@id":"https:\/\/shop.bantam.ch\/de\/#organization"},"inLanguage":"de"},{"@type":"Organization","@id":"https:\/\/shop.bantam.ch\/de\/#organization","name":"Bantam Camping AG","url":"https:\/\/shop.bantam.ch\/de\/","logo":{"@type":"ImageObject","inLanguage":"de","@id":"https:\/\/shop.bantam.ch\/de\/#\/schema\/logo\/image\/","url":"https:\/\/shop.bantam.ch\/wp-content\/uploads\/2022\/12\/bantam-logo.png","contentUrl":"https:\/\/shop.bantam.ch\/wp-content\/uploads\/2022\/12\/bantam-logo.png","width":320,"height":71,"caption":"Bantam Camping AG"},"image":{"@id":"https:\/\/shop.bantam.ch\/de\/#\/schema\/logo\/image\/"}}]}},"_links":{"self":[{"href":"https:\/\/shop.bantam.ch\/de\/wp-json\/wp\/v2\/product\/33484","targetHints":{"allow":["GET"]}}],"collection":[{"href":"https:\/\/shop.bantam.ch\/de\/wp-json\/wp\/v2\/product"}],"about":[{"href":"https:\/\/shop.bantam.ch\/de\/wp-json\/wp\/v2\/types\/product"}],"wp:featuredmedia":[{"embeddable":true,"href":"https:\/\/shop.bantam.ch\/de\/wp-json\/wp\/v2\/media\/33478"}],"wp:attachment":[{"href":"https:\/\/shop.bantam.ch\/de\/wp-json\/wp\/v2\/media?parent=33484"}],"wp:term":[{"taxonomy":"product_featured_cat","embeddable":true,"href":"https:\/\/shop.bantam.ch\/de\/wp-json\/wp\/v2\/product_featured_cat?post=33484"},{"taxonomy":"product_brand","embeddable":true,"href":"https:\/\/shop.bantam.ch\/de\/wp-json\/wp\/v2\/product_brand?post=33484"},{"taxonomy":"product_cat","embeddable":true,"href":"https:\/\/shop.bantam.ch\/de\/wp-json\/wp\/v2\/product_cat?post=33484"},{"taxonomy":"product_tag","embeddable":true,"href":"https:\/\/shop.bantam.ch\/de\/wp-json\/wp\/v2\/product_tag?post=33484"}],"curies":[{"name":"wp","href":"https:\/\/api.w.org\/{rel}","templated":true}]}}