{"id":33476,"date":"2023-02-22T18:41:09","date_gmt":"2023-02-22T17:41:09","guid":{"rendered":"http:\/\/preprod-dev.sh1.hidora.com\/webshop\/produit\/fahrradtraege-sport-g2-kurze-version\/"},"modified":"2026-04-17T20:39:10","modified_gmt":"2026-04-17T18:39:10","slug":"fahrradtraege-sport-g2-kurze-version","status":"publish","type":"product","link":"https:\/\/shop.bantam.ch\/de\/produkt\/fahrradtraege-sport-g2-kurze-version\/","title":{"rendered":"Fahrradtr\u00e4ger Thule Sport G2 kurze Version 2 R\u00e4der Traglast 50 kg"},"content":{"rendered":"<p>Robust und langlebig &#8211; Die Produktpalette wurde aus hochwertigen, leichten Materialien gefertigt. Durch die gleichm\u00e4\u00dfige Verteilung des Gewichts Ihrer Fahrr\u00e4der auf der Plattform wird optimale Stabilit\u00e4t erzielt.<br \/>Bestens geeignet f\u00fcr das Heck von Wohnwagen und Wohnmobilen. Empfohlen f\u00fcr eine vertikale Wand zwischen 40 und 70 cm.<br \/>Mit dem neuen extra stabilen Rahmenhalter, neuen Strips mit Click-Verschluss und die ohne Werkzeug verschiebbaren Schienen bietet der Sport G2 hohen Komfort und eine einfache Handhabung.<\/p>\n<ul>\n<li>Verriegelbare Plattform<\/li>\n<li>F\u00fcr 2 R\u00e4der, auf 3 erweiterbar<\/li>\n<\/ul>\n<p>Lieferumfang: <br \/>Inklusive unterer Montageschiene<\/p>\n","protected":false},"excerpt":{"rendered":"<p>Robust und langlebig &#8211; Die Produktpalette wurde aus hochwertigen, leichten Materialien gefertigt. Durch die gleichm\u00e4\u00dfige Verteilung des Gewichts Ihrer Fahrr\u00e4der auf der Plattform wird optimale Stabilit\u00e4t erzielt.Bestens geeignet f\u00fcr das Heck von Wohnwagen und Wohnmobilen. Empfohlen f\u00fcr eine vertikale Wand zwischen 40 und 70 cm.Mit dem neuen extra stabilen Rahmenhalter, neuen Strips mit Click-Verschluss und [&hellip;]<\/p>\n","protected":false},"featured_media":33466,"template":"","meta":{"_acf_changed":false},"product_featured_cat":[],"product_brand":[3047],"product_cat":[5138],"product_tag":[],"class_list":{"0":"post-33476","1":"product","2":"type-product","3":"status-publish","4":"has-post-thumbnail","6":"product_brand-thule-de","7":"product_cat-heck-fahrradtraeger","9":"first","10":"instock","11":"taxable","12":"shipping-taxable","13":"purchasable","14":"product-type-simple"},"acf":[],"yoast_head":"<!-- This site is optimized with the Yoast SEO plugin v27.4 - https:\/\/yoast.com\/product\/yoast-seo-wordpress\/ -->\n<title>Fahrradtr\u00e4ger Thule Sport G2 kurze Version 2 R\u00e4der Traglast 50 kg - Bantam Camping AG<\/title>\n<meta name=\"robots\" content=\"index, follow, max-snippet:-1, max-image-preview:large, max-video-preview:-1\" \/>\n<link rel=\"canonical\" href=\"https:\/\/shop.bantam.ch\/de\/produkt\/fahrradtraege-sport-g2-kurze-version\/\" \/>\n<meta property=\"og:locale\" content=\"de_DE\" \/>\n<meta property=\"og:type\" content=\"article\" \/>\n<meta property=\"og:title\" content=\"Fahrradtr\u00e4ger Thule Sport G2 kurze Version 2 R\u00e4der Traglast 50 kg - Bantam Camping AG\" \/>\n<meta property=\"og:description\" content=\"Robust und langlebig &#8211; Die Produktpalette wurde aus hochwertigen, leichten Materialien gefertigt. Durch die gleichm\u00e4\u00dfige Verteilung des Gewichts Ihrer Fahrr\u00e4der auf der Plattform wird optimale Stabilit\u00e4t erzielt.Bestens geeignet f\u00fcr das Heck von Wohnwagen und Wohnmobilen. Empfohlen f\u00fcr eine vertikale Wand zwischen 40 und 70 cm.Mit dem neuen extra stabilen Rahmenhalter, neuen Strips mit Click-Verschluss und [&hellip;]\" \/>\n<meta property=\"og:url\" content=\"https:\/\/shop.bantam.ch\/de\/produkt\/fahrradtraege-sport-g2-kurze-version\/\" \/>\n<meta property=\"og:site_name\" content=\"Bantam Camping AG\" \/>\n<meta property=\"article:modified_time\" content=\"2026-04-17T18:39:10+00:00\" \/>\n<meta property=\"og:image\" content=\"https:\/\/shop.bantam.ch\/wp-content\/uploads\/2023\/02\/9983366-Thule_Sport_G2_kurze_Version-Standard-01-1.jpg\" \/>\n\t<meta property=\"og:image:width\" content=\"664\" \/>\n\t<meta property=\"og:image:height\" content=\"1000\" \/>\n\t<meta property=\"og:image:type\" content=\"image\/jpeg\" \/>\n<meta name=\"twitter:card\" content=\"summary_large_image\" \/>\n<script type=\"application\/ld+json\" class=\"yoast-schema-graph\">{\"@context\":\"https:\\\/\\\/schema.org\",\"@graph\":[{\"@type\":\"WebPage\",\"@id\":\"https:\\\/\\\/shop.bantam.ch\\\/de\\\/produkt\\\/fahrradtraege-sport-g2-kurze-version\\\/\",\"url\":\"https:\\\/\\\/shop.bantam.ch\\\/de\\\/produkt\\\/fahrradtraege-sport-g2-kurze-version\\\/\",\"name\":\"Fahrradtr\u00e4ger Thule Sport G2 kurze Version 2 R\u00e4der Traglast 50 kg - Bantam Camping AG\",\"isPartOf\":{\"@id\":\"https:\\\/\\\/shop.bantam.ch\\\/de\\\/#website\"},\"primaryImageOfPage\":{\"@id\":\"https:\\\/\\\/shop.bantam.ch\\\/de\\\/produkt\\\/fahrradtraege-sport-g2-kurze-version\\\/#primaryimage\"},\"image\":{\"@id\":\"https:\\\/\\\/shop.bantam.ch\\\/de\\\/produkt\\\/fahrradtraege-sport-g2-kurze-version\\\/#primaryimage\"},\"thumbnailUrl\":\"https:\\\/\\\/shop.bantam.ch\\\/wp-content\\\/uploads\\\/2023\\\/02\\\/9983366-Thule_Sport_G2_kurze_Version-Standard-01-1.jpg\",\"datePublished\":\"2023-02-22T17:41:09+00:00\",\"dateModified\":\"2026-04-17T18:39:10+00:00\",\"breadcrumb\":{\"@id\":\"https:\\\/\\\/shop.bantam.ch\\\/de\\\/produkt\\\/fahrradtraege-sport-g2-kurze-version\\\/#breadcrumb\"},\"inLanguage\":\"de\",\"potentialAction\":[{\"@type\":\"ReadAction\",\"target\":[\"https:\\\/\\\/shop.bantam.ch\\\/de\\\/produkt\\\/fahrradtraege-sport-g2-kurze-version\\\/\"]}]},{\"@type\":\"ImageObject\",\"inLanguage\":\"de\",\"@id\":\"https:\\\/\\\/shop.bantam.ch\\\/de\\\/produkt\\\/fahrradtraege-sport-g2-kurze-version\\\/#primaryimage\",\"url\":\"https:\\\/\\\/shop.bantam.ch\\\/wp-content\\\/uploads\\\/2023\\\/02\\\/9983366-Thule_Sport_G2_kurze_Version-Standard-01-1.jpg\",\"contentUrl\":\"https:\\\/\\\/shop.bantam.ch\\\/wp-content\\\/uploads\\\/2023\\\/02\\\/9983366-Thule_Sport_G2_kurze_Version-Standard-01-1.jpg\",\"width\":664,\"height\":1000},{\"@type\":\"BreadcrumbList\",\"@id\":\"https:\\\/\\\/shop.bantam.ch\\\/de\\\/produkt\\\/fahrradtraege-sport-g2-kurze-version\\\/#breadcrumb\",\"itemListElement\":[{\"@type\":\"ListItem\",\"position\":1,\"name\":\"Accueil\",\"item\":\"https:\\\/\\\/shop.bantam.ch\\\/de\\\/\"},{\"@type\":\"ListItem\",\"position\":2,\"name\":\"Shop\",\"item\":\"https:\\\/\\\/shop.bantam.ch\\\/de\\\/shop\\\/\"},{\"@type\":\"ListItem\",\"position\":3,\"name\":\"Fahrradtr\u00e4ger Thule Sport G2 kurze Version 2 R\u00e4der Traglast 50 kg\"}]},{\"@type\":\"WebSite\",\"@id\":\"https:\\\/\\\/shop.bantam.ch\\\/de\\\/#website\",\"url\":\"https:\\\/\\\/shop.bantam.ch\\\/de\\\/\",\"name\":\"Bantam Camping AG\",\"description\":\"\",\"publisher\":{\"@id\":\"https:\\\/\\\/shop.bantam.ch\\\/de\\\/#organization\"},\"inLanguage\":\"de\"},{\"@type\":\"Organization\",\"@id\":\"https:\\\/\\\/shop.bantam.ch\\\/de\\\/#organization\",\"name\":\"Bantam Camping AG\",\"url\":\"https:\\\/\\\/shop.bantam.ch\\\/de\\\/\",\"logo\":{\"@type\":\"ImageObject\",\"inLanguage\":\"de\",\"@id\":\"https:\\\/\\\/shop.bantam.ch\\\/de\\\/#\\\/schema\\\/logo\\\/image\\\/\",\"url\":\"https:\\\/\\\/shop.bantam.ch\\\/wp-content\\\/uploads\\\/2022\\\/12\\\/bantam-logo.png\",\"contentUrl\":\"https:\\\/\\\/shop.bantam.ch\\\/wp-content\\\/uploads\\\/2022\\\/12\\\/bantam-logo.png\",\"width\":320,\"height\":71,\"caption\":\"Bantam Camping AG\"},\"image\":{\"@id\":\"https:\\\/\\\/shop.bantam.ch\\\/de\\\/#\\\/schema\\\/logo\\\/image\\\/\"}}]}<\/script>\n<!-- \/ Yoast SEO plugin. -->","yoast_head_json":{"title":"Fahrradtr\u00e4ger Thule Sport G2 kurze Version 2 R\u00e4der Traglast 50 kg - Bantam Camping AG","robots":{"index":"index","follow":"follow","max-snippet":"max-snippet:-1","max-image-preview":"max-image-preview:large","max-video-preview":"max-video-preview:-1"},"canonical":"https:\/\/shop.bantam.ch\/de\/produkt\/fahrradtraege-sport-g2-kurze-version\/","og_locale":"de_DE","og_type":"article","og_title":"Fahrradtr\u00e4ger Thule Sport G2 kurze Version 2 R\u00e4der Traglast 50 kg - Bantam Camping AG","og_description":"Robust und langlebig &#8211; Die Produktpalette wurde aus hochwertigen, leichten Materialien gefertigt. Durch die gleichm\u00e4\u00dfige Verteilung des Gewichts Ihrer Fahrr\u00e4der auf der Plattform wird optimale Stabilit\u00e4t erzielt.Bestens geeignet f\u00fcr das Heck von Wohnwagen und Wohnmobilen. Empfohlen f\u00fcr eine vertikale Wand zwischen 40 und 70 cm.Mit dem neuen extra stabilen Rahmenhalter, neuen Strips mit Click-Verschluss und [&hellip;]","og_url":"https:\/\/shop.bantam.ch\/de\/produkt\/fahrradtraege-sport-g2-kurze-version\/","og_site_name":"Bantam Camping AG","article_modified_time":"2026-04-17T18:39:10+00:00","og_image":[{"width":664,"height":1000,"url":"https:\/\/shop.bantam.ch\/wp-content\/uploads\/2023\/02\/9983366-Thule_Sport_G2_kurze_Version-Standard-01-1.jpg","type":"image\/jpeg"}],"twitter_card":"summary_large_image","schema":{"@context":"https:\/\/schema.org","@graph":[{"@type":"WebPage","@id":"https:\/\/shop.bantam.ch\/de\/produkt\/fahrradtraege-sport-g2-kurze-version\/","url":"https:\/\/shop.bantam.ch\/de\/produkt\/fahrradtraege-sport-g2-kurze-version\/","name":"Fahrradtr\u00e4ger Thule Sport G2 kurze Version 2 R\u00e4der Traglast 50 kg - Bantam Camping AG","isPartOf":{"@id":"https:\/\/shop.bantam.ch\/de\/#website"},"primaryImageOfPage":{"@id":"https:\/\/shop.bantam.ch\/de\/produkt\/fahrradtraege-sport-g2-kurze-version\/#primaryimage"},"image":{"@id":"https:\/\/shop.bantam.ch\/de\/produkt\/fahrradtraege-sport-g2-kurze-version\/#primaryimage"},"thumbnailUrl":"https:\/\/shop.bantam.ch\/wp-content\/uploads\/2023\/02\/9983366-Thule_Sport_G2_kurze_Version-Standard-01-1.jpg","datePublished":"2023-02-22T17:41:09+00:00","dateModified":"2026-04-17T18:39:10+00:00","breadcrumb":{"@id":"https:\/\/shop.bantam.ch\/de\/produkt\/fahrradtraege-sport-g2-kurze-version\/#breadcrumb"},"inLanguage":"de","potentialAction":[{"@type":"ReadAction","target":["https:\/\/shop.bantam.ch\/de\/produkt\/fahrradtraege-sport-g2-kurze-version\/"]}]},{"@type":"ImageObject","inLanguage":"de","@id":"https:\/\/shop.bantam.ch\/de\/produkt\/fahrradtraege-sport-g2-kurze-version\/#primaryimage","url":"https:\/\/shop.bantam.ch\/wp-content\/uploads\/2023\/02\/9983366-Thule_Sport_G2_kurze_Version-Standard-01-1.jpg","contentUrl":"https:\/\/shop.bantam.ch\/wp-content\/uploads\/2023\/02\/9983366-Thule_Sport_G2_kurze_Version-Standard-01-1.jpg","width":664,"height":1000},{"@type":"BreadcrumbList","@id":"https:\/\/shop.bantam.ch\/de\/produkt\/fahrradtraege-sport-g2-kurze-version\/#breadcrumb","itemListElement":[{"@type":"ListItem","position":1,"name":"Accueil","item":"https:\/\/shop.bantam.ch\/de\/"},{"@type":"ListItem","position":2,"name":"Shop","item":"https:\/\/shop.bantam.ch\/de\/shop\/"},{"@type":"ListItem","position":3,"name":"Fahrradtr\u00e4ger Thule Sport G2 kurze Version 2 R\u00e4der Traglast 50 kg"}]},{"@type":"WebSite","@id":"https:\/\/shop.bantam.ch\/de\/#website","url":"https:\/\/shop.bantam.ch\/de\/","name":"Bantam Camping AG","description":"","publisher":{"@id":"https:\/\/shop.bantam.ch\/de\/#organization"},"inLanguage":"de"},{"@type":"Organization","@id":"https:\/\/shop.bantam.ch\/de\/#organization","name":"Bantam Camping AG","url":"https:\/\/shop.bantam.ch\/de\/","logo":{"@type":"ImageObject","inLanguage":"de","@id":"https:\/\/shop.bantam.ch\/de\/#\/schema\/logo\/image\/","url":"https:\/\/shop.bantam.ch\/wp-content\/uploads\/2022\/12\/bantam-logo.png","contentUrl":"https:\/\/shop.bantam.ch\/wp-content\/uploads\/2022\/12\/bantam-logo.png","width":320,"height":71,"caption":"Bantam Camping AG"},"image":{"@id":"https:\/\/shop.bantam.ch\/de\/#\/schema\/logo\/image\/"}}]}},"_links":{"self":[{"href":"https:\/\/shop.bantam.ch\/de\/wp-json\/wp\/v2\/product\/33476","targetHints":{"allow":["GET"]}}],"collection":[{"href":"https:\/\/shop.bantam.ch\/de\/wp-json\/wp\/v2\/product"}],"about":[{"href":"https:\/\/shop.bantam.ch\/de\/wp-json\/wp\/v2\/types\/product"}],"wp:featuredmedia":[{"embeddable":true,"href":"https:\/\/shop.bantam.ch\/de\/wp-json\/wp\/v2\/media\/33466"}],"wp:attachment":[{"href":"https:\/\/shop.bantam.ch\/de\/wp-json\/wp\/v2\/media?parent=33476"}],"wp:term":[{"taxonomy":"product_featured_cat","embeddable":true,"href":"https:\/\/shop.bantam.ch\/de\/wp-json\/wp\/v2\/product_featured_cat?post=33476"},{"taxonomy":"product_brand","embeddable":true,"href":"https:\/\/shop.bantam.ch\/de\/wp-json\/wp\/v2\/product_brand?post=33476"},{"taxonomy":"product_cat","embeddable":true,"href":"https:\/\/shop.bantam.ch\/de\/wp-json\/wp\/v2\/product_cat?post=33476"},{"taxonomy":"product_tag","embeddable":true,"href":"https:\/\/shop.bantam.ch\/de\/wp-json\/wp\/v2\/product_tag?post=33476"}],"curies":[{"name":"wp","href":"https:\/\/api.w.org\/{rel}","templated":true}]}}