{"id":33464,"date":"2023-02-22T18:41:01","date_gmt":"2023-02-22T17:41:01","guid":{"rendered":"http:\/\/preprod-dev.sh1.hidora.com\/webshop\/produit\/fahrradtraege-sport-g2-standard\/"},"modified":"2026-04-17T20:39:09","modified_gmt":"2026-04-17T18:39:09","slug":"fahrradtraege-sport-g2-standard","status":"publish","type":"product","link":"https:\/\/shop.bantam.ch\/de\/produkt\/fahrradtraege-sport-g2-standard\/","title":{"rendered":"Fahrradtr\u00e4ger Thule Sport G2 Standard 2 R\u00e4der Traglast 50 kg"},"content":{"rendered":"<p>Robust und langlebig &#8211; Die Produktpalette wurde aus hochwertigen, leichten Materialien gefertigt. Durch die gleichm\u00e4\u00dfige Verteilung des Gewichts Ihrer Fahrr\u00e4der auf der Plattform wird optimale Stabilit\u00e4t erzielt.<br \/>Bestens geeignet f\u00fcr das Heck von Wohnwagen und Wohnmobilen. Empfohlen f\u00fcr einen Befestigungsabstand zwischen 80 und 150 cm.<\/p>\n<ul>\n<li>Verriegelbare Plattform<\/li>\n<li>F\u00fcr 2 R\u00e4der, auf 3 erweiterbar<\/li>\n<\/ul>\n<p>Lieferumfang: <br \/>Inklusive unterer Montageschiene<\/p>\n","protected":false},"excerpt":{"rendered":"<p>Robust und langlebig &#8211; Die Produktpalette wurde aus hochwertigen, leichten Materialien gefertigt. Durch die gleichm\u00e4\u00dfige Verteilung des Gewichts Ihrer Fahrr\u00e4der auf der Plattform wird optimale Stabilit\u00e4t erzielt.Bestens geeignet f\u00fcr das Heck von Wohnwagen und Wohnmobilen. Empfohlen f\u00fcr einen Befestigungsabstand zwischen 80 und 150 cm. Verriegelbare Plattform F\u00fcr 2 R\u00e4der, auf 3 erweiterbar Lieferumfang: Inklusive unterer [&hellip;]<\/p>\n","protected":false},"featured_media":33456,"template":"","meta":{"_acf_changed":false},"product_featured_cat":[],"product_brand":[3047],"product_cat":[5138],"product_tag":[],"class_list":{"0":"post-33464","1":"product","2":"type-product","3":"status-publish","4":"has-post-thumbnail","6":"product_brand-thule-de","7":"product_cat-heck-fahrradtraeger","9":"first","10":"instock","11":"taxable","12":"shipping-taxable","13":"purchasable","14":"product-type-simple"},"acf":[],"yoast_head":"<!-- This site is optimized with the Yoast SEO plugin v27.4 - https:\/\/yoast.com\/product\/yoast-seo-wordpress\/ -->\n<title>Fahrradtr\u00e4ger Thule Sport G2 Standard 2 R\u00e4der Traglast 50 kg - Bantam Camping AG<\/title>\n<meta name=\"robots\" content=\"index, follow, max-snippet:-1, max-image-preview:large, max-video-preview:-1\" \/>\n<link rel=\"canonical\" href=\"https:\/\/shop.bantam.ch\/de\/produkt\/fahrradtraege-sport-g2-standard\/\" \/>\n<meta property=\"og:locale\" content=\"de_DE\" \/>\n<meta property=\"og:type\" content=\"article\" \/>\n<meta property=\"og:title\" content=\"Fahrradtr\u00e4ger Thule Sport G2 Standard 2 R\u00e4der Traglast 50 kg - Bantam Camping AG\" \/>\n<meta property=\"og:description\" content=\"Robust und langlebig &#8211; Die Produktpalette wurde aus hochwertigen, leichten Materialien gefertigt. Durch die gleichm\u00e4\u00dfige Verteilung des Gewichts Ihrer Fahrr\u00e4der auf der Plattform wird optimale Stabilit\u00e4t erzielt.Bestens geeignet f\u00fcr das Heck von Wohnwagen und Wohnmobilen. Empfohlen f\u00fcr einen Befestigungsabstand zwischen 80 und 150 cm. Verriegelbare Plattform F\u00fcr 2 R\u00e4der, auf 3 erweiterbar Lieferumfang: Inklusive unterer [&hellip;]\" \/>\n<meta property=\"og:url\" content=\"https:\/\/shop.bantam.ch\/de\/produkt\/fahrradtraege-sport-g2-standard\/\" \/>\n<meta property=\"og:site_name\" content=\"Bantam Camping AG\" \/>\n<meta property=\"article:modified_time\" content=\"2026-04-17T18:39:09+00:00\" \/>\n<meta property=\"og:image\" content=\"https:\/\/shop.bantam.ch\/wp-content\/uploads\/2023\/02\/9983365-Thule_Sport_G2-Standard-01-1.jpg\" \/>\n\t<meta property=\"og:image:width\" content=\"664\" \/>\n\t<meta property=\"og:image:height\" content=\"1000\" \/>\n\t<meta property=\"og:image:type\" content=\"image\/jpeg\" \/>\n<meta name=\"twitter:card\" content=\"summary_large_image\" \/>\n<script type=\"application\/ld+json\" class=\"yoast-schema-graph\">{\"@context\":\"https:\\\/\\\/schema.org\",\"@graph\":[{\"@type\":\"WebPage\",\"@id\":\"https:\\\/\\\/shop.bantam.ch\\\/de\\\/produkt\\\/fahrradtraege-sport-g2-standard\\\/\",\"url\":\"https:\\\/\\\/shop.bantam.ch\\\/de\\\/produkt\\\/fahrradtraege-sport-g2-standard\\\/\",\"name\":\"Fahrradtr\u00e4ger Thule Sport G2 Standard 2 R\u00e4der Traglast 50 kg - Bantam Camping AG\",\"isPartOf\":{\"@id\":\"https:\\\/\\\/shop.bantam.ch\\\/de\\\/#website\"},\"primaryImageOfPage\":{\"@id\":\"https:\\\/\\\/shop.bantam.ch\\\/de\\\/produkt\\\/fahrradtraege-sport-g2-standard\\\/#primaryimage\"},\"image\":{\"@id\":\"https:\\\/\\\/shop.bantam.ch\\\/de\\\/produkt\\\/fahrradtraege-sport-g2-standard\\\/#primaryimage\"},\"thumbnailUrl\":\"https:\\\/\\\/shop.bantam.ch\\\/wp-content\\\/uploads\\\/2023\\\/02\\\/9983365-Thule_Sport_G2-Standard-01-1.jpg\",\"datePublished\":\"2023-02-22T17:41:01+00:00\",\"dateModified\":\"2026-04-17T18:39:09+00:00\",\"breadcrumb\":{\"@id\":\"https:\\\/\\\/shop.bantam.ch\\\/de\\\/produkt\\\/fahrradtraege-sport-g2-standard\\\/#breadcrumb\"},\"inLanguage\":\"de\",\"potentialAction\":[{\"@type\":\"ReadAction\",\"target\":[\"https:\\\/\\\/shop.bantam.ch\\\/de\\\/produkt\\\/fahrradtraege-sport-g2-standard\\\/\"]}]},{\"@type\":\"ImageObject\",\"inLanguage\":\"de\",\"@id\":\"https:\\\/\\\/shop.bantam.ch\\\/de\\\/produkt\\\/fahrradtraege-sport-g2-standard\\\/#primaryimage\",\"url\":\"https:\\\/\\\/shop.bantam.ch\\\/wp-content\\\/uploads\\\/2023\\\/02\\\/9983365-Thule_Sport_G2-Standard-01-1.jpg\",\"contentUrl\":\"https:\\\/\\\/shop.bantam.ch\\\/wp-content\\\/uploads\\\/2023\\\/02\\\/9983365-Thule_Sport_G2-Standard-01-1.jpg\",\"width\":664,\"height\":1000},{\"@type\":\"BreadcrumbList\",\"@id\":\"https:\\\/\\\/shop.bantam.ch\\\/de\\\/produkt\\\/fahrradtraege-sport-g2-standard\\\/#breadcrumb\",\"itemListElement\":[{\"@type\":\"ListItem\",\"position\":1,\"name\":\"Accueil\",\"item\":\"https:\\\/\\\/shop.bantam.ch\\\/de\\\/\"},{\"@type\":\"ListItem\",\"position\":2,\"name\":\"Shop\",\"item\":\"https:\\\/\\\/shop.bantam.ch\\\/de\\\/shop\\\/\"},{\"@type\":\"ListItem\",\"position\":3,\"name\":\"Fahrradtr\u00e4ger Thule Sport G2 Standard 2 R\u00e4der Traglast 50 kg\"}]},{\"@type\":\"WebSite\",\"@id\":\"https:\\\/\\\/shop.bantam.ch\\\/de\\\/#website\",\"url\":\"https:\\\/\\\/shop.bantam.ch\\\/de\\\/\",\"name\":\"Bantam Camping AG\",\"description\":\"\",\"publisher\":{\"@id\":\"https:\\\/\\\/shop.bantam.ch\\\/de\\\/#organization\"},\"inLanguage\":\"de\"},{\"@type\":\"Organization\",\"@id\":\"https:\\\/\\\/shop.bantam.ch\\\/de\\\/#organization\",\"name\":\"Bantam Camping AG\",\"url\":\"https:\\\/\\\/shop.bantam.ch\\\/de\\\/\",\"logo\":{\"@type\":\"ImageObject\",\"inLanguage\":\"de\",\"@id\":\"https:\\\/\\\/shop.bantam.ch\\\/de\\\/#\\\/schema\\\/logo\\\/image\\\/\",\"url\":\"https:\\\/\\\/shop.bantam.ch\\\/wp-content\\\/uploads\\\/2022\\\/12\\\/bantam-logo.png\",\"contentUrl\":\"https:\\\/\\\/shop.bantam.ch\\\/wp-content\\\/uploads\\\/2022\\\/12\\\/bantam-logo.png\",\"width\":320,\"height\":71,\"caption\":\"Bantam Camping AG\"},\"image\":{\"@id\":\"https:\\\/\\\/shop.bantam.ch\\\/de\\\/#\\\/schema\\\/logo\\\/image\\\/\"}}]}<\/script>\n<!-- \/ Yoast SEO plugin. -->","yoast_head_json":{"title":"Fahrradtr\u00e4ger Thule Sport G2 Standard 2 R\u00e4der Traglast 50 kg - Bantam Camping AG","robots":{"index":"index","follow":"follow","max-snippet":"max-snippet:-1","max-image-preview":"max-image-preview:large","max-video-preview":"max-video-preview:-1"},"canonical":"https:\/\/shop.bantam.ch\/de\/produkt\/fahrradtraege-sport-g2-standard\/","og_locale":"de_DE","og_type":"article","og_title":"Fahrradtr\u00e4ger Thule Sport G2 Standard 2 R\u00e4der Traglast 50 kg - Bantam Camping AG","og_description":"Robust und langlebig &#8211; Die Produktpalette wurde aus hochwertigen, leichten Materialien gefertigt. Durch die gleichm\u00e4\u00dfige Verteilung des Gewichts Ihrer Fahrr\u00e4der auf der Plattform wird optimale Stabilit\u00e4t erzielt.Bestens geeignet f\u00fcr das Heck von Wohnwagen und Wohnmobilen. Empfohlen f\u00fcr einen Befestigungsabstand zwischen 80 und 150 cm. Verriegelbare Plattform F\u00fcr 2 R\u00e4der, auf 3 erweiterbar Lieferumfang: Inklusive unterer [&hellip;]","og_url":"https:\/\/shop.bantam.ch\/de\/produkt\/fahrradtraege-sport-g2-standard\/","og_site_name":"Bantam Camping AG","article_modified_time":"2026-04-17T18:39:09+00:00","og_image":[{"width":664,"height":1000,"url":"https:\/\/shop.bantam.ch\/wp-content\/uploads\/2023\/02\/9983365-Thule_Sport_G2-Standard-01-1.jpg","type":"image\/jpeg"}],"twitter_card":"summary_large_image","schema":{"@context":"https:\/\/schema.org","@graph":[{"@type":"WebPage","@id":"https:\/\/shop.bantam.ch\/de\/produkt\/fahrradtraege-sport-g2-standard\/","url":"https:\/\/shop.bantam.ch\/de\/produkt\/fahrradtraege-sport-g2-standard\/","name":"Fahrradtr\u00e4ger Thule Sport G2 Standard 2 R\u00e4der Traglast 50 kg - Bantam Camping AG","isPartOf":{"@id":"https:\/\/shop.bantam.ch\/de\/#website"},"primaryImageOfPage":{"@id":"https:\/\/shop.bantam.ch\/de\/produkt\/fahrradtraege-sport-g2-standard\/#primaryimage"},"image":{"@id":"https:\/\/shop.bantam.ch\/de\/produkt\/fahrradtraege-sport-g2-standard\/#primaryimage"},"thumbnailUrl":"https:\/\/shop.bantam.ch\/wp-content\/uploads\/2023\/02\/9983365-Thule_Sport_G2-Standard-01-1.jpg","datePublished":"2023-02-22T17:41:01+00:00","dateModified":"2026-04-17T18:39:09+00:00","breadcrumb":{"@id":"https:\/\/shop.bantam.ch\/de\/produkt\/fahrradtraege-sport-g2-standard\/#breadcrumb"},"inLanguage":"de","potentialAction":[{"@type":"ReadAction","target":["https:\/\/shop.bantam.ch\/de\/produkt\/fahrradtraege-sport-g2-standard\/"]}]},{"@type":"ImageObject","inLanguage":"de","@id":"https:\/\/shop.bantam.ch\/de\/produkt\/fahrradtraege-sport-g2-standard\/#primaryimage","url":"https:\/\/shop.bantam.ch\/wp-content\/uploads\/2023\/02\/9983365-Thule_Sport_G2-Standard-01-1.jpg","contentUrl":"https:\/\/shop.bantam.ch\/wp-content\/uploads\/2023\/02\/9983365-Thule_Sport_G2-Standard-01-1.jpg","width":664,"height":1000},{"@type":"BreadcrumbList","@id":"https:\/\/shop.bantam.ch\/de\/produkt\/fahrradtraege-sport-g2-standard\/#breadcrumb","itemListElement":[{"@type":"ListItem","position":1,"name":"Accueil","item":"https:\/\/shop.bantam.ch\/de\/"},{"@type":"ListItem","position":2,"name":"Shop","item":"https:\/\/shop.bantam.ch\/de\/shop\/"},{"@type":"ListItem","position":3,"name":"Fahrradtr\u00e4ger Thule Sport G2 Standard 2 R\u00e4der Traglast 50 kg"}]},{"@type":"WebSite","@id":"https:\/\/shop.bantam.ch\/de\/#website","url":"https:\/\/shop.bantam.ch\/de\/","name":"Bantam Camping AG","description":"","publisher":{"@id":"https:\/\/shop.bantam.ch\/de\/#organization"},"inLanguage":"de"},{"@type":"Organization","@id":"https:\/\/shop.bantam.ch\/de\/#organization","name":"Bantam Camping AG","url":"https:\/\/shop.bantam.ch\/de\/","logo":{"@type":"ImageObject","inLanguage":"de","@id":"https:\/\/shop.bantam.ch\/de\/#\/schema\/logo\/image\/","url":"https:\/\/shop.bantam.ch\/wp-content\/uploads\/2022\/12\/bantam-logo.png","contentUrl":"https:\/\/shop.bantam.ch\/wp-content\/uploads\/2022\/12\/bantam-logo.png","width":320,"height":71,"caption":"Bantam Camping AG"},"image":{"@id":"https:\/\/shop.bantam.ch\/de\/#\/schema\/logo\/image\/"}}]}},"_links":{"self":[{"href":"https:\/\/shop.bantam.ch\/de\/wp-json\/wp\/v2\/product\/33464","targetHints":{"allow":["GET"]}}],"collection":[{"href":"https:\/\/shop.bantam.ch\/de\/wp-json\/wp\/v2\/product"}],"about":[{"href":"https:\/\/shop.bantam.ch\/de\/wp-json\/wp\/v2\/types\/product"}],"wp:featuredmedia":[{"embeddable":true,"href":"https:\/\/shop.bantam.ch\/de\/wp-json\/wp\/v2\/media\/33456"}],"wp:attachment":[{"href":"https:\/\/shop.bantam.ch\/de\/wp-json\/wp\/v2\/media?parent=33464"}],"wp:term":[{"taxonomy":"product_featured_cat","embeddable":true,"href":"https:\/\/shop.bantam.ch\/de\/wp-json\/wp\/v2\/product_featured_cat?post=33464"},{"taxonomy":"product_brand","embeddable":true,"href":"https:\/\/shop.bantam.ch\/de\/wp-json\/wp\/v2\/product_brand?post=33464"},{"taxonomy":"product_cat","embeddable":true,"href":"https:\/\/shop.bantam.ch\/de\/wp-json\/wp\/v2\/product_cat?post=33464"},{"taxonomy":"product_tag","embeddable":true,"href":"https:\/\/shop.bantam.ch\/de\/wp-json\/wp\/v2\/product_tag?post=33464"}],"curies":[{"name":"wp","href":"https:\/\/api.w.org\/{rel}","templated":true}]}}