{"id":33136,"date":"2023-02-22T18:34:16","date_gmt":"2023-02-22T17:34:16","guid":{"rendered":"http:\/\/preprod-dev.sh1.hidora.com\/webshop\/produit\/motorrad-fahrradtraeger-universal-s-a-_starr-abnehmbar_\/"},"modified":"2026-04-17T20:38:19","modified_gmt":"2026-04-17T18:38:19","slug":"motorrad-fahrradtraeger-universal-s-a-_starr-abnehmbar_","status":"publish","type":"product","link":"https:\/\/shop.bantam.ch\/de\/produkt\/motorrad-fahrradtraeger-universal-s-a-_starr-abnehmbar_\/","title":{"rendered":"Motorrad- \/ Fahrradt\u00e4ger Weih Typ universal S\/A Traglast max. 170 kg"},"content":{"rendered":"<p>Dieses Tr\u00e4gersystem besteht aus fahrzeugspezifischen Stahl-Aufnahmen (ca. 8 -13 kg), die am Chassis\/Rahmenverl\u00e4ngerung des Wohnmobils angeschraubt werden und dem abnehmbaren Tr\u00e4ger selbst (ca. 20 kg). Durch das geringe Gewicht des Aluminiumtr\u00e4gers l\u00e4sst er sich leicht und mit wenigen Handgriffen am Fahrzeug anbringen und abnehmen. Erweiterbar bis 4 Fahrr\u00e4der oder Roller mit Fahrrad.<br \/>Passend f\u00fcr Wohnmobile mit AL-KO \/ Rahmenverl\u00e4ngerung oder Rahmenverl\u00e4ngerung, die f\u00fcr die Aufnahme einer AHK oder eines Lastentr\u00e4gers vorgesehen ist.<\/p>\n<p>Lieferumfang:<br \/>Vormontierter Tr\u00e4ger inkl. Beleuchtung mit 13(8)-poligem Anschlussstecker<br \/>Fahrzeugspez. Aufnahmen<br \/>Auffahrschiene<br \/>Wandhaltesystem<br \/>Befestigungsset und Haltearme f\u00fcr 1 Roller\/Motorrad<br \/>ECE-Gutachten<\/p>\n<ul>\n<li>Eigengewicht ca. 28 &#8211; 33 kg (Tr\u00e4ger + fahrzeugspezifische Aufnahmen)<\/li>\n<li>Traglast 170 kg (Hinterachslast des Mobils beachten)<\/li>\n<\/ul>\n","protected":false},"excerpt":{"rendered":"<p>Dieses Tr\u00e4gersystem besteht aus fahrzeugspezifischen Stahl-Aufnahmen (ca. 8 -13 kg), die am Chassis\/Rahmenverl\u00e4ngerung des Wohnmobils angeschraubt werden und dem abnehmbaren Tr\u00e4ger selbst (ca. 20 kg). Durch das geringe Gewicht des Aluminiumtr\u00e4gers l\u00e4sst er sich leicht und mit wenigen Handgriffen am Fahrzeug anbringen und abnehmen. Erweiterbar bis 4 Fahrr\u00e4der oder Roller mit Fahrrad.Passend f\u00fcr Wohnmobile mit [&hellip;]<\/p>\n","protected":false},"featured_media":33120,"template":"","meta":{"_acf_changed":false},"product_featured_cat":[],"product_brand":[3153],"product_cat":[4696],"product_tag":[],"class_list":{"0":"post-33136","1":"product","2":"type-product","3":"status-publish","4":"has-post-thumbnail","6":"product_brand-weih-tec-de","7":"product_cat-motorradtraeger","9":"first","10":"instock","11":"taxable","12":"shipping-taxable","13":"purchasable","14":"product-type-simple"},"acf":[],"yoast_head":"<!-- This site is optimized with the Yoast SEO plugin v27.4 - https:\/\/yoast.com\/product\/yoast-seo-wordpress\/ -->\n<title>Motorrad- \/ Fahrradt\u00e4ger Weih Typ universal S\/A Traglast max. 170 kg - Bantam Camping AG<\/title>\n<meta name=\"robots\" content=\"index, follow, max-snippet:-1, max-image-preview:large, max-video-preview:-1\" \/>\n<link rel=\"canonical\" href=\"https:\/\/shop.bantam.ch\/de\/produkt\/motorrad-fahrradtraeger-universal-s-a-_starr-abnehmbar_\/\" \/>\n<meta property=\"og:locale\" content=\"de_DE\" \/>\n<meta property=\"og:type\" content=\"article\" \/>\n<meta property=\"og:title\" content=\"Motorrad- \/ Fahrradt\u00e4ger Weih Typ universal S\/A Traglast max. 170 kg - Bantam Camping AG\" \/>\n<meta property=\"og:description\" content=\"Dieses Tr\u00e4gersystem besteht aus fahrzeugspezifischen Stahl-Aufnahmen (ca. 8 -13 kg), die am Chassis\/Rahmenverl\u00e4ngerung des Wohnmobils angeschraubt werden und dem abnehmbaren Tr\u00e4ger selbst (ca. 20 kg). Durch das geringe Gewicht des Aluminiumtr\u00e4gers l\u00e4sst er sich leicht und mit wenigen Handgriffen am Fahrzeug anbringen und abnehmen. Erweiterbar bis 4 Fahrr\u00e4der oder Roller mit Fahrrad.Passend f\u00fcr Wohnmobile mit [&hellip;]\" \/>\n<meta property=\"og:url\" content=\"https:\/\/shop.bantam.ch\/de\/produkt\/motorrad-fahrradtraeger-universal-s-a-_starr-abnehmbar_\/\" \/>\n<meta property=\"og:site_name\" content=\"Bantam Camping AG\" \/>\n<meta property=\"article:modified_time\" content=\"2026-04-17T18:38:19+00:00\" \/>\n<meta property=\"og:image\" content=\"https:\/\/shop.bantam.ch\/wp-content\/uploads\/2023\/02\/9988100-Motorradhalterung_universal-Standard-02-1.jpg\" \/>\n\t<meta property=\"og:image:width\" content=\"1000\" \/>\n\t<meta property=\"og:image:height\" content=\"997\" \/>\n\t<meta property=\"og:image:type\" content=\"image\/jpeg\" \/>\n<meta name=\"twitter:card\" content=\"summary_large_image\" \/>\n<meta name=\"twitter:label1\" content=\"Gesch\u00e4tzte Lesezeit\" \/>\n\t<meta name=\"twitter:data1\" content=\"1\u00a0Minute\" \/>\n<script type=\"application\/ld+json\" class=\"yoast-schema-graph\">{\"@context\":\"https:\\\/\\\/schema.org\",\"@graph\":[{\"@type\":\"WebPage\",\"@id\":\"https:\\\/\\\/shop.bantam.ch\\\/de\\\/produkt\\\/motorrad-fahrradtraeger-universal-s-a-_starr-abnehmbar_\\\/\",\"url\":\"https:\\\/\\\/shop.bantam.ch\\\/de\\\/produkt\\\/motorrad-fahrradtraeger-universal-s-a-_starr-abnehmbar_\\\/\",\"name\":\"Motorrad- \\\/ Fahrradt\u00e4ger Weih Typ universal S\\\/A Traglast max. 170 kg - Bantam Camping AG\",\"isPartOf\":{\"@id\":\"https:\\\/\\\/shop.bantam.ch\\\/de\\\/#website\"},\"primaryImageOfPage\":{\"@id\":\"https:\\\/\\\/shop.bantam.ch\\\/de\\\/produkt\\\/motorrad-fahrradtraeger-universal-s-a-_starr-abnehmbar_\\\/#primaryimage\"},\"image\":{\"@id\":\"https:\\\/\\\/shop.bantam.ch\\\/de\\\/produkt\\\/motorrad-fahrradtraeger-universal-s-a-_starr-abnehmbar_\\\/#primaryimage\"},\"thumbnailUrl\":\"https:\\\/\\\/shop.bantam.ch\\\/wp-content\\\/uploads\\\/2023\\\/02\\\/9988100-Motorradhalterung_universal-Standard-02-1.jpg\",\"datePublished\":\"2023-02-22T17:34:16+00:00\",\"dateModified\":\"2026-04-17T18:38:19+00:00\",\"breadcrumb\":{\"@id\":\"https:\\\/\\\/shop.bantam.ch\\\/de\\\/produkt\\\/motorrad-fahrradtraeger-universal-s-a-_starr-abnehmbar_\\\/#breadcrumb\"},\"inLanguage\":\"de\",\"potentialAction\":[{\"@type\":\"ReadAction\",\"target\":[\"https:\\\/\\\/shop.bantam.ch\\\/de\\\/produkt\\\/motorrad-fahrradtraeger-universal-s-a-_starr-abnehmbar_\\\/\"]}]},{\"@type\":\"ImageObject\",\"inLanguage\":\"de\",\"@id\":\"https:\\\/\\\/shop.bantam.ch\\\/de\\\/produkt\\\/motorrad-fahrradtraeger-universal-s-a-_starr-abnehmbar_\\\/#primaryimage\",\"url\":\"https:\\\/\\\/shop.bantam.ch\\\/wp-content\\\/uploads\\\/2023\\\/02\\\/9988100-Motorradhalterung_universal-Standard-02-1.jpg\",\"contentUrl\":\"https:\\\/\\\/shop.bantam.ch\\\/wp-content\\\/uploads\\\/2023\\\/02\\\/9988100-Motorradhalterung_universal-Standard-02-1.jpg\",\"width\":1000,\"height\":997},{\"@type\":\"BreadcrumbList\",\"@id\":\"https:\\\/\\\/shop.bantam.ch\\\/de\\\/produkt\\\/motorrad-fahrradtraeger-universal-s-a-_starr-abnehmbar_\\\/#breadcrumb\",\"itemListElement\":[{\"@type\":\"ListItem\",\"position\":1,\"name\":\"Accueil\",\"item\":\"https:\\\/\\\/shop.bantam.ch\\\/de\\\/\"},{\"@type\":\"ListItem\",\"position\":2,\"name\":\"Shop\",\"item\":\"https:\\\/\\\/shop.bantam.ch\\\/de\\\/shop\\\/\"},{\"@type\":\"ListItem\",\"position\":3,\"name\":\"Motorrad- \\\/ Fahrradt\u00e4ger Weih Typ universal S\\\/A Traglast max. 170 kg\"}]},{\"@type\":\"WebSite\",\"@id\":\"https:\\\/\\\/shop.bantam.ch\\\/de\\\/#website\",\"url\":\"https:\\\/\\\/shop.bantam.ch\\\/de\\\/\",\"name\":\"Bantam Camping AG\",\"description\":\"\",\"publisher\":{\"@id\":\"https:\\\/\\\/shop.bantam.ch\\\/de\\\/#organization\"},\"inLanguage\":\"de\"},{\"@type\":\"Organization\",\"@id\":\"https:\\\/\\\/shop.bantam.ch\\\/de\\\/#organization\",\"name\":\"Bantam Camping AG\",\"url\":\"https:\\\/\\\/shop.bantam.ch\\\/de\\\/\",\"logo\":{\"@type\":\"ImageObject\",\"inLanguage\":\"de\",\"@id\":\"https:\\\/\\\/shop.bantam.ch\\\/de\\\/#\\\/schema\\\/logo\\\/image\\\/\",\"url\":\"https:\\\/\\\/shop.bantam.ch\\\/wp-content\\\/uploads\\\/2022\\\/12\\\/bantam-logo.png\",\"contentUrl\":\"https:\\\/\\\/shop.bantam.ch\\\/wp-content\\\/uploads\\\/2022\\\/12\\\/bantam-logo.png\",\"width\":320,\"height\":71,\"caption\":\"Bantam Camping AG\"},\"image\":{\"@id\":\"https:\\\/\\\/shop.bantam.ch\\\/de\\\/#\\\/schema\\\/logo\\\/image\\\/\"}}]}<\/script>\n<!-- \/ Yoast SEO plugin. -->","yoast_head_json":{"title":"Motorrad- \/ Fahrradt\u00e4ger Weih Typ universal S\/A Traglast max. 170 kg - Bantam Camping AG","robots":{"index":"index","follow":"follow","max-snippet":"max-snippet:-1","max-image-preview":"max-image-preview:large","max-video-preview":"max-video-preview:-1"},"canonical":"https:\/\/shop.bantam.ch\/de\/produkt\/motorrad-fahrradtraeger-universal-s-a-_starr-abnehmbar_\/","og_locale":"de_DE","og_type":"article","og_title":"Motorrad- \/ Fahrradt\u00e4ger Weih Typ universal S\/A Traglast max. 170 kg - Bantam Camping AG","og_description":"Dieses Tr\u00e4gersystem besteht aus fahrzeugspezifischen Stahl-Aufnahmen (ca. 8 -13 kg), die am Chassis\/Rahmenverl\u00e4ngerung des Wohnmobils angeschraubt werden und dem abnehmbaren Tr\u00e4ger selbst (ca. 20 kg). Durch das geringe Gewicht des Aluminiumtr\u00e4gers l\u00e4sst er sich leicht und mit wenigen Handgriffen am Fahrzeug anbringen und abnehmen. Erweiterbar bis 4 Fahrr\u00e4der oder Roller mit Fahrrad.Passend f\u00fcr Wohnmobile mit [&hellip;]","og_url":"https:\/\/shop.bantam.ch\/de\/produkt\/motorrad-fahrradtraeger-universal-s-a-_starr-abnehmbar_\/","og_site_name":"Bantam Camping AG","article_modified_time":"2026-04-17T18:38:19+00:00","og_image":[{"width":1000,"height":997,"url":"https:\/\/shop.bantam.ch\/wp-content\/uploads\/2023\/02\/9988100-Motorradhalterung_universal-Standard-02-1.jpg","type":"image\/jpeg"}],"twitter_card":"summary_large_image","twitter_misc":{"Gesch\u00e4tzte Lesezeit":"1\u00a0Minute"},"schema":{"@context":"https:\/\/schema.org","@graph":[{"@type":"WebPage","@id":"https:\/\/shop.bantam.ch\/de\/produkt\/motorrad-fahrradtraeger-universal-s-a-_starr-abnehmbar_\/","url":"https:\/\/shop.bantam.ch\/de\/produkt\/motorrad-fahrradtraeger-universal-s-a-_starr-abnehmbar_\/","name":"Motorrad- \/ Fahrradt\u00e4ger Weih Typ universal S\/A Traglast max. 170 kg - Bantam Camping AG","isPartOf":{"@id":"https:\/\/shop.bantam.ch\/de\/#website"},"primaryImageOfPage":{"@id":"https:\/\/shop.bantam.ch\/de\/produkt\/motorrad-fahrradtraeger-universal-s-a-_starr-abnehmbar_\/#primaryimage"},"image":{"@id":"https:\/\/shop.bantam.ch\/de\/produkt\/motorrad-fahrradtraeger-universal-s-a-_starr-abnehmbar_\/#primaryimage"},"thumbnailUrl":"https:\/\/shop.bantam.ch\/wp-content\/uploads\/2023\/02\/9988100-Motorradhalterung_universal-Standard-02-1.jpg","datePublished":"2023-02-22T17:34:16+00:00","dateModified":"2026-04-17T18:38:19+00:00","breadcrumb":{"@id":"https:\/\/shop.bantam.ch\/de\/produkt\/motorrad-fahrradtraeger-universal-s-a-_starr-abnehmbar_\/#breadcrumb"},"inLanguage":"de","potentialAction":[{"@type":"ReadAction","target":["https:\/\/shop.bantam.ch\/de\/produkt\/motorrad-fahrradtraeger-universal-s-a-_starr-abnehmbar_\/"]}]},{"@type":"ImageObject","inLanguage":"de","@id":"https:\/\/shop.bantam.ch\/de\/produkt\/motorrad-fahrradtraeger-universal-s-a-_starr-abnehmbar_\/#primaryimage","url":"https:\/\/shop.bantam.ch\/wp-content\/uploads\/2023\/02\/9988100-Motorradhalterung_universal-Standard-02-1.jpg","contentUrl":"https:\/\/shop.bantam.ch\/wp-content\/uploads\/2023\/02\/9988100-Motorradhalterung_universal-Standard-02-1.jpg","width":1000,"height":997},{"@type":"BreadcrumbList","@id":"https:\/\/shop.bantam.ch\/de\/produkt\/motorrad-fahrradtraeger-universal-s-a-_starr-abnehmbar_\/#breadcrumb","itemListElement":[{"@type":"ListItem","position":1,"name":"Accueil","item":"https:\/\/shop.bantam.ch\/de\/"},{"@type":"ListItem","position":2,"name":"Shop","item":"https:\/\/shop.bantam.ch\/de\/shop\/"},{"@type":"ListItem","position":3,"name":"Motorrad- \/ Fahrradt\u00e4ger Weih Typ universal S\/A Traglast max. 170 kg"}]},{"@type":"WebSite","@id":"https:\/\/shop.bantam.ch\/de\/#website","url":"https:\/\/shop.bantam.ch\/de\/","name":"Bantam Camping AG","description":"","publisher":{"@id":"https:\/\/shop.bantam.ch\/de\/#organization"},"inLanguage":"de"},{"@type":"Organization","@id":"https:\/\/shop.bantam.ch\/de\/#organization","name":"Bantam Camping AG","url":"https:\/\/shop.bantam.ch\/de\/","logo":{"@type":"ImageObject","inLanguage":"de","@id":"https:\/\/shop.bantam.ch\/de\/#\/schema\/logo\/image\/","url":"https:\/\/shop.bantam.ch\/wp-content\/uploads\/2022\/12\/bantam-logo.png","contentUrl":"https:\/\/shop.bantam.ch\/wp-content\/uploads\/2022\/12\/bantam-logo.png","width":320,"height":71,"caption":"Bantam Camping AG"},"image":{"@id":"https:\/\/shop.bantam.ch\/de\/#\/schema\/logo\/image\/"}}]}},"_links":{"self":[{"href":"https:\/\/shop.bantam.ch\/de\/wp-json\/wp\/v2\/product\/33136","targetHints":{"allow":["GET"]}}],"collection":[{"href":"https:\/\/shop.bantam.ch\/de\/wp-json\/wp\/v2\/product"}],"about":[{"href":"https:\/\/shop.bantam.ch\/de\/wp-json\/wp\/v2\/types\/product"}],"wp:featuredmedia":[{"embeddable":true,"href":"https:\/\/shop.bantam.ch\/de\/wp-json\/wp\/v2\/media\/33120"}],"wp:attachment":[{"href":"https:\/\/shop.bantam.ch\/de\/wp-json\/wp\/v2\/media?parent=33136"}],"wp:term":[{"taxonomy":"product_featured_cat","embeddable":true,"href":"https:\/\/shop.bantam.ch\/de\/wp-json\/wp\/v2\/product_featured_cat?post=33136"},{"taxonomy":"product_brand","embeddable":true,"href":"https:\/\/shop.bantam.ch\/de\/wp-json\/wp\/v2\/product_brand?post=33136"},{"taxonomy":"product_cat","embeddable":true,"href":"https:\/\/shop.bantam.ch\/de\/wp-json\/wp\/v2\/product_cat?post=33136"},{"taxonomy":"product_tag","embeddable":true,"href":"https:\/\/shop.bantam.ch\/de\/wp-json\/wp\/v2\/product_tag?post=33136"}],"curies":[{"name":"wp","href":"https:\/\/api.w.org\/{rel}","templated":true}]}}