{"id":33118,"date":"2023-02-22T18:34:08","date_gmt":"2023-02-22T17:34:08","guid":{"rendered":"http:\/\/preprod-dev.sh1.hidora.com\/webshop\/produit\/motorrad-fahrradtraeger-universal-hy-a-hydraulisch-absenkbar-abnehmbar\/"},"modified":"2026-04-17T20:38:19","modified_gmt":"2026-04-17T18:38:19","slug":"motorrad-fahrradtraeger-universal-hy-a-hydraulisch-absenkbar-abnehmbar","status":"publish","type":"product","link":"https:\/\/shop.bantam.ch\/de\/produkt\/motorrad-fahrradtraeger-universal-hy-a-hydraulisch-absenkbar-abnehmbar\/","title":{"rendered":"Motorrad- \/ Fahrradtr\u00e4ger Weih Typ Universal Hy \/ A absenkbar abnehmbar Traglast max. 170 kg"},"content":{"rendered":"<p>Der absenkbare\/abnehmbare Motorradtr\u00e4ger wird zum Beladen bis auf den Boden abgesenkt. Nach Befestigung des Rollers\/Motorrads wird der Tr\u00e4ger mittels Hydraulik-Fu\u00dfpumpe leicht und bequem nach oben gepumpt bis er mechanisch verriegelt. Der Tr\u00e4ger kann mit wenigen Handgriffen abgenommen bzw. angebracht werden.<br \/>Passend f\u00fcr Wohnmobile mit AL-KO \/ Rahmenverl\u00e4ngerung oder Rahmenverl\u00e4ngerung, die f\u00fcr die Aufnahme einer AHK oder eines Lastentr\u00e4gers vorgesehen ist.<\/p>\n<p>Lieferumfang: <br \/>Vormontierter Tr\u00e4ger inkl. Beleuchtung mit 13(8)-poligem Anschlussstecker<br \/>Kurze Auffahrschiene<br \/>Wandhaltesystem<br \/>Befestigungsset und Haltearme f\u00fcr 1 Roller\/Motorrad<br \/>ECE-Gutachten<\/p>\n<p>* Bzgl. der Traglast der Motorradtr\u00e4ger sind die Herstellerangaben des Reisemobils \u00fcber die Belastbarkeit der Hinterachse zu beachten.<\/p>\n<ul>\n<li>Eigengewicht ca. 60 kg (Tr\u00e4ger + fahrzeugspezifische Aufnahmen)<\/li>\n<li>Traglast 170 kg (Hinterachslast des Mobils beachten)*<\/li>\n<\/ul>\n","protected":false},"excerpt":{"rendered":"<p>Der absenkbare\/abnehmbare Motorradtr\u00e4ger wird zum Beladen bis auf den Boden abgesenkt. Nach Befestigung des Rollers\/Motorrads wird der Tr\u00e4ger mittels Hydraulik-Fu\u00dfpumpe leicht und bequem nach oben gepumpt bis er mechanisch verriegelt. Der Tr\u00e4ger kann mit wenigen Handgriffen abgenommen bzw. angebracht werden.Passend f\u00fcr Wohnmobile mit AL-KO \/ Rahmenverl\u00e4ngerung oder Rahmenverl\u00e4ngerung, die f\u00fcr die Aufnahme einer AHK oder [&hellip;]<\/p>\n","protected":false},"featured_media":33104,"template":"","meta":{"_acf_changed":false},"product_featured_cat":[],"product_brand":[3153],"product_cat":[4696],"product_tag":[],"class_list":{"0":"post-33118","1":"product","2":"type-product","3":"status-publish","4":"has-post-thumbnail","6":"product_brand-weih-tec-de","7":"product_cat-motorradtraeger","9":"first","10":"instock","11":"taxable","12":"shipping-taxable","13":"purchasable","14":"product-type-simple"},"acf":[],"yoast_head":"<!-- This site is optimized with the Yoast SEO plugin v27.4 - https:\/\/yoast.com\/product\/yoast-seo-wordpress\/ -->\n<title>Motorrad- \/ Fahrradtr\u00e4ger Weih Typ Universal Hy \/ A absenkbar abnehmbar Traglast max. 170 kg - Bantam Camping AG<\/title>\n<meta name=\"robots\" content=\"index, follow, max-snippet:-1, max-image-preview:large, max-video-preview:-1\" \/>\n<link rel=\"canonical\" href=\"https:\/\/shop.bantam.ch\/de\/produkt\/motorrad-fahrradtraeger-universal-hy-a-hydraulisch-absenkbar-abnehmbar\/\" \/>\n<meta property=\"og:locale\" content=\"de_DE\" \/>\n<meta property=\"og:type\" content=\"article\" \/>\n<meta property=\"og:title\" content=\"Motorrad- \/ Fahrradtr\u00e4ger Weih Typ Universal Hy \/ A absenkbar abnehmbar Traglast max. 170 kg - Bantam Camping AG\" \/>\n<meta property=\"og:description\" content=\"Der absenkbare\/abnehmbare Motorradtr\u00e4ger wird zum Beladen bis auf den Boden abgesenkt. Nach Befestigung des Rollers\/Motorrads wird der Tr\u00e4ger mittels Hydraulik-Fu\u00dfpumpe leicht und bequem nach oben gepumpt bis er mechanisch verriegelt. Der Tr\u00e4ger kann mit wenigen Handgriffen abgenommen bzw. angebracht werden.Passend f\u00fcr Wohnmobile mit AL-KO \/ Rahmenverl\u00e4ngerung oder Rahmenverl\u00e4ngerung, die f\u00fcr die Aufnahme einer AHK oder [&hellip;]\" \/>\n<meta property=\"og:url\" content=\"https:\/\/shop.bantam.ch\/de\/produkt\/motorrad-fahrradtraeger-universal-hy-a-hydraulisch-absenkbar-abnehmbar\/\" \/>\n<meta property=\"og:site_name\" content=\"Bantam Camping AG\" \/>\n<meta property=\"article:modified_time\" content=\"2026-04-17T18:38:19+00:00\" \/>\n<meta property=\"og:image\" content=\"https:\/\/shop.bantam.ch\/wp-content\/uploads\/2023\/02\/9988081-Motorradhalterung_Universal_absenkbar-Standard-01-1.jpg\" \/>\n\t<meta property=\"og:image:width\" content=\"1000\" \/>\n\t<meta property=\"og:image:height\" content=\"667\" \/>\n\t<meta property=\"og:image:type\" content=\"image\/jpeg\" \/>\n<meta name=\"twitter:card\" content=\"summary_large_image\" \/>\n<meta name=\"twitter:label1\" content=\"Gesch\u00e4tzte Lesezeit\" \/>\n\t<meta name=\"twitter:data1\" content=\"1\u00a0Minute\" \/>\n<script type=\"application\/ld+json\" class=\"yoast-schema-graph\">{\"@context\":\"https:\\\/\\\/schema.org\",\"@graph\":[{\"@type\":\"WebPage\",\"@id\":\"https:\\\/\\\/shop.bantam.ch\\\/de\\\/produkt\\\/motorrad-fahrradtraeger-universal-hy-a-hydraulisch-absenkbar-abnehmbar\\\/\",\"url\":\"https:\\\/\\\/shop.bantam.ch\\\/de\\\/produkt\\\/motorrad-fahrradtraeger-universal-hy-a-hydraulisch-absenkbar-abnehmbar\\\/\",\"name\":\"Motorrad- \\\/ Fahrradtr\u00e4ger Weih Typ Universal Hy \\\/ A absenkbar abnehmbar Traglast max. 170 kg - Bantam Camping AG\",\"isPartOf\":{\"@id\":\"https:\\\/\\\/shop.bantam.ch\\\/de\\\/#website\"},\"primaryImageOfPage\":{\"@id\":\"https:\\\/\\\/shop.bantam.ch\\\/de\\\/produkt\\\/motorrad-fahrradtraeger-universal-hy-a-hydraulisch-absenkbar-abnehmbar\\\/#primaryimage\"},\"image\":{\"@id\":\"https:\\\/\\\/shop.bantam.ch\\\/de\\\/produkt\\\/motorrad-fahrradtraeger-universal-hy-a-hydraulisch-absenkbar-abnehmbar\\\/#primaryimage\"},\"thumbnailUrl\":\"https:\\\/\\\/shop.bantam.ch\\\/wp-content\\\/uploads\\\/2023\\\/02\\\/9988081-Motorradhalterung_Universal_absenkbar-Standard-01-1.jpg\",\"datePublished\":\"2023-02-22T17:34:08+00:00\",\"dateModified\":\"2026-04-17T18:38:19+00:00\",\"breadcrumb\":{\"@id\":\"https:\\\/\\\/shop.bantam.ch\\\/de\\\/produkt\\\/motorrad-fahrradtraeger-universal-hy-a-hydraulisch-absenkbar-abnehmbar\\\/#breadcrumb\"},\"inLanguage\":\"de\",\"potentialAction\":[{\"@type\":\"ReadAction\",\"target\":[\"https:\\\/\\\/shop.bantam.ch\\\/de\\\/produkt\\\/motorrad-fahrradtraeger-universal-hy-a-hydraulisch-absenkbar-abnehmbar\\\/\"]}]},{\"@type\":\"ImageObject\",\"inLanguage\":\"de\",\"@id\":\"https:\\\/\\\/shop.bantam.ch\\\/de\\\/produkt\\\/motorrad-fahrradtraeger-universal-hy-a-hydraulisch-absenkbar-abnehmbar\\\/#primaryimage\",\"url\":\"https:\\\/\\\/shop.bantam.ch\\\/wp-content\\\/uploads\\\/2023\\\/02\\\/9988081-Motorradhalterung_Universal_absenkbar-Standard-01-1.jpg\",\"contentUrl\":\"https:\\\/\\\/shop.bantam.ch\\\/wp-content\\\/uploads\\\/2023\\\/02\\\/9988081-Motorradhalterung_Universal_absenkbar-Standard-01-1.jpg\",\"width\":1000,\"height\":667},{\"@type\":\"BreadcrumbList\",\"@id\":\"https:\\\/\\\/shop.bantam.ch\\\/de\\\/produkt\\\/motorrad-fahrradtraeger-universal-hy-a-hydraulisch-absenkbar-abnehmbar\\\/#breadcrumb\",\"itemListElement\":[{\"@type\":\"ListItem\",\"position\":1,\"name\":\"Accueil\",\"item\":\"https:\\\/\\\/shop.bantam.ch\\\/de\\\/\"},{\"@type\":\"ListItem\",\"position\":2,\"name\":\"Shop\",\"item\":\"https:\\\/\\\/shop.bantam.ch\\\/de\\\/shop\\\/\"},{\"@type\":\"ListItem\",\"position\":3,\"name\":\"Motorrad- \\\/ Fahrradtr\u00e4ger Weih Typ Universal Hy \\\/ A absenkbar abnehmbar Traglast max. 170 kg\"}]},{\"@type\":\"WebSite\",\"@id\":\"https:\\\/\\\/shop.bantam.ch\\\/de\\\/#website\",\"url\":\"https:\\\/\\\/shop.bantam.ch\\\/de\\\/\",\"name\":\"Bantam Camping AG\",\"description\":\"\",\"publisher\":{\"@id\":\"https:\\\/\\\/shop.bantam.ch\\\/de\\\/#organization\"},\"inLanguage\":\"de\"},{\"@type\":\"Organization\",\"@id\":\"https:\\\/\\\/shop.bantam.ch\\\/de\\\/#organization\",\"name\":\"Bantam Camping AG\",\"url\":\"https:\\\/\\\/shop.bantam.ch\\\/de\\\/\",\"logo\":{\"@type\":\"ImageObject\",\"inLanguage\":\"de\",\"@id\":\"https:\\\/\\\/shop.bantam.ch\\\/de\\\/#\\\/schema\\\/logo\\\/image\\\/\",\"url\":\"https:\\\/\\\/shop.bantam.ch\\\/wp-content\\\/uploads\\\/2022\\\/12\\\/bantam-logo.png\",\"contentUrl\":\"https:\\\/\\\/shop.bantam.ch\\\/wp-content\\\/uploads\\\/2022\\\/12\\\/bantam-logo.png\",\"width\":320,\"height\":71,\"caption\":\"Bantam Camping AG\"},\"image\":{\"@id\":\"https:\\\/\\\/shop.bantam.ch\\\/de\\\/#\\\/schema\\\/logo\\\/image\\\/\"}}]}<\/script>\n<!-- \/ Yoast SEO plugin. -->","yoast_head_json":{"title":"Motorrad- \/ Fahrradtr\u00e4ger Weih Typ Universal Hy \/ A absenkbar abnehmbar Traglast max. 170 kg - Bantam Camping AG","robots":{"index":"index","follow":"follow","max-snippet":"max-snippet:-1","max-image-preview":"max-image-preview:large","max-video-preview":"max-video-preview:-1"},"canonical":"https:\/\/shop.bantam.ch\/de\/produkt\/motorrad-fahrradtraeger-universal-hy-a-hydraulisch-absenkbar-abnehmbar\/","og_locale":"de_DE","og_type":"article","og_title":"Motorrad- \/ Fahrradtr\u00e4ger Weih Typ Universal Hy \/ A absenkbar abnehmbar Traglast max. 170 kg - Bantam Camping AG","og_description":"Der absenkbare\/abnehmbare Motorradtr\u00e4ger wird zum Beladen bis auf den Boden abgesenkt. Nach Befestigung des Rollers\/Motorrads wird der Tr\u00e4ger mittels Hydraulik-Fu\u00dfpumpe leicht und bequem nach oben gepumpt bis er mechanisch verriegelt. Der Tr\u00e4ger kann mit wenigen Handgriffen abgenommen bzw. angebracht werden.Passend f\u00fcr Wohnmobile mit AL-KO \/ Rahmenverl\u00e4ngerung oder Rahmenverl\u00e4ngerung, die f\u00fcr die Aufnahme einer AHK oder [&hellip;]","og_url":"https:\/\/shop.bantam.ch\/de\/produkt\/motorrad-fahrradtraeger-universal-hy-a-hydraulisch-absenkbar-abnehmbar\/","og_site_name":"Bantam Camping AG","article_modified_time":"2026-04-17T18:38:19+00:00","og_image":[{"width":1000,"height":667,"url":"https:\/\/shop.bantam.ch\/wp-content\/uploads\/2023\/02\/9988081-Motorradhalterung_Universal_absenkbar-Standard-01-1.jpg","type":"image\/jpeg"}],"twitter_card":"summary_large_image","twitter_misc":{"Gesch\u00e4tzte Lesezeit":"1\u00a0Minute"},"schema":{"@context":"https:\/\/schema.org","@graph":[{"@type":"WebPage","@id":"https:\/\/shop.bantam.ch\/de\/produkt\/motorrad-fahrradtraeger-universal-hy-a-hydraulisch-absenkbar-abnehmbar\/","url":"https:\/\/shop.bantam.ch\/de\/produkt\/motorrad-fahrradtraeger-universal-hy-a-hydraulisch-absenkbar-abnehmbar\/","name":"Motorrad- \/ Fahrradtr\u00e4ger Weih Typ Universal Hy \/ A absenkbar abnehmbar Traglast max. 170 kg - Bantam Camping AG","isPartOf":{"@id":"https:\/\/shop.bantam.ch\/de\/#website"},"primaryImageOfPage":{"@id":"https:\/\/shop.bantam.ch\/de\/produkt\/motorrad-fahrradtraeger-universal-hy-a-hydraulisch-absenkbar-abnehmbar\/#primaryimage"},"image":{"@id":"https:\/\/shop.bantam.ch\/de\/produkt\/motorrad-fahrradtraeger-universal-hy-a-hydraulisch-absenkbar-abnehmbar\/#primaryimage"},"thumbnailUrl":"https:\/\/shop.bantam.ch\/wp-content\/uploads\/2023\/02\/9988081-Motorradhalterung_Universal_absenkbar-Standard-01-1.jpg","datePublished":"2023-02-22T17:34:08+00:00","dateModified":"2026-04-17T18:38:19+00:00","breadcrumb":{"@id":"https:\/\/shop.bantam.ch\/de\/produkt\/motorrad-fahrradtraeger-universal-hy-a-hydraulisch-absenkbar-abnehmbar\/#breadcrumb"},"inLanguage":"de","potentialAction":[{"@type":"ReadAction","target":["https:\/\/shop.bantam.ch\/de\/produkt\/motorrad-fahrradtraeger-universal-hy-a-hydraulisch-absenkbar-abnehmbar\/"]}]},{"@type":"ImageObject","inLanguage":"de","@id":"https:\/\/shop.bantam.ch\/de\/produkt\/motorrad-fahrradtraeger-universal-hy-a-hydraulisch-absenkbar-abnehmbar\/#primaryimage","url":"https:\/\/shop.bantam.ch\/wp-content\/uploads\/2023\/02\/9988081-Motorradhalterung_Universal_absenkbar-Standard-01-1.jpg","contentUrl":"https:\/\/shop.bantam.ch\/wp-content\/uploads\/2023\/02\/9988081-Motorradhalterung_Universal_absenkbar-Standard-01-1.jpg","width":1000,"height":667},{"@type":"BreadcrumbList","@id":"https:\/\/shop.bantam.ch\/de\/produkt\/motorrad-fahrradtraeger-universal-hy-a-hydraulisch-absenkbar-abnehmbar\/#breadcrumb","itemListElement":[{"@type":"ListItem","position":1,"name":"Accueil","item":"https:\/\/shop.bantam.ch\/de\/"},{"@type":"ListItem","position":2,"name":"Shop","item":"https:\/\/shop.bantam.ch\/de\/shop\/"},{"@type":"ListItem","position":3,"name":"Motorrad- \/ Fahrradtr\u00e4ger Weih Typ Universal Hy \/ A absenkbar abnehmbar Traglast max. 170 kg"}]},{"@type":"WebSite","@id":"https:\/\/shop.bantam.ch\/de\/#website","url":"https:\/\/shop.bantam.ch\/de\/","name":"Bantam Camping AG","description":"","publisher":{"@id":"https:\/\/shop.bantam.ch\/de\/#organization"},"inLanguage":"de"},{"@type":"Organization","@id":"https:\/\/shop.bantam.ch\/de\/#organization","name":"Bantam Camping AG","url":"https:\/\/shop.bantam.ch\/de\/","logo":{"@type":"ImageObject","inLanguage":"de","@id":"https:\/\/shop.bantam.ch\/de\/#\/schema\/logo\/image\/","url":"https:\/\/shop.bantam.ch\/wp-content\/uploads\/2022\/12\/bantam-logo.png","contentUrl":"https:\/\/shop.bantam.ch\/wp-content\/uploads\/2022\/12\/bantam-logo.png","width":320,"height":71,"caption":"Bantam Camping AG"},"image":{"@id":"https:\/\/shop.bantam.ch\/de\/#\/schema\/logo\/image\/"}}]}},"_links":{"self":[{"href":"https:\/\/shop.bantam.ch\/de\/wp-json\/wp\/v2\/product\/33118","targetHints":{"allow":["GET"]}}],"collection":[{"href":"https:\/\/shop.bantam.ch\/de\/wp-json\/wp\/v2\/product"}],"about":[{"href":"https:\/\/shop.bantam.ch\/de\/wp-json\/wp\/v2\/types\/product"}],"wp:featuredmedia":[{"embeddable":true,"href":"https:\/\/shop.bantam.ch\/de\/wp-json\/wp\/v2\/media\/33104"}],"wp:attachment":[{"href":"https:\/\/shop.bantam.ch\/de\/wp-json\/wp\/v2\/media?parent=33118"}],"wp:term":[{"taxonomy":"product_featured_cat","embeddable":true,"href":"https:\/\/shop.bantam.ch\/de\/wp-json\/wp\/v2\/product_featured_cat?post=33118"},{"taxonomy":"product_brand","embeddable":true,"href":"https:\/\/shop.bantam.ch\/de\/wp-json\/wp\/v2\/product_brand?post=33118"},{"taxonomy":"product_cat","embeddable":true,"href":"https:\/\/shop.bantam.ch\/de\/wp-json\/wp\/v2\/product_cat?post=33118"},{"taxonomy":"product_tag","embeddable":true,"href":"https:\/\/shop.bantam.ch\/de\/wp-json\/wp\/v2\/product_tag?post=33118"}],"curies":[{"name":"wp","href":"https:\/\/api.w.org\/{rel}","templated":true}]}}