{"id":32832,"date":"2023-02-22T18:29:33","date_gmt":"2023-02-22T17:29:33","guid":{"rendered":"http:\/\/preprod-dev.sh1.hidora.com\/webshop\/produit\/radkralle-compact-c-wheelclamp\/"},"modified":"2026-04-16T20:38:29","modified_gmt":"2026-04-16T18:38:29","slug":"radkralle-compact-c-wheelclamp","status":"publish","type":"product","link":"https:\/\/shop.bantam.ch\/de\/produkt\/radkralle-compact-c-wheelclamp\/","title":{"rendered":"Radkralle Milenco Compakt C Wheelclamp"},"content":{"rendered":"<p>Das Schloss wird durch die Felgen im Chassis des Fahrzeugs eingeh\u00e4ngt. Das sichere Sperren der R\u00e4der garantiert ein Ultra-High-Security Schloss. Somit wird ein Bewegen Ihres Fahrzeuges verhindert.<br \/>Die Hauptfunktion der Radklammer ist f\u00fcr die Caravan-Chassis ein Schloss, welches direkt durch das Rad eingehakt wird. F\u00fcr das sichere Sperren der R\u00e4der ist ein Ultra-High-Security-Schloss zust\u00e4ndig. Dieses verhindert Bewegungen des Wohnwagens und Drehungen des Rades.\u00a0<\/p>\n","protected":false},"excerpt":{"rendered":"<p>Das Schloss wird durch die Felgen im Chassis des Fahrzeugs eingeh\u00e4ngt. Das sichere Sperren der R\u00e4der garantiert ein Ultra-High-Security Schloss. Somit wird ein Bewegen Ihres Fahrzeuges verhindert.Die Hauptfunktion der Radklammer ist f\u00fcr die Caravan-Chassis ein Schloss, welches direkt durch das Rad eingehakt wird. F\u00fcr das sichere Sperren der R\u00e4der ist ein Ultra-High-Security-Schloss zust\u00e4ndig. Dieses verhindert [&hellip;]<\/p>\n","protected":false},"featured_media":32830,"template":"","meta":{"_acf_changed":false},"product_featured_cat":[],"product_brand":[3143],"product_cat":[4672],"product_tag":[],"class_list":{"0":"post-32832","1":"product","2":"type-product","3":"status-publish","4":"has-post-thumbnail","6":"product_brand-milenco-de","7":"product_cat-wegfahrsperren","9":"first","10":"instock","11":"taxable","12":"shipping-taxable","13":"purchasable","14":"product-type-simple"},"acf":[],"yoast_head":"<!-- This site is optimized with the Yoast SEO plugin v27.4 - https:\/\/yoast.com\/product\/yoast-seo-wordpress\/ -->\n<title>Radkralle Milenco Compakt C Wheelclamp - Bantam Camping AG<\/title>\n<meta name=\"robots\" content=\"index, follow, max-snippet:-1, max-image-preview:large, max-video-preview:-1\" \/>\n<link rel=\"canonical\" href=\"https:\/\/shop.bantam.ch\/de\/produkt\/radkralle-compact-c-wheelclamp\/\" \/>\n<meta property=\"og:locale\" content=\"de_DE\" \/>\n<meta property=\"og:type\" content=\"article\" \/>\n<meta property=\"og:title\" content=\"Radkralle Milenco Compakt C Wheelclamp - Bantam Camping AG\" \/>\n<meta property=\"og:description\" content=\"Das Schloss wird durch die Felgen im Chassis des Fahrzeugs eingeh\u00e4ngt. Das sichere Sperren der R\u00e4der garantiert ein Ultra-High-Security Schloss. Somit wird ein Bewegen Ihres Fahrzeuges verhindert.Die Hauptfunktion der Radklammer ist f\u00fcr die Caravan-Chassis ein Schloss, welches direkt durch das Rad eingehakt wird. F\u00fcr das sichere Sperren der R\u00e4der ist ein Ultra-High-Security-Schloss zust\u00e4ndig. Dieses verhindert [&hellip;]\" \/>\n<meta property=\"og:url\" content=\"https:\/\/shop.bantam.ch\/de\/produkt\/radkralle-compact-c-wheelclamp\/\" \/>\n<meta property=\"og:site_name\" content=\"Bantam Camping AG\" \/>\n<meta property=\"article:modified_time\" content=\"2026-04-16T18:38:29+00:00\" \/>\n<meta property=\"og:image\" content=\"https:\/\/shop.bantam.ch\/wp-content\/uploads\/2023\/02\/9981192-Radkralle_Milenco_Compakt_C_Wheelclamp-Standard-01-1.jpg\" \/>\n\t<meta property=\"og:image:width\" content=\"1000\" \/>\n\t<meta property=\"og:image:height\" content=\"676\" \/>\n\t<meta property=\"og:image:type\" content=\"image\/jpeg\" \/>\n<meta name=\"twitter:card\" content=\"summary_large_image\" \/>\n<script type=\"application\/ld+json\" class=\"yoast-schema-graph\">{\"@context\":\"https:\\\/\\\/schema.org\",\"@graph\":[{\"@type\":\"WebPage\",\"@id\":\"https:\\\/\\\/shop.bantam.ch\\\/de\\\/produkt\\\/radkralle-compact-c-wheelclamp\\\/\",\"url\":\"https:\\\/\\\/shop.bantam.ch\\\/de\\\/produkt\\\/radkralle-compact-c-wheelclamp\\\/\",\"name\":\"Radkralle Milenco Compakt C Wheelclamp - Bantam Camping AG\",\"isPartOf\":{\"@id\":\"https:\\\/\\\/shop.bantam.ch\\\/de\\\/#website\"},\"primaryImageOfPage\":{\"@id\":\"https:\\\/\\\/shop.bantam.ch\\\/de\\\/produkt\\\/radkralle-compact-c-wheelclamp\\\/#primaryimage\"},\"image\":{\"@id\":\"https:\\\/\\\/shop.bantam.ch\\\/de\\\/produkt\\\/radkralle-compact-c-wheelclamp\\\/#primaryimage\"},\"thumbnailUrl\":\"https:\\\/\\\/shop.bantam.ch\\\/wp-content\\\/uploads\\\/2023\\\/02\\\/9981192-Radkralle_Milenco_Compakt_C_Wheelclamp-Standard-01-1.jpg\",\"datePublished\":\"2023-02-22T17:29:33+00:00\",\"dateModified\":\"2026-04-16T18:38:29+00:00\",\"breadcrumb\":{\"@id\":\"https:\\\/\\\/shop.bantam.ch\\\/de\\\/produkt\\\/radkralle-compact-c-wheelclamp\\\/#breadcrumb\"},\"inLanguage\":\"de\",\"potentialAction\":[{\"@type\":\"ReadAction\",\"target\":[\"https:\\\/\\\/shop.bantam.ch\\\/de\\\/produkt\\\/radkralle-compact-c-wheelclamp\\\/\"]}]},{\"@type\":\"ImageObject\",\"inLanguage\":\"de\",\"@id\":\"https:\\\/\\\/shop.bantam.ch\\\/de\\\/produkt\\\/radkralle-compact-c-wheelclamp\\\/#primaryimage\",\"url\":\"https:\\\/\\\/shop.bantam.ch\\\/wp-content\\\/uploads\\\/2023\\\/02\\\/9981192-Radkralle_Milenco_Compakt_C_Wheelclamp-Standard-01-1.jpg\",\"contentUrl\":\"https:\\\/\\\/shop.bantam.ch\\\/wp-content\\\/uploads\\\/2023\\\/02\\\/9981192-Radkralle_Milenco_Compakt_C_Wheelclamp-Standard-01-1.jpg\",\"width\":1000,\"height\":676},{\"@type\":\"BreadcrumbList\",\"@id\":\"https:\\\/\\\/shop.bantam.ch\\\/de\\\/produkt\\\/radkralle-compact-c-wheelclamp\\\/#breadcrumb\",\"itemListElement\":[{\"@type\":\"ListItem\",\"position\":1,\"name\":\"Accueil\",\"item\":\"https:\\\/\\\/shop.bantam.ch\\\/de\\\/\"},{\"@type\":\"ListItem\",\"position\":2,\"name\":\"Shop\",\"item\":\"https:\\\/\\\/shop.bantam.ch\\\/de\\\/shop\\\/\"},{\"@type\":\"ListItem\",\"position\":3,\"name\":\"Radkralle Milenco Compakt C Wheelclamp\"}]},{\"@type\":\"WebSite\",\"@id\":\"https:\\\/\\\/shop.bantam.ch\\\/de\\\/#website\",\"url\":\"https:\\\/\\\/shop.bantam.ch\\\/de\\\/\",\"name\":\"Bantam Camping AG\",\"description\":\"\",\"publisher\":{\"@id\":\"https:\\\/\\\/shop.bantam.ch\\\/de\\\/#organization\"},\"inLanguage\":\"de\"},{\"@type\":\"Organization\",\"@id\":\"https:\\\/\\\/shop.bantam.ch\\\/de\\\/#organization\",\"name\":\"Bantam Camping AG\",\"url\":\"https:\\\/\\\/shop.bantam.ch\\\/de\\\/\",\"logo\":{\"@type\":\"ImageObject\",\"inLanguage\":\"de\",\"@id\":\"https:\\\/\\\/shop.bantam.ch\\\/de\\\/#\\\/schema\\\/logo\\\/image\\\/\",\"url\":\"https:\\\/\\\/shop.bantam.ch\\\/wp-content\\\/uploads\\\/2022\\\/12\\\/bantam-logo.png\",\"contentUrl\":\"https:\\\/\\\/shop.bantam.ch\\\/wp-content\\\/uploads\\\/2022\\\/12\\\/bantam-logo.png\",\"width\":320,\"height\":71,\"caption\":\"Bantam Camping AG\"},\"image\":{\"@id\":\"https:\\\/\\\/shop.bantam.ch\\\/de\\\/#\\\/schema\\\/logo\\\/image\\\/\"}}]}<\/script>\n<!-- \/ Yoast SEO plugin. -->","yoast_head_json":{"title":"Radkralle Milenco Compakt C Wheelclamp - Bantam Camping AG","robots":{"index":"index","follow":"follow","max-snippet":"max-snippet:-1","max-image-preview":"max-image-preview:large","max-video-preview":"max-video-preview:-1"},"canonical":"https:\/\/shop.bantam.ch\/de\/produkt\/radkralle-compact-c-wheelclamp\/","og_locale":"de_DE","og_type":"article","og_title":"Radkralle Milenco Compakt C Wheelclamp - Bantam Camping AG","og_description":"Das Schloss wird durch die Felgen im Chassis des Fahrzeugs eingeh\u00e4ngt. Das sichere Sperren der R\u00e4der garantiert ein Ultra-High-Security Schloss. Somit wird ein Bewegen Ihres Fahrzeuges verhindert.Die Hauptfunktion der Radklammer ist f\u00fcr die Caravan-Chassis ein Schloss, welches direkt durch das Rad eingehakt wird. F\u00fcr das sichere Sperren der R\u00e4der ist ein Ultra-High-Security-Schloss zust\u00e4ndig. Dieses verhindert [&hellip;]","og_url":"https:\/\/shop.bantam.ch\/de\/produkt\/radkralle-compact-c-wheelclamp\/","og_site_name":"Bantam Camping AG","article_modified_time":"2026-04-16T18:38:29+00:00","og_image":[{"width":1000,"height":676,"url":"https:\/\/shop.bantam.ch\/wp-content\/uploads\/2023\/02\/9981192-Radkralle_Milenco_Compakt_C_Wheelclamp-Standard-01-1.jpg","type":"image\/jpeg"}],"twitter_card":"summary_large_image","schema":{"@context":"https:\/\/schema.org","@graph":[{"@type":"WebPage","@id":"https:\/\/shop.bantam.ch\/de\/produkt\/radkralle-compact-c-wheelclamp\/","url":"https:\/\/shop.bantam.ch\/de\/produkt\/radkralle-compact-c-wheelclamp\/","name":"Radkralle Milenco Compakt C Wheelclamp - Bantam Camping AG","isPartOf":{"@id":"https:\/\/shop.bantam.ch\/de\/#website"},"primaryImageOfPage":{"@id":"https:\/\/shop.bantam.ch\/de\/produkt\/radkralle-compact-c-wheelclamp\/#primaryimage"},"image":{"@id":"https:\/\/shop.bantam.ch\/de\/produkt\/radkralle-compact-c-wheelclamp\/#primaryimage"},"thumbnailUrl":"https:\/\/shop.bantam.ch\/wp-content\/uploads\/2023\/02\/9981192-Radkralle_Milenco_Compakt_C_Wheelclamp-Standard-01-1.jpg","datePublished":"2023-02-22T17:29:33+00:00","dateModified":"2026-04-16T18:38:29+00:00","breadcrumb":{"@id":"https:\/\/shop.bantam.ch\/de\/produkt\/radkralle-compact-c-wheelclamp\/#breadcrumb"},"inLanguage":"de","potentialAction":[{"@type":"ReadAction","target":["https:\/\/shop.bantam.ch\/de\/produkt\/radkralle-compact-c-wheelclamp\/"]}]},{"@type":"ImageObject","inLanguage":"de","@id":"https:\/\/shop.bantam.ch\/de\/produkt\/radkralle-compact-c-wheelclamp\/#primaryimage","url":"https:\/\/shop.bantam.ch\/wp-content\/uploads\/2023\/02\/9981192-Radkralle_Milenco_Compakt_C_Wheelclamp-Standard-01-1.jpg","contentUrl":"https:\/\/shop.bantam.ch\/wp-content\/uploads\/2023\/02\/9981192-Radkralle_Milenco_Compakt_C_Wheelclamp-Standard-01-1.jpg","width":1000,"height":676},{"@type":"BreadcrumbList","@id":"https:\/\/shop.bantam.ch\/de\/produkt\/radkralle-compact-c-wheelclamp\/#breadcrumb","itemListElement":[{"@type":"ListItem","position":1,"name":"Accueil","item":"https:\/\/shop.bantam.ch\/de\/"},{"@type":"ListItem","position":2,"name":"Shop","item":"https:\/\/shop.bantam.ch\/de\/shop\/"},{"@type":"ListItem","position":3,"name":"Radkralle Milenco Compakt C Wheelclamp"}]},{"@type":"WebSite","@id":"https:\/\/shop.bantam.ch\/de\/#website","url":"https:\/\/shop.bantam.ch\/de\/","name":"Bantam Camping AG","description":"","publisher":{"@id":"https:\/\/shop.bantam.ch\/de\/#organization"},"inLanguage":"de"},{"@type":"Organization","@id":"https:\/\/shop.bantam.ch\/de\/#organization","name":"Bantam Camping AG","url":"https:\/\/shop.bantam.ch\/de\/","logo":{"@type":"ImageObject","inLanguage":"de","@id":"https:\/\/shop.bantam.ch\/de\/#\/schema\/logo\/image\/","url":"https:\/\/shop.bantam.ch\/wp-content\/uploads\/2022\/12\/bantam-logo.png","contentUrl":"https:\/\/shop.bantam.ch\/wp-content\/uploads\/2022\/12\/bantam-logo.png","width":320,"height":71,"caption":"Bantam Camping AG"},"image":{"@id":"https:\/\/shop.bantam.ch\/de\/#\/schema\/logo\/image\/"}}]}},"_links":{"self":[{"href":"https:\/\/shop.bantam.ch\/de\/wp-json\/wp\/v2\/product\/32832","targetHints":{"allow":["GET"]}}],"collection":[{"href":"https:\/\/shop.bantam.ch\/de\/wp-json\/wp\/v2\/product"}],"about":[{"href":"https:\/\/shop.bantam.ch\/de\/wp-json\/wp\/v2\/types\/product"}],"wp:featuredmedia":[{"embeddable":true,"href":"https:\/\/shop.bantam.ch\/de\/wp-json\/wp\/v2\/media\/32830"}],"wp:attachment":[{"href":"https:\/\/shop.bantam.ch\/de\/wp-json\/wp\/v2\/media?parent=32832"}],"wp:term":[{"taxonomy":"product_featured_cat","embeddable":true,"href":"https:\/\/shop.bantam.ch\/de\/wp-json\/wp\/v2\/product_featured_cat?post=32832"},{"taxonomy":"product_brand","embeddable":true,"href":"https:\/\/shop.bantam.ch\/de\/wp-json\/wp\/v2\/product_brand?post=32832"},{"taxonomy":"product_cat","embeddable":true,"href":"https:\/\/shop.bantam.ch\/de\/wp-json\/wp\/v2\/product_cat?post=32832"},{"taxonomy":"product_tag","embeddable":true,"href":"https:\/\/shop.bantam.ch\/de\/wp-json\/wp\/v2\/product_tag?post=32832"}],"curies":[{"name":"wp","href":"https:\/\/api.w.org\/{rel}","templated":true}]}}