{"id":32690,"date":"2023-02-22T18:26:48","date_gmt":"2023-02-22T17:26:48","guid":{"rendered":"http:\/\/preprod-dev.sh1.hidora.com\/webshop\/produit\/verlaengerung-status-led-50-cm\/"},"modified":"2026-04-16T20:37:55","modified_gmt":"2026-04-16T18:37:55","slug":"verlaengerung-status-led-50-cm","status":"publish","type":"product","link":"https:\/\/shop.bantam.ch\/de\/produkt\/verlaengerung-status-led-50-cm\/","title":{"rendered":"Verl\u00e4ngerung Status LED Thitronik"},"content":{"rendered":"<p>Die 50 cm lange Steckverbindung erm\u00f6glicht die Verl\u00e4ngerung der Status LED. Maximal 2 Verl\u00e4ngerungen k\u00f6nnen verwendet werden, sodass die Gesamtl\u00e4nge des LED-Kabels bis zu 2 m betr\u00e4gt.<\/p>\n","protected":false},"excerpt":{"rendered":"<p>Die 50 cm lange Steckverbindung erm\u00f6glicht die Verl\u00e4ngerung der Status LED. Maximal 2 Verl\u00e4ngerungen k\u00f6nnen verwendet werden, sodass die Gesamtl\u00e4nge des LED-Kabels bis zu 2 m betr\u00e4gt.<\/p>\n","protected":false},"featured_media":32688,"template":"","meta":{"_acf_changed":false},"product_featured_cat":[],"product_brand":[3217],"product_cat":[5052],"product_tag":[],"class_list":{"0":"post-32690","1":"product","2":"type-product","3":"status-publish","4":"has-post-thumbnail","6":"product_brand-thitronik-de","7":"product_cat-alarmanlagen","9":"first","10":"instock","11":"taxable","12":"shipping-taxable","13":"purchasable","14":"product-type-simple"},"acf":[],"yoast_head":"<!-- This site is optimized with the Yoast SEO plugin v27.4 - https:\/\/yoast.com\/product\/yoast-seo-wordpress\/ -->\n<title>Verl\u00e4ngerung Status LED Thitronik - Bantam Camping AG<\/title>\n<meta name=\"robots\" content=\"index, follow, max-snippet:-1, max-image-preview:large, max-video-preview:-1\" \/>\n<link rel=\"canonical\" href=\"https:\/\/shop.bantam.ch\/de\/produkt\/verlaengerung-status-led-50-cm\/\" \/>\n<meta property=\"og:locale\" content=\"de_DE\" \/>\n<meta property=\"og:type\" content=\"article\" \/>\n<meta property=\"og:title\" content=\"Verl\u00e4ngerung Status LED Thitronik - Bantam Camping AG\" \/>\n<meta property=\"og:description\" content=\"Die 50 cm lange Steckverbindung erm\u00f6glicht die Verl\u00e4ngerung der Status LED. Maximal 2 Verl\u00e4ngerungen k\u00f6nnen verwendet werden, sodass die Gesamtl\u00e4nge des LED-Kabels bis zu 2 m betr\u00e4gt.\" \/>\n<meta property=\"og:url\" content=\"https:\/\/shop.bantam.ch\/de\/produkt\/verlaengerung-status-led-50-cm\/\" \/>\n<meta property=\"og:site_name\" content=\"Bantam Camping AG\" \/>\n<meta property=\"article:modified_time\" content=\"2026-04-16T18:37:55+00:00\" \/>\n<meta property=\"og:image\" content=\"https:\/\/shop.bantam.ch\/wp-content\/uploads\/2023\/02\/9984048-Verlaengerung_Status_LED-Standard-01-1.jpg\" \/>\n\t<meta property=\"og:image:width\" content=\"1000\" \/>\n\t<meta property=\"og:image:height\" content=\"43\" \/>\n\t<meta property=\"og:image:type\" content=\"image\/jpeg\" \/>\n<meta name=\"twitter:card\" content=\"summary_large_image\" \/>\n<script type=\"application\/ld+json\" class=\"yoast-schema-graph\">{\"@context\":\"https:\\\/\\\/schema.org\",\"@graph\":[{\"@type\":\"WebPage\",\"@id\":\"https:\\\/\\\/shop.bantam.ch\\\/de\\\/produkt\\\/verlaengerung-status-led-50-cm\\\/\",\"url\":\"https:\\\/\\\/shop.bantam.ch\\\/de\\\/produkt\\\/verlaengerung-status-led-50-cm\\\/\",\"name\":\"Verl\u00e4ngerung Status LED Thitronik - Bantam Camping AG\",\"isPartOf\":{\"@id\":\"https:\\\/\\\/shop.bantam.ch\\\/de\\\/#website\"},\"primaryImageOfPage\":{\"@id\":\"https:\\\/\\\/shop.bantam.ch\\\/de\\\/produkt\\\/verlaengerung-status-led-50-cm\\\/#primaryimage\"},\"image\":{\"@id\":\"https:\\\/\\\/shop.bantam.ch\\\/de\\\/produkt\\\/verlaengerung-status-led-50-cm\\\/#primaryimage\"},\"thumbnailUrl\":\"https:\\\/\\\/shop.bantam.ch\\\/wp-content\\\/uploads\\\/2023\\\/02\\\/9984048-Verlaengerung_Status_LED-Standard-01-1.jpg\",\"datePublished\":\"2023-02-22T17:26:48+00:00\",\"dateModified\":\"2026-04-16T18:37:55+00:00\",\"breadcrumb\":{\"@id\":\"https:\\\/\\\/shop.bantam.ch\\\/de\\\/produkt\\\/verlaengerung-status-led-50-cm\\\/#breadcrumb\"},\"inLanguage\":\"de\",\"potentialAction\":[{\"@type\":\"ReadAction\",\"target\":[\"https:\\\/\\\/shop.bantam.ch\\\/de\\\/produkt\\\/verlaengerung-status-led-50-cm\\\/\"]}]},{\"@type\":\"ImageObject\",\"inLanguage\":\"de\",\"@id\":\"https:\\\/\\\/shop.bantam.ch\\\/de\\\/produkt\\\/verlaengerung-status-led-50-cm\\\/#primaryimage\",\"url\":\"https:\\\/\\\/shop.bantam.ch\\\/wp-content\\\/uploads\\\/2023\\\/02\\\/9984048-Verlaengerung_Status_LED-Standard-01-1.jpg\",\"contentUrl\":\"https:\\\/\\\/shop.bantam.ch\\\/wp-content\\\/uploads\\\/2023\\\/02\\\/9984048-Verlaengerung_Status_LED-Standard-01-1.jpg\",\"width\":1000,\"height\":43},{\"@type\":\"BreadcrumbList\",\"@id\":\"https:\\\/\\\/shop.bantam.ch\\\/de\\\/produkt\\\/verlaengerung-status-led-50-cm\\\/#breadcrumb\",\"itemListElement\":[{\"@type\":\"ListItem\",\"position\":1,\"name\":\"Accueil\",\"item\":\"https:\\\/\\\/shop.bantam.ch\\\/de\\\/\"},{\"@type\":\"ListItem\",\"position\":2,\"name\":\"Shop\",\"item\":\"https:\\\/\\\/shop.bantam.ch\\\/de\\\/shop\\\/\"},{\"@type\":\"ListItem\",\"position\":3,\"name\":\"Verl\u00e4ngerung Status LED Thitronik\"}]},{\"@type\":\"WebSite\",\"@id\":\"https:\\\/\\\/shop.bantam.ch\\\/de\\\/#website\",\"url\":\"https:\\\/\\\/shop.bantam.ch\\\/de\\\/\",\"name\":\"Bantam Camping AG\",\"description\":\"\",\"publisher\":{\"@id\":\"https:\\\/\\\/shop.bantam.ch\\\/de\\\/#organization\"},\"inLanguage\":\"de\"},{\"@type\":\"Organization\",\"@id\":\"https:\\\/\\\/shop.bantam.ch\\\/de\\\/#organization\",\"name\":\"Bantam Camping AG\",\"url\":\"https:\\\/\\\/shop.bantam.ch\\\/de\\\/\",\"logo\":{\"@type\":\"ImageObject\",\"inLanguage\":\"de\",\"@id\":\"https:\\\/\\\/shop.bantam.ch\\\/de\\\/#\\\/schema\\\/logo\\\/image\\\/\",\"url\":\"https:\\\/\\\/shop.bantam.ch\\\/wp-content\\\/uploads\\\/2022\\\/12\\\/bantam-logo.png\",\"contentUrl\":\"https:\\\/\\\/shop.bantam.ch\\\/wp-content\\\/uploads\\\/2022\\\/12\\\/bantam-logo.png\",\"width\":320,\"height\":71,\"caption\":\"Bantam Camping AG\"},\"image\":{\"@id\":\"https:\\\/\\\/shop.bantam.ch\\\/de\\\/#\\\/schema\\\/logo\\\/image\\\/\"}}]}<\/script>\n<!-- \/ Yoast SEO plugin. -->","yoast_head_json":{"title":"Verl\u00e4ngerung Status LED Thitronik - Bantam Camping AG","robots":{"index":"index","follow":"follow","max-snippet":"max-snippet:-1","max-image-preview":"max-image-preview:large","max-video-preview":"max-video-preview:-1"},"canonical":"https:\/\/shop.bantam.ch\/de\/produkt\/verlaengerung-status-led-50-cm\/","og_locale":"de_DE","og_type":"article","og_title":"Verl\u00e4ngerung Status LED Thitronik - Bantam Camping AG","og_description":"Die 50 cm lange Steckverbindung erm\u00f6glicht die Verl\u00e4ngerung der Status LED. Maximal 2 Verl\u00e4ngerungen k\u00f6nnen verwendet werden, sodass die Gesamtl\u00e4nge des LED-Kabels bis zu 2 m betr\u00e4gt.","og_url":"https:\/\/shop.bantam.ch\/de\/produkt\/verlaengerung-status-led-50-cm\/","og_site_name":"Bantam Camping AG","article_modified_time":"2026-04-16T18:37:55+00:00","og_image":[{"width":1000,"height":43,"url":"https:\/\/shop.bantam.ch\/wp-content\/uploads\/2023\/02\/9984048-Verlaengerung_Status_LED-Standard-01-1.jpg","type":"image\/jpeg"}],"twitter_card":"summary_large_image","schema":{"@context":"https:\/\/schema.org","@graph":[{"@type":"WebPage","@id":"https:\/\/shop.bantam.ch\/de\/produkt\/verlaengerung-status-led-50-cm\/","url":"https:\/\/shop.bantam.ch\/de\/produkt\/verlaengerung-status-led-50-cm\/","name":"Verl\u00e4ngerung Status LED Thitronik - Bantam Camping AG","isPartOf":{"@id":"https:\/\/shop.bantam.ch\/de\/#website"},"primaryImageOfPage":{"@id":"https:\/\/shop.bantam.ch\/de\/produkt\/verlaengerung-status-led-50-cm\/#primaryimage"},"image":{"@id":"https:\/\/shop.bantam.ch\/de\/produkt\/verlaengerung-status-led-50-cm\/#primaryimage"},"thumbnailUrl":"https:\/\/shop.bantam.ch\/wp-content\/uploads\/2023\/02\/9984048-Verlaengerung_Status_LED-Standard-01-1.jpg","datePublished":"2023-02-22T17:26:48+00:00","dateModified":"2026-04-16T18:37:55+00:00","breadcrumb":{"@id":"https:\/\/shop.bantam.ch\/de\/produkt\/verlaengerung-status-led-50-cm\/#breadcrumb"},"inLanguage":"de","potentialAction":[{"@type":"ReadAction","target":["https:\/\/shop.bantam.ch\/de\/produkt\/verlaengerung-status-led-50-cm\/"]}]},{"@type":"ImageObject","inLanguage":"de","@id":"https:\/\/shop.bantam.ch\/de\/produkt\/verlaengerung-status-led-50-cm\/#primaryimage","url":"https:\/\/shop.bantam.ch\/wp-content\/uploads\/2023\/02\/9984048-Verlaengerung_Status_LED-Standard-01-1.jpg","contentUrl":"https:\/\/shop.bantam.ch\/wp-content\/uploads\/2023\/02\/9984048-Verlaengerung_Status_LED-Standard-01-1.jpg","width":1000,"height":43},{"@type":"BreadcrumbList","@id":"https:\/\/shop.bantam.ch\/de\/produkt\/verlaengerung-status-led-50-cm\/#breadcrumb","itemListElement":[{"@type":"ListItem","position":1,"name":"Accueil","item":"https:\/\/shop.bantam.ch\/de\/"},{"@type":"ListItem","position":2,"name":"Shop","item":"https:\/\/shop.bantam.ch\/de\/shop\/"},{"@type":"ListItem","position":3,"name":"Verl\u00e4ngerung Status LED Thitronik"}]},{"@type":"WebSite","@id":"https:\/\/shop.bantam.ch\/de\/#website","url":"https:\/\/shop.bantam.ch\/de\/","name":"Bantam Camping AG","description":"","publisher":{"@id":"https:\/\/shop.bantam.ch\/de\/#organization"},"inLanguage":"de"},{"@type":"Organization","@id":"https:\/\/shop.bantam.ch\/de\/#organization","name":"Bantam Camping AG","url":"https:\/\/shop.bantam.ch\/de\/","logo":{"@type":"ImageObject","inLanguage":"de","@id":"https:\/\/shop.bantam.ch\/de\/#\/schema\/logo\/image\/","url":"https:\/\/shop.bantam.ch\/wp-content\/uploads\/2022\/12\/bantam-logo.png","contentUrl":"https:\/\/shop.bantam.ch\/wp-content\/uploads\/2022\/12\/bantam-logo.png","width":320,"height":71,"caption":"Bantam Camping AG"},"image":{"@id":"https:\/\/shop.bantam.ch\/de\/#\/schema\/logo\/image\/"}}]}},"_links":{"self":[{"href":"https:\/\/shop.bantam.ch\/de\/wp-json\/wp\/v2\/product\/32690","targetHints":{"allow":["GET"]}}],"collection":[{"href":"https:\/\/shop.bantam.ch\/de\/wp-json\/wp\/v2\/product"}],"about":[{"href":"https:\/\/shop.bantam.ch\/de\/wp-json\/wp\/v2\/types\/product"}],"wp:featuredmedia":[{"embeddable":true,"href":"https:\/\/shop.bantam.ch\/de\/wp-json\/wp\/v2\/media\/32688"}],"wp:attachment":[{"href":"https:\/\/shop.bantam.ch\/de\/wp-json\/wp\/v2\/media?parent=32690"}],"wp:term":[{"taxonomy":"product_featured_cat","embeddable":true,"href":"https:\/\/shop.bantam.ch\/de\/wp-json\/wp\/v2\/product_featured_cat?post=32690"},{"taxonomy":"product_brand","embeddable":true,"href":"https:\/\/shop.bantam.ch\/de\/wp-json\/wp\/v2\/product_brand?post=32690"},{"taxonomy":"product_cat","embeddable":true,"href":"https:\/\/shop.bantam.ch\/de\/wp-json\/wp\/v2\/product_cat?post=32690"},{"taxonomy":"product_tag","embeddable":true,"href":"https:\/\/shop.bantam.ch\/de\/wp-json\/wp\/v2\/product_tag?post=32690"}],"curies":[{"name":"wp","href":"https:\/\/api.w.org\/{rel}","templated":true}]}}