{"id":32470,"date":"2023-02-22T18:23:14","date_gmt":"2023-02-22T17:23:14","guid":{"rendered":"http:\/\/preprod-dev.sh1.hidora.com\/webshop\/produit\/kamera-cm-42-nav-inkl-chinchadapter\/"},"modified":"2026-04-17T20:39:53","modified_gmt":"2026-04-17T18:39:53","slug":"kamera-cm-42-nav-inkl-chinchadapter","status":"publish","type":"product","link":"https:\/\/shop.bantam.ch\/de\/produkt\/kamera-cm-42-nav-inkl-chinchadapter\/","title":{"rendered":"Kamera CM 42 NAV inkl. Chinchadapter"},"content":{"rendered":"<p>Durch das schwenkbare Objektiv dieser motorisierten Farbkamera gewinnen Sie noch mehr \u00dcberblick. Die hochwertige Farbkamera ersetzt w\u00e4hrend der Fahrt Ihren R\u00fcckspiegel. Beim Einlegen des R\u00fcckw\u00e4rtsganges schwenkt das Objektiv nach unten und dient als unsch\u00e4tzbare Einparkhilfe. Heizfunktion und Infrarot-Zusatzlichter sorgen f\u00fcr klare Sicht bei jedem Wetter und allen Lichtverh\u00e4ltnissen. Die automatische 1\/3 CCD Blende gleicht die Optik entsprechend an. Das eingebaute Mikrofon \u00fcbertr\u00e4gt den Ton des Geschehens hinter Ihrem Fahrzeug.<\/p>\n<p>Lieferumfang:<br \/>Inklusive Cinch-Adapter zum Anschluss an Monitore \/ Doppel-DIN-Ger\u00e4te mit RCA Kameraeingang, Befestigungsmaterial und 5 m Kabel<\/p>\n","protected":false},"excerpt":{"rendered":"<p>Durch das schwenkbare Objektiv dieser motorisierten Farbkamera gewinnen Sie noch mehr \u00dcberblick. Die hochwertige Farbkamera ersetzt w\u00e4hrend der Fahrt Ihren R\u00fcckspiegel. Beim Einlegen des R\u00fcckw\u00e4rtsganges schwenkt das Objektiv nach unten und dient als unsch\u00e4tzbare Einparkhilfe. Heizfunktion und Infrarot-Zusatzlichter sorgen f\u00fcr klare Sicht bei jedem Wetter und allen Lichtverh\u00e4ltnissen. Die automatische 1\/3 CCD Blende gleicht die [&hellip;]<\/p>\n","protected":false},"featured_media":32460,"template":"","meta":{"_acf_changed":false},"product_featured_cat":[],"product_brand":[3207],"product_cat":[5002],"product_tag":[],"class_list":{"0":"post-32470","1":"product","2":"type-product","3":"status-publish","4":"has-post-thumbnail","6":"product_brand-camos-de","7":"product_cat-kameras","9":"first","10":"instock","11":"taxable","12":"shipping-taxable","13":"purchasable","14":"product-type-variable"},"acf":[],"yoast_head":"<!-- This site is optimized with the Yoast SEO plugin v27.4 - https:\/\/yoast.com\/product\/yoast-seo-wordpress\/ -->\n<title>Kamera CM 42 NAV inkl. Chinchadapter - Bantam Camping AG<\/title>\n<meta name=\"robots\" content=\"index, follow, max-snippet:-1, max-image-preview:large, max-video-preview:-1\" \/>\n<link rel=\"canonical\" href=\"https:\/\/shop.bantam.ch\/de\/produkt\/kamera-cm-42-nav-inkl-chinchadapter\/\" \/>\n<meta property=\"og:locale\" content=\"de_DE\" \/>\n<meta property=\"og:type\" content=\"article\" \/>\n<meta property=\"og:title\" content=\"Kamera CM 42 NAV inkl. Chinchadapter - Bantam Camping AG\" \/>\n<meta property=\"og:description\" content=\"Durch das schwenkbare Objektiv dieser motorisierten Farbkamera gewinnen Sie noch mehr \u00dcberblick. Die hochwertige Farbkamera ersetzt w\u00e4hrend der Fahrt Ihren R\u00fcckspiegel. Beim Einlegen des R\u00fcckw\u00e4rtsganges schwenkt das Objektiv nach unten und dient als unsch\u00e4tzbare Einparkhilfe. Heizfunktion und Infrarot-Zusatzlichter sorgen f\u00fcr klare Sicht bei jedem Wetter und allen Lichtverh\u00e4ltnissen. Die automatische 1\/3 CCD Blende gleicht die [&hellip;]\" \/>\n<meta property=\"og:url\" content=\"https:\/\/shop.bantam.ch\/de\/produkt\/kamera-cm-42-nav-inkl-chinchadapter\/\" \/>\n<meta property=\"og:site_name\" content=\"Bantam Camping AG\" \/>\n<meta property=\"article:modified_time\" content=\"2026-04-17T18:39:53+00:00\" \/>\n<meta property=\"og:image\" content=\"https:\/\/shop.bantam.ch\/wp-content\/uploads\/2023\/02\/9981003-CM_42-NAV_Rueckfahrkamera_weiss_incl_Chinchadapter-Standard-02-4.jpg\" \/>\n\t<meta property=\"og:image:width\" content=\"1000\" \/>\n\t<meta property=\"og:image:height\" content=\"932\" \/>\n\t<meta property=\"og:image:type\" content=\"image\/jpeg\" \/>\n<meta name=\"twitter:card\" content=\"summary_large_image\" \/>\n<script type=\"application\/ld+json\" class=\"yoast-schema-graph\">{\"@context\":\"https:\\\/\\\/schema.org\",\"@graph\":[{\"@type\":\"WebPage\",\"@id\":\"https:\\\/\\\/shop.bantam.ch\\\/de\\\/produkt\\\/kamera-cm-42-nav-inkl-chinchadapter\\\/\",\"url\":\"https:\\\/\\\/shop.bantam.ch\\\/de\\\/produkt\\\/kamera-cm-42-nav-inkl-chinchadapter\\\/\",\"name\":\"Kamera CM 42 NAV inkl. Chinchadapter - Bantam Camping AG\",\"isPartOf\":{\"@id\":\"https:\\\/\\\/shop.bantam.ch\\\/de\\\/#website\"},\"primaryImageOfPage\":{\"@id\":\"https:\\\/\\\/shop.bantam.ch\\\/de\\\/produkt\\\/kamera-cm-42-nav-inkl-chinchadapter\\\/#primaryimage\"},\"image\":{\"@id\":\"https:\\\/\\\/shop.bantam.ch\\\/de\\\/produkt\\\/kamera-cm-42-nav-inkl-chinchadapter\\\/#primaryimage\"},\"thumbnailUrl\":\"https:\\\/\\\/shop.bantam.ch\\\/wp-content\\\/uploads\\\/2023\\\/02\\\/9981003-CM_42-NAV_Rueckfahrkamera_weiss_incl_Chinchadapter-Standard-02-4.jpg\",\"datePublished\":\"2023-02-22T17:23:14+00:00\",\"dateModified\":\"2026-04-17T18:39:53+00:00\",\"breadcrumb\":{\"@id\":\"https:\\\/\\\/shop.bantam.ch\\\/de\\\/produkt\\\/kamera-cm-42-nav-inkl-chinchadapter\\\/#breadcrumb\"},\"inLanguage\":\"de\",\"potentialAction\":[{\"@type\":\"ReadAction\",\"target\":[\"https:\\\/\\\/shop.bantam.ch\\\/de\\\/produkt\\\/kamera-cm-42-nav-inkl-chinchadapter\\\/\"]}]},{\"@type\":\"ImageObject\",\"inLanguage\":\"de\",\"@id\":\"https:\\\/\\\/shop.bantam.ch\\\/de\\\/produkt\\\/kamera-cm-42-nav-inkl-chinchadapter\\\/#primaryimage\",\"url\":\"https:\\\/\\\/shop.bantam.ch\\\/wp-content\\\/uploads\\\/2023\\\/02\\\/9981003-CM_42-NAV_Rueckfahrkamera_weiss_incl_Chinchadapter-Standard-02-4.jpg\",\"contentUrl\":\"https:\\\/\\\/shop.bantam.ch\\\/wp-content\\\/uploads\\\/2023\\\/02\\\/9981003-CM_42-NAV_Rueckfahrkamera_weiss_incl_Chinchadapter-Standard-02-4.jpg\",\"width\":1000,\"height\":932},{\"@type\":\"BreadcrumbList\",\"@id\":\"https:\\\/\\\/shop.bantam.ch\\\/de\\\/produkt\\\/kamera-cm-42-nav-inkl-chinchadapter\\\/#breadcrumb\",\"itemListElement\":[{\"@type\":\"ListItem\",\"position\":1,\"name\":\"Accueil\",\"item\":\"https:\\\/\\\/shop.bantam.ch\\\/de\\\/\"},{\"@type\":\"ListItem\",\"position\":2,\"name\":\"Shop\",\"item\":\"https:\\\/\\\/shop.bantam.ch\\\/de\\\/shop\\\/\"},{\"@type\":\"ListItem\",\"position\":3,\"name\":\"Kamera CM 42 NAV inkl. Chinchadapter\"}]},{\"@type\":\"WebSite\",\"@id\":\"https:\\\/\\\/shop.bantam.ch\\\/de\\\/#website\",\"url\":\"https:\\\/\\\/shop.bantam.ch\\\/de\\\/\",\"name\":\"Bantam Camping AG\",\"description\":\"\",\"publisher\":{\"@id\":\"https:\\\/\\\/shop.bantam.ch\\\/de\\\/#organization\"},\"inLanguage\":\"de\"},{\"@type\":\"Organization\",\"@id\":\"https:\\\/\\\/shop.bantam.ch\\\/de\\\/#organization\",\"name\":\"Bantam Camping AG\",\"url\":\"https:\\\/\\\/shop.bantam.ch\\\/de\\\/\",\"logo\":{\"@type\":\"ImageObject\",\"inLanguage\":\"de\",\"@id\":\"https:\\\/\\\/shop.bantam.ch\\\/de\\\/#\\\/schema\\\/logo\\\/image\\\/\",\"url\":\"https:\\\/\\\/shop.bantam.ch\\\/wp-content\\\/uploads\\\/2022\\\/12\\\/bantam-logo.png\",\"contentUrl\":\"https:\\\/\\\/shop.bantam.ch\\\/wp-content\\\/uploads\\\/2022\\\/12\\\/bantam-logo.png\",\"width\":320,\"height\":71,\"caption\":\"Bantam Camping AG\"},\"image\":{\"@id\":\"https:\\\/\\\/shop.bantam.ch\\\/de\\\/#\\\/schema\\\/logo\\\/image\\\/\"}}]}<\/script>\n<!-- \/ Yoast SEO plugin. -->","yoast_head_json":{"title":"Kamera CM 42 NAV inkl. Chinchadapter - Bantam Camping AG","robots":{"index":"index","follow":"follow","max-snippet":"max-snippet:-1","max-image-preview":"max-image-preview:large","max-video-preview":"max-video-preview:-1"},"canonical":"https:\/\/shop.bantam.ch\/de\/produkt\/kamera-cm-42-nav-inkl-chinchadapter\/","og_locale":"de_DE","og_type":"article","og_title":"Kamera CM 42 NAV inkl. Chinchadapter - Bantam Camping AG","og_description":"Durch das schwenkbare Objektiv dieser motorisierten Farbkamera gewinnen Sie noch mehr \u00dcberblick. Die hochwertige Farbkamera ersetzt w\u00e4hrend der Fahrt Ihren R\u00fcckspiegel. Beim Einlegen des R\u00fcckw\u00e4rtsganges schwenkt das Objektiv nach unten und dient als unsch\u00e4tzbare Einparkhilfe. Heizfunktion und Infrarot-Zusatzlichter sorgen f\u00fcr klare Sicht bei jedem Wetter und allen Lichtverh\u00e4ltnissen. Die automatische 1\/3 CCD Blende gleicht die [&hellip;]","og_url":"https:\/\/shop.bantam.ch\/de\/produkt\/kamera-cm-42-nav-inkl-chinchadapter\/","og_site_name":"Bantam Camping AG","article_modified_time":"2026-04-17T18:39:53+00:00","og_image":[{"width":1000,"height":932,"url":"https:\/\/shop.bantam.ch\/wp-content\/uploads\/2023\/02\/9981003-CM_42-NAV_Rueckfahrkamera_weiss_incl_Chinchadapter-Standard-02-4.jpg","type":"image\/jpeg"}],"twitter_card":"summary_large_image","schema":{"@context":"https:\/\/schema.org","@graph":[{"@type":"WebPage","@id":"https:\/\/shop.bantam.ch\/de\/produkt\/kamera-cm-42-nav-inkl-chinchadapter\/","url":"https:\/\/shop.bantam.ch\/de\/produkt\/kamera-cm-42-nav-inkl-chinchadapter\/","name":"Kamera CM 42 NAV inkl. Chinchadapter - Bantam Camping AG","isPartOf":{"@id":"https:\/\/shop.bantam.ch\/de\/#website"},"primaryImageOfPage":{"@id":"https:\/\/shop.bantam.ch\/de\/produkt\/kamera-cm-42-nav-inkl-chinchadapter\/#primaryimage"},"image":{"@id":"https:\/\/shop.bantam.ch\/de\/produkt\/kamera-cm-42-nav-inkl-chinchadapter\/#primaryimage"},"thumbnailUrl":"https:\/\/shop.bantam.ch\/wp-content\/uploads\/2023\/02\/9981003-CM_42-NAV_Rueckfahrkamera_weiss_incl_Chinchadapter-Standard-02-4.jpg","datePublished":"2023-02-22T17:23:14+00:00","dateModified":"2026-04-17T18:39:53+00:00","breadcrumb":{"@id":"https:\/\/shop.bantam.ch\/de\/produkt\/kamera-cm-42-nav-inkl-chinchadapter\/#breadcrumb"},"inLanguage":"de","potentialAction":[{"@type":"ReadAction","target":["https:\/\/shop.bantam.ch\/de\/produkt\/kamera-cm-42-nav-inkl-chinchadapter\/"]}]},{"@type":"ImageObject","inLanguage":"de","@id":"https:\/\/shop.bantam.ch\/de\/produkt\/kamera-cm-42-nav-inkl-chinchadapter\/#primaryimage","url":"https:\/\/shop.bantam.ch\/wp-content\/uploads\/2023\/02\/9981003-CM_42-NAV_Rueckfahrkamera_weiss_incl_Chinchadapter-Standard-02-4.jpg","contentUrl":"https:\/\/shop.bantam.ch\/wp-content\/uploads\/2023\/02\/9981003-CM_42-NAV_Rueckfahrkamera_weiss_incl_Chinchadapter-Standard-02-4.jpg","width":1000,"height":932},{"@type":"BreadcrumbList","@id":"https:\/\/shop.bantam.ch\/de\/produkt\/kamera-cm-42-nav-inkl-chinchadapter\/#breadcrumb","itemListElement":[{"@type":"ListItem","position":1,"name":"Accueil","item":"https:\/\/shop.bantam.ch\/de\/"},{"@type":"ListItem","position":2,"name":"Shop","item":"https:\/\/shop.bantam.ch\/de\/shop\/"},{"@type":"ListItem","position":3,"name":"Kamera CM 42 NAV inkl. Chinchadapter"}]},{"@type":"WebSite","@id":"https:\/\/shop.bantam.ch\/de\/#website","url":"https:\/\/shop.bantam.ch\/de\/","name":"Bantam Camping AG","description":"","publisher":{"@id":"https:\/\/shop.bantam.ch\/de\/#organization"},"inLanguage":"de"},{"@type":"Organization","@id":"https:\/\/shop.bantam.ch\/de\/#organization","name":"Bantam Camping AG","url":"https:\/\/shop.bantam.ch\/de\/","logo":{"@type":"ImageObject","inLanguage":"de","@id":"https:\/\/shop.bantam.ch\/de\/#\/schema\/logo\/image\/","url":"https:\/\/shop.bantam.ch\/wp-content\/uploads\/2022\/12\/bantam-logo.png","contentUrl":"https:\/\/shop.bantam.ch\/wp-content\/uploads\/2022\/12\/bantam-logo.png","width":320,"height":71,"caption":"Bantam Camping AG"},"image":{"@id":"https:\/\/shop.bantam.ch\/de\/#\/schema\/logo\/image\/"}}]}},"_links":{"self":[{"href":"https:\/\/shop.bantam.ch\/de\/wp-json\/wp\/v2\/product\/32470","targetHints":{"allow":["GET"]}}],"collection":[{"href":"https:\/\/shop.bantam.ch\/de\/wp-json\/wp\/v2\/product"}],"about":[{"href":"https:\/\/shop.bantam.ch\/de\/wp-json\/wp\/v2\/types\/product"}],"wp:featuredmedia":[{"embeddable":true,"href":"https:\/\/shop.bantam.ch\/de\/wp-json\/wp\/v2\/media\/32460"}],"wp:attachment":[{"href":"https:\/\/shop.bantam.ch\/de\/wp-json\/wp\/v2\/media?parent=32470"}],"wp:term":[{"taxonomy":"product_featured_cat","embeddable":true,"href":"https:\/\/shop.bantam.ch\/de\/wp-json\/wp\/v2\/product_featured_cat?post=32470"},{"taxonomy":"product_brand","embeddable":true,"href":"https:\/\/shop.bantam.ch\/de\/wp-json\/wp\/v2\/product_brand?post=32470"},{"taxonomy":"product_cat","embeddable":true,"href":"https:\/\/shop.bantam.ch\/de\/wp-json\/wp\/v2\/product_cat?post=32470"},{"taxonomy":"product_tag","embeddable":true,"href":"https:\/\/shop.bantam.ch\/de\/wp-json\/wp\/v2\/product_tag?post=32470"}],"curies":[{"name":"wp","href":"https:\/\/api.w.org\/{rel}","templated":true}]}}