{"id":32444,"date":"2023-02-22T18:22:52","date_gmt":"2023-02-22T17:22:52","guid":{"rendered":"http:\/\/preprod-dev.sh1.hidora.com\/webshop\/produit\/rueckfahrvideosystem-mv-530\/"},"modified":"2026-04-17T20:36:39","modified_gmt":"2026-04-17T18:36:39","slug":"rueckfahrvideosystem-mv-530","status":"publish","type":"product","link":"https:\/\/shop.bantam.ch\/de\/produkt\/rueckfahrvideosystem-mv-530\/","title":{"rendered":"R\u00fcckfahrvideosystem Camos MV-530"},"content":{"rendered":"<p>MV-530: Neuartiges Multiview R\u00fcckfahrvideosystem Komplett-Set mit Monitor CM-530 und Kamera CM-5180M HD.<\/p>\n<p>CM-510: Dieser Monitor teilt sich das Geh\u00e4use mit dem CM-430, jedoch hat er nicht nur all die positiven Eigenschaften, sondern auch noch ein gr\u00f6\u00dferes Display in 5&#8243;&#8220; bei gleichbleibenden Geh\u00e4useabmessungen. Kompakt und kontrastreich, mit hervorragender Bildqualit\u00e4t. Das digitale Display \u00fcberzeugt mit hoher Aufl\u00f6sung und ansprechendem Design.<\/p>\n<p>CM-5180M: Diese neue, sehr kompakte Farbkamera ist ein besonderes Multitalent. Durch softwaregest\u00fctzte digitale Bildverarbeitung bietet die CM-5180M, \u00e4hnlich einer Doppellinsenkamera oder einer Tilt, gleich zwei Bilder, bei jedoch nur einer Kamera. So ist bei vorw\u00e4rtiger Fahrt das Bild mit 130\u00b0 Blickwinkel aktiv, um den R\u00fcckw\u00e4rtigen Verkehr zu beobachten. Beim Einlegen des R\u00fcckw\u00e4rtsganges stellt die Kamera auf 160\u00b0 Blickwinkel, die direkt hinter Ihr Fahrzeug schauen, um. So wird auch das Rangieren zur leichtesten \u00dcbung.<br \/>Monitor CM-510: <br \/>Dieser Monitor teilt sich das Geh\u00e4use mit dem CM-430, jedoch hat er nicht nur all die positiven Eigenschaften, sondern auch noch ein gr\u00f6\u00dferes Display in 5&#8243; bei gleichbleibenden Geh\u00e4useabmessungen. Kompakt und kontrastreich, mit hervorragender Bildqualit\u00e4t. Das digitale Display \u00fcberzeugt mit hoher Aufl\u00f6sung und ansprechendem Design.<\/p>\n<p>CM-510<br \/>digitales 5&#8243; TFT LCD Display:<\/p>\n<ul>\n<li>Hohe Aufl\u00f6sung 800&#215;480<\/li>\n<li>Alle Funktionen im Display (OSD)<\/li>\n<li>5 Sprachen ausw\u00e4hlbar (DE, EN, FR, IT, ES)<\/li>\n<li>16:9 Bildformat \/ Kontrast 700:1<\/li>\n<li>Helligkeit 500ccd \/ 1 Video Eingang<\/li>\n<\/ul>\n<p>\u00a0<\/p>\n<p>CM-5180M HD<br \/>digitale Multiview Kamera:<\/p>\n<ul>\n<li>2 Modi in 1 Kamera<\/li>\n<li>160\u00b0 Parkmodus<\/li>\n<li>130\u00b0 Fahrmodus<\/li>\n<li>Digitale Bildverarbeitung<\/li>\n<li>Kompaktes Design<\/li>\n<li>Rostfreie Edelstahl-Sonnenblende<\/li>\n<\/ul>\n<p>\u00a0<\/p>\n<p>Ma\u00dfe:<\/p>\n<ul>\n<li>Monitor: 14 x 8,3 x 2 cm<\/li>\n<li>Kamera: 2,3 x 3,25 cm<\/li>\n<\/ul>\n<p>\u00a0<\/p>\n","protected":false},"excerpt":{"rendered":"<p>MV-530: Neuartiges Multiview R\u00fcckfahrvideosystem Komplett-Set mit Monitor CM-530 und Kamera CM-5180M HD. CM-510: Dieser Monitor teilt sich das Geh\u00e4use mit dem CM-430, jedoch hat er nicht nur all die positiven Eigenschaften, sondern auch noch ein gr\u00f6\u00dferes Display in 5&#8243;&#8220; bei gleichbleibenden Geh\u00e4useabmessungen. Kompakt und kontrastreich, mit hervorragender Bildqualit\u00e4t. Das digitale Display \u00fcberzeugt mit hoher Aufl\u00f6sung [&hellip;]<\/p>\n","protected":false},"featured_media":32442,"template":"","meta":{"_acf_changed":false},"product_featured_cat":[],"product_brand":[3207],"product_cat":[5154],"product_tag":[],"class_list":{"0":"post-32444","1":"product","2":"type-product","3":"status-publish","4":"has-post-thumbnail","6":"product_brand-camos-de","7":"product_cat-rueckfahrvideosystem-sets","9":"first","10":"instock","11":"taxable","12":"shipping-taxable","13":"purchasable","14":"product-type-simple"},"acf":[],"yoast_head":"<!-- This site is optimized with the Yoast SEO plugin v27.4 - https:\/\/yoast.com\/product\/yoast-seo-wordpress\/ -->\n<title>R\u00fcckfahrvideosystem Camos MV-530 - Bantam Camping AG<\/title>\n<meta name=\"robots\" content=\"index, follow, max-snippet:-1, max-image-preview:large, max-video-preview:-1\" \/>\n<link rel=\"canonical\" href=\"https:\/\/shop.bantam.ch\/de\/produkt\/rueckfahrvideosystem-mv-530\/\" \/>\n<meta property=\"og:locale\" content=\"de_DE\" \/>\n<meta property=\"og:type\" content=\"article\" \/>\n<meta property=\"og:title\" content=\"R\u00fcckfahrvideosystem Camos MV-530 - Bantam Camping AG\" \/>\n<meta property=\"og:description\" content=\"MV-530: Neuartiges Multiview R\u00fcckfahrvideosystem Komplett-Set mit Monitor CM-530 und Kamera CM-5180M HD. CM-510: Dieser Monitor teilt sich das Geh\u00e4use mit dem CM-430, jedoch hat er nicht nur all die positiven Eigenschaften, sondern auch noch ein gr\u00f6\u00dferes Display in 5&#8243;&#8220; bei gleichbleibenden Geh\u00e4useabmessungen. Kompakt und kontrastreich, mit hervorragender Bildqualit\u00e4t. Das digitale Display \u00fcberzeugt mit hoher Aufl\u00f6sung [&hellip;]\" \/>\n<meta property=\"og:url\" content=\"https:\/\/shop.bantam.ch\/de\/produkt\/rueckfahrvideosystem-mv-530\/\" \/>\n<meta property=\"og:site_name\" content=\"Bantam Camping AG\" \/>\n<meta property=\"article:modified_time\" content=\"2026-04-17T18:36:39+00:00\" \/>\n<meta property=\"og:image\" content=\"https:\/\/shop.bantam.ch\/wp-content\/uploads\/2023\/02\/9983656-Rueckfahrvideosystem_MV_530_5_Zoll-Standard-01-2.jpg\" \/>\n\t<meta property=\"og:image:width\" content=\"1000\" \/>\n\t<meta property=\"og:image:height\" content=\"507\" \/>\n\t<meta property=\"og:image:type\" content=\"image\/jpeg\" \/>\n<meta name=\"twitter:card\" content=\"summary_large_image\" \/>\n<meta name=\"twitter:label1\" content=\"Gesch\u00e4tzte Lesezeit\" \/>\n\t<meta name=\"twitter:data1\" content=\"1\u00a0Minute\" \/>\n<script type=\"application\/ld+json\" class=\"yoast-schema-graph\">{\"@context\":\"https:\\\/\\\/schema.org\",\"@graph\":[{\"@type\":\"WebPage\",\"@id\":\"https:\\\/\\\/shop.bantam.ch\\\/de\\\/produkt\\\/rueckfahrvideosystem-mv-530\\\/\",\"url\":\"https:\\\/\\\/shop.bantam.ch\\\/de\\\/produkt\\\/rueckfahrvideosystem-mv-530\\\/\",\"name\":\"R\u00fcckfahrvideosystem Camos MV-530 - Bantam Camping AG\",\"isPartOf\":{\"@id\":\"https:\\\/\\\/shop.bantam.ch\\\/de\\\/#website\"},\"primaryImageOfPage\":{\"@id\":\"https:\\\/\\\/shop.bantam.ch\\\/de\\\/produkt\\\/rueckfahrvideosystem-mv-530\\\/#primaryimage\"},\"image\":{\"@id\":\"https:\\\/\\\/shop.bantam.ch\\\/de\\\/produkt\\\/rueckfahrvideosystem-mv-530\\\/#primaryimage\"},\"thumbnailUrl\":\"https:\\\/\\\/shop.bantam.ch\\\/wp-content\\\/uploads\\\/2023\\\/02\\\/9983656-Rueckfahrvideosystem_MV_530_5_Zoll-Standard-01-2.jpg\",\"datePublished\":\"2023-02-22T17:22:52+00:00\",\"dateModified\":\"2026-04-17T18:36:39+00:00\",\"breadcrumb\":{\"@id\":\"https:\\\/\\\/shop.bantam.ch\\\/de\\\/produkt\\\/rueckfahrvideosystem-mv-530\\\/#breadcrumb\"},\"inLanguage\":\"de\",\"potentialAction\":[{\"@type\":\"ReadAction\",\"target\":[\"https:\\\/\\\/shop.bantam.ch\\\/de\\\/produkt\\\/rueckfahrvideosystem-mv-530\\\/\"]}]},{\"@type\":\"ImageObject\",\"inLanguage\":\"de\",\"@id\":\"https:\\\/\\\/shop.bantam.ch\\\/de\\\/produkt\\\/rueckfahrvideosystem-mv-530\\\/#primaryimage\",\"url\":\"https:\\\/\\\/shop.bantam.ch\\\/wp-content\\\/uploads\\\/2023\\\/02\\\/9983656-Rueckfahrvideosystem_MV_530_5_Zoll-Standard-01-2.jpg\",\"contentUrl\":\"https:\\\/\\\/shop.bantam.ch\\\/wp-content\\\/uploads\\\/2023\\\/02\\\/9983656-Rueckfahrvideosystem_MV_530_5_Zoll-Standard-01-2.jpg\",\"width\":1000,\"height\":507},{\"@type\":\"BreadcrumbList\",\"@id\":\"https:\\\/\\\/shop.bantam.ch\\\/de\\\/produkt\\\/rueckfahrvideosystem-mv-530\\\/#breadcrumb\",\"itemListElement\":[{\"@type\":\"ListItem\",\"position\":1,\"name\":\"Accueil\",\"item\":\"https:\\\/\\\/shop.bantam.ch\\\/de\\\/\"},{\"@type\":\"ListItem\",\"position\":2,\"name\":\"Shop\",\"item\":\"https:\\\/\\\/shop.bantam.ch\\\/de\\\/shop\\\/\"},{\"@type\":\"ListItem\",\"position\":3,\"name\":\"R\u00fcckfahrvideosystem Camos MV-530\"}]},{\"@type\":\"WebSite\",\"@id\":\"https:\\\/\\\/shop.bantam.ch\\\/de\\\/#website\",\"url\":\"https:\\\/\\\/shop.bantam.ch\\\/de\\\/\",\"name\":\"Bantam Camping AG\",\"description\":\"\",\"publisher\":{\"@id\":\"https:\\\/\\\/shop.bantam.ch\\\/de\\\/#organization\"},\"inLanguage\":\"de\"},{\"@type\":\"Organization\",\"@id\":\"https:\\\/\\\/shop.bantam.ch\\\/de\\\/#organization\",\"name\":\"Bantam Camping AG\",\"url\":\"https:\\\/\\\/shop.bantam.ch\\\/de\\\/\",\"logo\":{\"@type\":\"ImageObject\",\"inLanguage\":\"de\",\"@id\":\"https:\\\/\\\/shop.bantam.ch\\\/de\\\/#\\\/schema\\\/logo\\\/image\\\/\",\"url\":\"https:\\\/\\\/shop.bantam.ch\\\/wp-content\\\/uploads\\\/2022\\\/12\\\/bantam-logo.png\",\"contentUrl\":\"https:\\\/\\\/shop.bantam.ch\\\/wp-content\\\/uploads\\\/2022\\\/12\\\/bantam-logo.png\",\"width\":320,\"height\":71,\"caption\":\"Bantam Camping AG\"},\"image\":{\"@id\":\"https:\\\/\\\/shop.bantam.ch\\\/de\\\/#\\\/schema\\\/logo\\\/image\\\/\"}}]}<\/script>\n<!-- \/ Yoast SEO plugin. -->","yoast_head_json":{"title":"R\u00fcckfahrvideosystem Camos MV-530 - Bantam Camping AG","robots":{"index":"index","follow":"follow","max-snippet":"max-snippet:-1","max-image-preview":"max-image-preview:large","max-video-preview":"max-video-preview:-1"},"canonical":"https:\/\/shop.bantam.ch\/de\/produkt\/rueckfahrvideosystem-mv-530\/","og_locale":"de_DE","og_type":"article","og_title":"R\u00fcckfahrvideosystem Camos MV-530 - Bantam Camping AG","og_description":"MV-530: Neuartiges Multiview R\u00fcckfahrvideosystem Komplett-Set mit Monitor CM-530 und Kamera CM-5180M HD. CM-510: Dieser Monitor teilt sich das Geh\u00e4use mit dem CM-430, jedoch hat er nicht nur all die positiven Eigenschaften, sondern auch noch ein gr\u00f6\u00dferes Display in 5&#8243;&#8220; bei gleichbleibenden Geh\u00e4useabmessungen. Kompakt und kontrastreich, mit hervorragender Bildqualit\u00e4t. Das digitale Display \u00fcberzeugt mit hoher Aufl\u00f6sung [&hellip;]","og_url":"https:\/\/shop.bantam.ch\/de\/produkt\/rueckfahrvideosystem-mv-530\/","og_site_name":"Bantam Camping AG","article_modified_time":"2026-04-17T18:36:39+00:00","og_image":[{"width":1000,"height":507,"url":"https:\/\/shop.bantam.ch\/wp-content\/uploads\/2023\/02\/9983656-Rueckfahrvideosystem_MV_530_5_Zoll-Standard-01-2.jpg","type":"image\/jpeg"}],"twitter_card":"summary_large_image","twitter_misc":{"Gesch\u00e4tzte Lesezeit":"1\u00a0Minute"},"schema":{"@context":"https:\/\/schema.org","@graph":[{"@type":"WebPage","@id":"https:\/\/shop.bantam.ch\/de\/produkt\/rueckfahrvideosystem-mv-530\/","url":"https:\/\/shop.bantam.ch\/de\/produkt\/rueckfahrvideosystem-mv-530\/","name":"R\u00fcckfahrvideosystem Camos MV-530 - Bantam Camping AG","isPartOf":{"@id":"https:\/\/shop.bantam.ch\/de\/#website"},"primaryImageOfPage":{"@id":"https:\/\/shop.bantam.ch\/de\/produkt\/rueckfahrvideosystem-mv-530\/#primaryimage"},"image":{"@id":"https:\/\/shop.bantam.ch\/de\/produkt\/rueckfahrvideosystem-mv-530\/#primaryimage"},"thumbnailUrl":"https:\/\/shop.bantam.ch\/wp-content\/uploads\/2023\/02\/9983656-Rueckfahrvideosystem_MV_530_5_Zoll-Standard-01-2.jpg","datePublished":"2023-02-22T17:22:52+00:00","dateModified":"2026-04-17T18:36:39+00:00","breadcrumb":{"@id":"https:\/\/shop.bantam.ch\/de\/produkt\/rueckfahrvideosystem-mv-530\/#breadcrumb"},"inLanguage":"de","potentialAction":[{"@type":"ReadAction","target":["https:\/\/shop.bantam.ch\/de\/produkt\/rueckfahrvideosystem-mv-530\/"]}]},{"@type":"ImageObject","inLanguage":"de","@id":"https:\/\/shop.bantam.ch\/de\/produkt\/rueckfahrvideosystem-mv-530\/#primaryimage","url":"https:\/\/shop.bantam.ch\/wp-content\/uploads\/2023\/02\/9983656-Rueckfahrvideosystem_MV_530_5_Zoll-Standard-01-2.jpg","contentUrl":"https:\/\/shop.bantam.ch\/wp-content\/uploads\/2023\/02\/9983656-Rueckfahrvideosystem_MV_530_5_Zoll-Standard-01-2.jpg","width":1000,"height":507},{"@type":"BreadcrumbList","@id":"https:\/\/shop.bantam.ch\/de\/produkt\/rueckfahrvideosystem-mv-530\/#breadcrumb","itemListElement":[{"@type":"ListItem","position":1,"name":"Accueil","item":"https:\/\/shop.bantam.ch\/de\/"},{"@type":"ListItem","position":2,"name":"Shop","item":"https:\/\/shop.bantam.ch\/de\/shop\/"},{"@type":"ListItem","position":3,"name":"R\u00fcckfahrvideosystem Camos MV-530"}]},{"@type":"WebSite","@id":"https:\/\/shop.bantam.ch\/de\/#website","url":"https:\/\/shop.bantam.ch\/de\/","name":"Bantam Camping AG","description":"","publisher":{"@id":"https:\/\/shop.bantam.ch\/de\/#organization"},"inLanguage":"de"},{"@type":"Organization","@id":"https:\/\/shop.bantam.ch\/de\/#organization","name":"Bantam Camping AG","url":"https:\/\/shop.bantam.ch\/de\/","logo":{"@type":"ImageObject","inLanguage":"de","@id":"https:\/\/shop.bantam.ch\/de\/#\/schema\/logo\/image\/","url":"https:\/\/shop.bantam.ch\/wp-content\/uploads\/2022\/12\/bantam-logo.png","contentUrl":"https:\/\/shop.bantam.ch\/wp-content\/uploads\/2022\/12\/bantam-logo.png","width":320,"height":71,"caption":"Bantam Camping AG"},"image":{"@id":"https:\/\/shop.bantam.ch\/de\/#\/schema\/logo\/image\/"}}]}},"_links":{"self":[{"href":"https:\/\/shop.bantam.ch\/de\/wp-json\/wp\/v2\/product\/32444","targetHints":{"allow":["GET"]}}],"collection":[{"href":"https:\/\/shop.bantam.ch\/de\/wp-json\/wp\/v2\/product"}],"about":[{"href":"https:\/\/shop.bantam.ch\/de\/wp-json\/wp\/v2\/types\/product"}],"wp:featuredmedia":[{"embeddable":true,"href":"https:\/\/shop.bantam.ch\/de\/wp-json\/wp\/v2\/media\/32442"}],"wp:attachment":[{"href":"https:\/\/shop.bantam.ch\/de\/wp-json\/wp\/v2\/media?parent=32444"}],"wp:term":[{"taxonomy":"product_featured_cat","embeddable":true,"href":"https:\/\/shop.bantam.ch\/de\/wp-json\/wp\/v2\/product_featured_cat?post=32444"},{"taxonomy":"product_brand","embeddable":true,"href":"https:\/\/shop.bantam.ch\/de\/wp-json\/wp\/v2\/product_brand?post=32444"},{"taxonomy":"product_cat","embeddable":true,"href":"https:\/\/shop.bantam.ch\/de\/wp-json\/wp\/v2\/product_cat?post=32444"},{"taxonomy":"product_tag","embeddable":true,"href":"https:\/\/shop.bantam.ch\/de\/wp-json\/wp\/v2\/product_tag?post=32444"}],"curies":[{"name":"wp","href":"https:\/\/api.w.org\/{rel}","templated":true}]}}