{"id":32394,"date":"2023-02-22T18:22:02","date_gmt":"2023-02-22T17:22:02","guid":{"rendered":"http:\/\/preprod-dev.sh1.hidora.com\/webshop\/produit\/flex-tv-wandhalter-cfw-204a\/"},"modified":"2026-05-02T20:36:33","modified_gmt":"2026-05-02T18:36:33","slug":"flex-tv-wandhalter-cfw-204a","status":"publish","type":"product","link":"https:\/\/shop.bantam.ch\/de\/produkt\/flex-tv-wandhalter-cfw-204a\/","title":{"rendered":"Wandhaltung Caratec Flex CFW204A"},"content":{"rendered":"<p>Caratec-Halterl\u00f6sungen zeichnen sich durch spezielle Schienen, Arretierm\u00f6glichkeiten und hohe Stabilit\u00e4t aus und sind so konstruiert, dass die Unterbringung des Monitors m\u00f6glichst wenig Platz beansprucht. Durch die sichere Arretierung bleibt der Monitor w\u00e4hrend der Fahrt fest an seinem Platz.<\/p>\n<p>Besonders leichter und stabiler Halter mit bis zu drei Drehpunkten. Verriegelbar, einfache Entriegelung mit Hebel.<\/p>\n<p>Material:<br \/>Aluminium<\/p>\n<ul>\n<li>Wandabstand ausgeklappt: 21,3 cm<\/li>\n<\/ul>\n","protected":false},"excerpt":{"rendered":"<p>Caratec-Halterl\u00f6sungen zeichnen sich durch spezielle Schienen, Arretierm\u00f6glichkeiten und hohe Stabilit\u00e4t aus und sind so konstruiert, dass die Unterbringung des Monitors m\u00f6glichst wenig Platz beansprucht. Durch die sichere Arretierung bleibt der Monitor w\u00e4hrend der Fahrt fest an seinem Platz. Besonders leichter und stabiler Halter mit bis zu drei Drehpunkten. Verriegelbar, einfache Entriegelung mit Hebel. Material:Aluminium Wandabstand [&hellip;]<\/p>\n","protected":false},"featured_media":32388,"template":"","meta":{"_acf_changed":false},"product_featured_cat":[],"product_brand":[3071],"product_cat":[4986],"product_tag":[],"class_list":{"0":"post-32394","1":"product","2":"type-product","3":"status-publish","4":"has-post-thumbnail","6":"product_brand-caratec-de","7":"product_cat-tv-halterungen","9":"first","10":"instock","11":"taxable","12":"shipping-taxable","13":"purchasable","14":"product-type-simple"},"acf":[],"yoast_head":"<!-- This site is optimized with the Yoast SEO plugin v27.5 - https:\/\/yoast.com\/product\/yoast-seo-wordpress\/ -->\n<title>Wandhaltung Caratec Flex CFW204A - Bantam<\/title>\n<meta name=\"robots\" content=\"index, follow, max-snippet:-1, max-image-preview:large, max-video-preview:-1\" \/>\n<link rel=\"canonical\" href=\"https:\/\/shop.bantam.ch\/de\/produkt\/flex-tv-wandhalter-cfw-204a\/\" \/>\n<meta property=\"og:locale\" content=\"de_DE\" \/>\n<meta property=\"og:type\" content=\"article\" \/>\n<meta property=\"og:title\" content=\"Wandhaltung Caratec Flex CFW204A - Bantam\" \/>\n<meta property=\"og:description\" content=\"Caratec-Halterl\u00f6sungen zeichnen sich durch spezielle Schienen, Arretierm\u00f6glichkeiten und hohe Stabilit\u00e4t aus und sind so konstruiert, dass die Unterbringung des Monitors m\u00f6glichst wenig Platz beansprucht. Durch die sichere Arretierung bleibt der Monitor w\u00e4hrend der Fahrt fest an seinem Platz. Besonders leichter und stabiler Halter mit bis zu drei Drehpunkten. Verriegelbar, einfache Entriegelung mit Hebel. Material:Aluminium Wandabstand [&hellip;]\" \/>\n<meta property=\"og:url\" content=\"https:\/\/shop.bantam.ch\/de\/produkt\/flex-tv-wandhalter-cfw-204a\/\" \/>\n<meta property=\"og:site_name\" content=\"Bantam\" \/>\n<meta property=\"article:modified_time\" content=\"2026-05-02T18:36:33+00:00\" \/>\n<meta property=\"og:image\" content=\"https:\/\/shop.bantam.ch\/wp-content\/uploads\/2023\/02\/9980157-Caratec_Flex_TV-Wandhalter_CFW204A_2_Drehpunkte-Standard-02-2.jpg\" \/>\n\t<meta property=\"og:image:width\" content=\"1000\" \/>\n\t<meta property=\"og:image:height\" content=\"521\" \/>\n\t<meta property=\"og:image:type\" content=\"image\/jpeg\" \/>\n<meta name=\"twitter:card\" content=\"summary_large_image\" \/>\n<script type=\"application\/ld+json\" class=\"yoast-schema-graph\">{\"@context\":\"https:\\\/\\\/schema.org\",\"@graph\":[{\"@type\":\"WebPage\",\"@id\":\"https:\\\/\\\/shop.bantam.ch\\\/de\\\/produkt\\\/flex-tv-wandhalter-cfw-204a\\\/\",\"url\":\"https:\\\/\\\/shop.bantam.ch\\\/de\\\/produkt\\\/flex-tv-wandhalter-cfw-204a\\\/\",\"name\":\"Wandhaltung Caratec Flex CFW204A - Bantam\",\"isPartOf\":{\"@id\":\"https:\\\/\\\/shop.bantam.ch\\\/de\\\/#website\"},\"primaryImageOfPage\":{\"@id\":\"https:\\\/\\\/shop.bantam.ch\\\/de\\\/produkt\\\/flex-tv-wandhalter-cfw-204a\\\/#primaryimage\"},\"image\":{\"@id\":\"https:\\\/\\\/shop.bantam.ch\\\/de\\\/produkt\\\/flex-tv-wandhalter-cfw-204a\\\/#primaryimage\"},\"thumbnailUrl\":\"https:\\\/\\\/shop.bantam.ch\\\/wp-content\\\/uploads\\\/2023\\\/02\\\/9980157-Caratec_Flex_TV-Wandhalter_CFW204A_2_Drehpunkte-Standard-02-2.jpg\",\"datePublished\":\"2023-02-22T17:22:02+00:00\",\"dateModified\":\"2026-05-02T18:36:33+00:00\",\"breadcrumb\":{\"@id\":\"https:\\\/\\\/shop.bantam.ch\\\/de\\\/produkt\\\/flex-tv-wandhalter-cfw-204a\\\/#breadcrumb\"},\"inLanguage\":\"de\",\"potentialAction\":[{\"@type\":\"ReadAction\",\"target\":[\"https:\\\/\\\/shop.bantam.ch\\\/de\\\/produkt\\\/flex-tv-wandhalter-cfw-204a\\\/\"]}]},{\"@type\":\"ImageObject\",\"inLanguage\":\"de\",\"@id\":\"https:\\\/\\\/shop.bantam.ch\\\/de\\\/produkt\\\/flex-tv-wandhalter-cfw-204a\\\/#primaryimage\",\"url\":\"https:\\\/\\\/shop.bantam.ch\\\/wp-content\\\/uploads\\\/2023\\\/02\\\/9980157-Caratec_Flex_TV-Wandhalter_CFW204A_2_Drehpunkte-Standard-02-2.jpg\",\"contentUrl\":\"https:\\\/\\\/shop.bantam.ch\\\/wp-content\\\/uploads\\\/2023\\\/02\\\/9980157-Caratec_Flex_TV-Wandhalter_CFW204A_2_Drehpunkte-Standard-02-2.jpg\",\"width\":1000,\"height\":521},{\"@type\":\"BreadcrumbList\",\"@id\":\"https:\\\/\\\/shop.bantam.ch\\\/de\\\/produkt\\\/flex-tv-wandhalter-cfw-204a\\\/#breadcrumb\",\"itemListElement\":[{\"@type\":\"ListItem\",\"position\":1,\"name\":\"Accueil\",\"item\":\"https:\\\/\\\/shop.bantam.ch\\\/de\\\/\"},{\"@type\":\"ListItem\",\"position\":2,\"name\":\"Shop\",\"item\":\"https:\\\/\\\/shop.bantam.ch\\\/de\\\/shop\\\/\"},{\"@type\":\"ListItem\",\"position\":3,\"name\":\"Wandhaltung Caratec Flex CFW204A\"}]},{\"@type\":\"WebSite\",\"@id\":\"https:\\\/\\\/shop.bantam.ch\\\/de\\\/#website\",\"url\":\"https:\\\/\\\/shop.bantam.ch\\\/de\\\/\",\"name\":\"Bantam\",\"description\":\"\",\"publisher\":{\"@id\":\"https:\\\/\\\/shop.bantam.ch\\\/de\\\/#organization\"},\"inLanguage\":\"de\"},{\"@type\":\"Organization\",\"@id\":\"https:\\\/\\\/shop.bantam.ch\\\/de\\\/#organization\",\"name\":\"Bantam\",\"url\":\"https:\\\/\\\/shop.bantam.ch\\\/de\\\/\",\"logo\":{\"@type\":\"ImageObject\",\"inLanguage\":\"de\",\"@id\":\"https:\\\/\\\/shop.bantam.ch\\\/de\\\/#\\\/schema\\\/logo\\\/image\\\/\",\"url\":\"https:\\\/\\\/shop.bantam.ch\\\/wp-content\\\/uploads\\\/2022\\\/12\\\/bantam-logo.png\",\"contentUrl\":\"https:\\\/\\\/shop.bantam.ch\\\/wp-content\\\/uploads\\\/2022\\\/12\\\/bantam-logo.png\",\"width\":320,\"height\":71,\"caption\":\"Bantam\"},\"image\":{\"@id\":\"https:\\\/\\\/shop.bantam.ch\\\/de\\\/#\\\/schema\\\/logo\\\/image\\\/\"}}]}<\/script>\n<!-- \/ Yoast SEO plugin. -->","yoast_head_json":{"title":"Wandhaltung Caratec Flex CFW204A - Bantam","robots":{"index":"index","follow":"follow","max-snippet":"max-snippet:-1","max-image-preview":"max-image-preview:large","max-video-preview":"max-video-preview:-1"},"canonical":"https:\/\/shop.bantam.ch\/de\/produkt\/flex-tv-wandhalter-cfw-204a\/","og_locale":"de_DE","og_type":"article","og_title":"Wandhaltung Caratec Flex CFW204A - Bantam","og_description":"Caratec-Halterl\u00f6sungen zeichnen sich durch spezielle Schienen, Arretierm\u00f6glichkeiten und hohe Stabilit\u00e4t aus und sind so konstruiert, dass die Unterbringung des Monitors m\u00f6glichst wenig Platz beansprucht. Durch die sichere Arretierung bleibt der Monitor w\u00e4hrend der Fahrt fest an seinem Platz. Besonders leichter und stabiler Halter mit bis zu drei Drehpunkten. Verriegelbar, einfache Entriegelung mit Hebel. Material:Aluminium Wandabstand [&hellip;]","og_url":"https:\/\/shop.bantam.ch\/de\/produkt\/flex-tv-wandhalter-cfw-204a\/","og_site_name":"Bantam","article_modified_time":"2026-05-02T18:36:33+00:00","og_image":[{"width":1000,"height":521,"url":"https:\/\/shop.bantam.ch\/wp-content\/uploads\/2023\/02\/9980157-Caratec_Flex_TV-Wandhalter_CFW204A_2_Drehpunkte-Standard-02-2.jpg","type":"image\/jpeg"}],"twitter_card":"summary_large_image","schema":{"@context":"https:\/\/schema.org","@graph":[{"@type":"WebPage","@id":"https:\/\/shop.bantam.ch\/de\/produkt\/flex-tv-wandhalter-cfw-204a\/","url":"https:\/\/shop.bantam.ch\/de\/produkt\/flex-tv-wandhalter-cfw-204a\/","name":"Wandhaltung Caratec Flex CFW204A - Bantam","isPartOf":{"@id":"https:\/\/shop.bantam.ch\/de\/#website"},"primaryImageOfPage":{"@id":"https:\/\/shop.bantam.ch\/de\/produkt\/flex-tv-wandhalter-cfw-204a\/#primaryimage"},"image":{"@id":"https:\/\/shop.bantam.ch\/de\/produkt\/flex-tv-wandhalter-cfw-204a\/#primaryimage"},"thumbnailUrl":"https:\/\/shop.bantam.ch\/wp-content\/uploads\/2023\/02\/9980157-Caratec_Flex_TV-Wandhalter_CFW204A_2_Drehpunkte-Standard-02-2.jpg","datePublished":"2023-02-22T17:22:02+00:00","dateModified":"2026-05-02T18:36:33+00:00","breadcrumb":{"@id":"https:\/\/shop.bantam.ch\/de\/produkt\/flex-tv-wandhalter-cfw-204a\/#breadcrumb"},"inLanguage":"de","potentialAction":[{"@type":"ReadAction","target":["https:\/\/shop.bantam.ch\/de\/produkt\/flex-tv-wandhalter-cfw-204a\/"]}]},{"@type":"ImageObject","inLanguage":"de","@id":"https:\/\/shop.bantam.ch\/de\/produkt\/flex-tv-wandhalter-cfw-204a\/#primaryimage","url":"https:\/\/shop.bantam.ch\/wp-content\/uploads\/2023\/02\/9980157-Caratec_Flex_TV-Wandhalter_CFW204A_2_Drehpunkte-Standard-02-2.jpg","contentUrl":"https:\/\/shop.bantam.ch\/wp-content\/uploads\/2023\/02\/9980157-Caratec_Flex_TV-Wandhalter_CFW204A_2_Drehpunkte-Standard-02-2.jpg","width":1000,"height":521},{"@type":"BreadcrumbList","@id":"https:\/\/shop.bantam.ch\/de\/produkt\/flex-tv-wandhalter-cfw-204a\/#breadcrumb","itemListElement":[{"@type":"ListItem","position":1,"name":"Accueil","item":"https:\/\/shop.bantam.ch\/de\/"},{"@type":"ListItem","position":2,"name":"Shop","item":"https:\/\/shop.bantam.ch\/de\/shop\/"},{"@type":"ListItem","position":3,"name":"Wandhaltung Caratec Flex CFW204A"}]},{"@type":"WebSite","@id":"https:\/\/shop.bantam.ch\/de\/#website","url":"https:\/\/shop.bantam.ch\/de\/","name":"Bantam","description":"","publisher":{"@id":"https:\/\/shop.bantam.ch\/de\/#organization"},"inLanguage":"de"},{"@type":"Organization","@id":"https:\/\/shop.bantam.ch\/de\/#organization","name":"Bantam","url":"https:\/\/shop.bantam.ch\/de\/","logo":{"@type":"ImageObject","inLanguage":"de","@id":"https:\/\/shop.bantam.ch\/de\/#\/schema\/logo\/image\/","url":"https:\/\/shop.bantam.ch\/wp-content\/uploads\/2022\/12\/bantam-logo.png","contentUrl":"https:\/\/shop.bantam.ch\/wp-content\/uploads\/2022\/12\/bantam-logo.png","width":320,"height":71,"caption":"Bantam"},"image":{"@id":"https:\/\/shop.bantam.ch\/de\/#\/schema\/logo\/image\/"}}]}},"_links":{"self":[{"href":"https:\/\/shop.bantam.ch\/de\/wp-json\/wp\/v2\/product\/32394","targetHints":{"allow":["GET"]}}],"collection":[{"href":"https:\/\/shop.bantam.ch\/de\/wp-json\/wp\/v2\/product"}],"about":[{"href":"https:\/\/shop.bantam.ch\/de\/wp-json\/wp\/v2\/types\/product"}],"wp:featuredmedia":[{"embeddable":true,"href":"https:\/\/shop.bantam.ch\/de\/wp-json\/wp\/v2\/media\/32388"}],"wp:attachment":[{"href":"https:\/\/shop.bantam.ch\/de\/wp-json\/wp\/v2\/media?parent=32394"}],"wp:term":[{"taxonomy":"product_featured_cat","embeddable":true,"href":"https:\/\/shop.bantam.ch\/de\/wp-json\/wp\/v2\/product_featured_cat?post=32394"},{"taxonomy":"product_brand","embeddable":true,"href":"https:\/\/shop.bantam.ch\/de\/wp-json\/wp\/v2\/product_brand?post=32394"},{"taxonomy":"product_cat","embeddable":true,"href":"https:\/\/shop.bantam.ch\/de\/wp-json\/wp\/v2\/product_cat?post=32394"},{"taxonomy":"product_tag","embeddable":true,"href":"https:\/\/shop.bantam.ch\/de\/wp-json\/wp\/v2\/product_tag?post=32394"}],"curies":[{"name":"wp","href":"https:\/\/api.w.org\/{rel}","templated":true}]}}