{"id":32360,"date":"2023-02-22T18:21:22","date_gmt":"2023-02-22T17:21:22","guid":{"rendered":"http:\/\/preprod-dev.sh1.hidora.com\/webshop\/produit\/campingkoffer-hd-mobile-sat-anlage\/"},"modified":"2026-04-18T20:36:39","modified_gmt":"2026-04-18T18:36:39","slug":"campingkoffer-hd-mobile-sat-anlage","status":"publish","type":"product","link":"https:\/\/shop.bantam.ch\/de\/produkt\/campingkoffer-hd-mobile-sat-anlage\/","title":{"rendered":"Satanlage HD Mobil Megasat"},"content":{"rendered":"<p>Bestehend aus einem Satellitenspiegel mit einem Durchmesser von 40 cm, sowie verschiedenen Befestigungsm\u00f6glichkeiten. Der Saugfu\u00df garantiert eine feste und sichere Montage des Spiegels auf allen glatten Oberfl\u00e4chen. Kann dieser nicht angebracht werden, nutzen Sie einfach die Masthalterung zur Befestigung an einem Satmast.<br \/>Mit zus\u00e4tzlichem HD Satellitenreceiver (DVB-S2), Single-LNB und 10 m Koaxialkabel inkl. F-Stecker.<\/p>\n","protected":false},"excerpt":{"rendered":"<p>Bestehend aus einem Satellitenspiegel mit einem Durchmesser von 40 cm, sowie verschiedenen Befestigungsm\u00f6glichkeiten. Der Saugfu\u00df garantiert eine feste und sichere Montage des Spiegels auf allen glatten Oberfl\u00e4chen. Kann dieser nicht angebracht werden, nutzen Sie einfach die Masthalterung zur Befestigung an einem Satmast.Mit zus\u00e4tzlichem HD Satellitenreceiver (DVB-S2), Single-LNB und 10 m Koaxialkabel inkl. F-Stecker.<\/p>\n","protected":false},"featured_media":32356,"template":"","meta":{"_acf_changed":false},"product_featured_cat":[],"product_brand":[3201],"product_cat":[4524],"product_tag":[],"class_list":{"0":"post-32360","1":"product","2":"type-product","3":"status-publish","4":"has-post-thumbnail","6":"product_brand-megasat-de","7":"product_cat-sat-anlagen","9":"first","10":"instock","11":"taxable","12":"shipping-taxable","13":"purchasable","14":"product-type-simple"},"acf":[],"yoast_head":"<!-- This site is optimized with the Yoast SEO plugin v27.4 - https:\/\/yoast.com\/product\/yoast-seo-wordpress\/ -->\n<title>Satanlage HD Mobil Megasat - Bantam Camping AG<\/title>\n<meta name=\"robots\" content=\"index, follow, max-snippet:-1, max-image-preview:large, max-video-preview:-1\" \/>\n<link rel=\"canonical\" href=\"https:\/\/shop.bantam.ch\/de\/produkt\/campingkoffer-hd-mobile-sat-anlage\/\" \/>\n<meta property=\"og:locale\" content=\"de_DE\" \/>\n<meta property=\"og:type\" content=\"article\" \/>\n<meta property=\"og:title\" content=\"Satanlage HD Mobil Megasat - Bantam Camping AG\" \/>\n<meta property=\"og:description\" content=\"Bestehend aus einem Satellitenspiegel mit einem Durchmesser von 40 cm, sowie verschiedenen Befestigungsm\u00f6glichkeiten. Der Saugfu\u00df garantiert eine feste und sichere Montage des Spiegels auf allen glatten Oberfl\u00e4chen. Kann dieser nicht angebracht werden, nutzen Sie einfach die Masthalterung zur Befestigung an einem Satmast.Mit zus\u00e4tzlichem HD Satellitenreceiver (DVB-S2), Single-LNB und 10 m Koaxialkabel inkl. F-Stecker.\" \/>\n<meta property=\"og:url\" content=\"https:\/\/shop.bantam.ch\/de\/produkt\/campingkoffer-hd-mobile-sat-anlage\/\" \/>\n<meta property=\"og:site_name\" content=\"Bantam Camping AG\" \/>\n<meta property=\"article:modified_time\" content=\"2026-04-18T18:36:39+00:00\" \/>\n<meta property=\"og:image\" content=\"https:\/\/shop.bantam.ch\/wp-content\/uploads\/2023\/02\/998395411KqnLvFVQfCnjG-2.jpg\" \/>\n\t<meta property=\"og:image:width\" content=\"1280\" \/>\n\t<meta property=\"og:image:height\" content=\"1384\" \/>\n\t<meta property=\"og:image:type\" content=\"image\/jpeg\" \/>\n<meta name=\"twitter:card\" content=\"summary_large_image\" \/>\n<script type=\"application\/ld+json\" class=\"yoast-schema-graph\">{\"@context\":\"https:\\\/\\\/schema.org\",\"@graph\":[{\"@type\":\"WebPage\",\"@id\":\"https:\\\/\\\/shop.bantam.ch\\\/de\\\/produkt\\\/campingkoffer-hd-mobile-sat-anlage\\\/\",\"url\":\"https:\\\/\\\/shop.bantam.ch\\\/de\\\/produkt\\\/campingkoffer-hd-mobile-sat-anlage\\\/\",\"name\":\"Satanlage HD Mobil Megasat - Bantam Camping AG\",\"isPartOf\":{\"@id\":\"https:\\\/\\\/shop.bantam.ch\\\/de\\\/#website\"},\"primaryImageOfPage\":{\"@id\":\"https:\\\/\\\/shop.bantam.ch\\\/de\\\/produkt\\\/campingkoffer-hd-mobile-sat-anlage\\\/#primaryimage\"},\"image\":{\"@id\":\"https:\\\/\\\/shop.bantam.ch\\\/de\\\/produkt\\\/campingkoffer-hd-mobile-sat-anlage\\\/#primaryimage\"},\"thumbnailUrl\":\"https:\\\/\\\/shop.bantam.ch\\\/wp-content\\\/uploads\\\/2023\\\/02\\\/998395411KqnLvFVQfCnjG-2.jpg\",\"datePublished\":\"2023-02-22T17:21:22+00:00\",\"dateModified\":\"2026-04-18T18:36:39+00:00\",\"breadcrumb\":{\"@id\":\"https:\\\/\\\/shop.bantam.ch\\\/de\\\/produkt\\\/campingkoffer-hd-mobile-sat-anlage\\\/#breadcrumb\"},\"inLanguage\":\"de\",\"potentialAction\":[{\"@type\":\"ReadAction\",\"target\":[\"https:\\\/\\\/shop.bantam.ch\\\/de\\\/produkt\\\/campingkoffer-hd-mobile-sat-anlage\\\/\"]}]},{\"@type\":\"ImageObject\",\"inLanguage\":\"de\",\"@id\":\"https:\\\/\\\/shop.bantam.ch\\\/de\\\/produkt\\\/campingkoffer-hd-mobile-sat-anlage\\\/#primaryimage\",\"url\":\"https:\\\/\\\/shop.bantam.ch\\\/wp-content\\\/uploads\\\/2023\\\/02\\\/998395411KqnLvFVQfCnjG-2.jpg\",\"contentUrl\":\"https:\\\/\\\/shop.bantam.ch\\\/wp-content\\\/uploads\\\/2023\\\/02\\\/998395411KqnLvFVQfCnjG-2.jpg\",\"width\":1280,\"height\":1384},{\"@type\":\"BreadcrumbList\",\"@id\":\"https:\\\/\\\/shop.bantam.ch\\\/de\\\/produkt\\\/campingkoffer-hd-mobile-sat-anlage\\\/#breadcrumb\",\"itemListElement\":[{\"@type\":\"ListItem\",\"position\":1,\"name\":\"Accueil\",\"item\":\"https:\\\/\\\/shop.bantam.ch\\\/de\\\/\"},{\"@type\":\"ListItem\",\"position\":2,\"name\":\"Shop\",\"item\":\"https:\\\/\\\/shop.bantam.ch\\\/de\\\/shop\\\/\"},{\"@type\":\"ListItem\",\"position\":3,\"name\":\"Satanlage HD Mobil Megasat\"}]},{\"@type\":\"WebSite\",\"@id\":\"https:\\\/\\\/shop.bantam.ch\\\/de\\\/#website\",\"url\":\"https:\\\/\\\/shop.bantam.ch\\\/de\\\/\",\"name\":\"Bantam Camping AG\",\"description\":\"\",\"publisher\":{\"@id\":\"https:\\\/\\\/shop.bantam.ch\\\/de\\\/#organization\"},\"inLanguage\":\"de\"},{\"@type\":\"Organization\",\"@id\":\"https:\\\/\\\/shop.bantam.ch\\\/de\\\/#organization\",\"name\":\"Bantam Camping AG\",\"url\":\"https:\\\/\\\/shop.bantam.ch\\\/de\\\/\",\"logo\":{\"@type\":\"ImageObject\",\"inLanguage\":\"de\",\"@id\":\"https:\\\/\\\/shop.bantam.ch\\\/de\\\/#\\\/schema\\\/logo\\\/image\\\/\",\"url\":\"https:\\\/\\\/shop.bantam.ch\\\/wp-content\\\/uploads\\\/2022\\\/12\\\/bantam-logo.png\",\"contentUrl\":\"https:\\\/\\\/shop.bantam.ch\\\/wp-content\\\/uploads\\\/2022\\\/12\\\/bantam-logo.png\",\"width\":320,\"height\":71,\"caption\":\"Bantam Camping AG\"},\"image\":{\"@id\":\"https:\\\/\\\/shop.bantam.ch\\\/de\\\/#\\\/schema\\\/logo\\\/image\\\/\"}}]}<\/script>\n<!-- \/ Yoast SEO plugin. -->","yoast_head_json":{"title":"Satanlage HD Mobil Megasat - Bantam Camping AG","robots":{"index":"index","follow":"follow","max-snippet":"max-snippet:-1","max-image-preview":"max-image-preview:large","max-video-preview":"max-video-preview:-1"},"canonical":"https:\/\/shop.bantam.ch\/de\/produkt\/campingkoffer-hd-mobile-sat-anlage\/","og_locale":"de_DE","og_type":"article","og_title":"Satanlage HD Mobil Megasat - Bantam Camping AG","og_description":"Bestehend aus einem Satellitenspiegel mit einem Durchmesser von 40 cm, sowie verschiedenen Befestigungsm\u00f6glichkeiten. Der Saugfu\u00df garantiert eine feste und sichere Montage des Spiegels auf allen glatten Oberfl\u00e4chen. Kann dieser nicht angebracht werden, nutzen Sie einfach die Masthalterung zur Befestigung an einem Satmast.Mit zus\u00e4tzlichem HD Satellitenreceiver (DVB-S2), Single-LNB und 10 m Koaxialkabel inkl. F-Stecker.","og_url":"https:\/\/shop.bantam.ch\/de\/produkt\/campingkoffer-hd-mobile-sat-anlage\/","og_site_name":"Bantam Camping AG","article_modified_time":"2026-04-18T18:36:39+00:00","og_image":[{"width":1280,"height":1384,"url":"https:\/\/shop.bantam.ch\/wp-content\/uploads\/2023\/02\/998395411KqnLvFVQfCnjG-2.jpg","type":"image\/jpeg"}],"twitter_card":"summary_large_image","schema":{"@context":"https:\/\/schema.org","@graph":[{"@type":"WebPage","@id":"https:\/\/shop.bantam.ch\/de\/produkt\/campingkoffer-hd-mobile-sat-anlage\/","url":"https:\/\/shop.bantam.ch\/de\/produkt\/campingkoffer-hd-mobile-sat-anlage\/","name":"Satanlage HD Mobil Megasat - Bantam Camping AG","isPartOf":{"@id":"https:\/\/shop.bantam.ch\/de\/#website"},"primaryImageOfPage":{"@id":"https:\/\/shop.bantam.ch\/de\/produkt\/campingkoffer-hd-mobile-sat-anlage\/#primaryimage"},"image":{"@id":"https:\/\/shop.bantam.ch\/de\/produkt\/campingkoffer-hd-mobile-sat-anlage\/#primaryimage"},"thumbnailUrl":"https:\/\/shop.bantam.ch\/wp-content\/uploads\/2023\/02\/998395411KqnLvFVQfCnjG-2.jpg","datePublished":"2023-02-22T17:21:22+00:00","dateModified":"2026-04-18T18:36:39+00:00","breadcrumb":{"@id":"https:\/\/shop.bantam.ch\/de\/produkt\/campingkoffer-hd-mobile-sat-anlage\/#breadcrumb"},"inLanguage":"de","potentialAction":[{"@type":"ReadAction","target":["https:\/\/shop.bantam.ch\/de\/produkt\/campingkoffer-hd-mobile-sat-anlage\/"]}]},{"@type":"ImageObject","inLanguage":"de","@id":"https:\/\/shop.bantam.ch\/de\/produkt\/campingkoffer-hd-mobile-sat-anlage\/#primaryimage","url":"https:\/\/shop.bantam.ch\/wp-content\/uploads\/2023\/02\/998395411KqnLvFVQfCnjG-2.jpg","contentUrl":"https:\/\/shop.bantam.ch\/wp-content\/uploads\/2023\/02\/998395411KqnLvFVQfCnjG-2.jpg","width":1280,"height":1384},{"@type":"BreadcrumbList","@id":"https:\/\/shop.bantam.ch\/de\/produkt\/campingkoffer-hd-mobile-sat-anlage\/#breadcrumb","itemListElement":[{"@type":"ListItem","position":1,"name":"Accueil","item":"https:\/\/shop.bantam.ch\/de\/"},{"@type":"ListItem","position":2,"name":"Shop","item":"https:\/\/shop.bantam.ch\/de\/shop\/"},{"@type":"ListItem","position":3,"name":"Satanlage HD Mobil Megasat"}]},{"@type":"WebSite","@id":"https:\/\/shop.bantam.ch\/de\/#website","url":"https:\/\/shop.bantam.ch\/de\/","name":"Bantam Camping AG","description":"","publisher":{"@id":"https:\/\/shop.bantam.ch\/de\/#organization"},"inLanguage":"de"},{"@type":"Organization","@id":"https:\/\/shop.bantam.ch\/de\/#organization","name":"Bantam Camping AG","url":"https:\/\/shop.bantam.ch\/de\/","logo":{"@type":"ImageObject","inLanguage":"de","@id":"https:\/\/shop.bantam.ch\/de\/#\/schema\/logo\/image\/","url":"https:\/\/shop.bantam.ch\/wp-content\/uploads\/2022\/12\/bantam-logo.png","contentUrl":"https:\/\/shop.bantam.ch\/wp-content\/uploads\/2022\/12\/bantam-logo.png","width":320,"height":71,"caption":"Bantam Camping AG"},"image":{"@id":"https:\/\/shop.bantam.ch\/de\/#\/schema\/logo\/image\/"}}]}},"_links":{"self":[{"href":"https:\/\/shop.bantam.ch\/de\/wp-json\/wp\/v2\/product\/32360","targetHints":{"allow":["GET"]}}],"collection":[{"href":"https:\/\/shop.bantam.ch\/de\/wp-json\/wp\/v2\/product"}],"about":[{"href":"https:\/\/shop.bantam.ch\/de\/wp-json\/wp\/v2\/types\/product"}],"wp:featuredmedia":[{"embeddable":true,"href":"https:\/\/shop.bantam.ch\/de\/wp-json\/wp\/v2\/media\/32356"}],"wp:attachment":[{"href":"https:\/\/shop.bantam.ch\/de\/wp-json\/wp\/v2\/media?parent=32360"}],"wp:term":[{"taxonomy":"product_featured_cat","embeddable":true,"href":"https:\/\/shop.bantam.ch\/de\/wp-json\/wp\/v2\/product_featured_cat?post=32360"},{"taxonomy":"product_brand","embeddable":true,"href":"https:\/\/shop.bantam.ch\/de\/wp-json\/wp\/v2\/product_brand?post=32360"},{"taxonomy":"product_cat","embeddable":true,"href":"https:\/\/shop.bantam.ch\/de\/wp-json\/wp\/v2\/product_cat?post=32360"},{"taxonomy":"product_tag","embeddable":true,"href":"https:\/\/shop.bantam.ch\/de\/wp-json\/wp\/v2\/product_tag?post=32360"}],"curies":[{"name":"wp","href":"https:\/\/api.w.org\/{rel}","templated":true}]}}