{"id":32048,"date":"2023-02-22T18:14:57","date_gmt":"2023-02-22T17:14:57","guid":{"rendered":"http:\/\/preprod-dev.sh1.hidora.com\/webshop\/produit\/uv-12-entkeimungsgeraet-mit-tauchstrahler\/"},"modified":"2026-04-17T20:35:47","modified_gmt":"2026-04-17T18:35:47","slug":"uv-12-entkeimungsgeraet-mit-tauchstrahler","status":"publish","type":"product","link":"https:\/\/shop.bantam.ch\/de\/produkt\/uv-12-entkeimungsgeraet-mit-tauchstrahler\/","title":{"rendered":"UV &#8211; 12 Entkeimungsger\u00e4t"},"content":{"rendered":"<p>Aufbewahrung von Trinkwasser f\u00fchrt innerhalb weniger Tage zur Verkeimung. Bakterien bilden sich und schaden Ihrer Gesundheit. Die beste Gegenma\u00dfnahme hierf\u00fcr sind UV-Strahler, deren Wirkung auf der Zerst\u00f6rung der Erbinformations\u00fcbermittlung bei der Zellteilung beruht. Als Folge davon sterben Bakterien ab.<br \/>\nDer REICH UV12 Tauchstrahler folgt diesem Prinzip. Er besteht aus einem von Spezial-Quarzglas umh\u00fcllten Tauchrohr sowie einem elektronischen Vorschaltger\u00e4t, das zur Steuerung der Leistungsversorgung dient. Wasserdichte Stromanschl\u00fcsse und kompakte Ma\u00dfe erlauben einen Einsatz als Tauchstrahler in Frischwassertanks.<br \/>\nIn Betrieb, wird der Tauchstrahler vom elektronischen Vorschaltger\u00e4t alle 4 Stunden f\u00fcr 15 Minuten eingeschaltet. Diese kurze Zeit reicht aus, um die Erbinformations\u00fcbermittlung bei der Zellteilung zu st\u00f6ren und Bakterien dadurch absterben zu lassen. Dank besonders energiesparender Arbeitsweise kann der Tauchstrahler auch \u00fcber eine Solar-anlage betrieben werden. Der Einbau des UV12 Tauchstrahlers von Reich ist unkompliziert und kann auch leicht selbst vorgenommen werden.<br \/>\nDurch den Tankdeckel oder Tank wird einfach ein Loch von 20,5 mm Durchmesser gebohrt und eine Verschraubung angebracht. Durch diese wird das Versorgungskabel des Tauchstrahlers gef\u00fchrt und der Tauchstrahler selbst wird an diesem Kabel bis auf den Tankboden abgesenkt. Anschlie\u00dfend wird der Tankdeckel und die Verschraubung festgezogen. Jetzt muss nur noch das Versorgungskabel des Tauchstrahlers sowie ein 12-V-Versorgungskabel vom Bordnetz mit dem Vorschaltger\u00e4t verbunden werden &#8211; fertig. Die Entkeimungsleis-tung des REICH UV12 Tauchstrahlers wurde vom<br \/>\nHygieneinstitut der Universit\u00e4t Heidelberg gepr\u00fcft.<\/p>\n<p><strong>Achtung: Bei Verwendung eines elektrischen Tankinhaltsmessers ist die Trockenabschaltung unter Umst\u00e4nden nicht gew\u00e4hrleistet!<\/strong><\/p>\n<ul>\n<li>Anschlusskabel: 3 m<\/li>\n<li>Temperaturbereich: -5 \u00b0C bis +50 \u00b0C<\/li>\n<li>Betriebslage: beliebig<\/li>\n<li>Spannung: 10 &#8211; 15 V<\/li>\n<li>Leistung: 12 W<\/li>\n<li>Ma\u00dfe: 25 x 7,5 x 7,5 cm (L x B x H)<\/li>\n<\/ul>\n","protected":false},"excerpt":{"rendered":"<p>Aufbewahrung von Trinkwasser f\u00fchrt innerhalb weniger Tage zur Verkeimung. Bakterien bilden sich und schaden Ihrer Gesundheit. Die beste Gegenma\u00dfnahme hierf\u00fcr sind UV-Strahler, deren Wirkung auf der Zerst\u00f6rung der Erbinformations\u00fcbermittlung bei der Zellteilung beruht. Als Folge davon sterben Bakterien ab. Der REICH UV12 Tauchstrahler folgt diesem Prinzip. Er besteht aus einem von Spezial-Quarzglas umh\u00fcllten Tauchrohr sowie [&hellip;]<\/p>\n","protected":false},"featured_media":32046,"template":"","meta":{"_acf_changed":false},"product_featured_cat":[],"product_brand":[3113],"product_cat":[4614],"product_tag":[],"class_list":{"0":"post-32048","1":"product","2":"type-product","3":"status-publish","4":"has-post-thumbnail","6":"product_brand-reich-de","7":"product_cat-wasserentkeimung","9":"first","10":"instock","11":"taxable","12":"shipping-taxable","13":"purchasable","14":"product-type-simple"},"acf":[],"yoast_head":"<!-- This site is optimized with the Yoast SEO plugin v27.4 - https:\/\/yoast.com\/product\/yoast-seo-wordpress\/ -->\n<title>UV - 12 Entkeimungsger\u00e4t - Bantam Camping AG<\/title>\n<meta name=\"robots\" content=\"index, follow, max-snippet:-1, max-image-preview:large, max-video-preview:-1\" \/>\n<link rel=\"canonical\" href=\"https:\/\/shop.bantam.ch\/de\/produkt\/uv-12-entkeimungsgeraet-mit-tauchstrahler\/\" \/>\n<meta property=\"og:locale\" content=\"de_DE\" \/>\n<meta property=\"og:type\" content=\"article\" \/>\n<meta property=\"og:title\" content=\"UV - 12 Entkeimungsger\u00e4t - Bantam Camping AG\" \/>\n<meta property=\"og:description\" content=\"Aufbewahrung von Trinkwasser f\u00fchrt innerhalb weniger Tage zur Verkeimung. Bakterien bilden sich und schaden Ihrer Gesundheit. Die beste Gegenma\u00dfnahme hierf\u00fcr sind UV-Strahler, deren Wirkung auf der Zerst\u00f6rung der Erbinformations\u00fcbermittlung bei der Zellteilung beruht. Als Folge davon sterben Bakterien ab. Der REICH UV12 Tauchstrahler folgt diesem Prinzip. Er besteht aus einem von Spezial-Quarzglas umh\u00fcllten Tauchrohr sowie [&hellip;]\" \/>\n<meta property=\"og:url\" content=\"https:\/\/shop.bantam.ch\/de\/produkt\/uv-12-entkeimungsgeraet-mit-tauchstrahler\/\" \/>\n<meta property=\"og:site_name\" content=\"Bantam Camping AG\" \/>\n<meta property=\"article:modified_time\" content=\"2026-04-17T18:35:47+00:00\" \/>\n<meta property=\"og:image\" content=\"https:\/\/shop.bantam.ch\/wp-content\/uploads\/2023\/02\/9945840-UV-12_Entkeimungsgeraet-Standard-01-2.jpg\" \/>\n\t<meta property=\"og:image:width\" content=\"1000\" \/>\n\t<meta property=\"og:image:height\" content=\"782\" \/>\n\t<meta property=\"og:image:type\" content=\"image\/jpeg\" \/>\n<meta name=\"twitter:card\" content=\"summary_large_image\" \/>\n<meta name=\"twitter:label1\" content=\"Gesch\u00e4tzte Lesezeit\" \/>\n\t<meta name=\"twitter:data1\" content=\"1\u00a0Minute\" \/>\n<script type=\"application\/ld+json\" class=\"yoast-schema-graph\">{\"@context\":\"https:\\\/\\\/schema.org\",\"@graph\":[{\"@type\":\"WebPage\",\"@id\":\"https:\\\/\\\/shop.bantam.ch\\\/de\\\/produkt\\\/uv-12-entkeimungsgeraet-mit-tauchstrahler\\\/\",\"url\":\"https:\\\/\\\/shop.bantam.ch\\\/de\\\/produkt\\\/uv-12-entkeimungsgeraet-mit-tauchstrahler\\\/\",\"name\":\"UV - 12 Entkeimungsger\u00e4t - Bantam Camping AG\",\"isPartOf\":{\"@id\":\"https:\\\/\\\/shop.bantam.ch\\\/de\\\/#website\"},\"primaryImageOfPage\":{\"@id\":\"https:\\\/\\\/shop.bantam.ch\\\/de\\\/produkt\\\/uv-12-entkeimungsgeraet-mit-tauchstrahler\\\/#primaryimage\"},\"image\":{\"@id\":\"https:\\\/\\\/shop.bantam.ch\\\/de\\\/produkt\\\/uv-12-entkeimungsgeraet-mit-tauchstrahler\\\/#primaryimage\"},\"thumbnailUrl\":\"https:\\\/\\\/shop.bantam.ch\\\/wp-content\\\/uploads\\\/2023\\\/02\\\/9945840-UV-12_Entkeimungsgeraet-Standard-01-2.jpg\",\"datePublished\":\"2023-02-22T17:14:57+00:00\",\"dateModified\":\"2026-04-17T18:35:47+00:00\",\"breadcrumb\":{\"@id\":\"https:\\\/\\\/shop.bantam.ch\\\/de\\\/produkt\\\/uv-12-entkeimungsgeraet-mit-tauchstrahler\\\/#breadcrumb\"},\"inLanguage\":\"de\",\"potentialAction\":[{\"@type\":\"ReadAction\",\"target\":[\"https:\\\/\\\/shop.bantam.ch\\\/de\\\/produkt\\\/uv-12-entkeimungsgeraet-mit-tauchstrahler\\\/\"]}]},{\"@type\":\"ImageObject\",\"inLanguage\":\"de\",\"@id\":\"https:\\\/\\\/shop.bantam.ch\\\/de\\\/produkt\\\/uv-12-entkeimungsgeraet-mit-tauchstrahler\\\/#primaryimage\",\"url\":\"https:\\\/\\\/shop.bantam.ch\\\/wp-content\\\/uploads\\\/2023\\\/02\\\/9945840-UV-12_Entkeimungsgeraet-Standard-01-2.jpg\",\"contentUrl\":\"https:\\\/\\\/shop.bantam.ch\\\/wp-content\\\/uploads\\\/2023\\\/02\\\/9945840-UV-12_Entkeimungsgeraet-Standard-01-2.jpg\",\"width\":1000,\"height\":782},{\"@type\":\"BreadcrumbList\",\"@id\":\"https:\\\/\\\/shop.bantam.ch\\\/de\\\/produkt\\\/uv-12-entkeimungsgeraet-mit-tauchstrahler\\\/#breadcrumb\",\"itemListElement\":[{\"@type\":\"ListItem\",\"position\":1,\"name\":\"Accueil\",\"item\":\"https:\\\/\\\/shop.bantam.ch\\\/de\\\/\"},{\"@type\":\"ListItem\",\"position\":2,\"name\":\"Shop\",\"item\":\"https:\\\/\\\/shop.bantam.ch\\\/de\\\/shop\\\/\"},{\"@type\":\"ListItem\",\"position\":3,\"name\":\"UV &#8211; 12 Entkeimungsger\u00e4t\"}]},{\"@type\":\"WebSite\",\"@id\":\"https:\\\/\\\/shop.bantam.ch\\\/de\\\/#website\",\"url\":\"https:\\\/\\\/shop.bantam.ch\\\/de\\\/\",\"name\":\"Bantam Camping AG\",\"description\":\"\",\"publisher\":{\"@id\":\"https:\\\/\\\/shop.bantam.ch\\\/de\\\/#organization\"},\"inLanguage\":\"de\"},{\"@type\":\"Organization\",\"@id\":\"https:\\\/\\\/shop.bantam.ch\\\/de\\\/#organization\",\"name\":\"Bantam Camping AG\",\"url\":\"https:\\\/\\\/shop.bantam.ch\\\/de\\\/\",\"logo\":{\"@type\":\"ImageObject\",\"inLanguage\":\"de\",\"@id\":\"https:\\\/\\\/shop.bantam.ch\\\/de\\\/#\\\/schema\\\/logo\\\/image\\\/\",\"url\":\"https:\\\/\\\/shop.bantam.ch\\\/wp-content\\\/uploads\\\/2022\\\/12\\\/bantam-logo.png\",\"contentUrl\":\"https:\\\/\\\/shop.bantam.ch\\\/wp-content\\\/uploads\\\/2022\\\/12\\\/bantam-logo.png\",\"width\":320,\"height\":71,\"caption\":\"Bantam Camping AG\"},\"image\":{\"@id\":\"https:\\\/\\\/shop.bantam.ch\\\/de\\\/#\\\/schema\\\/logo\\\/image\\\/\"}}]}<\/script>\n<!-- \/ Yoast SEO plugin. -->","yoast_head_json":{"title":"UV - 12 Entkeimungsger\u00e4t - Bantam Camping AG","robots":{"index":"index","follow":"follow","max-snippet":"max-snippet:-1","max-image-preview":"max-image-preview:large","max-video-preview":"max-video-preview:-1"},"canonical":"https:\/\/shop.bantam.ch\/de\/produkt\/uv-12-entkeimungsgeraet-mit-tauchstrahler\/","og_locale":"de_DE","og_type":"article","og_title":"UV - 12 Entkeimungsger\u00e4t - Bantam Camping AG","og_description":"Aufbewahrung von Trinkwasser f\u00fchrt innerhalb weniger Tage zur Verkeimung. Bakterien bilden sich und schaden Ihrer Gesundheit. Die beste Gegenma\u00dfnahme hierf\u00fcr sind UV-Strahler, deren Wirkung auf der Zerst\u00f6rung der Erbinformations\u00fcbermittlung bei der Zellteilung beruht. Als Folge davon sterben Bakterien ab. Der REICH UV12 Tauchstrahler folgt diesem Prinzip. Er besteht aus einem von Spezial-Quarzglas umh\u00fcllten Tauchrohr sowie [&hellip;]","og_url":"https:\/\/shop.bantam.ch\/de\/produkt\/uv-12-entkeimungsgeraet-mit-tauchstrahler\/","og_site_name":"Bantam Camping AG","article_modified_time":"2026-04-17T18:35:47+00:00","og_image":[{"width":1000,"height":782,"url":"https:\/\/shop.bantam.ch\/wp-content\/uploads\/2023\/02\/9945840-UV-12_Entkeimungsgeraet-Standard-01-2.jpg","type":"image\/jpeg"}],"twitter_card":"summary_large_image","twitter_misc":{"Gesch\u00e4tzte Lesezeit":"1\u00a0Minute"},"schema":{"@context":"https:\/\/schema.org","@graph":[{"@type":"WebPage","@id":"https:\/\/shop.bantam.ch\/de\/produkt\/uv-12-entkeimungsgeraet-mit-tauchstrahler\/","url":"https:\/\/shop.bantam.ch\/de\/produkt\/uv-12-entkeimungsgeraet-mit-tauchstrahler\/","name":"UV - 12 Entkeimungsger\u00e4t - Bantam Camping AG","isPartOf":{"@id":"https:\/\/shop.bantam.ch\/de\/#website"},"primaryImageOfPage":{"@id":"https:\/\/shop.bantam.ch\/de\/produkt\/uv-12-entkeimungsgeraet-mit-tauchstrahler\/#primaryimage"},"image":{"@id":"https:\/\/shop.bantam.ch\/de\/produkt\/uv-12-entkeimungsgeraet-mit-tauchstrahler\/#primaryimage"},"thumbnailUrl":"https:\/\/shop.bantam.ch\/wp-content\/uploads\/2023\/02\/9945840-UV-12_Entkeimungsgeraet-Standard-01-2.jpg","datePublished":"2023-02-22T17:14:57+00:00","dateModified":"2026-04-17T18:35:47+00:00","breadcrumb":{"@id":"https:\/\/shop.bantam.ch\/de\/produkt\/uv-12-entkeimungsgeraet-mit-tauchstrahler\/#breadcrumb"},"inLanguage":"de","potentialAction":[{"@type":"ReadAction","target":["https:\/\/shop.bantam.ch\/de\/produkt\/uv-12-entkeimungsgeraet-mit-tauchstrahler\/"]}]},{"@type":"ImageObject","inLanguage":"de","@id":"https:\/\/shop.bantam.ch\/de\/produkt\/uv-12-entkeimungsgeraet-mit-tauchstrahler\/#primaryimage","url":"https:\/\/shop.bantam.ch\/wp-content\/uploads\/2023\/02\/9945840-UV-12_Entkeimungsgeraet-Standard-01-2.jpg","contentUrl":"https:\/\/shop.bantam.ch\/wp-content\/uploads\/2023\/02\/9945840-UV-12_Entkeimungsgeraet-Standard-01-2.jpg","width":1000,"height":782},{"@type":"BreadcrumbList","@id":"https:\/\/shop.bantam.ch\/de\/produkt\/uv-12-entkeimungsgeraet-mit-tauchstrahler\/#breadcrumb","itemListElement":[{"@type":"ListItem","position":1,"name":"Accueil","item":"https:\/\/shop.bantam.ch\/de\/"},{"@type":"ListItem","position":2,"name":"Shop","item":"https:\/\/shop.bantam.ch\/de\/shop\/"},{"@type":"ListItem","position":3,"name":"UV &#8211; 12 Entkeimungsger\u00e4t"}]},{"@type":"WebSite","@id":"https:\/\/shop.bantam.ch\/de\/#website","url":"https:\/\/shop.bantam.ch\/de\/","name":"Bantam Camping AG","description":"","publisher":{"@id":"https:\/\/shop.bantam.ch\/de\/#organization"},"inLanguage":"de"},{"@type":"Organization","@id":"https:\/\/shop.bantam.ch\/de\/#organization","name":"Bantam Camping AG","url":"https:\/\/shop.bantam.ch\/de\/","logo":{"@type":"ImageObject","inLanguage":"de","@id":"https:\/\/shop.bantam.ch\/de\/#\/schema\/logo\/image\/","url":"https:\/\/shop.bantam.ch\/wp-content\/uploads\/2022\/12\/bantam-logo.png","contentUrl":"https:\/\/shop.bantam.ch\/wp-content\/uploads\/2022\/12\/bantam-logo.png","width":320,"height":71,"caption":"Bantam Camping AG"},"image":{"@id":"https:\/\/shop.bantam.ch\/de\/#\/schema\/logo\/image\/"}}]}},"_links":{"self":[{"href":"https:\/\/shop.bantam.ch\/de\/wp-json\/wp\/v2\/product\/32048","targetHints":{"allow":["GET"]}}],"collection":[{"href":"https:\/\/shop.bantam.ch\/de\/wp-json\/wp\/v2\/product"}],"about":[{"href":"https:\/\/shop.bantam.ch\/de\/wp-json\/wp\/v2\/types\/product"}],"wp:featuredmedia":[{"embeddable":true,"href":"https:\/\/shop.bantam.ch\/de\/wp-json\/wp\/v2\/media\/32046"}],"wp:attachment":[{"href":"https:\/\/shop.bantam.ch\/de\/wp-json\/wp\/v2\/media?parent=32048"}],"wp:term":[{"taxonomy":"product_featured_cat","embeddable":true,"href":"https:\/\/shop.bantam.ch\/de\/wp-json\/wp\/v2\/product_featured_cat?post=32048"},{"taxonomy":"product_brand","embeddable":true,"href":"https:\/\/shop.bantam.ch\/de\/wp-json\/wp\/v2\/product_brand?post=32048"},{"taxonomy":"product_cat","embeddable":true,"href":"https:\/\/shop.bantam.ch\/de\/wp-json\/wp\/v2\/product_cat?post=32048"},{"taxonomy":"product_tag","embeddable":true,"href":"https:\/\/shop.bantam.ch\/de\/wp-json\/wp\/v2\/product_tag?post=32048"}],"curies":[{"name":"wp","href":"https:\/\/api.w.org\/{rel}","templated":true}]}}